{"id":987527837,"date":"2025-06-15T10:08:19","date_gmt":"2025-06-15T02:08:19","guid":{"rendered":"https:\/\/craftygenesindonesia.com\/shop\/non%20class\u00e9\/queue-de-sirene\/"},"modified":"2026-03-18T19:15:29","modified_gmt":"2026-03-18T11:15:29","slug":"queue-de-sirene","status":"publish","type":"product","link":"https:\/\/craftygenesindonesia.com\/fr\/shop\/robes-de-poupee\/queue-de-sirene\/","title":{"rendered":"Queue de sir\u00e8ne"},"content":{"rendered":"<p>Cette queue est r\u00e9alis\u00e9e avec un fil de type \u00ab FINGERING \u00bb et un crochet de 2 mm.<\/p>\n<p>Il vous faut 1 pelote de la couleur de votre choix (75 \u00e0 85 m\u00e8tres) (les marques telles que Catona, Catania, Rainbow, etc. sont toutes d&#8217;excellente qualit\u00e9)<\/p>\n<p>Vous aurez \u00e9galement besoin de : marqueurs de mailles \u2013 ciseaux \u2013 aiguille \u00e0 tapisserie<\/p>\n<p>Crochet : 2mm<\/p>\n<p>Ce patron est un guide \u00e9crit accompagn\u00e9 de nombreuses photos pour vous aider. Si vous avez encore des questions, n&#8217;h\u00e9sitez pas \u00e0 m&#8217;envoyer un message \u00e0 l&#8217;adresse suivante : <a href=\"mailto:craftygenesindonesia@gmail.com\">craftygenesindonesia@gmail.com<\/a> <\/p>\n<p><strong>Ce patron est r\u00e9serv\u00e9 \u00e0 un usage personnel et est prot\u00e9g\u00e9 par le droit d&#8217;auteur. Il est donc INTERDIT de le copier, de le vendre, de le revendre, de le traduire, de le pr\u00e9senter comme votre propre cr\u00e9ation, de le distribuer, de le partager, de le publier ou de le mettre en ligne\u2026 sous quelque forme que ce soit sans mon autorisation.  Not even part of it!!!<\/strong><\/p>\n<p><strong>Vous pouvez vendre la cr\u00e9ation finie en petites quantit\u00e9s, MAIS PAS LE PATRON EN LUI-M\u00caME ! Veuillez pr\u00e9ciser que le patron est sign\u00e9 Craftygenesindonesia et indiquer o\u00f9 il est possible de se le procurer. <\/strong><\/p>\n","protected":false},"excerpt":{"rendered":"<p>Voici un patron au crochet simple et rapide pour une magnifique queue de sir\u00e8ne + un haut de soutien-gorge qui conviendra \u00e0 la plupart des poup\u00e9es de mode.<\/p>\n","protected":false},"featured_media":987518037,"comment_status":"open","ping_status":"closed","template":"","meta":{"_acf_changed":false},"product_brand":[],"product_cat":[12015],"product_tag":[12006,12026,12025],"class_list":{"0":"post-987527837","1":"product","2":"type-product","3":"status-publish","4":"has-post-thumbnail","6":"product_cat-robes-de-poupee","7":"product_tag-barbie-fr","8":"product_tag-mermaid-fr","9":"product_tag-tail-fr","10":"pa_available_on-craftygenesindonesia","11":"pa_available_on-ravelry","12":"pa_languages-allemand","13":"pa_languages-americain","14":"pa_languages-espagnol","15":"pa_languages-francais","16":"pa_languages-neerlandais","18":"first","19":"instock","20":"downloadable","21":"virtual","22":"purchasable","23":"product-type-simple"},"acf":[],"yoast_head":"<!-- This site is optimized with the Yoast SEO plugin v27.4 - https:\/\/yoast.com\/product\/yoast-seo-wordpress\/ -->\n<title>Queue de sir\u00e8ne mod\u00e8le de crochet - Craftygenesindonesia<\/title>\n<meta name=\"description\" content=\"Achetez ici mon patron de crochet \u00ab Queue de sir\u00e8ne \u00bb. Ce patron facile \u00e0 r\u00e9aliser est \u00e9galement disponible sur Ravelry en plusieurs langues.\" \/>\n<meta name=\"robots\" content=\"index, follow, max-snippet:-1, max-image-preview:large, max-video-preview:-1\" \/>\n<link rel=\"canonical\" href=\"https:\/\/craftygenesindonesia.com\/fr\/shop\/robes-de-poupee\/queue-de-sirene\/\" \/>\n<meta property=\"og:locale\" content=\"fr_FR\" \/>\n<meta property=\"og:type\" content=\"article\" \/>\n<meta property=\"og:title\" content=\"Mod\u00e8le de queue de sir\u00e8ne au crochet\" \/>\n<meta property=\"og:description\" content=\"Achetez ici mon patron de crochet \u00ab Queue de sir\u00e8ne \u00bb. Ce patron facile \u00e0 r\u00e9aliser est \u00e9galement disponible sur Ravelry en plusieurs langues.\" \/>\n<meta property=\"og:url\" content=\"https:\/\/craftygenesindonesia.com\/fr\/shop\/robes-de-poupee\/queue-de-sirene\/\" \/>\n<meta property=\"og:site_name\" content=\"Craftygenesindonesia\" \/>\n<meta property=\"article:modified_time\" content=\"2026-03-18T11:15:29+00:00\" \/>\n<meta property=\"og:image\" content=\"https:\/\/craftygenesindonesia.com\/wp-content\/uploads\/2023\/05\/Barbie-Mermaid-Tail-300x300.jpg\" \/>\n<meta name=\"twitter:card\" content=\"summary_large_image\" \/>\n<meta name=\"twitter:label1\" content=\"Dur\u00e9e de lecture estim\u00e9e\" \/>\n\t<meta name=\"twitter:data1\" content=\"1 minute\" \/>\n<script type=\"application\/ld+json\" class=\"yoast-schema-graph\">{\"@context\":\"https:\\\/\\\/schema.org\",\"@graph\":[{\"@type\":\"WebPage\",\"@id\":\"https:\\\/\\\/craftygenesindonesia.com\\\/fr\\\/shop\\\/robes-de-poupee\\\/queue-de-sirene\\\/\",\"url\":\"https:\\\/\\\/craftygenesindonesia.com\\\/fr\\\/shop\\\/robes-de-poupee\\\/queue-de-sirene\\\/\",\"name\":\"Queue de sir\u00e8ne mod\u00e8le de crochet - Craftygenesindonesia\",\"isPartOf\":{\"@id\":\"https:\\\/\\\/craftygenesindonesia.com\\\/fr\\\/#website\"},\"primaryImageOfPage\":{\"@id\":\"https:\\\/\\\/craftygenesindonesia.com\\\/fr\\\/shop\\\/robes-de-poupee\\\/queue-de-sirene\\\/#primaryimage\"},\"image\":{\"@id\":\"https:\\\/\\\/craftygenesindonesia.com\\\/fr\\\/shop\\\/robes-de-poupee\\\/queue-de-sirene\\\/#primaryimage\"},\"thumbnailUrl\":\"https:\\\/\\\/craftygenesindonesia.com\\\/wp-content\\\/uploads\\\/2023\\\/05\\\/Barbie-Mermaid-Tail.jpg\",\"datePublished\":\"2025-06-15T02:08:19+00:00\",\"dateModified\":\"2026-03-18T11:15:29+00:00\",\"description\":\"Achetez ici mon patron de crochet \u00ab Queue de sir\u00e8ne \u00bb. Ce patron facile \u00e0 r\u00e9aliser est \u00e9galement disponible sur Ravelry en plusieurs langues.\",\"breadcrumb\":{\"@id\":\"https:\\\/\\\/craftygenesindonesia.com\\\/fr\\\/shop\\\/robes-de-poupee\\\/queue-de-sirene\\\/#breadcrumb\"},\"inLanguage\":\"fr-FR\",\"potentialAction\":[{\"@type\":\"ReadAction\",\"target\":[\"https:\\\/\\\/craftygenesindonesia.com\\\/fr\\\/shop\\\/robes-de-poupee\\\/queue-de-sirene\\\/\"]}]},{\"@type\":\"ImageObject\",\"inLanguage\":\"fr-FR\",\"@id\":\"https:\\\/\\\/craftygenesindonesia.com\\\/fr\\\/shop\\\/robes-de-poupee\\\/queue-de-sirene\\\/#primaryimage\",\"url\":\"https:\\\/\\\/craftygenesindonesia.com\\\/wp-content\\\/uploads\\\/2023\\\/05\\\/Barbie-Mermaid-Tail.jpg\",\"contentUrl\":\"https:\\\/\\\/craftygenesindonesia.com\\\/wp-content\\\/uploads\\\/2023\\\/05\\\/Barbie-Mermaid-Tail.jpg\",\"width\":1080,\"height\":1080,\"caption\":\"crochet Barbie mermaid tail\"},{\"@type\":\"BreadcrumbList\",\"@id\":\"https:\\\/\\\/craftygenesindonesia.com\\\/fr\\\/shop\\\/robes-de-poupee\\\/queue-de-sirene\\\/#breadcrumb\",\"itemListElement\":[{\"@type\":\"ListItem\",\"position\":1,\"name\":\"Home\",\"item\":\"https:\\\/\\\/craftygenesindonesia.com\\\/fr\\\/\"},{\"@type\":\"ListItem\",\"position\":2,\"name\":\"Boutique de mod\u00e8les\",\"item\":\"https:\\\/\\\/craftygenesindonesia.com\\\/fr\\\/boutique\\\/\"},{\"@type\":\"ListItem\",\"position\":3,\"name\":\"Queue de sir\u00e8ne\"}]},{\"@type\":\"WebSite\",\"@id\":\"https:\\\/\\\/craftygenesindonesia.com\\\/fr\\\/#website\",\"url\":\"https:\\\/\\\/craftygenesindonesia.com\\\/fr\\\/\",\"name\":\"Craftygenesindonesia\",\"description\":\"\",\"publisher\":{\"@id\":\"https:\\\/\\\/craftygenesindonesia.com\\\/fr\\\/#organization\"},\"potentialAction\":[{\"@type\":\"SearchAction\",\"target\":{\"@type\":\"EntryPoint\",\"urlTemplate\":\"https:\\\/\\\/craftygenesindonesia.com\\\/fr\\\/?s={search_term_string}\"},\"query-input\":{\"@type\":\"PropertyValueSpecification\",\"valueRequired\":true,\"valueName\":\"search_term_string\"}}],\"inLanguage\":\"fr-FR\"},{\"@type\":\"Organization\",\"@id\":\"https:\\\/\\\/craftygenesindonesia.com\\\/fr\\\/#organization\",\"name\":\"Craftygenesindonesia\",\"url\":\"https:\\\/\\\/craftygenesindonesia.com\\\/fr\\\/\",\"logo\":{\"@type\":\"ImageObject\",\"inLanguage\":\"fr-FR\",\"@id\":\"https:\\\/\\\/craftygenesindonesia.com\\\/fr\\\/#\\\/schema\\\/logo\\\/image\\\/\",\"url\":\"https:\\\/\\\/craftygenesindonesia.com\\\/wp-content\\\/uploads\\\/2025\\\/11\\\/cropped-Copy-of-Craftygenesindonesia.jpg\",\"contentUrl\":\"https:\\\/\\\/craftygenesindonesia.com\\\/wp-content\\\/uploads\\\/2025\\\/11\\\/cropped-Copy-of-Craftygenesindonesia.jpg\",\"width\":180,\"height\":60,\"caption\":\"Craftygenesindonesia\"},\"image\":{\"@id\":\"https:\\\/\\\/craftygenesindonesia.com\\\/fr\\\/#\\\/schema\\\/logo\\\/image\\\/\"}}]}<\/script>\n<!-- \/ Yoast SEO plugin. -->","yoast_head_json":{"title":"Queue de sir\u00e8ne mod\u00e8le de crochet - Craftygenesindonesia","description":"Achetez ici mon patron de crochet \u00ab Queue de sir\u00e8ne \u00bb. Ce patron facile \u00e0 r\u00e9aliser est \u00e9galement disponible sur Ravelry en plusieurs langues.","robots":{"index":"index","follow":"follow","max-snippet":"max-snippet:-1","max-image-preview":"max-image-preview:large","max-video-preview":"max-video-preview:-1"},"canonical":"https:\/\/craftygenesindonesia.com\/fr\/shop\/robes-de-poupee\/queue-de-sirene\/","og_locale":"fr_FR","og_type":"article","og_title":"Mod\u00e8le de queue de sir\u00e8ne au crochet","og_description":"Achetez ici mon patron de crochet \u00ab Queue de sir\u00e8ne \u00bb. Ce patron facile \u00e0 r\u00e9aliser est \u00e9galement disponible sur Ravelry en plusieurs langues.","og_url":"https:\/\/craftygenesindonesia.com\/fr\/shop\/robes-de-poupee\/queue-de-sirene\/","og_site_name":"Craftygenesindonesia","article_modified_time":"2026-03-18T11:15:29+00:00","og_image":[{"url":"https:\/\/craftygenesindonesia.com\/wp-content\/uploads\/2023\/05\/Barbie-Mermaid-Tail-300x300.jpg","type":"","width":"","height":""}],"twitter_card":"summary_large_image","twitter_misc":{"Dur\u00e9e de lecture estim\u00e9e":"1 minute"},"schema":{"@context":"https:\/\/schema.org","@graph":[{"@type":"WebPage","@id":"https:\/\/craftygenesindonesia.com\/fr\/shop\/robes-de-poupee\/queue-de-sirene\/","url":"https:\/\/craftygenesindonesia.com\/fr\/shop\/robes-de-poupee\/queue-de-sirene\/","name":"Queue de sir\u00e8ne mod\u00e8le de crochet - Craftygenesindonesia","isPartOf":{"@id":"https:\/\/craftygenesindonesia.com\/fr\/#website"},"primaryImageOfPage":{"@id":"https:\/\/craftygenesindonesia.com\/fr\/shop\/robes-de-poupee\/queue-de-sirene\/#primaryimage"},"image":{"@id":"https:\/\/craftygenesindonesia.com\/fr\/shop\/robes-de-poupee\/queue-de-sirene\/#primaryimage"},"thumbnailUrl":"https:\/\/craftygenesindonesia.com\/wp-content\/uploads\/2023\/05\/Barbie-Mermaid-Tail.jpg","datePublished":"2025-06-15T02:08:19+00:00","dateModified":"2026-03-18T11:15:29+00:00","description":"Achetez ici mon patron de crochet \u00ab Queue de sir\u00e8ne \u00bb. Ce patron facile \u00e0 r\u00e9aliser est \u00e9galement disponible sur Ravelry en plusieurs langues.","breadcrumb":{"@id":"https:\/\/craftygenesindonesia.com\/fr\/shop\/robes-de-poupee\/queue-de-sirene\/#breadcrumb"},"inLanguage":"fr-FR","potentialAction":[{"@type":"ReadAction","target":["https:\/\/craftygenesindonesia.com\/fr\/shop\/robes-de-poupee\/queue-de-sirene\/"]}]},{"@type":"ImageObject","inLanguage":"fr-FR","@id":"https:\/\/craftygenesindonesia.com\/fr\/shop\/robes-de-poupee\/queue-de-sirene\/#primaryimage","url":"https:\/\/craftygenesindonesia.com\/wp-content\/uploads\/2023\/05\/Barbie-Mermaid-Tail.jpg","contentUrl":"https:\/\/craftygenesindonesia.com\/wp-content\/uploads\/2023\/05\/Barbie-Mermaid-Tail.jpg","width":1080,"height":1080,"caption":"crochet Barbie mermaid tail"},{"@type":"BreadcrumbList","@id":"https:\/\/craftygenesindonesia.com\/fr\/shop\/robes-de-poupee\/queue-de-sirene\/#breadcrumb","itemListElement":[{"@type":"ListItem","position":1,"name":"Home","item":"https:\/\/craftygenesindonesia.com\/fr\/"},{"@type":"ListItem","position":2,"name":"Boutique de mod\u00e8les","item":"https:\/\/craftygenesindonesia.com\/fr\/boutique\/"},{"@type":"ListItem","position":3,"name":"Queue de sir\u00e8ne"}]},{"@type":"WebSite","@id":"https:\/\/craftygenesindonesia.com\/fr\/#website","url":"https:\/\/craftygenesindonesia.com\/fr\/","name":"Craftygenesindonesia","description":"","publisher":{"@id":"https:\/\/craftygenesindonesia.com\/fr\/#organization"},"potentialAction":[{"@type":"SearchAction","target":{"@type":"EntryPoint","urlTemplate":"https:\/\/craftygenesindonesia.com\/fr\/?s={search_term_string}"},"query-input":{"@type":"PropertyValueSpecification","valueRequired":true,"valueName":"search_term_string"}}],"inLanguage":"fr-FR"},{"@type":"Organization","@id":"https:\/\/craftygenesindonesia.com\/fr\/#organization","name":"Craftygenesindonesia","url":"https:\/\/craftygenesindonesia.com\/fr\/","logo":{"@type":"ImageObject","inLanguage":"fr-FR","@id":"https:\/\/craftygenesindonesia.com\/fr\/#\/schema\/logo\/image\/","url":"https:\/\/craftygenesindonesia.com\/wp-content\/uploads\/2025\/11\/cropped-Copy-of-Craftygenesindonesia.jpg","contentUrl":"https:\/\/craftygenesindonesia.com\/wp-content\/uploads\/2025\/11\/cropped-Copy-of-Craftygenesindonesia.jpg","width":180,"height":60,"caption":"Craftygenesindonesia"},"image":{"@id":"https:\/\/craftygenesindonesia.com\/fr\/#\/schema\/logo\/image\/"}}]}},"_links":{"self":[{"href":"https:\/\/craftygenesindonesia.com\/fr\/wp-json\/wp\/v2\/product\/987527837","targetHints":{"allow":["GET"]}}],"collection":[{"href":"https:\/\/craftygenesindonesia.com\/fr\/wp-json\/wp\/v2\/product"}],"about":[{"href":"https:\/\/craftygenesindonesia.com\/fr\/wp-json\/wp\/v2\/types\/product"}],"replies":[{"embeddable":true,"href":"https:\/\/craftygenesindonesia.com\/fr\/wp-json\/wp\/v2\/comments?post=987527837"}],"wp:featuredmedia":[{"embeddable":true,"href":"https:\/\/craftygenesindonesia.com\/fr\/wp-json\/wp\/v2\/media\/987518037"}],"wp:attachment":[{"href":"https:\/\/craftygenesindonesia.com\/fr\/wp-json\/wp\/v2\/media?parent=987527837"}],"wp:term":[{"taxonomy":"product_brand","embeddable":true,"href":"https:\/\/craftygenesindonesia.com\/fr\/wp-json\/wp\/v2\/product_brand?post=987527837"},{"taxonomy":"product_cat","embeddable":true,"href":"https:\/\/craftygenesindonesia.com\/fr\/wp-json\/wp\/v2\/product_cat?post=987527837"},{"taxonomy":"product_tag","embeddable":true,"href":"https:\/\/craftygenesindonesia.com\/fr\/wp-json\/wp\/v2\/product_tag?post=987527837"}],"curies":[{"name":"wp","href":"https:\/\/api.w.org\/{rel}","templated":true}]}}