{"id":987527798,"date":"2025-06-13T10:23:43","date_gmt":"2025-06-13T02:23:43","guid":{"rendered":"https:\/\/craftygenesindonesia.com\/shop\/non%20class\u00e9\/robe-de-poupee-1\/"},"modified":"2026-03-18T19:29:22","modified_gmt":"2026-03-18T11:29:22","slug":"robe-de-poupee-1","status":"publish","type":"product","link":"https:\/\/craftygenesindonesia.com\/fr\/shop\/robes-de-poupee\/robe-de-poupee-1\/","title":{"rendered":"Robe de poup\u00e9e 1"},"content":{"rendered":"<p>Cette robe est r\u00e9alis\u00e9e avec un fil fin (3) et un crochet de 2 mm.<\/p>\n<p>Il vous faut 1 pelote de la couleur de votre choix (210-235 m\u00e8tres \/ 230-360 yards) (les marques telles que Catona, Catania, Rainbow, etc. sont toutes d&#8217;excellente qualit\u00e9)<\/p>\n<p>Vous aurez \u00e9galement besoin de : marqueurs de mailles \u2013 ciseaux \u2013 aiguille \u00e0 tapisserie<\/p>\n<p>Crochet : taille 2mm<\/p>\n<p>Ce patron de crochet comprend des instructions \u00e9crites et de nombreuses photos pour vous aider. Si vous avez encore des questions, n&#8217;h\u00e9sitez pas \u00e0 me contacter \u00e0 l&#8217;adresse: <a href=\"mailto:craftygenesindonesia@gmail.com\">craftygenesindonesia@gmail.com<\/a> <\/p>\n<p><strong>Ce patron est r\u00e9serv\u00e9 \u00e0 un usage personnel et est prot\u00e9g\u00e9 par le droit d&#8217;auteur. Il ne peut donc en aucun cas \u00eatre copi\u00e9, vendu, revendu, traduit, pr\u00e9sent\u00e9 comme votre propre cr\u00e9ation, distribu\u00e9, partag\u00e9, publi\u00e9 ou mis en ligne\u2026 sous quelque forme que ce soit sans mon autorisation.  Pas du tout !!!<\/strong><\/p>\n<p><strong>Vous pouvez vendre la robe finie en petites quantit\u00e9s, MAIS PAS LE PATRON EN LUI-M\u00caME ! Veuillez pr\u00e9ciser que le patron est sign\u00e9 Craftygenesindonesia et indiquer o\u00f9 il est possible de se le procurer. <\/strong><\/p>\n","protected":false},"excerpt":{"rendered":"<p>Il s&#8217;agit d&#8217;un patron au crochet simple et facile \u00e0 suivre pour une belle robe de poup\u00e9e de mode.<\/p>\n","protected":false},"featured_media":987516951,"comment_status":"open","ping_status":"closed","template":"","meta":{"_acf_changed":false},"product_brand":[],"product_cat":[12015],"product_tag":[12006,12008,10914,12007],"class_list":{"0":"post-987527798","1":"product","2":"type-product","3":"status-publish","4":"has-post-thumbnail","6":"product_cat-robes-de-poupee","7":"product_tag-barbie-fr","8":"product_tag-poupee-de-mode","9":"product_tag-robe-bleu","10":"product_tag-robe-de-poupee","11":"pa_available_on-craftygenesindonesia","12":"pa_available_on-ravelry","13":"pa_languages-americain","14":"pa_languages-espagnol","15":"pa_languages-francais","16":"pa_languages-neerlandais","18":"first","19":"instock","20":"downloadable","21":"virtual","22":"purchasable","23":"product-type-simple"},"acf":[],"yoast_head":"<!-- This site is optimized with the Yoast SEO plugin v27.4 - https:\/\/yoast.com\/product\/yoast-seo-wordpress\/ -->\n<title>Robe de poup\u00e9e 1 mod\u00e8le de crochet - Craftygenesindonesia<\/title>\n<meta name=\"description\" content=\"Achetez ici mon patron de crochet \u00ab Robe 1 \u00bb. Ce patron facile \u00e0 r\u00e9aliser est \u00e9galement disponible sur Ravelry en 4 langues diff\u00e9rentes.\" \/>\n<meta name=\"robots\" content=\"index, follow, max-snippet:-1, max-image-preview:large, max-video-preview:-1\" \/>\n<link rel=\"canonical\" href=\"https:\/\/craftygenesindonesia.com\/fr\/shop\/robes-de-poupee\/robe-de-poupee-1\/\" \/>\n<meta property=\"og:locale\" content=\"fr_FR\" \/>\n<meta property=\"og:type\" content=\"article\" \/>\n<meta property=\"og:title\" content=\"Robe de poup\u00e9e 1 mod\u00e8le au crochet\" \/>\n<meta property=\"og:description\" content=\"Achetez ici mon patron de crochet \u00ab Robe 1 \u00bb. Ce patron facile \u00e0 r\u00e9aliser est \u00e9galement disponible sur Ravelry en 4 langues diff\u00e9rentes.\" \/>\n<meta property=\"og:url\" content=\"https:\/\/craftygenesindonesia.com\/fr\/shop\/robes-de-poupee\/robe-de-poupee-1\/\" \/>\n<meta property=\"og:site_name\" content=\"Craftygenesindonesia\" \/>\n<meta property=\"article:modified_time\" content=\"2026-03-18T11:29:22+00:00\" \/>\n<meta property=\"og:image\" content=\"https:\/\/craftygenesindonesia.com\/wp-content\/uploads\/2023\/05\/Untitled-design-2024-02-09T055330.720-300x300.jpg\" \/>\n<meta name=\"twitter:card\" content=\"summary_large_image\" \/>\n<meta name=\"twitter:label1\" content=\"Dur\u00e9e de lecture estim\u00e9e\" \/>\n\t<meta name=\"twitter:data1\" content=\"1 minute\" \/>\n<script type=\"application\/ld+json\" class=\"yoast-schema-graph\">{\"@context\":\"https:\\\/\\\/schema.org\",\"@graph\":[{\"@type\":\"WebPage\",\"@id\":\"https:\\\/\\\/craftygenesindonesia.com\\\/fr\\\/shop\\\/robes-de-poupee\\\/robe-de-poupee-1\\\/\",\"url\":\"https:\\\/\\\/craftygenesindonesia.com\\\/fr\\\/shop\\\/robes-de-poupee\\\/robe-de-poupee-1\\\/\",\"name\":\"Robe de poup\u00e9e 1 mod\u00e8le de crochet - Craftygenesindonesia\",\"isPartOf\":{\"@id\":\"https:\\\/\\\/craftygenesindonesia.com\\\/fr\\\/#website\"},\"primaryImageOfPage\":{\"@id\":\"https:\\\/\\\/craftygenesindonesia.com\\\/fr\\\/shop\\\/robes-de-poupee\\\/robe-de-poupee-1\\\/#primaryimage\"},\"image\":{\"@id\":\"https:\\\/\\\/craftygenesindonesia.com\\\/fr\\\/shop\\\/robes-de-poupee\\\/robe-de-poupee-1\\\/#primaryimage\"},\"thumbnailUrl\":\"https:\\\/\\\/craftygenesindonesia.com\\\/wp-content\\\/uploads\\\/2023\\\/05\\\/Untitled-design-2024-02-09T055330.720.jpg\",\"datePublished\":\"2025-06-13T02:23:43+00:00\",\"dateModified\":\"2026-03-18T11:29:22+00:00\",\"description\":\"Achetez ici mon patron de crochet \u00ab Robe 1 \u00bb. Ce patron facile \u00e0 r\u00e9aliser est \u00e9galement disponible sur Ravelry en 4 langues diff\u00e9rentes.\",\"breadcrumb\":{\"@id\":\"https:\\\/\\\/craftygenesindonesia.com\\\/fr\\\/shop\\\/robes-de-poupee\\\/robe-de-poupee-1\\\/#breadcrumb\"},\"inLanguage\":\"fr-FR\",\"potentialAction\":[{\"@type\":\"ReadAction\",\"target\":[\"https:\\\/\\\/craftygenesindonesia.com\\\/fr\\\/shop\\\/robes-de-poupee\\\/robe-de-poupee-1\\\/\"]}]},{\"@type\":\"ImageObject\",\"inLanguage\":\"fr-FR\",\"@id\":\"https:\\\/\\\/craftygenesindonesia.com\\\/fr\\\/shop\\\/robes-de-poupee\\\/robe-de-poupee-1\\\/#primaryimage\",\"url\":\"https:\\\/\\\/craftygenesindonesia.com\\\/wp-content\\\/uploads\\\/2023\\\/05\\\/Untitled-design-2024-02-09T055330.720.jpg\",\"contentUrl\":\"https:\\\/\\\/craftygenesindonesia.com\\\/wp-content\\\/uploads\\\/2023\\\/05\\\/Untitled-design-2024-02-09T055330.720.jpg\",\"width\":1080,\"height\":1080,\"caption\":\"Robe 1\"},{\"@type\":\"BreadcrumbList\",\"@id\":\"https:\\\/\\\/craftygenesindonesia.com\\\/fr\\\/shop\\\/robes-de-poupee\\\/robe-de-poupee-1\\\/#breadcrumb\",\"itemListElement\":[{\"@type\":\"ListItem\",\"position\":1,\"name\":\"Home\",\"item\":\"https:\\\/\\\/craftygenesindonesia.com\\\/fr\\\/\"},{\"@type\":\"ListItem\",\"position\":2,\"name\":\"Boutique de mod\u00e8les\",\"item\":\"https:\\\/\\\/craftygenesindonesia.com\\\/fr\\\/boutique\\\/\"},{\"@type\":\"ListItem\",\"position\":3,\"name\":\"Robe de poup\u00e9e 1\"}]},{\"@type\":\"WebSite\",\"@id\":\"https:\\\/\\\/craftygenesindonesia.com\\\/fr\\\/#website\",\"url\":\"https:\\\/\\\/craftygenesindonesia.com\\\/fr\\\/\",\"name\":\"Craftygenesindonesia\",\"description\":\"\",\"publisher\":{\"@id\":\"https:\\\/\\\/craftygenesindonesia.com\\\/fr\\\/#organization\"},\"potentialAction\":[{\"@type\":\"SearchAction\",\"target\":{\"@type\":\"EntryPoint\",\"urlTemplate\":\"https:\\\/\\\/craftygenesindonesia.com\\\/fr\\\/?s={search_term_string}\"},\"query-input\":{\"@type\":\"PropertyValueSpecification\",\"valueRequired\":true,\"valueName\":\"search_term_string\"}}],\"inLanguage\":\"fr-FR\"},{\"@type\":\"Organization\",\"@id\":\"https:\\\/\\\/craftygenesindonesia.com\\\/fr\\\/#organization\",\"name\":\"Craftygenesindonesia\",\"url\":\"https:\\\/\\\/craftygenesindonesia.com\\\/fr\\\/\",\"logo\":{\"@type\":\"ImageObject\",\"inLanguage\":\"fr-FR\",\"@id\":\"https:\\\/\\\/craftygenesindonesia.com\\\/fr\\\/#\\\/schema\\\/logo\\\/image\\\/\",\"url\":\"https:\\\/\\\/craftygenesindonesia.com\\\/wp-content\\\/uploads\\\/2025\\\/11\\\/cropped-Copy-of-Craftygenesindonesia.jpg\",\"contentUrl\":\"https:\\\/\\\/craftygenesindonesia.com\\\/wp-content\\\/uploads\\\/2025\\\/11\\\/cropped-Copy-of-Craftygenesindonesia.jpg\",\"width\":180,\"height\":60,\"caption\":\"Craftygenesindonesia\"},\"image\":{\"@id\":\"https:\\\/\\\/craftygenesindonesia.com\\\/fr\\\/#\\\/schema\\\/logo\\\/image\\\/\"}}]}<\/script>\n<!-- \/ Yoast SEO plugin. -->","yoast_head_json":{"title":"Robe de poup\u00e9e 1 mod\u00e8le de crochet - Craftygenesindonesia","description":"Achetez ici mon patron de crochet \u00ab Robe 1 \u00bb. Ce patron facile \u00e0 r\u00e9aliser est \u00e9galement disponible sur Ravelry en 4 langues diff\u00e9rentes.","robots":{"index":"index","follow":"follow","max-snippet":"max-snippet:-1","max-image-preview":"max-image-preview:large","max-video-preview":"max-video-preview:-1"},"canonical":"https:\/\/craftygenesindonesia.com\/fr\/shop\/robes-de-poupee\/robe-de-poupee-1\/","og_locale":"fr_FR","og_type":"article","og_title":"Robe de poup\u00e9e 1 mod\u00e8le au crochet","og_description":"Achetez ici mon patron de crochet \u00ab Robe 1 \u00bb. Ce patron facile \u00e0 r\u00e9aliser est \u00e9galement disponible sur Ravelry en 4 langues diff\u00e9rentes.","og_url":"https:\/\/craftygenesindonesia.com\/fr\/shop\/robes-de-poupee\/robe-de-poupee-1\/","og_site_name":"Craftygenesindonesia","article_modified_time":"2026-03-18T11:29:22+00:00","og_image":[{"url":"https:\/\/craftygenesindonesia.com\/wp-content\/uploads\/2023\/05\/Untitled-design-2024-02-09T055330.720-300x300.jpg","type":"","width":"","height":""}],"twitter_card":"summary_large_image","twitter_misc":{"Dur\u00e9e de lecture estim\u00e9e":"1 minute"},"schema":{"@context":"https:\/\/schema.org","@graph":[{"@type":"WebPage","@id":"https:\/\/craftygenesindonesia.com\/fr\/shop\/robes-de-poupee\/robe-de-poupee-1\/","url":"https:\/\/craftygenesindonesia.com\/fr\/shop\/robes-de-poupee\/robe-de-poupee-1\/","name":"Robe de poup\u00e9e 1 mod\u00e8le de crochet - Craftygenesindonesia","isPartOf":{"@id":"https:\/\/craftygenesindonesia.com\/fr\/#website"},"primaryImageOfPage":{"@id":"https:\/\/craftygenesindonesia.com\/fr\/shop\/robes-de-poupee\/robe-de-poupee-1\/#primaryimage"},"image":{"@id":"https:\/\/craftygenesindonesia.com\/fr\/shop\/robes-de-poupee\/robe-de-poupee-1\/#primaryimage"},"thumbnailUrl":"https:\/\/craftygenesindonesia.com\/wp-content\/uploads\/2023\/05\/Untitled-design-2024-02-09T055330.720.jpg","datePublished":"2025-06-13T02:23:43+00:00","dateModified":"2026-03-18T11:29:22+00:00","description":"Achetez ici mon patron de crochet \u00ab Robe 1 \u00bb. Ce patron facile \u00e0 r\u00e9aliser est \u00e9galement disponible sur Ravelry en 4 langues diff\u00e9rentes.","breadcrumb":{"@id":"https:\/\/craftygenesindonesia.com\/fr\/shop\/robes-de-poupee\/robe-de-poupee-1\/#breadcrumb"},"inLanguage":"fr-FR","potentialAction":[{"@type":"ReadAction","target":["https:\/\/craftygenesindonesia.com\/fr\/shop\/robes-de-poupee\/robe-de-poupee-1\/"]}]},{"@type":"ImageObject","inLanguage":"fr-FR","@id":"https:\/\/craftygenesindonesia.com\/fr\/shop\/robes-de-poupee\/robe-de-poupee-1\/#primaryimage","url":"https:\/\/craftygenesindonesia.com\/wp-content\/uploads\/2023\/05\/Untitled-design-2024-02-09T055330.720.jpg","contentUrl":"https:\/\/craftygenesindonesia.com\/wp-content\/uploads\/2023\/05\/Untitled-design-2024-02-09T055330.720.jpg","width":1080,"height":1080,"caption":"Robe 1"},{"@type":"BreadcrumbList","@id":"https:\/\/craftygenesindonesia.com\/fr\/shop\/robes-de-poupee\/robe-de-poupee-1\/#breadcrumb","itemListElement":[{"@type":"ListItem","position":1,"name":"Home","item":"https:\/\/craftygenesindonesia.com\/fr\/"},{"@type":"ListItem","position":2,"name":"Boutique de mod\u00e8les","item":"https:\/\/craftygenesindonesia.com\/fr\/boutique\/"},{"@type":"ListItem","position":3,"name":"Robe de poup\u00e9e 1"}]},{"@type":"WebSite","@id":"https:\/\/craftygenesindonesia.com\/fr\/#website","url":"https:\/\/craftygenesindonesia.com\/fr\/","name":"Craftygenesindonesia","description":"","publisher":{"@id":"https:\/\/craftygenesindonesia.com\/fr\/#organization"},"potentialAction":[{"@type":"SearchAction","target":{"@type":"EntryPoint","urlTemplate":"https:\/\/craftygenesindonesia.com\/fr\/?s={search_term_string}"},"query-input":{"@type":"PropertyValueSpecification","valueRequired":true,"valueName":"search_term_string"}}],"inLanguage":"fr-FR"},{"@type":"Organization","@id":"https:\/\/craftygenesindonesia.com\/fr\/#organization","name":"Craftygenesindonesia","url":"https:\/\/craftygenesindonesia.com\/fr\/","logo":{"@type":"ImageObject","inLanguage":"fr-FR","@id":"https:\/\/craftygenesindonesia.com\/fr\/#\/schema\/logo\/image\/","url":"https:\/\/craftygenesindonesia.com\/wp-content\/uploads\/2025\/11\/cropped-Copy-of-Craftygenesindonesia.jpg","contentUrl":"https:\/\/craftygenesindonesia.com\/wp-content\/uploads\/2025\/11\/cropped-Copy-of-Craftygenesindonesia.jpg","width":180,"height":60,"caption":"Craftygenesindonesia"},"image":{"@id":"https:\/\/craftygenesindonesia.com\/fr\/#\/schema\/logo\/image\/"}}]}},"_links":{"self":[{"href":"https:\/\/craftygenesindonesia.com\/fr\/wp-json\/wp\/v2\/product\/987527798","targetHints":{"allow":["GET"]}}],"collection":[{"href":"https:\/\/craftygenesindonesia.com\/fr\/wp-json\/wp\/v2\/product"}],"about":[{"href":"https:\/\/craftygenesindonesia.com\/fr\/wp-json\/wp\/v2\/types\/product"}],"replies":[{"embeddable":true,"href":"https:\/\/craftygenesindonesia.com\/fr\/wp-json\/wp\/v2\/comments?post=987527798"}],"wp:featuredmedia":[{"embeddable":true,"href":"https:\/\/craftygenesindonesia.com\/fr\/wp-json\/wp\/v2\/media\/987516951"}],"wp:attachment":[{"href":"https:\/\/craftygenesindonesia.com\/fr\/wp-json\/wp\/v2\/media?parent=987527798"}],"wp:term":[{"taxonomy":"product_brand","embeddable":true,"href":"https:\/\/craftygenesindonesia.com\/fr\/wp-json\/wp\/v2\/product_brand?post=987527798"},{"taxonomy":"product_cat","embeddable":true,"href":"https:\/\/craftygenesindonesia.com\/fr\/wp-json\/wp\/v2\/product_cat?post=987527798"},{"taxonomy":"product_tag","embeddable":true,"href":"https:\/\/craftygenesindonesia.com\/fr\/wp-json\/wp\/v2\/product_tag?post=987527798"}],"curies":[{"name":"wp","href":"https:\/\/api.w.org\/{rel}","templated":true}]}}