{"id":987526610,"date":"2025-03-28T17:35:48","date_gmt":"2025-03-28T09:35:48","guid":{"rendered":"https:\/\/craftygenesindonesia.com\/?post_type=product&#038;p=987526610"},"modified":"2026-03-18T20:51:18","modified_gmt":"2026-03-18T12:51:18","slug":"le-jardin-de-paques-de-joanie","status":"publish","type":"product","link":"https:\/\/craftygenesindonesia.com\/fr\/shop\/animaux\/le-jardin-de-paques-de-joanie\/","title":{"rendered":"Le jardin de P\u00e2ques de Joanie"},"content":{"rendered":"<p><strong>Taille :<\/strong> avec un fil DK tel que Softfun : 25x27x22cm\/ 9.8&#215;10.6&#215;8.6inch<\/p>\n<p><em>**Ces mesures sont celles d&#8217;un fil de poids DK. Si vous utilisez un fil de poids &#8220;FINGERING&#8221;, l&#8217;article fini sera 10-15% plus petit. <\/em><\/p>\n<p>&nbsp;<\/p>\n<p><strong>Fil<\/strong>: Fil de poids DK tel que Catona Softfun ou fil de coton laitier 4ply, dans les couleurs suivantes : blanc, p\u00eache, jaune, turquoise clair, beige, brun brique, violet, jaune clair, rose, orange, saumon, vert n\u00e9on, noir.<\/p>\n<p>&nbsp;<\/p>\n<p><strong>**Cet article fini sera environ 10-15% plus petit lorsqu&#8217;il est r\u00e9alis\u00e9 avec des fils de poids &#8220;FINGERING&#8221; tels que Catona, Catania, &#8230;<\/strong><\/p>\n<p>&nbsp;<\/p>\n<p><strong>Autres choses dont vous aurez besoin<\/strong>: rembourrage, marqueurs de points, ciseaux, aiguille \u00e0 tapisserie, yeux de s\u00e9curit\u00e9 \u00e0 paillettes de 12 mm, nez de s\u00e9curit\u00e9 de 9 mm, carton de 5 mm d&#8217;\u00e9paisseur, colle, pistolet \u00e0 colle, feuille de fausse herbe, feuille de papier (du papier bon march\u00e9 ou m\u00eame du papier journal suffit), feuille de feutre (la couleur n&#8217;a pas d&#8217;importance).<\/p>\n<p>&nbsp;<\/p>\n<p><strong>Crochet :<\/strong> 2.5mm<\/p>\n<p>&nbsp;<\/p>\n<p>Ce mod\u00e8le est un mod\u00e8le \u00e9crit avec de nombreuses photos pour vous aider. Si vous avez des questions, envoyez-moi un message \u00e0 l&#8217;adresse suivante : craftygenesindonesia@gmail.com<\/p>\n<p>&nbsp;<\/p>\n<p><strong>-Ce mod\u00e8le est r\u00e9serv\u00e9 \u00e0 un usage personnel et est prot\u00e9g\u00e9 par un COPYRIGHT. Par cons\u00e9quent, le mod\u00e8le ne peut PAS \u00eatre copi\u00e9, vendu, revendu, traduit, revendiqu\u00e9 comme votre mod\u00e8le, distribu\u00e9, partag\u00e9, publi\u00e9, mis en ligne sous quelque forme que ce soit sans mon autorisation. Pas m\u00eame une partie!!!<\/strong><\/p>\n<p>&nbsp;<\/p>\n<p><strong>Vous pouvez vendre le produit fini en petites quantit\u00e9s, MAIS PAS LE PATRON EN LUI-M\u00caME ! Mentionnez que le mod\u00e8le provient de Craftygenesindonesia et indiquez o\u00f9 vous pouvez l&#8217;acheter.<\/strong><\/p>\n","protected":false},"excerpt":{"rendered":"<p>Il s&#8217;agit d&#8217;un motif de P\u00e2ques amusant pour un lapin de P\u00e2ques (qui peut \u00eatre utilis\u00e9 comme porte-cl\u00e9s) dans son jardin de P\u00e2ques. Tout ce que vous voyez sur la photo est inclus<\/p>\n","protected":false},"featured_media":987526587,"comment_status":"open","ping_status":"closed","template":"","meta":{"_acf_changed":false},"product_brand":[],"product_cat":[3643,3661],"product_tag":[11148,12761,11942,11940,10938,9133,9237,9447,10939,11113,11092,10985,10659,11941],"class_list":{"0":"post-987526610","1":"product","2":"type-product","3":"status-publish","4":"has-post-thumbnail","6":"product_cat-animaux","7":"product_cat-paques","8":"product_tag-flower-fr","9":"product_tag-flowers-fr","10":"product_tag-herbe","11":"product_tag-jardin","12":"product_tag-lapin-fr","13":"product_tag-lapin-de-paques-fr","14":"product_tag-oeuf-de-paques-fr","15":"product_tag-oreilles-de-lapin-de-paques","16":"product_tag-papillon-fr","17":"product_tag-paques-fr","18":"product_tag-porte-fr","19":"product_tag-poussin-fr","20":"product_tag-poussin-de-paques","21":"product_tag-soleil","22":"pa_available_on-craftygenesindonesia","23":"pa_available_on-etsy","24":"pa_available_on-haked-nl","25":"pa_available_on-payhip","26":"pa_available_on-ravelry","27":"pa_languages-allemand","28":"pa_languages-americain","29":"pa_languages-espagnol","30":"pa_languages-francais","31":"pa_languages-neerlandais","33":"first","34":"instock","35":"sale","36":"downloadable","37":"virtual","38":"purchasable","39":"product-type-simple"},"acf":[],"yoast_head":"<!-- This site is optimized with the Yoast SEO plugin v27.5 - https:\/\/yoast.com\/product\/yoast-seo-wordpress\/ -->\n<title>Le jardin de P\u00e2ques de Joanie mod\u00e8le de crochet - Craftygenesindonesia<\/title>\n<meta name=\"description\" content=\"Achetez ici mon mod\u00e8le de crochet &quot;Le jardin de P\u00e2ques de Joanie&quot;. Ce mod\u00e8le de crochet facile est \u00e9galement disponible sur Etsy, Haked.nl, Ravelry.\" \/>\n<meta name=\"robots\" content=\"index, follow, max-snippet:-1, max-image-preview:large, max-video-preview:-1\" \/>\n<link rel=\"canonical\" href=\"https:\/\/craftygenesindonesia.com\/fr\/shop\/animaux\/le-jardin-de-paques-de-joanie\/\" \/>\n<meta property=\"og:locale\" content=\"fr_FR\" \/>\n<meta property=\"og:type\" content=\"article\" \/>\n<meta property=\"og:title\" content=\"Mod\u00e8le de crochet &quot;Le jardin de P\u00e2ques de Joanie&quot;\" \/>\n<meta property=\"og:description\" content=\"Achetez ici mon mod\u00e8le de crochet &quot;Le jardin de P\u00e2ques de Joanie&quot;. Ce mod\u00e8le de crochet facile est \u00e9galement disponible sur Etsy, Haked.nl, Ravelry.\" \/>\n<meta property=\"og:url\" content=\"https:\/\/craftygenesindonesia.com\/fr\/shop\/animaux\/le-jardin-de-paques-de-joanie\/\" \/>\n<meta property=\"og:site_name\" content=\"Craftygenesindonesia\" \/>\n<meta property=\"article:modified_time\" content=\"2026-03-18T12:51:18+00:00\" \/>\n<meta property=\"og:image\" content=\"https:\/\/craftygenesindonesia.com\/wp-content\/uploads\/2025\/03\/1-1-300x300.jpg\" \/>\n<meta name=\"twitter:card\" content=\"summary_large_image\" \/>\n<meta name=\"twitter:label1\" content=\"Dur\u00e9e de lecture estim\u00e9e\" \/>\n\t<meta name=\"twitter:data1\" content=\"2 minutes\" \/>\n<script type=\"application\/ld+json\" class=\"yoast-schema-graph\">{\"@context\":\"https:\\\/\\\/schema.org\",\"@graph\":[{\"@type\":\"WebPage\",\"@id\":\"https:\\\/\\\/craftygenesindonesia.com\\\/fr\\\/shop\\\/animaux\\\/le-jardin-de-paques-de-joanie\\\/\",\"url\":\"https:\\\/\\\/craftygenesindonesia.com\\\/fr\\\/shop\\\/animaux\\\/le-jardin-de-paques-de-joanie\\\/\",\"name\":\"Le jardin de P\u00e2ques de Joanie mod\u00e8le de crochet - Craftygenesindonesia\",\"isPartOf\":{\"@id\":\"https:\\\/\\\/craftygenesindonesia.com\\\/fr\\\/#website\"},\"primaryImageOfPage\":{\"@id\":\"https:\\\/\\\/craftygenesindonesia.com\\\/fr\\\/shop\\\/animaux\\\/le-jardin-de-paques-de-joanie\\\/#primaryimage\"},\"image\":{\"@id\":\"https:\\\/\\\/craftygenesindonesia.com\\\/fr\\\/shop\\\/animaux\\\/le-jardin-de-paques-de-joanie\\\/#primaryimage\"},\"thumbnailUrl\":\"https:\\\/\\\/craftygenesindonesia.com\\\/wp-content\\\/uploads\\\/2025\\\/03\\\/1-1.jpg\",\"datePublished\":\"2025-03-28T09:35:48+00:00\",\"dateModified\":\"2026-03-18T12:51:18+00:00\",\"description\":\"Achetez ici mon mod\u00e8le de crochet \\\"Le jardin de P\u00e2ques de Joanie\\\". Ce mod\u00e8le de crochet facile est \u00e9galement disponible sur Etsy, Haked.nl, Ravelry.\",\"breadcrumb\":{\"@id\":\"https:\\\/\\\/craftygenesindonesia.com\\\/fr\\\/shop\\\/animaux\\\/le-jardin-de-paques-de-joanie\\\/#breadcrumb\"},\"inLanguage\":\"fr-FR\",\"potentialAction\":[{\"@type\":\"ReadAction\",\"target\":[\"https:\\\/\\\/craftygenesindonesia.com\\\/fr\\\/shop\\\/animaux\\\/le-jardin-de-paques-de-joanie\\\/\"]}]},{\"@type\":\"ImageObject\",\"inLanguage\":\"fr-FR\",\"@id\":\"https:\\\/\\\/craftygenesindonesia.com\\\/fr\\\/shop\\\/animaux\\\/le-jardin-de-paques-de-joanie\\\/#primaryimage\",\"url\":\"https:\\\/\\\/craftygenesindonesia.com\\\/wp-content\\\/uploads\\\/2025\\\/03\\\/1-1.jpg\",\"contentUrl\":\"https:\\\/\\\/craftygenesindonesia.com\\\/wp-content\\\/uploads\\\/2025\\\/03\\\/1-1.jpg\",\"width\":1080,\"height\":1080,\"caption\":\"crochet Easter bunny in crochet Easter garden with Easter eggs, butterflies, flower, Easter chick, sun\"},{\"@type\":\"BreadcrumbList\",\"@id\":\"https:\\\/\\\/craftygenesindonesia.com\\\/fr\\\/shop\\\/animaux\\\/le-jardin-de-paques-de-joanie\\\/#breadcrumb\",\"itemListElement\":[{\"@type\":\"ListItem\",\"position\":1,\"name\":\"Home\",\"item\":\"https:\\\/\\\/craftygenesindonesia.com\\\/fr\\\/\"},{\"@type\":\"ListItem\",\"position\":2,\"name\":\"Boutique de mod\u00e8les\",\"item\":\"https:\\\/\\\/craftygenesindonesia.com\\\/fr\\\/boutique\\\/\"},{\"@type\":\"ListItem\",\"position\":3,\"name\":\"Le jardin de P\u00e2ques de Joanie\"}]},{\"@type\":\"WebSite\",\"@id\":\"https:\\\/\\\/craftygenesindonesia.com\\\/fr\\\/#website\",\"url\":\"https:\\\/\\\/craftygenesindonesia.com\\\/fr\\\/\",\"name\":\"Craftygenesindonesia\",\"description\":\"\",\"publisher\":{\"@id\":\"https:\\\/\\\/craftygenesindonesia.com\\\/fr\\\/#organization\"},\"potentialAction\":[{\"@type\":\"SearchAction\",\"target\":{\"@type\":\"EntryPoint\",\"urlTemplate\":\"https:\\\/\\\/craftygenesindonesia.com\\\/fr\\\/?s={search_term_string}\"},\"query-input\":{\"@type\":\"PropertyValueSpecification\",\"valueRequired\":true,\"valueName\":\"search_term_string\"}}],\"inLanguage\":\"fr-FR\"},{\"@type\":\"Organization\",\"@id\":\"https:\\\/\\\/craftygenesindonesia.com\\\/fr\\\/#organization\",\"name\":\"Craftygenesindonesia\",\"url\":\"https:\\\/\\\/craftygenesindonesia.com\\\/fr\\\/\",\"logo\":{\"@type\":\"ImageObject\",\"inLanguage\":\"fr-FR\",\"@id\":\"https:\\\/\\\/craftygenesindonesia.com\\\/fr\\\/#\\\/schema\\\/logo\\\/image\\\/\",\"url\":\"https:\\\/\\\/craftygenesindonesia.com\\\/wp-content\\\/uploads\\\/2025\\\/11\\\/cropped-Copy-of-Craftygenesindonesia.jpg\",\"contentUrl\":\"https:\\\/\\\/craftygenesindonesia.com\\\/wp-content\\\/uploads\\\/2025\\\/11\\\/cropped-Copy-of-Craftygenesindonesia.jpg\",\"width\":180,\"height\":60,\"caption\":\"Craftygenesindonesia\"},\"image\":{\"@id\":\"https:\\\/\\\/craftygenesindonesia.com\\\/fr\\\/#\\\/schema\\\/logo\\\/image\\\/\"}}]}<\/script>\n<!-- \/ Yoast SEO plugin. -->","yoast_head_json":{"title":"Le jardin de P\u00e2ques de Joanie mod\u00e8le de crochet - Craftygenesindonesia","description":"Achetez ici mon mod\u00e8le de crochet \"Le jardin de P\u00e2ques de Joanie\". Ce mod\u00e8le de crochet facile est \u00e9galement disponible sur Etsy, Haked.nl, Ravelry.","robots":{"index":"index","follow":"follow","max-snippet":"max-snippet:-1","max-image-preview":"max-image-preview:large","max-video-preview":"max-video-preview:-1"},"canonical":"https:\/\/craftygenesindonesia.com\/fr\/shop\/animaux\/le-jardin-de-paques-de-joanie\/","og_locale":"fr_FR","og_type":"article","og_title":"Mod\u00e8le de crochet \"Le jardin de P\u00e2ques de Joanie\"","og_description":"Achetez ici mon mod\u00e8le de crochet \"Le jardin de P\u00e2ques de Joanie\". Ce mod\u00e8le de crochet facile est \u00e9galement disponible sur Etsy, Haked.nl, Ravelry.","og_url":"https:\/\/craftygenesindonesia.com\/fr\/shop\/animaux\/le-jardin-de-paques-de-joanie\/","og_site_name":"Craftygenesindonesia","article_modified_time":"2026-03-18T12:51:18+00:00","og_image":[{"url":"https:\/\/craftygenesindonesia.com\/wp-content\/uploads\/2025\/03\/1-1-300x300.jpg","type":"","width":"","height":""}],"twitter_card":"summary_large_image","twitter_misc":{"Dur\u00e9e de lecture estim\u00e9e":"2 minutes"},"schema":{"@context":"https:\/\/schema.org","@graph":[{"@type":"WebPage","@id":"https:\/\/craftygenesindonesia.com\/fr\/shop\/animaux\/le-jardin-de-paques-de-joanie\/","url":"https:\/\/craftygenesindonesia.com\/fr\/shop\/animaux\/le-jardin-de-paques-de-joanie\/","name":"Le jardin de P\u00e2ques de Joanie mod\u00e8le de crochet - Craftygenesindonesia","isPartOf":{"@id":"https:\/\/craftygenesindonesia.com\/fr\/#website"},"primaryImageOfPage":{"@id":"https:\/\/craftygenesindonesia.com\/fr\/shop\/animaux\/le-jardin-de-paques-de-joanie\/#primaryimage"},"image":{"@id":"https:\/\/craftygenesindonesia.com\/fr\/shop\/animaux\/le-jardin-de-paques-de-joanie\/#primaryimage"},"thumbnailUrl":"https:\/\/craftygenesindonesia.com\/wp-content\/uploads\/2025\/03\/1-1.jpg","datePublished":"2025-03-28T09:35:48+00:00","dateModified":"2026-03-18T12:51:18+00:00","description":"Achetez ici mon mod\u00e8le de crochet \"Le jardin de P\u00e2ques de Joanie\". Ce mod\u00e8le de crochet facile est \u00e9galement disponible sur Etsy, Haked.nl, Ravelry.","breadcrumb":{"@id":"https:\/\/craftygenesindonesia.com\/fr\/shop\/animaux\/le-jardin-de-paques-de-joanie\/#breadcrumb"},"inLanguage":"fr-FR","potentialAction":[{"@type":"ReadAction","target":["https:\/\/craftygenesindonesia.com\/fr\/shop\/animaux\/le-jardin-de-paques-de-joanie\/"]}]},{"@type":"ImageObject","inLanguage":"fr-FR","@id":"https:\/\/craftygenesindonesia.com\/fr\/shop\/animaux\/le-jardin-de-paques-de-joanie\/#primaryimage","url":"https:\/\/craftygenesindonesia.com\/wp-content\/uploads\/2025\/03\/1-1.jpg","contentUrl":"https:\/\/craftygenesindonesia.com\/wp-content\/uploads\/2025\/03\/1-1.jpg","width":1080,"height":1080,"caption":"crochet Easter bunny in crochet Easter garden with Easter eggs, butterflies, flower, Easter chick, sun"},{"@type":"BreadcrumbList","@id":"https:\/\/craftygenesindonesia.com\/fr\/shop\/animaux\/le-jardin-de-paques-de-joanie\/#breadcrumb","itemListElement":[{"@type":"ListItem","position":1,"name":"Home","item":"https:\/\/craftygenesindonesia.com\/fr\/"},{"@type":"ListItem","position":2,"name":"Boutique de mod\u00e8les","item":"https:\/\/craftygenesindonesia.com\/fr\/boutique\/"},{"@type":"ListItem","position":3,"name":"Le jardin de P\u00e2ques de Joanie"}]},{"@type":"WebSite","@id":"https:\/\/craftygenesindonesia.com\/fr\/#website","url":"https:\/\/craftygenesindonesia.com\/fr\/","name":"Craftygenesindonesia","description":"","publisher":{"@id":"https:\/\/craftygenesindonesia.com\/fr\/#organization"},"potentialAction":[{"@type":"SearchAction","target":{"@type":"EntryPoint","urlTemplate":"https:\/\/craftygenesindonesia.com\/fr\/?s={search_term_string}"},"query-input":{"@type":"PropertyValueSpecification","valueRequired":true,"valueName":"search_term_string"}}],"inLanguage":"fr-FR"},{"@type":"Organization","@id":"https:\/\/craftygenesindonesia.com\/fr\/#organization","name":"Craftygenesindonesia","url":"https:\/\/craftygenesindonesia.com\/fr\/","logo":{"@type":"ImageObject","inLanguage":"fr-FR","@id":"https:\/\/craftygenesindonesia.com\/fr\/#\/schema\/logo\/image\/","url":"https:\/\/craftygenesindonesia.com\/wp-content\/uploads\/2025\/11\/cropped-Copy-of-Craftygenesindonesia.jpg","contentUrl":"https:\/\/craftygenesindonesia.com\/wp-content\/uploads\/2025\/11\/cropped-Copy-of-Craftygenesindonesia.jpg","width":180,"height":60,"caption":"Craftygenesindonesia"},"image":{"@id":"https:\/\/craftygenesindonesia.com\/fr\/#\/schema\/logo\/image\/"}}]}},"_links":{"self":[{"href":"https:\/\/craftygenesindonesia.com\/fr\/wp-json\/wp\/v2\/product\/987526610","targetHints":{"allow":["GET"]}}],"collection":[{"href":"https:\/\/craftygenesindonesia.com\/fr\/wp-json\/wp\/v2\/product"}],"about":[{"href":"https:\/\/craftygenesindonesia.com\/fr\/wp-json\/wp\/v2\/types\/product"}],"replies":[{"embeddable":true,"href":"https:\/\/craftygenesindonesia.com\/fr\/wp-json\/wp\/v2\/comments?post=987526610"}],"wp:featuredmedia":[{"embeddable":true,"href":"https:\/\/craftygenesindonesia.com\/fr\/wp-json\/wp\/v2\/media\/987526587"}],"wp:attachment":[{"href":"https:\/\/craftygenesindonesia.com\/fr\/wp-json\/wp\/v2\/media?parent=987526610"}],"wp:term":[{"taxonomy":"product_brand","embeddable":true,"href":"https:\/\/craftygenesindonesia.com\/fr\/wp-json\/wp\/v2\/product_brand?post=987526610"},{"taxonomy":"product_cat","embeddable":true,"href":"https:\/\/craftygenesindonesia.com\/fr\/wp-json\/wp\/v2\/product_cat?post=987526610"},{"taxonomy":"product_tag","embeddable":true,"href":"https:\/\/craftygenesindonesia.com\/fr\/wp-json\/wp\/v2\/product_tag?post=987526610"}],"curies":[{"name":"wp","href":"https:\/\/api.w.org\/{rel}","templated":true}]}}