{"id":987526521,"date":"2025-03-14T19:37:05","date_gmt":"2025-03-14T11:37:05","guid":{"rendered":"https:\/\/craftygenesindonesia.com\/?post_type=product&#038;p=987526521"},"modified":"2026-03-18T21:08:33","modified_gmt":"2026-03-18T13:08:33","slug":"germain-le-lapin-de-paques","status":"publish","type":"product","link":"https:\/\/craftygenesindonesia.com\/fr\/shop\/animaux\/germain-le-lapin-de-paques\/","title":{"rendered":"Germain le lapin de P\u00e2ques"},"content":{"rendered":"<p><strong>Germain le lapin de P\u00e2ques<\/strong><\/p>\n<p>&nbsp;<\/p>\n<p><strong>Type de fichier :<\/strong> patron au crochet &#8211; t\u00e9l\u00e9chargement num\u00e9rique, pas un objet physique.<\/p>\n<p><strong>Langues disponibles : anglais, n\u00e9erlandais, fran\u00e7ais, espagnol, allemand, portugais.<\/strong><\/p>\n<p>&nbsp;<\/p>\n<p><strong>Taille de l&#8217;objet fini :<\/strong> avec un fil DK tel que Softfun : 40 cm de haut ou avec un fil \u00ab fingering \u00bb tel que Catona, Catania, &#8230; : 30-34 cm de haut.<\/p>\n<p><strong>Type de fil :<\/strong> fil DK (taille 4)<\/p>\n<p><strong>Marques recommand\u00e9es :<\/strong> Softfun de Scheepjes, Durable Cosy Fine, &#8230;<\/p>\n<p><strong>Couleurs de fil n\u00e9cessaires :<\/strong> turquoise, saumon, gris, rose, vert menthe, jaune clair, blanc, violet, bleu clair, marron clair, saumon fonc\u00e9, jaune<\/p>\n<p>&nbsp;<\/p>\n<p><strong>Crochet :<\/strong> 2,5 mm<\/p>\n<p>&nbsp;<\/p>\n<p><strong>Autres \u00e9l\u00e9ments n\u00e9cessaires :<\/strong> rembourrage, marqueurs de mailles, ciseaux, aiguille \u00e0 tapisserie, toile plastique, carton de 5 mm d&#8217;\u00e9paisseur, colle, pistolet \u00e0 colle, fil d&#8217;aluminium de 2 mm, feuille de gazon artificiel, un jeu d&#8217;yeux de s\u00e9curit\u00e9 noirs de 10 mm, nez de s\u00e9curit\u00e9 rose ou saumon de 9 mm, crayon, \u00e9pingles \u00e0 coudre, cheville (ou baguette), feuille de feutre (la couleur n&#8217;a pas d&#8217;importance)<\/p>\n<p>&nbsp;<\/p>\n<p><strong>Informations sur les droits d&#8217;auteur et l&#8217;aide :<\/strong><\/p>\n<p>Ce mod\u00e8le est un mod\u00e8le \u00e9crit (num\u00e9rique) accompagn\u00e9 de nombreuses photos pour vous aider. Si vous avez des questions sur le mod\u00e8le, envoyez-moi un e-mail \u00e0 craftygenesindonesia@gmail.com.<\/p>\n<p>&nbsp;<\/p>\n<p><strong>Ce mod\u00e8le de crochet num\u00e9rique est r\u00e9serv\u00e9 \u00e0 un usage personnel et est prot\u00e9g\u00e9 par des droits d&#8217;auteur. Par cons\u00e9quent, vous ne pouvez en aucun cas le copier, le vendre, le revendre, le traduire, le revendiquer comme votre propre cr\u00e9ation, le distribuer, le partager, le publier, le poster, etc. sans mon autorisation. M\u00eame en partie !<\/strong><\/p>\n<p>&nbsp;<\/p>\n<p><strong>Vous \u00eates autoris\u00e9 \u00e0 vendre le produit ou l&#8217;article fini, en petites quantit\u00e9s, mais vous n&#8217;\u00eates pas autoris\u00e9 \u00e0 vendre le patron de crochet lui-m\u00eame ! Veuillez mentionner que le patron de crochet est de moi, Craftygenesindonesia, et indiquer o\u00f9 il peut \u00eatre achet\u00e9.<\/strong><\/p>\n","protected":false},"excerpt":{"rendered":"<p>Voici un mod\u00e8le de crochet facile \u00e0 suivre pour un lapin de P\u00e2ques amusant sur son scooter. Si vous le voulez un peu grand, vous pouvez le faire avec du fil DK comme Scheepjes Softfun ou du fil de coton laitier 4ply. Si vous le voulez plus petit, vous pouvez le faire avec du fil &#8220;fingering&#8221; comme Catona, Catania, &#8230;<\/p>\n","protected":false},"featured_media":987535903,"comment_status":"open","ping_status":"closed","template":"","meta":{"_acf_changed":false},"product_brand":[],"product_cat":[3643,3661],"product_tag":[11928,11476,9133,11929,9237,9136,9447,10939,11113,11515,11930],"class_list":{"0":"post-987526521","1":"product","2":"type-product","3":"status-publish","4":"has-post-thumbnail","6":"product_cat-animaux","7":"product_cat-paques","8":"product_tag-lherbe-basket","9":"product_tag-lapin-fr-2","10":"product_tag-lapin-de-paques-fr","11":"product_tag-moto","12":"product_tag-oeuf-de-paques-fr","13":"product_tag-oeufs-de-paques","14":"product_tag-oreilles-de-lapin-de-paques","15":"product_tag-papillon-fr","16":"product_tag-paques-fr","17":"product_tag-trottinette","18":"product_tag-vespa-fr","19":"pa_available_on-craftygenesindonesia","20":"pa_available_on-etsy","21":"pa_available_on-haked-nl","22":"pa_available_on-payhip","23":"pa_available_on-ravelry","24":"pa_languages-allemand","25":"pa_languages-americain","26":"pa_languages-espagnol","27":"pa_languages-francais","28":"pa_languages-neerlandais","29":"pa_languages-portugais","31":"first","32":"instock","33":"sale","34":"downloadable","35":"virtual","36":"purchasable","37":"product-type-simple"},"acf":[],"yoast_head":"<!-- This site is optimized with the Yoast SEO plugin v27.3 - https:\/\/yoast.com\/product\/yoast-seo-wordpress\/ -->\n<title>Germain le lapin de P\u00e2ques mod\u00e8le de crochet - Craftygenesindonesia<\/title>\n<meta name=\"description\" content=\"Achetez ici mon patron de crochet &quot;Germain le lapin de P\u00e2ques&quot;. Le mod\u00e8le de crochet facile est \u00e9galement disponible sur Etsy, Haked.nl, Ravelry, Payhip\" \/>\n<meta name=\"robots\" content=\"index, follow, max-snippet:-1, max-image-preview:large, max-video-preview:-1\" \/>\n<link rel=\"canonical\" href=\"https:\/\/craftygenesindonesia.com\/fr\/shop\/animaux\/germain-le-lapin-de-paques\/\" \/>\n<meta property=\"og:locale\" content=\"fr_FR\" \/>\n<meta property=\"og:type\" content=\"article\" \/>\n<meta property=\"og:title\" content=\"Mod\u00e8le de crochet &quot;Germain le lapin de P\u00e2ques&quot;.\" \/>\n<meta property=\"og:description\" content=\"Achetez ici mon patron de crochet &quot;Germain le lapin de P\u00e2ques&quot;. Le mod\u00e8le de crochet facile est \u00e9galement disponible sur Etsy, Haked.nl, Ravelry, Payhip\" \/>\n<meta property=\"og:url\" content=\"https:\/\/craftygenesindonesia.com\/fr\/shop\/animaux\/germain-le-lapin-de-paques\/\" \/>\n<meta property=\"og:site_name\" content=\"Craftygenesindonesia\" \/>\n<meta property=\"article:modified_time\" content=\"2026-03-18T13:08:33+00:00\" \/>\n<meta property=\"og:image\" content=\"https:\/\/craftygenesindonesia.com\/wp-content\/uploads\/2025\/03\/Germain-the-Easter-Bunny.jpg\" \/>\n\t<meta property=\"og:image:width\" content=\"1080\" \/>\n\t<meta property=\"og:image:height\" content=\"1080\" \/>\n\t<meta property=\"og:image:type\" content=\"image\/jpeg\" \/>\n<meta name=\"twitter:card\" content=\"summary_large_image\" \/>\n<meta name=\"twitter:label1\" content=\"Dur\u00e9e de lecture estim\u00e9e\" \/>\n\t<meta name=\"twitter:data1\" content=\"2 minutes\" \/>\n<script type=\"application\/ld+json\" class=\"yoast-schema-graph\">{\"@context\":\"https:\\\/\\\/schema.org\",\"@graph\":[{\"@type\":\"WebPage\",\"@id\":\"https:\\\/\\\/craftygenesindonesia.com\\\/fr\\\/shop\\\/animaux\\\/germain-le-lapin-de-paques\\\/\",\"url\":\"https:\\\/\\\/craftygenesindonesia.com\\\/fr\\\/shop\\\/animaux\\\/germain-le-lapin-de-paques\\\/\",\"name\":\"Germain le lapin de P\u00e2ques mod\u00e8le de crochet - Craftygenesindonesia\",\"isPartOf\":{\"@id\":\"https:\\\/\\\/craftygenesindonesia.com\\\/fr\\\/#website\"},\"primaryImageOfPage\":{\"@id\":\"https:\\\/\\\/craftygenesindonesia.com\\\/fr\\\/shop\\\/animaux\\\/germain-le-lapin-de-paques\\\/#primaryimage\"},\"image\":{\"@id\":\"https:\\\/\\\/craftygenesindonesia.com\\\/fr\\\/shop\\\/animaux\\\/germain-le-lapin-de-paques\\\/#primaryimage\"},\"thumbnailUrl\":\"https:\\\/\\\/craftygenesindonesia.com\\\/wp-content\\\/uploads\\\/2025\\\/03\\\/Germain-the-Easter-Bunny.jpg\",\"datePublished\":\"2025-03-14T11:37:05+00:00\",\"dateModified\":\"2026-03-18T13:08:33+00:00\",\"description\":\"Achetez ici mon patron de crochet \\\"Germain le lapin de P\u00e2ques\\\". Le mod\u00e8le de crochet facile est \u00e9galement disponible sur Etsy, Haked.nl, Ravelry, Payhip\",\"breadcrumb\":{\"@id\":\"https:\\\/\\\/craftygenesindonesia.com\\\/fr\\\/shop\\\/animaux\\\/germain-le-lapin-de-paques\\\/#breadcrumb\"},\"inLanguage\":\"fr-FR\",\"potentialAction\":[{\"@type\":\"ReadAction\",\"target\":[\"https:\\\/\\\/craftygenesindonesia.com\\\/fr\\\/shop\\\/animaux\\\/germain-le-lapin-de-paques\\\/\"]}]},{\"@type\":\"ImageObject\",\"inLanguage\":\"fr-FR\",\"@id\":\"https:\\\/\\\/craftygenesindonesia.com\\\/fr\\\/shop\\\/animaux\\\/germain-le-lapin-de-paques\\\/#primaryimage\",\"url\":\"https:\\\/\\\/craftygenesindonesia.com\\\/wp-content\\\/uploads\\\/2025\\\/03\\\/Germain-the-Easter-Bunny.jpg\",\"contentUrl\":\"https:\\\/\\\/craftygenesindonesia.com\\\/wp-content\\\/uploads\\\/2025\\\/03\\\/Germain-the-Easter-Bunny.jpg\",\"width\":1080,\"height\":1080},{\"@type\":\"BreadcrumbList\",\"@id\":\"https:\\\/\\\/craftygenesindonesia.com\\\/fr\\\/shop\\\/animaux\\\/germain-le-lapin-de-paques\\\/#breadcrumb\",\"itemListElement\":[{\"@type\":\"ListItem\",\"position\":1,\"name\":\"Home\",\"item\":\"https:\\\/\\\/craftygenesindonesia.com\\\/fr\\\/\"},{\"@type\":\"ListItem\",\"position\":2,\"name\":\"Boutique de mod\u00e8les\",\"item\":\"https:\\\/\\\/craftygenesindonesia.com\\\/fr\\\/boutique\\\/\"},{\"@type\":\"ListItem\",\"position\":3,\"name\":\"Germain le lapin de P\u00e2ques\"}]},{\"@type\":\"WebSite\",\"@id\":\"https:\\\/\\\/craftygenesindonesia.com\\\/fr\\\/#website\",\"url\":\"https:\\\/\\\/craftygenesindonesia.com\\\/fr\\\/\",\"name\":\"Craftygenesindonesia\",\"description\":\"\",\"publisher\":{\"@id\":\"https:\\\/\\\/craftygenesindonesia.com\\\/fr\\\/#organization\"},\"potentialAction\":[{\"@type\":\"SearchAction\",\"target\":{\"@type\":\"EntryPoint\",\"urlTemplate\":\"https:\\\/\\\/craftygenesindonesia.com\\\/fr\\\/?s={search_term_string}\"},\"query-input\":{\"@type\":\"PropertyValueSpecification\",\"valueRequired\":true,\"valueName\":\"search_term_string\"}}],\"inLanguage\":\"fr-FR\"},{\"@type\":\"Organization\",\"@id\":\"https:\\\/\\\/craftygenesindonesia.com\\\/fr\\\/#organization\",\"name\":\"Craftygenesindonesia\",\"url\":\"https:\\\/\\\/craftygenesindonesia.com\\\/fr\\\/\",\"logo\":{\"@type\":\"ImageObject\",\"inLanguage\":\"fr-FR\",\"@id\":\"https:\\\/\\\/craftygenesindonesia.com\\\/fr\\\/#\\\/schema\\\/logo\\\/image\\\/\",\"url\":\"https:\\\/\\\/craftygenesindonesia.com\\\/wp-content\\\/uploads\\\/2025\\\/11\\\/cropped-Copy-of-Craftygenesindonesia.jpg\",\"contentUrl\":\"https:\\\/\\\/craftygenesindonesia.com\\\/wp-content\\\/uploads\\\/2025\\\/11\\\/cropped-Copy-of-Craftygenesindonesia.jpg\",\"width\":180,\"height\":60,\"caption\":\"Craftygenesindonesia\"},\"image\":{\"@id\":\"https:\\\/\\\/craftygenesindonesia.com\\\/fr\\\/#\\\/schema\\\/logo\\\/image\\\/\"}}]}<\/script>\n<!-- \/ Yoast SEO plugin. -->","yoast_head_json":{"title":"Germain le lapin de P\u00e2ques mod\u00e8le de crochet - Craftygenesindonesia","description":"Achetez ici mon patron de crochet \"Germain le lapin de P\u00e2ques\". Le mod\u00e8le de crochet facile est \u00e9galement disponible sur Etsy, Haked.nl, Ravelry, Payhip","robots":{"index":"index","follow":"follow","max-snippet":"max-snippet:-1","max-image-preview":"max-image-preview:large","max-video-preview":"max-video-preview:-1"},"canonical":"https:\/\/craftygenesindonesia.com\/fr\/shop\/animaux\/germain-le-lapin-de-paques\/","og_locale":"fr_FR","og_type":"article","og_title":"Mod\u00e8le de crochet \"Germain le lapin de P\u00e2ques\".","og_description":"Achetez ici mon patron de crochet \"Germain le lapin de P\u00e2ques\". Le mod\u00e8le de crochet facile est \u00e9galement disponible sur Etsy, Haked.nl, Ravelry, Payhip","og_url":"https:\/\/craftygenesindonesia.com\/fr\/shop\/animaux\/germain-le-lapin-de-paques\/","og_site_name":"Craftygenesindonesia","article_modified_time":"2026-03-18T13:08:33+00:00","og_image":[{"width":1080,"height":1080,"url":"https:\/\/craftygenesindonesia.com\/wp-content\/uploads\/2025\/03\/Germain-the-Easter-Bunny.jpg","type":"image\/jpeg"}],"twitter_card":"summary_large_image","twitter_misc":{"Dur\u00e9e de lecture estim\u00e9e":"2 minutes"},"schema":{"@context":"https:\/\/schema.org","@graph":[{"@type":"WebPage","@id":"https:\/\/craftygenesindonesia.com\/fr\/shop\/animaux\/germain-le-lapin-de-paques\/","url":"https:\/\/craftygenesindonesia.com\/fr\/shop\/animaux\/germain-le-lapin-de-paques\/","name":"Germain le lapin de P\u00e2ques mod\u00e8le de crochet - Craftygenesindonesia","isPartOf":{"@id":"https:\/\/craftygenesindonesia.com\/fr\/#website"},"primaryImageOfPage":{"@id":"https:\/\/craftygenesindonesia.com\/fr\/shop\/animaux\/germain-le-lapin-de-paques\/#primaryimage"},"image":{"@id":"https:\/\/craftygenesindonesia.com\/fr\/shop\/animaux\/germain-le-lapin-de-paques\/#primaryimage"},"thumbnailUrl":"https:\/\/craftygenesindonesia.com\/wp-content\/uploads\/2025\/03\/Germain-the-Easter-Bunny.jpg","datePublished":"2025-03-14T11:37:05+00:00","dateModified":"2026-03-18T13:08:33+00:00","description":"Achetez ici mon patron de crochet \"Germain le lapin de P\u00e2ques\". Le mod\u00e8le de crochet facile est \u00e9galement disponible sur Etsy, Haked.nl, Ravelry, Payhip","breadcrumb":{"@id":"https:\/\/craftygenesindonesia.com\/fr\/shop\/animaux\/germain-le-lapin-de-paques\/#breadcrumb"},"inLanguage":"fr-FR","potentialAction":[{"@type":"ReadAction","target":["https:\/\/craftygenesindonesia.com\/fr\/shop\/animaux\/germain-le-lapin-de-paques\/"]}]},{"@type":"ImageObject","inLanguage":"fr-FR","@id":"https:\/\/craftygenesindonesia.com\/fr\/shop\/animaux\/germain-le-lapin-de-paques\/#primaryimage","url":"https:\/\/craftygenesindonesia.com\/wp-content\/uploads\/2025\/03\/Germain-the-Easter-Bunny.jpg","contentUrl":"https:\/\/craftygenesindonesia.com\/wp-content\/uploads\/2025\/03\/Germain-the-Easter-Bunny.jpg","width":1080,"height":1080},{"@type":"BreadcrumbList","@id":"https:\/\/craftygenesindonesia.com\/fr\/shop\/animaux\/germain-le-lapin-de-paques\/#breadcrumb","itemListElement":[{"@type":"ListItem","position":1,"name":"Home","item":"https:\/\/craftygenesindonesia.com\/fr\/"},{"@type":"ListItem","position":2,"name":"Boutique de mod\u00e8les","item":"https:\/\/craftygenesindonesia.com\/fr\/boutique\/"},{"@type":"ListItem","position":3,"name":"Germain le lapin de P\u00e2ques"}]},{"@type":"WebSite","@id":"https:\/\/craftygenesindonesia.com\/fr\/#website","url":"https:\/\/craftygenesindonesia.com\/fr\/","name":"Craftygenesindonesia","description":"","publisher":{"@id":"https:\/\/craftygenesindonesia.com\/fr\/#organization"},"potentialAction":[{"@type":"SearchAction","target":{"@type":"EntryPoint","urlTemplate":"https:\/\/craftygenesindonesia.com\/fr\/?s={search_term_string}"},"query-input":{"@type":"PropertyValueSpecification","valueRequired":true,"valueName":"search_term_string"}}],"inLanguage":"fr-FR"},{"@type":"Organization","@id":"https:\/\/craftygenesindonesia.com\/fr\/#organization","name":"Craftygenesindonesia","url":"https:\/\/craftygenesindonesia.com\/fr\/","logo":{"@type":"ImageObject","inLanguage":"fr-FR","@id":"https:\/\/craftygenesindonesia.com\/fr\/#\/schema\/logo\/image\/","url":"https:\/\/craftygenesindonesia.com\/wp-content\/uploads\/2025\/11\/cropped-Copy-of-Craftygenesindonesia.jpg","contentUrl":"https:\/\/craftygenesindonesia.com\/wp-content\/uploads\/2025\/11\/cropped-Copy-of-Craftygenesindonesia.jpg","width":180,"height":60,"caption":"Craftygenesindonesia"},"image":{"@id":"https:\/\/craftygenesindonesia.com\/fr\/#\/schema\/logo\/image\/"}}]}},"_links":{"self":[{"href":"https:\/\/craftygenesindonesia.com\/fr\/wp-json\/wp\/v2\/product\/987526521","targetHints":{"allow":["GET"]}}],"collection":[{"href":"https:\/\/craftygenesindonesia.com\/fr\/wp-json\/wp\/v2\/product"}],"about":[{"href":"https:\/\/craftygenesindonesia.com\/fr\/wp-json\/wp\/v2\/types\/product"}],"replies":[{"embeddable":true,"href":"https:\/\/craftygenesindonesia.com\/fr\/wp-json\/wp\/v2\/comments?post=987526521"}],"wp:featuredmedia":[{"embeddable":true,"href":"https:\/\/craftygenesindonesia.com\/fr\/wp-json\/wp\/v2\/media\/987535903"}],"wp:attachment":[{"href":"https:\/\/craftygenesindonesia.com\/fr\/wp-json\/wp\/v2\/media?parent=987526521"}],"wp:term":[{"taxonomy":"product_brand","embeddable":true,"href":"https:\/\/craftygenesindonesia.com\/fr\/wp-json\/wp\/v2\/product_brand?post=987526521"},{"taxonomy":"product_cat","embeddable":true,"href":"https:\/\/craftygenesindonesia.com\/fr\/wp-json\/wp\/v2\/product_cat?post=987526521"},{"taxonomy":"product_tag","embeddable":true,"href":"https:\/\/craftygenesindonesia.com\/fr\/wp-json\/wp\/v2\/product_tag?post=987526521"}],"curies":[{"name":"wp","href":"https:\/\/api.w.org\/{rel}","templated":true}]}}