{"id":987526097,"date":"2025-02-14T16:30:17","date_gmt":"2025-02-14T08:30:17","guid":{"rendered":"https:\/\/craftygenesindonesia.com\/?post_type=product&#038;p=987526097"},"modified":"2026-03-19T05:41:36","modified_gmt":"2026-03-18T21:41:36","slug":"lola-edition-pour-les-aides-auditives","status":"publish","type":"product","link":"https:\/\/craftygenesindonesia.com\/fr\/shop\/poupees-pour-enfants\/lola-edition-pour-les-aides-auditives\/","title":{"rendered":"Lola, \u00c9dition pour les aides auditives"},"content":{"rendered":"<p><strong>Taille<\/strong>: 48cm\/ 19inch (jambes incluses)<\/p>\n<p><strong>Fil<\/strong>: Fil de poids DK tel que Catona Softfun ou fil de coton laitier 4ply, dans les couleurs suivantes : <a href=\"https:\/\/haked.nl\/product\/garen-katoen-acryl-mix-scheepjes-softfun-2466-peach\/\" target=\"_blank\" rel=\"noopener\">couleur chair<\/a>, <a href=\"https:\/\/haked.nl\/product\/garen-katoen-acryl-mix-scheepjes-softfun-2412-snow\/\" target=\"_blank\" rel=\"noopener\">blanc<\/a>, <a href=\"https:\/\/haked.nl\/product\/garen-katoen-acryl-mix-scheepjes-softfun-2495-hot-pink\/\" target=\"_blank\" rel=\"noopener\">rose<\/a>, <a href=\"https:\/\/haked.nl\/product\/garen-katoen-acryl-mix-scheepjes-softfun-2636-soft-coral\/\" target=\"_blank\" rel=\"noopener\">saumon<\/a>, <a href=\"https:\/\/haked.nl\/product\/garen-katoen-acryl-mix-scheepjes-softfun-2518-canary\/\" target=\"_blank\" rel=\"noopener\">jaune<\/a>, <a href=\"https:\/\/haked.nl\/product\/garen-katoen-acryl-mix-scheepjes-softfun-2654-magenta\/\" target=\"_blank\" rel=\"noopener\">magenta<\/a>, <a href=\"https:\/\/haked.nl\/product\/garen-katoen-acryl-mix-scheepjes-softfun-2410-candy-apple\/\" target=\"_blank\" rel=\"noopener\">rouge<\/a>, <a href=\"https:\/\/haked.nl\/product\/garen-katoen-acryl-mix-scheepjes-softfun-2408-black\/\" target=\"_blank\" rel=\"noopener\">noir<\/a>, <a href=\"https:\/\/haked.nl\/product\/garen-katoen-acryl-mix-scheepjes-softfun-2621-mustard\/\" target=\"_blank\" rel=\"noopener\">marron<\/a>, <a href=\"https:\/\/haked.nl\/product\/garen-katoen-acryl-mix-scheepjes-softfun-2629-azure\/\" target=\"_blank\" rel=\"noopener\">bleu<\/a>.<\/p>\n<p>&nbsp;<\/p>\n<p><strong>**Cette poup\u00e9e sera environ 10-15% plus petite si elle est r\u00e9alis\u00e9e avec des fils de poids &#8220;FINGERING&#8221; tels que Catona, Catania, &#8230;<\/strong><\/p>\n<p>&nbsp;<\/p>\n<p><strong>Autres \u00e9l\u00e9ments n\u00e9cessaires<\/strong>: rembourrage, ciseaux, aiguille \u00e0 tapisserie, \u00e9pingles \u00e0 coudre, deux yeux de s\u00e9curit\u00e9 noirs de 14 mm, un goujon\/une baguette \u00e9paisse pour emp\u00eacher la t\u00eate de tomber.<\/p>\n<p>&nbsp;<\/p>\n<p><strong>Crochet :<\/strong> 2.5mm<\/p>\n<p>&nbsp;<\/p>\n<p>Ce patron est un guide \u00e9crit accompagn\u00e9 de nombreuses photos pour vous aider. Si vous avez des questions, envoyez-moi un message \u00e0 l&#8217;adresse suivante : craftygenesindonesia@gmail.com <\/p>\n<p>&nbsp;<\/p>\n<p><strong>-Ce patron est r\u00e9serv\u00e9 \u00e0 un usage personnel et est prot\u00e9g\u00e9 par le droit d&#8217;auteur. Par cons\u00e9quent, il est INTERDIT de le copier, de le vendre, de le revendre, de le traduire, de le pr\u00e9senter comme votre propre cr\u00e9ation, de le distribuer, de le partager, de le publier ou de le mettre en ligne sous quelque forme que ce soit sans mon autorisation.  Pas du tout !!!<\/strong><\/p>\n<p>&nbsp;<\/p>\n<p><strong>Vous pouvez vendre le produit fini en petites quantit\u00e9s, MAIS PAS LE PATRON EN LUI-M\u00caME ! Mentionnez que le mod\u00e8le provient de Craftygenesindonesia et indiquez o\u00f9 vous pouvez l&#8217;acheter. <\/strong><\/p>\n","protected":false},"excerpt":{"rendered":"<p>Ce mod\u00e8le de crochet facile a \u00e9t\u00e9 r\u00e9alis\u00e9 en l&#8217;honneur de ma ni\u00e8ce. J&#8217;ai pens\u00e9 que ce serait merveilleux pour elle d&#8217;avoir une poup\u00e9e avec des appareils auditifs, tout comme elle. <\/p>\n","protected":false},"featured_media":987526062,"comment_status":"open","ping_status":"closed","template":"","meta":{"_acf_changed":false},"product_brand":[],"product_cat":[3663,3665],"product_tag":[11892,11090,11041,10849,11278,11434],"class_list":{"0":"post-987526097","1":"product","2":"type-product","3":"status-publish","4":"has-post-thumbnail","6":"product_cat-poupees-pour-enfants","7":"product_cat-poupees-lola","8":"product_tag-aide-auditive","9":"product_tag-poupee-fr","10":"product_tag-poupee-au-crochet","11":"product_tag-poupee-bebe","12":"product_tag-poupees-pour-enfants","13":"product_tag-rose-fr","14":"pa_available_on-craftygenesindonesia","15":"pa_available_on-etsy","16":"pa_available_on-haked-nl","17":"pa_available_on-payhip","18":"pa_available_on-ravelry","19":"pa_languages-allemand","20":"pa_languages-americain","21":"pa_languages-espagnol","22":"pa_languages-francais","23":"pa_languages-neerlandais","25":"first","26":"instock","27":"downloadable","28":"virtual","29":"purchasable","30":"product-type-simple"},"acf":[],"yoast_head":"<!-- This site is optimized with the Yoast SEO plugin v27.3 - https:\/\/yoast.com\/product\/yoast-seo-wordpress\/ -->\n<title>Lola, \u00c9dition pour les aides auditives mod\u00e8les de crochet - Craftygenesindonesia<\/title>\n<meta name=\"description\" content=\"Achetez ici mon mod\u00e8le de crochet &quot;Lola, \u00c9dition pour les aides auditives&quot;. Ce mod\u00e8le de crochet facile est \u00e9galement disponible sur Etsy, Haked.nl, Ravelry, Payhip.\" \/>\n<meta name=\"robots\" content=\"index, follow, max-snippet:-1, max-image-preview:large, max-video-preview:-1\" \/>\n<link rel=\"canonical\" href=\"https:\/\/craftygenesindonesia.com\/fr\/shop\/poupees-pour-enfants\/lola-edition-pour-les-aides-auditives\/\" \/>\n<meta property=\"og:locale\" content=\"fr_FR\" \/>\n<meta property=\"og:type\" content=\"article\" \/>\n<meta property=\"og:title\" content=\"Mod\u00e8le de crochet &quot;Lola, \u00c9dition pour les aides auditives&quot;.\" \/>\n<meta property=\"og:description\" content=\"Achetez ici mon mod\u00e8le de crochet &quot;Lola, \u00c9dition pour les aides auditives&quot;. Ce mod\u00e8le de crochet facile est \u00e9galement disponible sur Etsy, Haked.nl, Ravelry, Payhip.\" \/>\n<meta property=\"og:url\" content=\"https:\/\/craftygenesindonesia.com\/fr\/shop\/poupees-pour-enfants\/lola-edition-pour-les-aides-auditives\/\" \/>\n<meta property=\"og:site_name\" content=\"Craftygenesindonesia\" \/>\n<meta property=\"article:modified_time\" content=\"2026-03-18T21:41:36+00:00\" \/>\n<meta property=\"og:image\" content=\"https:\/\/craftygenesindonesia.com\/wp-content\/uploads\/2025\/02\/1-300x300.jpg\" \/>\n<meta name=\"twitter:card\" content=\"summary_large_image\" \/>\n<meta name=\"twitter:label1\" content=\"Dur\u00e9e de lecture estim\u00e9e\" \/>\n\t<meta name=\"twitter:data1\" content=\"2 minutes\" \/>\n<script type=\"application\/ld+json\" class=\"yoast-schema-graph\">{\"@context\":\"https:\\\/\\\/schema.org\",\"@graph\":[{\"@type\":\"WebPage\",\"@id\":\"https:\\\/\\\/craftygenesindonesia.com\\\/fr\\\/shop\\\/poupees-pour-enfants\\\/lola-edition-pour-les-aides-auditives\\\/\",\"url\":\"https:\\\/\\\/craftygenesindonesia.com\\\/fr\\\/shop\\\/poupees-pour-enfants\\\/lola-edition-pour-les-aides-auditives\\\/\",\"name\":\"Lola, \u00c9dition pour les aides auditives mod\u00e8les de crochet - Craftygenesindonesia\",\"isPartOf\":{\"@id\":\"https:\\\/\\\/craftygenesindonesia.com\\\/fr\\\/#website\"},\"primaryImageOfPage\":{\"@id\":\"https:\\\/\\\/craftygenesindonesia.com\\\/fr\\\/shop\\\/poupees-pour-enfants\\\/lola-edition-pour-les-aides-auditives\\\/#primaryimage\"},\"image\":{\"@id\":\"https:\\\/\\\/craftygenesindonesia.com\\\/fr\\\/shop\\\/poupees-pour-enfants\\\/lola-edition-pour-les-aides-auditives\\\/#primaryimage\"},\"thumbnailUrl\":\"https:\\\/\\\/craftygenesindonesia.com\\\/wp-content\\\/uploads\\\/2025\\\/02\\\/1.jpg\",\"datePublished\":\"2025-02-14T08:30:17+00:00\",\"dateModified\":\"2026-03-18T21:41:36+00:00\",\"description\":\"Achetez ici mon mod\u00e8le de crochet \\\"Lola, \u00c9dition pour les aides auditives\\\". Ce mod\u00e8le de crochet facile est \u00e9galement disponible sur Etsy, Haked.nl, Ravelry, Payhip.\",\"breadcrumb\":{\"@id\":\"https:\\\/\\\/craftygenesindonesia.com\\\/fr\\\/shop\\\/poupees-pour-enfants\\\/lola-edition-pour-les-aides-auditives\\\/#breadcrumb\"},\"inLanguage\":\"fr-FR\",\"potentialAction\":[{\"@type\":\"ReadAction\",\"target\":[\"https:\\\/\\\/craftygenesindonesia.com\\\/fr\\\/shop\\\/poupees-pour-enfants\\\/lola-edition-pour-les-aides-auditives\\\/\"]}]},{\"@type\":\"ImageObject\",\"inLanguage\":\"fr-FR\",\"@id\":\"https:\\\/\\\/craftygenesindonesia.com\\\/fr\\\/shop\\\/poupees-pour-enfants\\\/lola-edition-pour-les-aides-auditives\\\/#primaryimage\",\"url\":\"https:\\\/\\\/craftygenesindonesia.com\\\/wp-content\\\/uploads\\\/2025\\\/02\\\/1.jpg\",\"contentUrl\":\"https:\\\/\\\/craftygenesindonesia.com\\\/wp-content\\\/uploads\\\/2025\\\/02\\\/1.jpg\",\"width\":1080,\"height\":1080,\"caption\":\"\"},{\"@type\":\"BreadcrumbList\",\"@id\":\"https:\\\/\\\/craftygenesindonesia.com\\\/fr\\\/shop\\\/poupees-pour-enfants\\\/lola-edition-pour-les-aides-auditives\\\/#breadcrumb\",\"itemListElement\":[{\"@type\":\"ListItem\",\"position\":1,\"name\":\"Home\",\"item\":\"https:\\\/\\\/craftygenesindonesia.com\\\/fr\\\/\"},{\"@type\":\"ListItem\",\"position\":2,\"name\":\"Boutique de mod\u00e8les\",\"item\":\"https:\\\/\\\/craftygenesindonesia.com\\\/fr\\\/boutique\\\/\"},{\"@type\":\"ListItem\",\"position\":3,\"name\":\"Lola, \u00c9dition pour les aides auditives\"}]},{\"@type\":\"WebSite\",\"@id\":\"https:\\\/\\\/craftygenesindonesia.com\\\/fr\\\/#website\",\"url\":\"https:\\\/\\\/craftygenesindonesia.com\\\/fr\\\/\",\"name\":\"Craftygenesindonesia\",\"description\":\"\",\"publisher\":{\"@id\":\"https:\\\/\\\/craftygenesindonesia.com\\\/fr\\\/#organization\"},\"potentialAction\":[{\"@type\":\"SearchAction\",\"target\":{\"@type\":\"EntryPoint\",\"urlTemplate\":\"https:\\\/\\\/craftygenesindonesia.com\\\/fr\\\/?s={search_term_string}\"},\"query-input\":{\"@type\":\"PropertyValueSpecification\",\"valueRequired\":true,\"valueName\":\"search_term_string\"}}],\"inLanguage\":\"fr-FR\"},{\"@type\":\"Organization\",\"@id\":\"https:\\\/\\\/craftygenesindonesia.com\\\/fr\\\/#organization\",\"name\":\"Craftygenesindonesia\",\"url\":\"https:\\\/\\\/craftygenesindonesia.com\\\/fr\\\/\",\"logo\":{\"@type\":\"ImageObject\",\"inLanguage\":\"fr-FR\",\"@id\":\"https:\\\/\\\/craftygenesindonesia.com\\\/fr\\\/#\\\/schema\\\/logo\\\/image\\\/\",\"url\":\"https:\\\/\\\/craftygenesindonesia.com\\\/wp-content\\\/uploads\\\/2025\\\/11\\\/cropped-Copy-of-Craftygenesindonesia.jpg\",\"contentUrl\":\"https:\\\/\\\/craftygenesindonesia.com\\\/wp-content\\\/uploads\\\/2025\\\/11\\\/cropped-Copy-of-Craftygenesindonesia.jpg\",\"width\":180,\"height\":60,\"caption\":\"Craftygenesindonesia\"},\"image\":{\"@id\":\"https:\\\/\\\/craftygenesindonesia.com\\\/fr\\\/#\\\/schema\\\/logo\\\/image\\\/\"}}]}<\/script>\n<!-- \/ Yoast SEO plugin. -->","yoast_head_json":{"title":"Lola, \u00c9dition pour les aides auditives mod\u00e8les de crochet - Craftygenesindonesia","description":"Achetez ici mon mod\u00e8le de crochet \"Lola, \u00c9dition pour les aides auditives\". Ce mod\u00e8le de crochet facile est \u00e9galement disponible sur Etsy, Haked.nl, Ravelry, Payhip.","robots":{"index":"index","follow":"follow","max-snippet":"max-snippet:-1","max-image-preview":"max-image-preview:large","max-video-preview":"max-video-preview:-1"},"canonical":"https:\/\/craftygenesindonesia.com\/fr\/shop\/poupees-pour-enfants\/lola-edition-pour-les-aides-auditives\/","og_locale":"fr_FR","og_type":"article","og_title":"Mod\u00e8le de crochet \"Lola, \u00c9dition pour les aides auditives\".","og_description":"Achetez ici mon mod\u00e8le de crochet \"Lola, \u00c9dition pour les aides auditives\". Ce mod\u00e8le de crochet facile est \u00e9galement disponible sur Etsy, Haked.nl, Ravelry, Payhip.","og_url":"https:\/\/craftygenesindonesia.com\/fr\/shop\/poupees-pour-enfants\/lola-edition-pour-les-aides-auditives\/","og_site_name":"Craftygenesindonesia","article_modified_time":"2026-03-18T21:41:36+00:00","og_image":[{"url":"https:\/\/craftygenesindonesia.com\/wp-content\/uploads\/2025\/02\/1-300x300.jpg","type":"","width":"","height":""}],"twitter_card":"summary_large_image","twitter_misc":{"Dur\u00e9e de lecture estim\u00e9e":"2 minutes"},"schema":{"@context":"https:\/\/schema.org","@graph":[{"@type":"WebPage","@id":"https:\/\/craftygenesindonesia.com\/fr\/shop\/poupees-pour-enfants\/lola-edition-pour-les-aides-auditives\/","url":"https:\/\/craftygenesindonesia.com\/fr\/shop\/poupees-pour-enfants\/lola-edition-pour-les-aides-auditives\/","name":"Lola, \u00c9dition pour les aides auditives mod\u00e8les de crochet - Craftygenesindonesia","isPartOf":{"@id":"https:\/\/craftygenesindonesia.com\/fr\/#website"},"primaryImageOfPage":{"@id":"https:\/\/craftygenesindonesia.com\/fr\/shop\/poupees-pour-enfants\/lola-edition-pour-les-aides-auditives\/#primaryimage"},"image":{"@id":"https:\/\/craftygenesindonesia.com\/fr\/shop\/poupees-pour-enfants\/lola-edition-pour-les-aides-auditives\/#primaryimage"},"thumbnailUrl":"https:\/\/craftygenesindonesia.com\/wp-content\/uploads\/2025\/02\/1.jpg","datePublished":"2025-02-14T08:30:17+00:00","dateModified":"2026-03-18T21:41:36+00:00","description":"Achetez ici mon mod\u00e8le de crochet \"Lola, \u00c9dition pour les aides auditives\". Ce mod\u00e8le de crochet facile est \u00e9galement disponible sur Etsy, Haked.nl, Ravelry, Payhip.","breadcrumb":{"@id":"https:\/\/craftygenesindonesia.com\/fr\/shop\/poupees-pour-enfants\/lola-edition-pour-les-aides-auditives\/#breadcrumb"},"inLanguage":"fr-FR","potentialAction":[{"@type":"ReadAction","target":["https:\/\/craftygenesindonesia.com\/fr\/shop\/poupees-pour-enfants\/lola-edition-pour-les-aides-auditives\/"]}]},{"@type":"ImageObject","inLanguage":"fr-FR","@id":"https:\/\/craftygenesindonesia.com\/fr\/shop\/poupees-pour-enfants\/lola-edition-pour-les-aides-auditives\/#primaryimage","url":"https:\/\/craftygenesindonesia.com\/wp-content\/uploads\/2025\/02\/1.jpg","contentUrl":"https:\/\/craftygenesindonesia.com\/wp-content\/uploads\/2025\/02\/1.jpg","width":1080,"height":1080,"caption":""},{"@type":"BreadcrumbList","@id":"https:\/\/craftygenesindonesia.com\/fr\/shop\/poupees-pour-enfants\/lola-edition-pour-les-aides-auditives\/#breadcrumb","itemListElement":[{"@type":"ListItem","position":1,"name":"Home","item":"https:\/\/craftygenesindonesia.com\/fr\/"},{"@type":"ListItem","position":2,"name":"Boutique de mod\u00e8les","item":"https:\/\/craftygenesindonesia.com\/fr\/boutique\/"},{"@type":"ListItem","position":3,"name":"Lola, \u00c9dition pour les aides auditives"}]},{"@type":"WebSite","@id":"https:\/\/craftygenesindonesia.com\/fr\/#website","url":"https:\/\/craftygenesindonesia.com\/fr\/","name":"Craftygenesindonesia","description":"","publisher":{"@id":"https:\/\/craftygenesindonesia.com\/fr\/#organization"},"potentialAction":[{"@type":"SearchAction","target":{"@type":"EntryPoint","urlTemplate":"https:\/\/craftygenesindonesia.com\/fr\/?s={search_term_string}"},"query-input":{"@type":"PropertyValueSpecification","valueRequired":true,"valueName":"search_term_string"}}],"inLanguage":"fr-FR"},{"@type":"Organization","@id":"https:\/\/craftygenesindonesia.com\/fr\/#organization","name":"Craftygenesindonesia","url":"https:\/\/craftygenesindonesia.com\/fr\/","logo":{"@type":"ImageObject","inLanguage":"fr-FR","@id":"https:\/\/craftygenesindonesia.com\/fr\/#\/schema\/logo\/image\/","url":"https:\/\/craftygenesindonesia.com\/wp-content\/uploads\/2025\/11\/cropped-Copy-of-Craftygenesindonesia.jpg","contentUrl":"https:\/\/craftygenesindonesia.com\/wp-content\/uploads\/2025\/11\/cropped-Copy-of-Craftygenesindonesia.jpg","width":180,"height":60,"caption":"Craftygenesindonesia"},"image":{"@id":"https:\/\/craftygenesindonesia.com\/fr\/#\/schema\/logo\/image\/"}}]}},"_links":{"self":[{"href":"https:\/\/craftygenesindonesia.com\/fr\/wp-json\/wp\/v2\/product\/987526097","targetHints":{"allow":["GET"]}}],"collection":[{"href":"https:\/\/craftygenesindonesia.com\/fr\/wp-json\/wp\/v2\/product"}],"about":[{"href":"https:\/\/craftygenesindonesia.com\/fr\/wp-json\/wp\/v2\/types\/product"}],"replies":[{"embeddable":true,"href":"https:\/\/craftygenesindonesia.com\/fr\/wp-json\/wp\/v2\/comments?post=987526097"}],"wp:featuredmedia":[{"embeddable":true,"href":"https:\/\/craftygenesindonesia.com\/fr\/wp-json\/wp\/v2\/media\/987526062"}],"wp:attachment":[{"href":"https:\/\/craftygenesindonesia.com\/fr\/wp-json\/wp\/v2\/media?parent=987526097"}],"wp:term":[{"taxonomy":"product_brand","embeddable":true,"href":"https:\/\/craftygenesindonesia.com\/fr\/wp-json\/wp\/v2\/product_brand?post=987526097"},{"taxonomy":"product_cat","embeddable":true,"href":"https:\/\/craftygenesindonesia.com\/fr\/wp-json\/wp\/v2\/product_cat?post=987526097"},{"taxonomy":"product_tag","embeddable":true,"href":"https:\/\/craftygenesindonesia.com\/fr\/wp-json\/wp\/v2\/product_tag?post=987526097"}],"curies":[{"name":"wp","href":"https:\/\/api.w.org\/{rel}","templated":true}]}}