{"id":987521581,"date":"2024-11-09T16:03:37","date_gmt":"2024-11-09T08:03:37","guid":{"rendered":"https:\/\/craftygenesindonesia.com\/?post_type=product&#038;p=987521581"},"modified":"2026-04-22T06:15:44","modified_gmt":"2026-04-21T22:15:44","slug":"the-fab-xmas-five","status":"publish","type":"product","link":"https:\/\/craftygenesindonesia.com\/fr\/shop\/noel\/the-fab-xmas-five\/","title":{"rendered":"The Fab Xmas Five"},"content":{"rendered":"<p><strong>Fab Christmas Five<\/strong><\/p>\n<p>&nbsp;<\/p>\n<p><strong>Type de fichier : <\/strong>mod\u00e8le de crochet &#8211; t\u00e9l\u00e9chargement num\u00e9rique, pas d&#8217;article physique<\/p>\n<p><strong>Langues disponibles : anglais, n\u00e9erlandais, fran\u00e7ais, espagnol, allemand, portugais, italien<\/strong><\/p>\n<p>Dimensions de l&#8217;objet fini : tous mesurent environ 19 cm ou 7,5 pouces<\/p>\n<p>&nbsp;<\/p>\n<p><strong>Type de fil :<\/strong> fil de type \u00ab fingering \u00bb (taille 3)<\/p>\n<p><strong>Marques recommand\u00e9es : <\/strong>Catona par Scheepjes, Durable Coral, .<\/p>\n<p>Couleurs de fil n\u00e9cessaires : marron, beige, rouge, marron fonc\u00e9, couleur chair, noir, vert fonc\u00e9, orange, blanc<\/p>\n<p>Il vous faudra \u00e9galement ceci : du fil de chenille ou de velours blanc<\/p>\n<p>&nbsp;<\/p>\n<p><strong>Crochet :<\/strong> 2mm<\/p>\n<p>&nbsp;<\/p>\n<p>Autres fournitures n\u00e9cessaires : rembourrage, marqueurs de mailles, ciseaux, colle + pistolet \u00e0 colle, m\u00e8tre ruban, aiguille, crayon, r\u00e8gle, fil d&#8217;aluminium de 1,5 mm, fil d&#8217;aluminium de 3 mm, pince coupante, lunettes de poup\u00e9e de 70 mm de large (les miennes sont en plastique et proviennent de veilleuses bon march\u00e9), fard \u00e0 joues (facultatif), pinceau \u00e0 maquillage (facultatif), 2 boutons noirs de 10 mm (pour le corps du bonhomme de neige), une feuille de feutrine, des cerises artificielles rouges de 10 mm, des yeux de poup\u00e9e noirs \u00e0 dos plat de 15 mm, du carton de 5 mm d&#8217;\u00e9paisseur<\/p>\n<p>&nbsp;<\/p>\n<p><strong>Droits d&#8217;auteur et aide :<\/strong><\/p>\n<p>Ce mod\u00e8le est un mod\u00e8le \u00e9crit (num\u00e9rique) avec de nombreuses photos pour vous aider. Si vous avez des questions sur le mod\u00e8le, envoyez-moi un courriel \u00e0 l&#8217;adresse suivante : craftygenesindonesia@gmail.com<\/p>\n<p>&nbsp;<\/p>\n<p><strong>Ce mod\u00e8le de crochet num\u00e9rique est r\u00e9serv\u00e9 \u00e0 un usage personnel et est prot\u00e9g\u00e9 par des droits d&#8217;auteur. Par cons\u00e9quent, vous ne pouvez pas copier, vendre, revendre, traduire, revendiquer comme votre propre design, distribuer, partager, publier, poster uniquement, &#8230; de quelque mani\u00e8re ou forme que ce soit sans mon autorisation. Pas m\u00eame une partie ! <\/strong><\/p>\n<p>&nbsp;<\/p>\n<p><strong>Vous pouvez vendre le produit fini ou l&#8217;article, en petites quantit\u00e9s, mais vous n&#8217;avez pas le droit de vendre le mod\u00e8le de crochet lui-m\u00eame ! Mentionnez que le mod\u00e8le de crochet est de moi, Craftygenesindonesia, et o\u00f9 il peut \u00eatre achet\u00e9. <\/strong><\/p>\n","protected":false},"excerpt":{"rendered":"<p>Apportez une touche festive \u00e0 vos cr\u00e9ations gr\u00e2ce \u00e0 ce ravissant ensemble de mod\u00e8les au crochet comprenant des bustes du P\u00e8re No\u00ebl, de M\u00e8re No\u00ebl, d&#8217;un bonhomme de neige, d&#8217;un renne et d&#8217;un bonhomme en pain d&#8217;\u00e9pices. Chaque mod\u00e8le est plein de caract\u00e8re et id\u00e9al pour la d\u00e9coration des f\u00eates, les cadeaux ou les d\u00e9corations saisonni\u00e8res. Un projet amusant et cr\u00e9atif pour ajouter une touche chaleureuse de No\u00ebl \u00e0 n&#8217;importe quel espace.<\/p>\n","protected":false},"featured_media":987540548,"comment_status":"open","ping_status":"closed","template":"","meta":{"_acf_changed":false},"product_brand":[],"product_cat":[3653],"product_tag":[9504,10984,11254,11253,11811,11816,10723,13706,11176,11809,11145,11494,8627,11808],"class_list":{"0":"post-987521581","1":"product","2":"type-product","3":"status-publish","4":"has-post-thumbnail","6":"product_cat-noel","7":"product_tag-buste-fr-2","8":"product_tag-cerise","9":"product_tag-feuille-de-houx-fr","10":"product_tag-houx-fr","11":"product_tag-kerst-versiering-fr","12":"product_tag-kerstman-fr","13":"product_tag-mrs-fr","14":"product_tag-noel","15":"product_tag-pain-depices-fr","16":"product_tag-peperkoekman-fr","17":"product_tag-pere-noel-fr","18":"product_tag-reindeer-fr","19":"product_tag-santa-fr","20":"product_tag-sneeuwman-fr","21":"pa_available_on-craftygenesindonesia","22":"pa_available_on-etsy","23":"pa_available_on-haked-nl","24":"pa_available_on-payhip","25":"pa_available_on-ravelry","26":"pa_languages-allemand","27":"pa_languages-americain","28":"pa_languages-espagnol","29":"pa_languages-francais","30":"pa_languages-italien","31":"pa_languages-neerlandais","32":"pa_languages-portugais","34":"first","35":"instock","36":"downloadable","37":"virtual","38":"purchasable","39":"product-type-simple"},"acf":[],"yoast_head":"<!-- This site is optimized with the Yoast SEO plugin v27.5 - https:\/\/yoast.com\/product\/yoast-seo-wordpress\/ -->\n<title>The Fab Xmas Five mod\u00e8le de crochet - Craftygenesindonesia<\/title>\n<meta name=\"description\" content=\"Achetez ici mon patron de crochet \u00ab The Fab Xmas Five \u00bb. Ce patron est \u00e9galement disponible sur Etsy, Haked.nl, Ravelry et Payhip.\" \/>\n<meta name=\"robots\" content=\"index, follow, max-snippet:-1, max-image-preview:large, max-video-preview:-1\" \/>\n<link rel=\"canonical\" href=\"https:\/\/craftygenesindonesia.com\/fr\/shop\/noel\/the-fab-xmas-five\/\" \/>\n<meta property=\"og:locale\" content=\"fr_FR\" \/>\n<meta property=\"og:type\" content=\"article\" \/>\n<meta property=\"og:title\" content=\"Mod\u00e8le de crochet &quot;The Fab Xmas Five&quot;\" \/>\n<meta property=\"og:description\" content=\"Achetez ici mon patron de crochet \u00ab The Fab Xmas Five \u00bb. Ce patron est \u00e9galement disponible sur Etsy, Haked.nl, Ravelry et Payhip.\" \/>\n<meta property=\"og:url\" content=\"https:\/\/craftygenesindonesia.com\/fr\/shop\/noel\/the-fab-xmas-five\/\" \/>\n<meta property=\"og:site_name\" content=\"Craftygenesindonesia\" \/>\n<meta property=\"article:modified_time\" content=\"2026-04-21T22:15:44+00:00\" \/>\n<meta property=\"og:image\" content=\"https:\/\/craftygenesindonesia.com\/wp-content\/uploads\/2024\/11\/The-Fab-Christmas-Five-1.jpg\" \/>\n\t<meta property=\"og:image:width\" content=\"1080\" \/>\n\t<meta property=\"og:image:height\" content=\"1080\" \/>\n\t<meta property=\"og:image:type\" content=\"image\/jpeg\" \/>\n<meta name=\"twitter:card\" content=\"summary_large_image\" \/>\n<meta name=\"twitter:label1\" content=\"Dur\u00e9e de lecture estim\u00e9e\" \/>\n\t<meta name=\"twitter:data1\" content=\"2 minutes\" \/>\n<script type=\"application\/ld+json\" class=\"yoast-schema-graph\">{\"@context\":\"https:\\\/\\\/schema.org\",\"@graph\":[{\"@type\":\"WebPage\",\"@id\":\"https:\\\/\\\/craftygenesindonesia.com\\\/fr\\\/shop\\\/noel\\\/the-fab-xmas-five\\\/\",\"url\":\"https:\\\/\\\/craftygenesindonesia.com\\\/fr\\\/shop\\\/noel\\\/the-fab-xmas-five\\\/\",\"name\":\"The Fab Xmas Five mod\u00e8le de crochet - Craftygenesindonesia\",\"isPartOf\":{\"@id\":\"https:\\\/\\\/craftygenesindonesia.com\\\/fr\\\/#website\"},\"primaryImageOfPage\":{\"@id\":\"https:\\\/\\\/craftygenesindonesia.com\\\/fr\\\/shop\\\/noel\\\/the-fab-xmas-five\\\/#primaryimage\"},\"image\":{\"@id\":\"https:\\\/\\\/craftygenesindonesia.com\\\/fr\\\/shop\\\/noel\\\/the-fab-xmas-five\\\/#primaryimage\"},\"thumbnailUrl\":\"https:\\\/\\\/craftygenesindonesia.com\\\/wp-content\\\/uploads\\\/2024\\\/11\\\/The-Fab-Christmas-Five-1.jpg\",\"datePublished\":\"2024-11-09T08:03:37+00:00\",\"dateModified\":\"2026-04-21T22:15:44+00:00\",\"description\":\"Achetez ici mon patron de crochet \u00ab The Fab Xmas Five \u00bb. Ce patron est \u00e9galement disponible sur Etsy, Haked.nl, Ravelry et Payhip.\",\"breadcrumb\":{\"@id\":\"https:\\\/\\\/craftygenesindonesia.com\\\/fr\\\/shop\\\/noel\\\/the-fab-xmas-five\\\/#breadcrumb\"},\"inLanguage\":\"fr-FR\",\"potentialAction\":[{\"@type\":\"ReadAction\",\"target\":[\"https:\\\/\\\/craftygenesindonesia.com\\\/fr\\\/shop\\\/noel\\\/the-fab-xmas-five\\\/\"]}]},{\"@type\":\"ImageObject\",\"inLanguage\":\"fr-FR\",\"@id\":\"https:\\\/\\\/craftygenesindonesia.com\\\/fr\\\/shop\\\/noel\\\/the-fab-xmas-five\\\/#primaryimage\",\"url\":\"https:\\\/\\\/craftygenesindonesia.com\\\/wp-content\\\/uploads\\\/2024\\\/11\\\/The-Fab-Christmas-Five-1.jpg\",\"contentUrl\":\"https:\\\/\\\/craftygenesindonesia.com\\\/wp-content\\\/uploads\\\/2024\\\/11\\\/The-Fab-Christmas-Five-1.jpg\",\"width\":1080,\"height\":1080,\"caption\":\"bustes au crochet repr\u00e9sentant le P\u00e8re No\u00ebl, M\u00e8re No\u00ebl, un bonhomme de neige, un renne et un bonhomme en pain d'\u00e9pices\"},{\"@type\":\"BreadcrumbList\",\"@id\":\"https:\\\/\\\/craftygenesindonesia.com\\\/fr\\\/shop\\\/noel\\\/the-fab-xmas-five\\\/#breadcrumb\",\"itemListElement\":[{\"@type\":\"ListItem\",\"position\":1,\"name\":\"Home\",\"item\":\"https:\\\/\\\/craftygenesindonesia.com\\\/fr\\\/\"},{\"@type\":\"ListItem\",\"position\":2,\"name\":\"Boutique de mod\u00e8les\",\"item\":\"https:\\\/\\\/craftygenesindonesia.com\\\/fr\\\/boutique\\\/\"},{\"@type\":\"ListItem\",\"position\":3,\"name\":\"The Fab Xmas Five\"}]},{\"@type\":\"WebSite\",\"@id\":\"https:\\\/\\\/craftygenesindonesia.com\\\/fr\\\/#website\",\"url\":\"https:\\\/\\\/craftygenesindonesia.com\\\/fr\\\/\",\"name\":\"Craftygenesindonesia\",\"description\":\"\",\"publisher\":{\"@id\":\"https:\\\/\\\/craftygenesindonesia.com\\\/fr\\\/#organization\"},\"potentialAction\":[{\"@type\":\"SearchAction\",\"target\":{\"@type\":\"EntryPoint\",\"urlTemplate\":\"https:\\\/\\\/craftygenesindonesia.com\\\/fr\\\/?s={search_term_string}\"},\"query-input\":{\"@type\":\"PropertyValueSpecification\",\"valueRequired\":true,\"valueName\":\"search_term_string\"}}],\"inLanguage\":\"fr-FR\"},{\"@type\":\"Organization\",\"@id\":\"https:\\\/\\\/craftygenesindonesia.com\\\/fr\\\/#organization\",\"name\":\"Craftygenesindonesia\",\"url\":\"https:\\\/\\\/craftygenesindonesia.com\\\/fr\\\/\",\"logo\":{\"@type\":\"ImageObject\",\"inLanguage\":\"fr-FR\",\"@id\":\"https:\\\/\\\/craftygenesindonesia.com\\\/fr\\\/#\\\/schema\\\/logo\\\/image\\\/\",\"url\":\"https:\\\/\\\/craftygenesindonesia.com\\\/wp-content\\\/uploads\\\/2025\\\/11\\\/cropped-Copy-of-Craftygenesindonesia.jpg\",\"contentUrl\":\"https:\\\/\\\/craftygenesindonesia.com\\\/wp-content\\\/uploads\\\/2025\\\/11\\\/cropped-Copy-of-Craftygenesindonesia.jpg\",\"width\":180,\"height\":60,\"caption\":\"Craftygenesindonesia\"},\"image\":{\"@id\":\"https:\\\/\\\/craftygenesindonesia.com\\\/fr\\\/#\\\/schema\\\/logo\\\/image\\\/\"}}]}<\/script>\n<!-- \/ Yoast SEO plugin. -->","yoast_head_json":{"title":"The Fab Xmas Five mod\u00e8le de crochet - Craftygenesindonesia","description":"Achetez ici mon patron de crochet \u00ab The Fab Xmas Five \u00bb. Ce patron est \u00e9galement disponible sur Etsy, Haked.nl, Ravelry et Payhip.","robots":{"index":"index","follow":"follow","max-snippet":"max-snippet:-1","max-image-preview":"max-image-preview:large","max-video-preview":"max-video-preview:-1"},"canonical":"https:\/\/craftygenesindonesia.com\/fr\/shop\/noel\/the-fab-xmas-five\/","og_locale":"fr_FR","og_type":"article","og_title":"Mod\u00e8le de crochet \"The Fab Xmas Five\"","og_description":"Achetez ici mon patron de crochet \u00ab The Fab Xmas Five \u00bb. Ce patron est \u00e9galement disponible sur Etsy, Haked.nl, Ravelry et Payhip.","og_url":"https:\/\/craftygenesindonesia.com\/fr\/shop\/noel\/the-fab-xmas-five\/","og_site_name":"Craftygenesindonesia","article_modified_time":"2026-04-21T22:15:44+00:00","og_image":[{"width":1080,"height":1080,"url":"https:\/\/craftygenesindonesia.com\/wp-content\/uploads\/2024\/11\/The-Fab-Christmas-Five-1.jpg","type":"image\/jpeg"}],"twitter_card":"summary_large_image","twitter_misc":{"Dur\u00e9e de lecture estim\u00e9e":"2 minutes"},"schema":{"@context":"https:\/\/schema.org","@graph":[{"@type":"WebPage","@id":"https:\/\/craftygenesindonesia.com\/fr\/shop\/noel\/the-fab-xmas-five\/","url":"https:\/\/craftygenesindonesia.com\/fr\/shop\/noel\/the-fab-xmas-five\/","name":"The Fab Xmas Five mod\u00e8le de crochet - Craftygenesindonesia","isPartOf":{"@id":"https:\/\/craftygenesindonesia.com\/fr\/#website"},"primaryImageOfPage":{"@id":"https:\/\/craftygenesindonesia.com\/fr\/shop\/noel\/the-fab-xmas-five\/#primaryimage"},"image":{"@id":"https:\/\/craftygenesindonesia.com\/fr\/shop\/noel\/the-fab-xmas-five\/#primaryimage"},"thumbnailUrl":"https:\/\/craftygenesindonesia.com\/wp-content\/uploads\/2024\/11\/The-Fab-Christmas-Five-1.jpg","datePublished":"2024-11-09T08:03:37+00:00","dateModified":"2026-04-21T22:15:44+00:00","description":"Achetez ici mon patron de crochet \u00ab The Fab Xmas Five \u00bb. Ce patron est \u00e9galement disponible sur Etsy, Haked.nl, Ravelry et Payhip.","breadcrumb":{"@id":"https:\/\/craftygenesindonesia.com\/fr\/shop\/noel\/the-fab-xmas-five\/#breadcrumb"},"inLanguage":"fr-FR","potentialAction":[{"@type":"ReadAction","target":["https:\/\/craftygenesindonesia.com\/fr\/shop\/noel\/the-fab-xmas-five\/"]}]},{"@type":"ImageObject","inLanguage":"fr-FR","@id":"https:\/\/craftygenesindonesia.com\/fr\/shop\/noel\/the-fab-xmas-five\/#primaryimage","url":"https:\/\/craftygenesindonesia.com\/wp-content\/uploads\/2024\/11\/The-Fab-Christmas-Five-1.jpg","contentUrl":"https:\/\/craftygenesindonesia.com\/wp-content\/uploads\/2024\/11\/The-Fab-Christmas-Five-1.jpg","width":1080,"height":1080,"caption":"bustes au crochet repr\u00e9sentant le P\u00e8re No\u00ebl, M\u00e8re No\u00ebl, un bonhomme de neige, un renne et un bonhomme en pain d'\u00e9pices"},{"@type":"BreadcrumbList","@id":"https:\/\/craftygenesindonesia.com\/fr\/shop\/noel\/the-fab-xmas-five\/#breadcrumb","itemListElement":[{"@type":"ListItem","position":1,"name":"Home","item":"https:\/\/craftygenesindonesia.com\/fr\/"},{"@type":"ListItem","position":2,"name":"Boutique de mod\u00e8les","item":"https:\/\/craftygenesindonesia.com\/fr\/boutique\/"},{"@type":"ListItem","position":3,"name":"The Fab Xmas Five"}]},{"@type":"WebSite","@id":"https:\/\/craftygenesindonesia.com\/fr\/#website","url":"https:\/\/craftygenesindonesia.com\/fr\/","name":"Craftygenesindonesia","description":"","publisher":{"@id":"https:\/\/craftygenesindonesia.com\/fr\/#organization"},"potentialAction":[{"@type":"SearchAction","target":{"@type":"EntryPoint","urlTemplate":"https:\/\/craftygenesindonesia.com\/fr\/?s={search_term_string}"},"query-input":{"@type":"PropertyValueSpecification","valueRequired":true,"valueName":"search_term_string"}}],"inLanguage":"fr-FR"},{"@type":"Organization","@id":"https:\/\/craftygenesindonesia.com\/fr\/#organization","name":"Craftygenesindonesia","url":"https:\/\/craftygenesindonesia.com\/fr\/","logo":{"@type":"ImageObject","inLanguage":"fr-FR","@id":"https:\/\/craftygenesindonesia.com\/fr\/#\/schema\/logo\/image\/","url":"https:\/\/craftygenesindonesia.com\/wp-content\/uploads\/2025\/11\/cropped-Copy-of-Craftygenesindonesia.jpg","contentUrl":"https:\/\/craftygenesindonesia.com\/wp-content\/uploads\/2025\/11\/cropped-Copy-of-Craftygenesindonesia.jpg","width":180,"height":60,"caption":"Craftygenesindonesia"},"image":{"@id":"https:\/\/craftygenesindonesia.com\/fr\/#\/schema\/logo\/image\/"}}]}},"_links":{"self":[{"href":"https:\/\/craftygenesindonesia.com\/fr\/wp-json\/wp\/v2\/product\/987521581","targetHints":{"allow":["GET"]}}],"collection":[{"href":"https:\/\/craftygenesindonesia.com\/fr\/wp-json\/wp\/v2\/product"}],"about":[{"href":"https:\/\/craftygenesindonesia.com\/fr\/wp-json\/wp\/v2\/types\/product"}],"replies":[{"embeddable":true,"href":"https:\/\/craftygenesindonesia.com\/fr\/wp-json\/wp\/v2\/comments?post=987521581"}],"wp:featuredmedia":[{"embeddable":true,"href":"https:\/\/craftygenesindonesia.com\/fr\/wp-json\/wp\/v2\/media\/987540548"}],"wp:attachment":[{"href":"https:\/\/craftygenesindonesia.com\/fr\/wp-json\/wp\/v2\/media?parent=987521581"}],"wp:term":[{"taxonomy":"product_brand","embeddable":true,"href":"https:\/\/craftygenesindonesia.com\/fr\/wp-json\/wp\/v2\/product_brand?post=987521581"},{"taxonomy":"product_cat","embeddable":true,"href":"https:\/\/craftygenesindonesia.com\/fr\/wp-json\/wp\/v2\/product_cat?post=987521581"},{"taxonomy":"product_tag","embeddable":true,"href":"https:\/\/craftygenesindonesia.com\/fr\/wp-json\/wp\/v2\/product_tag?post=987521581"}],"curies":[{"name":"wp","href":"https:\/\/api.w.org\/{rel}","templated":true}]}}