{"id":987521293,"date":"2024-10-26T12:31:32","date_gmt":"2024-10-26T04:31:32","guid":{"rendered":"https:\/\/craftygenesindonesia.com\/?post_type=product&#038;p=987521293"},"modified":"2026-03-23T07:00:34","modified_gmt":"2026-03-22T23:00:34","slug":"etable-de-la-nativite-3","status":"publish","type":"product","link":"https:\/\/craftygenesindonesia.com\/fr\/shop\/3d\/etable-de-la-nativite-3\/","title":{"rendered":"\u00c9table de la Nativit\u00e9 3"},"content":{"rendered":"<p><strong>\u00c9stable de la Nativit\u00e9 \u00a03<\/strong><\/p>\n<p>&nbsp;<\/p>\n<p><strong>Type de fichier :<\/strong> patron au crochet &#8211; t\u00e9l\u00e9chargement num\u00e9rique, pas un objet physique<br \/>\n<strong>Langues disponibles : anglais, n\u00e9erlandais, fran\u00e7ais, espagnol, allemand, italien, portugais<\/strong><\/p>\n<p><strong>Dimensions de l&#8217;objet fini :<\/strong> 45 x 30 x 33 cm \/ 18 x 12 x 13 pouces<\/p>\n<p><strong>Vous recevrez :<\/strong> un patron au crochet 3 en 1 pour une cr\u00e8che simple, une cr\u00e8che compl\u00e8te et la Sainte Famille<\/p>\n<p><strong>Type de fil :<\/strong> fil de type \u00ab fingering \u00bb (taille 3)<br \/>\n<strong>Marques recommand\u00e9es :<\/strong> Catona de Scheepjes, Durable Coral, \u2026<br \/>\n<strong>Couleurs de fil n\u00e9cessaires :<\/strong> bleu, blanc cass\u00e9, marron, marron fonc\u00e9, vert fonc\u00e9, magenta fonc\u00e9, orange fonc\u00e9, jaune \u0153uf, marron dor\u00e9, marron gris, marron clair, or clair, vert olive, orange, p\u00eache p\u00e2le.<\/p>\n<p>&nbsp;<\/p>\n<p><strong>Crochet<\/strong> : 2 mm<\/p>\n<p>&nbsp;<\/p>\n<p><strong>Autres \u00e9l\u00e9ments n\u00e9cessaires :<\/strong> 2 cotons-tiges, rembourrage, ciseaux, marqueurs de mailles, \u00e9pingles \u00e0 coudre, crayon, r\u00e8gle, colle, pistolet \u00e0 colle, carton de 5 mm d&#8217;\u00e9paisseur, fil d&#8217;aluminium de 1,5 mm d&#8217;\u00e9paisseur, aiguille \u00e0 tapisserie, toile plastique, galets d&#8217;aquarium (couleur naturelle), pince coupante, feuille de feutre<\/p>\n<p>&nbsp;<\/p>\n<p><strong>Informations sur les droits d&#8217;auteur et l&#8217;aide :<\/strong><br \/>\nCe mod\u00e8le est un mod\u00e8le \u00e9crit (num\u00e9rique) accompagn\u00e9 de nombreuses photos pour vous aider. Si vous avez des questions sur le patron, envoyez-moi un e-mail \u00e0 craftygenesindonesia@gmail.com.<\/p>\n<p><strong>Ce patron de crochet num\u00e9rique est r\u00e9serv\u00e9 \u00e0 un usage personnel et est prot\u00e9g\u00e9 par le droit d&#8217;auteur. Par cons\u00e9quent, vous ne pouvez en aucun cas le copier, le vendre, le revendre, le traduire, le revendiquer comme votre propre cr\u00e9ation, le distribuer, le partager, le publier, le poster, etc. sans mon autorisation. M\u00eame en partie !<\/strong><\/p>\n<p>&nbsp;<\/p>\n<p><strong>Vous \u00eates autoris\u00e9 \u00e0 vendre le produit ou l&#8217;article fini, en petites quantit\u00e9s, mais vous n&#8217;\u00eates pas autoris\u00e9 \u00e0 vendre le patron de crochet lui-m\u00eame ! Veuillez mentionner que le patron de crochet est de moi, Craftygenesindonesia, et o\u00f9 il peut \u00eatre achet\u00e9.<\/strong><\/p>\n","protected":false},"excerpt":{"rendered":"<p>Dans ce magnifique mod\u00e8le de crochet 3en1, vous obtenez : 1. une simple cr\u00e8che + 2. une cr\u00e8che compl\u00e8te avec jardin + 3. la sainte famille.<\/p>\n<p>Cette cr\u00e8che est de taille moyenne. Ni trop petite, ni trop grande. Vous pouvez voir sur la photo o\u00f9 je tiens l&#8217;\u00e9table pour voir la taille de l&#8217;\u00e9table par rapport \u00e0 moi.<\/p>\n","protected":false},"featured_media":987535887,"comment_status":"open","ping_status":"closed","template":"","meta":{"_acf_changed":false},"product_brand":[],"product_cat":[3635,3647,3653],"product_tag":[12066,12084,12067,12764,12068,12076,12080,12083,12081,10065,10326,11455,10066,12075,12070,10338,10336,10367,8781,12082,12071,12086],"class_list":{"0":"post-987521293","1":"product","2":"type-product","3":"status-publish","4":"has-post-thumbnail","6":"product_cat-3d","7":"product_cat-creches","8":"product_cat-noel","9":"product_tag-bethlehem-fr","10":"product_tag-blessed-mary-fr","11":"product_tag-catholic-fr","12":"product_tag-catholic-saint-fr","13":"product_tag-christian-fr","14":"product_tag-christmas-nativity-fr","15":"product_tag-holy-family-fr","16":"product_tag-holy-mary-fr","17":"product_tag-holy-saint-mary-fr","18":"product_tag-jesus-fr","19":"product_tag-joseph-fr","20":"product_tag-marmites","21":"product_tag-mary-fr","22":"product_tag-nativity-fr","23":"product_tag-nativity-set-fr","24":"product_tag-plantes","25":"product_tag-puits-deau","26":"product_tag-puits-deau-fr","27":"product_tag-saint-fr-2","28":"product_tag-saint-mary-fr","29":"product_tag-stable-fr","30":"product_tag-virgin-mary-fr","31":"pa_available_on-craftygenesindonesia","32":"pa_available_on-etsy","33":"pa_available_on-haked-nl","34":"pa_available_on-payhip","35":"pa_available_on-ravelry","36":"pa_languages-allemand","37":"pa_languages-americain","38":"pa_languages-espagnol","39":"pa_languages-francais","40":"pa_languages-italien","41":"pa_languages-neerlandais","42":"pa_languages-portugais","44":"first","45":"instock","46":"downloadable","47":"virtual","48":"purchasable","49":"product-type-simple"},"acf":[],"yoast_head":"<!-- This site is optimized with the Yoast SEO plugin v27.4 - https:\/\/yoast.com\/product\/yoast-seo-wordpress\/ -->\n<title>\u00c9table de la Nativit\u00e9 3 mod\u00e8le de crochet - Craftygenesindonesia<\/title>\n<meta name=\"description\" content=\"Achetez ici mon mod\u00e8le de crochet pour cr\u00e8che &quot;\u00c9table de la Nativit\u00e9 3&quot;. Le mod\u00e8le est \u00e9galement disponible sur Etsy, Haked.nl, Ravelry, Payhip.\" \/>\n<meta name=\"robots\" content=\"index, follow, max-snippet:-1, max-image-preview:large, max-video-preview:-1\" \/>\n<link rel=\"canonical\" href=\"https:\/\/craftygenesindonesia.com\/fr\/shop\/3d\/etable-de-la-nativite-3\/\" \/>\n<meta property=\"og:locale\" content=\"fr_FR\" \/>\n<meta property=\"og:type\" content=\"article\" \/>\n<meta property=\"og:title\" content=\"&quot;Mod\u00e8le de cr\u00e8che au crochet &quot;\u00c9table de la Nativit\u00e9 3&quot;\" \/>\n<meta property=\"og:description\" content=\"Achetez ici mon mod\u00e8le de crochet pour cr\u00e8che &quot;\u00c9table de la Nativit\u00e9 3&quot;. Le mod\u00e8le est \u00e9galement disponible sur Etsy, Haked.nl, Ravelry, Payhip.\" \/>\n<meta property=\"og:url\" content=\"https:\/\/craftygenesindonesia.com\/fr\/shop\/3d\/etable-de-la-nativite-3\/\" \/>\n<meta property=\"og:site_name\" content=\"Craftygenesindonesia\" \/>\n<meta property=\"article:modified_time\" content=\"2026-03-22T23:00:34+00:00\" \/>\n<meta property=\"og:image\" content=\"https:\/\/craftygenesindonesia.com\/wp-content\/uploads\/2024\/10\/Nativity-Stable-3-2.jpg\" \/>\n\t<meta property=\"og:image:width\" content=\"1080\" \/>\n\t<meta property=\"og:image:height\" content=\"1080\" \/>\n\t<meta property=\"og:image:type\" content=\"image\/jpeg\" \/>\n<meta name=\"twitter:card\" content=\"summary_large_image\" \/>\n<meta name=\"twitter:label1\" content=\"Dur\u00e9e de lecture estim\u00e9e\" \/>\n\t<meta name=\"twitter:data1\" content=\"2 minutes\" \/>\n<script type=\"application\/ld+json\" class=\"yoast-schema-graph\">{\"@context\":\"https:\\\/\\\/schema.org\",\"@graph\":[{\"@type\":\"WebPage\",\"@id\":\"https:\\\/\\\/craftygenesindonesia.com\\\/fr\\\/shop\\\/3d\\\/etable-de-la-nativite-3\\\/\",\"url\":\"https:\\\/\\\/craftygenesindonesia.com\\\/fr\\\/shop\\\/3d\\\/etable-de-la-nativite-3\\\/\",\"name\":\"\u00c9table de la Nativit\u00e9 3 mod\u00e8le de crochet - Craftygenesindonesia\",\"isPartOf\":{\"@id\":\"https:\\\/\\\/craftygenesindonesia.com\\\/fr\\\/#website\"},\"primaryImageOfPage\":{\"@id\":\"https:\\\/\\\/craftygenesindonesia.com\\\/fr\\\/shop\\\/3d\\\/etable-de-la-nativite-3\\\/#primaryimage\"},\"image\":{\"@id\":\"https:\\\/\\\/craftygenesindonesia.com\\\/fr\\\/shop\\\/3d\\\/etable-de-la-nativite-3\\\/#primaryimage\"},\"thumbnailUrl\":\"https:\\\/\\\/craftygenesindonesia.com\\\/wp-content\\\/uploads\\\/2024\\\/10\\\/Nativity-Stable-3-2.jpg\",\"datePublished\":\"2024-10-26T04:31:32+00:00\",\"dateModified\":\"2026-03-22T23:00:34+00:00\",\"description\":\"Achetez ici mon mod\u00e8le de crochet pour cr\u00e8che \\\"\u00c9table de la Nativit\u00e9 3\\\". Le mod\u00e8le est \u00e9galement disponible sur Etsy, Haked.nl, Ravelry, Payhip.\",\"breadcrumb\":{\"@id\":\"https:\\\/\\\/craftygenesindonesia.com\\\/fr\\\/shop\\\/3d\\\/etable-de-la-nativite-3\\\/#breadcrumb\"},\"inLanguage\":\"fr-FR\",\"potentialAction\":[{\"@type\":\"ReadAction\",\"target\":[\"https:\\\/\\\/craftygenesindonesia.com\\\/fr\\\/shop\\\/3d\\\/etable-de-la-nativite-3\\\/\"]}]},{\"@type\":\"ImageObject\",\"inLanguage\":\"fr-FR\",\"@id\":\"https:\\\/\\\/craftygenesindonesia.com\\\/fr\\\/shop\\\/3d\\\/etable-de-la-nativite-3\\\/#primaryimage\",\"url\":\"https:\\\/\\\/craftygenesindonesia.com\\\/wp-content\\\/uploads\\\/2024\\\/10\\\/Nativity-Stable-3-2.jpg\",\"contentUrl\":\"https:\\\/\\\/craftygenesindonesia.com\\\/wp-content\\\/uploads\\\/2024\\\/10\\\/Nativity-Stable-3-2.jpg\",\"width\":1080,\"height\":1080,\"caption\":\"crochet nativity set with Mary, Joseph, Jesus, a water wall, pots, manger, crib, garden\"},{\"@type\":\"BreadcrumbList\",\"@id\":\"https:\\\/\\\/craftygenesindonesia.com\\\/fr\\\/shop\\\/3d\\\/etable-de-la-nativite-3\\\/#breadcrumb\",\"itemListElement\":[{\"@type\":\"ListItem\",\"position\":1,\"name\":\"Home\",\"item\":\"https:\\\/\\\/craftygenesindonesia.com\\\/fr\\\/\"},{\"@type\":\"ListItem\",\"position\":2,\"name\":\"Boutique de mod\u00e8les\",\"item\":\"https:\\\/\\\/craftygenesindonesia.com\\\/fr\\\/boutique\\\/\"},{\"@type\":\"ListItem\",\"position\":3,\"name\":\"\u00c9table de la Nativit\u00e9 3\"}]},{\"@type\":\"WebSite\",\"@id\":\"https:\\\/\\\/craftygenesindonesia.com\\\/fr\\\/#website\",\"url\":\"https:\\\/\\\/craftygenesindonesia.com\\\/fr\\\/\",\"name\":\"Craftygenesindonesia\",\"description\":\"\",\"publisher\":{\"@id\":\"https:\\\/\\\/craftygenesindonesia.com\\\/fr\\\/#organization\"},\"potentialAction\":[{\"@type\":\"SearchAction\",\"target\":{\"@type\":\"EntryPoint\",\"urlTemplate\":\"https:\\\/\\\/craftygenesindonesia.com\\\/fr\\\/?s={search_term_string}\"},\"query-input\":{\"@type\":\"PropertyValueSpecification\",\"valueRequired\":true,\"valueName\":\"search_term_string\"}}],\"inLanguage\":\"fr-FR\"},{\"@type\":\"Organization\",\"@id\":\"https:\\\/\\\/craftygenesindonesia.com\\\/fr\\\/#organization\",\"name\":\"Craftygenesindonesia\",\"url\":\"https:\\\/\\\/craftygenesindonesia.com\\\/fr\\\/\",\"logo\":{\"@type\":\"ImageObject\",\"inLanguage\":\"fr-FR\",\"@id\":\"https:\\\/\\\/craftygenesindonesia.com\\\/fr\\\/#\\\/schema\\\/logo\\\/image\\\/\",\"url\":\"https:\\\/\\\/craftygenesindonesia.com\\\/wp-content\\\/uploads\\\/2025\\\/11\\\/cropped-Copy-of-Craftygenesindonesia.jpg\",\"contentUrl\":\"https:\\\/\\\/craftygenesindonesia.com\\\/wp-content\\\/uploads\\\/2025\\\/11\\\/cropped-Copy-of-Craftygenesindonesia.jpg\",\"width\":180,\"height\":60,\"caption\":\"Craftygenesindonesia\"},\"image\":{\"@id\":\"https:\\\/\\\/craftygenesindonesia.com\\\/fr\\\/#\\\/schema\\\/logo\\\/image\\\/\"}}]}<\/script>\n<!-- \/ Yoast SEO plugin. -->","yoast_head_json":{"title":"\u00c9table de la Nativit\u00e9 3 mod\u00e8le de crochet - Craftygenesindonesia","description":"Achetez ici mon mod\u00e8le de crochet pour cr\u00e8che \"\u00c9table de la Nativit\u00e9 3\". Le mod\u00e8le est \u00e9galement disponible sur Etsy, Haked.nl, Ravelry, Payhip.","robots":{"index":"index","follow":"follow","max-snippet":"max-snippet:-1","max-image-preview":"max-image-preview:large","max-video-preview":"max-video-preview:-1"},"canonical":"https:\/\/craftygenesindonesia.com\/fr\/shop\/3d\/etable-de-la-nativite-3\/","og_locale":"fr_FR","og_type":"article","og_title":"\"Mod\u00e8le de cr\u00e8che au crochet \"\u00c9table de la Nativit\u00e9 3\"","og_description":"Achetez ici mon mod\u00e8le de crochet pour cr\u00e8che \"\u00c9table de la Nativit\u00e9 3\". Le mod\u00e8le est \u00e9galement disponible sur Etsy, Haked.nl, Ravelry, Payhip.","og_url":"https:\/\/craftygenesindonesia.com\/fr\/shop\/3d\/etable-de-la-nativite-3\/","og_site_name":"Craftygenesindonesia","article_modified_time":"2026-03-22T23:00:34+00:00","og_image":[{"width":1080,"height":1080,"url":"https:\/\/craftygenesindonesia.com\/wp-content\/uploads\/2024\/10\/Nativity-Stable-3-2.jpg","type":"image\/jpeg"}],"twitter_card":"summary_large_image","twitter_misc":{"Dur\u00e9e de lecture estim\u00e9e":"2 minutes"},"schema":{"@context":"https:\/\/schema.org","@graph":[{"@type":"WebPage","@id":"https:\/\/craftygenesindonesia.com\/fr\/shop\/3d\/etable-de-la-nativite-3\/","url":"https:\/\/craftygenesindonesia.com\/fr\/shop\/3d\/etable-de-la-nativite-3\/","name":"\u00c9table de la Nativit\u00e9 3 mod\u00e8le de crochet - Craftygenesindonesia","isPartOf":{"@id":"https:\/\/craftygenesindonesia.com\/fr\/#website"},"primaryImageOfPage":{"@id":"https:\/\/craftygenesindonesia.com\/fr\/shop\/3d\/etable-de-la-nativite-3\/#primaryimage"},"image":{"@id":"https:\/\/craftygenesindonesia.com\/fr\/shop\/3d\/etable-de-la-nativite-3\/#primaryimage"},"thumbnailUrl":"https:\/\/craftygenesindonesia.com\/wp-content\/uploads\/2024\/10\/Nativity-Stable-3-2.jpg","datePublished":"2024-10-26T04:31:32+00:00","dateModified":"2026-03-22T23:00:34+00:00","description":"Achetez ici mon mod\u00e8le de crochet pour cr\u00e8che \"\u00c9table de la Nativit\u00e9 3\". Le mod\u00e8le est \u00e9galement disponible sur Etsy, Haked.nl, Ravelry, Payhip.","breadcrumb":{"@id":"https:\/\/craftygenesindonesia.com\/fr\/shop\/3d\/etable-de-la-nativite-3\/#breadcrumb"},"inLanguage":"fr-FR","potentialAction":[{"@type":"ReadAction","target":["https:\/\/craftygenesindonesia.com\/fr\/shop\/3d\/etable-de-la-nativite-3\/"]}]},{"@type":"ImageObject","inLanguage":"fr-FR","@id":"https:\/\/craftygenesindonesia.com\/fr\/shop\/3d\/etable-de-la-nativite-3\/#primaryimage","url":"https:\/\/craftygenesindonesia.com\/wp-content\/uploads\/2024\/10\/Nativity-Stable-3-2.jpg","contentUrl":"https:\/\/craftygenesindonesia.com\/wp-content\/uploads\/2024\/10\/Nativity-Stable-3-2.jpg","width":1080,"height":1080,"caption":"crochet nativity set with Mary, Joseph, Jesus, a water wall, pots, manger, crib, garden"},{"@type":"BreadcrumbList","@id":"https:\/\/craftygenesindonesia.com\/fr\/shop\/3d\/etable-de-la-nativite-3\/#breadcrumb","itemListElement":[{"@type":"ListItem","position":1,"name":"Home","item":"https:\/\/craftygenesindonesia.com\/fr\/"},{"@type":"ListItem","position":2,"name":"Boutique de mod\u00e8les","item":"https:\/\/craftygenesindonesia.com\/fr\/boutique\/"},{"@type":"ListItem","position":3,"name":"\u00c9table de la Nativit\u00e9 3"}]},{"@type":"WebSite","@id":"https:\/\/craftygenesindonesia.com\/fr\/#website","url":"https:\/\/craftygenesindonesia.com\/fr\/","name":"Craftygenesindonesia","description":"","publisher":{"@id":"https:\/\/craftygenesindonesia.com\/fr\/#organization"},"potentialAction":[{"@type":"SearchAction","target":{"@type":"EntryPoint","urlTemplate":"https:\/\/craftygenesindonesia.com\/fr\/?s={search_term_string}"},"query-input":{"@type":"PropertyValueSpecification","valueRequired":true,"valueName":"search_term_string"}}],"inLanguage":"fr-FR"},{"@type":"Organization","@id":"https:\/\/craftygenesindonesia.com\/fr\/#organization","name":"Craftygenesindonesia","url":"https:\/\/craftygenesindonesia.com\/fr\/","logo":{"@type":"ImageObject","inLanguage":"fr-FR","@id":"https:\/\/craftygenesindonesia.com\/fr\/#\/schema\/logo\/image\/","url":"https:\/\/craftygenesindonesia.com\/wp-content\/uploads\/2025\/11\/cropped-Copy-of-Craftygenesindonesia.jpg","contentUrl":"https:\/\/craftygenesindonesia.com\/wp-content\/uploads\/2025\/11\/cropped-Copy-of-Craftygenesindonesia.jpg","width":180,"height":60,"caption":"Craftygenesindonesia"},"image":{"@id":"https:\/\/craftygenesindonesia.com\/fr\/#\/schema\/logo\/image\/"}}]}},"_links":{"self":[{"href":"https:\/\/craftygenesindonesia.com\/fr\/wp-json\/wp\/v2\/product\/987521293","targetHints":{"allow":["GET"]}}],"collection":[{"href":"https:\/\/craftygenesindonesia.com\/fr\/wp-json\/wp\/v2\/product"}],"about":[{"href":"https:\/\/craftygenesindonesia.com\/fr\/wp-json\/wp\/v2\/types\/product"}],"replies":[{"embeddable":true,"href":"https:\/\/craftygenesindonesia.com\/fr\/wp-json\/wp\/v2\/comments?post=987521293"}],"wp:featuredmedia":[{"embeddable":true,"href":"https:\/\/craftygenesindonesia.com\/fr\/wp-json\/wp\/v2\/media\/987535887"}],"wp:attachment":[{"href":"https:\/\/craftygenesindonesia.com\/fr\/wp-json\/wp\/v2\/media?parent=987521293"}],"wp:term":[{"taxonomy":"product_brand","embeddable":true,"href":"https:\/\/craftygenesindonesia.com\/fr\/wp-json\/wp\/v2\/product_brand?post=987521293"},{"taxonomy":"product_cat","embeddable":true,"href":"https:\/\/craftygenesindonesia.com\/fr\/wp-json\/wp\/v2\/product_cat?post=987521293"},{"taxonomy":"product_tag","embeddable":true,"href":"https:\/\/craftygenesindonesia.com\/fr\/wp-json\/wp\/v2\/product_tag?post=987521293"}],"curies":[{"name":"wp","href":"https:\/\/api.w.org\/{rel}","templated":true}]}}