{"id":987520804,"date":"2024-09-20T16:51:46","date_gmt":"2024-09-20T08:51:46","guid":{"rendered":"https:\/\/craftygenesindonesia.com\/?post_type=product&#038;p=987520804"},"modified":"2026-03-23T08:25:39","modified_gmt":"2026-03-23T00:25:39","slug":"creche-de-la-sagrada-familia-tricot","status":"publish","type":"product","link":"https:\/\/craftygenesindonesia.com\/fr\/shop\/tricot\/creche-de-la-sagrada-familia-tricot\/","title":{"rendered":"Cr\u00e8che de la Sagrada Familia (tricot)"},"content":{"rendered":"<p><strong>Mesures : <\/strong><\/p>\n<ul>\n<li>Stable : 33x30x20cm\/ 13&#215;11.8&#215;7.8 pouces<\/li>\n<li>Marie : 14cm\/ 5.5 pouces<\/li>\n<li>Joseph : 23cm\/ 9 pouces<\/li>\n<\/ul>\n<p>&nbsp;<\/p>\n<p><strong>Fil :<\/strong> Fil de poids &#8220;FINGERING&#8221; tel que Catona, Catania, &#8230; dans ces couleurs : couleur chair, bleu, blanc cass\u00e9, marron clair, marron fonc\u00e9, vert fonc\u00e9, vert sauge, marron chocolat, beige fonc\u00e9, terracotta<\/p>\n<p><strong>Aiguilles \u00e0 tricoter :<\/strong> 2mm &#8211; aiguilles \u00e0 tricoter droites<\/p>\n<p><strong>Autres choses dont vous avez besoin :<\/strong> rembourrage, ciseaux, crayon, r\u00e8gle, colle, \u00e9pingles \u00e0 coudre, aiguille \u00e0 repriser, 2 brochettes ou baguettes, carton solide et r\u00e9sistant de 3mm d&#8217;\u00e9paisseur, feutre de 3mm (la couleur n&#8217;a pas d&#8217;importance), petites pierres d&#8217;aquarium<\/p>\n<p>Ce mod\u00e8le est un mod\u00e8le \u00e9crit avec beaucoup d&#8217;images pour vous aider. Si vous avez des questions, envoyez-moi un message \u00e0 l&#8217;adresse suivante : craftygenesindonesia@gmail.com<\/p>\n<p><strong>-Ce mod\u00e8le est r\u00e9serv\u00e9 \u00e0 un usage personnel et est prot\u00e9g\u00e9 par un COPYRIGHT. Par cons\u00e9quent, le mod\u00e8le ne peut PAS \u00eatre copi\u00e9, vendu, revendu, traduit, revendiqu\u00e9 comme votre mod\u00e8le, distribu\u00e9, partag\u00e9, publi\u00e9, mis en ligne sous quelque forme que ce soit sans mon autorisation. Pas m\u00eame une partie!!!<\/strong><\/p>\n<p>&nbsp;<\/p>\n<p><strong>Vous pouvez vendre le produit fini en petites quantit\u00e9s, MAIS PAS LE PATRON EN LUI-M\u00caME ! Mentionnez que le mod\u00e8le provient de Craftygenesindonesia et indiquez o\u00f9 vous pouvez l&#8217;acheter.<\/strong><\/p>\n","protected":false},"excerpt":{"rendered":"<p>IMPORTANT : il s&#8217;agit d&#8217;un mod\u00e8le de tricot, PAS d&#8217;un mod\u00e8le de crochet.<\/p>\n<p>Il s&#8217;agit d&#8217;un mod\u00e8le merveilleux pour celles qui aiment tricoter et qui recherchent une cr\u00e8che \u00e0 la fois belle et facile \u00e0 r\u00e9aliser.\u00a0 J\u00e9sus, Marie, Joseph, l&#8217;\u00e9table et le pot sont tous tricot\u00e9s.\u00a0 Le balai a \u00e9t\u00e9 fabriqu\u00e9 par mes soins et les instructions sont dans le mod\u00e8le.\u00a0 Les galets sont des galets d&#8217;aquarium que j&#8217;ai coll\u00e9s en place.<\/p>\n","protected":false},"featured_media":987520785,"comment_status":"open","ping_status":"closed","template":"","meta":{"_acf_changed":false},"product_brand":[],"product_cat":[11734,11741,3651],"product_tag":[12084,12067,12764,12068,12076,12083,12081,10065,10326,10066,12075,12070,12082,12071,4317,12086],"class_list":{"0":"post-987520804","1":"product","2":"type-product","3":"status-publish","4":"has-post-thumbnail","6":"product_cat-modeles-de-tricot-de-noel","7":"product_cat-modeles-tricot-nativite","8":"product_cat-tricot","9":"product_tag-blessed-mary-fr","10":"product_tag-catholic-fr","11":"product_tag-catholic-saint-fr","12":"product_tag-christian-fr","13":"product_tag-christmas-nativity-fr","14":"product_tag-holy-mary-fr","15":"product_tag-holy-saint-mary-fr","16":"product_tag-jesus-fr","17":"product_tag-joseph-fr","18":"product_tag-mary-fr","19":"product_tag-nativity-fr","20":"product_tag-nativity-set-fr","21":"product_tag-saint-mary-fr","22":"product_tag-stable-fr","23":"product_tag-tricot","24":"product_tag-virgin-mary-fr","25":"pa_available_on-craftygenesindonesia","26":"pa_available_on-etsy","27":"pa_available_on-haked-nl","28":"pa_available_on-payhip","29":"pa_available_on-ravelry","30":"pa_languages-americain","31":"pa_languages-espagnol","32":"pa_languages-francais","33":"pa_languages-neerlandais","34":"pa_languages-portugais","36":"first","37":"instock","38":"downloadable","39":"virtual","40":"purchasable","41":"product-type-simple"},"acf":[],"yoast_head":"<!-- This site is optimized with the Yoast SEO plugin v27.4 - https:\/\/yoast.com\/product\/yoast-seo-wordpress\/ -->\n<title>Cr\u00e8che de la Sagrada Familia (tricot) - Craftygenesindonesia<\/title>\n<meta name=\"description\" content=\"CAchetez ici mon patron de tricot pour la &quot;cr\u00e8che Sagrada Familia&quot;. Ce mod\u00e8le facile \u00e0 suivre est \u00e9galement disponible sur Etsy, Haked.nl et Ravelry.\" \/>\n<meta name=\"robots\" content=\"index, follow, max-snippet:-1, max-image-preview:large, max-video-preview:-1\" \/>\n<link rel=\"canonical\" href=\"https:\/\/craftygenesindonesia.com\/fr\/shop\/tricot\/creche-de-la-sagrada-familia-tricot\/\" \/>\n<meta property=\"og:locale\" content=\"fr_FR\" \/>\n<meta property=\"og:type\" content=\"article\" \/>\n<meta property=\"og:title\" content=\"Mod\u00e8le de tricot &quot;Cr\u00e8che Sagrada Familia&quot;\" \/>\n<meta property=\"og:description\" content=\"Achetez ici mon patron de tricot pour la &quot;Cr\u00e8che Sagrada Familia&quot;. Ce mod\u00e8le facile \u00e0 suivre est \u00e9galement disponible sur Etsy, Haked.nl et Ravelry.\" \/>\n<meta property=\"og:url\" content=\"https:\/\/craftygenesindonesia.com\/fr\/shop\/tricot\/creche-de-la-sagrada-familia-tricot\/\" \/>\n<meta property=\"og:site_name\" content=\"Craftygenesindonesia\" \/>\n<meta property=\"article:modified_time\" content=\"2026-03-23T00:25:39+00:00\" \/>\n<meta property=\"og:image\" content=\"https:\/\/craftygenesindonesia.com\/wp-content\/uploads\/2024\/09\/1-1-300x300.jpg\" \/>\n<meta name=\"twitter:card\" content=\"summary_large_image\" \/>\n<meta name=\"twitter:label1\" content=\"Dur\u00e9e de lecture estim\u00e9e\" \/>\n\t<meta name=\"twitter:data1\" content=\"2 minutes\" \/>\n<script type=\"application\/ld+json\" class=\"yoast-schema-graph\">{\"@context\":\"https:\\\/\\\/schema.org\",\"@graph\":[{\"@type\":\"WebPage\",\"@id\":\"https:\\\/\\\/craftygenesindonesia.com\\\/fr\\\/shop\\\/tricot\\\/creche-de-la-sagrada-familia-tricot\\\/\",\"url\":\"https:\\\/\\\/craftygenesindonesia.com\\\/fr\\\/shop\\\/tricot\\\/creche-de-la-sagrada-familia-tricot\\\/\",\"name\":\"Cr\u00e8che de la Sagrada Familia (tricot) - Craftygenesindonesia\",\"isPartOf\":{\"@id\":\"https:\\\/\\\/craftygenesindonesia.com\\\/fr\\\/#website\"},\"primaryImageOfPage\":{\"@id\":\"https:\\\/\\\/craftygenesindonesia.com\\\/fr\\\/shop\\\/tricot\\\/creche-de-la-sagrada-familia-tricot\\\/#primaryimage\"},\"image\":{\"@id\":\"https:\\\/\\\/craftygenesindonesia.com\\\/fr\\\/shop\\\/tricot\\\/creche-de-la-sagrada-familia-tricot\\\/#primaryimage\"},\"thumbnailUrl\":\"https:\\\/\\\/craftygenesindonesia.com\\\/wp-content\\\/uploads\\\/2024\\\/09\\\/1-1.jpg\",\"datePublished\":\"2024-09-20T08:51:46+00:00\",\"dateModified\":\"2026-03-23T00:25:39+00:00\",\"description\":\"CAchetez ici mon patron de tricot pour la \\\"cr\u00e8che Sagrada Familia\\\". Ce mod\u00e8le facile \u00e0 suivre est \u00e9galement disponible sur Etsy, Haked.nl et Ravelry.\",\"breadcrumb\":{\"@id\":\"https:\\\/\\\/craftygenesindonesia.com\\\/fr\\\/shop\\\/tricot\\\/creche-de-la-sagrada-familia-tricot\\\/#breadcrumb\"},\"inLanguage\":\"fr-FR\",\"potentialAction\":[{\"@type\":\"ReadAction\",\"target\":[\"https:\\\/\\\/craftygenesindonesia.com\\\/fr\\\/shop\\\/tricot\\\/creche-de-la-sagrada-familia-tricot\\\/\"]}]},{\"@type\":\"ImageObject\",\"inLanguage\":\"fr-FR\",\"@id\":\"https:\\\/\\\/craftygenesindonesia.com\\\/fr\\\/shop\\\/tricot\\\/creche-de-la-sagrada-familia-tricot\\\/#primaryimage\",\"url\":\"https:\\\/\\\/craftygenesindonesia.com\\\/wp-content\\\/uploads\\\/2024\\\/09\\\/1-1.jpg\",\"contentUrl\":\"https:\\\/\\\/craftygenesindonesia.com\\\/wp-content\\\/uploads\\\/2024\\\/09\\\/1-1.jpg\",\"width\":1080,\"height\":1080,\"caption\":\"knitted nativity set, knitted holy family\"},{\"@type\":\"BreadcrumbList\",\"@id\":\"https:\\\/\\\/craftygenesindonesia.com\\\/fr\\\/shop\\\/tricot\\\/creche-de-la-sagrada-familia-tricot\\\/#breadcrumb\",\"itemListElement\":[{\"@type\":\"ListItem\",\"position\":1,\"name\":\"Home\",\"item\":\"https:\\\/\\\/craftygenesindonesia.com\\\/fr\\\/\"},{\"@type\":\"ListItem\",\"position\":2,\"name\":\"Boutique de mod\u00e8les\",\"item\":\"https:\\\/\\\/craftygenesindonesia.com\\\/fr\\\/boutique\\\/\"},{\"@type\":\"ListItem\",\"position\":3,\"name\":\"Cr\u00e8che de la Sagrada Familia (tricot)\"}]},{\"@type\":\"WebSite\",\"@id\":\"https:\\\/\\\/craftygenesindonesia.com\\\/fr\\\/#website\",\"url\":\"https:\\\/\\\/craftygenesindonesia.com\\\/fr\\\/\",\"name\":\"Craftygenesindonesia\",\"description\":\"\",\"publisher\":{\"@id\":\"https:\\\/\\\/craftygenesindonesia.com\\\/fr\\\/#organization\"},\"potentialAction\":[{\"@type\":\"SearchAction\",\"target\":{\"@type\":\"EntryPoint\",\"urlTemplate\":\"https:\\\/\\\/craftygenesindonesia.com\\\/fr\\\/?s={search_term_string}\"},\"query-input\":{\"@type\":\"PropertyValueSpecification\",\"valueRequired\":true,\"valueName\":\"search_term_string\"}}],\"inLanguage\":\"fr-FR\"},{\"@type\":\"Organization\",\"@id\":\"https:\\\/\\\/craftygenesindonesia.com\\\/fr\\\/#organization\",\"name\":\"Craftygenesindonesia\",\"url\":\"https:\\\/\\\/craftygenesindonesia.com\\\/fr\\\/\",\"logo\":{\"@type\":\"ImageObject\",\"inLanguage\":\"fr-FR\",\"@id\":\"https:\\\/\\\/craftygenesindonesia.com\\\/fr\\\/#\\\/schema\\\/logo\\\/image\\\/\",\"url\":\"https:\\\/\\\/craftygenesindonesia.com\\\/wp-content\\\/uploads\\\/2025\\\/11\\\/cropped-Copy-of-Craftygenesindonesia.jpg\",\"contentUrl\":\"https:\\\/\\\/craftygenesindonesia.com\\\/wp-content\\\/uploads\\\/2025\\\/11\\\/cropped-Copy-of-Craftygenesindonesia.jpg\",\"width\":180,\"height\":60,\"caption\":\"Craftygenesindonesia\"},\"image\":{\"@id\":\"https:\\\/\\\/craftygenesindonesia.com\\\/fr\\\/#\\\/schema\\\/logo\\\/image\\\/\"}}]}<\/script>\n<!-- \/ Yoast SEO plugin. -->","yoast_head_json":{"title":"Cr\u00e8che de la Sagrada Familia (tricot) - Craftygenesindonesia","description":"CAchetez ici mon patron de tricot pour la \"cr\u00e8che Sagrada Familia\". Ce mod\u00e8le facile \u00e0 suivre est \u00e9galement disponible sur Etsy, Haked.nl et Ravelry.","robots":{"index":"index","follow":"follow","max-snippet":"max-snippet:-1","max-image-preview":"max-image-preview:large","max-video-preview":"max-video-preview:-1"},"canonical":"https:\/\/craftygenesindonesia.com\/fr\/shop\/tricot\/creche-de-la-sagrada-familia-tricot\/","og_locale":"fr_FR","og_type":"article","og_title":"Mod\u00e8le de tricot \"Cr\u00e8che Sagrada Familia\"","og_description":"Achetez ici mon patron de tricot pour la \"Cr\u00e8che Sagrada Familia\". Ce mod\u00e8le facile \u00e0 suivre est \u00e9galement disponible sur Etsy, Haked.nl et Ravelry.","og_url":"https:\/\/craftygenesindonesia.com\/fr\/shop\/tricot\/creche-de-la-sagrada-familia-tricot\/","og_site_name":"Craftygenesindonesia","article_modified_time":"2026-03-23T00:25:39+00:00","og_image":[{"url":"https:\/\/craftygenesindonesia.com\/wp-content\/uploads\/2024\/09\/1-1-300x300.jpg","type":"","width":"","height":""}],"twitter_card":"summary_large_image","twitter_misc":{"Dur\u00e9e de lecture estim\u00e9e":"2 minutes"},"schema":{"@context":"https:\/\/schema.org","@graph":[{"@type":"WebPage","@id":"https:\/\/craftygenesindonesia.com\/fr\/shop\/tricot\/creche-de-la-sagrada-familia-tricot\/","url":"https:\/\/craftygenesindonesia.com\/fr\/shop\/tricot\/creche-de-la-sagrada-familia-tricot\/","name":"Cr\u00e8che de la Sagrada Familia (tricot) - Craftygenesindonesia","isPartOf":{"@id":"https:\/\/craftygenesindonesia.com\/fr\/#website"},"primaryImageOfPage":{"@id":"https:\/\/craftygenesindonesia.com\/fr\/shop\/tricot\/creche-de-la-sagrada-familia-tricot\/#primaryimage"},"image":{"@id":"https:\/\/craftygenesindonesia.com\/fr\/shop\/tricot\/creche-de-la-sagrada-familia-tricot\/#primaryimage"},"thumbnailUrl":"https:\/\/craftygenesindonesia.com\/wp-content\/uploads\/2024\/09\/1-1.jpg","datePublished":"2024-09-20T08:51:46+00:00","dateModified":"2026-03-23T00:25:39+00:00","description":"CAchetez ici mon patron de tricot pour la \"cr\u00e8che Sagrada Familia\". Ce mod\u00e8le facile \u00e0 suivre est \u00e9galement disponible sur Etsy, Haked.nl et Ravelry.","breadcrumb":{"@id":"https:\/\/craftygenesindonesia.com\/fr\/shop\/tricot\/creche-de-la-sagrada-familia-tricot\/#breadcrumb"},"inLanguage":"fr-FR","potentialAction":[{"@type":"ReadAction","target":["https:\/\/craftygenesindonesia.com\/fr\/shop\/tricot\/creche-de-la-sagrada-familia-tricot\/"]}]},{"@type":"ImageObject","inLanguage":"fr-FR","@id":"https:\/\/craftygenesindonesia.com\/fr\/shop\/tricot\/creche-de-la-sagrada-familia-tricot\/#primaryimage","url":"https:\/\/craftygenesindonesia.com\/wp-content\/uploads\/2024\/09\/1-1.jpg","contentUrl":"https:\/\/craftygenesindonesia.com\/wp-content\/uploads\/2024\/09\/1-1.jpg","width":1080,"height":1080,"caption":"knitted nativity set, knitted holy family"},{"@type":"BreadcrumbList","@id":"https:\/\/craftygenesindonesia.com\/fr\/shop\/tricot\/creche-de-la-sagrada-familia-tricot\/#breadcrumb","itemListElement":[{"@type":"ListItem","position":1,"name":"Home","item":"https:\/\/craftygenesindonesia.com\/fr\/"},{"@type":"ListItem","position":2,"name":"Boutique de mod\u00e8les","item":"https:\/\/craftygenesindonesia.com\/fr\/boutique\/"},{"@type":"ListItem","position":3,"name":"Cr\u00e8che de la Sagrada Familia (tricot)"}]},{"@type":"WebSite","@id":"https:\/\/craftygenesindonesia.com\/fr\/#website","url":"https:\/\/craftygenesindonesia.com\/fr\/","name":"Craftygenesindonesia","description":"","publisher":{"@id":"https:\/\/craftygenesindonesia.com\/fr\/#organization"},"potentialAction":[{"@type":"SearchAction","target":{"@type":"EntryPoint","urlTemplate":"https:\/\/craftygenesindonesia.com\/fr\/?s={search_term_string}"},"query-input":{"@type":"PropertyValueSpecification","valueRequired":true,"valueName":"search_term_string"}}],"inLanguage":"fr-FR"},{"@type":"Organization","@id":"https:\/\/craftygenesindonesia.com\/fr\/#organization","name":"Craftygenesindonesia","url":"https:\/\/craftygenesindonesia.com\/fr\/","logo":{"@type":"ImageObject","inLanguage":"fr-FR","@id":"https:\/\/craftygenesindonesia.com\/fr\/#\/schema\/logo\/image\/","url":"https:\/\/craftygenesindonesia.com\/wp-content\/uploads\/2025\/11\/cropped-Copy-of-Craftygenesindonesia.jpg","contentUrl":"https:\/\/craftygenesindonesia.com\/wp-content\/uploads\/2025\/11\/cropped-Copy-of-Craftygenesindonesia.jpg","width":180,"height":60,"caption":"Craftygenesindonesia"},"image":{"@id":"https:\/\/craftygenesindonesia.com\/fr\/#\/schema\/logo\/image\/"}}]}},"_links":{"self":[{"href":"https:\/\/craftygenesindonesia.com\/fr\/wp-json\/wp\/v2\/product\/987520804","targetHints":{"allow":["GET"]}}],"collection":[{"href":"https:\/\/craftygenesindonesia.com\/fr\/wp-json\/wp\/v2\/product"}],"about":[{"href":"https:\/\/craftygenesindonesia.com\/fr\/wp-json\/wp\/v2\/types\/product"}],"replies":[{"embeddable":true,"href":"https:\/\/craftygenesindonesia.com\/fr\/wp-json\/wp\/v2\/comments?post=987520804"}],"wp:featuredmedia":[{"embeddable":true,"href":"https:\/\/craftygenesindonesia.com\/fr\/wp-json\/wp\/v2\/media\/987520785"}],"wp:attachment":[{"href":"https:\/\/craftygenesindonesia.com\/fr\/wp-json\/wp\/v2\/media?parent=987520804"}],"wp:term":[{"taxonomy":"product_brand","embeddable":true,"href":"https:\/\/craftygenesindonesia.com\/fr\/wp-json\/wp\/v2\/product_brand?post=987520804"},{"taxonomy":"product_cat","embeddable":true,"href":"https:\/\/craftygenesindonesia.com\/fr\/wp-json\/wp\/v2\/product_cat?post=987520804"},{"taxonomy":"product_tag","embeddable":true,"href":"https:\/\/craftygenesindonesia.com\/fr\/wp-json\/wp\/v2\/product_tag?post=987520804"}],"curies":[{"name":"wp","href":"https:\/\/api.w.org\/{rel}","templated":true}]}}