{"id":987520684,"date":"2024-09-14T12:31:14","date_gmt":"2024-09-14T04:31:14","guid":{"rendered":"https:\/\/craftygenesindonesia.com\/?post_type=product&#038;p=987520684"},"modified":"2026-03-23T11:05:22","modified_gmt":"2026-03-23T03:05:22","slug":"livina-edition-dautomne","status":"publish","type":"product","link":"https:\/\/craftygenesindonesia.com\/fr\/shop\/mesdames-et-messieurs\/livina-fr\/livina-edition-dautomne\/","title":{"rendered":"Livina, Edition d&#8217;automne"},"content":{"rendered":"<p>Taille: 14x29x29cm\/ 5.5&#215;11.5&#215;11.5\u201d<\/p>\n<p>Fil : ce mod\u00e8le est r\u00e9alis\u00e9 avec un fil de poids \u00ab FINGERING \u00bb adapt\u00e9 aux amigurumi et un crochet de taille 2mm.<\/p>\n<p>Vous aurez besoin des couleurs suivantes : couleur de la peau, cr\u00e8me, orange clair, brun fonc\u00e9, bordeaux, vert mousse, brun dor\u00e9, noir, blanc cass\u00e9, beige clair, vert, jaune, blanc, rouge, brun chocolat, terre cuite.<\/p>\n<p>Vous avez \u00e9galement besoin de : rembourrage, marqueurs de maille, ciseaux, crayon, r\u00e8gle, colle, \u00e9pingles \u00e0 coudre, carton de 5 mm d&#8217;\u00e9paisseur**, yeux en googly de 5 mm de diam\u00e8tre (2pcs), 1 coton-tige, fil d&#8217;aluminium de 2 mm d&#8217;\u00e9paisseur (ou fil floral)<\/p>\n<p><em>**Le carton est utilis\u00e9 pour certains petits objets tels que le champignon et le tonneau. Le carton de l&#8217;arri\u00e8re-plan et de la plate-forme peut \u00eatre remplac\u00e9 par du contreplaqu\u00e9. <\/em><\/p>\n<p>Crochet: 2mm<\/p>\n<p>Ce mod\u00e8le est un mod\u00e8le \u00e9crit avec de nombreuses photos pour vous aider. Si vous avez des questions, envoyez-moi un message \u00e0 l&#8217;adresse suivante : craftygenesindonesia@gmail.com<\/p>\n<p>&nbsp;<\/p>\n<p><strong>-Ce mod\u00e8le est r\u00e9serv\u00e9 \u00e0 un usage personnel et est prot\u00e9g\u00e9 par un COPYRIGHT. Par cons\u00e9quent, le mod\u00e8le ne peut PAS \u00eatre copi\u00e9, vendu, revendu, traduit, revendiqu\u00e9 comme votre mod\u00e8le, distribu\u00e9, partag\u00e9, publi\u00e9, mis en ligne sous quelque forme que ce soit sans mon autorisation. Pas m\u00eame une partie!!!<\/strong><\/p>\n<p>&nbsp;<\/p>\n<p><strong>Vous pouvez vendre le produit fini en petites quantit\u00e9s, MAIS PAS LE PATRON EN LUI-M\u00caME ! Mentionnez que le mod\u00e8le provient de Craftygenesindonesia et indiquez o\u00f9 vous pouvez l&#8217;acheter.<\/strong><\/p>\n","protected":false},"excerpt":{"rendered":"<p>Voici la premi\u00e8re de ma nouvelle s\u00e9rie Livina. La voici assise sur un banc, buvant son caf\u00e9, entour\u00e9e de citrouilles, de feuilles, d&#8217;une jolie araign\u00e9e, &#8230; . C&#8217;est un patron facile que vous devez absolument avoir si vous aimez l&#8217;automne.<\/p>\n","protected":false},"featured_media":987529940,"comment_status":"open","ping_status":"closed","template":"","meta":{"_acf_changed":false},"product_brand":[],"product_cat":[11880,3655],"product_tag":[10556,12702,12694,10561,10553,12695,12699,12697,12706,12110,12703,12705,12696,12698,12701,12693,10567,12707,12708],"class_list":{"0":"post-987520684","1":"product","2":"type-product","3":"status-publish","4":"has-post-thumbnail","6":"product_cat-livina-fr","7":"product_cat-mesdames-et-messieurs","8":"product_tag-banc-fr","9":"product_tag-blad-fr","10":"product_tag-boom","11":"product_tag-courge","12":"product_tag-halloween-fr","13":"product_tag-herfst","14":"product_tag-hoed","15":"product_tag-koffie-fr","16":"product_tag-kop-fr","17":"product_tag-lady","18":"product_tag-meisje","19":"product_tag-muur-fr","20":"product_tag-najaar-fr","21":"product_tag-paddenstoel","22":"product_tag-pompoen-fr","23":"product_tag-spin","24":"product_tag-tasse","25":"product_tag-vat-fr","26":"product_tag-zonnebloem-fr","27":"pa_available_on-craftygenesindonesia","28":"pa_available_on-etsy","29":"pa_available_on-haked-nl","30":"pa_available_on-payhip","31":"pa_available_on-ravelry","32":"pa_languages-allemand","33":"pa_languages-americain","34":"pa_languages-espagnol","35":"pa_languages-francais","36":"pa_languages-neerlandais","38":"first","39":"instock","40":"downloadable","41":"virtual","42":"purchasable","43":"product-type-simple"},"acf":[],"yoast_head":"<!-- This site is optimized with the Yoast SEO plugin v27.3 - https:\/\/yoast.com\/product\/yoast-seo-wordpress\/ -->\n<title>Livina, Edition d&#039;automne mod\u00e8le de crochet - Craftygenesindonesia<\/title>\n<meta name=\"description\" content=\"Achetez mon mod\u00e8le de crochet &quot;Livina, \u00c9dition d&#039;automne&quot; ici. Le mod\u00e8le de crochet est \u00e9galement disponible sur Etsy, Haked.nl, Ravelry, Payhip.\" \/>\n<meta name=\"robots\" content=\"index, follow, max-snippet:-1, max-image-preview:large, max-video-preview:-1\" \/>\n<link rel=\"canonical\" href=\"https:\/\/craftygenesindonesia.com\/fr\/shop\/mesdames-et-messieurs\/livina-fr\/livina-edition-dautomne\/\" \/>\n<meta property=\"og:locale\" content=\"fr_FR\" \/>\n<meta property=\"og:type\" content=\"article\" \/>\n<meta property=\"og:title\" content=\"Mod\u00e8le de crochet &quot;Livina, \u00e9dition d&#039;automne&quot;\" \/>\n<meta property=\"og:description\" content=\"Achetez mon mod\u00e8le de crochet &quot;Livina, \u00c9dition d&#039;automne&quot; ici. Le mod\u00e8le de crochet est \u00e9galement disponible sur Etsy, Haked.nl, Ravelry, Payhip.\" \/>\n<meta property=\"og:url\" content=\"https:\/\/craftygenesindonesia.com\/fr\/shop\/mesdames-et-messieurs\/livina-fr\/livina-edition-dautomne\/\" \/>\n<meta property=\"og:site_name\" content=\"Craftygenesindonesia\" \/>\n<meta property=\"article:modified_time\" content=\"2026-03-23T03:05:22+00:00\" \/>\n<meta property=\"og:image\" content=\"https:\/\/craftygenesindonesia.com\/wp-content\/uploads\/2024\/09\/Livina-Autumn-1.jpg\" \/>\n\t<meta property=\"og:image:width\" content=\"1080\" \/>\n\t<meta property=\"og:image:height\" content=\"1080\" \/>\n\t<meta property=\"og:image:type\" content=\"image\/jpeg\" \/>\n<meta name=\"twitter:card\" content=\"summary_large_image\" \/>\n<meta name=\"twitter:label1\" content=\"Dur\u00e9e de lecture estim\u00e9e\" \/>\n\t<meta name=\"twitter:data1\" content=\"2 minutes\" \/>\n<script type=\"application\/ld+json\" class=\"yoast-schema-graph\">{\"@context\":\"https:\\\/\\\/schema.org\",\"@graph\":[{\"@type\":\"WebPage\",\"@id\":\"https:\\\/\\\/craftygenesindonesia.com\\\/fr\\\/shop\\\/mesdames-et-messieurs\\\/livina-fr\\\/livina-edition-dautomne\\\/\",\"url\":\"https:\\\/\\\/craftygenesindonesia.com\\\/fr\\\/shop\\\/mesdames-et-messieurs\\\/livina-fr\\\/livina-edition-dautomne\\\/\",\"name\":\"Livina, Edition d'automne mod\u00e8le de crochet - Craftygenesindonesia\",\"isPartOf\":{\"@id\":\"https:\\\/\\\/craftygenesindonesia.com\\\/fr\\\/#website\"},\"primaryImageOfPage\":{\"@id\":\"https:\\\/\\\/craftygenesindonesia.com\\\/fr\\\/shop\\\/mesdames-et-messieurs\\\/livina-fr\\\/livina-edition-dautomne\\\/#primaryimage\"},\"image\":{\"@id\":\"https:\\\/\\\/craftygenesindonesia.com\\\/fr\\\/shop\\\/mesdames-et-messieurs\\\/livina-fr\\\/livina-edition-dautomne\\\/#primaryimage\"},\"thumbnailUrl\":\"https:\\\/\\\/craftygenesindonesia.com\\\/wp-content\\\/uploads\\\/2024\\\/09\\\/Livina-Autumn-1.jpg\",\"datePublished\":\"2024-09-14T04:31:14+00:00\",\"dateModified\":\"2026-03-23T03:05:22+00:00\",\"description\":\"Achetez mon mod\u00e8le de crochet \\\"Livina, \u00c9dition d'automne\\\" ici. Le mod\u00e8le de crochet est \u00e9galement disponible sur Etsy, Haked.nl, Ravelry, Payhip.\",\"breadcrumb\":{\"@id\":\"https:\\\/\\\/craftygenesindonesia.com\\\/fr\\\/shop\\\/mesdames-et-messieurs\\\/livina-fr\\\/livina-edition-dautomne\\\/#breadcrumb\"},\"inLanguage\":\"fr-FR\",\"potentialAction\":[{\"@type\":\"ReadAction\",\"target\":[\"https:\\\/\\\/craftygenesindonesia.com\\\/fr\\\/shop\\\/mesdames-et-messieurs\\\/livina-fr\\\/livina-edition-dautomne\\\/\"]}]},{\"@type\":\"ImageObject\",\"inLanguage\":\"fr-FR\",\"@id\":\"https:\\\/\\\/craftygenesindonesia.com\\\/fr\\\/shop\\\/mesdames-et-messieurs\\\/livina-fr\\\/livina-edition-dautomne\\\/#primaryimage\",\"url\":\"https:\\\/\\\/craftygenesindonesia.com\\\/wp-content\\\/uploads\\\/2024\\\/09\\\/Livina-Autumn-1.jpg\",\"contentUrl\":\"https:\\\/\\\/craftygenesindonesia.com\\\/wp-content\\\/uploads\\\/2024\\\/09\\\/Livina-Autumn-1.jpg\",\"width\":1080,\"height\":1080,\"caption\":\"crochet lady sitting on bench with coffee, surrounded by sunflowers, pumpkins, a barrel, leafs, mushrooms\"},{\"@type\":\"BreadcrumbList\",\"@id\":\"https:\\\/\\\/craftygenesindonesia.com\\\/fr\\\/shop\\\/mesdames-et-messieurs\\\/livina-fr\\\/livina-edition-dautomne\\\/#breadcrumb\",\"itemListElement\":[{\"@type\":\"ListItem\",\"position\":1,\"name\":\"Home\",\"item\":\"https:\\\/\\\/craftygenesindonesia.com\\\/fr\\\/\"},{\"@type\":\"ListItem\",\"position\":2,\"name\":\"Boutique de mod\u00e8les\",\"item\":\"https:\\\/\\\/craftygenesindonesia.com\\\/fr\\\/boutique\\\/\"},{\"@type\":\"ListItem\",\"position\":3,\"name\":\"Livina, Edition d&#8217;automne\"}]},{\"@type\":\"WebSite\",\"@id\":\"https:\\\/\\\/craftygenesindonesia.com\\\/fr\\\/#website\",\"url\":\"https:\\\/\\\/craftygenesindonesia.com\\\/fr\\\/\",\"name\":\"Craftygenesindonesia\",\"description\":\"\",\"publisher\":{\"@id\":\"https:\\\/\\\/craftygenesindonesia.com\\\/fr\\\/#organization\"},\"potentialAction\":[{\"@type\":\"SearchAction\",\"target\":{\"@type\":\"EntryPoint\",\"urlTemplate\":\"https:\\\/\\\/craftygenesindonesia.com\\\/fr\\\/?s={search_term_string}\"},\"query-input\":{\"@type\":\"PropertyValueSpecification\",\"valueRequired\":true,\"valueName\":\"search_term_string\"}}],\"inLanguage\":\"fr-FR\"},{\"@type\":\"Organization\",\"@id\":\"https:\\\/\\\/craftygenesindonesia.com\\\/fr\\\/#organization\",\"name\":\"Craftygenesindonesia\",\"url\":\"https:\\\/\\\/craftygenesindonesia.com\\\/fr\\\/\",\"logo\":{\"@type\":\"ImageObject\",\"inLanguage\":\"fr-FR\",\"@id\":\"https:\\\/\\\/craftygenesindonesia.com\\\/fr\\\/#\\\/schema\\\/logo\\\/image\\\/\",\"url\":\"https:\\\/\\\/craftygenesindonesia.com\\\/wp-content\\\/uploads\\\/2025\\\/11\\\/cropped-Copy-of-Craftygenesindonesia.jpg\",\"contentUrl\":\"https:\\\/\\\/craftygenesindonesia.com\\\/wp-content\\\/uploads\\\/2025\\\/11\\\/cropped-Copy-of-Craftygenesindonesia.jpg\",\"width\":180,\"height\":60,\"caption\":\"Craftygenesindonesia\"},\"image\":{\"@id\":\"https:\\\/\\\/craftygenesindonesia.com\\\/fr\\\/#\\\/schema\\\/logo\\\/image\\\/\"}}]}<\/script>\n<!-- \/ Yoast SEO plugin. -->","yoast_head_json":{"title":"Livina, Edition d'automne mod\u00e8le de crochet - Craftygenesindonesia","description":"Achetez mon mod\u00e8le de crochet \"Livina, \u00c9dition d'automne\" ici. Le mod\u00e8le de crochet est \u00e9galement disponible sur Etsy, Haked.nl, Ravelry, Payhip.","robots":{"index":"index","follow":"follow","max-snippet":"max-snippet:-1","max-image-preview":"max-image-preview:large","max-video-preview":"max-video-preview:-1"},"canonical":"https:\/\/craftygenesindonesia.com\/fr\/shop\/mesdames-et-messieurs\/livina-fr\/livina-edition-dautomne\/","og_locale":"fr_FR","og_type":"article","og_title":"Mod\u00e8le de crochet \"Livina, \u00e9dition d'automne\"","og_description":"Achetez mon mod\u00e8le de crochet \"Livina, \u00c9dition d'automne\" ici. Le mod\u00e8le de crochet est \u00e9galement disponible sur Etsy, Haked.nl, Ravelry, Payhip.","og_url":"https:\/\/craftygenesindonesia.com\/fr\/shop\/mesdames-et-messieurs\/livina-fr\/livina-edition-dautomne\/","og_site_name":"Craftygenesindonesia","article_modified_time":"2026-03-23T03:05:22+00:00","og_image":[{"width":1080,"height":1080,"url":"https:\/\/craftygenesindonesia.com\/wp-content\/uploads\/2024\/09\/Livina-Autumn-1.jpg","type":"image\/jpeg"}],"twitter_card":"summary_large_image","twitter_misc":{"Dur\u00e9e de lecture estim\u00e9e":"2 minutes"},"schema":{"@context":"https:\/\/schema.org","@graph":[{"@type":"WebPage","@id":"https:\/\/craftygenesindonesia.com\/fr\/shop\/mesdames-et-messieurs\/livina-fr\/livina-edition-dautomne\/","url":"https:\/\/craftygenesindonesia.com\/fr\/shop\/mesdames-et-messieurs\/livina-fr\/livina-edition-dautomne\/","name":"Livina, Edition d'automne mod\u00e8le de crochet - Craftygenesindonesia","isPartOf":{"@id":"https:\/\/craftygenesindonesia.com\/fr\/#website"},"primaryImageOfPage":{"@id":"https:\/\/craftygenesindonesia.com\/fr\/shop\/mesdames-et-messieurs\/livina-fr\/livina-edition-dautomne\/#primaryimage"},"image":{"@id":"https:\/\/craftygenesindonesia.com\/fr\/shop\/mesdames-et-messieurs\/livina-fr\/livina-edition-dautomne\/#primaryimage"},"thumbnailUrl":"https:\/\/craftygenesindonesia.com\/wp-content\/uploads\/2024\/09\/Livina-Autumn-1.jpg","datePublished":"2024-09-14T04:31:14+00:00","dateModified":"2026-03-23T03:05:22+00:00","description":"Achetez mon mod\u00e8le de crochet \"Livina, \u00c9dition d'automne\" ici. Le mod\u00e8le de crochet est \u00e9galement disponible sur Etsy, Haked.nl, Ravelry, Payhip.","breadcrumb":{"@id":"https:\/\/craftygenesindonesia.com\/fr\/shop\/mesdames-et-messieurs\/livina-fr\/livina-edition-dautomne\/#breadcrumb"},"inLanguage":"fr-FR","potentialAction":[{"@type":"ReadAction","target":["https:\/\/craftygenesindonesia.com\/fr\/shop\/mesdames-et-messieurs\/livina-fr\/livina-edition-dautomne\/"]}]},{"@type":"ImageObject","inLanguage":"fr-FR","@id":"https:\/\/craftygenesindonesia.com\/fr\/shop\/mesdames-et-messieurs\/livina-fr\/livina-edition-dautomne\/#primaryimage","url":"https:\/\/craftygenesindonesia.com\/wp-content\/uploads\/2024\/09\/Livina-Autumn-1.jpg","contentUrl":"https:\/\/craftygenesindonesia.com\/wp-content\/uploads\/2024\/09\/Livina-Autumn-1.jpg","width":1080,"height":1080,"caption":"crochet lady sitting on bench with coffee, surrounded by sunflowers, pumpkins, a barrel, leafs, mushrooms"},{"@type":"BreadcrumbList","@id":"https:\/\/craftygenesindonesia.com\/fr\/shop\/mesdames-et-messieurs\/livina-fr\/livina-edition-dautomne\/#breadcrumb","itemListElement":[{"@type":"ListItem","position":1,"name":"Home","item":"https:\/\/craftygenesindonesia.com\/fr\/"},{"@type":"ListItem","position":2,"name":"Boutique de mod\u00e8les","item":"https:\/\/craftygenesindonesia.com\/fr\/boutique\/"},{"@type":"ListItem","position":3,"name":"Livina, Edition d&#8217;automne"}]},{"@type":"WebSite","@id":"https:\/\/craftygenesindonesia.com\/fr\/#website","url":"https:\/\/craftygenesindonesia.com\/fr\/","name":"Craftygenesindonesia","description":"","publisher":{"@id":"https:\/\/craftygenesindonesia.com\/fr\/#organization"},"potentialAction":[{"@type":"SearchAction","target":{"@type":"EntryPoint","urlTemplate":"https:\/\/craftygenesindonesia.com\/fr\/?s={search_term_string}"},"query-input":{"@type":"PropertyValueSpecification","valueRequired":true,"valueName":"search_term_string"}}],"inLanguage":"fr-FR"},{"@type":"Organization","@id":"https:\/\/craftygenesindonesia.com\/fr\/#organization","name":"Craftygenesindonesia","url":"https:\/\/craftygenesindonesia.com\/fr\/","logo":{"@type":"ImageObject","inLanguage":"fr-FR","@id":"https:\/\/craftygenesindonesia.com\/fr\/#\/schema\/logo\/image\/","url":"https:\/\/craftygenesindonesia.com\/wp-content\/uploads\/2025\/11\/cropped-Copy-of-Craftygenesindonesia.jpg","contentUrl":"https:\/\/craftygenesindonesia.com\/wp-content\/uploads\/2025\/11\/cropped-Copy-of-Craftygenesindonesia.jpg","width":180,"height":60,"caption":"Craftygenesindonesia"},"image":{"@id":"https:\/\/craftygenesindonesia.com\/fr\/#\/schema\/logo\/image\/"}}]}},"_links":{"self":[{"href":"https:\/\/craftygenesindonesia.com\/fr\/wp-json\/wp\/v2\/product\/987520684","targetHints":{"allow":["GET"]}}],"collection":[{"href":"https:\/\/craftygenesindonesia.com\/fr\/wp-json\/wp\/v2\/product"}],"about":[{"href":"https:\/\/craftygenesindonesia.com\/fr\/wp-json\/wp\/v2\/types\/product"}],"replies":[{"embeddable":true,"href":"https:\/\/craftygenesindonesia.com\/fr\/wp-json\/wp\/v2\/comments?post=987520684"}],"wp:featuredmedia":[{"embeddable":true,"href":"https:\/\/craftygenesindonesia.com\/fr\/wp-json\/wp\/v2\/media\/987529940"}],"wp:attachment":[{"href":"https:\/\/craftygenesindonesia.com\/fr\/wp-json\/wp\/v2\/media?parent=987520684"}],"wp:term":[{"taxonomy":"product_brand","embeddable":true,"href":"https:\/\/craftygenesindonesia.com\/fr\/wp-json\/wp\/v2\/product_brand?post=987520684"},{"taxonomy":"product_cat","embeddable":true,"href":"https:\/\/craftygenesindonesia.com\/fr\/wp-json\/wp\/v2\/product_cat?post=987520684"},{"taxonomy":"product_tag","embeddable":true,"href":"https:\/\/craftygenesindonesia.com\/fr\/wp-json\/wp\/v2\/product_tag?post=987520684"}],"curies":[{"name":"wp","href":"https:\/\/api.w.org\/{rel}","templated":true}]}}