{"id":987520429,"date":"2024-08-30T12:30:43","date_gmt":"2024-08-30T04:30:43","guid":{"rendered":"https:\/\/craftygenesindonesia.com\/?post_type=product&#038;p=987520429"},"modified":"2026-03-23T11:08:41","modified_gmt":"2026-03-23T03:08:41","slug":"for-all-our-guardian-ladies-tricot","status":"publish","type":"product","link":"https:\/\/craftygenesindonesia.com\/fr\/shop\/tricot\/for-all-our-guardian-ladies-tricot\/","title":{"rendered":"For All Our Guardian Ladies (tricot)"},"content":{"rendered":"<p>Taille : chaque dame mesure 27.5cm\/10.8inch (elles seront 15% plus petites si vous utilisez un fil de poids \u00ab fingering \u00bb comme Catona)<\/p>\n<p>Fil : Fil de poids DK (comme Scheepjes Softfun) dans les couleurs suivantes : couleur chair, blanc, marron, noir, beige, marron fonc\u00e9, bleu, bleu clair, gris, rouge.<\/p>\n<p>Aiguilles \u00e0 tricoter : aiguilles droites de 2,5 mm<\/p>\n<p>Vous aurez \u00e9galement besoin de : rembourrage, aiguille \u00e0 repriser, ciseaux, crayon, r\u00e8gle, colle, fil d&#8217;aluminium (de fleuriste) de 1,5 mm d&#8217;\u00e9paisseur, cutters, carton de 5 mm d&#8217;\u00e9paisseur, deux boutons noirs de 12 mm ou yeux de poup\u00e9e \u00e0 dos plat, 3 cotons-tiges (pour s&#8217;assurer que les t\u00eates ne tombent pas), un morceau de feutrine (la couleur n&#8217;est pas importante car il s&#8217;agit du fond de la plate-forme que personne ne voit), \u00e9pingles \u00e0 t\u00eate.<\/p>\n<p>&nbsp;<\/p>\n<p>Ce mod\u00e8le est un mod\u00e8le \u00e9crit avec de nombreuses photos pour vous aider. Si vous avez des questions, envoyez-moi un message \u00e0 l&#8217;adresse suivante : craftygenesindonesia@gmail.com<\/p>\n<p>&nbsp;<\/p>\n<p><strong>-Ce mod\u00e8le est r\u00e9serv\u00e9 \u00e0 un usage personnel et est prot\u00e9g\u00e9 par un COPYRIGHT. Par cons\u00e9quent, le mod\u00e8le ne peut PAS \u00eatre copi\u00e9, vendu, revendu, traduit, revendiqu\u00e9 comme votre mod\u00e8le, distribu\u00e9, partag\u00e9, publi\u00e9, mis en ligne sous quelque forme que ce soit sans mon autorisation. Pas m\u00eame une partie!!!<\/strong><\/p>\n<p><strong>Vous pouvez vendre le produit fini en petites quantit\u00e9s, MAIS PAS LE PATRON EN LUI-M\u00caME ! Mentionnez que le mod\u00e8le provient de Craftygenesindonesia et indiquez o\u00f9 vous pouvez l&#8217;acheter.<\/strong><\/p>\n","protected":false},"excerpt":{"rendered":"<p>Ce mod\u00e8le de tricot est id\u00e9al pour celles qui souhaitent rendre hommage aux nombreuses femmes qui servent ou ont servi. Il s&#8217;agit d&#8217;un mod\u00e8le de tricot facile \u00e0 r\u00e9aliser avec des aiguilles \u00e0 tricoter droites uniquement.<\/p>\n","protected":false},"featured_media":987520422,"comment_status":"open","ping_status":"closed","template":"","meta":{"_acf_changed":false},"product_brand":[],"product_cat":[3651,10142],"product_tag":[10151,10152,10512,10510,10508,10255,10506,10513,10509,9765,10153,10511,10507],"class_list":{"0":"post-987520429","1":"product","2":"type-product","3":"status-publish","4":"has-post-thumbnail","6":"product_cat-tricot","7":"product_cat-militaire","8":"product_tag-armee-fr","9":"product_tag-armee-de-lair-fr","10":"product_tag-coquelicot-fr","11":"product_tag-dame-de-la-marine","12":"product_tag-jour-de-larmistice-fr","13":"product_tag-journee-de-larmistice-fr","14":"product_tag-journee-du-patrimoine-mondial","15":"product_tag-marin-fr","16":"product_tag-marine-fr","17":"product_tag-memorial-fr","18":"product_tag-militaire-fr","19":"product_tag-pilote-fr","20":"product_tag-soldat-fr","21":"pa_available_on-craftygenesindonesia","22":"pa_available_on-etsy","23":"pa_available_on-haked-nl","24":"pa_available_on-payhip","25":"pa_available_on-ravelry","26":"pa_languages-americain","27":"pa_languages-espagnol","28":"pa_languages-francais","29":"pa_languages-neerlandais","31":"first","32":"instock","33":"downloadable","34":"virtual","35":"purchasable","36":"product-type-simple"},"acf":[],"yoast_head":"<!-- This site is optimized with the Yoast SEO plugin v27.3 - https:\/\/yoast.com\/product\/yoast-seo-wordpress\/ -->\n<title>For All Our Guardian Ladies (tricot) - Craftygenesindonesia<\/title>\n<meta name=\"description\" content=\"Achetez ici mon mod\u00e8le de tricot militaire \u00ab For All Our Guardian Ladies \u00bb. Le mod\u00e8le de tricot est \u00e9galement disponible sur Etsy, Haked,nl, Ravelry.\" \/>\n<meta name=\"robots\" content=\"index, follow, max-snippet:-1, max-image-preview:large, max-video-preview:-1\" \/>\n<link rel=\"canonical\" href=\"https:\/\/craftygenesindonesia.com\/fr\/shop\/tricot\/for-all-our-guardian-ladies-tricot\/\" \/>\n<meta property=\"og:locale\" content=\"fr_FR\" \/>\n<meta property=\"og:type\" content=\"article\" \/>\n<meta property=\"og:title\" content=\"&quot;For All Our Guardian Ladies&quot; mod\u00e8le de tricot militaire\" \/>\n<meta property=\"og:description\" content=\"Achetez ici mon mod\u00e8le de tricot militaire \u00ab For All Our Guardian Ladies \u00bb. Le mod\u00e8le de tricot est \u00e9galement disponible sur Etsy, Haked,nl, Ravelry.\" \/>\n<meta property=\"og:url\" content=\"https:\/\/craftygenesindonesia.com\/fr\/shop\/tricot\/for-all-our-guardian-ladies-tricot\/\" \/>\n<meta property=\"og:site_name\" content=\"Craftygenesindonesia\" \/>\n<meta property=\"article:modified_time\" content=\"2026-03-23T03:08:41+00:00\" \/>\n<meta property=\"og:image\" content=\"https:\/\/craftygenesindonesia.com\/wp-content\/uploads\/2024\/08\/For-All-Our-Guardian-Ladies-300x300.jpg\" \/>\n<meta name=\"twitter:card\" content=\"summary_large_image\" \/>\n<meta name=\"twitter:label1\" content=\"Dur\u00e9e de lecture estim\u00e9e\" \/>\n\t<meta name=\"twitter:data1\" content=\"2 minutes\" \/>\n<script type=\"application\/ld+json\" class=\"yoast-schema-graph\">{\"@context\":\"https:\\\/\\\/schema.org\",\"@graph\":[{\"@type\":\"WebPage\",\"@id\":\"https:\\\/\\\/craftygenesindonesia.com\\\/fr\\\/shop\\\/tricot\\\/for-all-our-guardian-ladies-tricot\\\/\",\"url\":\"https:\\\/\\\/craftygenesindonesia.com\\\/fr\\\/shop\\\/tricot\\\/for-all-our-guardian-ladies-tricot\\\/\",\"name\":\"For All Our Guardian Ladies (tricot) - Craftygenesindonesia\",\"isPartOf\":{\"@id\":\"https:\\\/\\\/craftygenesindonesia.com\\\/fr\\\/#website\"},\"primaryImageOfPage\":{\"@id\":\"https:\\\/\\\/craftygenesindonesia.com\\\/fr\\\/shop\\\/tricot\\\/for-all-our-guardian-ladies-tricot\\\/#primaryimage\"},\"image\":{\"@id\":\"https:\\\/\\\/craftygenesindonesia.com\\\/fr\\\/shop\\\/tricot\\\/for-all-our-guardian-ladies-tricot\\\/#primaryimage\"},\"thumbnailUrl\":\"https:\\\/\\\/craftygenesindonesia.com\\\/wp-content\\\/uploads\\\/2024\\\/08\\\/For-All-Our-Guardian-Ladies.jpg\",\"datePublished\":\"2024-08-30T04:30:43+00:00\",\"dateModified\":\"2026-03-23T03:08:41+00:00\",\"description\":\"Achetez ici mon mod\u00e8le de tricot militaire \u00ab For All Our Guardian Ladies \u00bb. Le mod\u00e8le de tricot est \u00e9galement disponible sur Etsy, Haked,nl, Ravelry.\",\"breadcrumb\":{\"@id\":\"https:\\\/\\\/craftygenesindonesia.com\\\/fr\\\/shop\\\/tricot\\\/for-all-our-guardian-ladies-tricot\\\/#breadcrumb\"},\"inLanguage\":\"fr-FR\",\"potentialAction\":[{\"@type\":\"ReadAction\",\"target\":[\"https:\\\/\\\/craftygenesindonesia.com\\\/fr\\\/shop\\\/tricot\\\/for-all-our-guardian-ladies-tricot\\\/\"]}]},{\"@type\":\"ImageObject\",\"inLanguage\":\"fr-FR\",\"@id\":\"https:\\\/\\\/craftygenesindonesia.com\\\/fr\\\/shop\\\/tricot\\\/for-all-our-guardian-ladies-tricot\\\/#primaryimage\",\"url\":\"https:\\\/\\\/craftygenesindonesia.com\\\/wp-content\\\/uploads\\\/2024\\\/08\\\/For-All-Our-Guardian-Ladies.jpg\",\"contentUrl\":\"https:\\\/\\\/craftygenesindonesia.com\\\/wp-content\\\/uploads\\\/2024\\\/08\\\/For-All-Our-Guardian-Ladies.jpg\",\"width\":1080,\"height\":1080,\"caption\":\"knitted soldier, knitted pilot, knitted sailor, knitted poppy\"},{\"@type\":\"BreadcrumbList\",\"@id\":\"https:\\\/\\\/craftygenesindonesia.com\\\/fr\\\/shop\\\/tricot\\\/for-all-our-guardian-ladies-tricot\\\/#breadcrumb\",\"itemListElement\":[{\"@type\":\"ListItem\",\"position\":1,\"name\":\"Home\",\"item\":\"https:\\\/\\\/craftygenesindonesia.com\\\/fr\\\/\"},{\"@type\":\"ListItem\",\"position\":2,\"name\":\"Boutique de mod\u00e8les\",\"item\":\"https:\\\/\\\/craftygenesindonesia.com\\\/fr\\\/boutique\\\/\"},{\"@type\":\"ListItem\",\"position\":3,\"name\":\"For All Our Guardian Ladies (tricot)\"}]},{\"@type\":\"WebSite\",\"@id\":\"https:\\\/\\\/craftygenesindonesia.com\\\/fr\\\/#website\",\"url\":\"https:\\\/\\\/craftygenesindonesia.com\\\/fr\\\/\",\"name\":\"Craftygenesindonesia\",\"description\":\"\",\"publisher\":{\"@id\":\"https:\\\/\\\/craftygenesindonesia.com\\\/fr\\\/#organization\"},\"potentialAction\":[{\"@type\":\"SearchAction\",\"target\":{\"@type\":\"EntryPoint\",\"urlTemplate\":\"https:\\\/\\\/craftygenesindonesia.com\\\/fr\\\/?s={search_term_string}\"},\"query-input\":{\"@type\":\"PropertyValueSpecification\",\"valueRequired\":true,\"valueName\":\"search_term_string\"}}],\"inLanguage\":\"fr-FR\"},{\"@type\":\"Organization\",\"@id\":\"https:\\\/\\\/craftygenesindonesia.com\\\/fr\\\/#organization\",\"name\":\"Craftygenesindonesia\",\"url\":\"https:\\\/\\\/craftygenesindonesia.com\\\/fr\\\/\",\"logo\":{\"@type\":\"ImageObject\",\"inLanguage\":\"fr-FR\",\"@id\":\"https:\\\/\\\/craftygenesindonesia.com\\\/fr\\\/#\\\/schema\\\/logo\\\/image\\\/\",\"url\":\"https:\\\/\\\/craftygenesindonesia.com\\\/wp-content\\\/uploads\\\/2025\\\/11\\\/cropped-Copy-of-Craftygenesindonesia.jpg\",\"contentUrl\":\"https:\\\/\\\/craftygenesindonesia.com\\\/wp-content\\\/uploads\\\/2025\\\/11\\\/cropped-Copy-of-Craftygenesindonesia.jpg\",\"width\":180,\"height\":60,\"caption\":\"Craftygenesindonesia\"},\"image\":{\"@id\":\"https:\\\/\\\/craftygenesindonesia.com\\\/fr\\\/#\\\/schema\\\/logo\\\/image\\\/\"}}]}<\/script>\n<!-- \/ Yoast SEO plugin. -->","yoast_head_json":{"title":"For All Our Guardian Ladies (tricot) - Craftygenesindonesia","description":"Achetez ici mon mod\u00e8le de tricot militaire \u00ab For All Our Guardian Ladies \u00bb. Le mod\u00e8le de tricot est \u00e9galement disponible sur Etsy, Haked,nl, Ravelry.","robots":{"index":"index","follow":"follow","max-snippet":"max-snippet:-1","max-image-preview":"max-image-preview:large","max-video-preview":"max-video-preview:-1"},"canonical":"https:\/\/craftygenesindonesia.com\/fr\/shop\/tricot\/for-all-our-guardian-ladies-tricot\/","og_locale":"fr_FR","og_type":"article","og_title":"\"For All Our Guardian Ladies\" mod\u00e8le de tricot militaire","og_description":"Achetez ici mon mod\u00e8le de tricot militaire \u00ab For All Our Guardian Ladies \u00bb. Le mod\u00e8le de tricot est \u00e9galement disponible sur Etsy, Haked,nl, Ravelry.","og_url":"https:\/\/craftygenesindonesia.com\/fr\/shop\/tricot\/for-all-our-guardian-ladies-tricot\/","og_site_name":"Craftygenesindonesia","article_modified_time":"2026-03-23T03:08:41+00:00","og_image":[{"url":"https:\/\/craftygenesindonesia.com\/wp-content\/uploads\/2024\/08\/For-All-Our-Guardian-Ladies-300x300.jpg","type":"","width":"","height":""}],"twitter_card":"summary_large_image","twitter_misc":{"Dur\u00e9e de lecture estim\u00e9e":"2 minutes"},"schema":{"@context":"https:\/\/schema.org","@graph":[{"@type":"WebPage","@id":"https:\/\/craftygenesindonesia.com\/fr\/shop\/tricot\/for-all-our-guardian-ladies-tricot\/","url":"https:\/\/craftygenesindonesia.com\/fr\/shop\/tricot\/for-all-our-guardian-ladies-tricot\/","name":"For All Our Guardian Ladies (tricot) - Craftygenesindonesia","isPartOf":{"@id":"https:\/\/craftygenesindonesia.com\/fr\/#website"},"primaryImageOfPage":{"@id":"https:\/\/craftygenesindonesia.com\/fr\/shop\/tricot\/for-all-our-guardian-ladies-tricot\/#primaryimage"},"image":{"@id":"https:\/\/craftygenesindonesia.com\/fr\/shop\/tricot\/for-all-our-guardian-ladies-tricot\/#primaryimage"},"thumbnailUrl":"https:\/\/craftygenesindonesia.com\/wp-content\/uploads\/2024\/08\/For-All-Our-Guardian-Ladies.jpg","datePublished":"2024-08-30T04:30:43+00:00","dateModified":"2026-03-23T03:08:41+00:00","description":"Achetez ici mon mod\u00e8le de tricot militaire \u00ab For All Our Guardian Ladies \u00bb. Le mod\u00e8le de tricot est \u00e9galement disponible sur Etsy, Haked,nl, Ravelry.","breadcrumb":{"@id":"https:\/\/craftygenesindonesia.com\/fr\/shop\/tricot\/for-all-our-guardian-ladies-tricot\/#breadcrumb"},"inLanguage":"fr-FR","potentialAction":[{"@type":"ReadAction","target":["https:\/\/craftygenesindonesia.com\/fr\/shop\/tricot\/for-all-our-guardian-ladies-tricot\/"]}]},{"@type":"ImageObject","inLanguage":"fr-FR","@id":"https:\/\/craftygenesindonesia.com\/fr\/shop\/tricot\/for-all-our-guardian-ladies-tricot\/#primaryimage","url":"https:\/\/craftygenesindonesia.com\/wp-content\/uploads\/2024\/08\/For-All-Our-Guardian-Ladies.jpg","contentUrl":"https:\/\/craftygenesindonesia.com\/wp-content\/uploads\/2024\/08\/For-All-Our-Guardian-Ladies.jpg","width":1080,"height":1080,"caption":"knitted soldier, knitted pilot, knitted sailor, knitted poppy"},{"@type":"BreadcrumbList","@id":"https:\/\/craftygenesindonesia.com\/fr\/shop\/tricot\/for-all-our-guardian-ladies-tricot\/#breadcrumb","itemListElement":[{"@type":"ListItem","position":1,"name":"Home","item":"https:\/\/craftygenesindonesia.com\/fr\/"},{"@type":"ListItem","position":2,"name":"Boutique de mod\u00e8les","item":"https:\/\/craftygenesindonesia.com\/fr\/boutique\/"},{"@type":"ListItem","position":3,"name":"For All Our Guardian Ladies (tricot)"}]},{"@type":"WebSite","@id":"https:\/\/craftygenesindonesia.com\/fr\/#website","url":"https:\/\/craftygenesindonesia.com\/fr\/","name":"Craftygenesindonesia","description":"","publisher":{"@id":"https:\/\/craftygenesindonesia.com\/fr\/#organization"},"potentialAction":[{"@type":"SearchAction","target":{"@type":"EntryPoint","urlTemplate":"https:\/\/craftygenesindonesia.com\/fr\/?s={search_term_string}"},"query-input":{"@type":"PropertyValueSpecification","valueRequired":true,"valueName":"search_term_string"}}],"inLanguage":"fr-FR"},{"@type":"Organization","@id":"https:\/\/craftygenesindonesia.com\/fr\/#organization","name":"Craftygenesindonesia","url":"https:\/\/craftygenesindonesia.com\/fr\/","logo":{"@type":"ImageObject","inLanguage":"fr-FR","@id":"https:\/\/craftygenesindonesia.com\/fr\/#\/schema\/logo\/image\/","url":"https:\/\/craftygenesindonesia.com\/wp-content\/uploads\/2025\/11\/cropped-Copy-of-Craftygenesindonesia.jpg","contentUrl":"https:\/\/craftygenesindonesia.com\/wp-content\/uploads\/2025\/11\/cropped-Copy-of-Craftygenesindonesia.jpg","width":180,"height":60,"caption":"Craftygenesindonesia"},"image":{"@id":"https:\/\/craftygenesindonesia.com\/fr\/#\/schema\/logo\/image\/"}}]}},"_links":{"self":[{"href":"https:\/\/craftygenesindonesia.com\/fr\/wp-json\/wp\/v2\/product\/987520429","targetHints":{"allow":["GET"]}}],"collection":[{"href":"https:\/\/craftygenesindonesia.com\/fr\/wp-json\/wp\/v2\/product"}],"about":[{"href":"https:\/\/craftygenesindonesia.com\/fr\/wp-json\/wp\/v2\/types\/product"}],"replies":[{"embeddable":true,"href":"https:\/\/craftygenesindonesia.com\/fr\/wp-json\/wp\/v2\/comments?post=987520429"}],"wp:featuredmedia":[{"embeddable":true,"href":"https:\/\/craftygenesindonesia.com\/fr\/wp-json\/wp\/v2\/media\/987520422"}],"wp:attachment":[{"href":"https:\/\/craftygenesindonesia.com\/fr\/wp-json\/wp\/v2\/media?parent=987520429"}],"wp:term":[{"taxonomy":"product_brand","embeddable":true,"href":"https:\/\/craftygenesindonesia.com\/fr\/wp-json\/wp\/v2\/product_brand?post=987520429"},{"taxonomy":"product_cat","embeddable":true,"href":"https:\/\/craftygenesindonesia.com\/fr\/wp-json\/wp\/v2\/product_cat?post=987520429"},{"taxonomy":"product_tag","embeddable":true,"href":"https:\/\/craftygenesindonesia.com\/fr\/wp-json\/wp\/v2\/product_tag?post=987520429"}],"curies":[{"name":"wp","href":"https:\/\/api.w.org\/{rel}","templated":true}]}}