{"id":987519422,"date":"2024-07-27T14:07:15","date_gmt":"2024-07-27T06:07:15","guid":{"rendered":"https:\/\/craftygenesindonesia.com\/?post_type=product&#038;p=987519422"},"modified":"2026-03-23T11:12:10","modified_gmt":"2026-03-23T03:12:10","slug":"gateau-danniversaire","status":"publish","type":"product","link":"https:\/\/craftygenesindonesia.com\/fr\/shop\/3d\/gateau-danniversaire\/","title":{"rendered":"G\u00e2teau d&#8217;anniversaire"},"content":{"rendered":"<p>G\u00e2teau d&#8217;anniversaire<\/p>\n<p>Type de fichier : mod\u00e8le de crochet &#8211; t\u00e9l\u00e9chargement num\u00e9rique, pas d&#8217;article physique<br \/>\n<strong>Langues disponibles : anglais, n\u00e9erlandais, fran\u00e7ais, espagnol, italien, allemand<\/strong><\/p>\n<p>Dimensions de l&#8217;article fini : 28 x 28 x 28 cm \/ 11 x 11 x 11 pouces<br \/>\nType de fil : fil de type \u00ab fingering \u00bb = taille 3<\/p>\n<p>Marques recommand\u00e9es : Catona by Scheepjes, Durable Coral, &#8230;<br \/>\nCouleurs de fil n\u00e9cessaires : rose clair, turquoise clair, rose, fil multicolore**, marron, blanc cass\u00e9, beige, violet clair, rose fonc\u00e9<br \/>\n**Mon fil multicolore est un m\u00e9lange de : blanc, jaune, orange clair, rose clair et turquoise clair.<\/p>\n<p>Taille du crochet : 2mm<\/p>\n<p>Autres \u00e9l\u00e9ments n\u00e9cessaires : rembourrage, ciseaux, crayon, r\u00e8gle, colle, baguette en bois fine, carton de 5 mm d&#8217;\u00e9paisseur, \u00e9pingles \u00e0 coudre, marqueurs de mailles, feuille de feutrine, bougie LED (3,5 mm de diam\u00e8tre), pancarte en plastique \u00ab Happy Birthday \u00bb, moule \u00e0 g\u00e2teau en polystyr\u00e8ne (crochetez d&#8217;abord le g\u00e2teau avant d&#8217;acheter le moule pour vous assurer qu&#8217;il s&#8217;adapte)<\/p>\n<p><strong>Informations sur les droits d&#8217;auteur et l&#8217;aide:<\/strong><br \/>\nCe patron est un patron \u00e9crit (num\u00e9rique) accompagn\u00e9 de nombreuses illustrations pour vous aider. Si vous avez des questions sur le mod\u00e8le, envoyez-moi un courriel \u00e0 l&#8217;adresse suivante : craftygenesindonesia@gmail.com<\/p>\n<p><strong>Ce mod\u00e8le de crochet num\u00e9rique est r\u00e9serv\u00e9 \u00e0 un usage personnel et est prot\u00e9g\u00e9 par des droits d&#8217;auteur. Par cons\u00e9quent, vous ne pouvez pas copier, vendre, revendre, traduire, revendiquer comme votre propre design, distribuer, partager, publier, poster uniquement, &#8230; de quelque mani\u00e8re ou forme que ce soit sans mon autorisation. Pas m\u00eame une partie !<\/strong><\/p>\n<p><strong>Vous pouvez vendre le produit fini ou l&#8217;article, en petites quantit\u00e9s, mais vous n&#8217;avez pas le droit de vendre le mod\u00e8le de crochet lui-m\u00eame ! Mentionnez que le mod\u00e8le de crochet est de moi, Craftygenesindonesia, et o\u00f9 il peut \u00eatre achet\u00e9.<\/strong><\/p>\n","protected":false},"excerpt":{"rendered":"<p>Voici un mod\u00e8le de crochet amusant et facile \u00e0 suivre pour r\u00e9aliser un magnifique g\u00e2teau d&#8217;anniversaire avec des beignets, des cupcakes, des bonbons, des macarons, de la cr\u00e8me glac\u00e9e, etc. Une excellente fa\u00e7on de faire la f\u00eate sans avoir \u00e0 surveiller son poids !<\/p>\n","protected":false},"featured_media":987530314,"comment_status":"open","ping_status":"closed","template":"","meta":{"_acf_changed":false},"product_brand":[],"product_cat":[3635],"product_tag":[10432,11091,10439,10431,10435,10434,11069,10433,12109,10437,10438,10441,10440],"class_list":{"0":"post-987519422","1":"product","2":"type-product","3":"status-publish","4":"has-post-thumbnail","6":"product_cat-3d","7":"product_tag-anniversaire","8":"product_tag-beignet","9":"product_tag-bonbon-fr","10":"product_tag-bonbons-fr","11":"product_tag-cone-de-glace","12":"product_tag-cremeglacee","13":"product_tag-cupcake-fr","14":"product_tag-gateau","15":"product_tag-gift-fr","16":"product_tag-glacage","17":"product_tag-glacage-fr","18":"product_tag-macaron","19":"product_tag-rouleau-de-gateau","20":"pa_available_on-craftygenesindonesia","21":"pa_available_on-etsy","22":"pa_available_on-haked-nl","23":"pa_available_on-payhip","24":"pa_available_on-ravelry","25":"pa_languages-allemand","26":"pa_languages-americain","27":"pa_languages-espagnol","28":"pa_languages-francais","29":"pa_languages-italien","30":"pa_languages-neerlandais","32":"first","33":"instock","34":"downloadable","35":"virtual","36":"purchasable","37":"product-type-simple"},"acf":[],"yoast_head":"<!-- This site is optimized with the Yoast SEO plugin v27.4 - https:\/\/yoast.com\/product\/yoast-seo-wordpress\/ -->\n<title>G\u00e2teau d&#039;anniversaire mod\u00e8le de crochet - Craftygenesindonesia<\/title>\n<meta name=\"description\" content=\"Achetez ici mon patron de crochet \u00ab Crafty G\u00e2teau d&#039;anniversaire \u00bb. Ce patron de crochet facile est \u00e9galement disponible sur Haked.nl, Etsy, Ravelry et Payhip.\" \/>\n<meta name=\"robots\" content=\"index, follow, max-snippet:-1, max-image-preview:large, max-video-preview:-1\" \/>\n<link rel=\"canonical\" href=\"https:\/\/craftygenesindonesia.com\/fr\/shop\/3d\/gateau-danniversaire\/\" \/>\n<meta property=\"og:locale\" content=\"fr_FR\" \/>\n<meta property=\"og:type\" content=\"article\" \/>\n<meta property=\"og:title\" content=\"&quot;Crafty G\u00e2teau d&#039;anniversaire&quot; mod\u00e8le au crochet\" \/>\n<meta property=\"og:description\" content=\"Achetez ici mon patron de crochet \u00ab Crafty G\u00e2teau d&#039;anniversaire \u00bb. Ce patron de crochet facile est \u00e9galement disponible sur Haked.nl, Etsy, Ravelry et Payhip.\" \/>\n<meta property=\"og:url\" content=\"https:\/\/craftygenesindonesia.com\/fr\/shop\/3d\/gateau-danniversaire\/\" \/>\n<meta property=\"og:site_name\" content=\"Craftygenesindonesia\" \/>\n<meta property=\"article:modified_time\" content=\"2026-03-23T03:12:10+00:00\" \/>\n<meta property=\"og:image\" content=\"https:\/\/craftygenesindonesia.com\/wp-content\/uploads\/2024\/07\/1.jpg\" \/>\n\t<meta property=\"og:image:width\" content=\"1080\" \/>\n\t<meta property=\"og:image:height\" content=\"1080\" \/>\n\t<meta property=\"og:image:type\" content=\"image\/jpeg\" \/>\n<meta name=\"twitter:card\" content=\"summary_large_image\" \/>\n<meta name=\"twitter:label1\" content=\"Dur\u00e9e de lecture estim\u00e9e\" \/>\n\t<meta name=\"twitter:data1\" content=\"2 minutes\" \/>\n<script type=\"application\/ld+json\" class=\"yoast-schema-graph\">{\"@context\":\"https:\\\/\\\/schema.org\",\"@graph\":[{\"@type\":\"WebPage\",\"@id\":\"https:\\\/\\\/craftygenesindonesia.com\\\/fr\\\/shop\\\/3d\\\/gateau-danniversaire\\\/\",\"url\":\"https:\\\/\\\/craftygenesindonesia.com\\\/fr\\\/shop\\\/3d\\\/gateau-danniversaire\\\/\",\"name\":\"G\u00e2teau d'anniversaire mod\u00e8le de crochet - Craftygenesindonesia\",\"isPartOf\":{\"@id\":\"https:\\\/\\\/craftygenesindonesia.com\\\/fr\\\/#website\"},\"primaryImageOfPage\":{\"@id\":\"https:\\\/\\\/craftygenesindonesia.com\\\/fr\\\/shop\\\/3d\\\/gateau-danniversaire\\\/#primaryimage\"},\"image\":{\"@id\":\"https:\\\/\\\/craftygenesindonesia.com\\\/fr\\\/shop\\\/3d\\\/gateau-danniversaire\\\/#primaryimage\"},\"thumbnailUrl\":\"https:\\\/\\\/craftygenesindonesia.com\\\/wp-content\\\/uploads\\\/2024\\\/07\\\/1.jpg\",\"datePublished\":\"2024-07-27T06:07:15+00:00\",\"dateModified\":\"2026-03-23T03:12:10+00:00\",\"description\":\"Achetez ici mon patron de crochet \u00ab Crafty G\u00e2teau d'anniversaire \u00bb. Ce patron de crochet facile est \u00e9galement disponible sur Haked.nl, Etsy, Ravelry et Payhip.\",\"breadcrumb\":{\"@id\":\"https:\\\/\\\/craftygenesindonesia.com\\\/fr\\\/shop\\\/3d\\\/gateau-danniversaire\\\/#breadcrumb\"},\"inLanguage\":\"fr-FR\",\"potentialAction\":[{\"@type\":\"ReadAction\",\"target\":[\"https:\\\/\\\/craftygenesindonesia.com\\\/fr\\\/shop\\\/3d\\\/gateau-danniversaire\\\/\"]}]},{\"@type\":\"ImageObject\",\"inLanguage\":\"fr-FR\",\"@id\":\"https:\\\/\\\/craftygenesindonesia.com\\\/fr\\\/shop\\\/3d\\\/gateau-danniversaire\\\/#primaryimage\",\"url\":\"https:\\\/\\\/craftygenesindonesia.com\\\/wp-content\\\/uploads\\\/2024\\\/07\\\/1.jpg\",\"contentUrl\":\"https:\\\/\\\/craftygenesindonesia.com\\\/wp-content\\\/uploads\\\/2024\\\/07\\\/1.jpg\",\"width\":1080,\"height\":1080,\"caption\":\"crochet birthday cake with crochet ice cream, donut, macaron, cupcake, bonbon, cake roll, candle\"},{\"@type\":\"BreadcrumbList\",\"@id\":\"https:\\\/\\\/craftygenesindonesia.com\\\/fr\\\/shop\\\/3d\\\/gateau-danniversaire\\\/#breadcrumb\",\"itemListElement\":[{\"@type\":\"ListItem\",\"position\":1,\"name\":\"Home\",\"item\":\"https:\\\/\\\/craftygenesindonesia.com\\\/fr\\\/\"},{\"@type\":\"ListItem\",\"position\":2,\"name\":\"Boutique de mod\u00e8les\",\"item\":\"https:\\\/\\\/craftygenesindonesia.com\\\/fr\\\/boutique\\\/\"},{\"@type\":\"ListItem\",\"position\":3,\"name\":\"G\u00e2teau d&#8217;anniversaire\"}]},{\"@type\":\"WebSite\",\"@id\":\"https:\\\/\\\/craftygenesindonesia.com\\\/fr\\\/#website\",\"url\":\"https:\\\/\\\/craftygenesindonesia.com\\\/fr\\\/\",\"name\":\"Craftygenesindonesia\",\"description\":\"\",\"publisher\":{\"@id\":\"https:\\\/\\\/craftygenesindonesia.com\\\/fr\\\/#organization\"},\"potentialAction\":[{\"@type\":\"SearchAction\",\"target\":{\"@type\":\"EntryPoint\",\"urlTemplate\":\"https:\\\/\\\/craftygenesindonesia.com\\\/fr\\\/?s={search_term_string}\"},\"query-input\":{\"@type\":\"PropertyValueSpecification\",\"valueRequired\":true,\"valueName\":\"search_term_string\"}}],\"inLanguage\":\"fr-FR\"},{\"@type\":\"Organization\",\"@id\":\"https:\\\/\\\/craftygenesindonesia.com\\\/fr\\\/#organization\",\"name\":\"Craftygenesindonesia\",\"url\":\"https:\\\/\\\/craftygenesindonesia.com\\\/fr\\\/\",\"logo\":{\"@type\":\"ImageObject\",\"inLanguage\":\"fr-FR\",\"@id\":\"https:\\\/\\\/craftygenesindonesia.com\\\/fr\\\/#\\\/schema\\\/logo\\\/image\\\/\",\"url\":\"https:\\\/\\\/craftygenesindonesia.com\\\/wp-content\\\/uploads\\\/2025\\\/11\\\/cropped-Copy-of-Craftygenesindonesia.jpg\",\"contentUrl\":\"https:\\\/\\\/craftygenesindonesia.com\\\/wp-content\\\/uploads\\\/2025\\\/11\\\/cropped-Copy-of-Craftygenesindonesia.jpg\",\"width\":180,\"height\":60,\"caption\":\"Craftygenesindonesia\"},\"image\":{\"@id\":\"https:\\\/\\\/craftygenesindonesia.com\\\/fr\\\/#\\\/schema\\\/logo\\\/image\\\/\"}}]}<\/script>\n<!-- \/ Yoast SEO plugin. -->","yoast_head_json":{"title":"G\u00e2teau d'anniversaire mod\u00e8le de crochet - Craftygenesindonesia","description":"Achetez ici mon patron de crochet \u00ab Crafty G\u00e2teau d'anniversaire \u00bb. Ce patron de crochet facile est \u00e9galement disponible sur Haked.nl, Etsy, Ravelry et Payhip.","robots":{"index":"index","follow":"follow","max-snippet":"max-snippet:-1","max-image-preview":"max-image-preview:large","max-video-preview":"max-video-preview:-1"},"canonical":"https:\/\/craftygenesindonesia.com\/fr\/shop\/3d\/gateau-danniversaire\/","og_locale":"fr_FR","og_type":"article","og_title":"\"Crafty G\u00e2teau d'anniversaire\" mod\u00e8le au crochet","og_description":"Achetez ici mon patron de crochet \u00ab Crafty G\u00e2teau d'anniversaire \u00bb. Ce patron de crochet facile est \u00e9galement disponible sur Haked.nl, Etsy, Ravelry et Payhip.","og_url":"https:\/\/craftygenesindonesia.com\/fr\/shop\/3d\/gateau-danniversaire\/","og_site_name":"Craftygenesindonesia","article_modified_time":"2026-03-23T03:12:10+00:00","og_image":[{"width":1080,"height":1080,"url":"https:\/\/craftygenesindonesia.com\/wp-content\/uploads\/2024\/07\/1.jpg","type":"image\/jpeg"}],"twitter_card":"summary_large_image","twitter_misc":{"Dur\u00e9e de lecture estim\u00e9e":"2 minutes"},"schema":{"@context":"https:\/\/schema.org","@graph":[{"@type":"WebPage","@id":"https:\/\/craftygenesindonesia.com\/fr\/shop\/3d\/gateau-danniversaire\/","url":"https:\/\/craftygenesindonesia.com\/fr\/shop\/3d\/gateau-danniversaire\/","name":"G\u00e2teau d'anniversaire mod\u00e8le de crochet - Craftygenesindonesia","isPartOf":{"@id":"https:\/\/craftygenesindonesia.com\/fr\/#website"},"primaryImageOfPage":{"@id":"https:\/\/craftygenesindonesia.com\/fr\/shop\/3d\/gateau-danniversaire\/#primaryimage"},"image":{"@id":"https:\/\/craftygenesindonesia.com\/fr\/shop\/3d\/gateau-danniversaire\/#primaryimage"},"thumbnailUrl":"https:\/\/craftygenesindonesia.com\/wp-content\/uploads\/2024\/07\/1.jpg","datePublished":"2024-07-27T06:07:15+00:00","dateModified":"2026-03-23T03:12:10+00:00","description":"Achetez ici mon patron de crochet \u00ab Crafty G\u00e2teau d'anniversaire \u00bb. Ce patron de crochet facile est \u00e9galement disponible sur Haked.nl, Etsy, Ravelry et Payhip.","breadcrumb":{"@id":"https:\/\/craftygenesindonesia.com\/fr\/shop\/3d\/gateau-danniversaire\/#breadcrumb"},"inLanguage":"fr-FR","potentialAction":[{"@type":"ReadAction","target":["https:\/\/craftygenesindonesia.com\/fr\/shop\/3d\/gateau-danniversaire\/"]}]},{"@type":"ImageObject","inLanguage":"fr-FR","@id":"https:\/\/craftygenesindonesia.com\/fr\/shop\/3d\/gateau-danniversaire\/#primaryimage","url":"https:\/\/craftygenesindonesia.com\/wp-content\/uploads\/2024\/07\/1.jpg","contentUrl":"https:\/\/craftygenesindonesia.com\/wp-content\/uploads\/2024\/07\/1.jpg","width":1080,"height":1080,"caption":"crochet birthday cake with crochet ice cream, donut, macaron, cupcake, bonbon, cake roll, candle"},{"@type":"BreadcrumbList","@id":"https:\/\/craftygenesindonesia.com\/fr\/shop\/3d\/gateau-danniversaire\/#breadcrumb","itemListElement":[{"@type":"ListItem","position":1,"name":"Home","item":"https:\/\/craftygenesindonesia.com\/fr\/"},{"@type":"ListItem","position":2,"name":"Boutique de mod\u00e8les","item":"https:\/\/craftygenesindonesia.com\/fr\/boutique\/"},{"@type":"ListItem","position":3,"name":"G\u00e2teau d&#8217;anniversaire"}]},{"@type":"WebSite","@id":"https:\/\/craftygenesindonesia.com\/fr\/#website","url":"https:\/\/craftygenesindonesia.com\/fr\/","name":"Craftygenesindonesia","description":"","publisher":{"@id":"https:\/\/craftygenesindonesia.com\/fr\/#organization"},"potentialAction":[{"@type":"SearchAction","target":{"@type":"EntryPoint","urlTemplate":"https:\/\/craftygenesindonesia.com\/fr\/?s={search_term_string}"},"query-input":{"@type":"PropertyValueSpecification","valueRequired":true,"valueName":"search_term_string"}}],"inLanguage":"fr-FR"},{"@type":"Organization","@id":"https:\/\/craftygenesindonesia.com\/fr\/#organization","name":"Craftygenesindonesia","url":"https:\/\/craftygenesindonesia.com\/fr\/","logo":{"@type":"ImageObject","inLanguage":"fr-FR","@id":"https:\/\/craftygenesindonesia.com\/fr\/#\/schema\/logo\/image\/","url":"https:\/\/craftygenesindonesia.com\/wp-content\/uploads\/2025\/11\/cropped-Copy-of-Craftygenesindonesia.jpg","contentUrl":"https:\/\/craftygenesindonesia.com\/wp-content\/uploads\/2025\/11\/cropped-Copy-of-Craftygenesindonesia.jpg","width":180,"height":60,"caption":"Craftygenesindonesia"},"image":{"@id":"https:\/\/craftygenesindonesia.com\/fr\/#\/schema\/logo\/image\/"}}]}},"_links":{"self":[{"href":"https:\/\/craftygenesindonesia.com\/fr\/wp-json\/wp\/v2\/product\/987519422","targetHints":{"allow":["GET"]}}],"collection":[{"href":"https:\/\/craftygenesindonesia.com\/fr\/wp-json\/wp\/v2\/product"}],"about":[{"href":"https:\/\/craftygenesindonesia.com\/fr\/wp-json\/wp\/v2\/types\/product"}],"replies":[{"embeddable":true,"href":"https:\/\/craftygenesindonesia.com\/fr\/wp-json\/wp\/v2\/comments?post=987519422"}],"wp:featuredmedia":[{"embeddable":true,"href":"https:\/\/craftygenesindonesia.com\/fr\/wp-json\/wp\/v2\/media\/987530314"}],"wp:attachment":[{"href":"https:\/\/craftygenesindonesia.com\/fr\/wp-json\/wp\/v2\/media?parent=987519422"}],"wp:term":[{"taxonomy":"product_brand","embeddable":true,"href":"https:\/\/craftygenesindonesia.com\/fr\/wp-json\/wp\/v2\/product_brand?post=987519422"},{"taxonomy":"product_cat","embeddable":true,"href":"https:\/\/craftygenesindonesia.com\/fr\/wp-json\/wp\/v2\/product_cat?post=987519422"},{"taxonomy":"product_tag","embeddable":true,"href":"https:\/\/craftygenesindonesia.com\/fr\/wp-json\/wp\/v2\/product_tag?post=987519422"}],"curies":[{"name":"wp","href":"https:\/\/api.w.org\/{rel}","templated":true}]}}