{"id":987519044,"date":"2024-07-06T07:06:27","date_gmt":"2024-07-05T23:06:27","guid":{"rendered":"https:\/\/craftygenesindonesia.com\/?post_type=product&#038;p=987519044"},"modified":"2026-03-23T11:13:53","modified_gmt":"2026-03-23T03:13:53","slug":"creche-bethleem","status":"publish","type":"product","link":"https:\/\/craftygenesindonesia.com\/fr\/shop\/creches\/creche-bethleem\/","title":{"rendered":"Cr\u00e8che Bethl\u00e9em"},"content":{"rendered":"<p>Taille :<\/p>\n<ul>\n<li>Ensemble : 80x54x36cm\/31.5x21x14inch<\/li>\n<li>Lit d&#8217;enfant : 12x7x7cm\/4.7&#215;2.7&#215;2.7inch<\/li>\n<li>Marie: 14cm\/ 5.5inch<\/li>\n<li>Joseph: 20cm\/ 7.8inch<\/li>\n<li>Roi debout : 20cm\/ 7.8inch<\/li>\n<li>Roi \u00e0 genoux : 15cm\/ 5.9inch<\/li>\n<li>Berger : 20cm\/ 7.8inch<\/li>\n<li>Grand mouton : 7x10x7cm\/ 2.7x4x2.7inch<\/li>\n<li>Petit mouton : 8x6x4cm\/ 3.1&#215;2.4&#215;1.5inch<\/li>\n<li>\u00c2ne et b\u0153uf : 8x16x7cm\/ 3.1x\/6.2&#215;2.7inch<\/li>\n<li>Dromadaire : 13x20x9cm\/ 5.1&#215;7.8&#215;3.5inch<\/li>\n<\/ul>\n<p>&nbsp;<\/p>\n<p>Ce mod\u00e8le est enti\u00e8rement r\u00e9alis\u00e9 avec un fil de poids &#8220;FINGERING&#8221; et un crochet de 2 mm.<\/p>\n<p>&nbsp;<\/p>\n<p>Vous aurez besoin des couleurs suivantes (voir le tableau des couleurs en pdf dans les t\u00e9l\u00e9chargements) : couleur de la peau, magenta fonc\u00e9, blanc cass\u00e9, bleu clair, brun, or m\u00e9tallique, or clair, vert olive, brun fonc\u00e9, jaune d&#8217;\u0153uf, orange, noir, magenta, bleu marine, jaune olive, gris clair, violet, brun clair, blanc, beige fonc\u00e9, or, brun bois fonc\u00e9, terracotta, vert fonc\u00e9.<\/p>\n<p>&nbsp;<\/p>\n<p>Vous aurez \u00e9galement besoin de : rembourrage, marqueurs de points, ciseaux, aiguille \u00e0 repriser, \u00e9pingles \u00e0 coudre, crayon, r\u00e8gle, colle, cutter, pinces, 1 anneau porte-cl\u00e9s, 6 cotons-tiges, fil d&#8217;aluminium de 1,5 mm, fil d&#8217;aluminium de 3 mm, carton de 5 mm, feutre, toile plastique, carton, contreplaqu\u00e9, guirlandes de No\u00ebl.<\/p>\n<p>&nbsp;<\/p>\n<p>Crochet : taille 2mm<\/p>\n<p>&nbsp;<\/p>\n<p>Ce mod\u00e8le est un mod\u00e8le \u00e9crit avec de nombreuses images pour vous aider. Si vous avez des questions, envoyez-moi un message \u00e0 l&#8217;adresse suivante : craftygenesindonesia@gmail.com<\/p>\n<p>&nbsp;<\/p>\n<p>-Ce mod\u00e8le est r\u00e9serv\u00e9 \u00e0 un usage personnel et est prot\u00e9g\u00e9 par un COPYRIGHT. Par cons\u00e9quent, le mod\u00e8le ne peut PAS \u00eatre copi\u00e9, vendu, revendu, traduit, revendiqu\u00e9 comme votre mod\u00e8le, distribu\u00e9, partag\u00e9, publi\u00e9, mis en ligne sous quelque forme que ce soit sans mon autorisation. Pas m\u00eame une partie!!!<\/p>\n<p>&nbsp;<\/p>\n<p>Vous pouvez vendre le produit fini en petites quantit\u00e9s, MAIS PAS LE PATRON EN LUI-M\u00caME ! Mentionnez que le mod\u00e8le provient de Craftygenesindonesia et indiquez o\u00f9 vous pouvez l&#8217;acheter.<\/p>\n","protected":false},"excerpt":{"rendered":"<p>Il s&#8217;agit d&#8217;un superbe mod\u00e8le tout-en-un pour une cr\u00e8che comprenant : la sainte famille, les trois rois mages, un berger avec ses moutons, un b\u0153uf, un \u00e2ne, un dromadaire, l&#8217;\u00e9table et ses alentours, un puits et m\u00eame un palmier = tout ce que vous voyez sur les photos est inclus dans le mod\u00e8le.<\/p>\n<p>Si vous avez achet\u00e9 l&#8217;une de mes pr\u00e9c\u00e9dentes cr\u00e8ches sans b\u00e2timent, vous avez de la chance car les poup\u00e9es de ces cr\u00e8ches pr\u00e9c\u00e9dentes rentrent dans cette \u00e9table ! Le motif complexe de l&#8217;\u00e9table est disponible s\u00e9par\u00e9ment. Les poup\u00e9es et les animaux sont \u00e9galement disponibles dans un mod\u00e8le s\u00e9par\u00e9.<\/p>\n<p>Lorsque vous t\u00e9l\u00e9chargez le patron ici, vous pouvez \u00e9galement t\u00e9l\u00e9charger une charte de couleurs en pdf.<\/p>\n","protected":false},"featured_media":987520369,"comment_status":"open","ping_status":"closed","template":"","meta":{"_acf_changed":false},"product_brand":[],"product_cat":[3649,3653,3647,3675],"product_tag":[12066,12080,10065,10326,10066,12075,12079,12071,12074,12078],"class_list":{"0":"post-987519044","1":"product","2":"type-product","3":"status-publish","4":"has-post-thumbnail","6":"product_cat-ensembles","7":"product_cat-noel","8":"product_cat-creches","9":"product_cat-religieux","10":"product_tag-bethlehem-fr","11":"product_tag-holy-family-fr","12":"product_tag-jesus-fr","13":"product_tag-joseph-fr","14":"product_tag-mary-fr","15":"product_tag-nativity-fr","16":"product_tag-palm-tree-fr","17":"product_tag-stable-fr","18":"product_tag-three-wise-men-fr","19":"product_tag-xmas-fr","20":"pa_available_on-craftygenesindonesia","21":"pa_available_on-etsy","22":"pa_available_on-haked-nl","23":"pa_available_on-payhip","24":"pa_available_on-ravelry","25":"pa_languages-allemand","26":"pa_languages-americain","27":"pa_languages-espagnol","28":"pa_languages-francais","29":"pa_languages-italien","30":"pa_languages-neerlandais","31":"pa_languages-portugais","33":"first","34":"instock","35":"downloadable","36":"virtual","37":"purchasable","38":"product-type-simple"},"acf":[],"yoast_head":"<!-- This site is optimized with the Yoast SEO plugin v27.4 - https:\/\/yoast.com\/product\/yoast-seo-wordpress\/ -->\n<title>Cr\u00e8che Bethl\u00e9em mod\u00e8le de crochet - Craftygenesindonesia<\/title>\n<meta name=\"description\" content=\"Achetez ici mon mod\u00e8le de crochet &quot;Cr\u00e8che de Bethl\u00e9em&quot;. Le mod\u00e8le de crochet tout-en-un est \u00e9galement disponible sur Haked, Etsy et Ravelry.\" \/>\n<meta name=\"robots\" content=\"index, follow, max-snippet:-1, max-image-preview:large, max-video-preview:-1\" \/>\n<link rel=\"canonical\" href=\"https:\/\/craftygenesindonesia.com\/fr\/shop\/creches\/creche-bethleem\/\" \/>\n<meta property=\"og:locale\" content=\"fr_FR\" \/>\n<meta property=\"og:type\" content=\"article\" \/>\n<meta property=\"og:title\" content=\"Mod\u00e8le de crochet &quot;Cr\u00e8che de Bethl\u00e9em&quot;\" \/>\n<meta property=\"og:description\" content=\"Achetez ici mon mod\u00e8le de crochet &quot;Cr\u00e8che de Bethl\u00e9em&quot;. Le mod\u00e8le de crochet tout-en-un est \u00e9galement disponible sur Haked, Etsy et Ravelry.\" \/>\n<meta property=\"og:url\" content=\"https:\/\/craftygenesindonesia.com\/fr\/shop\/creches\/creche-bethleem\/\" \/>\n<meta property=\"og:site_name\" content=\"Craftygenesindonesia\" \/>\n<meta property=\"article:modified_time\" content=\"2026-03-23T03:13:53+00:00\" \/>\n<meta property=\"og:image\" content=\"https:\/\/craftygenesindonesia.com\/wp-content\/uploads\/2024\/07\/Copy-of-Bethlehem-Nativity-Set-300x300.jpg\" \/>\n<meta name=\"twitter:card\" content=\"summary_large_image\" \/>\n<meta name=\"twitter:label1\" content=\"Dur\u00e9e de lecture estim\u00e9e\" \/>\n\t<meta name=\"twitter:data1\" content=\"2 minutes\" \/>\n<script type=\"application\/ld+json\" class=\"yoast-schema-graph\">{\"@context\":\"https:\\\/\\\/schema.org\",\"@graph\":[{\"@type\":\"WebPage\",\"@id\":\"https:\\\/\\\/craftygenesindonesia.com\\\/fr\\\/shop\\\/creches\\\/creche-bethleem\\\/\",\"url\":\"https:\\\/\\\/craftygenesindonesia.com\\\/fr\\\/shop\\\/creches\\\/creche-bethleem\\\/\",\"name\":\"Cr\u00e8che Bethl\u00e9em mod\u00e8le de crochet - Craftygenesindonesia\",\"isPartOf\":{\"@id\":\"https:\\\/\\\/craftygenesindonesia.com\\\/fr\\\/#website\"},\"primaryImageOfPage\":{\"@id\":\"https:\\\/\\\/craftygenesindonesia.com\\\/fr\\\/shop\\\/creches\\\/creche-bethleem\\\/#primaryimage\"},\"image\":{\"@id\":\"https:\\\/\\\/craftygenesindonesia.com\\\/fr\\\/shop\\\/creches\\\/creche-bethleem\\\/#primaryimage\"},\"thumbnailUrl\":\"https:\\\/\\\/craftygenesindonesia.com\\\/wp-content\\\/uploads\\\/2024\\\/07\\\/Bethlehem-Nativity-Set.jpg\",\"datePublished\":\"2024-07-05T23:06:27+00:00\",\"dateModified\":\"2026-03-23T03:13:53+00:00\",\"description\":\"Achetez ici mon mod\u00e8le de crochet \\\"Cr\u00e8che de Bethl\u00e9em\\\". Le mod\u00e8le de crochet tout-en-un est \u00e9galement disponible sur Haked, Etsy et Ravelry.\",\"breadcrumb\":{\"@id\":\"https:\\\/\\\/craftygenesindonesia.com\\\/fr\\\/shop\\\/creches\\\/creche-bethleem\\\/#breadcrumb\"},\"inLanguage\":\"fr-FR\",\"potentialAction\":[{\"@type\":\"ReadAction\",\"target\":[\"https:\\\/\\\/craftygenesindonesia.com\\\/fr\\\/shop\\\/creches\\\/creche-bethleem\\\/\"]}]},{\"@type\":\"ImageObject\",\"inLanguage\":\"fr-FR\",\"@id\":\"https:\\\/\\\/craftygenesindonesia.com\\\/fr\\\/shop\\\/creches\\\/creche-bethleem\\\/#primaryimage\",\"url\":\"https:\\\/\\\/craftygenesindonesia.com\\\/wp-content\\\/uploads\\\/2024\\\/07\\\/Bethlehem-Nativity-Set.jpg\",\"contentUrl\":\"https:\\\/\\\/craftygenesindonesia.com\\\/wp-content\\\/uploads\\\/2024\\\/07\\\/Bethlehem-Nativity-Set.jpg\",\"width\":1080,\"height\":1080,\"caption\":\"crochet nativity set with holy family, dromedary, ox, donkey, shepherd, sheep, wise men, well, pots, broom, stable, palm tree\"},{\"@type\":\"BreadcrumbList\",\"@id\":\"https:\\\/\\\/craftygenesindonesia.com\\\/fr\\\/shop\\\/creches\\\/creche-bethleem\\\/#breadcrumb\",\"itemListElement\":[{\"@type\":\"ListItem\",\"position\":1,\"name\":\"Home\",\"item\":\"https:\\\/\\\/craftygenesindonesia.com\\\/fr\\\/\"},{\"@type\":\"ListItem\",\"position\":2,\"name\":\"Boutique de mod\u00e8les\",\"item\":\"https:\\\/\\\/craftygenesindonesia.com\\\/fr\\\/boutique\\\/\"},{\"@type\":\"ListItem\",\"position\":3,\"name\":\"Cr\u00e8che Bethl\u00e9em\"}]},{\"@type\":\"WebSite\",\"@id\":\"https:\\\/\\\/craftygenesindonesia.com\\\/fr\\\/#website\",\"url\":\"https:\\\/\\\/craftygenesindonesia.com\\\/fr\\\/\",\"name\":\"Craftygenesindonesia\",\"description\":\"\",\"publisher\":{\"@id\":\"https:\\\/\\\/craftygenesindonesia.com\\\/fr\\\/#organization\"},\"potentialAction\":[{\"@type\":\"SearchAction\",\"target\":{\"@type\":\"EntryPoint\",\"urlTemplate\":\"https:\\\/\\\/craftygenesindonesia.com\\\/fr\\\/?s={search_term_string}\"},\"query-input\":{\"@type\":\"PropertyValueSpecification\",\"valueRequired\":true,\"valueName\":\"search_term_string\"}}],\"inLanguage\":\"fr-FR\"},{\"@type\":\"Organization\",\"@id\":\"https:\\\/\\\/craftygenesindonesia.com\\\/fr\\\/#organization\",\"name\":\"Craftygenesindonesia\",\"url\":\"https:\\\/\\\/craftygenesindonesia.com\\\/fr\\\/\",\"logo\":{\"@type\":\"ImageObject\",\"inLanguage\":\"fr-FR\",\"@id\":\"https:\\\/\\\/craftygenesindonesia.com\\\/fr\\\/#\\\/schema\\\/logo\\\/image\\\/\",\"url\":\"https:\\\/\\\/craftygenesindonesia.com\\\/wp-content\\\/uploads\\\/2025\\\/11\\\/cropped-Copy-of-Craftygenesindonesia.jpg\",\"contentUrl\":\"https:\\\/\\\/craftygenesindonesia.com\\\/wp-content\\\/uploads\\\/2025\\\/11\\\/cropped-Copy-of-Craftygenesindonesia.jpg\",\"width\":180,\"height\":60,\"caption\":\"Craftygenesindonesia\"},\"image\":{\"@id\":\"https:\\\/\\\/craftygenesindonesia.com\\\/fr\\\/#\\\/schema\\\/logo\\\/image\\\/\"}}]}<\/script>\n<!-- \/ Yoast SEO plugin. -->","yoast_head_json":{"title":"Cr\u00e8che Bethl\u00e9em mod\u00e8le de crochet - Craftygenesindonesia","description":"Achetez ici mon mod\u00e8le de crochet \"Cr\u00e8che de Bethl\u00e9em\". Le mod\u00e8le de crochet tout-en-un est \u00e9galement disponible sur Haked, Etsy et Ravelry.","robots":{"index":"index","follow":"follow","max-snippet":"max-snippet:-1","max-image-preview":"max-image-preview:large","max-video-preview":"max-video-preview:-1"},"canonical":"https:\/\/craftygenesindonesia.com\/fr\/shop\/creches\/creche-bethleem\/","og_locale":"fr_FR","og_type":"article","og_title":"Mod\u00e8le de crochet \"Cr\u00e8che de Bethl\u00e9em\"","og_description":"Achetez ici mon mod\u00e8le de crochet \"Cr\u00e8che de Bethl\u00e9em\". Le mod\u00e8le de crochet tout-en-un est \u00e9galement disponible sur Haked, Etsy et Ravelry.","og_url":"https:\/\/craftygenesindonesia.com\/fr\/shop\/creches\/creche-bethleem\/","og_site_name":"Craftygenesindonesia","article_modified_time":"2026-03-23T03:13:53+00:00","og_image":[{"url":"https:\/\/craftygenesindonesia.com\/wp-content\/uploads\/2024\/07\/Copy-of-Bethlehem-Nativity-Set-300x300.jpg","type":"","width":"","height":""}],"twitter_card":"summary_large_image","twitter_misc":{"Dur\u00e9e de lecture estim\u00e9e":"2 minutes"},"schema":{"@context":"https:\/\/schema.org","@graph":[{"@type":"WebPage","@id":"https:\/\/craftygenesindonesia.com\/fr\/shop\/creches\/creche-bethleem\/","url":"https:\/\/craftygenesindonesia.com\/fr\/shop\/creches\/creche-bethleem\/","name":"Cr\u00e8che Bethl\u00e9em mod\u00e8le de crochet - Craftygenesindonesia","isPartOf":{"@id":"https:\/\/craftygenesindonesia.com\/fr\/#website"},"primaryImageOfPage":{"@id":"https:\/\/craftygenesindonesia.com\/fr\/shop\/creches\/creche-bethleem\/#primaryimage"},"image":{"@id":"https:\/\/craftygenesindonesia.com\/fr\/shop\/creches\/creche-bethleem\/#primaryimage"},"thumbnailUrl":"https:\/\/craftygenesindonesia.com\/wp-content\/uploads\/2024\/07\/Bethlehem-Nativity-Set.jpg","datePublished":"2024-07-05T23:06:27+00:00","dateModified":"2026-03-23T03:13:53+00:00","description":"Achetez ici mon mod\u00e8le de crochet \"Cr\u00e8che de Bethl\u00e9em\". Le mod\u00e8le de crochet tout-en-un est \u00e9galement disponible sur Haked, Etsy et Ravelry.","breadcrumb":{"@id":"https:\/\/craftygenesindonesia.com\/fr\/shop\/creches\/creche-bethleem\/#breadcrumb"},"inLanguage":"fr-FR","potentialAction":[{"@type":"ReadAction","target":["https:\/\/craftygenesindonesia.com\/fr\/shop\/creches\/creche-bethleem\/"]}]},{"@type":"ImageObject","inLanguage":"fr-FR","@id":"https:\/\/craftygenesindonesia.com\/fr\/shop\/creches\/creche-bethleem\/#primaryimage","url":"https:\/\/craftygenesindonesia.com\/wp-content\/uploads\/2024\/07\/Bethlehem-Nativity-Set.jpg","contentUrl":"https:\/\/craftygenesindonesia.com\/wp-content\/uploads\/2024\/07\/Bethlehem-Nativity-Set.jpg","width":1080,"height":1080,"caption":"crochet nativity set with holy family, dromedary, ox, donkey, shepherd, sheep, wise men, well, pots, broom, stable, palm tree"},{"@type":"BreadcrumbList","@id":"https:\/\/craftygenesindonesia.com\/fr\/shop\/creches\/creche-bethleem\/#breadcrumb","itemListElement":[{"@type":"ListItem","position":1,"name":"Home","item":"https:\/\/craftygenesindonesia.com\/fr\/"},{"@type":"ListItem","position":2,"name":"Boutique de mod\u00e8les","item":"https:\/\/craftygenesindonesia.com\/fr\/boutique\/"},{"@type":"ListItem","position":3,"name":"Cr\u00e8che Bethl\u00e9em"}]},{"@type":"WebSite","@id":"https:\/\/craftygenesindonesia.com\/fr\/#website","url":"https:\/\/craftygenesindonesia.com\/fr\/","name":"Craftygenesindonesia","description":"","publisher":{"@id":"https:\/\/craftygenesindonesia.com\/fr\/#organization"},"potentialAction":[{"@type":"SearchAction","target":{"@type":"EntryPoint","urlTemplate":"https:\/\/craftygenesindonesia.com\/fr\/?s={search_term_string}"},"query-input":{"@type":"PropertyValueSpecification","valueRequired":true,"valueName":"search_term_string"}}],"inLanguage":"fr-FR"},{"@type":"Organization","@id":"https:\/\/craftygenesindonesia.com\/fr\/#organization","name":"Craftygenesindonesia","url":"https:\/\/craftygenesindonesia.com\/fr\/","logo":{"@type":"ImageObject","inLanguage":"fr-FR","@id":"https:\/\/craftygenesindonesia.com\/fr\/#\/schema\/logo\/image\/","url":"https:\/\/craftygenesindonesia.com\/wp-content\/uploads\/2025\/11\/cropped-Copy-of-Craftygenesindonesia.jpg","contentUrl":"https:\/\/craftygenesindonesia.com\/wp-content\/uploads\/2025\/11\/cropped-Copy-of-Craftygenesindonesia.jpg","width":180,"height":60,"caption":"Craftygenesindonesia"},"image":{"@id":"https:\/\/craftygenesindonesia.com\/fr\/#\/schema\/logo\/image\/"}}]}},"_links":{"self":[{"href":"https:\/\/craftygenesindonesia.com\/fr\/wp-json\/wp\/v2\/product\/987519044","targetHints":{"allow":["GET"]}}],"collection":[{"href":"https:\/\/craftygenesindonesia.com\/fr\/wp-json\/wp\/v2\/product"}],"about":[{"href":"https:\/\/craftygenesindonesia.com\/fr\/wp-json\/wp\/v2\/types\/product"}],"replies":[{"embeddable":true,"href":"https:\/\/craftygenesindonesia.com\/fr\/wp-json\/wp\/v2\/comments?post=987519044"}],"wp:featuredmedia":[{"embeddable":true,"href":"https:\/\/craftygenesindonesia.com\/fr\/wp-json\/wp\/v2\/media\/987520369"}],"wp:attachment":[{"href":"https:\/\/craftygenesindonesia.com\/fr\/wp-json\/wp\/v2\/media?parent=987519044"}],"wp:term":[{"taxonomy":"product_brand","embeddable":true,"href":"https:\/\/craftygenesindonesia.com\/fr\/wp-json\/wp\/v2\/product_brand?post=987519044"},{"taxonomy":"product_cat","embeddable":true,"href":"https:\/\/craftygenesindonesia.com\/fr\/wp-json\/wp\/v2\/product_cat?post=987519044"},{"taxonomy":"product_tag","embeddable":true,"href":"https:\/\/craftygenesindonesia.com\/fr\/wp-json\/wp\/v2\/product_tag?post=987519044"}],"curies":[{"name":"wp","href":"https:\/\/api.w.org\/{rel}","templated":true}]}}