{"id":987518365,"date":"2024-05-15T08:55:35","date_gmt":"2024-05-15T00:55:35","guid":{"rendered":"https:\/\/craftygenesindonesia.com\/product\/reine-elizabeth-prince-philip\/"},"modified":"2026-03-23T11:24:39","modified_gmt":"2026-03-23T03:24:39","slug":"reine-elizabeth-prince-philip","status":"publish","type":"product","link":"https:\/\/craftygenesindonesia.com\/fr\/shop\/mesdames-et-messieurs\/reine-elizabeth-prince-philip\/","title":{"rendered":"Reine Elizabeth &#038; Prince Philip"},"content":{"rendered":"<p>La reine mesure 17 cm (6,8&#8243;) de haut (y compris la plate-forme et le chapeau).<br \/>\nLe prince mesure 21 cm (8,4&#8243;) (plate-forme et chapeau compris)<\/p>\n<p>Ils sont tous deux r\u00e9alis\u00e9s avec un fil de poids &#8220;FINGERING&#8221; et un crochet de taille 2mm.<\/p>\n<p>Vous aurez besoin des couleurs suivantes : couleur chair, blanc, vert fluo, noir, gris, jaune, fils de couleurs m\u00e9lang\u00e9es.<\/p>\n<p>Crochet : taille 2mm.<\/p>\n<p>Ce mod\u00e8le comprend un patron \u00e9crit et de nombreuses photos pour vous aider.<br \/>\nSi vous avez des probl\u00e8mes de compr\u00e9hension, n&#8217;h\u00e9sitez pas \u00e0 m&#8217;envoyer un message \u00e0 l&#8217;adresse suivante : <a href=\"mailto:craftygenesindonesia@gmail.com\">craftygenesindonesia@gmail.com<\/a><\/p>\n<p><strong>Ce mod\u00e8le est r\u00e9serv\u00e9 \u00e0 un usage personnel et il est prot\u00e9g\u00e9 par un COPYRIGHT. Le mod\u00e8le est donc r\u00e9serv\u00e9 \u00e0 un usage personnel et ne peut PAS \u00eatre copi\u00e9, vendu, revendu, traduit, revendiqu\u00e9 comme votre mod\u00e8le, distribu\u00e9, partag\u00e9, publi\u00e9, mis en ligne&#8230; sous quelque forme que ce soit sans mon consentement. Cela n&#8217;en fait m\u00eame pas partie !<\/strong><\/p>\n<p><strong>Vous pouvez vendre le produit fini, mais pas le mod\u00e8le lui-m\u00eame !<\/strong><\/p>\n","protected":false},"excerpt":{"rendered":"<p>Si vous cherchez un mod\u00e8le de crochet pour la reine Elizabeth II, celui-ci est fait pour vous ! Il existe \u00e9galement un mod\u00e8le AVEC pour le prince Philippe.<\/p>\n","protected":false},"featured_media":987520717,"comment_status":"open","ping_status":"closed","template":"","meta":{"_acf_changed":false},"product_brand":[],"product_cat":[3655,3673],"product_tag":[9978,11048,9977,11361,5668,9976,11474,11475,11279],"class_list":{"0":"post-987518365","1":"product","2":"type-product","3":"status-publish","4":"has-post-thumbnail","6":"product_cat-mesdames-et-messieurs","7":"product_cat-monarques","8":"product_tag-angleterre","9":"product_tag-couronne-fr-2","10":"product_tag-grande-bretagne-fr","11":"product_tag-monarque-fr","12":"product_tag-prince","13":"product_tag-prince-philip-fr","14":"product_tag-reine-fr","15":"product_tag-reine-elisabeth","16":"product_tag-roi-fr","17":"pa_available_on-craftygenesindonesia","18":"pa_available_on-etsy","19":"pa_available_on-payhip","20":"pa_available_on-ravelry","21":"pa_languages-americain","22":"pa_languages-espagnol","23":"pa_languages-francais","24":"pa_languages-neerlandais","26":"first","27":"instock","28":"downloadable","29":"virtual","30":"purchasable","31":"product-type-simple"},"acf":[],"yoast_head":"<!-- This site is optimized with the Yoast SEO plugin v27.4 - https:\/\/yoast.com\/product\/yoast-seo-wordpress\/ -->\n<title>Reine Elizabeth &amp; Prince Philip mod\u00e8le de crochet - Craftygenesindonesia<\/title>\n<meta name=\"description\" content=\"Achetez ici mon mod\u00e8le de crochet &quot;Reine Elizabeth et Prince Philip&quot;. Le mod\u00e8le, facile \u00e0 suivre, est \u00e9galement disponible sur Etsy et Ravelry.\" \/>\n<meta name=\"robots\" content=\"index, follow, max-snippet:-1, max-image-preview:large, max-video-preview:-1\" \/>\n<link rel=\"canonical\" href=\"https:\/\/craftygenesindonesia.com\/fr\/shop\/mesdames-et-messieurs\/reine-elizabeth-prince-philip\/\" \/>\n<meta property=\"og:locale\" content=\"fr_FR\" \/>\n<meta property=\"og:type\" content=\"article\" \/>\n<meta property=\"og:title\" content=\"Mod\u00e8le de crochet &quot;Reine Elizabeth &amp; Prince Philip&quot;.\" \/>\n<meta property=\"og:description\" content=\"Achetez ici mon mod\u00e8le de crochet &quot;Reine Elizabeth et Prince Philip&quot;. Le mod\u00e8le, facile \u00e0 suivre, est \u00e9galement disponible sur Etsy et Ravelry.\" \/>\n<meta property=\"og:url\" content=\"https:\/\/craftygenesindonesia.com\/fr\/shop\/mesdames-et-messieurs\/reine-elizabeth-prince-philip\/\" \/>\n<meta property=\"og:site_name\" content=\"Craftygenesindonesia\" \/>\n<meta property=\"article:modified_time\" content=\"2026-03-23T03:24:39+00:00\" \/>\n<meta property=\"og:image\" content=\"https:\/\/craftygenesindonesia.com\/wp-content\/uploads\/2024\/05\/Queen-Elizabeth-II-Prince-Philip-1-1.jpg\" \/>\n\t<meta property=\"og:image:width\" content=\"1080\" \/>\n\t<meta property=\"og:image:height\" content=\"1080\" \/>\n\t<meta property=\"og:image:type\" content=\"image\/jpeg\" \/>\n<meta name=\"twitter:card\" content=\"summary_large_image\" \/>\n<meta name=\"twitter:label1\" content=\"Dur\u00e9e de lecture estim\u00e9e\" \/>\n\t<meta name=\"twitter:data1\" content=\"1 minute\" \/>\n<script type=\"application\/ld+json\" class=\"yoast-schema-graph\">{\"@context\":\"https:\\\/\\\/schema.org\",\"@graph\":[{\"@type\":\"WebPage\",\"@id\":\"https:\\\/\\\/craftygenesindonesia.com\\\/fr\\\/shop\\\/mesdames-et-messieurs\\\/reine-elizabeth-prince-philip\\\/\",\"url\":\"https:\\\/\\\/craftygenesindonesia.com\\\/fr\\\/shop\\\/mesdames-et-messieurs\\\/reine-elizabeth-prince-philip\\\/\",\"name\":\"Reine Elizabeth & Prince Philip mod\u00e8le de crochet - Craftygenesindonesia\",\"isPartOf\":{\"@id\":\"https:\\\/\\\/craftygenesindonesia.com\\\/fr\\\/#website\"},\"primaryImageOfPage\":{\"@id\":\"https:\\\/\\\/craftygenesindonesia.com\\\/fr\\\/shop\\\/mesdames-et-messieurs\\\/reine-elizabeth-prince-philip\\\/#primaryimage\"},\"image\":{\"@id\":\"https:\\\/\\\/craftygenesindonesia.com\\\/fr\\\/shop\\\/mesdames-et-messieurs\\\/reine-elizabeth-prince-philip\\\/#primaryimage\"},\"thumbnailUrl\":\"https:\\\/\\\/craftygenesindonesia.com\\\/wp-content\\\/uploads\\\/2024\\\/05\\\/Queen-Elizabeth-II-Prince-Philip-1-1.jpg\",\"datePublished\":\"2024-05-15T00:55:35+00:00\",\"dateModified\":\"2026-03-23T03:24:39+00:00\",\"description\":\"Achetez ici mon mod\u00e8le de crochet \\\"Reine Elizabeth et Prince Philip\\\". Le mod\u00e8le, facile \u00e0 suivre, est \u00e9galement disponible sur Etsy et Ravelry.\",\"breadcrumb\":{\"@id\":\"https:\\\/\\\/craftygenesindonesia.com\\\/fr\\\/shop\\\/mesdames-et-messieurs\\\/reine-elizabeth-prince-philip\\\/#breadcrumb\"},\"inLanguage\":\"fr-FR\",\"potentialAction\":[{\"@type\":\"ReadAction\",\"target\":[\"https:\\\/\\\/craftygenesindonesia.com\\\/fr\\\/shop\\\/mesdames-et-messieurs\\\/reine-elizabeth-prince-philip\\\/\"]}]},{\"@type\":\"ImageObject\",\"inLanguage\":\"fr-FR\",\"@id\":\"https:\\\/\\\/craftygenesindonesia.com\\\/fr\\\/shop\\\/mesdames-et-messieurs\\\/reine-elizabeth-prince-philip\\\/#primaryimage\",\"url\":\"https:\\\/\\\/craftygenesindonesia.com\\\/wp-content\\\/uploads\\\/2024\\\/05\\\/Queen-Elizabeth-II-Prince-Philip-1-1.jpg\",\"contentUrl\":\"https:\\\/\\\/craftygenesindonesia.com\\\/wp-content\\\/uploads\\\/2024\\\/05\\\/Queen-Elizabeth-II-Prince-Philip-1-1.jpg\",\"width\":1080,\"height\":1080,\"caption\":\"crochet queen Elizabeth II and prince Philip\"},{\"@type\":\"BreadcrumbList\",\"@id\":\"https:\\\/\\\/craftygenesindonesia.com\\\/fr\\\/shop\\\/mesdames-et-messieurs\\\/reine-elizabeth-prince-philip\\\/#breadcrumb\",\"itemListElement\":[{\"@type\":\"ListItem\",\"position\":1,\"name\":\"Home\",\"item\":\"https:\\\/\\\/craftygenesindonesia.com\\\/fr\\\/\"},{\"@type\":\"ListItem\",\"position\":2,\"name\":\"Boutique de mod\u00e8les\",\"item\":\"https:\\\/\\\/craftygenesindonesia.com\\\/fr\\\/boutique\\\/\"},{\"@type\":\"ListItem\",\"position\":3,\"name\":\"Reine Elizabeth &#038; Prince Philip\"}]},{\"@type\":\"WebSite\",\"@id\":\"https:\\\/\\\/craftygenesindonesia.com\\\/fr\\\/#website\",\"url\":\"https:\\\/\\\/craftygenesindonesia.com\\\/fr\\\/\",\"name\":\"Craftygenesindonesia\",\"description\":\"\",\"publisher\":{\"@id\":\"https:\\\/\\\/craftygenesindonesia.com\\\/fr\\\/#organization\"},\"potentialAction\":[{\"@type\":\"SearchAction\",\"target\":{\"@type\":\"EntryPoint\",\"urlTemplate\":\"https:\\\/\\\/craftygenesindonesia.com\\\/fr\\\/?s={search_term_string}\"},\"query-input\":{\"@type\":\"PropertyValueSpecification\",\"valueRequired\":true,\"valueName\":\"search_term_string\"}}],\"inLanguage\":\"fr-FR\"},{\"@type\":\"Organization\",\"@id\":\"https:\\\/\\\/craftygenesindonesia.com\\\/fr\\\/#organization\",\"name\":\"Craftygenesindonesia\",\"url\":\"https:\\\/\\\/craftygenesindonesia.com\\\/fr\\\/\",\"logo\":{\"@type\":\"ImageObject\",\"inLanguage\":\"fr-FR\",\"@id\":\"https:\\\/\\\/craftygenesindonesia.com\\\/fr\\\/#\\\/schema\\\/logo\\\/image\\\/\",\"url\":\"https:\\\/\\\/craftygenesindonesia.com\\\/wp-content\\\/uploads\\\/2025\\\/11\\\/cropped-Copy-of-Craftygenesindonesia.jpg\",\"contentUrl\":\"https:\\\/\\\/craftygenesindonesia.com\\\/wp-content\\\/uploads\\\/2025\\\/11\\\/cropped-Copy-of-Craftygenesindonesia.jpg\",\"width\":180,\"height\":60,\"caption\":\"Craftygenesindonesia\"},\"image\":{\"@id\":\"https:\\\/\\\/craftygenesindonesia.com\\\/fr\\\/#\\\/schema\\\/logo\\\/image\\\/\"}}]}<\/script>\n<!-- \/ Yoast SEO plugin. -->","yoast_head_json":{"title":"Reine Elizabeth & Prince Philip mod\u00e8le de crochet - Craftygenesindonesia","description":"Achetez ici mon mod\u00e8le de crochet \"Reine Elizabeth et Prince Philip\". Le mod\u00e8le, facile \u00e0 suivre, est \u00e9galement disponible sur Etsy et Ravelry.","robots":{"index":"index","follow":"follow","max-snippet":"max-snippet:-1","max-image-preview":"max-image-preview:large","max-video-preview":"max-video-preview:-1"},"canonical":"https:\/\/craftygenesindonesia.com\/fr\/shop\/mesdames-et-messieurs\/reine-elizabeth-prince-philip\/","og_locale":"fr_FR","og_type":"article","og_title":"Mod\u00e8le de crochet \"Reine Elizabeth & Prince Philip\".","og_description":"Achetez ici mon mod\u00e8le de crochet \"Reine Elizabeth et Prince Philip\". Le mod\u00e8le, facile \u00e0 suivre, est \u00e9galement disponible sur Etsy et Ravelry.","og_url":"https:\/\/craftygenesindonesia.com\/fr\/shop\/mesdames-et-messieurs\/reine-elizabeth-prince-philip\/","og_site_name":"Craftygenesindonesia","article_modified_time":"2026-03-23T03:24:39+00:00","og_image":[{"width":1080,"height":1080,"url":"https:\/\/craftygenesindonesia.com\/wp-content\/uploads\/2024\/05\/Queen-Elizabeth-II-Prince-Philip-1-1.jpg","type":"image\/jpeg"}],"twitter_card":"summary_large_image","twitter_misc":{"Dur\u00e9e de lecture estim\u00e9e":"1 minute"},"schema":{"@context":"https:\/\/schema.org","@graph":[{"@type":"WebPage","@id":"https:\/\/craftygenesindonesia.com\/fr\/shop\/mesdames-et-messieurs\/reine-elizabeth-prince-philip\/","url":"https:\/\/craftygenesindonesia.com\/fr\/shop\/mesdames-et-messieurs\/reine-elizabeth-prince-philip\/","name":"Reine Elizabeth & Prince Philip mod\u00e8le de crochet - Craftygenesindonesia","isPartOf":{"@id":"https:\/\/craftygenesindonesia.com\/fr\/#website"},"primaryImageOfPage":{"@id":"https:\/\/craftygenesindonesia.com\/fr\/shop\/mesdames-et-messieurs\/reine-elizabeth-prince-philip\/#primaryimage"},"image":{"@id":"https:\/\/craftygenesindonesia.com\/fr\/shop\/mesdames-et-messieurs\/reine-elizabeth-prince-philip\/#primaryimage"},"thumbnailUrl":"https:\/\/craftygenesindonesia.com\/wp-content\/uploads\/2024\/05\/Queen-Elizabeth-II-Prince-Philip-1-1.jpg","datePublished":"2024-05-15T00:55:35+00:00","dateModified":"2026-03-23T03:24:39+00:00","description":"Achetez ici mon mod\u00e8le de crochet \"Reine Elizabeth et Prince Philip\". Le mod\u00e8le, facile \u00e0 suivre, est \u00e9galement disponible sur Etsy et Ravelry.","breadcrumb":{"@id":"https:\/\/craftygenesindonesia.com\/fr\/shop\/mesdames-et-messieurs\/reine-elizabeth-prince-philip\/#breadcrumb"},"inLanguage":"fr-FR","potentialAction":[{"@type":"ReadAction","target":["https:\/\/craftygenesindonesia.com\/fr\/shop\/mesdames-et-messieurs\/reine-elizabeth-prince-philip\/"]}]},{"@type":"ImageObject","inLanguage":"fr-FR","@id":"https:\/\/craftygenesindonesia.com\/fr\/shop\/mesdames-et-messieurs\/reine-elizabeth-prince-philip\/#primaryimage","url":"https:\/\/craftygenesindonesia.com\/wp-content\/uploads\/2024\/05\/Queen-Elizabeth-II-Prince-Philip-1-1.jpg","contentUrl":"https:\/\/craftygenesindonesia.com\/wp-content\/uploads\/2024\/05\/Queen-Elizabeth-II-Prince-Philip-1-1.jpg","width":1080,"height":1080,"caption":"crochet queen Elizabeth II and prince Philip"},{"@type":"BreadcrumbList","@id":"https:\/\/craftygenesindonesia.com\/fr\/shop\/mesdames-et-messieurs\/reine-elizabeth-prince-philip\/#breadcrumb","itemListElement":[{"@type":"ListItem","position":1,"name":"Home","item":"https:\/\/craftygenesindonesia.com\/fr\/"},{"@type":"ListItem","position":2,"name":"Boutique de mod\u00e8les","item":"https:\/\/craftygenesindonesia.com\/fr\/boutique\/"},{"@type":"ListItem","position":3,"name":"Reine Elizabeth &#038; Prince Philip"}]},{"@type":"WebSite","@id":"https:\/\/craftygenesindonesia.com\/fr\/#website","url":"https:\/\/craftygenesindonesia.com\/fr\/","name":"Craftygenesindonesia","description":"","publisher":{"@id":"https:\/\/craftygenesindonesia.com\/fr\/#organization"},"potentialAction":[{"@type":"SearchAction","target":{"@type":"EntryPoint","urlTemplate":"https:\/\/craftygenesindonesia.com\/fr\/?s={search_term_string}"},"query-input":{"@type":"PropertyValueSpecification","valueRequired":true,"valueName":"search_term_string"}}],"inLanguage":"fr-FR"},{"@type":"Organization","@id":"https:\/\/craftygenesindonesia.com\/fr\/#organization","name":"Craftygenesindonesia","url":"https:\/\/craftygenesindonesia.com\/fr\/","logo":{"@type":"ImageObject","inLanguage":"fr-FR","@id":"https:\/\/craftygenesindonesia.com\/fr\/#\/schema\/logo\/image\/","url":"https:\/\/craftygenesindonesia.com\/wp-content\/uploads\/2025\/11\/cropped-Copy-of-Craftygenesindonesia.jpg","contentUrl":"https:\/\/craftygenesindonesia.com\/wp-content\/uploads\/2025\/11\/cropped-Copy-of-Craftygenesindonesia.jpg","width":180,"height":60,"caption":"Craftygenesindonesia"},"image":{"@id":"https:\/\/craftygenesindonesia.com\/fr\/#\/schema\/logo\/image\/"}}]}},"_links":{"self":[{"href":"https:\/\/craftygenesindonesia.com\/fr\/wp-json\/wp\/v2\/product\/987518365","targetHints":{"allow":["GET"]}}],"collection":[{"href":"https:\/\/craftygenesindonesia.com\/fr\/wp-json\/wp\/v2\/product"}],"about":[{"href":"https:\/\/craftygenesindonesia.com\/fr\/wp-json\/wp\/v2\/types\/product"}],"replies":[{"embeddable":true,"href":"https:\/\/craftygenesindonesia.com\/fr\/wp-json\/wp\/v2\/comments?post=987518365"}],"wp:featuredmedia":[{"embeddable":true,"href":"https:\/\/craftygenesindonesia.com\/fr\/wp-json\/wp\/v2\/media\/987520717"}],"wp:attachment":[{"href":"https:\/\/craftygenesindonesia.com\/fr\/wp-json\/wp\/v2\/media?parent=987518365"}],"wp:term":[{"taxonomy":"product_brand","embeddable":true,"href":"https:\/\/craftygenesindonesia.com\/fr\/wp-json\/wp\/v2\/product_brand?post=987518365"},{"taxonomy":"product_cat","embeddable":true,"href":"https:\/\/craftygenesindonesia.com\/fr\/wp-json\/wp\/v2\/product_cat?post=987518365"},{"taxonomy":"product_tag","embeddable":true,"href":"https:\/\/craftygenesindonesia.com\/fr\/wp-json\/wp\/v2\/product_tag?post=987518365"}],"curies":[{"name":"wp","href":"https:\/\/api.w.org\/{rel}","templated":true}]}}