{"id":987517999,"date":"2024-04-29T06:48:08","date_gmt":"2024-04-28T22:48:08","guid":{"rendered":"https:\/\/craftygenesindonesia.com\/?post_type=product&#038;p=987517999"},"modified":"2026-03-23T11:27:54","modified_gmt":"2026-03-23T03:27:54","slug":"poupee-lucy-combo","status":"publish","type":"product","link":"https:\/\/craftygenesindonesia.com\/fr\/shop\/ensembles\/poupee-lucy-combo\/","title":{"rendered":"Poup\u00e9e Lucy Combo"},"content":{"rendered":"<p>Ce que vous recevrez : vous recevrez 3 patrons d\u2019une adorable petite poup\u00e9e et de son canap\u00e9, de sa baignoire et de son lit.<\/p>\n<p>Fil : J\u2019ai r\u00e9alis\u00e9 les 3 mod\u00e8les avec un fil de poids \u00ab FINGERING \u00bb et un crochet de 2mm.<\/p>\n<p>Le mod\u00e8le est fait avec un point de \u00ab YARN UNDER \u00bb, mais il est tout \u00e0 fait possible de le faire avec un point normal. Il sera tout aussi joli mais l\u00e9g\u00e8rement plus grand.<\/p>\n<p>Mesures :<\/p>\n<p>La poup\u00e9e mesure environ 20cm\/ 7.8 \u00bb.<br \/>\nLe canap\u00e9 fait (en centim\u00e8tres) 21Hx11Wx16B\/ (en pouces) 8.2Hx4.3Dx5.1W.<br \/>\nLa baignoire mesure 15x11x6.5cm\/ 5.9&#215;4.3&#215;2.5 \u00bb.<br \/>\nLe lit fait 28x19x19cm\/ 11&#215;7.5&#215;7.5inch.<\/p>\n<p>Crochet : taille 2mm<\/p>\n<p>Ce mod\u00e8le est un mod\u00e8le \u00e9crit avec de nombreuses photos pour vous aider. Si vous avez des questions, envoyez-moi un message \u00e0 :\u00a0<a href=\"mailto:craftygenesindonesia@gmail.com\">craftygenesindonesia@gmail.com<\/a><\/p>\n<p><strong>-Ce mod\u00e8le est r\u00e9serv\u00e9 \u00e0 un usage personnel et est prot\u00e9g\u00e9 par un COPYRIGHT. Par cons\u00e9quent, le mod\u00e8le ne peut PAS \u00eatre copi\u00e9, vendu, revendu, traduit, revendiqu\u00e9 comme votre mod\u00e8le, distribu\u00e9, partag\u00e9, publi\u00e9, mis en ligne sous quelque forme que ce soit sans ma permission. M\u00eame pas en partie !!!<\/strong><\/p>\n<p><strong>-Vous pouvez vendre le produit fini en petites quantit\u00e9s MAIS PAS LE MODELE EN LUI-M\u00caME ! Mentionnez que le mod\u00e8le provient de Craftygenesindonesia et o\u00f9 il peut \u00eatre achet\u00e9.<\/strong><\/p>\n","protected":false},"excerpt":{"rendered":"<p>Dans ce pack combo, vous obtenez 3 mod\u00e8les tr\u00e8s populaires = Lucy fait la sieste, Lucy prend un bain et Lucy va au lit. Ce combo est absolument indispensable si vous souhaitez crocheter une belle poup\u00e9e avec un canap\u00e9, une baignoire et un lit. La personne qui recevra cela de votre part sera tr\u00e8s heureuse !<\/p>\n","protected":false},"featured_media":987527859,"comment_status":"open","ping_status":"closed","template":"","meta":{"_acf_changed":false},"product_brand":[],"product_cat":[3649,3667,3663],"product_tag":[10873,11016,9834,11095,10897,10893,11431,11090,11643],"class_list":{"0":"post-987517999","1":"product","2":"type-product","3":"status-publish","4":"has-post-thumbnail","6":"product_cat-ensembles","7":"product_cat-poupees-lucy","8":"product_cat-poupees-pour-enfants","9":"product_tag-bain-fr","10":"product_tag-canape-fr","11":"product_tag-sofa-fr","12":"product_tag-canard-fr","13":"product_tag-couverture-fr","14":"product_tag-lit-fr","15":"product_tag-oreiller-fr","16":"product_tag-poupee-fr","17":"product_tag-serviette-fr","18":"pa_available_on-craftygenesindonesia","19":"pa_available_on-etsy","20":"pa_available_on-haked-nl","21":"pa_available_on-ravelry","22":"pa_languages-allemand","23":"pa_languages-americain","24":"pa_languages-espagnol","25":"pa_languages-francais","26":"pa_languages-neerlandais","28":"first","29":"instock","30":"downloadable","31":"virtual","32":"purchasable","33":"product-type-simple"},"acf":[],"yoast_head":"<!-- This site is optimized with the Yoast SEO plugin v27.4 - https:\/\/yoast.com\/product\/yoast-seo-wordpress\/ -->\n<title>Poup\u00e9e Lucy Combo mod\u00e8les de crochet - Craftygenesindonesia<\/title>\n<meta name=\"description\" content=\"Achetez ici mes patrons de crochet pour la poup\u00e9e &quot;Lucy&quot; en un seul paquet combo. Le combo est \u00e9galement disponible sur Etsy, Haked.nl, Ravelry, Payhip\" \/>\n<meta name=\"robots\" content=\"index, follow, max-snippet:-1, max-image-preview:large, max-video-preview:-1\" \/>\n<link rel=\"canonical\" href=\"https:\/\/craftygenesindonesia.com\/fr\/shop\/ensembles\/poupee-lucy-combo\/\" \/>\n<meta property=\"og:locale\" content=\"fr_FR\" \/>\n<meta property=\"og:type\" content=\"article\" \/>\n<meta property=\"og:title\" content=\"Les patrons de crochet de la poup\u00e9e &quot;Lucy&quot; 3dans1\" \/>\n<meta property=\"og:description\" content=\"Achetez ici mes patrons de crochet pour la poup\u00e9e &quot;Lucy&quot; en un seul paquet combo. Le combo est \u00e9galement disponible sur Etsy, Haked.nl, Ravelry, Payhip\" \/>\n<meta property=\"og:url\" content=\"https:\/\/craftygenesindonesia.com\/fr\/shop\/ensembles\/poupee-lucy-combo\/\" \/>\n<meta property=\"og:site_name\" content=\"Craftygenesindonesia\" \/>\n<meta property=\"article:modified_time\" content=\"2026-03-23T03:27:54+00:00\" \/>\n<meta property=\"og:image\" content=\"https:\/\/craftygenesindonesia.com\/wp-content\/uploads\/2024\/04\/1-2.jpg\" \/>\n\t<meta property=\"og:image:width\" content=\"1080\" \/>\n\t<meta property=\"og:image:height\" content=\"1080\" \/>\n\t<meta property=\"og:image:type\" content=\"image\/jpeg\" \/>\n<meta name=\"twitter:card\" content=\"summary_large_image\" \/>\n<meta name=\"twitter:label1\" content=\"Dur\u00e9e de lecture estim\u00e9e\" \/>\n\t<meta name=\"twitter:data1\" content=\"2 minutes\" \/>\n<script type=\"application\/ld+json\" class=\"yoast-schema-graph\">{\"@context\":\"https:\\\/\\\/schema.org\",\"@graph\":[{\"@type\":\"WebPage\",\"@id\":\"https:\\\/\\\/craftygenesindonesia.com\\\/fr\\\/shop\\\/ensembles\\\/poupee-lucy-combo\\\/\",\"url\":\"https:\\\/\\\/craftygenesindonesia.com\\\/fr\\\/shop\\\/ensembles\\\/poupee-lucy-combo\\\/\",\"name\":\"Poup\u00e9e Lucy Combo mod\u00e8les de crochet - Craftygenesindonesia\",\"isPartOf\":{\"@id\":\"https:\\\/\\\/craftygenesindonesia.com\\\/fr\\\/#website\"},\"primaryImageOfPage\":{\"@id\":\"https:\\\/\\\/craftygenesindonesia.com\\\/fr\\\/shop\\\/ensembles\\\/poupee-lucy-combo\\\/#primaryimage\"},\"image\":{\"@id\":\"https:\\\/\\\/craftygenesindonesia.com\\\/fr\\\/shop\\\/ensembles\\\/poupee-lucy-combo\\\/#primaryimage\"},\"thumbnailUrl\":\"https:\\\/\\\/craftygenesindonesia.com\\\/wp-content\\\/uploads\\\/2024\\\/04\\\/1-2.jpg\",\"datePublished\":\"2024-04-28T22:48:08+00:00\",\"dateModified\":\"2026-03-23T03:27:54+00:00\",\"description\":\"Achetez ici mes patrons de crochet pour la poup\u00e9e \\\"Lucy\\\" en un seul paquet combo. Le combo est \u00e9galement disponible sur Etsy, Haked.nl, Ravelry, Payhip\",\"breadcrumb\":{\"@id\":\"https:\\\/\\\/craftygenesindonesia.com\\\/fr\\\/shop\\\/ensembles\\\/poupee-lucy-combo\\\/#breadcrumb\"},\"inLanguage\":\"fr-FR\",\"potentialAction\":[{\"@type\":\"ReadAction\",\"target\":[\"https:\\\/\\\/craftygenesindonesia.com\\\/fr\\\/shop\\\/ensembles\\\/poupee-lucy-combo\\\/\"]}]},{\"@type\":\"ImageObject\",\"inLanguage\":\"fr-FR\",\"@id\":\"https:\\\/\\\/craftygenesindonesia.com\\\/fr\\\/shop\\\/ensembles\\\/poupee-lucy-combo\\\/#primaryimage\",\"url\":\"https:\\\/\\\/craftygenesindonesia.com\\\/wp-content\\\/uploads\\\/2024\\\/04\\\/1-2.jpg\",\"contentUrl\":\"https:\\\/\\\/craftygenesindonesia.com\\\/wp-content\\\/uploads\\\/2024\\\/04\\\/1-2.jpg\",\"width\":1080,\"height\":1080,\"caption\":\"crochet dolls in crochet bath, crochet bed and crochet sofa\"},{\"@type\":\"BreadcrumbList\",\"@id\":\"https:\\\/\\\/craftygenesindonesia.com\\\/fr\\\/shop\\\/ensembles\\\/poupee-lucy-combo\\\/#breadcrumb\",\"itemListElement\":[{\"@type\":\"ListItem\",\"position\":1,\"name\":\"Home\",\"item\":\"https:\\\/\\\/craftygenesindonesia.com\\\/fr\\\/\"},{\"@type\":\"ListItem\",\"position\":2,\"name\":\"Boutique de mod\u00e8les\",\"item\":\"https:\\\/\\\/craftygenesindonesia.com\\\/fr\\\/boutique\\\/\"},{\"@type\":\"ListItem\",\"position\":3,\"name\":\"Poup\u00e9e Lucy Combo\"}]},{\"@type\":\"WebSite\",\"@id\":\"https:\\\/\\\/craftygenesindonesia.com\\\/fr\\\/#website\",\"url\":\"https:\\\/\\\/craftygenesindonesia.com\\\/fr\\\/\",\"name\":\"Craftygenesindonesia\",\"description\":\"\",\"publisher\":{\"@id\":\"https:\\\/\\\/craftygenesindonesia.com\\\/fr\\\/#organization\"},\"potentialAction\":[{\"@type\":\"SearchAction\",\"target\":{\"@type\":\"EntryPoint\",\"urlTemplate\":\"https:\\\/\\\/craftygenesindonesia.com\\\/fr\\\/?s={search_term_string}\"},\"query-input\":{\"@type\":\"PropertyValueSpecification\",\"valueRequired\":true,\"valueName\":\"search_term_string\"}}],\"inLanguage\":\"fr-FR\"},{\"@type\":\"Organization\",\"@id\":\"https:\\\/\\\/craftygenesindonesia.com\\\/fr\\\/#organization\",\"name\":\"Craftygenesindonesia\",\"url\":\"https:\\\/\\\/craftygenesindonesia.com\\\/fr\\\/\",\"logo\":{\"@type\":\"ImageObject\",\"inLanguage\":\"fr-FR\",\"@id\":\"https:\\\/\\\/craftygenesindonesia.com\\\/fr\\\/#\\\/schema\\\/logo\\\/image\\\/\",\"url\":\"https:\\\/\\\/craftygenesindonesia.com\\\/wp-content\\\/uploads\\\/2025\\\/11\\\/cropped-Copy-of-Craftygenesindonesia.jpg\",\"contentUrl\":\"https:\\\/\\\/craftygenesindonesia.com\\\/wp-content\\\/uploads\\\/2025\\\/11\\\/cropped-Copy-of-Craftygenesindonesia.jpg\",\"width\":180,\"height\":60,\"caption\":\"Craftygenesindonesia\"},\"image\":{\"@id\":\"https:\\\/\\\/craftygenesindonesia.com\\\/fr\\\/#\\\/schema\\\/logo\\\/image\\\/\"}}]}<\/script>\n<!-- \/ Yoast SEO plugin. -->","yoast_head_json":{"title":"Poup\u00e9e Lucy Combo mod\u00e8les de crochet - Craftygenesindonesia","description":"Achetez ici mes patrons de crochet pour la poup\u00e9e \"Lucy\" en un seul paquet combo. Le combo est \u00e9galement disponible sur Etsy, Haked.nl, Ravelry, Payhip","robots":{"index":"index","follow":"follow","max-snippet":"max-snippet:-1","max-image-preview":"max-image-preview:large","max-video-preview":"max-video-preview:-1"},"canonical":"https:\/\/craftygenesindonesia.com\/fr\/shop\/ensembles\/poupee-lucy-combo\/","og_locale":"fr_FR","og_type":"article","og_title":"Les patrons de crochet de la poup\u00e9e \"Lucy\" 3dans1","og_description":"Achetez ici mes patrons de crochet pour la poup\u00e9e \"Lucy\" en un seul paquet combo. Le combo est \u00e9galement disponible sur Etsy, Haked.nl, Ravelry, Payhip","og_url":"https:\/\/craftygenesindonesia.com\/fr\/shop\/ensembles\/poupee-lucy-combo\/","og_site_name":"Craftygenesindonesia","article_modified_time":"2026-03-23T03:27:54+00:00","og_image":[{"width":1080,"height":1080,"url":"https:\/\/craftygenesindonesia.com\/wp-content\/uploads\/2024\/04\/1-2.jpg","type":"image\/jpeg"}],"twitter_card":"summary_large_image","twitter_misc":{"Dur\u00e9e de lecture estim\u00e9e":"2 minutes"},"schema":{"@context":"https:\/\/schema.org","@graph":[{"@type":"WebPage","@id":"https:\/\/craftygenesindonesia.com\/fr\/shop\/ensembles\/poupee-lucy-combo\/","url":"https:\/\/craftygenesindonesia.com\/fr\/shop\/ensembles\/poupee-lucy-combo\/","name":"Poup\u00e9e Lucy Combo mod\u00e8les de crochet - Craftygenesindonesia","isPartOf":{"@id":"https:\/\/craftygenesindonesia.com\/fr\/#website"},"primaryImageOfPage":{"@id":"https:\/\/craftygenesindonesia.com\/fr\/shop\/ensembles\/poupee-lucy-combo\/#primaryimage"},"image":{"@id":"https:\/\/craftygenesindonesia.com\/fr\/shop\/ensembles\/poupee-lucy-combo\/#primaryimage"},"thumbnailUrl":"https:\/\/craftygenesindonesia.com\/wp-content\/uploads\/2024\/04\/1-2.jpg","datePublished":"2024-04-28T22:48:08+00:00","dateModified":"2026-03-23T03:27:54+00:00","description":"Achetez ici mes patrons de crochet pour la poup\u00e9e \"Lucy\" en un seul paquet combo. Le combo est \u00e9galement disponible sur Etsy, Haked.nl, Ravelry, Payhip","breadcrumb":{"@id":"https:\/\/craftygenesindonesia.com\/fr\/shop\/ensembles\/poupee-lucy-combo\/#breadcrumb"},"inLanguage":"fr-FR","potentialAction":[{"@type":"ReadAction","target":["https:\/\/craftygenesindonesia.com\/fr\/shop\/ensembles\/poupee-lucy-combo\/"]}]},{"@type":"ImageObject","inLanguage":"fr-FR","@id":"https:\/\/craftygenesindonesia.com\/fr\/shop\/ensembles\/poupee-lucy-combo\/#primaryimage","url":"https:\/\/craftygenesindonesia.com\/wp-content\/uploads\/2024\/04\/1-2.jpg","contentUrl":"https:\/\/craftygenesindonesia.com\/wp-content\/uploads\/2024\/04\/1-2.jpg","width":1080,"height":1080,"caption":"crochet dolls in crochet bath, crochet bed and crochet sofa"},{"@type":"BreadcrumbList","@id":"https:\/\/craftygenesindonesia.com\/fr\/shop\/ensembles\/poupee-lucy-combo\/#breadcrumb","itemListElement":[{"@type":"ListItem","position":1,"name":"Home","item":"https:\/\/craftygenesindonesia.com\/fr\/"},{"@type":"ListItem","position":2,"name":"Boutique de mod\u00e8les","item":"https:\/\/craftygenesindonesia.com\/fr\/boutique\/"},{"@type":"ListItem","position":3,"name":"Poup\u00e9e Lucy Combo"}]},{"@type":"WebSite","@id":"https:\/\/craftygenesindonesia.com\/fr\/#website","url":"https:\/\/craftygenesindonesia.com\/fr\/","name":"Craftygenesindonesia","description":"","publisher":{"@id":"https:\/\/craftygenesindonesia.com\/fr\/#organization"},"potentialAction":[{"@type":"SearchAction","target":{"@type":"EntryPoint","urlTemplate":"https:\/\/craftygenesindonesia.com\/fr\/?s={search_term_string}"},"query-input":{"@type":"PropertyValueSpecification","valueRequired":true,"valueName":"search_term_string"}}],"inLanguage":"fr-FR"},{"@type":"Organization","@id":"https:\/\/craftygenesindonesia.com\/fr\/#organization","name":"Craftygenesindonesia","url":"https:\/\/craftygenesindonesia.com\/fr\/","logo":{"@type":"ImageObject","inLanguage":"fr-FR","@id":"https:\/\/craftygenesindonesia.com\/fr\/#\/schema\/logo\/image\/","url":"https:\/\/craftygenesindonesia.com\/wp-content\/uploads\/2025\/11\/cropped-Copy-of-Craftygenesindonesia.jpg","contentUrl":"https:\/\/craftygenesindonesia.com\/wp-content\/uploads\/2025\/11\/cropped-Copy-of-Craftygenesindonesia.jpg","width":180,"height":60,"caption":"Craftygenesindonesia"},"image":{"@id":"https:\/\/craftygenesindonesia.com\/fr\/#\/schema\/logo\/image\/"}}]}},"_links":{"self":[{"href":"https:\/\/craftygenesindonesia.com\/fr\/wp-json\/wp\/v2\/product\/987517999","targetHints":{"allow":["GET"]}}],"collection":[{"href":"https:\/\/craftygenesindonesia.com\/fr\/wp-json\/wp\/v2\/product"}],"about":[{"href":"https:\/\/craftygenesindonesia.com\/fr\/wp-json\/wp\/v2\/types\/product"}],"replies":[{"embeddable":true,"href":"https:\/\/craftygenesindonesia.com\/fr\/wp-json\/wp\/v2\/comments?post=987517999"}],"wp:featuredmedia":[{"embeddable":true,"href":"https:\/\/craftygenesindonesia.com\/fr\/wp-json\/wp\/v2\/media\/987527859"}],"wp:attachment":[{"href":"https:\/\/craftygenesindonesia.com\/fr\/wp-json\/wp\/v2\/media?parent=987517999"}],"wp:term":[{"taxonomy":"product_brand","embeddable":true,"href":"https:\/\/craftygenesindonesia.com\/fr\/wp-json\/wp\/v2\/product_brand?post=987517999"},{"taxonomy":"product_cat","embeddable":true,"href":"https:\/\/craftygenesindonesia.com\/fr\/wp-json\/wp\/v2\/product_cat?post=987517999"},{"taxonomy":"product_tag","embeddable":true,"href":"https:\/\/craftygenesindonesia.com\/fr\/wp-json\/wp\/v2\/product_tag?post=987517999"}],"curies":[{"name":"wp","href":"https:\/\/api.w.org\/{rel}","templated":true}]}}