{"id":987517738,"date":"2024-04-13T05:18:58","date_gmt":"2024-04-12T21:18:58","guid":{"rendered":"https:\/\/craftygenesindonesia.com\/?post_type=product&#038;p=987517738"},"modified":"2026-03-23T11:34:16","modified_gmt":"2026-03-23T03:34:16","slug":"6pc-sac-a-main-idalia","status":"publish","type":"product","link":"https:\/\/craftygenesindonesia.com\/fr\/shop\/sacs\/6pc-sac-a-main-idalia\/","title":{"rendered":"6pc Sac \u00e0 Main Idalia"},"content":{"rendered":"<p>Dans ce patron 6in1, vous obtenez les patrons de 6 sacs diff\u00e9rents dans les tailles suivantes:<\/p>\n<ul>\n<li>Sac \u00e0 main : 34x27x11cm \/ 13.4&#215;10.6&#215;4.3po<\/li>\n<li>Porte-monnaie moyen : 25x17x6cm \/ 9.8&#215;6.7&#215;2.4po<\/li>\n<li>Portefeuille : 13x21x3cm \/ 5.1&#215;8.3&#215;1.2po<\/li>\n<li>Pochette \u00e0 cl\u00e9s : 12x6x1cm \/ 4.7&#215;2.4&#215;0.4po<\/li>\n<li>Coque de t\u00e9l\u00e9phone : 17x11x1cm \/ 6.7x.4.3&#215;0.4po<\/li>\n<li>Porte-monnaie : 8x10x5cm \/ 3.1x4x2po<\/li>\n<\/ul>\n<p>&nbsp;<\/p>\n<p>J&#8217;ai utilis\u00e9 du fil de nylon or m\u00e9tallis\u00e9, mais vous pouvez utiliser n&#8217;importe quel fil. Il n&#8217;est pas n\u00e9cessaire qu&#8217;il soit en nylon.<\/p>\n<p>J&#8217;ai utilis\u00e9 : 1500m ou environ 1.3kg de fil de crochet Nylon D27 (fil de poids &#8220;SPORT&#8221;)<\/p>\n<p>&nbsp;<\/p>\n<p>Crochet : 3mm<\/p>\n<p>&nbsp;<\/p>\n<p>J&#8217;ai \u00e9galement utilis\u00e9 ces choses : mousse Eva*, bouton-pression, anneaux en D, aimants de sac, entoilage thermocollant, b\u00e2tons de colle, pistolet \u00e0 colle, aiguille \u00e0 tapisserie, Aiguille \u00e0 coudre et fil assorti, feuille de plastique transparente et flexible de 1 mm, machine \u00e0 coudre (en option), joli bouton de 15 mm, fermeture \u00e9clair + t\u00eate de fermeture \u00e0 glissi\u00e8re, crochet, fermoir porte-monnaie, serrure, ciseaux, crayon, r\u00e8gle, marqueurs de mailles, \u00e9pingles \u00e0 coudre, fer \u00e0 repasser<\/p>\n<p>&nbsp;<\/p>\n<p>***La mousse Eva peut \u00eatre remplac\u00e9e par un entoilage de sac raisonnablement rigide, un tapis de yoga, une toile en plastique, &#8230;<\/p>\n<p>**Dans le patron, \u00e0 la page 2, il y a des photos claires des fournitures pour s&#8217;assurer que tout est clair.<\/p>\n<p>&nbsp;<\/p>\n<p>Tissu n\u00e9cessaire : tissu solide pour la doublure, environ 1-2m\/yd<\/p>\n<p>&nbsp;<\/p>\n<p><strong>ENCHANTILLON<\/strong> : 10 mailles x 10 rangs par 5cm\/2po (c&#8217;est une maille serr\u00e9e crochet\u00e9e en allers et retours)<\/p>\n<p>&nbsp;<\/p>\n<p>Ce mod\u00e8le est un mod\u00e8le \u00e9crit avec de nombreuses photos pour vous aider. Si vous avez encore des questions, veuillez m&#8217;envoyer un message \u00e0 l&#8217;adresse suivante : <a href=\"mailto:craftygenesindonesia@gmail.com\">craftygenesindonesia@gmail.com<\/a><\/p>\n<p>&nbsp;<\/p>\n<p>**Ce mod\u00e8le est r\u00e9serv\u00e9 \u00e0 un usage personnel et il est prot\u00e9g\u00e9 par un COPYRIGHT Le mod\u00e8le ne peut donc PAS \u00eatre copi\u00e9, vendu, revendu, traduit, revendiqu\u00e9 comme votre mod\u00e8le, distribu\u00e9, partag\u00e9, publi\u00e9, mis en ligne&#8230; sous quelque forme que ce soit sans mon consentement. Pas m\u00eame une partie!!!<\/p>\n<p>&nbsp;<\/p>\n<p>**Vous pouvez vendre l&#8217;article fini en petites quantit\u00e9s MAIS PAS LE PATRON EN LUI-M\u00caME! Merci de pr\u00e9ciser que le mod\u00e8le est de Craftygenesindonesia et o\u00f9 il peut \u00eatre achet\u00e9<\/p>\n","protected":false},"excerpt":{"rendered":"<p>Il s&#8217;agit d&#8217;un ensemble de sacs \u00e0 main au crochet 6in1. Ce patron contient les patrons d&#8217;un grand sac \u00e0 main, d&#8217;un sac moyen, d&#8217;un portefeuille, d&#8217;une pochette pour les cl\u00e9s, d&#8217;un \u00e9tui pour le t\u00e9l\u00e9phone et d&#8217;un sac \u00e0 main \u00e0 fermoir. Tous sont inclus dans ce mod\u00e8le. Le mod\u00e8le est tr\u00e8s simple et n&#8217;utilise que les points de base.<\/p>\n","protected":false},"featured_media":987525799,"comment_status":"open","ping_status":"closed","template":"","meta":{"_acf_changed":false},"product_brand":[],"product_cat":[3645],"product_tag":[9623,11414,11456,11666,10853,11473,11225],"class_list":{"0":"post-987517738","1":"product","2":"type-product","3":"status-publish","4":"has-post-thumbnail","6":"product_cat-sacs","7":"product_tag-cartera-fr","8":"product_tag-etui-de-telephone","9":"product_tag-pochette-fr-2","10":"product_tag-portefeuille","11":"product_tag-sac-fr","12":"product_tag-sac-a-main-fr-2","13":"product_tag-sac-a-main-fr","14":"pa_available_on-craftygenesindonesia","15":"pa_available_on-etsy","16":"pa_available_on-haked-nl","17":"pa_available_on-payhip","18":"pa_available_on-ravelry","19":"pa_languages-allemand","20":"pa_languages-americain","21":"pa_languages-espagnol","22":"pa_languages-francais","23":"pa_languages-neerlandais","25":"first","26":"instock","27":"downloadable","28":"virtual","29":"purchasable","30":"product-type-simple"},"acf":[],"yoast_head":"<!-- This site is optimized with the Yoast SEO plugin v27.4 - https:\/\/yoast.com\/product\/yoast-seo-wordpress\/ -->\n<title>6pc Sac \u00e0 Main Idalia mod\u00e8le de crochet - Craftygenesindonesia<\/title>\n<meta name=\"description\" content=\"Achetez mon mod\u00e8le de crochet &quot;6pc Sac \u00e0 Main Idalia&quot; ici. Le mod\u00e8le de crochet facile \u00e0 suivre est \u00e9galement disponible sur Haked, Etsy, Ravelry, Payhip\" \/>\n<meta name=\"robots\" content=\"index, follow, max-snippet:-1, max-image-preview:large, max-video-preview:-1\" \/>\n<link rel=\"canonical\" href=\"https:\/\/craftygenesindonesia.com\/fr\/shop\/sacs\/6pc-sac-a-main-idalia\/\" \/>\n<meta property=\"og:locale\" content=\"fr_FR\" \/>\n<meta property=\"og:type\" content=\"article\" \/>\n<meta property=\"og:title\" content=\"Mod\u00e8le de crochet &quot;6pc Sac \u00e0 Main Idalia&quot;\" \/>\n<meta property=\"og:description\" content=\"Achetez mon mod\u00e8le de crochet &quot;6pc Sac \u00e0 Main Idalia&quot; ici. Le mod\u00e8le de crochet facile \u00e0 suivre est \u00e9galement disponible sur Haked, Etsy, Ravelry, Payhip\" \/>\n<meta property=\"og:url\" content=\"https:\/\/craftygenesindonesia.com\/fr\/shop\/sacs\/6pc-sac-a-main-idalia\/\" \/>\n<meta property=\"og:site_name\" content=\"Craftygenesindonesia\" \/>\n<meta property=\"article:modified_time\" content=\"2026-03-23T03:34:16+00:00\" \/>\n<meta property=\"og:image\" content=\"https:\/\/craftygenesindonesia.com\/wp-content\/uploads\/2024\/04\/Idalia-Handbag-2.jpg\" \/>\n\t<meta property=\"og:image:width\" content=\"1080\" \/>\n\t<meta property=\"og:image:height\" content=\"1080\" \/>\n\t<meta property=\"og:image:type\" content=\"image\/jpeg\" \/>\n<meta name=\"twitter:card\" content=\"summary_large_image\" \/>\n<meta name=\"twitter:label1\" content=\"Dur\u00e9e de lecture estim\u00e9e\" \/>\n\t<meta name=\"twitter:data1\" content=\"2 minutes\" \/>\n<script type=\"application\/ld+json\" class=\"yoast-schema-graph\">{\"@context\":\"https:\\\/\\\/schema.org\",\"@graph\":[{\"@type\":\"WebPage\",\"@id\":\"https:\\\/\\\/craftygenesindonesia.com\\\/fr\\\/shop\\\/sacs\\\/6pc-sac-a-main-idalia\\\/\",\"url\":\"https:\\\/\\\/craftygenesindonesia.com\\\/fr\\\/shop\\\/sacs\\\/6pc-sac-a-main-idalia\\\/\",\"name\":\"6pc Sac \u00e0 Main Idalia mod\u00e8le de crochet - Craftygenesindonesia\",\"isPartOf\":{\"@id\":\"https:\\\/\\\/craftygenesindonesia.com\\\/fr\\\/#website\"},\"primaryImageOfPage\":{\"@id\":\"https:\\\/\\\/craftygenesindonesia.com\\\/fr\\\/shop\\\/sacs\\\/6pc-sac-a-main-idalia\\\/#primaryimage\"},\"image\":{\"@id\":\"https:\\\/\\\/craftygenesindonesia.com\\\/fr\\\/shop\\\/sacs\\\/6pc-sac-a-main-idalia\\\/#primaryimage\"},\"thumbnailUrl\":\"https:\\\/\\\/craftygenesindonesia.com\\\/wp-content\\\/uploads\\\/2024\\\/04\\\/Idalia-Handbag-2.jpg\",\"datePublished\":\"2024-04-12T21:18:58+00:00\",\"dateModified\":\"2026-03-23T03:34:16+00:00\",\"description\":\"Achetez mon mod\u00e8le de crochet \\\"6pc Sac \u00e0 Main Idalia\\\" ici. Le mod\u00e8le de crochet facile \u00e0 suivre est \u00e9galement disponible sur Haked, Etsy, Ravelry, Payhip\",\"breadcrumb\":{\"@id\":\"https:\\\/\\\/craftygenesindonesia.com\\\/fr\\\/shop\\\/sacs\\\/6pc-sac-a-main-idalia\\\/#breadcrumb\"},\"inLanguage\":\"fr-FR\",\"potentialAction\":[{\"@type\":\"ReadAction\",\"target\":[\"https:\\\/\\\/craftygenesindonesia.com\\\/fr\\\/shop\\\/sacs\\\/6pc-sac-a-main-idalia\\\/\"]}]},{\"@type\":\"ImageObject\",\"inLanguage\":\"fr-FR\",\"@id\":\"https:\\\/\\\/craftygenesindonesia.com\\\/fr\\\/shop\\\/sacs\\\/6pc-sac-a-main-idalia\\\/#primaryimage\",\"url\":\"https:\\\/\\\/craftygenesindonesia.com\\\/wp-content\\\/uploads\\\/2024\\\/04\\\/Idalia-Handbag-2.jpg\",\"contentUrl\":\"https:\\\/\\\/craftygenesindonesia.com\\\/wp-content\\\/uploads\\\/2024\\\/04\\\/Idalia-Handbag-2.jpg\",\"width\":1080,\"height\":1080,\"caption\":\"crochet handbag set\"},{\"@type\":\"BreadcrumbList\",\"@id\":\"https:\\\/\\\/craftygenesindonesia.com\\\/fr\\\/shop\\\/sacs\\\/6pc-sac-a-main-idalia\\\/#breadcrumb\",\"itemListElement\":[{\"@type\":\"ListItem\",\"position\":1,\"name\":\"Home\",\"item\":\"https:\\\/\\\/craftygenesindonesia.com\\\/fr\\\/\"},{\"@type\":\"ListItem\",\"position\":2,\"name\":\"Boutique de mod\u00e8les\",\"item\":\"https:\\\/\\\/craftygenesindonesia.com\\\/fr\\\/boutique\\\/\"},{\"@type\":\"ListItem\",\"position\":3,\"name\":\"6pc Sac \u00e0 Main Idalia\"}]},{\"@type\":\"WebSite\",\"@id\":\"https:\\\/\\\/craftygenesindonesia.com\\\/fr\\\/#website\",\"url\":\"https:\\\/\\\/craftygenesindonesia.com\\\/fr\\\/\",\"name\":\"Craftygenesindonesia\",\"description\":\"\",\"publisher\":{\"@id\":\"https:\\\/\\\/craftygenesindonesia.com\\\/fr\\\/#organization\"},\"potentialAction\":[{\"@type\":\"SearchAction\",\"target\":{\"@type\":\"EntryPoint\",\"urlTemplate\":\"https:\\\/\\\/craftygenesindonesia.com\\\/fr\\\/?s={search_term_string}\"},\"query-input\":{\"@type\":\"PropertyValueSpecification\",\"valueRequired\":true,\"valueName\":\"search_term_string\"}}],\"inLanguage\":\"fr-FR\"},{\"@type\":\"Organization\",\"@id\":\"https:\\\/\\\/craftygenesindonesia.com\\\/fr\\\/#organization\",\"name\":\"Craftygenesindonesia\",\"url\":\"https:\\\/\\\/craftygenesindonesia.com\\\/fr\\\/\",\"logo\":{\"@type\":\"ImageObject\",\"inLanguage\":\"fr-FR\",\"@id\":\"https:\\\/\\\/craftygenesindonesia.com\\\/fr\\\/#\\\/schema\\\/logo\\\/image\\\/\",\"url\":\"https:\\\/\\\/craftygenesindonesia.com\\\/wp-content\\\/uploads\\\/2025\\\/11\\\/cropped-Copy-of-Craftygenesindonesia.jpg\",\"contentUrl\":\"https:\\\/\\\/craftygenesindonesia.com\\\/wp-content\\\/uploads\\\/2025\\\/11\\\/cropped-Copy-of-Craftygenesindonesia.jpg\",\"width\":180,\"height\":60,\"caption\":\"Craftygenesindonesia\"},\"image\":{\"@id\":\"https:\\\/\\\/craftygenesindonesia.com\\\/fr\\\/#\\\/schema\\\/logo\\\/image\\\/\"}}]}<\/script>\n<!-- \/ Yoast SEO plugin. -->","yoast_head_json":{"title":"6pc Sac \u00e0 Main Idalia mod\u00e8le de crochet - Craftygenesindonesia","description":"Achetez mon mod\u00e8le de crochet \"6pc Sac \u00e0 Main Idalia\" ici. Le mod\u00e8le de crochet facile \u00e0 suivre est \u00e9galement disponible sur Haked, Etsy, Ravelry, Payhip","robots":{"index":"index","follow":"follow","max-snippet":"max-snippet:-1","max-image-preview":"max-image-preview:large","max-video-preview":"max-video-preview:-1"},"canonical":"https:\/\/craftygenesindonesia.com\/fr\/shop\/sacs\/6pc-sac-a-main-idalia\/","og_locale":"fr_FR","og_type":"article","og_title":"Mod\u00e8le de crochet \"6pc Sac \u00e0 Main Idalia\"","og_description":"Achetez mon mod\u00e8le de crochet \"6pc Sac \u00e0 Main Idalia\" ici. Le mod\u00e8le de crochet facile \u00e0 suivre est \u00e9galement disponible sur Haked, Etsy, Ravelry, Payhip","og_url":"https:\/\/craftygenesindonesia.com\/fr\/shop\/sacs\/6pc-sac-a-main-idalia\/","og_site_name":"Craftygenesindonesia","article_modified_time":"2026-03-23T03:34:16+00:00","og_image":[{"width":1080,"height":1080,"url":"https:\/\/craftygenesindonesia.com\/wp-content\/uploads\/2024\/04\/Idalia-Handbag-2.jpg","type":"image\/jpeg"}],"twitter_card":"summary_large_image","twitter_misc":{"Dur\u00e9e de lecture estim\u00e9e":"2 minutes"},"schema":{"@context":"https:\/\/schema.org","@graph":[{"@type":"WebPage","@id":"https:\/\/craftygenesindonesia.com\/fr\/shop\/sacs\/6pc-sac-a-main-idalia\/","url":"https:\/\/craftygenesindonesia.com\/fr\/shop\/sacs\/6pc-sac-a-main-idalia\/","name":"6pc Sac \u00e0 Main Idalia mod\u00e8le de crochet - Craftygenesindonesia","isPartOf":{"@id":"https:\/\/craftygenesindonesia.com\/fr\/#website"},"primaryImageOfPage":{"@id":"https:\/\/craftygenesindonesia.com\/fr\/shop\/sacs\/6pc-sac-a-main-idalia\/#primaryimage"},"image":{"@id":"https:\/\/craftygenesindonesia.com\/fr\/shop\/sacs\/6pc-sac-a-main-idalia\/#primaryimage"},"thumbnailUrl":"https:\/\/craftygenesindonesia.com\/wp-content\/uploads\/2024\/04\/Idalia-Handbag-2.jpg","datePublished":"2024-04-12T21:18:58+00:00","dateModified":"2026-03-23T03:34:16+00:00","description":"Achetez mon mod\u00e8le de crochet \"6pc Sac \u00e0 Main Idalia\" ici. Le mod\u00e8le de crochet facile \u00e0 suivre est \u00e9galement disponible sur Haked, Etsy, Ravelry, Payhip","breadcrumb":{"@id":"https:\/\/craftygenesindonesia.com\/fr\/shop\/sacs\/6pc-sac-a-main-idalia\/#breadcrumb"},"inLanguage":"fr-FR","potentialAction":[{"@type":"ReadAction","target":["https:\/\/craftygenesindonesia.com\/fr\/shop\/sacs\/6pc-sac-a-main-idalia\/"]}]},{"@type":"ImageObject","inLanguage":"fr-FR","@id":"https:\/\/craftygenesindonesia.com\/fr\/shop\/sacs\/6pc-sac-a-main-idalia\/#primaryimage","url":"https:\/\/craftygenesindonesia.com\/wp-content\/uploads\/2024\/04\/Idalia-Handbag-2.jpg","contentUrl":"https:\/\/craftygenesindonesia.com\/wp-content\/uploads\/2024\/04\/Idalia-Handbag-2.jpg","width":1080,"height":1080,"caption":"crochet handbag set"},{"@type":"BreadcrumbList","@id":"https:\/\/craftygenesindonesia.com\/fr\/shop\/sacs\/6pc-sac-a-main-idalia\/#breadcrumb","itemListElement":[{"@type":"ListItem","position":1,"name":"Home","item":"https:\/\/craftygenesindonesia.com\/fr\/"},{"@type":"ListItem","position":2,"name":"Boutique de mod\u00e8les","item":"https:\/\/craftygenesindonesia.com\/fr\/boutique\/"},{"@type":"ListItem","position":3,"name":"6pc Sac \u00e0 Main Idalia"}]},{"@type":"WebSite","@id":"https:\/\/craftygenesindonesia.com\/fr\/#website","url":"https:\/\/craftygenesindonesia.com\/fr\/","name":"Craftygenesindonesia","description":"","publisher":{"@id":"https:\/\/craftygenesindonesia.com\/fr\/#organization"},"potentialAction":[{"@type":"SearchAction","target":{"@type":"EntryPoint","urlTemplate":"https:\/\/craftygenesindonesia.com\/fr\/?s={search_term_string}"},"query-input":{"@type":"PropertyValueSpecification","valueRequired":true,"valueName":"search_term_string"}}],"inLanguage":"fr-FR"},{"@type":"Organization","@id":"https:\/\/craftygenesindonesia.com\/fr\/#organization","name":"Craftygenesindonesia","url":"https:\/\/craftygenesindonesia.com\/fr\/","logo":{"@type":"ImageObject","inLanguage":"fr-FR","@id":"https:\/\/craftygenesindonesia.com\/fr\/#\/schema\/logo\/image\/","url":"https:\/\/craftygenesindonesia.com\/wp-content\/uploads\/2025\/11\/cropped-Copy-of-Craftygenesindonesia.jpg","contentUrl":"https:\/\/craftygenesindonesia.com\/wp-content\/uploads\/2025\/11\/cropped-Copy-of-Craftygenesindonesia.jpg","width":180,"height":60,"caption":"Craftygenesindonesia"},"image":{"@id":"https:\/\/craftygenesindonesia.com\/fr\/#\/schema\/logo\/image\/"}}]}},"_links":{"self":[{"href":"https:\/\/craftygenesindonesia.com\/fr\/wp-json\/wp\/v2\/product\/987517738","targetHints":{"allow":["GET"]}}],"collection":[{"href":"https:\/\/craftygenesindonesia.com\/fr\/wp-json\/wp\/v2\/product"}],"about":[{"href":"https:\/\/craftygenesindonesia.com\/fr\/wp-json\/wp\/v2\/types\/product"}],"replies":[{"embeddable":true,"href":"https:\/\/craftygenesindonesia.com\/fr\/wp-json\/wp\/v2\/comments?post=987517738"}],"wp:featuredmedia":[{"embeddable":true,"href":"https:\/\/craftygenesindonesia.com\/fr\/wp-json\/wp\/v2\/media\/987525799"}],"wp:attachment":[{"href":"https:\/\/craftygenesindonesia.com\/fr\/wp-json\/wp\/v2\/media?parent=987517738"}],"wp:term":[{"taxonomy":"product_brand","embeddable":true,"href":"https:\/\/craftygenesindonesia.com\/fr\/wp-json\/wp\/v2\/product_brand?post=987517738"},{"taxonomy":"product_cat","embeddable":true,"href":"https:\/\/craftygenesindonesia.com\/fr\/wp-json\/wp\/v2\/product_cat?post=987517738"},{"taxonomy":"product_tag","embeddable":true,"href":"https:\/\/craftygenesindonesia.com\/fr\/wp-json\/wp\/v2\/product_tag?post=987517738"}],"curies":[{"name":"wp","href":"https:\/\/api.w.org\/{rel}","templated":true}]}}