{"id":987516824,"date":"2024-02-03T04:58:59","date_gmt":"2024-02-02T20:58:59","guid":{"rendered":"https:\/\/craftygenesindonesia.com\/?post_type=product&#038;p=987516824"},"modified":"2026-03-23T11:44:09","modified_gmt":"2026-03-23T03:44:09","slug":"le-cadeau-de-paques-de-pedro","status":"publish","type":"product","link":"https:\/\/craftygenesindonesia.com\/fr\/shop\/animaux\/le-cadeau-de-paques-de-pedro\/","title":{"rendered":"Le cadeau de P\u00e2ques de Pedro"},"content":{"rendered":"<p>Ce set mesure 18x24cm\/ 7&#215;9.5inch lorsqu&#8217;il est r\u00e9alis\u00e9 avec la m\u00eame taille de fil et de crochet que moi. J&#8217;ai utilis\u00e9 du fil &#8220;fingering&#8221; avec un crochet de 2mm.<\/p>\n<p>&nbsp;<\/p>\n<p>Vous aurez besoin des couleurs suivantes : marron, beige, bleu jean, vert, noir, magenta, jaune, blanc et marron fonc\u00e9.<\/p>\n<p>&nbsp;<\/p>\n<p>Vous aurez \u00e9galement besoin de : coton-tige, rembourrage, marqueurs de points, ciseaux, crayon, colle, fil d&#8217;aluminium, carton solide de 5 mm d&#8217;\u00e9paisseur, aiguille \u00e0 tapisserie, yeux de s\u00e9curit\u00e9 de 6 mm, nez de s\u00e9curit\u00e9 de 8 mm<\/p>\n<p>&nbsp;<\/p>\n<p>Crochet : 2mm<\/p>\n<p>&nbsp;<\/p>\n<p>Ce mod\u00e8le est un mod\u00e8le \u00e9crit avec de nombreuses photos pour vous aider. Si vous avez encore des questions, veuillez m&#8217;envoyer un message \u00e0 l&#8217;adresse suivante : <a href=\"mailto:craftygenesindonesia@gmail.com\">craftygenesindonesia@gmail.com<\/a><\/p>\n<p>&nbsp;<\/p>\n<p>**Ce mod\u00e8le est r\u00e9serv\u00e9 \u00e0 un usage personnel et il est prot\u00e9g\u00e9 par un COPYRIGHT Le mod\u00e8le ne peut donc PAS \u00eatre copi\u00e9, vendu, revendu, traduit, revendiqu\u00e9 comme votre mod\u00e8le, distribu\u00e9, partag\u00e9, publi\u00e9, mis en ligne&#8230; sous quelque forme que ce soit sans mon consentement. Pas m\u00eame une partie!!!<\/p>\n<p>&nbsp;<\/p>\n<p>**Vous pouvez vendre l&#8217;article fini en petites quantit\u00e9s MAIS PAS LE PATRON EN LUI-M\u00caME! Merci de pr\u00e9ciser que le mod\u00e8le est de Craftygenesindonesia et o\u00f9 il peut \u00eatre achet\u00e9<\/p>\n","protected":false},"excerpt":{"rendered":"<p>Voici un patron de crochet facile \u00e0 suivre pour un lapin de P\u00e2ques amusant dans sa salopette sur un scooter avec un panier, un \u0153uf de P\u00e2ques, une jonquille et une fleur de marguerite.<\/p>\n","protected":false},"featured_media":987519964,"comment_status":"open","ping_status":"closed","template":"","meta":{"_acf_changed":false},"product_brand":[],"product_cat":[3643,3661],"product_tag":[9133,11073,9151,11114,9237,10872,11113,11408,11515],"class_list":{"0":"post-987516824","1":"product","2":"type-product","3":"status-publish","4":"has-post-thumbnail","6":"product_cat-animaux","7":"product_cat-paques","8":"product_tag-lapin-de-paques-fr","9":"product_tag-marguerite-fr-2","10":"product_tag-marguerite-fr","11":"product_tag-oeuf-fr","12":"product_tag-oeuf-de-paques-fr","13":"product_tag-panier-fr","14":"product_tag-paques-fr","15":"product_tag-salopettes","16":"product_tag-trottinette","17":"pa_available_on-craftygenesindonesia","18":"pa_available_on-etsy","19":"pa_available_on-haked-nl","20":"pa_available_on-payhip","21":"pa_available_on-ravelry","22":"pa_languages-allemand","23":"pa_languages-americain","24":"pa_languages-espagnol","25":"pa_languages-francais","26":"pa_languages-neerlandais","28":"first","29":"instock","30":"sale","31":"downloadable","32":"virtual","33":"purchasable","34":"product-type-simple"},"acf":[],"yoast_head":"<!-- This site is optimized with the Yoast SEO plugin v27.4 - https:\/\/yoast.com\/product\/yoast-seo-wordpress\/ -->\n<title>Le cadeau de P\u00e2ques de Pedro - Craftygenesindonesia<\/title>\n<meta name=\"description\" content=\"Achetez ici mon mod\u00e8le de crochet pour le cadeau de P\u00e2ques de Pedro. Il s&#039;agit d&#039;un patron facile \u00e0 suivre pour un lapin de P\u00e2ques amusant sur son scooter.\" \/>\n<meta name=\"robots\" content=\"index, follow, max-snippet:-1, max-image-preview:large, max-video-preview:-1\" \/>\n<link rel=\"canonical\" href=\"https:\/\/craftygenesindonesia.com\/fr\/shop\/animaux\/le-cadeau-de-paques-de-pedro\/\" \/>\n<meta property=\"og:locale\" content=\"fr_FR\" \/>\n<meta property=\"og:type\" content=\"article\" \/>\n<meta property=\"og:title\" content=\"Mod\u00e8le de crochet pour le cadeau de P\u00e2ques de Pedro\" \/>\n<meta property=\"og:description\" content=\"Achetez ici mon mod\u00e8le de crochet pour le cadeau de P\u00e2ques de Pedro. Il s&#039;agit d&#039;un patron facile \u00e0 suivre pour un lapin de P\u00e2ques amusant sur son scooter.\" \/>\n<meta property=\"og:url\" content=\"https:\/\/craftygenesindonesia.com\/fr\/shop\/animaux\/le-cadeau-de-paques-de-pedro\/\" \/>\n<meta property=\"og:site_name\" content=\"Craftygenesindonesia\" \/>\n<meta property=\"article:modified_time\" content=\"2026-03-23T03:44:09+00:00\" \/>\n<meta property=\"og:image\" content=\"https:\/\/craftygenesindonesia.com\/wp-content\/uploads\/2024\/02\/Untitled-design-2024-02-14T061606.410-300x300.jpg\" \/>\n<meta name=\"twitter:card\" content=\"summary_large_image\" \/>\n<meta name=\"twitter:label1\" content=\"Dur\u00e9e de lecture estim\u00e9e\" \/>\n\t<meta name=\"twitter:data1\" content=\"2 minutes\" \/>\n<script type=\"application\/ld+json\" class=\"yoast-schema-graph\">{\"@context\":\"https:\\\/\\\/schema.org\",\"@graph\":[{\"@type\":\"WebPage\",\"@id\":\"https:\\\/\\\/craftygenesindonesia.com\\\/fr\\\/shop\\\/animaux\\\/le-cadeau-de-paques-de-pedro\\\/\",\"url\":\"https:\\\/\\\/craftygenesindonesia.com\\\/fr\\\/shop\\\/animaux\\\/le-cadeau-de-paques-de-pedro\\\/\",\"name\":\"Le cadeau de P\u00e2ques de Pedro - Craftygenesindonesia\",\"isPartOf\":{\"@id\":\"https:\\\/\\\/craftygenesindonesia.com\\\/fr\\\/#website\"},\"primaryImageOfPage\":{\"@id\":\"https:\\\/\\\/craftygenesindonesia.com\\\/fr\\\/shop\\\/animaux\\\/le-cadeau-de-paques-de-pedro\\\/#primaryimage\"},\"image\":{\"@id\":\"https:\\\/\\\/craftygenesindonesia.com\\\/fr\\\/shop\\\/animaux\\\/le-cadeau-de-paques-de-pedro\\\/#primaryimage\"},\"thumbnailUrl\":\"https:\\\/\\\/craftygenesindonesia.com\\\/wp-content\\\/uploads\\\/2024\\\/02\\\/Pedro.jpg\",\"datePublished\":\"2024-02-02T20:58:59+00:00\",\"dateModified\":\"2026-03-23T03:44:09+00:00\",\"description\":\"Achetez ici mon mod\u00e8le de crochet pour le cadeau de P\u00e2ques de Pedro. Il s'agit d'un patron facile \u00e0 suivre pour un lapin de P\u00e2ques amusant sur son scooter.\",\"breadcrumb\":{\"@id\":\"https:\\\/\\\/craftygenesindonesia.com\\\/fr\\\/shop\\\/animaux\\\/le-cadeau-de-paques-de-pedro\\\/#breadcrumb\"},\"inLanguage\":\"fr-FR\",\"potentialAction\":[{\"@type\":\"ReadAction\",\"target\":[\"https:\\\/\\\/craftygenesindonesia.com\\\/fr\\\/shop\\\/animaux\\\/le-cadeau-de-paques-de-pedro\\\/\"]}]},{\"@type\":\"ImageObject\",\"inLanguage\":\"fr-FR\",\"@id\":\"https:\\\/\\\/craftygenesindonesia.com\\\/fr\\\/shop\\\/animaux\\\/le-cadeau-de-paques-de-pedro\\\/#primaryimage\",\"url\":\"https:\\\/\\\/craftygenesindonesia.com\\\/wp-content\\\/uploads\\\/2024\\\/02\\\/Pedro.jpg\",\"contentUrl\":\"https:\\\/\\\/craftygenesindonesia.com\\\/wp-content\\\/uploads\\\/2024\\\/02\\\/Pedro.jpg\",\"width\":1080,\"height\":1080,\"caption\":\"crochet Easter bunny on crochet scooter with a basket, Easter egg, daffodil and daisy\"},{\"@type\":\"BreadcrumbList\",\"@id\":\"https:\\\/\\\/craftygenesindonesia.com\\\/fr\\\/shop\\\/animaux\\\/le-cadeau-de-paques-de-pedro\\\/#breadcrumb\",\"itemListElement\":[{\"@type\":\"ListItem\",\"position\":1,\"name\":\"Home\",\"item\":\"https:\\\/\\\/craftygenesindonesia.com\\\/fr\\\/\"},{\"@type\":\"ListItem\",\"position\":2,\"name\":\"Boutique de mod\u00e8les\",\"item\":\"https:\\\/\\\/craftygenesindonesia.com\\\/fr\\\/boutique\\\/\"},{\"@type\":\"ListItem\",\"position\":3,\"name\":\"Le cadeau de P\u00e2ques de Pedro\"}]},{\"@type\":\"WebSite\",\"@id\":\"https:\\\/\\\/craftygenesindonesia.com\\\/fr\\\/#website\",\"url\":\"https:\\\/\\\/craftygenesindonesia.com\\\/fr\\\/\",\"name\":\"Craftygenesindonesia\",\"description\":\"\",\"publisher\":{\"@id\":\"https:\\\/\\\/craftygenesindonesia.com\\\/fr\\\/#organization\"},\"potentialAction\":[{\"@type\":\"SearchAction\",\"target\":{\"@type\":\"EntryPoint\",\"urlTemplate\":\"https:\\\/\\\/craftygenesindonesia.com\\\/fr\\\/?s={search_term_string}\"},\"query-input\":{\"@type\":\"PropertyValueSpecification\",\"valueRequired\":true,\"valueName\":\"search_term_string\"}}],\"inLanguage\":\"fr-FR\"},{\"@type\":\"Organization\",\"@id\":\"https:\\\/\\\/craftygenesindonesia.com\\\/fr\\\/#organization\",\"name\":\"Craftygenesindonesia\",\"url\":\"https:\\\/\\\/craftygenesindonesia.com\\\/fr\\\/\",\"logo\":{\"@type\":\"ImageObject\",\"inLanguage\":\"fr-FR\",\"@id\":\"https:\\\/\\\/craftygenesindonesia.com\\\/fr\\\/#\\\/schema\\\/logo\\\/image\\\/\",\"url\":\"https:\\\/\\\/craftygenesindonesia.com\\\/wp-content\\\/uploads\\\/2025\\\/11\\\/cropped-Copy-of-Craftygenesindonesia.jpg\",\"contentUrl\":\"https:\\\/\\\/craftygenesindonesia.com\\\/wp-content\\\/uploads\\\/2025\\\/11\\\/cropped-Copy-of-Craftygenesindonesia.jpg\",\"width\":180,\"height\":60,\"caption\":\"Craftygenesindonesia\"},\"image\":{\"@id\":\"https:\\\/\\\/craftygenesindonesia.com\\\/fr\\\/#\\\/schema\\\/logo\\\/image\\\/\"}}]}<\/script>\n<!-- \/ Yoast SEO plugin. -->","yoast_head_json":{"title":"Le cadeau de P\u00e2ques de Pedro - Craftygenesindonesia","description":"Achetez ici mon mod\u00e8le de crochet pour le cadeau de P\u00e2ques de Pedro. Il s'agit d'un patron facile \u00e0 suivre pour un lapin de P\u00e2ques amusant sur son scooter.","robots":{"index":"index","follow":"follow","max-snippet":"max-snippet:-1","max-image-preview":"max-image-preview:large","max-video-preview":"max-video-preview:-1"},"canonical":"https:\/\/craftygenesindonesia.com\/fr\/shop\/animaux\/le-cadeau-de-paques-de-pedro\/","og_locale":"fr_FR","og_type":"article","og_title":"Mod\u00e8le de crochet pour le cadeau de P\u00e2ques de Pedro","og_description":"Achetez ici mon mod\u00e8le de crochet pour le cadeau de P\u00e2ques de Pedro. Il s'agit d'un patron facile \u00e0 suivre pour un lapin de P\u00e2ques amusant sur son scooter.","og_url":"https:\/\/craftygenesindonesia.com\/fr\/shop\/animaux\/le-cadeau-de-paques-de-pedro\/","og_site_name":"Craftygenesindonesia","article_modified_time":"2026-03-23T03:44:09+00:00","og_image":[{"url":"https:\/\/craftygenesindonesia.com\/wp-content\/uploads\/2024\/02\/Untitled-design-2024-02-14T061606.410-300x300.jpg","type":"","width":"","height":""}],"twitter_card":"summary_large_image","twitter_misc":{"Dur\u00e9e de lecture estim\u00e9e":"2 minutes"},"schema":{"@context":"https:\/\/schema.org","@graph":[{"@type":"WebPage","@id":"https:\/\/craftygenesindonesia.com\/fr\/shop\/animaux\/le-cadeau-de-paques-de-pedro\/","url":"https:\/\/craftygenesindonesia.com\/fr\/shop\/animaux\/le-cadeau-de-paques-de-pedro\/","name":"Le cadeau de P\u00e2ques de Pedro - Craftygenesindonesia","isPartOf":{"@id":"https:\/\/craftygenesindonesia.com\/fr\/#website"},"primaryImageOfPage":{"@id":"https:\/\/craftygenesindonesia.com\/fr\/shop\/animaux\/le-cadeau-de-paques-de-pedro\/#primaryimage"},"image":{"@id":"https:\/\/craftygenesindonesia.com\/fr\/shop\/animaux\/le-cadeau-de-paques-de-pedro\/#primaryimage"},"thumbnailUrl":"https:\/\/craftygenesindonesia.com\/wp-content\/uploads\/2024\/02\/Pedro.jpg","datePublished":"2024-02-02T20:58:59+00:00","dateModified":"2026-03-23T03:44:09+00:00","description":"Achetez ici mon mod\u00e8le de crochet pour le cadeau de P\u00e2ques de Pedro. Il s'agit d'un patron facile \u00e0 suivre pour un lapin de P\u00e2ques amusant sur son scooter.","breadcrumb":{"@id":"https:\/\/craftygenesindonesia.com\/fr\/shop\/animaux\/le-cadeau-de-paques-de-pedro\/#breadcrumb"},"inLanguage":"fr-FR","potentialAction":[{"@type":"ReadAction","target":["https:\/\/craftygenesindonesia.com\/fr\/shop\/animaux\/le-cadeau-de-paques-de-pedro\/"]}]},{"@type":"ImageObject","inLanguage":"fr-FR","@id":"https:\/\/craftygenesindonesia.com\/fr\/shop\/animaux\/le-cadeau-de-paques-de-pedro\/#primaryimage","url":"https:\/\/craftygenesindonesia.com\/wp-content\/uploads\/2024\/02\/Pedro.jpg","contentUrl":"https:\/\/craftygenesindonesia.com\/wp-content\/uploads\/2024\/02\/Pedro.jpg","width":1080,"height":1080,"caption":"crochet Easter bunny on crochet scooter with a basket, Easter egg, daffodil and daisy"},{"@type":"BreadcrumbList","@id":"https:\/\/craftygenesindonesia.com\/fr\/shop\/animaux\/le-cadeau-de-paques-de-pedro\/#breadcrumb","itemListElement":[{"@type":"ListItem","position":1,"name":"Home","item":"https:\/\/craftygenesindonesia.com\/fr\/"},{"@type":"ListItem","position":2,"name":"Boutique de mod\u00e8les","item":"https:\/\/craftygenesindonesia.com\/fr\/boutique\/"},{"@type":"ListItem","position":3,"name":"Le cadeau de P\u00e2ques de Pedro"}]},{"@type":"WebSite","@id":"https:\/\/craftygenesindonesia.com\/fr\/#website","url":"https:\/\/craftygenesindonesia.com\/fr\/","name":"Craftygenesindonesia","description":"","publisher":{"@id":"https:\/\/craftygenesindonesia.com\/fr\/#organization"},"potentialAction":[{"@type":"SearchAction","target":{"@type":"EntryPoint","urlTemplate":"https:\/\/craftygenesindonesia.com\/fr\/?s={search_term_string}"},"query-input":{"@type":"PropertyValueSpecification","valueRequired":true,"valueName":"search_term_string"}}],"inLanguage":"fr-FR"},{"@type":"Organization","@id":"https:\/\/craftygenesindonesia.com\/fr\/#organization","name":"Craftygenesindonesia","url":"https:\/\/craftygenesindonesia.com\/fr\/","logo":{"@type":"ImageObject","inLanguage":"fr-FR","@id":"https:\/\/craftygenesindonesia.com\/fr\/#\/schema\/logo\/image\/","url":"https:\/\/craftygenesindonesia.com\/wp-content\/uploads\/2025\/11\/cropped-Copy-of-Craftygenesindonesia.jpg","contentUrl":"https:\/\/craftygenesindonesia.com\/wp-content\/uploads\/2025\/11\/cropped-Copy-of-Craftygenesindonesia.jpg","width":180,"height":60,"caption":"Craftygenesindonesia"},"image":{"@id":"https:\/\/craftygenesindonesia.com\/fr\/#\/schema\/logo\/image\/"}}]}},"_links":{"self":[{"href":"https:\/\/craftygenesindonesia.com\/fr\/wp-json\/wp\/v2\/product\/987516824","targetHints":{"allow":["GET"]}}],"collection":[{"href":"https:\/\/craftygenesindonesia.com\/fr\/wp-json\/wp\/v2\/product"}],"about":[{"href":"https:\/\/craftygenesindonesia.com\/fr\/wp-json\/wp\/v2\/types\/product"}],"replies":[{"embeddable":true,"href":"https:\/\/craftygenesindonesia.com\/fr\/wp-json\/wp\/v2\/comments?post=987516824"}],"wp:featuredmedia":[{"embeddable":true,"href":"https:\/\/craftygenesindonesia.com\/fr\/wp-json\/wp\/v2\/media\/987519964"}],"wp:attachment":[{"href":"https:\/\/craftygenesindonesia.com\/fr\/wp-json\/wp\/v2\/media?parent=987516824"}],"wp:term":[{"taxonomy":"product_brand","embeddable":true,"href":"https:\/\/craftygenesindonesia.com\/fr\/wp-json\/wp\/v2\/product_brand?post=987516824"},{"taxonomy":"product_cat","embeddable":true,"href":"https:\/\/craftygenesindonesia.com\/fr\/wp-json\/wp\/v2\/product_cat?post=987516824"},{"taxonomy":"product_tag","embeddable":true,"href":"https:\/\/craftygenesindonesia.com\/fr\/wp-json\/wp\/v2\/product_tag?post=987516824"}],"curies":[{"name":"wp","href":"https:\/\/api.w.org\/{rel}","templated":true}]}}