{"id":340872,"date":"2023-12-13T04:37:34","date_gmt":"2023-12-12T20:37:34","guid":{"rendered":"https:\/\/craftygenesindonesia.com\/?post_type=product&#038;p=340872"},"modified":"2026-03-23T18:24:14","modified_gmt":"2026-03-23T10:24:14","slug":"pere-noel-tropical","status":"publish","type":"product","link":"https:\/\/craftygenesindonesia.com\/fr\/shop\/noel\/pere-noel-tropical\/","title":{"rendered":"P\u00e8re No\u00ebl tropical"},"content":{"rendered":"<p>L\u2019ensemble mesure 34 cm\/13.4 inches de haut et est r\u00e9alis\u00e9 en coton laitier 4ply (Scheepjes Softfun est exactement le m\u00eame, donc utilisable aussi) et un crochet de 2.5mm.<\/p>\n<p>Vous aurez besoin de ces couleurs : couleur peau, rouge, noir, fil (panach\u00e9) multicolore, vert (vif), couleur sable, marron, jaune, vert fonc\u00e9, blanc.<\/p>\n<p>Vous aurez \u00e9galement besoin de : rembourrage, marqueurs de maille, ciseaux, crayon, r\u00e8gle, colle, carton, fil d\u2019aluminium rigide, aiguille \u00e0 tapisserie, yeux de s\u00e9curit\u00e9 de 10 mm, laque, pinces coupantes, ruban adh\u00e9sif et un panneau en plastique \u201cJoyeux No\u00ebl\u201d.<\/p>\n<p>Ce mod\u00e8le est un mod\u00e8le \u00e9crit avec de nombreuses photos pour vous aider. Si vous avez encore des questions, envoyez-moi un message \u00e0 :\u00a0<a href=\"mailto:craftygenesindonesia@gmail.com\">craftygenesindonesia@gmail.com<\/a><\/p>\n<p>*<strong><em>Ce mod\u00e8le est destin\u00e9 \u00e0 un usage personnel uniquement et il est prot\u00e9g\u00e9 par un COPYRIGHT. Le mod\u00e8le ne peut donc PAS \u00eatre copi\u00e9, vendu, revendu, traduit, revendiqu\u00e9 comme votre mod\u00e8le, distribu\u00e9, partag\u00e9, publi\u00e9, mis en ligne\u2026 sous quelque forme que ce soit sans mon consentement. M\u00eame pas en partie !!!**<\/em><\/strong><\/p>\n<p>*<strong><em>Vous pouvez vendre le set du P\u00e8re No\u00ebl en petites quantit\u00e9s MAIS PAS LE PATRON EN LUI-M\u00caME ! Veuillez mentionner que le patron est de Craftygenesindonesia et o\u00f9 il peut \u00eatre achet\u00e9.**<\/em><\/strong><\/p>\n","protected":false},"excerpt":{"rendered":"<p>Ce P\u00e8re No\u00ebl est un pour les amoureux du P\u00e8re No\u00ebl et surtout pour ceux qui aiment le soleil, l&#8217;\u00e9t\u00e9, la plage, &#8230; et encore plus parfait pour ceux qui vivent sous les tropiques.<\/p>\n","protected":false},"featured_media":987526022,"comment_status":"open","ping_status":"closed","template":"","meta":{"_acf_changed":false},"product_brand":[],"product_cat":[3653],"product_tag":[11432,11593,11816,11145,10877,11595,8627],"class_list":{"0":"post-340872","1":"product","2":"type-product","3":"status-publish","4":"has-post-thumbnail","6":"product_cat-noel","7":"product_tag-ananas-fr","8":"product_tag-ete","9":"product_tag-kerstman-fr","10":"product_tag-pere-noel-fr","11":"product_tag-plage-fr","12":"product_tag-planche-de-surf","13":"product_tag-santa-fr","14":"pa_available_on-craftygenesindonesia","15":"pa_available_on-etsy","16":"pa_available_on-haked-nl","17":"pa_available_on-payhip","18":"pa_available_on-ravelry","19":"pa_languages-allemand","20":"pa_languages-americain","21":"pa_languages-espagnol","22":"pa_languages-francais","23":"pa_languages-italien","24":"pa_languages-neerlandais","25":"pa_languages-portugais","27":"first","28":"instock","29":"downloadable","30":"virtual","31":"purchasable","32":"product-type-simple"},"acf":[],"yoast_head":"<!-- This site is optimized with the Yoast SEO plugin v27.4 - https:\/\/yoast.com\/product\/yoast-seo-wordpress\/ -->\n<title>P\u00e8re No\u00ebl tropical mod\u00e8le de crochet - Craftygenesindonesia<\/title>\n<meta name=\"description\" content=\"Achetez ici mon mod\u00e8le de crochet \u00ab P\u00e8re No\u00ebl tropical \u00bb. Le mod\u00e8le de crochet facile est \u00e9galement disponible sur Etsy, Haked.nl, Ravelry, Payhip.\" \/>\n<meta name=\"robots\" content=\"index, follow, max-snippet:-1, max-image-preview:large, max-video-preview:-1\" \/>\n<link rel=\"canonical\" href=\"https:\/\/craftygenesindonesia.com\/fr\/shop\/noel\/pere-noel-tropical\/\" \/>\n<meta property=\"og:locale\" content=\"fr_FR\" \/>\n<meta property=\"og:type\" content=\"article\" \/>\n<meta property=\"og:title\" content=\"Mod\u00e8le de crochet P\u00e8re No\u00ebl tropical\" \/>\n<meta property=\"og:description\" content=\"Achetez ici mon mod\u00e8le de crochet \u00ab P\u00e8re No\u00ebl tropical \u00bb. Le mod\u00e8le de crochet facile est \u00e9galement disponible sur Etsy, Haked.nl, Ravelry, Payhip.\" \/>\n<meta property=\"og:url\" content=\"https:\/\/craftygenesindonesia.com\/fr\/shop\/noel\/pere-noel-tropical\/\" \/>\n<meta property=\"og:site_name\" content=\"Craftygenesindonesia\" \/>\n<meta property=\"article:modified_time\" content=\"2026-03-23T10:24:14+00:00\" \/>\n<meta property=\"og:image\" content=\"https:\/\/craftygenesindonesia.com\/wp-content\/uploads\/2023\/12\/2-2.jpg\" \/>\n\t<meta property=\"og:image:width\" content=\"1080\" \/>\n\t<meta property=\"og:image:height\" content=\"1080\" \/>\n\t<meta property=\"og:image:type\" content=\"image\/jpeg\" \/>\n<meta name=\"twitter:card\" content=\"summary_large_image\" \/>\n<meta name=\"twitter:label1\" content=\"Dur\u00e9e de lecture estim\u00e9e\" \/>\n\t<meta name=\"twitter:data1\" content=\"2 minutes\" \/>\n<script type=\"application\/ld+json\" class=\"yoast-schema-graph\">{\"@context\":\"https:\\\/\\\/schema.org\",\"@graph\":[{\"@type\":\"WebPage\",\"@id\":\"https:\\\/\\\/craftygenesindonesia.com\\\/fr\\\/shop\\\/noel\\\/pere-noel-tropical\\\/\",\"url\":\"https:\\\/\\\/craftygenesindonesia.com\\\/fr\\\/shop\\\/noel\\\/pere-noel-tropical\\\/\",\"name\":\"P\u00e8re No\u00ebl tropical mod\u00e8le de crochet - Craftygenesindonesia\",\"isPartOf\":{\"@id\":\"https:\\\/\\\/craftygenesindonesia.com\\\/fr\\\/#website\"},\"primaryImageOfPage\":{\"@id\":\"https:\\\/\\\/craftygenesindonesia.com\\\/fr\\\/shop\\\/noel\\\/pere-noel-tropical\\\/#primaryimage\"},\"image\":{\"@id\":\"https:\\\/\\\/craftygenesindonesia.com\\\/fr\\\/shop\\\/noel\\\/pere-noel-tropical\\\/#primaryimage\"},\"thumbnailUrl\":\"https:\\\/\\\/craftygenesindonesia.com\\\/wp-content\\\/uploads\\\/2023\\\/12\\\/2-2.jpg\",\"datePublished\":\"2023-12-12T20:37:34+00:00\",\"dateModified\":\"2026-03-23T10:24:14+00:00\",\"description\":\"Achetez ici mon mod\u00e8le de crochet \u00ab P\u00e8re No\u00ebl tropical \u00bb. Le mod\u00e8le de crochet facile est \u00e9galement disponible sur Etsy, Haked.nl, Ravelry, Payhip.\",\"breadcrumb\":{\"@id\":\"https:\\\/\\\/craftygenesindonesia.com\\\/fr\\\/shop\\\/noel\\\/pere-noel-tropical\\\/#breadcrumb\"},\"inLanguage\":\"fr-FR\",\"potentialAction\":[{\"@type\":\"ReadAction\",\"target\":[\"https:\\\/\\\/craftygenesindonesia.com\\\/fr\\\/shop\\\/noel\\\/pere-noel-tropical\\\/\"]}]},{\"@type\":\"ImageObject\",\"inLanguage\":\"fr-FR\",\"@id\":\"https:\\\/\\\/craftygenesindonesia.com\\\/fr\\\/shop\\\/noel\\\/pere-noel-tropical\\\/#primaryimage\",\"url\":\"https:\\\/\\\/craftygenesindonesia.com\\\/wp-content\\\/uploads\\\/2023\\\/12\\\/2-2.jpg\",\"contentUrl\":\"https:\\\/\\\/craftygenesindonesia.com\\\/wp-content\\\/uploads\\\/2023\\\/12\\\/2-2.jpg\",\"width\":1080,\"height\":1080,\"caption\":\"crochet tropical Santa with crochet surfboard and pineapple\"},{\"@type\":\"BreadcrumbList\",\"@id\":\"https:\\\/\\\/craftygenesindonesia.com\\\/fr\\\/shop\\\/noel\\\/pere-noel-tropical\\\/#breadcrumb\",\"itemListElement\":[{\"@type\":\"ListItem\",\"position\":1,\"name\":\"Home\",\"item\":\"https:\\\/\\\/craftygenesindonesia.com\\\/fr\\\/\"},{\"@type\":\"ListItem\",\"position\":2,\"name\":\"Boutique de mod\u00e8les\",\"item\":\"https:\\\/\\\/craftygenesindonesia.com\\\/fr\\\/boutique\\\/\"},{\"@type\":\"ListItem\",\"position\":3,\"name\":\"P\u00e8re No\u00ebl tropical\"}]},{\"@type\":\"WebSite\",\"@id\":\"https:\\\/\\\/craftygenesindonesia.com\\\/fr\\\/#website\",\"url\":\"https:\\\/\\\/craftygenesindonesia.com\\\/fr\\\/\",\"name\":\"Craftygenesindonesia\",\"description\":\"\",\"publisher\":{\"@id\":\"https:\\\/\\\/craftygenesindonesia.com\\\/fr\\\/#organization\"},\"potentialAction\":[{\"@type\":\"SearchAction\",\"target\":{\"@type\":\"EntryPoint\",\"urlTemplate\":\"https:\\\/\\\/craftygenesindonesia.com\\\/fr\\\/?s={search_term_string}\"},\"query-input\":{\"@type\":\"PropertyValueSpecification\",\"valueRequired\":true,\"valueName\":\"search_term_string\"}}],\"inLanguage\":\"fr-FR\"},{\"@type\":\"Organization\",\"@id\":\"https:\\\/\\\/craftygenesindonesia.com\\\/fr\\\/#organization\",\"name\":\"Craftygenesindonesia\",\"url\":\"https:\\\/\\\/craftygenesindonesia.com\\\/fr\\\/\",\"logo\":{\"@type\":\"ImageObject\",\"inLanguage\":\"fr-FR\",\"@id\":\"https:\\\/\\\/craftygenesindonesia.com\\\/fr\\\/#\\\/schema\\\/logo\\\/image\\\/\",\"url\":\"https:\\\/\\\/craftygenesindonesia.com\\\/wp-content\\\/uploads\\\/2025\\\/11\\\/cropped-Copy-of-Craftygenesindonesia.jpg\",\"contentUrl\":\"https:\\\/\\\/craftygenesindonesia.com\\\/wp-content\\\/uploads\\\/2025\\\/11\\\/cropped-Copy-of-Craftygenesindonesia.jpg\",\"width\":180,\"height\":60,\"caption\":\"Craftygenesindonesia\"},\"image\":{\"@id\":\"https:\\\/\\\/craftygenesindonesia.com\\\/fr\\\/#\\\/schema\\\/logo\\\/image\\\/\"}}]}<\/script>\n<!-- \/ Yoast SEO plugin. -->","yoast_head_json":{"title":"P\u00e8re No\u00ebl tropical mod\u00e8le de crochet - Craftygenesindonesia","description":"Achetez ici mon mod\u00e8le de crochet \u00ab P\u00e8re No\u00ebl tropical \u00bb. Le mod\u00e8le de crochet facile est \u00e9galement disponible sur Etsy, Haked.nl, Ravelry, Payhip.","robots":{"index":"index","follow":"follow","max-snippet":"max-snippet:-1","max-image-preview":"max-image-preview:large","max-video-preview":"max-video-preview:-1"},"canonical":"https:\/\/craftygenesindonesia.com\/fr\/shop\/noel\/pere-noel-tropical\/","og_locale":"fr_FR","og_type":"article","og_title":"Mod\u00e8le de crochet P\u00e8re No\u00ebl tropical","og_description":"Achetez ici mon mod\u00e8le de crochet \u00ab P\u00e8re No\u00ebl tropical \u00bb. Le mod\u00e8le de crochet facile est \u00e9galement disponible sur Etsy, Haked.nl, Ravelry, Payhip.","og_url":"https:\/\/craftygenesindonesia.com\/fr\/shop\/noel\/pere-noel-tropical\/","og_site_name":"Craftygenesindonesia","article_modified_time":"2026-03-23T10:24:14+00:00","og_image":[{"width":1080,"height":1080,"url":"https:\/\/craftygenesindonesia.com\/wp-content\/uploads\/2023\/12\/2-2.jpg","type":"image\/jpeg"}],"twitter_card":"summary_large_image","twitter_misc":{"Dur\u00e9e de lecture estim\u00e9e":"2 minutes"},"schema":{"@context":"https:\/\/schema.org","@graph":[{"@type":"WebPage","@id":"https:\/\/craftygenesindonesia.com\/fr\/shop\/noel\/pere-noel-tropical\/","url":"https:\/\/craftygenesindonesia.com\/fr\/shop\/noel\/pere-noel-tropical\/","name":"P\u00e8re No\u00ebl tropical mod\u00e8le de crochet - Craftygenesindonesia","isPartOf":{"@id":"https:\/\/craftygenesindonesia.com\/fr\/#website"},"primaryImageOfPage":{"@id":"https:\/\/craftygenesindonesia.com\/fr\/shop\/noel\/pere-noel-tropical\/#primaryimage"},"image":{"@id":"https:\/\/craftygenesindonesia.com\/fr\/shop\/noel\/pere-noel-tropical\/#primaryimage"},"thumbnailUrl":"https:\/\/craftygenesindonesia.com\/wp-content\/uploads\/2023\/12\/2-2.jpg","datePublished":"2023-12-12T20:37:34+00:00","dateModified":"2026-03-23T10:24:14+00:00","description":"Achetez ici mon mod\u00e8le de crochet \u00ab P\u00e8re No\u00ebl tropical \u00bb. Le mod\u00e8le de crochet facile est \u00e9galement disponible sur Etsy, Haked.nl, Ravelry, Payhip.","breadcrumb":{"@id":"https:\/\/craftygenesindonesia.com\/fr\/shop\/noel\/pere-noel-tropical\/#breadcrumb"},"inLanguage":"fr-FR","potentialAction":[{"@type":"ReadAction","target":["https:\/\/craftygenesindonesia.com\/fr\/shop\/noel\/pere-noel-tropical\/"]}]},{"@type":"ImageObject","inLanguage":"fr-FR","@id":"https:\/\/craftygenesindonesia.com\/fr\/shop\/noel\/pere-noel-tropical\/#primaryimage","url":"https:\/\/craftygenesindonesia.com\/wp-content\/uploads\/2023\/12\/2-2.jpg","contentUrl":"https:\/\/craftygenesindonesia.com\/wp-content\/uploads\/2023\/12\/2-2.jpg","width":1080,"height":1080,"caption":"crochet tropical Santa with crochet surfboard and pineapple"},{"@type":"BreadcrumbList","@id":"https:\/\/craftygenesindonesia.com\/fr\/shop\/noel\/pere-noel-tropical\/#breadcrumb","itemListElement":[{"@type":"ListItem","position":1,"name":"Home","item":"https:\/\/craftygenesindonesia.com\/fr\/"},{"@type":"ListItem","position":2,"name":"Boutique de mod\u00e8les","item":"https:\/\/craftygenesindonesia.com\/fr\/boutique\/"},{"@type":"ListItem","position":3,"name":"P\u00e8re No\u00ebl tropical"}]},{"@type":"WebSite","@id":"https:\/\/craftygenesindonesia.com\/fr\/#website","url":"https:\/\/craftygenesindonesia.com\/fr\/","name":"Craftygenesindonesia","description":"","publisher":{"@id":"https:\/\/craftygenesindonesia.com\/fr\/#organization"},"potentialAction":[{"@type":"SearchAction","target":{"@type":"EntryPoint","urlTemplate":"https:\/\/craftygenesindonesia.com\/fr\/?s={search_term_string}"},"query-input":{"@type":"PropertyValueSpecification","valueRequired":true,"valueName":"search_term_string"}}],"inLanguage":"fr-FR"},{"@type":"Organization","@id":"https:\/\/craftygenesindonesia.com\/fr\/#organization","name":"Craftygenesindonesia","url":"https:\/\/craftygenesindonesia.com\/fr\/","logo":{"@type":"ImageObject","inLanguage":"fr-FR","@id":"https:\/\/craftygenesindonesia.com\/fr\/#\/schema\/logo\/image\/","url":"https:\/\/craftygenesindonesia.com\/wp-content\/uploads\/2025\/11\/cropped-Copy-of-Craftygenesindonesia.jpg","contentUrl":"https:\/\/craftygenesindonesia.com\/wp-content\/uploads\/2025\/11\/cropped-Copy-of-Craftygenesindonesia.jpg","width":180,"height":60,"caption":"Craftygenesindonesia"},"image":{"@id":"https:\/\/craftygenesindonesia.com\/fr\/#\/schema\/logo\/image\/"}}]}},"_links":{"self":[{"href":"https:\/\/craftygenesindonesia.com\/fr\/wp-json\/wp\/v2\/product\/340872","targetHints":{"allow":["GET"]}}],"collection":[{"href":"https:\/\/craftygenesindonesia.com\/fr\/wp-json\/wp\/v2\/product"}],"about":[{"href":"https:\/\/craftygenesindonesia.com\/fr\/wp-json\/wp\/v2\/types\/product"}],"replies":[{"embeddable":true,"href":"https:\/\/craftygenesindonesia.com\/fr\/wp-json\/wp\/v2\/comments?post=340872"}],"wp:featuredmedia":[{"embeddable":true,"href":"https:\/\/craftygenesindonesia.com\/fr\/wp-json\/wp\/v2\/media\/987526022"}],"wp:attachment":[{"href":"https:\/\/craftygenesindonesia.com\/fr\/wp-json\/wp\/v2\/media?parent=340872"}],"wp:term":[{"taxonomy":"product_brand","embeddable":true,"href":"https:\/\/craftygenesindonesia.com\/fr\/wp-json\/wp\/v2\/product_brand?post=340872"},{"taxonomy":"product_cat","embeddable":true,"href":"https:\/\/craftygenesindonesia.com\/fr\/wp-json\/wp\/v2\/product_cat?post=340872"},{"taxonomy":"product_tag","embeddable":true,"href":"https:\/\/craftygenesindonesia.com\/fr\/wp-json\/wp\/v2\/product_tag?post=340872"}],"curies":[{"name":"wp","href":"https:\/\/api.w.org\/{rel}","templated":true}]}}