{"id":25312,"date":"2023-12-02T13:51:23","date_gmt":"2023-12-02T05:51:23","guid":{"rendered":"https:\/\/craftygenesindonesia.com\/?post_type=product&#038;p=25312"},"modified":"2026-03-23T18:33:11","modified_gmt":"2026-03-23T10:33:11","slug":"pour-tous-nos-gardiens","status":"publish","type":"product","link":"https:\/\/craftygenesindonesia.com\/fr\/shop\/tricot\/pour-tous-nos-gardiens\/","title":{"rendered":"Pour tous nos gardiens"},"content":{"rendered":"<p>Il s&#8217;agit d&#8217;un mod\u00e8le de<span style=\"color: #ff0000;\"><strong> tricot<\/strong><\/span>, pas d&#8217;un mod\u00e8le de crochet !<\/p>\n<p>L&#8217;ensemble est r\u00e9alis\u00e9 avec du fil de coton au lait 4ply ou du fil Scheepjes Softfun et des aiguilles \u00e0 tricoter droites de 2,5mm + \u00e9galement des aiguilles \u00e0 tricoter \u00e0 double pointe et une aiguille \u00e0 tricoter de 3mm pour la couture et la d\u00e9pose.<\/p>\n<p>Vous aurez besoin des couleurs suivantes : (les nombres entre parenth\u00e8ses sont les couleurs du fil Scheepjes Softfun)<\/p>\n<p>&#8211; Couleur chair (2466) 50-70m\/ 55-75yd<\/p>\n<p>&#8211; Blanc (2412) 30-50m\/ 35-55yd<\/p>\n<p>&#8211; Gris (2530) 200-220m\/ 220-240yd<\/p>\n<p>&#8211; Bleu marine (2401) 85-105m\/ 95-115yd<\/p>\n<p>&#8211; Bleu (2626) 90-110m\/ 100-120yd<\/p>\n<p>&#8211; Bleu clair : (2603) 15-25m\/ 15-25yd<\/p>\n<p>&#8211; Noir (2408) 15-25m\/ 15-25yd<\/p>\n<p>&#8211; Rouge (2410) 25-45m\/ 25-50yd<\/p>\n<p>&#8211; Mousse ou vert clair (2606) 15-25m\/ 15-25yd<\/p>\n<p>&#8211; Marron (2633 ou 2635) 60-80m\/ 65-85yd<\/p>\n<p>&#8211; Brun plus fonc\u00e9 (2491) 20-40m\/ 20-45yd<\/p>\n<p>&#8211; Marron fonc\u00e9 (2623) 120-140m\/ 130-155yd<\/p>\n<p>&#8211; Beige (2470) : 15-25m\/ 15-25yd<\/p>\n<p>&nbsp;<\/p>\n<p>Vous aurez \u00e9galement besoin : d&#8217;un support de maille, de rembourrage, de marqueurs de maille, d&#8217;un crayon, de ciseaux, de colle, d&#8217;une r\u00e8gle, de carton \u00e9pais de 5 mm, de fil d&#8217;aluminium rigide de 1,5 mm, d&#8217;une aiguille \u00e0 tapisserie, d&#8217;un chas de s\u00e9curit\u00e9 noir plat de 10 mm, d&#8217;une bougie LED de 30 x 35 mm.<\/p>\n<p>&nbsp;<\/p>\n<p>Ce mod\u00e8le est un mod\u00e8le \u00e9crit avec de nombreuses photos pour vous aider.\u00a0 Si vous avez encore des questions, envoyez-moi un message \u00e0 : craftygenesindonesia@gmail.com<\/p>\n<p>&nbsp;<\/p>\n<p>**Ce mod\u00e8le est destin\u00e9 \u00e0 un usage personnel uniquement et il est prot\u00e9g\u00e9 par un COPYRIGHT. Le mod\u00e8le ne peut donc PAS \u00eatre copi\u00e9, vendu, revendu, traduit, revendiqu\u00e9 comme votre mod\u00e8le, distribu\u00e9, partag\u00e9, publi\u00e9, mis en ligne&#8230; sous quelque forme que ce soit sans mon consentement. M\u00eame pas en partie !!!<\/p>\n<p>&nbsp;<\/p>\n<p>**Vous pouvez vendre le set de soldats en petites quantit\u00e9s MAIS PAS LE MODELE EN LUI-MEME ! Veuillez mentionner que le patron est de Craftygenesindonesia et o\u00f9 il peut \u00eatre achet\u00e9.<\/p>\n","protected":false},"excerpt":{"rendered":"<p>&nbsp;<\/p>\n<p>Voici un mod\u00e8le de tricot pour des soldats tricot\u00e9s avec une croix. Le monument militaire parfait !<\/p>\n<p>* Hauteur de la croix + plateforme : 37cm\/14.5inch<br \/>\n* Hauteur de chaque soldat : 26cm\/10.2inch<\/p>\n<p>Si vous cherchez la version au crochet, vous la trouverez ici : <a href=\"https:\/\/craftygenesindonesia.com\/fr\/produit\/pour-les-forces-armees-tombees-au-combat\/\" target=\"_blank\" rel=\"noopener\">Pour les forces arm\u00e9es tomb\u00e9es au combat &#8211; Craftygenesindonesia<\/a>.<\/p>\n","protected":false},"featured_media":987520078,"comment_status":"open","ping_status":"closed","template":"","meta":{"_acf_changed":false},"product_brand":[],"product_cat":[10142,3651],"product_tag":[10151,10152,10512,12760,10510,10508,10255,10506,10513,10509,9765,10153,11667,10511,10507,11297,11298],"class_list":{"0":"post-25312","1":"product","2":"type-product","3":"status-publish","4":"has-post-thumbnail","6":"product_cat-militaire","7":"product_cat-tricot","8":"product_tag-armee-fr","9":"product_tag-armee-de-lair-fr","10":"product_tag-coquelicot-fr","11":"product_tag-cross-fr","12":"product_tag-dame-de-la-marine","13":"product_tag-jour-de-larmistice-fr","14":"product_tag-journee-de-larmistice-fr","15":"product_tag-journee-du-patrimoine-mondial","16":"product_tag-marin-fr","17":"product_tag-marine-fr","18":"product_tag-memorial-fr","19":"product_tag-militaire-fr","20":"product_tag-monument-aux-morts","21":"product_tag-pilote-fr","22":"product_tag-soldat-fr","23":"product_tag-soldat-tricote","24":"product_tag-tricot-fr","25":"pa_available_on-craftygenesindonesia","26":"pa_available_on-etsy","27":"pa_available_on-haked-nl","28":"pa_available_on-payhip","29":"pa_available_on-ravelry","30":"pa_languages-americain","31":"pa_languages-espagnol","32":"pa_languages-francais","33":"pa_languages-neerlandais","35":"first","36":"instock","37":"downloadable","38":"virtual","39":"purchasable","40":"product-type-simple"},"acf":[],"yoast_head":"<!-- This site is optimized with the Yoast SEO plugin v27.4 - https:\/\/yoast.com\/product\/yoast-seo-wordpress\/ -->\n<title>Pour tous nos gardiens mod\u00e8le de tricot - Craftygenesindonesia<\/title>\n<meta name=\"description\" content=\"Achetez mon mod\u00e8le de tricot &quot;Pour tous nos gardiens ici&quot;. Vous trouverez \u00e9galement des liens vers le mod\u00e8le sur Etsy, Haked.nl et Ravelry\" \/>\n<meta name=\"robots\" content=\"index, follow, max-snippet:-1, max-image-preview:large, max-video-preview:-1\" \/>\n<link rel=\"canonical\" href=\"https:\/\/craftygenesindonesia.com\/fr\/shop\/tricot\/pour-tous-nos-gardiens\/\" \/>\n<meta property=\"og:locale\" content=\"fr_FR\" \/>\n<meta property=\"og:type\" content=\"article\" \/>\n<meta property=\"og:title\" content=\"Pour tous nos gardiens mod\u00e8le de tricot - Craftygenesindonesia\" \/>\n<meta property=\"og:description\" content=\"Achetez mon mod\u00e8le de tricot &quot;Pour tous nos gardiens ici&quot;. Vous trouverez \u00e9galement des liens vers le mod\u00e8le sur Etsy, Haked.nl et Ravelry\" \/>\n<meta property=\"og:url\" content=\"https:\/\/craftygenesindonesia.com\/fr\/shop\/tricot\/pour-tous-nos-gardiens\/\" \/>\n<meta property=\"og:site_name\" content=\"Craftygenesindonesia\" \/>\n<meta property=\"article:modified_time\" content=\"2026-03-23T10:33:11+00:00\" \/>\n<meta property=\"og:image\" content=\"https:\/\/craftygenesindonesia.com\/wp-content\/uploads\/2023\/12\/For-all-our-guardians.jpg\" \/>\n\t<meta property=\"og:image:width\" content=\"1080\" \/>\n\t<meta property=\"og:image:height\" content=\"1080\" \/>\n\t<meta property=\"og:image:type\" content=\"image\/jpeg\" \/>\n<meta name=\"twitter:card\" content=\"summary_large_image\" \/>\n<meta name=\"twitter:label1\" content=\"Dur\u00e9e de lecture estim\u00e9e\" \/>\n\t<meta name=\"twitter:data1\" content=\"2 minutes\" \/>\n<script type=\"application\/ld+json\" class=\"yoast-schema-graph\">{\"@context\":\"https:\\\/\\\/schema.org\",\"@graph\":[{\"@type\":\"WebPage\",\"@id\":\"https:\\\/\\\/craftygenesindonesia.com\\\/fr\\\/shop\\\/tricot\\\/pour-tous-nos-gardiens\\\/\",\"url\":\"https:\\\/\\\/craftygenesindonesia.com\\\/fr\\\/shop\\\/tricot\\\/pour-tous-nos-gardiens\\\/\",\"name\":\"Pour tous nos gardiens mod\u00e8le de tricot - Craftygenesindonesia\",\"isPartOf\":{\"@id\":\"https:\\\/\\\/craftygenesindonesia.com\\\/fr\\\/#website\"},\"primaryImageOfPage\":{\"@id\":\"https:\\\/\\\/craftygenesindonesia.com\\\/fr\\\/shop\\\/tricot\\\/pour-tous-nos-gardiens\\\/#primaryimage\"},\"image\":{\"@id\":\"https:\\\/\\\/craftygenesindonesia.com\\\/fr\\\/shop\\\/tricot\\\/pour-tous-nos-gardiens\\\/#primaryimage\"},\"thumbnailUrl\":\"https:\\\/\\\/craftygenesindonesia.com\\\/wp-content\\\/uploads\\\/2023\\\/12\\\/For-all-our-guardians.jpg\",\"datePublished\":\"2023-12-02T05:51:23+00:00\",\"dateModified\":\"2026-03-23T10:33:11+00:00\",\"description\":\"Achetez mon mod\u00e8le de tricot \\\"Pour tous nos gardiens ici\\\". Vous trouverez \u00e9galement des liens vers le mod\u00e8le sur Etsy, Haked.nl et Ravelry\",\"breadcrumb\":{\"@id\":\"https:\\\/\\\/craftygenesindonesia.com\\\/fr\\\/shop\\\/tricot\\\/pour-tous-nos-gardiens\\\/#breadcrumb\"},\"inLanguage\":\"fr-FR\",\"potentialAction\":[{\"@type\":\"ReadAction\",\"target\":[\"https:\\\/\\\/craftygenesindonesia.com\\\/fr\\\/shop\\\/tricot\\\/pour-tous-nos-gardiens\\\/\"]}]},{\"@type\":\"ImageObject\",\"inLanguage\":\"fr-FR\",\"@id\":\"https:\\\/\\\/craftygenesindonesia.com\\\/fr\\\/shop\\\/tricot\\\/pour-tous-nos-gardiens\\\/#primaryimage\",\"url\":\"https:\\\/\\\/craftygenesindonesia.com\\\/wp-content\\\/uploads\\\/2023\\\/12\\\/For-all-our-guardians.jpg\",\"contentUrl\":\"https:\\\/\\\/craftygenesindonesia.com\\\/wp-content\\\/uploads\\\/2023\\\/12\\\/For-all-our-guardians.jpg\",\"width\":1080,\"height\":1080,\"caption\":\"knitted soldiers in front of knitted cross with knitted poppy\"},{\"@type\":\"BreadcrumbList\",\"@id\":\"https:\\\/\\\/craftygenesindonesia.com\\\/fr\\\/shop\\\/tricot\\\/pour-tous-nos-gardiens\\\/#breadcrumb\",\"itemListElement\":[{\"@type\":\"ListItem\",\"position\":1,\"name\":\"Home\",\"item\":\"https:\\\/\\\/craftygenesindonesia.com\\\/fr\\\/\"},{\"@type\":\"ListItem\",\"position\":2,\"name\":\"Boutique de mod\u00e8les\",\"item\":\"https:\\\/\\\/craftygenesindonesia.com\\\/fr\\\/boutique\\\/\"},{\"@type\":\"ListItem\",\"position\":3,\"name\":\"Pour tous nos gardiens\"}]},{\"@type\":\"WebSite\",\"@id\":\"https:\\\/\\\/craftygenesindonesia.com\\\/fr\\\/#website\",\"url\":\"https:\\\/\\\/craftygenesindonesia.com\\\/fr\\\/\",\"name\":\"Craftygenesindonesia\",\"description\":\"\",\"publisher\":{\"@id\":\"https:\\\/\\\/craftygenesindonesia.com\\\/fr\\\/#organization\"},\"potentialAction\":[{\"@type\":\"SearchAction\",\"target\":{\"@type\":\"EntryPoint\",\"urlTemplate\":\"https:\\\/\\\/craftygenesindonesia.com\\\/fr\\\/?s={search_term_string}\"},\"query-input\":{\"@type\":\"PropertyValueSpecification\",\"valueRequired\":true,\"valueName\":\"search_term_string\"}}],\"inLanguage\":\"fr-FR\"},{\"@type\":\"Organization\",\"@id\":\"https:\\\/\\\/craftygenesindonesia.com\\\/fr\\\/#organization\",\"name\":\"Craftygenesindonesia\",\"url\":\"https:\\\/\\\/craftygenesindonesia.com\\\/fr\\\/\",\"logo\":{\"@type\":\"ImageObject\",\"inLanguage\":\"fr-FR\",\"@id\":\"https:\\\/\\\/craftygenesindonesia.com\\\/fr\\\/#\\\/schema\\\/logo\\\/image\\\/\",\"url\":\"https:\\\/\\\/craftygenesindonesia.com\\\/wp-content\\\/uploads\\\/2025\\\/11\\\/cropped-Copy-of-Craftygenesindonesia.jpg\",\"contentUrl\":\"https:\\\/\\\/craftygenesindonesia.com\\\/wp-content\\\/uploads\\\/2025\\\/11\\\/cropped-Copy-of-Craftygenesindonesia.jpg\",\"width\":180,\"height\":60,\"caption\":\"Craftygenesindonesia\"},\"image\":{\"@id\":\"https:\\\/\\\/craftygenesindonesia.com\\\/fr\\\/#\\\/schema\\\/logo\\\/image\\\/\"}}]}<\/script>\n<!-- \/ Yoast SEO plugin. -->","yoast_head_json":{"title":"Pour tous nos gardiens mod\u00e8le de tricot - Craftygenesindonesia","description":"Achetez mon mod\u00e8le de tricot \"Pour tous nos gardiens ici\". Vous trouverez \u00e9galement des liens vers le mod\u00e8le sur Etsy, Haked.nl et Ravelry","robots":{"index":"index","follow":"follow","max-snippet":"max-snippet:-1","max-image-preview":"max-image-preview:large","max-video-preview":"max-video-preview:-1"},"canonical":"https:\/\/craftygenesindonesia.com\/fr\/shop\/tricot\/pour-tous-nos-gardiens\/","og_locale":"fr_FR","og_type":"article","og_title":"Pour tous nos gardiens mod\u00e8le de tricot - Craftygenesindonesia","og_description":"Achetez mon mod\u00e8le de tricot \"Pour tous nos gardiens ici\". Vous trouverez \u00e9galement des liens vers le mod\u00e8le sur Etsy, Haked.nl et Ravelry","og_url":"https:\/\/craftygenesindonesia.com\/fr\/shop\/tricot\/pour-tous-nos-gardiens\/","og_site_name":"Craftygenesindonesia","article_modified_time":"2026-03-23T10:33:11+00:00","og_image":[{"width":1080,"height":1080,"url":"https:\/\/craftygenesindonesia.com\/wp-content\/uploads\/2023\/12\/For-all-our-guardians.jpg","type":"image\/jpeg"}],"twitter_card":"summary_large_image","twitter_misc":{"Dur\u00e9e de lecture estim\u00e9e":"2 minutes"},"schema":{"@context":"https:\/\/schema.org","@graph":[{"@type":"WebPage","@id":"https:\/\/craftygenesindonesia.com\/fr\/shop\/tricot\/pour-tous-nos-gardiens\/","url":"https:\/\/craftygenesindonesia.com\/fr\/shop\/tricot\/pour-tous-nos-gardiens\/","name":"Pour tous nos gardiens mod\u00e8le de tricot - Craftygenesindonesia","isPartOf":{"@id":"https:\/\/craftygenesindonesia.com\/fr\/#website"},"primaryImageOfPage":{"@id":"https:\/\/craftygenesindonesia.com\/fr\/shop\/tricot\/pour-tous-nos-gardiens\/#primaryimage"},"image":{"@id":"https:\/\/craftygenesindonesia.com\/fr\/shop\/tricot\/pour-tous-nos-gardiens\/#primaryimage"},"thumbnailUrl":"https:\/\/craftygenesindonesia.com\/wp-content\/uploads\/2023\/12\/For-all-our-guardians.jpg","datePublished":"2023-12-02T05:51:23+00:00","dateModified":"2026-03-23T10:33:11+00:00","description":"Achetez mon mod\u00e8le de tricot \"Pour tous nos gardiens ici\". Vous trouverez \u00e9galement des liens vers le mod\u00e8le sur Etsy, Haked.nl et Ravelry","breadcrumb":{"@id":"https:\/\/craftygenesindonesia.com\/fr\/shop\/tricot\/pour-tous-nos-gardiens\/#breadcrumb"},"inLanguage":"fr-FR","potentialAction":[{"@type":"ReadAction","target":["https:\/\/craftygenesindonesia.com\/fr\/shop\/tricot\/pour-tous-nos-gardiens\/"]}]},{"@type":"ImageObject","inLanguage":"fr-FR","@id":"https:\/\/craftygenesindonesia.com\/fr\/shop\/tricot\/pour-tous-nos-gardiens\/#primaryimage","url":"https:\/\/craftygenesindonesia.com\/wp-content\/uploads\/2023\/12\/For-all-our-guardians.jpg","contentUrl":"https:\/\/craftygenesindonesia.com\/wp-content\/uploads\/2023\/12\/For-all-our-guardians.jpg","width":1080,"height":1080,"caption":"knitted soldiers in front of knitted cross with knitted poppy"},{"@type":"BreadcrumbList","@id":"https:\/\/craftygenesindonesia.com\/fr\/shop\/tricot\/pour-tous-nos-gardiens\/#breadcrumb","itemListElement":[{"@type":"ListItem","position":1,"name":"Home","item":"https:\/\/craftygenesindonesia.com\/fr\/"},{"@type":"ListItem","position":2,"name":"Boutique de mod\u00e8les","item":"https:\/\/craftygenesindonesia.com\/fr\/boutique\/"},{"@type":"ListItem","position":3,"name":"Pour tous nos gardiens"}]},{"@type":"WebSite","@id":"https:\/\/craftygenesindonesia.com\/fr\/#website","url":"https:\/\/craftygenesindonesia.com\/fr\/","name":"Craftygenesindonesia","description":"","publisher":{"@id":"https:\/\/craftygenesindonesia.com\/fr\/#organization"},"potentialAction":[{"@type":"SearchAction","target":{"@type":"EntryPoint","urlTemplate":"https:\/\/craftygenesindonesia.com\/fr\/?s={search_term_string}"},"query-input":{"@type":"PropertyValueSpecification","valueRequired":true,"valueName":"search_term_string"}}],"inLanguage":"fr-FR"},{"@type":"Organization","@id":"https:\/\/craftygenesindonesia.com\/fr\/#organization","name":"Craftygenesindonesia","url":"https:\/\/craftygenesindonesia.com\/fr\/","logo":{"@type":"ImageObject","inLanguage":"fr-FR","@id":"https:\/\/craftygenesindonesia.com\/fr\/#\/schema\/logo\/image\/","url":"https:\/\/craftygenesindonesia.com\/wp-content\/uploads\/2025\/11\/cropped-Copy-of-Craftygenesindonesia.jpg","contentUrl":"https:\/\/craftygenesindonesia.com\/wp-content\/uploads\/2025\/11\/cropped-Copy-of-Craftygenesindonesia.jpg","width":180,"height":60,"caption":"Craftygenesindonesia"},"image":{"@id":"https:\/\/craftygenesindonesia.com\/fr\/#\/schema\/logo\/image\/"}}]}},"_links":{"self":[{"href":"https:\/\/craftygenesindonesia.com\/fr\/wp-json\/wp\/v2\/product\/25312","targetHints":{"allow":["GET"]}}],"collection":[{"href":"https:\/\/craftygenesindonesia.com\/fr\/wp-json\/wp\/v2\/product"}],"about":[{"href":"https:\/\/craftygenesindonesia.com\/fr\/wp-json\/wp\/v2\/types\/product"}],"replies":[{"embeddable":true,"href":"https:\/\/craftygenesindonesia.com\/fr\/wp-json\/wp\/v2\/comments?post=25312"}],"wp:featuredmedia":[{"embeddable":true,"href":"https:\/\/craftygenesindonesia.com\/fr\/wp-json\/wp\/v2\/media\/987520078"}],"wp:attachment":[{"href":"https:\/\/craftygenesindonesia.com\/fr\/wp-json\/wp\/v2\/media?parent=25312"}],"wp:term":[{"taxonomy":"product_brand","embeddable":true,"href":"https:\/\/craftygenesindonesia.com\/fr\/wp-json\/wp\/v2\/product_brand?post=25312"},{"taxonomy":"product_cat","embeddable":true,"href":"https:\/\/craftygenesindonesia.com\/fr\/wp-json\/wp\/v2\/product_cat?post=25312"},{"taxonomy":"product_tag","embeddable":true,"href":"https:\/\/craftygenesindonesia.com\/fr\/wp-json\/wp\/v2\/product_tag?post=25312"}],"curies":[{"name":"wp","href":"https:\/\/api.w.org\/{rel}","templated":true}]}}