{"id":24652,"date":"2023-11-03T20:24:20","date_gmt":"2023-11-03T12:24:20","guid":{"rendered":"https:\/\/craftygenesindonesia.com\/?post_type=product&#038;p=24652"},"modified":"2026-03-23T18:38:43","modified_gmt":"2026-03-23T10:38:43","slug":"ornements-de-noel-paquet-1","status":"publish","type":"product","link":"https:\/\/craftygenesindonesia.com\/fr\/shop\/noel\/ornements-de-noel-paquet-1\/","title":{"rendered":"Ornements de No\u00ebl paquet 1"},"content":{"rendered":"<p>En este paquete, obtendr\u00e1s 3 patrones de ganchillo para adornos navide\u00f1os:<\/p>\n<p>&nbsp;<\/p>\n<ol>\n<li><a href=\"https:\/\/craftygenesindonesia.com\/fr\/produit\/ornement-de-noel-1\/\" target=\"_blank\" rel=\"noopener\">Ornement de No\u00ebl 1<\/a><\/li>\n<li><a href=\"https:\/\/craftygenesindonesia.com\/fr\/produit\/ornement-de-noel-2\/\" target=\"_blank\" rel=\"noopener\">Ornement de No\u00ebl 2<\/a><\/li>\n<li><a href=\"https:\/\/craftygenesindonesia.com\/fr\/produit\/ornement-de-noel-3\/\" target=\"_blank\" rel=\"noopener\">Ornement de No\u00ebl 3<\/a><\/li>\n<\/ol>\n<p>&nbsp;<\/p>\n<p>Tous les mod\u00e8les sont r\u00e9alis\u00e9s avec un fil de taille 3 et un crochet de 2 mm. Cliquez sur les noms pour obtenir des informations sur chaque mod\u00e8le.<\/p>\n<p>&nbsp;<\/p>\n<p>Les patrons pour ces ornements de No\u00ebl sont dans des fichiers zip par langue. Cliquez sur l&#8217;ic\u00f4ne de chat dans le coin droit de l&#8217;\u00e9cran ici sur mon site web pour m&#8217;envoyer un message si vous ne savez pas comment obtenir les fichiers \u00e0 partir du fichier zip.<\/p>\n","protected":false},"excerpt":{"rendered":"<p>Dans ce set, vous trouverez 3 magnifiques mod\u00e8les au crochet pour des d\u00e9corations de No\u00ebl faciles \u00e0 r\u00e9aliser et qui seront du plus bel effet sur votre arbre de No\u00ebl. Chaque mod\u00e8le est \u00e9galement disponible s\u00e9par\u00e9ment.<\/p>\n","protected":false},"featured_media":987520693,"comment_status":"open","ping_status":"closed","template":"","meta":{"_acf_changed":false},"product_brand":[],"product_cat":[3653,7641],"product_tag":[10639,10876,10637,11389],"class_list":{"0":"post-24652","1":"product","2":"type-product","3":"status-publish","4":"has-post-thumbnail","6":"product_cat-noel","7":"product_cat-ornaments-de-noel","8":"product_tag-arbre-de-noel-fr","9":"product_tag-boules","10":"product_tag-decorations-de-noel-fr","11":"product_tag-ornements-fr","12":"pa_available_on-craftygenesindonesia","13":"pa_available_on-creative-fabrica","14":"pa_available_on-etsy","15":"pa_languages-americain","16":"pa_languages-espagnol","17":"pa_languages-francais","18":"pa_languages-neerlandais","20":"first","21":"instock","22":"downloadable","23":"virtual","24":"purchasable","25":"product-type-simple"},"acf":[],"yoast_head":"<!-- This site is optimized with the Yoast SEO plugin v27.3 - https:\/\/yoast.com\/product\/yoast-seo-wordpress\/ -->\n<title>Ornements de No\u00ebl paquet 1 mod\u00e8les de crochet - Craftygenesindonesia<\/title>\n<meta name=\"description\" content=\"Obtenez ici les patrons de crochet pour 3 belles d\u00e9corations de No\u00ebl = boule de No\u00ebl 1, 2 et 3. Tous les patrons sont faciles \u00e0 suivre et sont indispensables.\" \/>\n<meta name=\"robots\" content=\"index, follow, max-snippet:-1, max-image-preview:large, max-video-preview:-1\" \/>\n<link rel=\"canonical\" href=\"https:\/\/craftygenesindonesia.com\/fr\/shop\/noel\/ornements-de-noel-paquet-1\/\" \/>\n<meta property=\"og:locale\" content=\"fr_FR\" \/>\n<meta property=\"og:type\" content=\"article\" \/>\n<meta property=\"og:title\" content=\"Ornements de No\u00ebl paquet 1 mod\u00e8les de crochet - Craftygenesindonesia\" \/>\n<meta property=\"og:description\" content=\"Obtenez ici les patrons de crochet pour 3 belles d\u00e9corations de No\u00ebl = boule de No\u00ebl 1, 2 et 3. Tous les patrons sont faciles \u00e0 suivre et sont indispensables.\" \/>\n<meta property=\"og:url\" content=\"https:\/\/craftygenesindonesia.com\/fr\/shop\/noel\/ornements-de-noel-paquet-1\/\" \/>\n<meta property=\"og:site_name\" content=\"Craftygenesindonesia\" \/>\n<meta property=\"article:modified_time\" content=\"2026-03-23T10:38:43+00:00\" \/>\n<meta property=\"og:image\" content=\"https:\/\/craftygenesindonesia.com\/wp-content\/uploads\/2023\/11\/Ornaments-1.jpg\" \/>\n\t<meta property=\"og:image:width\" content=\"1215\" \/>\n\t<meta property=\"og:image:height\" content=\"1215\" \/>\n\t<meta property=\"og:image:type\" content=\"image\/jpeg\" \/>\n<meta name=\"twitter:card\" content=\"summary_large_image\" \/>\n<meta name=\"twitter:label1\" content=\"Dur\u00e9e de lecture estim\u00e9e\" \/>\n\t<meta name=\"twitter:data1\" content=\"1 minute\" \/>\n<script type=\"application\/ld+json\" class=\"yoast-schema-graph\">{\"@context\":\"https:\\\/\\\/schema.org\",\"@graph\":[{\"@type\":\"WebPage\",\"@id\":\"https:\\\/\\\/craftygenesindonesia.com\\\/fr\\\/shop\\\/noel\\\/ornements-de-noel-paquet-1\\\/\",\"url\":\"https:\\\/\\\/craftygenesindonesia.com\\\/fr\\\/shop\\\/noel\\\/ornements-de-noel-paquet-1\\\/\",\"name\":\"Ornements de No\u00ebl paquet 1 mod\u00e8les de crochet - Craftygenesindonesia\",\"isPartOf\":{\"@id\":\"https:\\\/\\\/craftygenesindonesia.com\\\/fr\\\/#website\"},\"primaryImageOfPage\":{\"@id\":\"https:\\\/\\\/craftygenesindonesia.com\\\/fr\\\/shop\\\/noel\\\/ornements-de-noel-paquet-1\\\/#primaryimage\"},\"image\":{\"@id\":\"https:\\\/\\\/craftygenesindonesia.com\\\/fr\\\/shop\\\/noel\\\/ornements-de-noel-paquet-1\\\/#primaryimage\"},\"thumbnailUrl\":\"https:\\\/\\\/craftygenesindonesia.com\\\/wp-content\\\/uploads\\\/2023\\\/11\\\/Ornaments-1.jpg\",\"datePublished\":\"2023-11-03T12:24:20+00:00\",\"dateModified\":\"2026-03-23T10:38:43+00:00\",\"description\":\"Obtenez ici les patrons de crochet pour 3 belles d\u00e9corations de No\u00ebl = boule de No\u00ebl 1, 2 et 3. Tous les patrons sont faciles \u00e0 suivre et sont indispensables.\",\"breadcrumb\":{\"@id\":\"https:\\\/\\\/craftygenesindonesia.com\\\/fr\\\/shop\\\/noel\\\/ornements-de-noel-paquet-1\\\/#breadcrumb\"},\"inLanguage\":\"fr-FR\",\"potentialAction\":[{\"@type\":\"ReadAction\",\"target\":[\"https:\\\/\\\/craftygenesindonesia.com\\\/fr\\\/shop\\\/noel\\\/ornements-de-noel-paquet-1\\\/\"]}]},{\"@type\":\"ImageObject\",\"inLanguage\":\"fr-FR\",\"@id\":\"https:\\\/\\\/craftygenesindonesia.com\\\/fr\\\/shop\\\/noel\\\/ornements-de-noel-paquet-1\\\/#primaryimage\",\"url\":\"https:\\\/\\\/craftygenesindonesia.com\\\/wp-content\\\/uploads\\\/2023\\\/11\\\/Ornaments-1.jpg\",\"contentUrl\":\"https:\\\/\\\/craftygenesindonesia.com\\\/wp-content\\\/uploads\\\/2023\\\/11\\\/Ornaments-1.jpg\",\"width\":1215,\"height\":1215,\"caption\":\"crochet Christmas ornaments\"},{\"@type\":\"BreadcrumbList\",\"@id\":\"https:\\\/\\\/craftygenesindonesia.com\\\/fr\\\/shop\\\/noel\\\/ornements-de-noel-paquet-1\\\/#breadcrumb\",\"itemListElement\":[{\"@type\":\"ListItem\",\"position\":1,\"name\":\"Home\",\"item\":\"https:\\\/\\\/craftygenesindonesia.com\\\/fr\\\/\"},{\"@type\":\"ListItem\",\"position\":2,\"name\":\"Boutique de mod\u00e8les\",\"item\":\"https:\\\/\\\/craftygenesindonesia.com\\\/fr\\\/boutique\\\/\"},{\"@type\":\"ListItem\",\"position\":3,\"name\":\"Ornements de No\u00ebl paquet 1\"}]},{\"@type\":\"WebSite\",\"@id\":\"https:\\\/\\\/craftygenesindonesia.com\\\/fr\\\/#website\",\"url\":\"https:\\\/\\\/craftygenesindonesia.com\\\/fr\\\/\",\"name\":\"Craftygenesindonesia\",\"description\":\"\",\"publisher\":{\"@id\":\"https:\\\/\\\/craftygenesindonesia.com\\\/fr\\\/#organization\"},\"potentialAction\":[{\"@type\":\"SearchAction\",\"target\":{\"@type\":\"EntryPoint\",\"urlTemplate\":\"https:\\\/\\\/craftygenesindonesia.com\\\/fr\\\/?s={search_term_string}\"},\"query-input\":{\"@type\":\"PropertyValueSpecification\",\"valueRequired\":true,\"valueName\":\"search_term_string\"}}],\"inLanguage\":\"fr-FR\"},{\"@type\":\"Organization\",\"@id\":\"https:\\\/\\\/craftygenesindonesia.com\\\/fr\\\/#organization\",\"name\":\"Craftygenesindonesia\",\"url\":\"https:\\\/\\\/craftygenesindonesia.com\\\/fr\\\/\",\"logo\":{\"@type\":\"ImageObject\",\"inLanguage\":\"fr-FR\",\"@id\":\"https:\\\/\\\/craftygenesindonesia.com\\\/fr\\\/#\\\/schema\\\/logo\\\/image\\\/\",\"url\":\"https:\\\/\\\/craftygenesindonesia.com\\\/wp-content\\\/uploads\\\/2025\\\/11\\\/cropped-Copy-of-Craftygenesindonesia.jpg\",\"contentUrl\":\"https:\\\/\\\/craftygenesindonesia.com\\\/wp-content\\\/uploads\\\/2025\\\/11\\\/cropped-Copy-of-Craftygenesindonesia.jpg\",\"width\":180,\"height\":60,\"caption\":\"Craftygenesindonesia\"},\"image\":{\"@id\":\"https:\\\/\\\/craftygenesindonesia.com\\\/fr\\\/#\\\/schema\\\/logo\\\/image\\\/\"}}]}<\/script>\n<!-- \/ Yoast SEO plugin. -->","yoast_head_json":{"title":"Ornements de No\u00ebl paquet 1 mod\u00e8les de crochet - Craftygenesindonesia","description":"Obtenez ici les patrons de crochet pour 3 belles d\u00e9corations de No\u00ebl = boule de No\u00ebl 1, 2 et 3. Tous les patrons sont faciles \u00e0 suivre et sont indispensables.","robots":{"index":"index","follow":"follow","max-snippet":"max-snippet:-1","max-image-preview":"max-image-preview:large","max-video-preview":"max-video-preview:-1"},"canonical":"https:\/\/craftygenesindonesia.com\/fr\/shop\/noel\/ornements-de-noel-paquet-1\/","og_locale":"fr_FR","og_type":"article","og_title":"Ornements de No\u00ebl paquet 1 mod\u00e8les de crochet - Craftygenesindonesia","og_description":"Obtenez ici les patrons de crochet pour 3 belles d\u00e9corations de No\u00ebl = boule de No\u00ebl 1, 2 et 3. Tous les patrons sont faciles \u00e0 suivre et sont indispensables.","og_url":"https:\/\/craftygenesindonesia.com\/fr\/shop\/noel\/ornements-de-noel-paquet-1\/","og_site_name":"Craftygenesindonesia","article_modified_time":"2026-03-23T10:38:43+00:00","og_image":[{"width":1215,"height":1215,"url":"https:\/\/craftygenesindonesia.com\/wp-content\/uploads\/2023\/11\/Ornaments-1.jpg","type":"image\/jpeg"}],"twitter_card":"summary_large_image","twitter_misc":{"Dur\u00e9e de lecture estim\u00e9e":"1 minute"},"schema":{"@context":"https:\/\/schema.org","@graph":[{"@type":"WebPage","@id":"https:\/\/craftygenesindonesia.com\/fr\/shop\/noel\/ornements-de-noel-paquet-1\/","url":"https:\/\/craftygenesindonesia.com\/fr\/shop\/noel\/ornements-de-noel-paquet-1\/","name":"Ornements de No\u00ebl paquet 1 mod\u00e8les de crochet - Craftygenesindonesia","isPartOf":{"@id":"https:\/\/craftygenesindonesia.com\/fr\/#website"},"primaryImageOfPage":{"@id":"https:\/\/craftygenesindonesia.com\/fr\/shop\/noel\/ornements-de-noel-paquet-1\/#primaryimage"},"image":{"@id":"https:\/\/craftygenesindonesia.com\/fr\/shop\/noel\/ornements-de-noel-paquet-1\/#primaryimage"},"thumbnailUrl":"https:\/\/craftygenesindonesia.com\/wp-content\/uploads\/2023\/11\/Ornaments-1.jpg","datePublished":"2023-11-03T12:24:20+00:00","dateModified":"2026-03-23T10:38:43+00:00","description":"Obtenez ici les patrons de crochet pour 3 belles d\u00e9corations de No\u00ebl = boule de No\u00ebl 1, 2 et 3. Tous les patrons sont faciles \u00e0 suivre et sont indispensables.","breadcrumb":{"@id":"https:\/\/craftygenesindonesia.com\/fr\/shop\/noel\/ornements-de-noel-paquet-1\/#breadcrumb"},"inLanguage":"fr-FR","potentialAction":[{"@type":"ReadAction","target":["https:\/\/craftygenesindonesia.com\/fr\/shop\/noel\/ornements-de-noel-paquet-1\/"]}]},{"@type":"ImageObject","inLanguage":"fr-FR","@id":"https:\/\/craftygenesindonesia.com\/fr\/shop\/noel\/ornements-de-noel-paquet-1\/#primaryimage","url":"https:\/\/craftygenesindonesia.com\/wp-content\/uploads\/2023\/11\/Ornaments-1.jpg","contentUrl":"https:\/\/craftygenesindonesia.com\/wp-content\/uploads\/2023\/11\/Ornaments-1.jpg","width":1215,"height":1215,"caption":"crochet Christmas ornaments"},{"@type":"BreadcrumbList","@id":"https:\/\/craftygenesindonesia.com\/fr\/shop\/noel\/ornements-de-noel-paquet-1\/#breadcrumb","itemListElement":[{"@type":"ListItem","position":1,"name":"Home","item":"https:\/\/craftygenesindonesia.com\/fr\/"},{"@type":"ListItem","position":2,"name":"Boutique de mod\u00e8les","item":"https:\/\/craftygenesindonesia.com\/fr\/boutique\/"},{"@type":"ListItem","position":3,"name":"Ornements de No\u00ebl paquet 1"}]},{"@type":"WebSite","@id":"https:\/\/craftygenesindonesia.com\/fr\/#website","url":"https:\/\/craftygenesindonesia.com\/fr\/","name":"Craftygenesindonesia","description":"","publisher":{"@id":"https:\/\/craftygenesindonesia.com\/fr\/#organization"},"potentialAction":[{"@type":"SearchAction","target":{"@type":"EntryPoint","urlTemplate":"https:\/\/craftygenesindonesia.com\/fr\/?s={search_term_string}"},"query-input":{"@type":"PropertyValueSpecification","valueRequired":true,"valueName":"search_term_string"}}],"inLanguage":"fr-FR"},{"@type":"Organization","@id":"https:\/\/craftygenesindonesia.com\/fr\/#organization","name":"Craftygenesindonesia","url":"https:\/\/craftygenesindonesia.com\/fr\/","logo":{"@type":"ImageObject","inLanguage":"fr-FR","@id":"https:\/\/craftygenesindonesia.com\/fr\/#\/schema\/logo\/image\/","url":"https:\/\/craftygenesindonesia.com\/wp-content\/uploads\/2025\/11\/cropped-Copy-of-Craftygenesindonesia.jpg","contentUrl":"https:\/\/craftygenesindonesia.com\/wp-content\/uploads\/2025\/11\/cropped-Copy-of-Craftygenesindonesia.jpg","width":180,"height":60,"caption":"Craftygenesindonesia"},"image":{"@id":"https:\/\/craftygenesindonesia.com\/fr\/#\/schema\/logo\/image\/"}}]}},"_links":{"self":[{"href":"https:\/\/craftygenesindonesia.com\/fr\/wp-json\/wp\/v2\/product\/24652","targetHints":{"allow":["GET"]}}],"collection":[{"href":"https:\/\/craftygenesindonesia.com\/fr\/wp-json\/wp\/v2\/product"}],"about":[{"href":"https:\/\/craftygenesindonesia.com\/fr\/wp-json\/wp\/v2\/types\/product"}],"replies":[{"embeddable":true,"href":"https:\/\/craftygenesindonesia.com\/fr\/wp-json\/wp\/v2\/comments?post=24652"}],"wp:featuredmedia":[{"embeddable":true,"href":"https:\/\/craftygenesindonesia.com\/fr\/wp-json\/wp\/v2\/media\/987520693"}],"wp:attachment":[{"href":"https:\/\/craftygenesindonesia.com\/fr\/wp-json\/wp\/v2\/media?parent=24652"}],"wp:term":[{"taxonomy":"product_brand","embeddable":true,"href":"https:\/\/craftygenesindonesia.com\/fr\/wp-json\/wp\/v2\/product_brand?post=24652"},{"taxonomy":"product_cat","embeddable":true,"href":"https:\/\/craftygenesindonesia.com\/fr\/wp-json\/wp\/v2\/product_cat?post=24652"},{"taxonomy":"product_tag","embeddable":true,"href":"https:\/\/craftygenesindonesia.com\/fr\/wp-json\/wp\/v2\/product_tag?post=24652"}],"curies":[{"name":"wp","href":"https:\/\/api.w.org\/{rel}","templated":true}]}}