{"id":24173,"date":"2023-10-20T04:29:48","date_gmt":"2023-10-19T20:29:48","guid":{"rendered":"https:\/\/craftygenesindonesia.com\/?post_type=product&#038;p=24173"},"modified":"2026-03-23T18:44:20","modified_gmt":"2026-03-23T10:44:20","slug":"arbre-de-noel-de-crafty","status":"publish","type":"product","link":"https:\/\/craftygenesindonesia.com\/fr\/shop\/3d\/arbre-de-noel-de-crafty\/","title":{"rendered":"Arbre de No\u00ebl de Crafty"},"content":{"rendered":"<p>Ce sapin de No\u00ebl mesure 48 cm de haut et est r\u00e9alis\u00e9 avec un fil de peluche adapt\u00e9 \u00e0 un crochet de 4-5 mm.<\/p>\n<p>&nbsp;<\/p>\n<p>Vous aurez besoin de 400-500 m\u00e8tres de fil teddy en vert.<\/p>\n<p>Vous aurez \u00e9galement besoin : d&#8217;un c\u00f4ne en polystyr\u00e8ne de 40 cm ou d&#8217;un c\u00f4ne en carton roul\u00e9, d&#8217;\u00e9pingles \u00e0 coudre \u00e0 t\u00eate plate, de petites d\u00e9corations de sapin de No\u00ebl, d&#8217;une \u00e9toile, de ciseaux, d&#8217;une aiguille \u00e0 tapisserie et de colle.<\/p>\n<p>**Le fil Teddy comme celui de Durable est de la m\u00eame \u00e9paisseur que le mien.\u00a0 Si le v\u00f4tre est plus fin, vous aurez besoin de plus de fil que ce qui est indiqu\u00e9 ci-dessus.<\/p>\n<p>Crochet : 4,5 mm<\/p>\n<p>&nbsp;<\/p>\n<p>Ce mod\u00e8le est un mod\u00e8le \u00e9crit avec de nombreuses photos pour vous aider.\u00a0 Si vous avez encore des questions, envoyez-moi un message \u00e0 : craftygenesindonesia@gmail.com<\/p>\n<p>&nbsp;<\/p>\n<p><strong>**Ce mod\u00e8le est prot\u00e9g\u00e9 par un copyright. Le patron est donc r\u00e9serv\u00e9 \u00e0 un usage personnel et ne peut \u00eatre copi\u00e9, vendu, revendu, traduit, revendiqu\u00e9 comme votre mod\u00e8le, distribu\u00e9, partag\u00e9, publi\u00e9, mis en ligne&#8230; sous quelque forme que ce soit sans mon consentement. M\u00eame pas en partie !!!<\/strong><\/p>\n<p>&nbsp;<\/p>\n<p><strong>**Vous pouvez vendre l&#8217;arbre de No\u00ebl en petites quantit\u00e9s, MAIS PAS LE MODELE EN LUI-M\u00caME ! Veuillez mentionner que le patron est de Craftygenesindonesia et o\u00f9 il peut \u00eatre achet\u00e9.<\/strong><\/p>\n","protected":false},"excerpt":{"rendered":"<p>Vous cherchez un joli sapin de No\u00ebl \u00e0 crocheter ? Alors ce sapin est fait pour vous. Il est si facile \u00e0 r\u00e9aliser que j&#8217;ai pu le faire en une journ\u00e9e et m\u00eame un d\u00e9butant peut le faire.<\/p>\n","protected":false},"featured_media":987521229,"comment_status":"open","ping_status":"closed","template":"","meta":{"_acf_changed":false},"product_brand":[],"product_cat":[3635,3653],"product_tag":[10639,10630,10876,12072,12078],"class_list":{"0":"post-24173","1":"product","2":"type-product","3":"status-publish","4":"has-post-thumbnail","6":"product_cat-3d","7":"product_cat-noel","8":"product_tag-arbre-de-noel-fr","9":"product_tag-boule-de-noel","10":"product_tag-boules","11":"product_tag-star-fr","12":"product_tag-xmas-fr","13":"pa_available_on-craftygenesindonesia","14":"pa_available_on-creative-fabrica","15":"pa_available_on-etsy","16":"pa_available_on-haked-nl","17":"pa_available_on-payhip","18":"pa_available_on-ravelry","19":"pa_languages-americain","20":"pa_languages-espagnol","21":"pa_languages-francais","22":"pa_languages-neerlandais","23":"pa_languages-portugais","25":"first","26":"instock","27":"downloadable","28":"virtual","29":"purchasable","30":"product-type-simple"},"acf":[],"yoast_head":"<!-- This site is optimized with the Yoast SEO plugin v27.3 - https:\/\/yoast.com\/product\/yoast-seo-wordpress\/ -->\n<title>Arbre de No\u00ebl de Crafty mod\u00e8le de crochet - Craftygenesindonesia<\/title>\n<meta name=\"description\" content=\"Le sapin de No\u00ebl au crochet est parfait pour tout le monde. M\u00eame un d\u00e9butant peut le faire car il est tr\u00e8s facile et rapide (seulement 1 jour).\" \/>\n<meta name=\"robots\" content=\"index, follow, max-snippet:-1, max-image-preview:large, max-video-preview:-1\" \/>\n<link rel=\"canonical\" href=\"https:\/\/craftygenesindonesia.com\/fr\/shop\/3d\/arbre-de-noel-de-crafty\/\" \/>\n<meta property=\"og:locale\" content=\"fr_FR\" \/>\n<meta property=\"og:type\" content=\"article\" \/>\n<meta property=\"og:title\" content=\"Mod\u00e8le de crochet pour l&#039;arbre de No\u00ebl\" \/>\n<meta property=\"og:description\" content=\"Le sapin de No\u00ebl au crochet est parfait pour tout le monde. M\u00eame un d\u00e9butant peut le faire car il est tr\u00e8s facile et rapide (seulement 1 jour).\" \/>\n<meta property=\"og:url\" content=\"https:\/\/craftygenesindonesia.com\/fr\/shop\/3d\/arbre-de-noel-de-crafty\/\" \/>\n<meta property=\"og:site_name\" content=\"Craftygenesindonesia\" \/>\n<meta property=\"article:modified_time\" content=\"2026-03-23T10:44:20+00:00\" \/>\n<meta property=\"og:image\" content=\"https:\/\/craftygenesindonesia.com\/wp-content\/uploads\/2023\/10\/Christmas-Tree-2.jpg\" \/>\n\t<meta property=\"og:image:width\" content=\"1080\" \/>\n\t<meta property=\"og:image:height\" content=\"1080\" \/>\n\t<meta property=\"og:image:type\" content=\"image\/jpeg\" \/>\n<meta name=\"twitter:card\" content=\"summary_large_image\" \/>\n<meta name=\"twitter:label1\" content=\"Dur\u00e9e de lecture estim\u00e9e\" \/>\n\t<meta name=\"twitter:data1\" content=\"2 minutes\" \/>\n<script type=\"application\/ld+json\" class=\"yoast-schema-graph\">{\"@context\":\"https:\\\/\\\/schema.org\",\"@graph\":[{\"@type\":\"WebPage\",\"@id\":\"https:\\\/\\\/craftygenesindonesia.com\\\/fr\\\/shop\\\/3d\\\/arbre-de-noel-de-crafty\\\/\",\"url\":\"https:\\\/\\\/craftygenesindonesia.com\\\/fr\\\/shop\\\/3d\\\/arbre-de-noel-de-crafty\\\/\",\"name\":\"Arbre de No\u00ebl de Crafty mod\u00e8le de crochet - Craftygenesindonesia\",\"isPartOf\":{\"@id\":\"https:\\\/\\\/craftygenesindonesia.com\\\/fr\\\/#website\"},\"primaryImageOfPage\":{\"@id\":\"https:\\\/\\\/craftygenesindonesia.com\\\/fr\\\/shop\\\/3d\\\/arbre-de-noel-de-crafty\\\/#primaryimage\"},\"image\":{\"@id\":\"https:\\\/\\\/craftygenesindonesia.com\\\/fr\\\/shop\\\/3d\\\/arbre-de-noel-de-crafty\\\/#primaryimage\"},\"thumbnailUrl\":\"https:\\\/\\\/craftygenesindonesia.com\\\/wp-content\\\/uploads\\\/2023\\\/10\\\/Christmas-Tree-2.jpg\",\"datePublished\":\"2023-10-19T20:29:48+00:00\",\"dateModified\":\"2026-03-23T10:44:20+00:00\",\"description\":\"Le sapin de No\u00ebl au crochet est parfait pour tout le monde. M\u00eame un d\u00e9butant peut le faire car il est tr\u00e8s facile et rapide (seulement 1 jour).\",\"breadcrumb\":{\"@id\":\"https:\\\/\\\/craftygenesindonesia.com\\\/fr\\\/shop\\\/3d\\\/arbre-de-noel-de-crafty\\\/#breadcrumb\"},\"inLanguage\":\"fr-FR\",\"potentialAction\":[{\"@type\":\"ReadAction\",\"target\":[\"https:\\\/\\\/craftygenesindonesia.com\\\/fr\\\/shop\\\/3d\\\/arbre-de-noel-de-crafty\\\/\"]}]},{\"@type\":\"ImageObject\",\"inLanguage\":\"fr-FR\",\"@id\":\"https:\\\/\\\/craftygenesindonesia.com\\\/fr\\\/shop\\\/3d\\\/arbre-de-noel-de-crafty\\\/#primaryimage\",\"url\":\"https:\\\/\\\/craftygenesindonesia.com\\\/wp-content\\\/uploads\\\/2023\\\/10\\\/Christmas-Tree-2.jpg\",\"contentUrl\":\"https:\\\/\\\/craftygenesindonesia.com\\\/wp-content\\\/uploads\\\/2023\\\/10\\\/Christmas-Tree-2.jpg\",\"width\":1080,\"height\":1080,\"caption\":\"crochet Christmas tree\"},{\"@type\":\"BreadcrumbList\",\"@id\":\"https:\\\/\\\/craftygenesindonesia.com\\\/fr\\\/shop\\\/3d\\\/arbre-de-noel-de-crafty\\\/#breadcrumb\",\"itemListElement\":[{\"@type\":\"ListItem\",\"position\":1,\"name\":\"Home\",\"item\":\"https:\\\/\\\/craftygenesindonesia.com\\\/fr\\\/\"},{\"@type\":\"ListItem\",\"position\":2,\"name\":\"Boutique de mod\u00e8les\",\"item\":\"https:\\\/\\\/craftygenesindonesia.com\\\/fr\\\/boutique\\\/\"},{\"@type\":\"ListItem\",\"position\":3,\"name\":\"Arbre de No\u00ebl de Crafty\"}]},{\"@type\":\"WebSite\",\"@id\":\"https:\\\/\\\/craftygenesindonesia.com\\\/fr\\\/#website\",\"url\":\"https:\\\/\\\/craftygenesindonesia.com\\\/fr\\\/\",\"name\":\"Craftygenesindonesia\",\"description\":\"\",\"publisher\":{\"@id\":\"https:\\\/\\\/craftygenesindonesia.com\\\/fr\\\/#organization\"},\"potentialAction\":[{\"@type\":\"SearchAction\",\"target\":{\"@type\":\"EntryPoint\",\"urlTemplate\":\"https:\\\/\\\/craftygenesindonesia.com\\\/fr\\\/?s={search_term_string}\"},\"query-input\":{\"@type\":\"PropertyValueSpecification\",\"valueRequired\":true,\"valueName\":\"search_term_string\"}}],\"inLanguage\":\"fr-FR\"},{\"@type\":\"Organization\",\"@id\":\"https:\\\/\\\/craftygenesindonesia.com\\\/fr\\\/#organization\",\"name\":\"Craftygenesindonesia\",\"url\":\"https:\\\/\\\/craftygenesindonesia.com\\\/fr\\\/\",\"logo\":{\"@type\":\"ImageObject\",\"inLanguage\":\"fr-FR\",\"@id\":\"https:\\\/\\\/craftygenesindonesia.com\\\/fr\\\/#\\\/schema\\\/logo\\\/image\\\/\",\"url\":\"https:\\\/\\\/craftygenesindonesia.com\\\/wp-content\\\/uploads\\\/2025\\\/11\\\/cropped-Copy-of-Craftygenesindonesia.jpg\",\"contentUrl\":\"https:\\\/\\\/craftygenesindonesia.com\\\/wp-content\\\/uploads\\\/2025\\\/11\\\/cropped-Copy-of-Craftygenesindonesia.jpg\",\"width\":180,\"height\":60,\"caption\":\"Craftygenesindonesia\"},\"image\":{\"@id\":\"https:\\\/\\\/craftygenesindonesia.com\\\/fr\\\/#\\\/schema\\\/logo\\\/image\\\/\"}}]}<\/script>\n<!-- \/ Yoast SEO plugin. -->","yoast_head_json":{"title":"Arbre de No\u00ebl de Crafty mod\u00e8le de crochet - Craftygenesindonesia","description":"Le sapin de No\u00ebl au crochet est parfait pour tout le monde. M\u00eame un d\u00e9butant peut le faire car il est tr\u00e8s facile et rapide (seulement 1 jour).","robots":{"index":"index","follow":"follow","max-snippet":"max-snippet:-1","max-image-preview":"max-image-preview:large","max-video-preview":"max-video-preview:-1"},"canonical":"https:\/\/craftygenesindonesia.com\/fr\/shop\/3d\/arbre-de-noel-de-crafty\/","og_locale":"fr_FR","og_type":"article","og_title":"Mod\u00e8le de crochet pour l'arbre de No\u00ebl","og_description":"Le sapin de No\u00ebl au crochet est parfait pour tout le monde. M\u00eame un d\u00e9butant peut le faire car il est tr\u00e8s facile et rapide (seulement 1 jour).","og_url":"https:\/\/craftygenesindonesia.com\/fr\/shop\/3d\/arbre-de-noel-de-crafty\/","og_site_name":"Craftygenesindonesia","article_modified_time":"2026-03-23T10:44:20+00:00","og_image":[{"width":1080,"height":1080,"url":"https:\/\/craftygenesindonesia.com\/wp-content\/uploads\/2023\/10\/Christmas-Tree-2.jpg","type":"image\/jpeg"}],"twitter_card":"summary_large_image","twitter_misc":{"Dur\u00e9e de lecture estim\u00e9e":"2 minutes"},"schema":{"@context":"https:\/\/schema.org","@graph":[{"@type":"WebPage","@id":"https:\/\/craftygenesindonesia.com\/fr\/shop\/3d\/arbre-de-noel-de-crafty\/","url":"https:\/\/craftygenesindonesia.com\/fr\/shop\/3d\/arbre-de-noel-de-crafty\/","name":"Arbre de No\u00ebl de Crafty mod\u00e8le de crochet - Craftygenesindonesia","isPartOf":{"@id":"https:\/\/craftygenesindonesia.com\/fr\/#website"},"primaryImageOfPage":{"@id":"https:\/\/craftygenesindonesia.com\/fr\/shop\/3d\/arbre-de-noel-de-crafty\/#primaryimage"},"image":{"@id":"https:\/\/craftygenesindonesia.com\/fr\/shop\/3d\/arbre-de-noel-de-crafty\/#primaryimage"},"thumbnailUrl":"https:\/\/craftygenesindonesia.com\/wp-content\/uploads\/2023\/10\/Christmas-Tree-2.jpg","datePublished":"2023-10-19T20:29:48+00:00","dateModified":"2026-03-23T10:44:20+00:00","description":"Le sapin de No\u00ebl au crochet est parfait pour tout le monde. M\u00eame un d\u00e9butant peut le faire car il est tr\u00e8s facile et rapide (seulement 1 jour).","breadcrumb":{"@id":"https:\/\/craftygenesindonesia.com\/fr\/shop\/3d\/arbre-de-noel-de-crafty\/#breadcrumb"},"inLanguage":"fr-FR","potentialAction":[{"@type":"ReadAction","target":["https:\/\/craftygenesindonesia.com\/fr\/shop\/3d\/arbre-de-noel-de-crafty\/"]}]},{"@type":"ImageObject","inLanguage":"fr-FR","@id":"https:\/\/craftygenesindonesia.com\/fr\/shop\/3d\/arbre-de-noel-de-crafty\/#primaryimage","url":"https:\/\/craftygenesindonesia.com\/wp-content\/uploads\/2023\/10\/Christmas-Tree-2.jpg","contentUrl":"https:\/\/craftygenesindonesia.com\/wp-content\/uploads\/2023\/10\/Christmas-Tree-2.jpg","width":1080,"height":1080,"caption":"crochet Christmas tree"},{"@type":"BreadcrumbList","@id":"https:\/\/craftygenesindonesia.com\/fr\/shop\/3d\/arbre-de-noel-de-crafty\/#breadcrumb","itemListElement":[{"@type":"ListItem","position":1,"name":"Home","item":"https:\/\/craftygenesindonesia.com\/fr\/"},{"@type":"ListItem","position":2,"name":"Boutique de mod\u00e8les","item":"https:\/\/craftygenesindonesia.com\/fr\/boutique\/"},{"@type":"ListItem","position":3,"name":"Arbre de No\u00ebl de Crafty"}]},{"@type":"WebSite","@id":"https:\/\/craftygenesindonesia.com\/fr\/#website","url":"https:\/\/craftygenesindonesia.com\/fr\/","name":"Craftygenesindonesia","description":"","publisher":{"@id":"https:\/\/craftygenesindonesia.com\/fr\/#organization"},"potentialAction":[{"@type":"SearchAction","target":{"@type":"EntryPoint","urlTemplate":"https:\/\/craftygenesindonesia.com\/fr\/?s={search_term_string}"},"query-input":{"@type":"PropertyValueSpecification","valueRequired":true,"valueName":"search_term_string"}}],"inLanguage":"fr-FR"},{"@type":"Organization","@id":"https:\/\/craftygenesindonesia.com\/fr\/#organization","name":"Craftygenesindonesia","url":"https:\/\/craftygenesindonesia.com\/fr\/","logo":{"@type":"ImageObject","inLanguage":"fr-FR","@id":"https:\/\/craftygenesindonesia.com\/fr\/#\/schema\/logo\/image\/","url":"https:\/\/craftygenesindonesia.com\/wp-content\/uploads\/2025\/11\/cropped-Copy-of-Craftygenesindonesia.jpg","contentUrl":"https:\/\/craftygenesindonesia.com\/wp-content\/uploads\/2025\/11\/cropped-Copy-of-Craftygenesindonesia.jpg","width":180,"height":60,"caption":"Craftygenesindonesia"},"image":{"@id":"https:\/\/craftygenesindonesia.com\/fr\/#\/schema\/logo\/image\/"}}]}},"_links":{"self":[{"href":"https:\/\/craftygenesindonesia.com\/fr\/wp-json\/wp\/v2\/product\/24173","targetHints":{"allow":["GET"]}}],"collection":[{"href":"https:\/\/craftygenesindonesia.com\/fr\/wp-json\/wp\/v2\/product"}],"about":[{"href":"https:\/\/craftygenesindonesia.com\/fr\/wp-json\/wp\/v2\/types\/product"}],"replies":[{"embeddable":true,"href":"https:\/\/craftygenesindonesia.com\/fr\/wp-json\/wp\/v2\/comments?post=24173"}],"wp:featuredmedia":[{"embeddable":true,"href":"https:\/\/craftygenesindonesia.com\/fr\/wp-json\/wp\/v2\/media\/987521229"}],"wp:attachment":[{"href":"https:\/\/craftygenesindonesia.com\/fr\/wp-json\/wp\/v2\/media?parent=24173"}],"wp:term":[{"taxonomy":"product_brand","embeddable":true,"href":"https:\/\/craftygenesindonesia.com\/fr\/wp-json\/wp\/v2\/product_brand?post=24173"},{"taxonomy":"product_cat","embeddable":true,"href":"https:\/\/craftygenesindonesia.com\/fr\/wp-json\/wp\/v2\/product_cat?post=24173"},{"taxonomy":"product_tag","embeddable":true,"href":"https:\/\/craftygenesindonesia.com\/fr\/wp-json\/wp\/v2\/product_tag?post=24173"}],"curies":[{"name":"wp","href":"https:\/\/api.w.org\/{rel}","templated":true}]}}