{"id":23998,"date":"2023-10-14T06:05:50","date_gmt":"2023-10-13T22:05:50","guid":{"rendered":"https:\/\/craftygenesindonesia.com\/?post_type=product&#038;p=23998"},"modified":"2026-03-23T18:53:08","modified_gmt":"2026-03-23T10:53:08","slug":"ornament-de-noel-7","status":"publish","type":"product","link":"https:\/\/craftygenesindonesia.com\/fr\/shop\/noel\/ornament-de-noel-7\/","title":{"rendered":"Ornement de No\u00ebl 7"},"content":{"rendered":"<p>Pour cet ornement, vous aurez besoin des \u00e9l\u00e9ments suivants<\/p>\n<p>Fil : fil de taille 3 adapt\u00e9 \u00e0 une aiguille \u00e0 crochet de 2 mm en : rouge, blanc, argent m\u00e9tallique<\/p>\n<p>Aiguille \u00e0 crochet : 2 mm<\/p>\n<p>Vous aurez \u00e9galement besoin de : ciseaux, aiguille \u00e0 repriser, marqueur de point, boule de polystyr\u00e8ne de 8 cm.<\/p>\n<p>&nbsp;<\/p>\n<p>Ce mod\u00e8le est un mod\u00e8le \u00e9crit avec de nombreuses photos pour vous aider. Si vous avez des questions, envoyez-moi un<br \/>\nun message \u00e0 : craftygenesindonesia@gmail.com<\/p>\n<p>**Ce mod\u00e8le est un mod\u00e8le d&#8217;achat et il y a un COPYRIGHT sur celui-ci. Le mod\u00e8le est donc destin\u00e9 \u00e0 un<br \/>\nusage personnel uniquement et ne doit PAS \u00eatre copi\u00e9, vendu, revendu, traduit, revendiqu\u00e9 en tant que mod\u00e8le, distribu\u00e9, partag\u00e9, publi\u00e9, mis en ligne.<br \/>\ncomme votre mod\u00e8le, distribu\u00e9, partag\u00e9, publi\u00e9, mis en ligne sous quelque forme que ce soit<br \/>\nsans mon autorisation. M\u00eame pas en partie !!!<\/p>\n<p>**Vous pouvez vendre l&#8217;ornement fini en petites quantit\u00e9s, MAIS PAS LE MODELE EN LUI-M\u00caME !<br \/>\nVeuillez mentionner que le mod\u00e8le provient de Craftygenesindonesia et o\u00f9 il peut \u00eatre achet\u00e9.<\/p>\n","protected":false},"excerpt":{"rendered":"<p>C&#8217;est une chose amusante \u00e0 faire. En une journ\u00e9e, on peut en faire beaucoup. Et le mieux, c&#8217;est que vous pouvez le faire dans toutes les couleurs et combinaisons de couleurs !<\/p>\n","protected":false},"featured_media":340260,"comment_status":"open","ping_status":"closed","template":"","meta":{"_acf_changed":false},"product_brand":[],"product_cat":[3653,7641],"product_tag":[10639,10630,10876,12115,11811,10636,12078],"class_list":{"0":"post-23998","1":"product","2":"type-product","3":"status-publish","4":"has-post-thumbnail","6":"product_cat-noel","7":"product_cat-ornaments-de-noel","8":"product_tag-arbre-de-noel-fr","9":"product_tag-boule-de-noel","10":"product_tag-boules","11":"product_tag-christmas-tree-ornament-fr","12":"product_tag-kerst-versiering-fr","13":"product_tag-ornement-de-noel-fr","14":"product_tag-xmas-fr","15":"pa_available_on-craftygenesindonesia","16":"pa_available_on-creative-fabrica","17":"pa_languages-americain","18":"pa_languages-francais","19":"pa_languages-neerlandais","21":"first","22":"instock","23":"downloadable","24":"virtual","25":"purchasable","26":"product-type-simple"},"acf":[],"yoast_head":"<!-- This site is optimized with the Yoast SEO plugin v27.4 - https:\/\/yoast.com\/product\/yoast-seo-wordpress\/ -->\n<title>Ornement de No\u00ebl 7 mod\u00e8le de crochet - Craftygenesindonesia<\/title>\n<meta name=\"description\" content=\"Commandez mon mod\u00e8le de crochet pour la boule de No\u00ebl 7 ici - c&#039;est un mod\u00e8le facile \u00e0 suivre et qui peut \u00eatre r\u00e9alis\u00e9 dans n&#039;importe quelle couleur ou combinaison de couleurs !\" \/>\n<meta name=\"robots\" content=\"index, follow, max-snippet:-1, max-image-preview:large, max-video-preview:-1\" \/>\n<link rel=\"canonical\" href=\"https:\/\/craftygenesindonesia.com\/fr\/shop\/noel\/ornament-de-noel-7\/\" \/>\n<meta property=\"og:locale\" content=\"fr_FR\" \/>\n<meta property=\"og:type\" content=\"article\" \/>\n<meta property=\"og:title\" content=\"Ornement de No\u00ebl 7 mod\u00e8le de crochet - Craftygenesindonesia\" \/>\n<meta property=\"og:description\" content=\"Commandez mon mod\u00e8le de crochet pour la boule de No\u00ebl 7 ici - c&#039;est un mod\u00e8le facile \u00e0 suivre et qui peut \u00eatre r\u00e9alis\u00e9 dans n&#039;importe quelle couleur ou combinaison de couleurs !\" \/>\n<meta property=\"og:url\" content=\"https:\/\/craftygenesindonesia.com\/fr\/shop\/noel\/ornament-de-noel-7\/\" \/>\n<meta property=\"og:site_name\" content=\"Craftygenesindonesia\" \/>\n<meta property=\"article:modified_time\" content=\"2026-03-23T10:53:08+00:00\" \/>\n<meta property=\"og:image\" content=\"https:\/\/craftygenesindonesia.com\/wp-content\/uploads\/2023\/10\/Untitled-design-2023-11-08T191447.327.jpg\" \/>\n\t<meta property=\"og:image:width\" content=\"1080\" \/>\n\t<meta property=\"og:image:height\" content=\"1080\" \/>\n\t<meta property=\"og:image:type\" content=\"image\/jpeg\" \/>\n<meta name=\"twitter:card\" content=\"summary_large_image\" \/>\n<meta name=\"twitter:label1\" content=\"Dur\u00e9e de lecture estim\u00e9e\" \/>\n\t<meta name=\"twitter:data1\" content=\"1 minute\" \/>\n<script type=\"application\/ld+json\" class=\"yoast-schema-graph\">{\"@context\":\"https:\\\/\\\/schema.org\",\"@graph\":[{\"@type\":\"WebPage\",\"@id\":\"https:\\\/\\\/craftygenesindonesia.com\\\/fr\\\/shop\\\/noel\\\/ornament-de-noel-7\\\/\",\"url\":\"https:\\\/\\\/craftygenesindonesia.com\\\/fr\\\/shop\\\/noel\\\/ornament-de-noel-7\\\/\",\"name\":\"Ornement de No\u00ebl 7 mod\u00e8le de crochet - Craftygenesindonesia\",\"isPartOf\":{\"@id\":\"https:\\\/\\\/craftygenesindonesia.com\\\/fr\\\/#website\"},\"primaryImageOfPage\":{\"@id\":\"https:\\\/\\\/craftygenesindonesia.com\\\/fr\\\/shop\\\/noel\\\/ornament-de-noel-7\\\/#primaryimage\"},\"image\":{\"@id\":\"https:\\\/\\\/craftygenesindonesia.com\\\/fr\\\/shop\\\/noel\\\/ornament-de-noel-7\\\/#primaryimage\"},\"thumbnailUrl\":\"https:\\\/\\\/craftygenesindonesia.com\\\/wp-content\\\/uploads\\\/2023\\\/10\\\/Untitled-design-2023-11-08T191447.327.jpg\",\"datePublished\":\"2023-10-13T22:05:50+00:00\",\"dateModified\":\"2026-03-23T10:53:08+00:00\",\"description\":\"Commandez mon mod\u00e8le de crochet pour la boule de No\u00ebl 7 ici - c'est un mod\u00e8le facile \u00e0 suivre et qui peut \u00eatre r\u00e9alis\u00e9 dans n'importe quelle couleur ou combinaison de couleurs !\",\"breadcrumb\":{\"@id\":\"https:\\\/\\\/craftygenesindonesia.com\\\/fr\\\/shop\\\/noel\\\/ornament-de-noel-7\\\/#breadcrumb\"},\"inLanguage\":\"fr-FR\",\"potentialAction\":[{\"@type\":\"ReadAction\",\"target\":[\"https:\\\/\\\/craftygenesindonesia.com\\\/fr\\\/shop\\\/noel\\\/ornament-de-noel-7\\\/\"]}]},{\"@type\":\"ImageObject\",\"inLanguage\":\"fr-FR\",\"@id\":\"https:\\\/\\\/craftygenesindonesia.com\\\/fr\\\/shop\\\/noel\\\/ornament-de-noel-7\\\/#primaryimage\",\"url\":\"https:\\\/\\\/craftygenesindonesia.com\\\/wp-content\\\/uploads\\\/2023\\\/10\\\/Untitled-design-2023-11-08T191447.327.jpg\",\"contentUrl\":\"https:\\\/\\\/craftygenesindonesia.com\\\/wp-content\\\/uploads\\\/2023\\\/10\\\/Untitled-design-2023-11-08T191447.327.jpg\",\"width\":1080,\"height\":1080,\"caption\":\"Christmas Ornament 7\"},{\"@type\":\"BreadcrumbList\",\"@id\":\"https:\\\/\\\/craftygenesindonesia.com\\\/fr\\\/shop\\\/noel\\\/ornament-de-noel-7\\\/#breadcrumb\",\"itemListElement\":[{\"@type\":\"ListItem\",\"position\":1,\"name\":\"Home\",\"item\":\"https:\\\/\\\/craftygenesindonesia.com\\\/fr\\\/\"},{\"@type\":\"ListItem\",\"position\":2,\"name\":\"Boutique de mod\u00e8les\",\"item\":\"https:\\\/\\\/craftygenesindonesia.com\\\/fr\\\/boutique\\\/\"},{\"@type\":\"ListItem\",\"position\":3,\"name\":\"Ornement de No\u00ebl 7\"}]},{\"@type\":\"WebSite\",\"@id\":\"https:\\\/\\\/craftygenesindonesia.com\\\/fr\\\/#website\",\"url\":\"https:\\\/\\\/craftygenesindonesia.com\\\/fr\\\/\",\"name\":\"Craftygenesindonesia\",\"description\":\"\",\"publisher\":{\"@id\":\"https:\\\/\\\/craftygenesindonesia.com\\\/fr\\\/#organization\"},\"potentialAction\":[{\"@type\":\"SearchAction\",\"target\":{\"@type\":\"EntryPoint\",\"urlTemplate\":\"https:\\\/\\\/craftygenesindonesia.com\\\/fr\\\/?s={search_term_string}\"},\"query-input\":{\"@type\":\"PropertyValueSpecification\",\"valueRequired\":true,\"valueName\":\"search_term_string\"}}],\"inLanguage\":\"fr-FR\"},{\"@type\":\"Organization\",\"@id\":\"https:\\\/\\\/craftygenesindonesia.com\\\/fr\\\/#organization\",\"name\":\"Craftygenesindonesia\",\"url\":\"https:\\\/\\\/craftygenesindonesia.com\\\/fr\\\/\",\"logo\":{\"@type\":\"ImageObject\",\"inLanguage\":\"fr-FR\",\"@id\":\"https:\\\/\\\/craftygenesindonesia.com\\\/fr\\\/#\\\/schema\\\/logo\\\/image\\\/\",\"url\":\"https:\\\/\\\/craftygenesindonesia.com\\\/wp-content\\\/uploads\\\/2025\\\/11\\\/cropped-Copy-of-Craftygenesindonesia.jpg\",\"contentUrl\":\"https:\\\/\\\/craftygenesindonesia.com\\\/wp-content\\\/uploads\\\/2025\\\/11\\\/cropped-Copy-of-Craftygenesindonesia.jpg\",\"width\":180,\"height\":60,\"caption\":\"Craftygenesindonesia\"},\"image\":{\"@id\":\"https:\\\/\\\/craftygenesindonesia.com\\\/fr\\\/#\\\/schema\\\/logo\\\/image\\\/\"}}]}<\/script>\n<!-- \/ Yoast SEO plugin. -->","yoast_head_json":{"title":"Ornement de No\u00ebl 7 mod\u00e8le de crochet - Craftygenesindonesia","description":"Commandez mon mod\u00e8le de crochet pour la boule de No\u00ebl 7 ici - c'est un mod\u00e8le facile \u00e0 suivre et qui peut \u00eatre r\u00e9alis\u00e9 dans n'importe quelle couleur ou combinaison de couleurs !","robots":{"index":"index","follow":"follow","max-snippet":"max-snippet:-1","max-image-preview":"max-image-preview:large","max-video-preview":"max-video-preview:-1"},"canonical":"https:\/\/craftygenesindonesia.com\/fr\/shop\/noel\/ornament-de-noel-7\/","og_locale":"fr_FR","og_type":"article","og_title":"Ornement de No\u00ebl 7 mod\u00e8le de crochet - Craftygenesindonesia","og_description":"Commandez mon mod\u00e8le de crochet pour la boule de No\u00ebl 7 ici - c'est un mod\u00e8le facile \u00e0 suivre et qui peut \u00eatre r\u00e9alis\u00e9 dans n'importe quelle couleur ou combinaison de couleurs !","og_url":"https:\/\/craftygenesindonesia.com\/fr\/shop\/noel\/ornament-de-noel-7\/","og_site_name":"Craftygenesindonesia","article_modified_time":"2026-03-23T10:53:08+00:00","og_image":[{"width":1080,"height":1080,"url":"https:\/\/craftygenesindonesia.com\/wp-content\/uploads\/2023\/10\/Untitled-design-2023-11-08T191447.327.jpg","type":"image\/jpeg"}],"twitter_card":"summary_large_image","twitter_misc":{"Dur\u00e9e de lecture estim\u00e9e":"1 minute"},"schema":{"@context":"https:\/\/schema.org","@graph":[{"@type":"WebPage","@id":"https:\/\/craftygenesindonesia.com\/fr\/shop\/noel\/ornament-de-noel-7\/","url":"https:\/\/craftygenesindonesia.com\/fr\/shop\/noel\/ornament-de-noel-7\/","name":"Ornement de No\u00ebl 7 mod\u00e8le de crochet - Craftygenesindonesia","isPartOf":{"@id":"https:\/\/craftygenesindonesia.com\/fr\/#website"},"primaryImageOfPage":{"@id":"https:\/\/craftygenesindonesia.com\/fr\/shop\/noel\/ornament-de-noel-7\/#primaryimage"},"image":{"@id":"https:\/\/craftygenesindonesia.com\/fr\/shop\/noel\/ornament-de-noel-7\/#primaryimage"},"thumbnailUrl":"https:\/\/craftygenesindonesia.com\/wp-content\/uploads\/2023\/10\/Untitled-design-2023-11-08T191447.327.jpg","datePublished":"2023-10-13T22:05:50+00:00","dateModified":"2026-03-23T10:53:08+00:00","description":"Commandez mon mod\u00e8le de crochet pour la boule de No\u00ebl 7 ici - c'est un mod\u00e8le facile \u00e0 suivre et qui peut \u00eatre r\u00e9alis\u00e9 dans n'importe quelle couleur ou combinaison de couleurs !","breadcrumb":{"@id":"https:\/\/craftygenesindonesia.com\/fr\/shop\/noel\/ornament-de-noel-7\/#breadcrumb"},"inLanguage":"fr-FR","potentialAction":[{"@type":"ReadAction","target":["https:\/\/craftygenesindonesia.com\/fr\/shop\/noel\/ornament-de-noel-7\/"]}]},{"@type":"ImageObject","inLanguage":"fr-FR","@id":"https:\/\/craftygenesindonesia.com\/fr\/shop\/noel\/ornament-de-noel-7\/#primaryimage","url":"https:\/\/craftygenesindonesia.com\/wp-content\/uploads\/2023\/10\/Untitled-design-2023-11-08T191447.327.jpg","contentUrl":"https:\/\/craftygenesindonesia.com\/wp-content\/uploads\/2023\/10\/Untitled-design-2023-11-08T191447.327.jpg","width":1080,"height":1080,"caption":"Christmas Ornament 7"},{"@type":"BreadcrumbList","@id":"https:\/\/craftygenesindonesia.com\/fr\/shop\/noel\/ornament-de-noel-7\/#breadcrumb","itemListElement":[{"@type":"ListItem","position":1,"name":"Home","item":"https:\/\/craftygenesindonesia.com\/fr\/"},{"@type":"ListItem","position":2,"name":"Boutique de mod\u00e8les","item":"https:\/\/craftygenesindonesia.com\/fr\/boutique\/"},{"@type":"ListItem","position":3,"name":"Ornement de No\u00ebl 7"}]},{"@type":"WebSite","@id":"https:\/\/craftygenesindonesia.com\/fr\/#website","url":"https:\/\/craftygenesindonesia.com\/fr\/","name":"Craftygenesindonesia","description":"","publisher":{"@id":"https:\/\/craftygenesindonesia.com\/fr\/#organization"},"potentialAction":[{"@type":"SearchAction","target":{"@type":"EntryPoint","urlTemplate":"https:\/\/craftygenesindonesia.com\/fr\/?s={search_term_string}"},"query-input":{"@type":"PropertyValueSpecification","valueRequired":true,"valueName":"search_term_string"}}],"inLanguage":"fr-FR"},{"@type":"Organization","@id":"https:\/\/craftygenesindonesia.com\/fr\/#organization","name":"Craftygenesindonesia","url":"https:\/\/craftygenesindonesia.com\/fr\/","logo":{"@type":"ImageObject","inLanguage":"fr-FR","@id":"https:\/\/craftygenesindonesia.com\/fr\/#\/schema\/logo\/image\/","url":"https:\/\/craftygenesindonesia.com\/wp-content\/uploads\/2025\/11\/cropped-Copy-of-Craftygenesindonesia.jpg","contentUrl":"https:\/\/craftygenesindonesia.com\/wp-content\/uploads\/2025\/11\/cropped-Copy-of-Craftygenesindonesia.jpg","width":180,"height":60,"caption":"Craftygenesindonesia"},"image":{"@id":"https:\/\/craftygenesindonesia.com\/fr\/#\/schema\/logo\/image\/"}}]}},"_links":{"self":[{"href":"https:\/\/craftygenesindonesia.com\/fr\/wp-json\/wp\/v2\/product\/23998","targetHints":{"allow":["GET"]}}],"collection":[{"href":"https:\/\/craftygenesindonesia.com\/fr\/wp-json\/wp\/v2\/product"}],"about":[{"href":"https:\/\/craftygenesindonesia.com\/fr\/wp-json\/wp\/v2\/types\/product"}],"replies":[{"embeddable":true,"href":"https:\/\/craftygenesindonesia.com\/fr\/wp-json\/wp\/v2\/comments?post=23998"}],"wp:featuredmedia":[{"embeddable":true,"href":"https:\/\/craftygenesindonesia.com\/fr\/wp-json\/wp\/v2\/media\/340260"}],"wp:attachment":[{"href":"https:\/\/craftygenesindonesia.com\/fr\/wp-json\/wp\/v2\/media?parent=23998"}],"wp:term":[{"taxonomy":"product_brand","embeddable":true,"href":"https:\/\/craftygenesindonesia.com\/fr\/wp-json\/wp\/v2\/product_brand?post=23998"},{"taxonomy":"product_cat","embeddable":true,"href":"https:\/\/craftygenesindonesia.com\/fr\/wp-json\/wp\/v2\/product_cat?post=23998"},{"taxonomy":"product_tag","embeddable":true,"href":"https:\/\/craftygenesindonesia.com\/fr\/wp-json\/wp\/v2\/product_tag?post=23998"}],"curies":[{"name":"wp","href":"https:\/\/api.w.org\/{rel}","templated":true}]}}