{"id":23864,"date":"2023-10-11T04:41:27","date_gmt":"2023-10-10T20:41:27","guid":{"rendered":"https:\/\/craftygenesindonesia.com\/?post_type=product&#038;p=23864"},"modified":"2026-03-23T18:55:25","modified_gmt":"2026-03-23T10:55:25","slug":"bougies-de-noel-de-laonida","status":"publish","type":"product","link":"https:\/\/craftygenesindonesia.com\/fr\/shop\/3d\/bougies-de-noel-de-laonida\/","title":{"rendered":"Bougies de No\u00ebl de Laonida"},"content":{"rendered":"<p>Ce set de bougies de No\u00ebl mesure 20x20cm = largeur de la plateforme x hauteur de la plateforme + bougie la plus haute.\u00a0 Il est r\u00e9alis\u00e9 avec un fil de taille 3 adapt\u00e9 \u00e0 l&#8217;amigurumi et un crochet de taille 2mm.<\/p>\n<p>&nbsp;<\/p>\n<p>Vous aurez besoin de ces couleurs : beige, brun bronze, brun, brun fonc\u00e9, vert fonc\u00e9, vert, ivoire, orange, rouge, tan<\/p>\n<p>Vous aurez \u00e9galement besoin de : rembourrage, ciseaux, aiguille \u00e0 tapisserie, marqueurs de points, crayon, r\u00e8gle\/ruban de mesure, colle, pistolet \u00e0 colle, toile de jute, rouleaux de 5,5 mm de diam\u00e8tre, bougies LED (N&#8217;UTILISEZ PAS DE VRAIES BOUGIES !!!!\u00a0 LES VRAIES BOUGIES SONT TROP DANGEREUSES POUR \u00caTRE UTILIS\u00c9ES \u00c0 CET EFFET !!!!), du carton : 3mm d&#8217;\u00e9paisseur, panneau &#8220;Joyeux No\u00ebl&#8221; : 7cmm de large, brindilles de pin en plastique<\/p>\n<p>&nbsp;<\/p>\n<p>Crochet : 2 mm<\/p>\n<p>&nbsp;<\/p>\n<p>Ce mod\u00e8le est un mod\u00e8le \u00e9crit avec de nombreuses photos pour vous aider. Si vous avez encore des questions, envoyez-moi un message \u00e0 : craftygenesindonesia@gmail.com<\/p>\n<p>&nbsp;<\/p>\n<p><strong>Ce mod\u00e8le de crochet est prot\u00e9g\u00e9 par un copyright.. Le patron est donc r\u00e9serv\u00e9 \u00e0 un usage personnel et ne peut PAS \u00eatre copi\u00e9, vendu, revendu, traduit, revendiqu\u00e9 comme votre mod\u00e8le, distribu\u00e9, partag\u00e9, publi\u00e9, mis en ligne&#8230; sous quelque forme que ce soit sans mon consentement. M\u00eame pas en partie !!!<\/strong><\/p>\n<p><strong>Vous pouvez vendre les bougies finies en petites quantit\u00e9s, MAIS PAS LE MODELE EN LUI-M\u00caME ! Veuillez mentionner que le mod\u00e8le est de Craftygenesindonesia et o\u00f9 il peut \u00eatre achet\u00e9.<\/strong><\/p>\n","protected":false},"excerpt":{"rendered":"<p>Ces bougies sont absolument parfaites pour ceux qui aiment crocheter des bougies et qui aiment crocheter pour No\u00ebl. J&#8217;ai utilis\u00e9 des bougies LED pour rendre les bougies plus r\u00e9alistes.<\/p>\n<p>**S&#8217;il vous pla\u00eet, n&#8217;utilisez pas de vraies bougies. Elles sont trop dangereuses pour \u00eatre utilis\u00e9es avec un objet crochet\u00e9.<\/p>\n","protected":false},"featured_media":987527567,"comment_status":"open","ping_status":"closed","template":"","meta":{"_acf_changed":false},"product_brand":[],"product_cat":[3635,3653],"product_tag":[10957,10707,10958,10631,10984,11253,10698,11387,12698,11433,12078],"class_list":{"0":"post-23864","1":"product","2":"type-product","3":"status-publish","4":"has-post-thumbnail","6":"product_cat-3d","7":"product_cat-noel","8":"product_tag-bougie-fr","9":"product_tag-bougie-led-fr","10":"product_tag-bougies","11":"product_tag-bougies-de-noel-fr","12":"product_tag-cerise","13":"product_tag-houx-fr","14":"product_tag-led-fr","15":"product_tag-orange-fr","16":"product_tag-paddenstoel","17":"product_tag-pomme-de-pin","18":"product_tag-xmas-fr","19":"pa_available_on-craftygenesindonesia","20":"pa_available_on-etsy","21":"pa_available_on-haked-nl","22":"pa_available_on-payhip","23":"pa_available_on-ravelry","24":"pa_languages-allemand","25":"pa_languages-americain","26":"pa_languages-espagnol","27":"pa_languages-francais","28":"pa_languages-neerlandais","29":"pa_languages-portugais","31":"first","32":"instock","33":"featured","34":"downloadable","35":"virtual","36":"purchasable","37":"product-type-simple"},"acf":[],"yoast_head":"<!-- This site is optimized with the Yoast SEO plugin v27.3 - https:\/\/yoast.com\/product\/yoast-seo-wordpress\/ -->\n<title>Bougies de No\u00ebl de Laonida mod\u00e8le de crochet - Craftygenesindonesia<\/title>\n<meta name=\"description\" content=\"Achetez mon mod\u00e8le de crochet pour les bougies de No\u00ebl Laonida ici. Le mod\u00e8le de crochet est \u00e9galement disponible sur Etsy, Haked et Ravelry.\" \/>\n<meta name=\"robots\" content=\"index, follow, max-snippet:-1, max-image-preview:large, max-video-preview:-1\" \/>\n<link rel=\"canonical\" href=\"https:\/\/craftygenesindonesia.com\/fr\/shop\/3d\/bougies-de-noel-de-laonida\/\" \/>\n<meta property=\"og:locale\" content=\"fr_FR\" \/>\n<meta property=\"og:type\" content=\"article\" \/>\n<meta property=\"og:title\" content=\"Mod\u00e8le de crochet &quot;Les bougies de No\u00ebl de Laonida&quot;\" \/>\n<meta property=\"og:description\" content=\"Achetez mon mod\u00e8le de crochet pour les bougies de No\u00ebl Laonida ici. Le mod\u00e8le de crochet est \u00e9galement disponible sur Etsy, Haked et Ravelry.\" \/>\n<meta property=\"og:url\" content=\"https:\/\/craftygenesindonesia.com\/fr\/shop\/3d\/bougies-de-noel-de-laonida\/\" \/>\n<meta property=\"og:site_name\" content=\"Craftygenesindonesia\" \/>\n<meta property=\"article:modified_time\" content=\"2026-03-23T10:55:25+00:00\" \/>\n<meta property=\"og:image\" content=\"https:\/\/craftygenesindonesia.com\/wp-content\/uploads\/2023\/10\/Laonida-candles.jpg\" \/>\n\t<meta property=\"og:image:width\" content=\"1080\" \/>\n\t<meta property=\"og:image:height\" content=\"1080\" \/>\n\t<meta property=\"og:image:type\" content=\"image\/jpeg\" \/>\n<meta name=\"twitter:card\" content=\"summary_large_image\" \/>\n<meta name=\"twitter:label1\" content=\"Dur\u00e9e de lecture estim\u00e9e\" \/>\n\t<meta name=\"twitter:data1\" content=\"2 minutes\" \/>\n<script type=\"application\/ld+json\" class=\"yoast-schema-graph\">{\"@context\":\"https:\\\/\\\/schema.org\",\"@graph\":[{\"@type\":\"WebPage\",\"@id\":\"https:\\\/\\\/craftygenesindonesia.com\\\/fr\\\/shop\\\/3d\\\/bougies-de-noel-de-laonida\\\/\",\"url\":\"https:\\\/\\\/craftygenesindonesia.com\\\/fr\\\/shop\\\/3d\\\/bougies-de-noel-de-laonida\\\/\",\"name\":\"Bougies de No\u00ebl de Laonida mod\u00e8le de crochet - Craftygenesindonesia\",\"isPartOf\":{\"@id\":\"https:\\\/\\\/craftygenesindonesia.com\\\/fr\\\/#website\"},\"primaryImageOfPage\":{\"@id\":\"https:\\\/\\\/craftygenesindonesia.com\\\/fr\\\/shop\\\/3d\\\/bougies-de-noel-de-laonida\\\/#primaryimage\"},\"image\":{\"@id\":\"https:\\\/\\\/craftygenesindonesia.com\\\/fr\\\/shop\\\/3d\\\/bougies-de-noel-de-laonida\\\/#primaryimage\"},\"thumbnailUrl\":\"https:\\\/\\\/craftygenesindonesia.com\\\/wp-content\\\/uploads\\\/2023\\\/10\\\/Laonida-candles.jpg\",\"datePublished\":\"2023-10-10T20:41:27+00:00\",\"dateModified\":\"2026-03-23T10:55:25+00:00\",\"description\":\"Achetez mon mod\u00e8le de crochet pour les bougies de No\u00ebl Laonida ici. Le mod\u00e8le de crochet est \u00e9galement disponible sur Etsy, Haked et Ravelry.\",\"breadcrumb\":{\"@id\":\"https:\\\/\\\/craftygenesindonesia.com\\\/fr\\\/shop\\\/3d\\\/bougies-de-noel-de-laonida\\\/#breadcrumb\"},\"inLanguage\":\"fr-FR\",\"potentialAction\":[{\"@type\":\"ReadAction\",\"target\":[\"https:\\\/\\\/craftygenesindonesia.com\\\/fr\\\/shop\\\/3d\\\/bougies-de-noel-de-laonida\\\/\"]}]},{\"@type\":\"ImageObject\",\"inLanguage\":\"fr-FR\",\"@id\":\"https:\\\/\\\/craftygenesindonesia.com\\\/fr\\\/shop\\\/3d\\\/bougies-de-noel-de-laonida\\\/#primaryimage\",\"url\":\"https:\\\/\\\/craftygenesindonesia.com\\\/wp-content\\\/uploads\\\/2023\\\/10\\\/Laonida-candles.jpg\",\"contentUrl\":\"https:\\\/\\\/craftygenesindonesia.com\\\/wp-content\\\/uploads\\\/2023\\\/10\\\/Laonida-candles.jpg\",\"width\":1080,\"height\":1080,\"caption\":\"crochet christmas candles\"},{\"@type\":\"BreadcrumbList\",\"@id\":\"https:\\\/\\\/craftygenesindonesia.com\\\/fr\\\/shop\\\/3d\\\/bougies-de-noel-de-laonida\\\/#breadcrumb\",\"itemListElement\":[{\"@type\":\"ListItem\",\"position\":1,\"name\":\"Home\",\"item\":\"https:\\\/\\\/craftygenesindonesia.com\\\/fr\\\/\"},{\"@type\":\"ListItem\",\"position\":2,\"name\":\"Boutique de mod\u00e8les\",\"item\":\"https:\\\/\\\/craftygenesindonesia.com\\\/fr\\\/boutique\\\/\"},{\"@type\":\"ListItem\",\"position\":3,\"name\":\"Bougies de No\u00ebl de Laonida\"}]},{\"@type\":\"WebSite\",\"@id\":\"https:\\\/\\\/craftygenesindonesia.com\\\/fr\\\/#website\",\"url\":\"https:\\\/\\\/craftygenesindonesia.com\\\/fr\\\/\",\"name\":\"Craftygenesindonesia\",\"description\":\"\",\"publisher\":{\"@id\":\"https:\\\/\\\/craftygenesindonesia.com\\\/fr\\\/#organization\"},\"potentialAction\":[{\"@type\":\"SearchAction\",\"target\":{\"@type\":\"EntryPoint\",\"urlTemplate\":\"https:\\\/\\\/craftygenesindonesia.com\\\/fr\\\/?s={search_term_string}\"},\"query-input\":{\"@type\":\"PropertyValueSpecification\",\"valueRequired\":true,\"valueName\":\"search_term_string\"}}],\"inLanguage\":\"fr-FR\"},{\"@type\":\"Organization\",\"@id\":\"https:\\\/\\\/craftygenesindonesia.com\\\/fr\\\/#organization\",\"name\":\"Craftygenesindonesia\",\"url\":\"https:\\\/\\\/craftygenesindonesia.com\\\/fr\\\/\",\"logo\":{\"@type\":\"ImageObject\",\"inLanguage\":\"fr-FR\",\"@id\":\"https:\\\/\\\/craftygenesindonesia.com\\\/fr\\\/#\\\/schema\\\/logo\\\/image\\\/\",\"url\":\"https:\\\/\\\/craftygenesindonesia.com\\\/wp-content\\\/uploads\\\/2025\\\/11\\\/cropped-Copy-of-Craftygenesindonesia.jpg\",\"contentUrl\":\"https:\\\/\\\/craftygenesindonesia.com\\\/wp-content\\\/uploads\\\/2025\\\/11\\\/cropped-Copy-of-Craftygenesindonesia.jpg\",\"width\":180,\"height\":60,\"caption\":\"Craftygenesindonesia\"},\"image\":{\"@id\":\"https:\\\/\\\/craftygenesindonesia.com\\\/fr\\\/#\\\/schema\\\/logo\\\/image\\\/\"}}]}<\/script>\n<!-- \/ Yoast SEO plugin. -->","yoast_head_json":{"title":"Bougies de No\u00ebl de Laonida mod\u00e8le de crochet - Craftygenesindonesia","description":"Achetez mon mod\u00e8le de crochet pour les bougies de No\u00ebl Laonida ici. Le mod\u00e8le de crochet est \u00e9galement disponible sur Etsy, Haked et Ravelry.","robots":{"index":"index","follow":"follow","max-snippet":"max-snippet:-1","max-image-preview":"max-image-preview:large","max-video-preview":"max-video-preview:-1"},"canonical":"https:\/\/craftygenesindonesia.com\/fr\/shop\/3d\/bougies-de-noel-de-laonida\/","og_locale":"fr_FR","og_type":"article","og_title":"Mod\u00e8le de crochet \"Les bougies de No\u00ebl de Laonida\"","og_description":"Achetez mon mod\u00e8le de crochet pour les bougies de No\u00ebl Laonida ici. Le mod\u00e8le de crochet est \u00e9galement disponible sur Etsy, Haked et Ravelry.","og_url":"https:\/\/craftygenesindonesia.com\/fr\/shop\/3d\/bougies-de-noel-de-laonida\/","og_site_name":"Craftygenesindonesia","article_modified_time":"2026-03-23T10:55:25+00:00","og_image":[{"width":1080,"height":1080,"url":"https:\/\/craftygenesindonesia.com\/wp-content\/uploads\/2023\/10\/Laonida-candles.jpg","type":"image\/jpeg"}],"twitter_card":"summary_large_image","twitter_misc":{"Dur\u00e9e de lecture estim\u00e9e":"2 minutes"},"schema":{"@context":"https:\/\/schema.org","@graph":[{"@type":"WebPage","@id":"https:\/\/craftygenesindonesia.com\/fr\/shop\/3d\/bougies-de-noel-de-laonida\/","url":"https:\/\/craftygenesindonesia.com\/fr\/shop\/3d\/bougies-de-noel-de-laonida\/","name":"Bougies de No\u00ebl de Laonida mod\u00e8le de crochet - Craftygenesindonesia","isPartOf":{"@id":"https:\/\/craftygenesindonesia.com\/fr\/#website"},"primaryImageOfPage":{"@id":"https:\/\/craftygenesindonesia.com\/fr\/shop\/3d\/bougies-de-noel-de-laonida\/#primaryimage"},"image":{"@id":"https:\/\/craftygenesindonesia.com\/fr\/shop\/3d\/bougies-de-noel-de-laonida\/#primaryimage"},"thumbnailUrl":"https:\/\/craftygenesindonesia.com\/wp-content\/uploads\/2023\/10\/Laonida-candles.jpg","datePublished":"2023-10-10T20:41:27+00:00","dateModified":"2026-03-23T10:55:25+00:00","description":"Achetez mon mod\u00e8le de crochet pour les bougies de No\u00ebl Laonida ici. Le mod\u00e8le de crochet est \u00e9galement disponible sur Etsy, Haked et Ravelry.","breadcrumb":{"@id":"https:\/\/craftygenesindonesia.com\/fr\/shop\/3d\/bougies-de-noel-de-laonida\/#breadcrumb"},"inLanguage":"fr-FR","potentialAction":[{"@type":"ReadAction","target":["https:\/\/craftygenesindonesia.com\/fr\/shop\/3d\/bougies-de-noel-de-laonida\/"]}]},{"@type":"ImageObject","inLanguage":"fr-FR","@id":"https:\/\/craftygenesindonesia.com\/fr\/shop\/3d\/bougies-de-noel-de-laonida\/#primaryimage","url":"https:\/\/craftygenesindonesia.com\/wp-content\/uploads\/2023\/10\/Laonida-candles.jpg","contentUrl":"https:\/\/craftygenesindonesia.com\/wp-content\/uploads\/2023\/10\/Laonida-candles.jpg","width":1080,"height":1080,"caption":"crochet christmas candles"},{"@type":"BreadcrumbList","@id":"https:\/\/craftygenesindonesia.com\/fr\/shop\/3d\/bougies-de-noel-de-laonida\/#breadcrumb","itemListElement":[{"@type":"ListItem","position":1,"name":"Home","item":"https:\/\/craftygenesindonesia.com\/fr\/"},{"@type":"ListItem","position":2,"name":"Boutique de mod\u00e8les","item":"https:\/\/craftygenesindonesia.com\/fr\/boutique\/"},{"@type":"ListItem","position":3,"name":"Bougies de No\u00ebl de Laonida"}]},{"@type":"WebSite","@id":"https:\/\/craftygenesindonesia.com\/fr\/#website","url":"https:\/\/craftygenesindonesia.com\/fr\/","name":"Craftygenesindonesia","description":"","publisher":{"@id":"https:\/\/craftygenesindonesia.com\/fr\/#organization"},"potentialAction":[{"@type":"SearchAction","target":{"@type":"EntryPoint","urlTemplate":"https:\/\/craftygenesindonesia.com\/fr\/?s={search_term_string}"},"query-input":{"@type":"PropertyValueSpecification","valueRequired":true,"valueName":"search_term_string"}}],"inLanguage":"fr-FR"},{"@type":"Organization","@id":"https:\/\/craftygenesindonesia.com\/fr\/#organization","name":"Craftygenesindonesia","url":"https:\/\/craftygenesindonesia.com\/fr\/","logo":{"@type":"ImageObject","inLanguage":"fr-FR","@id":"https:\/\/craftygenesindonesia.com\/fr\/#\/schema\/logo\/image\/","url":"https:\/\/craftygenesindonesia.com\/wp-content\/uploads\/2025\/11\/cropped-Copy-of-Craftygenesindonesia.jpg","contentUrl":"https:\/\/craftygenesindonesia.com\/wp-content\/uploads\/2025\/11\/cropped-Copy-of-Craftygenesindonesia.jpg","width":180,"height":60,"caption":"Craftygenesindonesia"},"image":{"@id":"https:\/\/craftygenesindonesia.com\/fr\/#\/schema\/logo\/image\/"}}]}},"_links":{"self":[{"href":"https:\/\/craftygenesindonesia.com\/fr\/wp-json\/wp\/v2\/product\/23864","targetHints":{"allow":["GET"]}}],"collection":[{"href":"https:\/\/craftygenesindonesia.com\/fr\/wp-json\/wp\/v2\/product"}],"about":[{"href":"https:\/\/craftygenesindonesia.com\/fr\/wp-json\/wp\/v2\/types\/product"}],"replies":[{"embeddable":true,"href":"https:\/\/craftygenesindonesia.com\/fr\/wp-json\/wp\/v2\/comments?post=23864"}],"wp:featuredmedia":[{"embeddable":true,"href":"https:\/\/craftygenesindonesia.com\/fr\/wp-json\/wp\/v2\/media\/987527567"}],"wp:attachment":[{"href":"https:\/\/craftygenesindonesia.com\/fr\/wp-json\/wp\/v2\/media?parent=23864"}],"wp:term":[{"taxonomy":"product_brand","embeddable":true,"href":"https:\/\/craftygenesindonesia.com\/fr\/wp-json\/wp\/v2\/product_brand?post=23864"},{"taxonomy":"product_cat","embeddable":true,"href":"https:\/\/craftygenesindonesia.com\/fr\/wp-json\/wp\/v2\/product_cat?post=23864"},{"taxonomy":"product_tag","embeddable":true,"href":"https:\/\/craftygenesindonesia.com\/fr\/wp-json\/wp\/v2\/product_tag?post=23864"}],"curies":[{"name":"wp","href":"https:\/\/api.w.org\/{rel}","templated":true}]}}