{"id":23396,"date":"2023-09-29T04:39:18","date_gmt":"2023-09-28T20:39:18","guid":{"rendered":"https:\/\/craftygenesindonesia.com\/?post_type=product&#038;p=23396"},"modified":"2026-03-23T18:57:07","modified_gmt":"2026-03-23T10:57:07","slug":"la-vierge-pack-2in1","status":"publish","type":"product","link":"https:\/\/craftygenesindonesia.com\/fr\/shop\/ensembles\/la-vierge-pack-2in1\/","title":{"rendered":"La Vierge &#8211; Pack 2in1"},"content":{"rendered":"<p>Dans ce pack vous avez les patrons de crochet de :<\/p>\n<p>La Vierge du Rosaire de Torrej\u00f3n de Ardoz<br \/>\nLa Vierge du Rosaire de Rocio<\/p>\n<p>&nbsp;<\/p>\n<p>Pour voir les informations sur la Vierge du Rosaire de Torrej\u00f3n de Ardoz, cliquez ici : <a href=\"https:\/\/craftygenesindonesia.com\/fr\/produit\/la-vierge-du-rosaire\/\">La Vierge du Rosaire mod\u00e8le de crochet &#8211; Craftygenesindonesia<\/a><\/p>\n<p>Pour voir les informations sur la Virgen del Rosario del Rocio, cliquez ici : <a href=\"https:\/\/craftygenesindonesia.com\/fr\/produit\/la-vierge-du-rocio\/\">La Vierge du Rocio mod\u00e8le de crochet &#8211; Craftygenesindonesia<\/a><\/p>\n<p>&nbsp;<\/p>\n<p>Les deux mod\u00e8les sont r\u00e9alis\u00e9s avec un fil de taille 3 adapt\u00e9 aux amigurumi et un crochet de taille 2mm.<\/p>\n<p>Envoyez-moi un message si vous avez des questions sur le lot : craftygenesindonesia@gmail.com<\/p>\n","protected":false},"excerpt":{"rendered":"<p>La Vierge &#8211; Pack 2in1<\/p>\n<p>&nbsp;<\/p>\n<p>Dans ce pack vous obtenez les patrons de :<\/p>\n<p>La Vierge du Rosaire de Torrej\u00f3n de Ardoz<br \/>\nLa Vierge du Roc\u00edo<\/p>\n","protected":false},"featured_media":987519904,"comment_status":"open","ping_status":"closed","template":"","meta":{"_acf_changed":false},"product_brand":[],"product_cat":[3649,3675],"product_tag":[12084,12067,12764,12068,11048,12760,12083,10065,12765,12758,8777,12082,12086],"class_list":{"0":"post-23396","1":"product","2":"type-product","3":"status-publish","4":"has-post-thumbnail","6":"product_cat-ensembles","7":"product_cat-religieux","8":"product_tag-blessed-mary-fr","9":"product_tag-catholic-fr","10":"product_tag-catholic-saint-fr","11":"product_tag-christian-fr","12":"product_tag-couronne-fr-2","13":"product_tag-cross-fr","14":"product_tag-holy-mary-fr","15":"product_tag-jesus-fr","16":"product_tag-patron-saint-fr-2","17":"product_tag-rosary-fr","18":"product_tag-saint-fr","19":"product_tag-saint-mary-fr","20":"product_tag-virgin-mary-fr","21":"pa_available_on-craftygenesindonesia","22":"pa_available_on-haked-nl","23":"pa_languages-americain","24":"pa_languages-espagnol","25":"pa_languages-francais","26":"pa_languages-neerlandais","28":"first","29":"instock","30":"downloadable","31":"virtual","32":"purchasable","33":"product-type-simple"},"acf":[],"yoast_head":"<!-- This site is optimized with the Yoast SEO plugin v27.3 - https:\/\/yoast.com\/product\/yoast-seo-wordpress\/ -->\n<title>La Vierge - Pack 2in1 mod\u00e8les de crochet - Craftygenesindonesia<\/title>\n<meta name=\"description\" content=\"Achetez ici mes patrons de crochet du paquet de Vierges 2en1. Vous obtenez : 1. la Vierge du Rosaire de Torrej\u00f3n de Ardoz et la Vierge de Roc\u00edo.\" \/>\n<meta name=\"robots\" content=\"index, follow, max-snippet:-1, max-image-preview:large, max-video-preview:-1\" \/>\n<link rel=\"canonical\" href=\"https:\/\/craftygenesindonesia.com\/fr\/shop\/ensembles\/la-vierge-pack-2in1\/\" \/>\n<meta property=\"og:locale\" content=\"fr_FR\" \/>\n<meta property=\"og:type\" content=\"article\" \/>\n<meta property=\"og:title\" content=\"La Vierge - Pack 2in1 mod\u00e8les de crochet - Craftygenesindonesia\" \/>\n<meta property=\"og:description\" content=\"Achetez ici mes patrons de crochet du paquet de Vierges 2en1. Vous obtenez : 1. la Vierge du Rosaire de Torrej\u00f3n de Ardoz et la Vierge de Roc\u00edo.\" \/>\n<meta property=\"og:url\" content=\"https:\/\/craftygenesindonesia.com\/fr\/shop\/ensembles\/la-vierge-pack-2in1\/\" \/>\n<meta property=\"og:site_name\" content=\"Craftygenesindonesia\" \/>\n<meta property=\"article:modified_time\" content=\"2026-03-23T10:57:07+00:00\" \/>\n<meta property=\"og:image\" content=\"https:\/\/craftygenesindonesia.com\/wp-content\/uploads\/2023\/09\/Our-Lady-bundle.jpg\" \/>\n\t<meta property=\"og:image:width\" content=\"1080\" \/>\n\t<meta property=\"og:image:height\" content=\"1080\" \/>\n\t<meta property=\"og:image:type\" content=\"image\/jpeg\" \/>\n<meta name=\"twitter:card\" content=\"summary_large_image\" \/>\n<meta name=\"twitter:label1\" content=\"Dur\u00e9e de lecture estim\u00e9e\" \/>\n\t<meta name=\"twitter:data1\" content=\"1 minute\" \/>\n<script type=\"application\/ld+json\" class=\"yoast-schema-graph\">{\"@context\":\"https:\\\/\\\/schema.org\",\"@graph\":[{\"@type\":\"WebPage\",\"@id\":\"https:\\\/\\\/craftygenesindonesia.com\\\/fr\\\/shop\\\/ensembles\\\/la-vierge-pack-2in1\\\/\",\"url\":\"https:\\\/\\\/craftygenesindonesia.com\\\/fr\\\/shop\\\/ensembles\\\/la-vierge-pack-2in1\\\/\",\"name\":\"La Vierge - Pack 2in1 mod\u00e8les de crochet - Craftygenesindonesia\",\"isPartOf\":{\"@id\":\"https:\\\/\\\/craftygenesindonesia.com\\\/fr\\\/#website\"},\"primaryImageOfPage\":{\"@id\":\"https:\\\/\\\/craftygenesindonesia.com\\\/fr\\\/shop\\\/ensembles\\\/la-vierge-pack-2in1\\\/#primaryimage\"},\"image\":{\"@id\":\"https:\\\/\\\/craftygenesindonesia.com\\\/fr\\\/shop\\\/ensembles\\\/la-vierge-pack-2in1\\\/#primaryimage\"},\"thumbnailUrl\":\"https:\\\/\\\/craftygenesindonesia.com\\\/wp-content\\\/uploads\\\/2023\\\/09\\\/Our-Lady-bundle.jpg\",\"datePublished\":\"2023-09-28T20:39:18+00:00\",\"dateModified\":\"2026-03-23T10:57:07+00:00\",\"description\":\"Achetez ici mes patrons de crochet du paquet de Vierges 2en1. Vous obtenez : 1. la Vierge du Rosaire de Torrej\u00f3n de Ardoz et la Vierge de Roc\u00edo.\",\"breadcrumb\":{\"@id\":\"https:\\\/\\\/craftygenesindonesia.com\\\/fr\\\/shop\\\/ensembles\\\/la-vierge-pack-2in1\\\/#breadcrumb\"},\"inLanguage\":\"fr-FR\",\"potentialAction\":[{\"@type\":\"ReadAction\",\"target\":[\"https:\\\/\\\/craftygenesindonesia.com\\\/fr\\\/shop\\\/ensembles\\\/la-vierge-pack-2in1\\\/\"]}]},{\"@type\":\"ImageObject\",\"inLanguage\":\"fr-FR\",\"@id\":\"https:\\\/\\\/craftygenesindonesia.com\\\/fr\\\/shop\\\/ensembles\\\/la-vierge-pack-2in1\\\/#primaryimage\",\"url\":\"https:\\\/\\\/craftygenesindonesia.com\\\/wp-content\\\/uploads\\\/2023\\\/09\\\/Our-Lady-bundle.jpg\",\"contentUrl\":\"https:\\\/\\\/craftygenesindonesia.com\\\/wp-content\\\/uploads\\\/2023\\\/09\\\/Our-Lady-bundle.jpg\",\"width\":1080,\"height\":1080,\"caption\":\"crochet Virgin Mary of the rosary with Jesus\"},{\"@type\":\"BreadcrumbList\",\"@id\":\"https:\\\/\\\/craftygenesindonesia.com\\\/fr\\\/shop\\\/ensembles\\\/la-vierge-pack-2in1\\\/#breadcrumb\",\"itemListElement\":[{\"@type\":\"ListItem\",\"position\":1,\"name\":\"Home\",\"item\":\"https:\\\/\\\/craftygenesindonesia.com\\\/fr\\\/\"},{\"@type\":\"ListItem\",\"position\":2,\"name\":\"Boutique de mod\u00e8les\",\"item\":\"https:\\\/\\\/craftygenesindonesia.com\\\/fr\\\/boutique\\\/\"},{\"@type\":\"ListItem\",\"position\":3,\"name\":\"La Vierge &#8211; Pack 2in1\"}]},{\"@type\":\"WebSite\",\"@id\":\"https:\\\/\\\/craftygenesindonesia.com\\\/fr\\\/#website\",\"url\":\"https:\\\/\\\/craftygenesindonesia.com\\\/fr\\\/\",\"name\":\"Craftygenesindonesia\",\"description\":\"\",\"publisher\":{\"@id\":\"https:\\\/\\\/craftygenesindonesia.com\\\/fr\\\/#organization\"},\"potentialAction\":[{\"@type\":\"SearchAction\",\"target\":{\"@type\":\"EntryPoint\",\"urlTemplate\":\"https:\\\/\\\/craftygenesindonesia.com\\\/fr\\\/?s={search_term_string}\"},\"query-input\":{\"@type\":\"PropertyValueSpecification\",\"valueRequired\":true,\"valueName\":\"search_term_string\"}}],\"inLanguage\":\"fr-FR\"},{\"@type\":\"Organization\",\"@id\":\"https:\\\/\\\/craftygenesindonesia.com\\\/fr\\\/#organization\",\"name\":\"Craftygenesindonesia\",\"url\":\"https:\\\/\\\/craftygenesindonesia.com\\\/fr\\\/\",\"logo\":{\"@type\":\"ImageObject\",\"inLanguage\":\"fr-FR\",\"@id\":\"https:\\\/\\\/craftygenesindonesia.com\\\/fr\\\/#\\\/schema\\\/logo\\\/image\\\/\",\"url\":\"https:\\\/\\\/craftygenesindonesia.com\\\/wp-content\\\/uploads\\\/2025\\\/11\\\/cropped-Copy-of-Craftygenesindonesia.jpg\",\"contentUrl\":\"https:\\\/\\\/craftygenesindonesia.com\\\/wp-content\\\/uploads\\\/2025\\\/11\\\/cropped-Copy-of-Craftygenesindonesia.jpg\",\"width\":180,\"height\":60,\"caption\":\"Craftygenesindonesia\"},\"image\":{\"@id\":\"https:\\\/\\\/craftygenesindonesia.com\\\/fr\\\/#\\\/schema\\\/logo\\\/image\\\/\"}}]}<\/script>\n<!-- \/ Yoast SEO plugin. -->","yoast_head_json":{"title":"La Vierge - Pack 2in1 mod\u00e8les de crochet - Craftygenesindonesia","description":"Achetez ici mes patrons de crochet du paquet de Vierges 2en1. Vous obtenez : 1. la Vierge du Rosaire de Torrej\u00f3n de Ardoz et la Vierge de Roc\u00edo.","robots":{"index":"index","follow":"follow","max-snippet":"max-snippet:-1","max-image-preview":"max-image-preview:large","max-video-preview":"max-video-preview:-1"},"canonical":"https:\/\/craftygenesindonesia.com\/fr\/shop\/ensembles\/la-vierge-pack-2in1\/","og_locale":"fr_FR","og_type":"article","og_title":"La Vierge - Pack 2in1 mod\u00e8les de crochet - Craftygenesindonesia","og_description":"Achetez ici mes patrons de crochet du paquet de Vierges 2en1. Vous obtenez : 1. la Vierge du Rosaire de Torrej\u00f3n de Ardoz et la Vierge de Roc\u00edo.","og_url":"https:\/\/craftygenesindonesia.com\/fr\/shop\/ensembles\/la-vierge-pack-2in1\/","og_site_name":"Craftygenesindonesia","article_modified_time":"2026-03-23T10:57:07+00:00","og_image":[{"width":1080,"height":1080,"url":"https:\/\/craftygenesindonesia.com\/wp-content\/uploads\/2023\/09\/Our-Lady-bundle.jpg","type":"image\/jpeg"}],"twitter_card":"summary_large_image","twitter_misc":{"Dur\u00e9e de lecture estim\u00e9e":"1 minute"},"schema":{"@context":"https:\/\/schema.org","@graph":[{"@type":"WebPage","@id":"https:\/\/craftygenesindonesia.com\/fr\/shop\/ensembles\/la-vierge-pack-2in1\/","url":"https:\/\/craftygenesindonesia.com\/fr\/shop\/ensembles\/la-vierge-pack-2in1\/","name":"La Vierge - Pack 2in1 mod\u00e8les de crochet - Craftygenesindonesia","isPartOf":{"@id":"https:\/\/craftygenesindonesia.com\/fr\/#website"},"primaryImageOfPage":{"@id":"https:\/\/craftygenesindonesia.com\/fr\/shop\/ensembles\/la-vierge-pack-2in1\/#primaryimage"},"image":{"@id":"https:\/\/craftygenesindonesia.com\/fr\/shop\/ensembles\/la-vierge-pack-2in1\/#primaryimage"},"thumbnailUrl":"https:\/\/craftygenesindonesia.com\/wp-content\/uploads\/2023\/09\/Our-Lady-bundle.jpg","datePublished":"2023-09-28T20:39:18+00:00","dateModified":"2026-03-23T10:57:07+00:00","description":"Achetez ici mes patrons de crochet du paquet de Vierges 2en1. Vous obtenez : 1. la Vierge du Rosaire de Torrej\u00f3n de Ardoz et la Vierge de Roc\u00edo.","breadcrumb":{"@id":"https:\/\/craftygenesindonesia.com\/fr\/shop\/ensembles\/la-vierge-pack-2in1\/#breadcrumb"},"inLanguage":"fr-FR","potentialAction":[{"@type":"ReadAction","target":["https:\/\/craftygenesindonesia.com\/fr\/shop\/ensembles\/la-vierge-pack-2in1\/"]}]},{"@type":"ImageObject","inLanguage":"fr-FR","@id":"https:\/\/craftygenesindonesia.com\/fr\/shop\/ensembles\/la-vierge-pack-2in1\/#primaryimage","url":"https:\/\/craftygenesindonesia.com\/wp-content\/uploads\/2023\/09\/Our-Lady-bundle.jpg","contentUrl":"https:\/\/craftygenesindonesia.com\/wp-content\/uploads\/2023\/09\/Our-Lady-bundle.jpg","width":1080,"height":1080,"caption":"crochet Virgin Mary of the rosary with Jesus"},{"@type":"BreadcrumbList","@id":"https:\/\/craftygenesindonesia.com\/fr\/shop\/ensembles\/la-vierge-pack-2in1\/#breadcrumb","itemListElement":[{"@type":"ListItem","position":1,"name":"Home","item":"https:\/\/craftygenesindonesia.com\/fr\/"},{"@type":"ListItem","position":2,"name":"Boutique de mod\u00e8les","item":"https:\/\/craftygenesindonesia.com\/fr\/boutique\/"},{"@type":"ListItem","position":3,"name":"La Vierge &#8211; Pack 2in1"}]},{"@type":"WebSite","@id":"https:\/\/craftygenesindonesia.com\/fr\/#website","url":"https:\/\/craftygenesindonesia.com\/fr\/","name":"Craftygenesindonesia","description":"","publisher":{"@id":"https:\/\/craftygenesindonesia.com\/fr\/#organization"},"potentialAction":[{"@type":"SearchAction","target":{"@type":"EntryPoint","urlTemplate":"https:\/\/craftygenesindonesia.com\/fr\/?s={search_term_string}"},"query-input":{"@type":"PropertyValueSpecification","valueRequired":true,"valueName":"search_term_string"}}],"inLanguage":"fr-FR"},{"@type":"Organization","@id":"https:\/\/craftygenesindonesia.com\/fr\/#organization","name":"Craftygenesindonesia","url":"https:\/\/craftygenesindonesia.com\/fr\/","logo":{"@type":"ImageObject","inLanguage":"fr-FR","@id":"https:\/\/craftygenesindonesia.com\/fr\/#\/schema\/logo\/image\/","url":"https:\/\/craftygenesindonesia.com\/wp-content\/uploads\/2025\/11\/cropped-Copy-of-Craftygenesindonesia.jpg","contentUrl":"https:\/\/craftygenesindonesia.com\/wp-content\/uploads\/2025\/11\/cropped-Copy-of-Craftygenesindonesia.jpg","width":180,"height":60,"caption":"Craftygenesindonesia"},"image":{"@id":"https:\/\/craftygenesindonesia.com\/fr\/#\/schema\/logo\/image\/"}}]}},"_links":{"self":[{"href":"https:\/\/craftygenesindonesia.com\/fr\/wp-json\/wp\/v2\/product\/23396","targetHints":{"allow":["GET"]}}],"collection":[{"href":"https:\/\/craftygenesindonesia.com\/fr\/wp-json\/wp\/v2\/product"}],"about":[{"href":"https:\/\/craftygenesindonesia.com\/fr\/wp-json\/wp\/v2\/types\/product"}],"replies":[{"embeddable":true,"href":"https:\/\/craftygenesindonesia.com\/fr\/wp-json\/wp\/v2\/comments?post=23396"}],"wp:featuredmedia":[{"embeddable":true,"href":"https:\/\/craftygenesindonesia.com\/fr\/wp-json\/wp\/v2\/media\/987519904"}],"wp:attachment":[{"href":"https:\/\/craftygenesindonesia.com\/fr\/wp-json\/wp\/v2\/media?parent=23396"}],"wp:term":[{"taxonomy":"product_brand","embeddable":true,"href":"https:\/\/craftygenesindonesia.com\/fr\/wp-json\/wp\/v2\/product_brand?post=23396"},{"taxonomy":"product_cat","embeddable":true,"href":"https:\/\/craftygenesindonesia.com\/fr\/wp-json\/wp\/v2\/product_cat?post=23396"},{"taxonomy":"product_tag","embeddable":true,"href":"https:\/\/craftygenesindonesia.com\/fr\/wp-json\/wp\/v2\/product_tag?post=23396"}],"curies":[{"name":"wp","href":"https:\/\/api.w.org\/{rel}","templated":true}]}}