{"id":22113,"date":"2023-08-26T04:38:15","date_gmt":"2023-08-25T20:38:15","guid":{"rendered":"https:\/\/craftygenesindonesia.com\/?post_type=product&#038;p=22113"},"modified":"2026-03-24T05:43:49","modified_gmt":"2026-03-23T21:43:49","slug":"memorial-de-lenfant-etoile","status":"publish","type":"product","link":"https:\/\/craftygenesindonesia.com\/fr\/shop\/anges\/memorial-de-lenfant-etoile\/","title":{"rendered":"M\u00e9morial de l&#8217;enfant \u00e9toile"},"content":{"rendered":"<p><strong>M\u00e9morial de l&#8217;enfant \u00e9toile<\/strong><\/p>\n<p>&nbsp;<\/p>\n<p>Type de fichier : patron au crochet &#8211; t\u00e9l\u00e9chargement num\u00e9rique, pas un article physique.<br \/>\n<strong>Langues disponibles : anglais, n\u00e9erlandais, fran\u00e7ais, espagnol, allemand.<\/strong><\/p>\n<p>&nbsp;<\/p>\n<p>Taille de l&#8217;article fini : Plateforme 17 x 17 x 2,5 cm \/ 6,7 x 6,7 x 1 pouce &#8211; Ange sur petite plateforme : 20 cm \/ 7,8 pouces.<\/p>\n<p>&nbsp;<\/p>\n<p>Type de fil : fil de poids DK (taille 4).<br \/>\nMarques recommand\u00e9es : Softfun de Scheepjes, Durable cosy fine, coton lait 4 fils<br \/>\nCouleurs de fil n\u00e9cessaires : blanc, couleur peau et jaune clair<\/p>\n<p>&nbsp;<\/p>\n<p>Crochet : 2 mm<\/p>\n<p>&nbsp;<\/p>\n<p>Autres \u00e9l\u00e9ments n\u00e9cessaires : rembourrage, marqueurs de mailles, ciseaux, crayon, r\u00e8gle, colle, bordure en strass, carton, 1 cure-pipe blanc et 3 bougies LED (N&#8217;UTILISEZ PAS DE VRAIES BOUGIES !!!)<\/p>\n<p>&nbsp;<\/p>\n<p><strong>Informations sur les droits d&#8217;auteur et l&#8217;aide :<\/strong><br \/>\nCe mod\u00e8le est un mod\u00e8le \u00e9crit (num\u00e9rique) accompagn\u00e9 de nombreuses photos pour vous aider. Si vous avez des questions sur le mod\u00e8le, envoyez-moi un e-mail \u00e0 craftygenesindonesia@gmail.com.<\/p>\n<p><strong>Ce mod\u00e8le de crochet num\u00e9rique est r\u00e9serv\u00e9 \u00e0 un usage personnel et est prot\u00e9g\u00e9 par des droits d&#8217;auteur. Par cons\u00e9quent, vous ne pouvez en aucun cas le copier, le vendre, le revendre, le traduire, le revendiquer comme votre propre cr\u00e9ation, le distribuer, le partager, le publier, le poster, etc. sans mon autorisation. M\u00eame en partie !<\/strong><\/p>\n<p><strong>Vous \u00eates autoris\u00e9 \u00e0 vendre le produit ou l&#8217;article fini, en petites quantit\u00e9s, mais vous n&#8217;\u00eates pas autoris\u00e9 \u00e0 vendre le patron de crochet lui-m\u00eame ! Veuillez mentionner que le patron de crochet est de moi, Craftygenesindonesia, et indiquer o\u00f9 il peut \u00eatre achet\u00e9.<\/strong><\/p>\n","protected":false},"excerpt":{"rendered":"<p>Il s&#8217;agit de mon m\u00e9morial pour les nombreux enfants \u00e9toiles que nous avons perdus et qui sont devenus nos anges gardiens. En m\u00e9moire de tous les \u2764\ufe0f<\/p>\n","protected":false},"featured_media":987535642,"comment_status":"open","ping_status":"closed","template":"","meta":{"_acf_changed":false},"product_brand":[],"product_cat":[3641,3669,3655],"product_tag":[12777,9766,10957,10958,11248,9765,12778,11274,11383,12780,12776],"class_list":{"0":"post-22113","1":"product","2":"type-product","3":"status-publish","4":"has-post-thumbnail","6":"product_cat-anges","7":"product_cat-memorial","8":"product_cat-mesdames-et-messieurs","9":"product_tag-angel-fr","10":"product_tag-baby-fr","11":"product_tag-bougie-fr","12":"product_tag-bougies","13":"product_tag-le-ciel","14":"product_tag-memorial-fr","15":"product_tag-memorial-angel-fr","16":"product_tag-nourrisson","17":"product_tag-nouveau-ne-fr","18":"product_tag-white-fr","19":"product_tag-wings-fr","20":"pa_available_on-craftygenesindonesia","21":"pa_available_on-etsy","22":"pa_available_on-haked-nl","23":"pa_available_on-payhip","24":"pa_available_on-ravelry","25":"pa_languages-allemand","26":"pa_languages-americain","27":"pa_languages-espagnol","28":"pa_languages-francais","29":"pa_languages-neerlandais","31":"first","32":"instock","33":"downloadable","34":"virtual","35":"purchasable","36":"product-type-simple"},"acf":[],"yoast_head":"<!-- This site is optimized with the Yoast SEO plugin v27.3 - https:\/\/yoast.com\/product\/yoast-seo-wordpress\/ -->\n<title>M\u00e9morial de l&#039;enfant \u00e9toile mod\u00e8le de crochet - Craftygenesindonesia<\/title>\n<meta name=\"description\" content=\"Achetez ici mon patron au crochet \u00ab Memorial de l&#039;infant \u00e9toile \u00bb. Le patron au crochet est \u00e9galement disponible sur Etsy, Haked.nl, Ravelry, Payhip\" \/>\n<meta name=\"robots\" content=\"index, follow, max-snippet:-1, max-image-preview:large, max-video-preview:-1\" \/>\n<link rel=\"canonical\" href=\"https:\/\/craftygenesindonesia.com\/fr\/shop\/anges\/memorial-de-lenfant-etoile\/\" \/>\n<meta property=\"og:locale\" content=\"fr_FR\" \/>\n<meta property=\"og:type\" content=\"article\" \/>\n<meta property=\"og:title\" content=\"Patron au crochet \u00ab Memorial de l&#039;infant \u00e9toile \u00bb\" \/>\n<meta property=\"og:description\" content=\"Achetez ici mon patron au crochet \u00ab Memorial de l&#039;infant \u00e9toile \u00bb. Le patron au crochet est \u00e9galement disponible sur Etsy, Haked.nl, Ravelry, Payhip\" \/>\n<meta property=\"og:url\" content=\"https:\/\/craftygenesindonesia.com\/fr\/shop\/anges\/memorial-de-lenfant-etoile\/\" \/>\n<meta property=\"og:site_name\" content=\"Craftygenesindonesia\" \/>\n<meta property=\"article:modified_time\" content=\"2026-03-23T21:43:49+00:00\" \/>\n<meta property=\"og:image\" content=\"https:\/\/craftygenesindonesia.com\/wp-content\/uploads\/2023\/08\/Angel-Baby-Memorial-1.jpg\" \/>\n\t<meta property=\"og:image:width\" content=\"1080\" \/>\n\t<meta property=\"og:image:height\" content=\"1080\" \/>\n\t<meta property=\"og:image:type\" content=\"image\/jpeg\" \/>\n<meta name=\"twitter:card\" content=\"summary_large_image\" \/>\n<meta name=\"twitter:label1\" content=\"Dur\u00e9e de lecture estim\u00e9e\" \/>\n\t<meta name=\"twitter:data1\" content=\"2 minutes\" \/>\n<script type=\"application\/ld+json\" class=\"yoast-schema-graph\">{\"@context\":\"https:\\\/\\\/schema.org\",\"@graph\":[{\"@type\":\"WebPage\",\"@id\":\"https:\\\/\\\/craftygenesindonesia.com\\\/fr\\\/shop\\\/anges\\\/memorial-de-lenfant-etoile\\\/\",\"url\":\"https:\\\/\\\/craftygenesindonesia.com\\\/fr\\\/shop\\\/anges\\\/memorial-de-lenfant-etoile\\\/\",\"name\":\"M\u00e9morial de l'enfant \u00e9toile mod\u00e8le de crochet - Craftygenesindonesia\",\"isPartOf\":{\"@id\":\"https:\\\/\\\/craftygenesindonesia.com\\\/fr\\\/#website\"},\"primaryImageOfPage\":{\"@id\":\"https:\\\/\\\/craftygenesindonesia.com\\\/fr\\\/shop\\\/anges\\\/memorial-de-lenfant-etoile\\\/#primaryimage\"},\"image\":{\"@id\":\"https:\\\/\\\/craftygenesindonesia.com\\\/fr\\\/shop\\\/anges\\\/memorial-de-lenfant-etoile\\\/#primaryimage\"},\"thumbnailUrl\":\"https:\\\/\\\/craftygenesindonesia.com\\\/wp-content\\\/uploads\\\/2023\\\/08\\\/Angel-Baby-Memorial-1.jpg\",\"datePublished\":\"2023-08-25T20:38:15+00:00\",\"dateModified\":\"2026-03-23T21:43:49+00:00\",\"description\":\"Achetez ici mon patron au crochet \u00ab Memorial de l'infant \u00e9toile \u00bb. Le patron au crochet est \u00e9galement disponible sur Etsy, Haked.nl, Ravelry, Payhip\",\"breadcrumb\":{\"@id\":\"https:\\\/\\\/craftygenesindonesia.com\\\/fr\\\/shop\\\/anges\\\/memorial-de-lenfant-etoile\\\/#breadcrumb\"},\"inLanguage\":\"fr-FR\",\"potentialAction\":[{\"@type\":\"ReadAction\",\"target\":[\"https:\\\/\\\/craftygenesindonesia.com\\\/fr\\\/shop\\\/anges\\\/memorial-de-lenfant-etoile\\\/\"]}]},{\"@type\":\"ImageObject\",\"inLanguage\":\"fr-FR\",\"@id\":\"https:\\\/\\\/craftygenesindonesia.com\\\/fr\\\/shop\\\/anges\\\/memorial-de-lenfant-etoile\\\/#primaryimage\",\"url\":\"https:\\\/\\\/craftygenesindonesia.com\\\/wp-content\\\/uploads\\\/2023\\\/08\\\/Angel-Baby-Memorial-1.jpg\",\"contentUrl\":\"https:\\\/\\\/craftygenesindonesia.com\\\/wp-content\\\/uploads\\\/2023\\\/08\\\/Angel-Baby-Memorial-1.jpg\",\"width\":1080,\"height\":1080,\"caption\":\"crochet baby memorial, crochet angel with LED candles in front of it\"},{\"@type\":\"BreadcrumbList\",\"@id\":\"https:\\\/\\\/craftygenesindonesia.com\\\/fr\\\/shop\\\/anges\\\/memorial-de-lenfant-etoile\\\/#breadcrumb\",\"itemListElement\":[{\"@type\":\"ListItem\",\"position\":1,\"name\":\"Home\",\"item\":\"https:\\\/\\\/craftygenesindonesia.com\\\/fr\\\/\"},{\"@type\":\"ListItem\",\"position\":2,\"name\":\"Boutique de mod\u00e8les\",\"item\":\"https:\\\/\\\/craftygenesindonesia.com\\\/fr\\\/boutique\\\/\"},{\"@type\":\"ListItem\",\"position\":3,\"name\":\"M\u00e9morial de l&#8217;enfant \u00e9toile\"}]},{\"@type\":\"WebSite\",\"@id\":\"https:\\\/\\\/craftygenesindonesia.com\\\/fr\\\/#website\",\"url\":\"https:\\\/\\\/craftygenesindonesia.com\\\/fr\\\/\",\"name\":\"Craftygenesindonesia\",\"description\":\"\",\"publisher\":{\"@id\":\"https:\\\/\\\/craftygenesindonesia.com\\\/fr\\\/#organization\"},\"potentialAction\":[{\"@type\":\"SearchAction\",\"target\":{\"@type\":\"EntryPoint\",\"urlTemplate\":\"https:\\\/\\\/craftygenesindonesia.com\\\/fr\\\/?s={search_term_string}\"},\"query-input\":{\"@type\":\"PropertyValueSpecification\",\"valueRequired\":true,\"valueName\":\"search_term_string\"}}],\"inLanguage\":\"fr-FR\"},{\"@type\":\"Organization\",\"@id\":\"https:\\\/\\\/craftygenesindonesia.com\\\/fr\\\/#organization\",\"name\":\"Craftygenesindonesia\",\"url\":\"https:\\\/\\\/craftygenesindonesia.com\\\/fr\\\/\",\"logo\":{\"@type\":\"ImageObject\",\"inLanguage\":\"fr-FR\",\"@id\":\"https:\\\/\\\/craftygenesindonesia.com\\\/fr\\\/#\\\/schema\\\/logo\\\/image\\\/\",\"url\":\"https:\\\/\\\/craftygenesindonesia.com\\\/wp-content\\\/uploads\\\/2025\\\/11\\\/cropped-Copy-of-Craftygenesindonesia.jpg\",\"contentUrl\":\"https:\\\/\\\/craftygenesindonesia.com\\\/wp-content\\\/uploads\\\/2025\\\/11\\\/cropped-Copy-of-Craftygenesindonesia.jpg\",\"width\":180,\"height\":60,\"caption\":\"Craftygenesindonesia\"},\"image\":{\"@id\":\"https:\\\/\\\/craftygenesindonesia.com\\\/fr\\\/#\\\/schema\\\/logo\\\/image\\\/\"}}]}<\/script>\n<!-- \/ Yoast SEO plugin. -->","yoast_head_json":{"title":"M\u00e9morial de l'enfant \u00e9toile mod\u00e8le de crochet - Craftygenesindonesia","description":"Achetez ici mon patron au crochet \u00ab Memorial de l'infant \u00e9toile \u00bb. Le patron au crochet est \u00e9galement disponible sur Etsy, Haked.nl, Ravelry, Payhip","robots":{"index":"index","follow":"follow","max-snippet":"max-snippet:-1","max-image-preview":"max-image-preview:large","max-video-preview":"max-video-preview:-1"},"canonical":"https:\/\/craftygenesindonesia.com\/fr\/shop\/anges\/memorial-de-lenfant-etoile\/","og_locale":"fr_FR","og_type":"article","og_title":"Patron au crochet \u00ab Memorial de l'infant \u00e9toile \u00bb","og_description":"Achetez ici mon patron au crochet \u00ab Memorial de l'infant \u00e9toile \u00bb. Le patron au crochet est \u00e9galement disponible sur Etsy, Haked.nl, Ravelry, Payhip","og_url":"https:\/\/craftygenesindonesia.com\/fr\/shop\/anges\/memorial-de-lenfant-etoile\/","og_site_name":"Craftygenesindonesia","article_modified_time":"2026-03-23T21:43:49+00:00","og_image":[{"width":1080,"height":1080,"url":"https:\/\/craftygenesindonesia.com\/wp-content\/uploads\/2023\/08\/Angel-Baby-Memorial-1.jpg","type":"image\/jpeg"}],"twitter_card":"summary_large_image","twitter_misc":{"Dur\u00e9e de lecture estim\u00e9e":"2 minutes"},"schema":{"@context":"https:\/\/schema.org","@graph":[{"@type":"WebPage","@id":"https:\/\/craftygenesindonesia.com\/fr\/shop\/anges\/memorial-de-lenfant-etoile\/","url":"https:\/\/craftygenesindonesia.com\/fr\/shop\/anges\/memorial-de-lenfant-etoile\/","name":"M\u00e9morial de l'enfant \u00e9toile mod\u00e8le de crochet - Craftygenesindonesia","isPartOf":{"@id":"https:\/\/craftygenesindonesia.com\/fr\/#website"},"primaryImageOfPage":{"@id":"https:\/\/craftygenesindonesia.com\/fr\/shop\/anges\/memorial-de-lenfant-etoile\/#primaryimage"},"image":{"@id":"https:\/\/craftygenesindonesia.com\/fr\/shop\/anges\/memorial-de-lenfant-etoile\/#primaryimage"},"thumbnailUrl":"https:\/\/craftygenesindonesia.com\/wp-content\/uploads\/2023\/08\/Angel-Baby-Memorial-1.jpg","datePublished":"2023-08-25T20:38:15+00:00","dateModified":"2026-03-23T21:43:49+00:00","description":"Achetez ici mon patron au crochet \u00ab Memorial de l'infant \u00e9toile \u00bb. Le patron au crochet est \u00e9galement disponible sur Etsy, Haked.nl, Ravelry, Payhip","breadcrumb":{"@id":"https:\/\/craftygenesindonesia.com\/fr\/shop\/anges\/memorial-de-lenfant-etoile\/#breadcrumb"},"inLanguage":"fr-FR","potentialAction":[{"@type":"ReadAction","target":["https:\/\/craftygenesindonesia.com\/fr\/shop\/anges\/memorial-de-lenfant-etoile\/"]}]},{"@type":"ImageObject","inLanguage":"fr-FR","@id":"https:\/\/craftygenesindonesia.com\/fr\/shop\/anges\/memorial-de-lenfant-etoile\/#primaryimage","url":"https:\/\/craftygenesindonesia.com\/wp-content\/uploads\/2023\/08\/Angel-Baby-Memorial-1.jpg","contentUrl":"https:\/\/craftygenesindonesia.com\/wp-content\/uploads\/2023\/08\/Angel-Baby-Memorial-1.jpg","width":1080,"height":1080,"caption":"crochet baby memorial, crochet angel with LED candles in front of it"},{"@type":"BreadcrumbList","@id":"https:\/\/craftygenesindonesia.com\/fr\/shop\/anges\/memorial-de-lenfant-etoile\/#breadcrumb","itemListElement":[{"@type":"ListItem","position":1,"name":"Home","item":"https:\/\/craftygenesindonesia.com\/fr\/"},{"@type":"ListItem","position":2,"name":"Boutique de mod\u00e8les","item":"https:\/\/craftygenesindonesia.com\/fr\/boutique\/"},{"@type":"ListItem","position":3,"name":"M\u00e9morial de l&#8217;enfant \u00e9toile"}]},{"@type":"WebSite","@id":"https:\/\/craftygenesindonesia.com\/fr\/#website","url":"https:\/\/craftygenesindonesia.com\/fr\/","name":"Craftygenesindonesia","description":"","publisher":{"@id":"https:\/\/craftygenesindonesia.com\/fr\/#organization"},"potentialAction":[{"@type":"SearchAction","target":{"@type":"EntryPoint","urlTemplate":"https:\/\/craftygenesindonesia.com\/fr\/?s={search_term_string}"},"query-input":{"@type":"PropertyValueSpecification","valueRequired":true,"valueName":"search_term_string"}}],"inLanguage":"fr-FR"},{"@type":"Organization","@id":"https:\/\/craftygenesindonesia.com\/fr\/#organization","name":"Craftygenesindonesia","url":"https:\/\/craftygenesindonesia.com\/fr\/","logo":{"@type":"ImageObject","inLanguage":"fr-FR","@id":"https:\/\/craftygenesindonesia.com\/fr\/#\/schema\/logo\/image\/","url":"https:\/\/craftygenesindonesia.com\/wp-content\/uploads\/2025\/11\/cropped-Copy-of-Craftygenesindonesia.jpg","contentUrl":"https:\/\/craftygenesindonesia.com\/wp-content\/uploads\/2025\/11\/cropped-Copy-of-Craftygenesindonesia.jpg","width":180,"height":60,"caption":"Craftygenesindonesia"},"image":{"@id":"https:\/\/craftygenesindonesia.com\/fr\/#\/schema\/logo\/image\/"}}]}},"_links":{"self":[{"href":"https:\/\/craftygenesindonesia.com\/fr\/wp-json\/wp\/v2\/product\/22113","targetHints":{"allow":["GET"]}}],"collection":[{"href":"https:\/\/craftygenesindonesia.com\/fr\/wp-json\/wp\/v2\/product"}],"about":[{"href":"https:\/\/craftygenesindonesia.com\/fr\/wp-json\/wp\/v2\/types\/product"}],"replies":[{"embeddable":true,"href":"https:\/\/craftygenesindonesia.com\/fr\/wp-json\/wp\/v2\/comments?post=22113"}],"wp:featuredmedia":[{"embeddable":true,"href":"https:\/\/craftygenesindonesia.com\/fr\/wp-json\/wp\/v2\/media\/987535642"}],"wp:attachment":[{"href":"https:\/\/craftygenesindonesia.com\/fr\/wp-json\/wp\/v2\/media?parent=22113"}],"wp:term":[{"taxonomy":"product_brand","embeddable":true,"href":"https:\/\/craftygenesindonesia.com\/fr\/wp-json\/wp\/v2\/product_brand?post=22113"},{"taxonomy":"product_cat","embeddable":true,"href":"https:\/\/craftygenesindonesia.com\/fr\/wp-json\/wp\/v2\/product_cat?post=22113"},{"taxonomy":"product_tag","embeddable":true,"href":"https:\/\/craftygenesindonesia.com\/fr\/wp-json\/wp\/v2\/product_tag?post=22113"}],"curies":[{"name":"wp","href":"https:\/\/api.w.org\/{rel}","templated":true}]}}