{"id":20208,"date":"2023-08-16T04:20:09","date_gmt":"2023-08-15T20:20:09","guid":{"rendered":"https:\/\/craftygenesindonesia.com\/?post_type=product&#038;p=20208"},"modified":"2026-03-24T05:50:58","modified_gmt":"2026-03-23T21:50:58","slug":"le-lit-de-lucy","status":"publish","type":"product","link":"https:\/\/craftygenesindonesia.com\/fr\/shop\/3d\/le-lit-de-lucy\/","title":{"rendered":"Le lit de Lucy"},"content":{"rendered":"<p>Ce mod\u00e8le est r\u00e9alis\u00e9 avec un fil de taille 3 adapt\u00e9 \u00e0 l&#8217;amigurumi et un crochet de 2 mm.<\/p>\n<p>Taille finale du lit : 28x19x19cm\/ 11&#215;7.5&#215;7.5inch<\/p>\n<p>&nbsp;<\/p>\n<p>Couleurs du fil :<\/p>\n<p>&#8211; Blanc cass\u00e9 : 430-460m\/ 470-505yd<\/p>\n<p>&#8211; Blanc : 260-280m\/ 285-305yd<\/p>\n<p>&#8211; Couleurs m\u00e9lang\u00e9es : 120-140m\/ 130-160yd<\/p>\n<p>Vous aurez \u00e9galement besoin de : Bourre &#8211; ciseaux &#8211; marqueurs de points &#8211; crayon &#8211; r\u00e8gle &#8211; carton de 5 mm** &#8211; colle &#8211; pistolet \u00e0 colle &#8211; aiguille \u00e0 tapisserie &#8211; fil d&#8217;aluminium de 1,5 mm<\/p>\n<p>**Remplacer le carton de 5 mm par du contreplaqu\u00e9 de 5 mm si un enfant doit jouer avec ce lit et le visser au lieu d&#8217;utiliser du fil de fer et de la colle.<\/p>\n<p>Crochet : taille 2mm<\/p>\n<p>&nbsp;<\/p>\n<p>Ce mod\u00e8le de crochet comprend de nombreuses photos pour vous aider. Si vous avez encore des questions, n&#8217;h\u00e9sitez pas \u00e0 me contacter \u00e0 : craftygenesindonesia@gmail.com<\/p>\n<p>&nbsp;<\/p>\n<p>Ce mod\u00e8le est un mod\u00e8le PAY\u00c9 et il y a un COPYRIGHT dessus. Le patron est donc r\u00e9serv\u00e9 \u00e0 un usage personnel et ne peut PAS \u00eatre copi\u00e9, vendu, revendu, traduit, revendiqu\u00e9 comme votre mod\u00e8le, distribu\u00e9, partag\u00e9, publi\u00e9, mis en ligne&#8230; sous quelque forme que ce soit sans mon consentement. M\u00eame pas en partie !!!<\/p>\n<p>Vous pouvez vendre le lit fini en petites quantit\u00e9s, MAIS PAS LE MODELE EN LUI-M\u00caME ! Veuillez mentionner que le patron est de Craftygenesindonesia et o\u00f9 il peut \u00eatre achet\u00e9.<\/p>\n","protected":false},"excerpt":{"rendered":"<p>Voici le lit de Lucy.\u00a0 Il peut \u00eatre achet\u00e9 s\u00e9par\u00e9ment de la poup\u00e9e ici.\u00a0 Il est id\u00e9al pour ceux qui ne veulent que le lit ou pour ceux qui ont d\u00e9j\u00e0 le patron de Lucy fait la sieste (cliquez <strong><a href=\"https:\/\/craftygenesindonesia.com\/fr\/produit\/lucy-fait-une-sieste\/\" target=\"_blank\" rel=\"noopener\">ici<\/a><\/strong> pour le voir).\u00a0 Si vous voulez acheter le patron pour le lit avec la fille, cliquez sur ce lien : <a href=\"https:\/\/craftygenesindonesia.com\/fr\/produit\/lucy-dort-dans-son-lit\/\" target=\"_blank\" rel=\"noopener\">Lucy dort dans son lit mod\u00e8le de crochet &#8211; Craftygenesindonesia<\/a><\/p>\n","protected":false},"featured_media":987526145,"comment_status":"open","ping_status":"closed","template":"","meta":{"_acf_changed":false},"product_brand":[],"product_cat":[3635,3667],"product_tag":[10897,10893,11713,11431,11090,11041,10849,11278],"class_list":{"0":"post-20208","1":"product","2":"type-product","3":"status-publish","4":"has-post-thumbnail","6":"product_cat-3d","7":"product_cat-poupees-lucy","8":"product_tag-couverture-fr","9":"product_tag-lit-fr","10":"product_tag-meubles","11":"product_tag-oreiller-fr","12":"product_tag-poupee-fr","13":"product_tag-poupee-au-crochet","14":"product_tag-poupee-bebe","15":"product_tag-poupees-pour-enfants","16":"pa_available_on-craftygenesindonesia","17":"pa_available_on-etsy","18":"pa_available_on-haked-nl","19":"pa_available_on-payhip","20":"pa_available_on-ravelry","21":"pa_languages-americain","22":"pa_languages-espagnol","23":"pa_languages-francais","24":"pa_languages-neerlandais","26":"first","27":"instock","28":"downloadable","29":"virtual","30":"purchasable","31":"product-type-simple"},"acf":[],"yoast_head":"<!-- This site is optimized with the Yoast SEO plugin v27.3 - https:\/\/yoast.com\/product\/yoast-seo-wordpress\/ -->\n<title>Le lit de Lucy mod\u00e8le de crochet - Craftygenesindonesia<\/title>\n<meta name=\"description\" content=\"Obtenez le lit de ma poup\u00e9e Lucy ici. Vous pouvez \u00e9galement obtenir le patron avec la poup\u00e9e sur une autre page ici.\" \/>\n<meta name=\"robots\" content=\"index, follow, max-snippet:-1, max-image-preview:large, max-video-preview:-1\" \/>\n<link rel=\"canonical\" href=\"https:\/\/craftygenesindonesia.com\/fr\/shop\/3d\/le-lit-de-lucy\/\" \/>\n<meta property=\"og:locale\" content=\"fr_FR\" \/>\n<meta property=\"og:type\" content=\"article\" \/>\n<meta property=\"og:title\" content=\"Le lit de Lucy mod\u00e8le de crochet - Craftygenesindonesia\" \/>\n<meta property=\"og:description\" content=\"Obtenez le lit de ma poup\u00e9e Lucy ici. Vous pouvez \u00e9galement obtenir le patron avec la poup\u00e9e sur une autre page ici.\" \/>\n<meta property=\"og:url\" content=\"https:\/\/craftygenesindonesia.com\/fr\/shop\/3d\/le-lit-de-lucy\/\" \/>\n<meta property=\"og:site_name\" content=\"Craftygenesindonesia\" \/>\n<meta property=\"article:modified_time\" content=\"2026-03-23T21:50:58+00:00\" \/>\n<meta property=\"og:image\" content=\"https:\/\/craftygenesindonesia.com\/wp-content\/uploads\/2023\/08\/Lucys-Bed-1.jpg\" \/>\n\t<meta property=\"og:image:width\" content=\"1080\" \/>\n\t<meta property=\"og:image:height\" content=\"1080\" \/>\n\t<meta property=\"og:image:type\" content=\"image\/jpeg\" \/>\n<meta name=\"twitter:card\" content=\"summary_large_image\" \/>\n<meta name=\"twitter:label1\" content=\"Dur\u00e9e de lecture estim\u00e9e\" \/>\n\t<meta name=\"twitter:data1\" content=\"2 minutes\" \/>\n<script type=\"application\/ld+json\" class=\"yoast-schema-graph\">{\"@context\":\"https:\\\/\\\/schema.org\",\"@graph\":[{\"@type\":\"WebPage\",\"@id\":\"https:\\\/\\\/craftygenesindonesia.com\\\/fr\\\/shop\\\/3d\\\/le-lit-de-lucy\\\/\",\"url\":\"https:\\\/\\\/craftygenesindonesia.com\\\/fr\\\/shop\\\/3d\\\/le-lit-de-lucy\\\/\",\"name\":\"Le lit de Lucy mod\u00e8le de crochet - Craftygenesindonesia\",\"isPartOf\":{\"@id\":\"https:\\\/\\\/craftygenesindonesia.com\\\/fr\\\/#website\"},\"primaryImageOfPage\":{\"@id\":\"https:\\\/\\\/craftygenesindonesia.com\\\/fr\\\/shop\\\/3d\\\/le-lit-de-lucy\\\/#primaryimage\"},\"image\":{\"@id\":\"https:\\\/\\\/craftygenesindonesia.com\\\/fr\\\/shop\\\/3d\\\/le-lit-de-lucy\\\/#primaryimage\"},\"thumbnailUrl\":\"https:\\\/\\\/craftygenesindonesia.com\\\/wp-content\\\/uploads\\\/2023\\\/08\\\/Lucys-Bed-1.jpg\",\"datePublished\":\"2023-08-15T20:20:09+00:00\",\"dateModified\":\"2026-03-23T21:50:58+00:00\",\"description\":\"Obtenez le lit de ma poup\u00e9e Lucy ici. Vous pouvez \u00e9galement obtenir le patron avec la poup\u00e9e sur une autre page ici.\",\"breadcrumb\":{\"@id\":\"https:\\\/\\\/craftygenesindonesia.com\\\/fr\\\/shop\\\/3d\\\/le-lit-de-lucy\\\/#breadcrumb\"},\"inLanguage\":\"fr-FR\",\"potentialAction\":[{\"@type\":\"ReadAction\",\"target\":[\"https:\\\/\\\/craftygenesindonesia.com\\\/fr\\\/shop\\\/3d\\\/le-lit-de-lucy\\\/\"]}]},{\"@type\":\"ImageObject\",\"inLanguage\":\"fr-FR\",\"@id\":\"https:\\\/\\\/craftygenesindonesia.com\\\/fr\\\/shop\\\/3d\\\/le-lit-de-lucy\\\/#primaryimage\",\"url\":\"https:\\\/\\\/craftygenesindonesia.com\\\/wp-content\\\/uploads\\\/2023\\\/08\\\/Lucys-Bed-1.jpg\",\"contentUrl\":\"https:\\\/\\\/craftygenesindonesia.com\\\/wp-content\\\/uploads\\\/2023\\\/08\\\/Lucys-Bed-1.jpg\",\"width\":1080,\"height\":1080,\"caption\":\"crochet doll bed\"},{\"@type\":\"BreadcrumbList\",\"@id\":\"https:\\\/\\\/craftygenesindonesia.com\\\/fr\\\/shop\\\/3d\\\/le-lit-de-lucy\\\/#breadcrumb\",\"itemListElement\":[{\"@type\":\"ListItem\",\"position\":1,\"name\":\"Home\",\"item\":\"https:\\\/\\\/craftygenesindonesia.com\\\/fr\\\/\"},{\"@type\":\"ListItem\",\"position\":2,\"name\":\"Boutique de mod\u00e8les\",\"item\":\"https:\\\/\\\/craftygenesindonesia.com\\\/fr\\\/boutique\\\/\"},{\"@type\":\"ListItem\",\"position\":3,\"name\":\"Le lit de Lucy\"}]},{\"@type\":\"WebSite\",\"@id\":\"https:\\\/\\\/craftygenesindonesia.com\\\/fr\\\/#website\",\"url\":\"https:\\\/\\\/craftygenesindonesia.com\\\/fr\\\/\",\"name\":\"Craftygenesindonesia\",\"description\":\"\",\"publisher\":{\"@id\":\"https:\\\/\\\/craftygenesindonesia.com\\\/fr\\\/#organization\"},\"potentialAction\":[{\"@type\":\"SearchAction\",\"target\":{\"@type\":\"EntryPoint\",\"urlTemplate\":\"https:\\\/\\\/craftygenesindonesia.com\\\/fr\\\/?s={search_term_string}\"},\"query-input\":{\"@type\":\"PropertyValueSpecification\",\"valueRequired\":true,\"valueName\":\"search_term_string\"}}],\"inLanguage\":\"fr-FR\"},{\"@type\":\"Organization\",\"@id\":\"https:\\\/\\\/craftygenesindonesia.com\\\/fr\\\/#organization\",\"name\":\"Craftygenesindonesia\",\"url\":\"https:\\\/\\\/craftygenesindonesia.com\\\/fr\\\/\",\"logo\":{\"@type\":\"ImageObject\",\"inLanguage\":\"fr-FR\",\"@id\":\"https:\\\/\\\/craftygenesindonesia.com\\\/fr\\\/#\\\/schema\\\/logo\\\/image\\\/\",\"url\":\"https:\\\/\\\/craftygenesindonesia.com\\\/wp-content\\\/uploads\\\/2025\\\/11\\\/cropped-Copy-of-Craftygenesindonesia.jpg\",\"contentUrl\":\"https:\\\/\\\/craftygenesindonesia.com\\\/wp-content\\\/uploads\\\/2025\\\/11\\\/cropped-Copy-of-Craftygenesindonesia.jpg\",\"width\":180,\"height\":60,\"caption\":\"Craftygenesindonesia\"},\"image\":{\"@id\":\"https:\\\/\\\/craftygenesindonesia.com\\\/fr\\\/#\\\/schema\\\/logo\\\/image\\\/\"}}]}<\/script>\n<!-- \/ Yoast SEO plugin. -->","yoast_head_json":{"title":"Le lit de Lucy mod\u00e8le de crochet - Craftygenesindonesia","description":"Obtenez le lit de ma poup\u00e9e Lucy ici. Vous pouvez \u00e9galement obtenir le patron avec la poup\u00e9e sur une autre page ici.","robots":{"index":"index","follow":"follow","max-snippet":"max-snippet:-1","max-image-preview":"max-image-preview:large","max-video-preview":"max-video-preview:-1"},"canonical":"https:\/\/craftygenesindonesia.com\/fr\/shop\/3d\/le-lit-de-lucy\/","og_locale":"fr_FR","og_type":"article","og_title":"Le lit de Lucy mod\u00e8le de crochet - Craftygenesindonesia","og_description":"Obtenez le lit de ma poup\u00e9e Lucy ici. Vous pouvez \u00e9galement obtenir le patron avec la poup\u00e9e sur une autre page ici.","og_url":"https:\/\/craftygenesindonesia.com\/fr\/shop\/3d\/le-lit-de-lucy\/","og_site_name":"Craftygenesindonesia","article_modified_time":"2026-03-23T21:50:58+00:00","og_image":[{"width":1080,"height":1080,"url":"https:\/\/craftygenesindonesia.com\/wp-content\/uploads\/2023\/08\/Lucys-Bed-1.jpg","type":"image\/jpeg"}],"twitter_card":"summary_large_image","twitter_misc":{"Dur\u00e9e de lecture estim\u00e9e":"2 minutes"},"schema":{"@context":"https:\/\/schema.org","@graph":[{"@type":"WebPage","@id":"https:\/\/craftygenesindonesia.com\/fr\/shop\/3d\/le-lit-de-lucy\/","url":"https:\/\/craftygenesindonesia.com\/fr\/shop\/3d\/le-lit-de-lucy\/","name":"Le lit de Lucy mod\u00e8le de crochet - Craftygenesindonesia","isPartOf":{"@id":"https:\/\/craftygenesindonesia.com\/fr\/#website"},"primaryImageOfPage":{"@id":"https:\/\/craftygenesindonesia.com\/fr\/shop\/3d\/le-lit-de-lucy\/#primaryimage"},"image":{"@id":"https:\/\/craftygenesindonesia.com\/fr\/shop\/3d\/le-lit-de-lucy\/#primaryimage"},"thumbnailUrl":"https:\/\/craftygenesindonesia.com\/wp-content\/uploads\/2023\/08\/Lucys-Bed-1.jpg","datePublished":"2023-08-15T20:20:09+00:00","dateModified":"2026-03-23T21:50:58+00:00","description":"Obtenez le lit de ma poup\u00e9e Lucy ici. Vous pouvez \u00e9galement obtenir le patron avec la poup\u00e9e sur une autre page ici.","breadcrumb":{"@id":"https:\/\/craftygenesindonesia.com\/fr\/shop\/3d\/le-lit-de-lucy\/#breadcrumb"},"inLanguage":"fr-FR","potentialAction":[{"@type":"ReadAction","target":["https:\/\/craftygenesindonesia.com\/fr\/shop\/3d\/le-lit-de-lucy\/"]}]},{"@type":"ImageObject","inLanguage":"fr-FR","@id":"https:\/\/craftygenesindonesia.com\/fr\/shop\/3d\/le-lit-de-lucy\/#primaryimage","url":"https:\/\/craftygenesindonesia.com\/wp-content\/uploads\/2023\/08\/Lucys-Bed-1.jpg","contentUrl":"https:\/\/craftygenesindonesia.com\/wp-content\/uploads\/2023\/08\/Lucys-Bed-1.jpg","width":1080,"height":1080,"caption":"crochet doll bed"},{"@type":"BreadcrumbList","@id":"https:\/\/craftygenesindonesia.com\/fr\/shop\/3d\/le-lit-de-lucy\/#breadcrumb","itemListElement":[{"@type":"ListItem","position":1,"name":"Home","item":"https:\/\/craftygenesindonesia.com\/fr\/"},{"@type":"ListItem","position":2,"name":"Boutique de mod\u00e8les","item":"https:\/\/craftygenesindonesia.com\/fr\/boutique\/"},{"@type":"ListItem","position":3,"name":"Le lit de Lucy"}]},{"@type":"WebSite","@id":"https:\/\/craftygenesindonesia.com\/fr\/#website","url":"https:\/\/craftygenesindonesia.com\/fr\/","name":"Craftygenesindonesia","description":"","publisher":{"@id":"https:\/\/craftygenesindonesia.com\/fr\/#organization"},"potentialAction":[{"@type":"SearchAction","target":{"@type":"EntryPoint","urlTemplate":"https:\/\/craftygenesindonesia.com\/fr\/?s={search_term_string}"},"query-input":{"@type":"PropertyValueSpecification","valueRequired":true,"valueName":"search_term_string"}}],"inLanguage":"fr-FR"},{"@type":"Organization","@id":"https:\/\/craftygenesindonesia.com\/fr\/#organization","name":"Craftygenesindonesia","url":"https:\/\/craftygenesindonesia.com\/fr\/","logo":{"@type":"ImageObject","inLanguage":"fr-FR","@id":"https:\/\/craftygenesindonesia.com\/fr\/#\/schema\/logo\/image\/","url":"https:\/\/craftygenesindonesia.com\/wp-content\/uploads\/2025\/11\/cropped-Copy-of-Craftygenesindonesia.jpg","contentUrl":"https:\/\/craftygenesindonesia.com\/wp-content\/uploads\/2025\/11\/cropped-Copy-of-Craftygenesindonesia.jpg","width":180,"height":60,"caption":"Craftygenesindonesia"},"image":{"@id":"https:\/\/craftygenesindonesia.com\/fr\/#\/schema\/logo\/image\/"}}]}},"_links":{"self":[{"href":"https:\/\/craftygenesindonesia.com\/fr\/wp-json\/wp\/v2\/product\/20208","targetHints":{"allow":["GET"]}}],"collection":[{"href":"https:\/\/craftygenesindonesia.com\/fr\/wp-json\/wp\/v2\/product"}],"about":[{"href":"https:\/\/craftygenesindonesia.com\/fr\/wp-json\/wp\/v2\/types\/product"}],"replies":[{"embeddable":true,"href":"https:\/\/craftygenesindonesia.com\/fr\/wp-json\/wp\/v2\/comments?post=20208"}],"wp:featuredmedia":[{"embeddable":true,"href":"https:\/\/craftygenesindonesia.com\/fr\/wp-json\/wp\/v2\/media\/987526145"}],"wp:attachment":[{"href":"https:\/\/craftygenesindonesia.com\/fr\/wp-json\/wp\/v2\/media?parent=20208"}],"wp:term":[{"taxonomy":"product_brand","embeddable":true,"href":"https:\/\/craftygenesindonesia.com\/fr\/wp-json\/wp\/v2\/product_brand?post=20208"},{"taxonomy":"product_cat","embeddable":true,"href":"https:\/\/craftygenesindonesia.com\/fr\/wp-json\/wp\/v2\/product_cat?post=20208"},{"taxonomy":"product_tag","embeddable":true,"href":"https:\/\/craftygenesindonesia.com\/fr\/wp-json\/wp\/v2\/product_tag?post=20208"}],"curies":[{"name":"wp","href":"https:\/\/api.w.org\/{rel}","templated":true}]}}