{"id":19684,"date":"2023-07-07T07:36:31","date_gmt":"2023-07-06T23:36:31","guid":{"rendered":"https:\/\/craftygenesindonesia.com\/?post_type=product&#038;p=19684"},"modified":"2026-03-24T06:17:26","modified_gmt":"2026-03-23T22:17:26","slug":"notre-dame-de-lourdes-avec-sainte-bernadette","status":"publish","type":"product","link":"https:\/\/craftygenesindonesia.com\/fr\/shop\/religieux\/notre-dame-de-lourdes-avec-sainte-bernadette\/","title":{"rendered":"Notre-Dame de Lourdes et Sainte Bernadette"},"content":{"rendered":"<p>L&#8217;ensemble mesure 39 cm de haut et est r\u00e9alis\u00e9 avec un fil 4ply (taille 3) adapt\u00e9 \u00e0 l&#8217;amigurumi et un crochet de taille 2mm.<\/p>\n<p>&nbsp;<\/p>\n<p>Vous aurez besoin des couleurs suivantes : bleu &#8211; marron fonc\u00e9 &#8211; vert fonc\u00e9 &#8211; 4 tons de gris &#8211; bleu clair &#8211; magenta &#8211; or m\u00e9tallique &#8211; blanc laiteux &#8211; orange &#8211; rouge &#8211; couleur de peau.<\/p>\n<p>&nbsp;<\/p>\n<p>Crochet : taille 2mm<\/p>\n<p>&nbsp;<\/p>\n<p>Vous aurez \u00e9galement besoin de : rembourrage &#8211; marqueurs de points &#8211; \u00e9pingles \u00e0 coudre &#8211; aiguille \u00e0 tapisserie &#8211; aiguille \u00e0 coudre &#8211; fil \u00e0 coudre blanc &#8211; ciseaux &#8211; crayon &#8211; colle &#8211; pistolet \u00e0 colle &#8211; r\u00e8gle &#8211; pince coupante &#8211; 2 cotons-tiges &#8211; papier &#8211; ruban \u00e0 mesurer &#8211; carton &#8211; fil d&#8217;aluminium &#8211; mousse eva ou un tapis de yoga raisonnablement rigide ou un panneau de mousse &#8211; croix &#8211; perles<\/p>\n<p>&nbsp;<\/p>\n<p>Ce mod\u00e8le de crochet comprend de nombreuses photos pour vous aider.\u00a0 Si vous avez encore des questions, n&#8217;h\u00e9sitez pas \u00e0 me contacter \u00e0 : craftygenesindonesia@gmail.com<\/p>\n<p>&nbsp;<\/p>\n<p>Ce mod\u00e8le est un mod\u00e8le PAY\u00c9 et il y a un COPYRIGHT dessus. Le patron est donc r\u00e9serv\u00e9 \u00e0 un usage personnel et ne peut PAS \u00eatre copi\u00e9, vendu, revendu, traduit, revendiqu\u00e9 comme votre mod\u00e8le, distribu\u00e9, partag\u00e9, publi\u00e9, mis en ligne&#8230; sous quelque forme que ce soit sans mon consentement. M\u00eame pas en partie !!!<\/p>\n<p>&nbsp;<\/p>\n<p>Vous pouvez vendre le mod\u00e8le Notre Dame de Lourdes avec Ste Bernadette en petites quantit\u00e9s, MAIS PAS LE MODELE EN LUI-MEME ! Veuillez mentionner que le patron est de Craftygenesindonesia et o\u00f9 il peut \u00eatre achet\u00e9.<\/p>\n<p>&nbsp;<\/p>\n<p>Les couleurs Catona pour ceux qui veulent utiliser cette marque :<\/p>\n<p>Bleu : 201 Electric Blue<\/p>\n<p>Vert fonc\u00e9 : 391 Deep Ocean<\/p>\n<p>Gris 1 : 242 Metal Grey<\/p>\n<p>Gris 2 : 074 Mercure<\/p>\n<p>Gris 3 : 501 Anthracite<\/p>\n<p>Gris 4 : 393 Fusain<\/p>\n<p>Magenta : 413 Cerise<\/p>\n<p>Blanc de lait : 130 Old Lace<\/p>\n<p>Orange : 411 Orange douce<\/p>\n<p>Rouge : 115 Hot Red<\/p>\n<p>Couleur de peau : 255 Shell<\/p>\n<p>Marron fonc\u00e9 : 162 Black Coffee<\/p>\n<p>Bleu clair : 173 Bluebell<\/p>\n","protected":false},"excerpt":{"rendered":"<p>Dans ce mod\u00e8le, vous trouverez Notre Dame de Lourdes ainsi qu&#8217;une Sainte Bernadette au crochet.\u00a0 Tout ce que vous voyez sur les photos est inclus dans le patron = la Vierge Marie, Ste Bernadette, la grotte et la plateforme avec les rochers et les roses.<\/p>\n","protected":false},"featured_media":987525869,"comment_status":"open","ping_status":"closed","template":"","meta":{"_acf_changed":false},"product_brand":[],"product_cat":[3675],"product_tag":[12084,12067,12764,12068,10964,12083,12081,11337,10066,12762,11498,8777,8781,11570,12086],"class_list":{"0":"post-19684","1":"product","2":"type-product","3":"status-publish","4":"has-post-thumbnail","6":"product_cat-religieux","7":"product_tag-blessed-mary-fr","8":"product_tag-catholic-fr","9":"product_tag-catholic-saint-fr","10":"product_tag-christian-fr","11":"product_tag-grotte-fr","12":"product_tag-holy-mary-fr","13":"product_tag-holy-saint-mary-fr","14":"product_tag-lourdes-fr","15":"product_tag-mary-fr","16":"product_tag-our-lady-fr","17":"product_tag-roses-fr","18":"product_tag-saint-fr","19":"product_tag-saint-fr-2","20":"product_tag-sainte-bernadette","21":"product_tag-virgin-mary-fr","22":"pa_available_on-craftygenesindonesia","23":"pa_available_on-etsy","24":"pa_available_on-haked-nl","25":"pa_available_on-payhip","26":"pa_available_on-ravelry","27":"pa_languages-allemand","28":"pa_languages-americain","29":"pa_languages-espagnol","30":"pa_languages-francais","31":"pa_languages-neerlandais","33":"first","34":"instock","35":"downloadable","36":"virtual","37":"purchasable","38":"product-type-simple"},"acf":[],"yoast_head":"<!-- This site is optimized with the Yoast SEO plugin v27.3 - https:\/\/yoast.com\/product\/yoast-seo-wordpress\/ -->\n<title>Notre-Dame de Lourdes et Sainte Bernadette mod\u00e8le de crochet - Craftygenesindonesia<\/title>\n<meta name=\"description\" content=\"Achetez ici mon mod\u00e8le de crochet &quot;Notre-Dame de Lourdes &amp; St Bernadette&quot;. Le mod\u00e8le de crochet est \u00e9galement disponible sur Etsy, Haked, Raverly, Payhip.\" \/>\n<meta name=\"robots\" content=\"index, follow, max-snippet:-1, max-image-preview:large, max-video-preview:-1\" \/>\n<link rel=\"canonical\" href=\"https:\/\/craftygenesindonesia.com\/fr\/shop\/religieux\/notre-dame-de-lourdes-avec-sainte-bernadette\/\" \/>\n<meta property=\"og:locale\" content=\"fr_FR\" \/>\n<meta property=\"og:type\" content=\"article\" \/>\n<meta property=\"og:title\" content=\"Mod\u00e8le de crochet &quot;Notre-Dame de Lourdes &amp; St Bernadette&quot;\" \/>\n<meta property=\"og:description\" content=\"Achetez ici mon mod\u00e8le de crochet &quot;Notre-Dame de Lourdes &amp; St Bernadette&quot;. Le mod\u00e8le de crochet est \u00e9galement disponible sur Etsy, Haked, Raverly, Payhip.\" \/>\n<meta property=\"og:url\" content=\"https:\/\/craftygenesindonesia.com\/fr\/shop\/religieux\/notre-dame-de-lourdes-avec-sainte-bernadette\/\" \/>\n<meta property=\"og:site_name\" content=\"Craftygenesindonesia\" \/>\n<meta property=\"article:modified_time\" content=\"2026-03-23T22:17:26+00:00\" \/>\n<meta property=\"og:image\" content=\"https:\/\/craftygenesindonesia.com\/wp-content\/uploads\/2023\/07\/Our-Lady-Lourdes-1.jpg\" \/>\n\t<meta property=\"og:image:width\" content=\"1080\" \/>\n\t<meta property=\"og:image:height\" content=\"1080\" \/>\n\t<meta property=\"og:image:type\" content=\"image\/jpeg\" \/>\n<meta name=\"twitter:card\" content=\"summary_large_image\" \/>\n<meta name=\"twitter:image\" content=\"https:\/\/craftygenesindonesia.com\/wp-content\/uploads\/2023\/07\/3BFE1BD1-3FBD-42E7-B7C8-B10113C0B84C.png\" \/>\n<meta name=\"twitter:label1\" content=\"Dur\u00e9e de lecture estim\u00e9e\" \/>\n\t<meta name=\"twitter:data1\" content=\"2 minutes\" \/>\n<script type=\"application\/ld+json\" class=\"yoast-schema-graph\">{\"@context\":\"https:\\\/\\\/schema.org\",\"@graph\":[{\"@type\":\"WebPage\",\"@id\":\"https:\\\/\\\/craftygenesindonesia.com\\\/fr\\\/shop\\\/religieux\\\/notre-dame-de-lourdes-avec-sainte-bernadette\\\/\",\"url\":\"https:\\\/\\\/craftygenesindonesia.com\\\/fr\\\/shop\\\/religieux\\\/notre-dame-de-lourdes-avec-sainte-bernadette\\\/\",\"name\":\"Notre-Dame de Lourdes et Sainte Bernadette mod\u00e8le de crochet - Craftygenesindonesia\",\"isPartOf\":{\"@id\":\"https:\\\/\\\/craftygenesindonesia.com\\\/fr\\\/#website\"},\"primaryImageOfPage\":{\"@id\":\"https:\\\/\\\/craftygenesindonesia.com\\\/fr\\\/shop\\\/religieux\\\/notre-dame-de-lourdes-avec-sainte-bernadette\\\/#primaryimage\"},\"image\":{\"@id\":\"https:\\\/\\\/craftygenesindonesia.com\\\/fr\\\/shop\\\/religieux\\\/notre-dame-de-lourdes-avec-sainte-bernadette\\\/#primaryimage\"},\"thumbnailUrl\":\"https:\\\/\\\/craftygenesindonesia.com\\\/wp-content\\\/uploads\\\/2023\\\/07\\\/Our-Lady-Lourdes-1.jpg\",\"datePublished\":\"2023-07-06T23:36:31+00:00\",\"dateModified\":\"2026-03-23T22:17:26+00:00\",\"description\":\"Achetez ici mon mod\u00e8le de crochet \\\"Notre-Dame de Lourdes & St Bernadette\\\". Le mod\u00e8le de crochet est \u00e9galement disponible sur Etsy, Haked, Raverly, Payhip.\",\"breadcrumb\":{\"@id\":\"https:\\\/\\\/craftygenesindonesia.com\\\/fr\\\/shop\\\/religieux\\\/notre-dame-de-lourdes-avec-sainte-bernadette\\\/#breadcrumb\"},\"inLanguage\":\"fr-FR\",\"potentialAction\":[{\"@type\":\"ReadAction\",\"target\":[\"https:\\\/\\\/craftygenesindonesia.com\\\/fr\\\/shop\\\/religieux\\\/notre-dame-de-lourdes-avec-sainte-bernadette\\\/\"]}]},{\"@type\":\"ImageObject\",\"inLanguage\":\"fr-FR\",\"@id\":\"https:\\\/\\\/craftygenesindonesia.com\\\/fr\\\/shop\\\/religieux\\\/notre-dame-de-lourdes-avec-sainte-bernadette\\\/#primaryimage\",\"url\":\"https:\\\/\\\/craftygenesindonesia.com\\\/wp-content\\\/uploads\\\/2023\\\/07\\\/Our-Lady-Lourdes-1.jpg\",\"contentUrl\":\"https:\\\/\\\/craftygenesindonesia.com\\\/wp-content\\\/uploads\\\/2023\\\/07\\\/Our-Lady-Lourdes-1.jpg\",\"width\":1080,\"height\":1080,\"caption\":\"crochet Our Lady of Lourdes in crochet grotto with crochet St Bernadette\"},{\"@type\":\"BreadcrumbList\",\"@id\":\"https:\\\/\\\/craftygenesindonesia.com\\\/fr\\\/shop\\\/religieux\\\/notre-dame-de-lourdes-avec-sainte-bernadette\\\/#breadcrumb\",\"itemListElement\":[{\"@type\":\"ListItem\",\"position\":1,\"name\":\"Home\",\"item\":\"https:\\\/\\\/craftygenesindonesia.com\\\/fr\\\/\"},{\"@type\":\"ListItem\",\"position\":2,\"name\":\"Boutique de mod\u00e8les\",\"item\":\"https:\\\/\\\/craftygenesindonesia.com\\\/fr\\\/boutique\\\/\"},{\"@type\":\"ListItem\",\"position\":3,\"name\":\"Notre-Dame de Lourdes et Sainte Bernadette\"}]},{\"@type\":\"WebSite\",\"@id\":\"https:\\\/\\\/craftygenesindonesia.com\\\/fr\\\/#website\",\"url\":\"https:\\\/\\\/craftygenesindonesia.com\\\/fr\\\/\",\"name\":\"Craftygenesindonesia\",\"description\":\"\",\"publisher\":{\"@id\":\"https:\\\/\\\/craftygenesindonesia.com\\\/fr\\\/#organization\"},\"potentialAction\":[{\"@type\":\"SearchAction\",\"target\":{\"@type\":\"EntryPoint\",\"urlTemplate\":\"https:\\\/\\\/craftygenesindonesia.com\\\/fr\\\/?s={search_term_string}\"},\"query-input\":{\"@type\":\"PropertyValueSpecification\",\"valueRequired\":true,\"valueName\":\"search_term_string\"}}],\"inLanguage\":\"fr-FR\"},{\"@type\":\"Organization\",\"@id\":\"https:\\\/\\\/craftygenesindonesia.com\\\/fr\\\/#organization\",\"name\":\"Craftygenesindonesia\",\"url\":\"https:\\\/\\\/craftygenesindonesia.com\\\/fr\\\/\",\"logo\":{\"@type\":\"ImageObject\",\"inLanguage\":\"fr-FR\",\"@id\":\"https:\\\/\\\/craftygenesindonesia.com\\\/fr\\\/#\\\/schema\\\/logo\\\/image\\\/\",\"url\":\"https:\\\/\\\/craftygenesindonesia.com\\\/wp-content\\\/uploads\\\/2025\\\/11\\\/cropped-Copy-of-Craftygenesindonesia.jpg\",\"contentUrl\":\"https:\\\/\\\/craftygenesindonesia.com\\\/wp-content\\\/uploads\\\/2025\\\/11\\\/cropped-Copy-of-Craftygenesindonesia.jpg\",\"width\":180,\"height\":60,\"caption\":\"Craftygenesindonesia\"},\"image\":{\"@id\":\"https:\\\/\\\/craftygenesindonesia.com\\\/fr\\\/#\\\/schema\\\/logo\\\/image\\\/\"}}]}<\/script>\n<!-- \/ Yoast SEO plugin. -->","yoast_head_json":{"title":"Notre-Dame de Lourdes et Sainte Bernadette mod\u00e8le de crochet - Craftygenesindonesia","description":"Achetez ici mon mod\u00e8le de crochet \"Notre-Dame de Lourdes & St Bernadette\". Le mod\u00e8le de crochet est \u00e9galement disponible sur Etsy, Haked, Raverly, Payhip.","robots":{"index":"index","follow":"follow","max-snippet":"max-snippet:-1","max-image-preview":"max-image-preview:large","max-video-preview":"max-video-preview:-1"},"canonical":"https:\/\/craftygenesindonesia.com\/fr\/shop\/religieux\/notre-dame-de-lourdes-avec-sainte-bernadette\/","og_locale":"fr_FR","og_type":"article","og_title":"Mod\u00e8le de crochet \"Notre-Dame de Lourdes & St Bernadette\"","og_description":"Achetez ici mon mod\u00e8le de crochet \"Notre-Dame de Lourdes & St Bernadette\". Le mod\u00e8le de crochet est \u00e9galement disponible sur Etsy, Haked, Raverly, Payhip.","og_url":"https:\/\/craftygenesindonesia.com\/fr\/shop\/religieux\/notre-dame-de-lourdes-avec-sainte-bernadette\/","og_site_name":"Craftygenesindonesia","article_modified_time":"2026-03-23T22:17:26+00:00","og_image":[{"width":1080,"height":1080,"url":"https:\/\/craftygenesindonesia.com\/wp-content\/uploads\/2023\/07\/Our-Lady-Lourdes-1.jpg","type":"image\/jpeg"}],"twitter_card":"summary_large_image","twitter_image":"https:\/\/craftygenesindonesia.com\/wp-content\/uploads\/2023\/07\/3BFE1BD1-3FBD-42E7-B7C8-B10113C0B84C.png","twitter_misc":{"Dur\u00e9e de lecture estim\u00e9e":"2 minutes"},"schema":{"@context":"https:\/\/schema.org","@graph":[{"@type":"WebPage","@id":"https:\/\/craftygenesindonesia.com\/fr\/shop\/religieux\/notre-dame-de-lourdes-avec-sainte-bernadette\/","url":"https:\/\/craftygenesindonesia.com\/fr\/shop\/religieux\/notre-dame-de-lourdes-avec-sainte-bernadette\/","name":"Notre-Dame de Lourdes et Sainte Bernadette mod\u00e8le de crochet - Craftygenesindonesia","isPartOf":{"@id":"https:\/\/craftygenesindonesia.com\/fr\/#website"},"primaryImageOfPage":{"@id":"https:\/\/craftygenesindonesia.com\/fr\/shop\/religieux\/notre-dame-de-lourdes-avec-sainte-bernadette\/#primaryimage"},"image":{"@id":"https:\/\/craftygenesindonesia.com\/fr\/shop\/religieux\/notre-dame-de-lourdes-avec-sainte-bernadette\/#primaryimage"},"thumbnailUrl":"https:\/\/craftygenesindonesia.com\/wp-content\/uploads\/2023\/07\/Our-Lady-Lourdes-1.jpg","datePublished":"2023-07-06T23:36:31+00:00","dateModified":"2026-03-23T22:17:26+00:00","description":"Achetez ici mon mod\u00e8le de crochet \"Notre-Dame de Lourdes & St Bernadette\". Le mod\u00e8le de crochet est \u00e9galement disponible sur Etsy, Haked, Raverly, Payhip.","breadcrumb":{"@id":"https:\/\/craftygenesindonesia.com\/fr\/shop\/religieux\/notre-dame-de-lourdes-avec-sainte-bernadette\/#breadcrumb"},"inLanguage":"fr-FR","potentialAction":[{"@type":"ReadAction","target":["https:\/\/craftygenesindonesia.com\/fr\/shop\/religieux\/notre-dame-de-lourdes-avec-sainte-bernadette\/"]}]},{"@type":"ImageObject","inLanguage":"fr-FR","@id":"https:\/\/craftygenesindonesia.com\/fr\/shop\/religieux\/notre-dame-de-lourdes-avec-sainte-bernadette\/#primaryimage","url":"https:\/\/craftygenesindonesia.com\/wp-content\/uploads\/2023\/07\/Our-Lady-Lourdes-1.jpg","contentUrl":"https:\/\/craftygenesindonesia.com\/wp-content\/uploads\/2023\/07\/Our-Lady-Lourdes-1.jpg","width":1080,"height":1080,"caption":"crochet Our Lady of Lourdes in crochet grotto with crochet St Bernadette"},{"@type":"BreadcrumbList","@id":"https:\/\/craftygenesindonesia.com\/fr\/shop\/religieux\/notre-dame-de-lourdes-avec-sainte-bernadette\/#breadcrumb","itemListElement":[{"@type":"ListItem","position":1,"name":"Home","item":"https:\/\/craftygenesindonesia.com\/fr\/"},{"@type":"ListItem","position":2,"name":"Boutique de mod\u00e8les","item":"https:\/\/craftygenesindonesia.com\/fr\/boutique\/"},{"@type":"ListItem","position":3,"name":"Notre-Dame de Lourdes et Sainte Bernadette"}]},{"@type":"WebSite","@id":"https:\/\/craftygenesindonesia.com\/fr\/#website","url":"https:\/\/craftygenesindonesia.com\/fr\/","name":"Craftygenesindonesia","description":"","publisher":{"@id":"https:\/\/craftygenesindonesia.com\/fr\/#organization"},"potentialAction":[{"@type":"SearchAction","target":{"@type":"EntryPoint","urlTemplate":"https:\/\/craftygenesindonesia.com\/fr\/?s={search_term_string}"},"query-input":{"@type":"PropertyValueSpecification","valueRequired":true,"valueName":"search_term_string"}}],"inLanguage":"fr-FR"},{"@type":"Organization","@id":"https:\/\/craftygenesindonesia.com\/fr\/#organization","name":"Craftygenesindonesia","url":"https:\/\/craftygenesindonesia.com\/fr\/","logo":{"@type":"ImageObject","inLanguage":"fr-FR","@id":"https:\/\/craftygenesindonesia.com\/fr\/#\/schema\/logo\/image\/","url":"https:\/\/craftygenesindonesia.com\/wp-content\/uploads\/2025\/11\/cropped-Copy-of-Craftygenesindonesia.jpg","contentUrl":"https:\/\/craftygenesindonesia.com\/wp-content\/uploads\/2025\/11\/cropped-Copy-of-Craftygenesindonesia.jpg","width":180,"height":60,"caption":"Craftygenesindonesia"},"image":{"@id":"https:\/\/craftygenesindonesia.com\/fr\/#\/schema\/logo\/image\/"}}]}},"_links":{"self":[{"href":"https:\/\/craftygenesindonesia.com\/fr\/wp-json\/wp\/v2\/product\/19684","targetHints":{"allow":["GET"]}}],"collection":[{"href":"https:\/\/craftygenesindonesia.com\/fr\/wp-json\/wp\/v2\/product"}],"about":[{"href":"https:\/\/craftygenesindonesia.com\/fr\/wp-json\/wp\/v2\/types\/product"}],"replies":[{"embeddable":true,"href":"https:\/\/craftygenesindonesia.com\/fr\/wp-json\/wp\/v2\/comments?post=19684"}],"wp:featuredmedia":[{"embeddable":true,"href":"https:\/\/craftygenesindonesia.com\/fr\/wp-json\/wp\/v2\/media\/987525869"}],"wp:attachment":[{"href":"https:\/\/craftygenesindonesia.com\/fr\/wp-json\/wp\/v2\/media?parent=19684"}],"wp:term":[{"taxonomy":"product_brand","embeddable":true,"href":"https:\/\/craftygenesindonesia.com\/fr\/wp-json\/wp\/v2\/product_brand?post=19684"},{"taxonomy":"product_cat","embeddable":true,"href":"https:\/\/craftygenesindonesia.com\/fr\/wp-json\/wp\/v2\/product_cat?post=19684"},{"taxonomy":"product_tag","embeddable":true,"href":"https:\/\/craftygenesindonesia.com\/fr\/wp-json\/wp\/v2\/product_tag?post=19684"}],"curies":[{"name":"wp","href":"https:\/\/api.w.org\/{rel}","templated":true}]}}