{"id":19634,"date":"2023-05-19T11:00:39","date_gmt":"2023-05-19T03:00:39","guid":{"rendered":"https:\/\/craftygenesindonesia.com\/?post_type=product&#038;p=19634"},"modified":"2026-03-24T06:49:13","modified_gmt":"2026-03-23T22:49:13","slug":"mimi-conte-de-fee-edition","status":"publish","type":"product","link":"https:\/\/craftygenesindonesia.com\/fr\/shop\/poupees-pour-enfants\/mimi-conte-de-fee-edition\/","title":{"rendered":"Mimi, \u00e9dition contes de f\u00e9es"},"content":{"rendered":"<p>Les 4 poup\u00e9es mesurent 16 cm de haut. Elles sont r\u00e9alis\u00e9es avec un fil l\u00e9ger (3) adapt\u00e9 \u00e0 l&#8217;amigurumi et un crochet de taille 2mm.<\/p>\n<p>Vous aurez besoin des couleurs suivantes :<br \/>\n&#8211; Noir : 40-60m\/45-65yd<br \/>\n&#8211; Bleu : 5-10m\/5-10yd<br \/>\n&#8211; Marron fonc\u00e9 : 75-95m\/85-105yd<br \/>\n&#8211; Rose fonc\u00e9 : 5-10m\/5-10yd<br \/>\n&#8211; Jaune fonc\u00e9 : 10-20m\/10-20yd<br \/>\n&#8211; Bleu clair : 30-40m\/35-45yd<br \/>\n&#8211; Rose : 35-45m\/40-50yd<br \/>\n&#8211; Rouge : 15-25m\/17-27yd<br \/>\n&#8211; Couleur de la peau : 220m-230m\/240-250yd<br \/>\n&#8211; Blanc : 20-30m\/22-32yd<br \/>\n&#8211; Jaune : 135-155m\/150-170yd<\/p>\n<p>Vous aurez \u00e9galement besoin de : rembourrage &#8211; marqueurs de points &#8211; aiguille \u00e0 tapisserie &#8211; ciseaux &#8211; colle &#8211; pistolet \u00e0 colle &#8211; carton &#8211; baguettes (pour maintenir les t\u00eates en l&#8217;air) &#8211; yeux de s\u00e9curit\u00e9 de 8 mm<\/p>\n<p>Crochet : taille 2mm<\/p>\n<p>Ce mod\u00e8le de crochet comprend de nombreuses photos pour vous aider. Si vous avez encore des questions, n&#8217;h\u00e9sitez pas \u00e0 me contacter \u00e0 : craftygenesindonesia@gmail.com<\/p>\n<p>Ce mod\u00e8le est un mod\u00e8le PAY\u00c9 et il y a un COPYRIGHT dessus. Le patron est donc r\u00e9serv\u00e9 \u00e0 un usage personnel et ne peut PAS \u00eatre copi\u00e9, vendu, revendu, traduit, revendiqu\u00e9 comme votre mod\u00e8le, distribu\u00e9, partag\u00e9, publi\u00e9, mis en ligne&#8230; sous quelque forme que ce soit sans mon consentement. M\u00eame pas en partie !!!<\/p>\n<p>Vous pouvez vendre les poup\u00e9es Mimi finies en petites quantit\u00e9s MAIS PAS LE MODELE EN LUI-MEME ! Veuillez mentionner que le patron est de Craftygenesindonesia et o\u00f9 il peut \u00eatre achet\u00e9.<\/p>\n","protected":false},"excerpt":{"rendered":"<p>Voici un mod\u00e8le de crochet 4 en 1 pour 4 petites poup\u00e9es qui rendront les enfants vraiment tr\u00e8s heureux.\u00a0 Un must pour vous si vous cherchez \u00e0 faire quelque chose pour les enfants (ou m\u00eame pour vous&#8230;).<\/p>\n<p>Bient\u00f4t en fran\u00e7ais<\/p>\n","protected":false},"featured_media":339160,"comment_status":"open","ping_status":"closed","template":"","meta":{"_acf_changed":false},"product_brand":[],"product_cat":[3663],"product_tag":[11567,10990,11118,11546,11090,11041,11278],"class_list":{"0":"post-19634","1":"product","2":"type-product","3":"status-publish","4":"has-post-thumbnail","6":"product_cat-poupees-pour-enfants","7":"product_tag-blanc-neige","8":"product_tag-cendrillon-fr","9":"product_tag-conte-de-fees-fr","10":"product_tag-la-belle-au-bois-dormant","11":"product_tag-poupee-fr","12":"product_tag-poupee-au-crochet","13":"product_tag-poupees-pour-enfants","14":"pa_available_on-craftygenesindonesia","15":"pa_available_on-ravelry","16":"pa_languages-americain","17":"pa_languages-neerlandais","19":"first","20":"instock","21":"downloadable","22":"virtual","23":"purchasable","24":"product-type-simple"},"acf":[],"yoast_head":"<!-- This site is optimized with the Yoast SEO plugin v27.4 - https:\/\/yoast.com\/product\/yoast-seo-wordpress\/ -->\n<title>Mimi, \u00e9dition contes de f\u00e9es mod\u00e8le de crochet - Craftygenesindonesia<\/title>\n<meta name=\"description\" content=\"Achetez ici mon patron de crochet &quot;Mimi, \u00e9dition contes de f\u00e9es&quot; en anglais et en n\u00e9erlandais. Egalement disponible sur Haked.nl, Etsy, Ravelry.\" \/>\n<meta name=\"robots\" content=\"index, follow, max-snippet:-1, max-image-preview:large, max-video-preview:-1\" \/>\n<link rel=\"canonical\" href=\"https:\/\/craftygenesindonesia.com\/fr\/shop\/poupees-pour-enfants\/mimi-conte-de-fee-edition\/\" \/>\n<meta property=\"og:locale\" content=\"fr_FR\" \/>\n<meta property=\"og:type\" content=\"article\" \/>\n<meta property=\"og:title\" content=\"Mimi, \u00e9dition contes de f\u00e9es mod\u00e8le de crochet - Craftygenesindonesia\" \/>\n<meta property=\"og:description\" content=\"Achetez ici mon patron de crochet &quot;Mimi, \u00e9dition contes de f\u00e9es&quot; en anglais et en n\u00e9erlandais. Egalement disponible sur Haked.nl, Etsy, Ravelry.\" \/>\n<meta property=\"og:url\" content=\"https:\/\/craftygenesindonesia.com\/fr\/shop\/poupees-pour-enfants\/mimi-conte-de-fee-edition\/\" \/>\n<meta property=\"og:site_name\" content=\"Craftygenesindonesia\" \/>\n<meta property=\"article:modified_time\" content=\"2026-03-23T22:49:13+00:00\" \/>\n<meta property=\"og:image\" content=\"https:\/\/craftygenesindonesia.com\/wp-content\/uploads\/2023\/05\/IMG_1320-300x300.jpg\" \/>\n<meta name=\"twitter:card\" content=\"summary_large_image\" \/>\n<meta name=\"twitter:image\" content=\"https:\/\/craftygenesindonesia.com\/wp-content\/uploads\/2023\/05\/IMG_1320.jpg\" \/>\n<meta name=\"twitter:label1\" content=\"Dur\u00e9e de lecture estim\u00e9e\" \/>\n\t<meta name=\"twitter:data1\" content=\"2 minutes\" \/>\n<script type=\"application\/ld+json\" class=\"yoast-schema-graph\">{\"@context\":\"https:\\\/\\\/schema.org\",\"@graph\":[{\"@type\":\"WebPage\",\"@id\":\"https:\\\/\\\/craftygenesindonesia.com\\\/fr\\\/shop\\\/poupees-pour-enfants\\\/mimi-conte-de-fee-edition\\\/\",\"url\":\"https:\\\/\\\/craftygenesindonesia.com\\\/fr\\\/shop\\\/poupees-pour-enfants\\\/mimi-conte-de-fee-edition\\\/\",\"name\":\"Mimi, \u00e9dition contes de f\u00e9es mod\u00e8le de crochet - Craftygenesindonesia\",\"isPartOf\":{\"@id\":\"https:\\\/\\\/craftygenesindonesia.com\\\/fr\\\/#website\"},\"primaryImageOfPage\":{\"@id\":\"https:\\\/\\\/craftygenesindonesia.com\\\/fr\\\/shop\\\/poupees-pour-enfants\\\/mimi-conte-de-fee-edition\\\/#primaryimage\"},\"image\":{\"@id\":\"https:\\\/\\\/craftygenesindonesia.com\\\/fr\\\/shop\\\/poupees-pour-enfants\\\/mimi-conte-de-fee-edition\\\/#primaryimage\"},\"thumbnailUrl\":\"https:\\\/\\\/craftygenesindonesia.com\\\/wp-content\\\/uploads\\\/2023\\\/05\\\/IMG_1315.jpg\",\"datePublished\":\"2023-05-19T03:00:39+00:00\",\"dateModified\":\"2026-03-23T22:49:13+00:00\",\"description\":\"Achetez ici mon patron de crochet \\\"Mimi, \u00e9dition contes de f\u00e9es\\\" en anglais et en n\u00e9erlandais. Egalement disponible sur Haked.nl, Etsy, Ravelry.\",\"breadcrumb\":{\"@id\":\"https:\\\/\\\/craftygenesindonesia.com\\\/fr\\\/shop\\\/poupees-pour-enfants\\\/mimi-conte-de-fee-edition\\\/#breadcrumb\"},\"inLanguage\":\"fr-FR\",\"potentialAction\":[{\"@type\":\"ReadAction\",\"target\":[\"https:\\\/\\\/craftygenesindonesia.com\\\/fr\\\/shop\\\/poupees-pour-enfants\\\/mimi-conte-de-fee-edition\\\/\"]}]},{\"@type\":\"ImageObject\",\"inLanguage\":\"fr-FR\",\"@id\":\"https:\\\/\\\/craftygenesindonesia.com\\\/fr\\\/shop\\\/poupees-pour-enfants\\\/mimi-conte-de-fee-edition\\\/#primaryimage\",\"url\":\"https:\\\/\\\/craftygenesindonesia.com\\\/wp-content\\\/uploads\\\/2023\\\/05\\\/IMG_1315.jpg\",\"contentUrl\":\"https:\\\/\\\/craftygenesindonesia.com\\\/wp-content\\\/uploads\\\/2023\\\/05\\\/IMG_1315.jpg\",\"width\":1024,\"height\":1024,\"caption\":\"Mimi, Fairy Tale Edition\"},{\"@type\":\"BreadcrumbList\",\"@id\":\"https:\\\/\\\/craftygenesindonesia.com\\\/fr\\\/shop\\\/poupees-pour-enfants\\\/mimi-conte-de-fee-edition\\\/#breadcrumb\",\"itemListElement\":[{\"@type\":\"ListItem\",\"position\":1,\"name\":\"Home\",\"item\":\"https:\\\/\\\/craftygenesindonesia.com\\\/fr\\\/\"},{\"@type\":\"ListItem\",\"position\":2,\"name\":\"Boutique de mod\u00e8les\",\"item\":\"https:\\\/\\\/craftygenesindonesia.com\\\/fr\\\/boutique\\\/\"},{\"@type\":\"ListItem\",\"position\":3,\"name\":\"Mimi, \u00e9dition contes de f\u00e9es\"}]},{\"@type\":\"WebSite\",\"@id\":\"https:\\\/\\\/craftygenesindonesia.com\\\/fr\\\/#website\",\"url\":\"https:\\\/\\\/craftygenesindonesia.com\\\/fr\\\/\",\"name\":\"Craftygenesindonesia\",\"description\":\"\",\"publisher\":{\"@id\":\"https:\\\/\\\/craftygenesindonesia.com\\\/fr\\\/#organization\"},\"potentialAction\":[{\"@type\":\"SearchAction\",\"target\":{\"@type\":\"EntryPoint\",\"urlTemplate\":\"https:\\\/\\\/craftygenesindonesia.com\\\/fr\\\/?s={search_term_string}\"},\"query-input\":{\"@type\":\"PropertyValueSpecification\",\"valueRequired\":true,\"valueName\":\"search_term_string\"}}],\"inLanguage\":\"fr-FR\"},{\"@type\":\"Organization\",\"@id\":\"https:\\\/\\\/craftygenesindonesia.com\\\/fr\\\/#organization\",\"name\":\"Craftygenesindonesia\",\"url\":\"https:\\\/\\\/craftygenesindonesia.com\\\/fr\\\/\",\"logo\":{\"@type\":\"ImageObject\",\"inLanguage\":\"fr-FR\",\"@id\":\"https:\\\/\\\/craftygenesindonesia.com\\\/fr\\\/#\\\/schema\\\/logo\\\/image\\\/\",\"url\":\"https:\\\/\\\/craftygenesindonesia.com\\\/wp-content\\\/uploads\\\/2025\\\/11\\\/cropped-Copy-of-Craftygenesindonesia.jpg\",\"contentUrl\":\"https:\\\/\\\/craftygenesindonesia.com\\\/wp-content\\\/uploads\\\/2025\\\/11\\\/cropped-Copy-of-Craftygenesindonesia.jpg\",\"width\":180,\"height\":60,\"caption\":\"Craftygenesindonesia\"},\"image\":{\"@id\":\"https:\\\/\\\/craftygenesindonesia.com\\\/fr\\\/#\\\/schema\\\/logo\\\/image\\\/\"}}]}<\/script>\n<!-- \/ Yoast SEO plugin. -->","yoast_head_json":{"title":"Mimi, \u00e9dition contes de f\u00e9es mod\u00e8le de crochet - Craftygenesindonesia","description":"Achetez ici mon patron de crochet \"Mimi, \u00e9dition contes de f\u00e9es\" en anglais et en n\u00e9erlandais. Egalement disponible sur Haked.nl, Etsy, Ravelry.","robots":{"index":"index","follow":"follow","max-snippet":"max-snippet:-1","max-image-preview":"max-image-preview:large","max-video-preview":"max-video-preview:-1"},"canonical":"https:\/\/craftygenesindonesia.com\/fr\/shop\/poupees-pour-enfants\/mimi-conte-de-fee-edition\/","og_locale":"fr_FR","og_type":"article","og_title":"Mimi, \u00e9dition contes de f\u00e9es mod\u00e8le de crochet - Craftygenesindonesia","og_description":"Achetez ici mon patron de crochet \"Mimi, \u00e9dition contes de f\u00e9es\" en anglais et en n\u00e9erlandais. Egalement disponible sur Haked.nl, Etsy, Ravelry.","og_url":"https:\/\/craftygenesindonesia.com\/fr\/shop\/poupees-pour-enfants\/mimi-conte-de-fee-edition\/","og_site_name":"Craftygenesindonesia","article_modified_time":"2026-03-23T22:49:13+00:00","og_image":[{"url":"https:\/\/craftygenesindonesia.com\/wp-content\/uploads\/2023\/05\/IMG_1320-300x300.jpg","type":"","width":"","height":""}],"twitter_card":"summary_large_image","twitter_image":"https:\/\/craftygenesindonesia.com\/wp-content\/uploads\/2023\/05\/IMG_1320.jpg","twitter_misc":{"Dur\u00e9e de lecture estim\u00e9e":"2 minutes"},"schema":{"@context":"https:\/\/schema.org","@graph":[{"@type":"WebPage","@id":"https:\/\/craftygenesindonesia.com\/fr\/shop\/poupees-pour-enfants\/mimi-conte-de-fee-edition\/","url":"https:\/\/craftygenesindonesia.com\/fr\/shop\/poupees-pour-enfants\/mimi-conte-de-fee-edition\/","name":"Mimi, \u00e9dition contes de f\u00e9es mod\u00e8le de crochet - Craftygenesindonesia","isPartOf":{"@id":"https:\/\/craftygenesindonesia.com\/fr\/#website"},"primaryImageOfPage":{"@id":"https:\/\/craftygenesindonesia.com\/fr\/shop\/poupees-pour-enfants\/mimi-conte-de-fee-edition\/#primaryimage"},"image":{"@id":"https:\/\/craftygenesindonesia.com\/fr\/shop\/poupees-pour-enfants\/mimi-conte-de-fee-edition\/#primaryimage"},"thumbnailUrl":"https:\/\/craftygenesindonesia.com\/wp-content\/uploads\/2023\/05\/IMG_1315.jpg","datePublished":"2023-05-19T03:00:39+00:00","dateModified":"2026-03-23T22:49:13+00:00","description":"Achetez ici mon patron de crochet \"Mimi, \u00e9dition contes de f\u00e9es\" en anglais et en n\u00e9erlandais. Egalement disponible sur Haked.nl, Etsy, Ravelry.","breadcrumb":{"@id":"https:\/\/craftygenesindonesia.com\/fr\/shop\/poupees-pour-enfants\/mimi-conte-de-fee-edition\/#breadcrumb"},"inLanguage":"fr-FR","potentialAction":[{"@type":"ReadAction","target":["https:\/\/craftygenesindonesia.com\/fr\/shop\/poupees-pour-enfants\/mimi-conte-de-fee-edition\/"]}]},{"@type":"ImageObject","inLanguage":"fr-FR","@id":"https:\/\/craftygenesindonesia.com\/fr\/shop\/poupees-pour-enfants\/mimi-conte-de-fee-edition\/#primaryimage","url":"https:\/\/craftygenesindonesia.com\/wp-content\/uploads\/2023\/05\/IMG_1315.jpg","contentUrl":"https:\/\/craftygenesindonesia.com\/wp-content\/uploads\/2023\/05\/IMG_1315.jpg","width":1024,"height":1024,"caption":"Mimi, Fairy Tale Edition"},{"@type":"BreadcrumbList","@id":"https:\/\/craftygenesindonesia.com\/fr\/shop\/poupees-pour-enfants\/mimi-conte-de-fee-edition\/#breadcrumb","itemListElement":[{"@type":"ListItem","position":1,"name":"Home","item":"https:\/\/craftygenesindonesia.com\/fr\/"},{"@type":"ListItem","position":2,"name":"Boutique de mod\u00e8les","item":"https:\/\/craftygenesindonesia.com\/fr\/boutique\/"},{"@type":"ListItem","position":3,"name":"Mimi, \u00e9dition contes de f\u00e9es"}]},{"@type":"WebSite","@id":"https:\/\/craftygenesindonesia.com\/fr\/#website","url":"https:\/\/craftygenesindonesia.com\/fr\/","name":"Craftygenesindonesia","description":"","publisher":{"@id":"https:\/\/craftygenesindonesia.com\/fr\/#organization"},"potentialAction":[{"@type":"SearchAction","target":{"@type":"EntryPoint","urlTemplate":"https:\/\/craftygenesindonesia.com\/fr\/?s={search_term_string}"},"query-input":{"@type":"PropertyValueSpecification","valueRequired":true,"valueName":"search_term_string"}}],"inLanguage":"fr-FR"},{"@type":"Organization","@id":"https:\/\/craftygenesindonesia.com\/fr\/#organization","name":"Craftygenesindonesia","url":"https:\/\/craftygenesindonesia.com\/fr\/","logo":{"@type":"ImageObject","inLanguage":"fr-FR","@id":"https:\/\/craftygenesindonesia.com\/fr\/#\/schema\/logo\/image\/","url":"https:\/\/craftygenesindonesia.com\/wp-content\/uploads\/2025\/11\/cropped-Copy-of-Craftygenesindonesia.jpg","contentUrl":"https:\/\/craftygenesindonesia.com\/wp-content\/uploads\/2025\/11\/cropped-Copy-of-Craftygenesindonesia.jpg","width":180,"height":60,"caption":"Craftygenesindonesia"},"image":{"@id":"https:\/\/craftygenesindonesia.com\/fr\/#\/schema\/logo\/image\/"}}]}},"_links":{"self":[{"href":"https:\/\/craftygenesindonesia.com\/fr\/wp-json\/wp\/v2\/product\/19634","targetHints":{"allow":["GET"]}}],"collection":[{"href":"https:\/\/craftygenesindonesia.com\/fr\/wp-json\/wp\/v2\/product"}],"about":[{"href":"https:\/\/craftygenesindonesia.com\/fr\/wp-json\/wp\/v2\/types\/product"}],"replies":[{"embeddable":true,"href":"https:\/\/craftygenesindonesia.com\/fr\/wp-json\/wp\/v2\/comments?post=19634"}],"wp:featuredmedia":[{"embeddable":true,"href":"https:\/\/craftygenesindonesia.com\/fr\/wp-json\/wp\/v2\/media\/339160"}],"wp:attachment":[{"href":"https:\/\/craftygenesindonesia.com\/fr\/wp-json\/wp\/v2\/media?parent=19634"}],"wp:term":[{"taxonomy":"product_brand","embeddable":true,"href":"https:\/\/craftygenesindonesia.com\/fr\/wp-json\/wp\/v2\/product_brand?post=19634"},{"taxonomy":"product_cat","embeddable":true,"href":"https:\/\/craftygenesindonesia.com\/fr\/wp-json\/wp\/v2\/product_cat?post=19634"},{"taxonomy":"product_tag","embeddable":true,"href":"https:\/\/craftygenesindonesia.com\/fr\/wp-json\/wp\/v2\/product_tag?post=19634"}],"curies":[{"name":"wp","href":"https:\/\/api.w.org\/{rel}","templated":true}]}}