{"id":19624,"date":"2023-05-05T04:29:48","date_gmt":"2023-05-04T20:29:48","guid":{"rendered":"https:\/\/craftygenesindonesia.com\/?post_type=product&#038;p=19624"},"modified":"2026-03-24T06:52:27","modified_gmt":"2026-03-23T22:52:27","slug":"le-traineau-de-noel","status":"publish","type":"product","link":"https:\/\/craftygenesindonesia.com\/fr\/shop\/3d\/le-traineau-de-noel\/","title":{"rendered":"Le tra\u00eeneau de No\u00ebl"},"content":{"rendered":"<p><em>Tout ce que vous voyez dans les photos est inclus dans le patron.<\/em><\/p>\n<p>Taille :<br \/>\nTaille finie du tra\u00eeneau : 31x24x21cm &#8211; 12.2&#215;9.5&#215;8.3inch (sans compter la largeur des rails)<br \/>\nTaille finie des rennes : 29Wx28Hcm &#8211; 11.4Wx11Hinch (y compris les bois)<\/p>\n<p>Le tra\u00eeneau de No\u00ebl, les rennes et tout le reste sont r\u00e9alis\u00e9s avec un fil de poids \u201cFINGERING\u201d adapt\u00e9 \u00e0 l\u2019amigurumi et un crochet de taille 2mm.<\/p>\n<p>Vous aurez besoin des couleurs suivantes : beige, noir, marron, marron fonc\u00e9, rouge fonc\u00e9, vert, or m\u00e9tallique, rouge, couleur chair, blanc, jaune,<\/p>\n<p>Vous aurez \u00e9galement besoin de 15 m\u00e8tres de fil suppl\u00e9mentaire pour chaque bo\u00eete cadeau (j\u2019ai utilis\u00e9 du rose, du bleu clair, de l\u2019orange, de l\u2019or m\u00e9tallique, du violet, du vert et du jaune).<\/p>\n<p>Vous aurez \u00e9galement besoin de Fil chenille : blanc : 30-40m\/33-43yd (habituellement utilis\u00e9 pour un crochet de 3-4mm mais j\u2019ai utilis\u00e9 mon crochet de 2mm pour celui-ci)<\/p>\n<p>Vous aurez \u00e9galement besoin de : Bourre &#8211; aiguille \u00e0 tapisserie &#8211; ciseaux &#8211; crayon &#8211; colle &#8211; pistolet \u00e0 colle &#8211; coton-tige &#8211; r\u00e8gle &#8211; \u00e9pingles \u00e0 coudre &#8211; carton &#8211; fil d\u2019aluminium &#8211; pince coupante &#8211; fil de perles dor\u00e9es de 3 mm et 2 mm &#8211; yeux de s\u00e9curit\u00e9 ovales &#8211; clochettes de 7 et 15 mm &#8211; or et vert m\u00e9tallis\u00e9s.<\/p>\n<p>Entoilage : un grand morceau d\u2019entoilage de sac \u00e0 main \u00e9pais et lourd (vous pouvez \u00e9galement superposer des couches d\u2019entoilage plus fin ou m\u00eame ajouter des couches de feutre jusqu\u2019\u00e0 ce qu\u2019il soit suffisamment \u00e9pais) ou de la mousse Eva (elle doit \u00eatre assez rigide) Vous pouvez m\u00eame utiliser un tapis de sol en mousse.<\/p>\n<p>Crochet : taille 2mm<\/p>\n<p>Ce mod\u00e8le est un mod\u00e8le \u00e9crit avec de nombreuses photos pour vous aider. Si vous avez encore des questions, envoyez-moi un message \u00e0 :\u00a0<a href=\"mailto:craftygenesindonesia@gmail.com\">craftygenesindonesia@gmail.com<\/a><\/p>\n<p><strong>-Ce mod\u00e8le est destin\u00e9 \u00e0 un usage personnel uniquement et il est prot\u00e9g\u00e9 par un COPYRIGHT. Le mod\u00e8le ne peut donc PAS \u00eatre copi\u00e9, vendu, revendu, traduit, revendiqu\u00e9 comme votre mod\u00e8le, distribu\u00e9, partag\u00e9, publi\u00e9, mis en ligne\u2026 sous quelque forme que ce soit sans mon consentement. M\u00eame pas en partie !!!<\/strong><\/p>\n<p><strong>-Vous pouvez vendre l\u2019article fini en petites quantit\u00e9s MAIS PAS LE MODELE EN LUI-M\u00caME ! Veuillez mentionner que le mod\u00e8le est de Craftygenesindonesia et o\u00f9 il peut \u00eatre achet\u00e9.<\/strong><\/p>\n","protected":false},"excerpt":{"rendered":"<p>Vous \u00eates \u00e0 la recherche d&#8217;une superbe d\u00e9coration de No\u00ebl \u00e0 r\u00e9aliser et \u00e0 aimer pendant de nombreuses ann\u00e9es ?\u00a0 Alors ce mod\u00e8le est fait pour vous !\u00a0 Tout est inclus dans le patron : le tra\u00eeneau, les rennes, le P\u00e8re No\u00ebl, le sapin de No\u00ebl, les cadeaux, les sucres d&#8217;orge et les sucettes !\u00a0 Tout est inclus !<\/p>\n","protected":false},"featured_media":987525088,"comment_status":"open","ping_status":"closed","template":"","meta":{"_acf_changed":false},"product_brand":[],"product_cat":[3635,3643,3653],"product_tag":[10639,10871,12694,11810,12109,11811,11816,10801,11145,11494,8627,11808,11040,11548,11818],"class_list":{"0":"post-19624","1":"product","2":"type-product","3":"status-publish","4":"has-post-thumbnail","6":"product_cat-3d","7":"product_cat-animaux","8":"product_cat-noel","9":"product_tag-arbre-de-noel-fr","10":"product_tag-balle","11":"product_tag-boom","12":"product_tag-geschenkdozen-fr","13":"product_tag-gift-fr","14":"product_tag-kerst-versiering-fr","15":"product_tag-kerstman-fr","16":"product_tag-lhiver","17":"product_tag-pere-noel-fr","18":"product_tag-reindeer-fr","19":"product_tag-santa-fr","20":"product_tag-sneeuwman-fr","21":"product_tag-sucre-dorge-au-crochet","22":"product_tag-traineau","23":"product_tag-zuurstok-fr","24":"pa_available_on-craftygenesindonesia","25":"pa_available_on-etsy","26":"pa_available_on-haked-nl","27":"pa_available_on-payhip","28":"pa_available_on-ravelry","29":"pa_languages-allemand","30":"pa_languages-americain","31":"pa_languages-espagnol","32":"pa_languages-francais","33":"pa_languages-neerlandais","34":"pa_languages-portugais","36":"first","37":"instock","38":"downloadable","39":"virtual","40":"purchasable","41":"product-type-simple"},"acf":[],"yoast_head":"<!-- This site is optimized with the Yoast SEO plugin v27.3 - https:\/\/yoast.com\/product\/yoast-seo-wordpress\/ -->\n<title>Le tra\u00eeneau de No\u00ebl mod\u00e8le de crochet - Craftygenesindonesia<\/title>\n<meta name=\"description\" content=\"Achetez ici mon mod\u00e8le de crochet &quot;Le tra\u00eeneau de No\u00ebl&quot;. Le mod\u00e8le de crochet est \u00e9galement disponible sur Etsy, Haked, Ravelry, Payhip\" \/>\n<meta name=\"robots\" content=\"index, follow, max-snippet:-1, max-image-preview:large, max-video-preview:-1\" \/>\n<link rel=\"canonical\" href=\"https:\/\/craftygenesindonesia.com\/fr\/shop\/3d\/le-traineau-de-noel\/\" \/>\n<meta property=\"og:locale\" content=\"fr_FR\" \/>\n<meta property=\"og:type\" content=\"article\" \/>\n<meta property=\"og:title\" content=\"Mod\u00e8le de crochet &quot;Le tra\u00eeneau de No\u00ebl&quot;\" \/>\n<meta property=\"og:description\" content=\"Achetez ici mon mod\u00e8le de crochet &quot;Le tra\u00eeneau de No\u00ebl&quot;. Le mod\u00e8le de crochet est \u00e9galement disponible sur Etsy, Haked, Ravelry, Payhip\" \/>\n<meta property=\"og:url\" content=\"https:\/\/craftygenesindonesia.com\/fr\/shop\/3d\/le-traineau-de-noel\/\" \/>\n<meta property=\"og:site_name\" content=\"Craftygenesindonesia\" \/>\n<meta property=\"article:modified_time\" content=\"2026-03-23T22:52:27+00:00\" \/>\n<meta property=\"og:image\" content=\"https:\/\/craftygenesindonesia.com\/wp-content\/uploads\/2023\/05\/The-Crafty-Christmas-Sleigh-1.jpg\" \/>\n\t<meta property=\"og:image:width\" content=\"1080\" \/>\n\t<meta property=\"og:image:height\" content=\"1080\" \/>\n\t<meta property=\"og:image:type\" content=\"image\/jpeg\" \/>\n<meta name=\"twitter:card\" content=\"summary_large_image\" \/>\n<meta name=\"twitter:image\" content=\"https:\/\/craftygenesindonesia.com\/wp-content\/uploads\/2023\/05\/1.png\" \/>\n<meta name=\"twitter:label1\" content=\"Dur\u00e9e de lecture estim\u00e9e\" \/>\n\t<meta name=\"twitter:data1\" content=\"2 minutes\" \/>\n<script type=\"application\/ld+json\" class=\"yoast-schema-graph\">{\"@context\":\"https:\\\/\\\/schema.org\",\"@graph\":[{\"@type\":\"WebPage\",\"@id\":\"https:\\\/\\\/craftygenesindonesia.com\\\/fr\\\/shop\\\/3d\\\/le-traineau-de-noel\\\/\",\"url\":\"https:\\\/\\\/craftygenesindonesia.com\\\/fr\\\/shop\\\/3d\\\/le-traineau-de-noel\\\/\",\"name\":\"Le tra\u00eeneau de No\u00ebl mod\u00e8le de crochet - Craftygenesindonesia\",\"isPartOf\":{\"@id\":\"https:\\\/\\\/craftygenesindonesia.com\\\/fr\\\/#website\"},\"primaryImageOfPage\":{\"@id\":\"https:\\\/\\\/craftygenesindonesia.com\\\/fr\\\/shop\\\/3d\\\/le-traineau-de-noel\\\/#primaryimage\"},\"image\":{\"@id\":\"https:\\\/\\\/craftygenesindonesia.com\\\/fr\\\/shop\\\/3d\\\/le-traineau-de-noel\\\/#primaryimage\"},\"thumbnailUrl\":\"https:\\\/\\\/craftygenesindonesia.com\\\/wp-content\\\/uploads\\\/2023\\\/05\\\/The-Crafty-Christmas-Sleigh-1.jpg\",\"datePublished\":\"2023-05-04T20:29:48+00:00\",\"dateModified\":\"2026-03-23T22:52:27+00:00\",\"description\":\"Achetez ici mon mod\u00e8le de crochet \\\"Le tra\u00eeneau de No\u00ebl\\\". Le mod\u00e8le de crochet est \u00e9galement disponible sur Etsy, Haked, Ravelry, Payhip\",\"breadcrumb\":{\"@id\":\"https:\\\/\\\/craftygenesindonesia.com\\\/fr\\\/shop\\\/3d\\\/le-traineau-de-noel\\\/#breadcrumb\"},\"inLanguage\":\"fr-FR\",\"potentialAction\":[{\"@type\":\"ReadAction\",\"target\":[\"https:\\\/\\\/craftygenesindonesia.com\\\/fr\\\/shop\\\/3d\\\/le-traineau-de-noel\\\/\"]}]},{\"@type\":\"ImageObject\",\"inLanguage\":\"fr-FR\",\"@id\":\"https:\\\/\\\/craftygenesindonesia.com\\\/fr\\\/shop\\\/3d\\\/le-traineau-de-noel\\\/#primaryimage\",\"url\":\"https:\\\/\\\/craftygenesindonesia.com\\\/wp-content\\\/uploads\\\/2023\\\/05\\\/The-Crafty-Christmas-Sleigh-1.jpg\",\"contentUrl\":\"https:\\\/\\\/craftygenesindonesia.com\\\/wp-content\\\/uploads\\\/2023\\\/05\\\/The-Crafty-Christmas-Sleigh-1.jpg\",\"width\":1080,\"height\":1080,\"caption\":\"crochet Christmas sleigh with crochet Santa, reindeer, gifts, Christmas tree\"},{\"@type\":\"BreadcrumbList\",\"@id\":\"https:\\\/\\\/craftygenesindonesia.com\\\/fr\\\/shop\\\/3d\\\/le-traineau-de-noel\\\/#breadcrumb\",\"itemListElement\":[{\"@type\":\"ListItem\",\"position\":1,\"name\":\"Home\",\"item\":\"https:\\\/\\\/craftygenesindonesia.com\\\/fr\\\/\"},{\"@type\":\"ListItem\",\"position\":2,\"name\":\"Boutique de mod\u00e8les\",\"item\":\"https:\\\/\\\/craftygenesindonesia.com\\\/fr\\\/boutique\\\/\"},{\"@type\":\"ListItem\",\"position\":3,\"name\":\"Le tra\u00eeneau de No\u00ebl\"}]},{\"@type\":\"WebSite\",\"@id\":\"https:\\\/\\\/craftygenesindonesia.com\\\/fr\\\/#website\",\"url\":\"https:\\\/\\\/craftygenesindonesia.com\\\/fr\\\/\",\"name\":\"Craftygenesindonesia\",\"description\":\"\",\"publisher\":{\"@id\":\"https:\\\/\\\/craftygenesindonesia.com\\\/fr\\\/#organization\"},\"potentialAction\":[{\"@type\":\"SearchAction\",\"target\":{\"@type\":\"EntryPoint\",\"urlTemplate\":\"https:\\\/\\\/craftygenesindonesia.com\\\/fr\\\/?s={search_term_string}\"},\"query-input\":{\"@type\":\"PropertyValueSpecification\",\"valueRequired\":true,\"valueName\":\"search_term_string\"}}],\"inLanguage\":\"fr-FR\"},{\"@type\":\"Organization\",\"@id\":\"https:\\\/\\\/craftygenesindonesia.com\\\/fr\\\/#organization\",\"name\":\"Craftygenesindonesia\",\"url\":\"https:\\\/\\\/craftygenesindonesia.com\\\/fr\\\/\",\"logo\":{\"@type\":\"ImageObject\",\"inLanguage\":\"fr-FR\",\"@id\":\"https:\\\/\\\/craftygenesindonesia.com\\\/fr\\\/#\\\/schema\\\/logo\\\/image\\\/\",\"url\":\"https:\\\/\\\/craftygenesindonesia.com\\\/wp-content\\\/uploads\\\/2025\\\/11\\\/cropped-Copy-of-Craftygenesindonesia.jpg\",\"contentUrl\":\"https:\\\/\\\/craftygenesindonesia.com\\\/wp-content\\\/uploads\\\/2025\\\/11\\\/cropped-Copy-of-Craftygenesindonesia.jpg\",\"width\":180,\"height\":60,\"caption\":\"Craftygenesindonesia\"},\"image\":{\"@id\":\"https:\\\/\\\/craftygenesindonesia.com\\\/fr\\\/#\\\/schema\\\/logo\\\/image\\\/\"}}]}<\/script>\n<!-- \/ Yoast SEO plugin. -->","yoast_head_json":{"title":"Le tra\u00eeneau de No\u00ebl mod\u00e8le de crochet - Craftygenesindonesia","description":"Achetez ici mon mod\u00e8le de crochet \"Le tra\u00eeneau de No\u00ebl\". Le mod\u00e8le de crochet est \u00e9galement disponible sur Etsy, Haked, Ravelry, Payhip","robots":{"index":"index","follow":"follow","max-snippet":"max-snippet:-1","max-image-preview":"max-image-preview:large","max-video-preview":"max-video-preview:-1"},"canonical":"https:\/\/craftygenesindonesia.com\/fr\/shop\/3d\/le-traineau-de-noel\/","og_locale":"fr_FR","og_type":"article","og_title":"Mod\u00e8le de crochet \"Le tra\u00eeneau de No\u00ebl\"","og_description":"Achetez ici mon mod\u00e8le de crochet \"Le tra\u00eeneau de No\u00ebl\". Le mod\u00e8le de crochet est \u00e9galement disponible sur Etsy, Haked, Ravelry, Payhip","og_url":"https:\/\/craftygenesindonesia.com\/fr\/shop\/3d\/le-traineau-de-noel\/","og_site_name":"Craftygenesindonesia","article_modified_time":"2026-03-23T22:52:27+00:00","og_image":[{"width":1080,"height":1080,"url":"https:\/\/craftygenesindonesia.com\/wp-content\/uploads\/2023\/05\/The-Crafty-Christmas-Sleigh-1.jpg","type":"image\/jpeg"}],"twitter_card":"summary_large_image","twitter_image":"https:\/\/craftygenesindonesia.com\/wp-content\/uploads\/2023\/05\/1.png","twitter_misc":{"Dur\u00e9e de lecture estim\u00e9e":"2 minutes"},"schema":{"@context":"https:\/\/schema.org","@graph":[{"@type":"WebPage","@id":"https:\/\/craftygenesindonesia.com\/fr\/shop\/3d\/le-traineau-de-noel\/","url":"https:\/\/craftygenesindonesia.com\/fr\/shop\/3d\/le-traineau-de-noel\/","name":"Le tra\u00eeneau de No\u00ebl mod\u00e8le de crochet - Craftygenesindonesia","isPartOf":{"@id":"https:\/\/craftygenesindonesia.com\/fr\/#website"},"primaryImageOfPage":{"@id":"https:\/\/craftygenesindonesia.com\/fr\/shop\/3d\/le-traineau-de-noel\/#primaryimage"},"image":{"@id":"https:\/\/craftygenesindonesia.com\/fr\/shop\/3d\/le-traineau-de-noel\/#primaryimage"},"thumbnailUrl":"https:\/\/craftygenesindonesia.com\/wp-content\/uploads\/2023\/05\/The-Crafty-Christmas-Sleigh-1.jpg","datePublished":"2023-05-04T20:29:48+00:00","dateModified":"2026-03-23T22:52:27+00:00","description":"Achetez ici mon mod\u00e8le de crochet \"Le tra\u00eeneau de No\u00ebl\". Le mod\u00e8le de crochet est \u00e9galement disponible sur Etsy, Haked, Ravelry, Payhip","breadcrumb":{"@id":"https:\/\/craftygenesindonesia.com\/fr\/shop\/3d\/le-traineau-de-noel\/#breadcrumb"},"inLanguage":"fr-FR","potentialAction":[{"@type":"ReadAction","target":["https:\/\/craftygenesindonesia.com\/fr\/shop\/3d\/le-traineau-de-noel\/"]}]},{"@type":"ImageObject","inLanguage":"fr-FR","@id":"https:\/\/craftygenesindonesia.com\/fr\/shop\/3d\/le-traineau-de-noel\/#primaryimage","url":"https:\/\/craftygenesindonesia.com\/wp-content\/uploads\/2023\/05\/The-Crafty-Christmas-Sleigh-1.jpg","contentUrl":"https:\/\/craftygenesindonesia.com\/wp-content\/uploads\/2023\/05\/The-Crafty-Christmas-Sleigh-1.jpg","width":1080,"height":1080,"caption":"crochet Christmas sleigh with crochet Santa, reindeer, gifts, Christmas tree"},{"@type":"BreadcrumbList","@id":"https:\/\/craftygenesindonesia.com\/fr\/shop\/3d\/le-traineau-de-noel\/#breadcrumb","itemListElement":[{"@type":"ListItem","position":1,"name":"Home","item":"https:\/\/craftygenesindonesia.com\/fr\/"},{"@type":"ListItem","position":2,"name":"Boutique de mod\u00e8les","item":"https:\/\/craftygenesindonesia.com\/fr\/boutique\/"},{"@type":"ListItem","position":3,"name":"Le tra\u00eeneau de No\u00ebl"}]},{"@type":"WebSite","@id":"https:\/\/craftygenesindonesia.com\/fr\/#website","url":"https:\/\/craftygenesindonesia.com\/fr\/","name":"Craftygenesindonesia","description":"","publisher":{"@id":"https:\/\/craftygenesindonesia.com\/fr\/#organization"},"potentialAction":[{"@type":"SearchAction","target":{"@type":"EntryPoint","urlTemplate":"https:\/\/craftygenesindonesia.com\/fr\/?s={search_term_string}"},"query-input":{"@type":"PropertyValueSpecification","valueRequired":true,"valueName":"search_term_string"}}],"inLanguage":"fr-FR"},{"@type":"Organization","@id":"https:\/\/craftygenesindonesia.com\/fr\/#organization","name":"Craftygenesindonesia","url":"https:\/\/craftygenesindonesia.com\/fr\/","logo":{"@type":"ImageObject","inLanguage":"fr-FR","@id":"https:\/\/craftygenesindonesia.com\/fr\/#\/schema\/logo\/image\/","url":"https:\/\/craftygenesindonesia.com\/wp-content\/uploads\/2025\/11\/cropped-Copy-of-Craftygenesindonesia.jpg","contentUrl":"https:\/\/craftygenesindonesia.com\/wp-content\/uploads\/2025\/11\/cropped-Copy-of-Craftygenesindonesia.jpg","width":180,"height":60,"caption":"Craftygenesindonesia"},"image":{"@id":"https:\/\/craftygenesindonesia.com\/fr\/#\/schema\/logo\/image\/"}}]}},"_links":{"self":[{"href":"https:\/\/craftygenesindonesia.com\/fr\/wp-json\/wp\/v2\/product\/19624","targetHints":{"allow":["GET"]}}],"collection":[{"href":"https:\/\/craftygenesindonesia.com\/fr\/wp-json\/wp\/v2\/product"}],"about":[{"href":"https:\/\/craftygenesindonesia.com\/fr\/wp-json\/wp\/v2\/types\/product"}],"replies":[{"embeddable":true,"href":"https:\/\/craftygenesindonesia.com\/fr\/wp-json\/wp\/v2\/comments?post=19624"}],"wp:featuredmedia":[{"embeddable":true,"href":"https:\/\/craftygenesindonesia.com\/fr\/wp-json\/wp\/v2\/media\/987525088"}],"wp:attachment":[{"href":"https:\/\/craftygenesindonesia.com\/fr\/wp-json\/wp\/v2\/media?parent=19624"}],"wp:term":[{"taxonomy":"product_brand","embeddable":true,"href":"https:\/\/craftygenesindonesia.com\/fr\/wp-json\/wp\/v2\/product_brand?post=19624"},{"taxonomy":"product_cat","embeddable":true,"href":"https:\/\/craftygenesindonesia.com\/fr\/wp-json\/wp\/v2\/product_cat?post=19624"},{"taxonomy":"product_tag","embeddable":true,"href":"https:\/\/craftygenesindonesia.com\/fr\/wp-json\/wp\/v2\/product_tag?post=19624"}],"curies":[{"name":"wp","href":"https:\/\/api.w.org\/{rel}","templated":true}]}}