{"id":19621,"date":"2023-04-25T07:54:07","date_gmt":"2023-04-24T23:54:07","guid":{"rendered":"https:\/\/craftygenesindonesia.com\/?post_type=product&#038;p=19621"},"modified":"2025-11-11T07:34:56","modified_gmt":"2025-11-10T23:34:56","slug":"pochette-a-fermoir-margaretha","status":"publish","type":"product","link":"https:\/\/craftygenesindonesia.com\/fr\/shop\/sacs\/pochette-a-fermoir-margaretha\/","title":{"rendered":"Sac \u00e0 main Margaretha"},"content":{"rendered":"<p>Ce sac \u00e0 main mesure 17x 14x 28cm \/ 6.7&#215;5.5x11inch et est fait avec un fil de poids \u201cFINGERING\u201d convenant \u00e0 un crochet de 2mm.<\/p>\n<p>Vous aurez besoin de 475m- 500m \/520yd-550yd de la couleur de votre choix.<\/p>\n<p>Vous aurez \u00e9galement besoin de des marqueurs de points &#8211; une aiguille \u00e0 tapisserie &#8211; des ciseaux &#8211; un crayon &#8211; du fil \u00e0 coudre et une aiguille (de pr\u00e9f\u00e9rence de la m\u00eame couleur que votre fil \u00e0 crochet) &#8211; des \u00e9pingles \u00e0 coudre &#8211; de l\u2019entoilage de 2-3 mm d\u2019\u00e9paisseur pour le fond du sac &#8211; du tissu &#8211; une machine \u00e0 coudre &#8211; un fermoir de 21 cm.<\/p>\n<p>Crochet : taille 2mm.<\/p>\n<p>Ce mod\u00e8le comprend un patron \u00e9crit et de nombreuses photos pour vous aider.<br \/>\nSi vous avez des probl\u00e8mes de compr\u00e9hension, n\u2019h\u00e9sitez pas \u00e0 m\u2019envoyer un message \u00e0 l\u2019adresse suivante :\u00a0<a href=\"mailto:craftygenesindonesia@gmail.com\">craftygenesindonesia@gmail.com<\/a><\/p>\n<p><strong>Ce mod\u00e8le est destin\u00e9 \u00e0 un usage personnel et il est prot\u00e9g\u00e9 par un COPYRIGHT. Il ne peut donc \u00eatre copi\u00e9, vendu, revendu, traduit, revendiqu\u00e9 comme votre mod\u00e8le, distribu\u00e9, partag\u00e9, publi\u00e9, mis en ligne\u2026 sous quelque forme que ce soit sans mon consentement. M\u00eame pas en partie !<\/strong><\/p>\n<p><strong>Vous pouvez vendre l\u2019article fini mais pas le mod\u00e8le lui-m\u00eame !<\/strong><\/p>\n","protected":false},"excerpt":{"rendered":"<p>Voici un patron au crochet facile \u00e0 suivre pour une belle pochette au crochet avec un fermoir.\u00a0 Un must pour celles qui veulent une pochette simple mais belle.<\/p>\n","protected":false},"featured_media":987527947,"comment_status":"open","ping_status":"closed","template":"","meta":{"_acf_changed":false},"product_brand":[],"product_cat":[3645],"product_tag":[10991,10802,10992,10853,11473,11225,11046],"class_list":{"0":"post-19621","1":"product","2":"type-product","3":"status-publish","4":"has-post-thumbnail","6":"product_cat-sacs","7":"product_tag-fermoir-fr","8":"product_tag-maille-alpine","9":"product_tag-porte-monnaie-a-fermoir","10":"product_tag-sac-fr","11":"product_tag-sac-a-main-fr-2","12":"product_tag-sac-a-main-fr","13":"product_tag-sac-a-main-au-crochet-fr","14":"pa_available_on-craftygenesindonesia","15":"pa_available_on-etsy","16":"pa_available_on-haked-nl","17":"pa_available_on-payhip","18":"pa_available_on-ravelry","19":"pa_languages-americain","20":"pa_languages-espagnol","21":"pa_languages-francais","22":"pa_languages-italien","23":"pa_languages-neerlandais","25":"first","26":"instock","27":"downloadable","28":"virtual","29":"purchasable","30":"product-type-simple"},"acf":[],"yoast_head":"<!-- This site is optimized with the Yoast SEO plugin v27.4 - https:\/\/yoast.com\/product\/yoast-seo-wordpress\/ -->\n<title>Sac \u00e0 main Margaretha mod\u00e8le de crochet - Craftygenesindonesia<\/title>\n<meta name=\"description\" content=\"Achetez ici mon mod\u00e8le de crochet &quot;Sac \u00e0 main Margaretha&quot;. Le mod\u00e8le de crochet facile \u00e0 suivre est \u00e9galement disponible sur Etsy, Ravelry et Haked.\" \/>\n<meta name=\"robots\" content=\"index, follow, max-snippet:-1, max-image-preview:large, max-video-preview:-1\" \/>\n<link rel=\"canonical\" href=\"https:\/\/craftygenesindonesia.com\/fr\/shop\/sacs\/pochette-a-fermoir-margaretha\/\" \/>\n<meta property=\"og:locale\" content=\"fr_FR\" \/>\n<meta property=\"og:type\" content=\"article\" \/>\n<meta property=\"og:title\" content=\"Mod\u00e8le de crochet &quot;Sac \u00e0 main Margaretha&quot;\" \/>\n<meta property=\"og:description\" content=\"Achetez ici mon mod\u00e8le de crochet &quot;Sac \u00e0 main Margaretha&quot;. Le mod\u00e8le de crochet facile \u00e0 suivre est \u00e9galement disponible sur Etsy, Ravelry et Haked.\" \/>\n<meta property=\"og:url\" content=\"https:\/\/craftygenesindonesia.com\/fr\/shop\/sacs\/pochette-a-fermoir-margaretha\/\" \/>\n<meta property=\"og:site_name\" content=\"Craftygenesindonesia\" \/>\n<meta property=\"article:modified_time\" content=\"2025-11-10T23:34:56+00:00\" \/>\n<meta property=\"og:image\" content=\"https:\/\/craftygenesindonesia.com\/wp-content\/uploads\/2023\/04\/The-Margaretha-Clasp-Purse-3.jpg\" \/>\n\t<meta property=\"og:image:width\" content=\"1080\" \/>\n\t<meta property=\"og:image:height\" content=\"1080\" \/>\n\t<meta property=\"og:image:type\" content=\"image\/jpeg\" \/>\n<meta name=\"twitter:card\" content=\"summary_large_image\" \/>\n<meta name=\"twitter:image\" content=\"https:\/\/craftygenesindonesia.com\/wp-content\/uploads\/2023\/04\/Untitled-design-7.png\" \/>\n<meta name=\"twitter:label1\" content=\"Dur\u00e9e de lecture estim\u00e9e\" \/>\n\t<meta name=\"twitter:data1\" content=\"2 minutes\" \/>\n<script type=\"application\/ld+json\" class=\"yoast-schema-graph\">{\"@context\":\"https:\\\/\\\/schema.org\",\"@graph\":[{\"@type\":\"WebPage\",\"@id\":\"https:\\\/\\\/craftygenesindonesia.com\\\/fr\\\/shop\\\/sacs\\\/pochette-a-fermoir-margaretha\\\/\",\"url\":\"https:\\\/\\\/craftygenesindonesia.com\\\/fr\\\/shop\\\/sacs\\\/pochette-a-fermoir-margaretha\\\/\",\"name\":\"Sac \u00e0 main Margaretha mod\u00e8le de crochet - Craftygenesindonesia\",\"isPartOf\":{\"@id\":\"https:\\\/\\\/craftygenesindonesia.com\\\/fr\\\/#website\"},\"primaryImageOfPage\":{\"@id\":\"https:\\\/\\\/craftygenesindonesia.com\\\/fr\\\/shop\\\/sacs\\\/pochette-a-fermoir-margaretha\\\/#primaryimage\"},\"image\":{\"@id\":\"https:\\\/\\\/craftygenesindonesia.com\\\/fr\\\/shop\\\/sacs\\\/pochette-a-fermoir-margaretha\\\/#primaryimage\"},\"thumbnailUrl\":\"https:\\\/\\\/craftygenesindonesia.com\\\/wp-content\\\/uploads\\\/2023\\\/04\\\/The-Margaretha-Clasp-Purse-3.jpg\",\"datePublished\":\"2023-04-24T23:54:07+00:00\",\"dateModified\":\"2025-11-10T23:34:56+00:00\",\"description\":\"Achetez ici mon mod\u00e8le de crochet \\\"Sac \u00e0 main Margaretha\\\". Le mod\u00e8le de crochet facile \u00e0 suivre est \u00e9galement disponible sur Etsy, Ravelry et Haked.\",\"breadcrumb\":{\"@id\":\"https:\\\/\\\/craftygenesindonesia.com\\\/fr\\\/shop\\\/sacs\\\/pochette-a-fermoir-margaretha\\\/#breadcrumb\"},\"inLanguage\":\"fr-FR\",\"potentialAction\":[{\"@type\":\"ReadAction\",\"target\":[\"https:\\\/\\\/craftygenesindonesia.com\\\/fr\\\/shop\\\/sacs\\\/pochette-a-fermoir-margaretha\\\/\"]}]},{\"@type\":\"ImageObject\",\"inLanguage\":\"fr-FR\",\"@id\":\"https:\\\/\\\/craftygenesindonesia.com\\\/fr\\\/shop\\\/sacs\\\/pochette-a-fermoir-margaretha\\\/#primaryimage\",\"url\":\"https:\\\/\\\/craftygenesindonesia.com\\\/wp-content\\\/uploads\\\/2023\\\/04\\\/The-Margaretha-Clasp-Purse-3.jpg\",\"contentUrl\":\"https:\\\/\\\/craftygenesindonesia.com\\\/wp-content\\\/uploads\\\/2023\\\/04\\\/The-Margaretha-Clasp-Purse-3.jpg\",\"width\":1080,\"height\":1080,\"caption\":\"crocheted clasp purse\"},{\"@type\":\"BreadcrumbList\",\"@id\":\"https:\\\/\\\/craftygenesindonesia.com\\\/fr\\\/shop\\\/sacs\\\/pochette-a-fermoir-margaretha\\\/#breadcrumb\",\"itemListElement\":[{\"@type\":\"ListItem\",\"position\":1,\"name\":\"Home\",\"item\":\"https:\\\/\\\/craftygenesindonesia.com\\\/fr\\\/\"},{\"@type\":\"ListItem\",\"position\":2,\"name\":\"Boutique de mod\u00e8les\",\"item\":\"https:\\\/\\\/craftygenesindonesia.com\\\/fr\\\/boutique\\\/\"},{\"@type\":\"ListItem\",\"position\":3,\"name\":\"Sac \u00e0 main Margaretha\"}]},{\"@type\":\"WebSite\",\"@id\":\"https:\\\/\\\/craftygenesindonesia.com\\\/fr\\\/#website\",\"url\":\"https:\\\/\\\/craftygenesindonesia.com\\\/fr\\\/\",\"name\":\"Craftygenesindonesia\",\"description\":\"\",\"publisher\":{\"@id\":\"https:\\\/\\\/craftygenesindonesia.com\\\/fr\\\/#organization\"},\"potentialAction\":[{\"@type\":\"SearchAction\",\"target\":{\"@type\":\"EntryPoint\",\"urlTemplate\":\"https:\\\/\\\/craftygenesindonesia.com\\\/fr\\\/?s={search_term_string}\"},\"query-input\":{\"@type\":\"PropertyValueSpecification\",\"valueRequired\":true,\"valueName\":\"search_term_string\"}}],\"inLanguage\":\"fr-FR\"},{\"@type\":\"Organization\",\"@id\":\"https:\\\/\\\/craftygenesindonesia.com\\\/fr\\\/#organization\",\"name\":\"Craftygenesindonesia\",\"url\":\"https:\\\/\\\/craftygenesindonesia.com\\\/fr\\\/\",\"logo\":{\"@type\":\"ImageObject\",\"inLanguage\":\"fr-FR\",\"@id\":\"https:\\\/\\\/craftygenesindonesia.com\\\/fr\\\/#\\\/schema\\\/logo\\\/image\\\/\",\"url\":\"https:\\\/\\\/craftygenesindonesia.com\\\/wp-content\\\/uploads\\\/2025\\\/11\\\/cropped-Copy-of-Craftygenesindonesia.jpg\",\"contentUrl\":\"https:\\\/\\\/craftygenesindonesia.com\\\/wp-content\\\/uploads\\\/2025\\\/11\\\/cropped-Copy-of-Craftygenesindonesia.jpg\",\"width\":180,\"height\":60,\"caption\":\"Craftygenesindonesia\"},\"image\":{\"@id\":\"https:\\\/\\\/craftygenesindonesia.com\\\/fr\\\/#\\\/schema\\\/logo\\\/image\\\/\"}}]}<\/script>\n<!-- \/ Yoast SEO plugin. -->","yoast_head_json":{"title":"Sac \u00e0 main Margaretha mod\u00e8le de crochet - Craftygenesindonesia","description":"Achetez ici mon mod\u00e8le de crochet \"Sac \u00e0 main Margaretha\". Le mod\u00e8le de crochet facile \u00e0 suivre est \u00e9galement disponible sur Etsy, Ravelry et Haked.","robots":{"index":"index","follow":"follow","max-snippet":"max-snippet:-1","max-image-preview":"max-image-preview:large","max-video-preview":"max-video-preview:-1"},"canonical":"https:\/\/craftygenesindonesia.com\/fr\/shop\/sacs\/pochette-a-fermoir-margaretha\/","og_locale":"fr_FR","og_type":"article","og_title":"Mod\u00e8le de crochet \"Sac \u00e0 main Margaretha\"","og_description":"Achetez ici mon mod\u00e8le de crochet \"Sac \u00e0 main Margaretha\". Le mod\u00e8le de crochet facile \u00e0 suivre est \u00e9galement disponible sur Etsy, Ravelry et Haked.","og_url":"https:\/\/craftygenesindonesia.com\/fr\/shop\/sacs\/pochette-a-fermoir-margaretha\/","og_site_name":"Craftygenesindonesia","article_modified_time":"2025-11-10T23:34:56+00:00","og_image":[{"width":1080,"height":1080,"url":"https:\/\/craftygenesindonesia.com\/wp-content\/uploads\/2023\/04\/The-Margaretha-Clasp-Purse-3.jpg","type":"image\/jpeg"}],"twitter_card":"summary_large_image","twitter_image":"https:\/\/craftygenesindonesia.com\/wp-content\/uploads\/2023\/04\/Untitled-design-7.png","twitter_misc":{"Dur\u00e9e de lecture estim\u00e9e":"2 minutes"},"schema":{"@context":"https:\/\/schema.org","@graph":[{"@type":"WebPage","@id":"https:\/\/craftygenesindonesia.com\/fr\/shop\/sacs\/pochette-a-fermoir-margaretha\/","url":"https:\/\/craftygenesindonesia.com\/fr\/shop\/sacs\/pochette-a-fermoir-margaretha\/","name":"Sac \u00e0 main Margaretha mod\u00e8le de crochet - Craftygenesindonesia","isPartOf":{"@id":"https:\/\/craftygenesindonesia.com\/fr\/#website"},"primaryImageOfPage":{"@id":"https:\/\/craftygenesindonesia.com\/fr\/shop\/sacs\/pochette-a-fermoir-margaretha\/#primaryimage"},"image":{"@id":"https:\/\/craftygenesindonesia.com\/fr\/shop\/sacs\/pochette-a-fermoir-margaretha\/#primaryimage"},"thumbnailUrl":"https:\/\/craftygenesindonesia.com\/wp-content\/uploads\/2023\/04\/The-Margaretha-Clasp-Purse-3.jpg","datePublished":"2023-04-24T23:54:07+00:00","dateModified":"2025-11-10T23:34:56+00:00","description":"Achetez ici mon mod\u00e8le de crochet \"Sac \u00e0 main Margaretha\". Le mod\u00e8le de crochet facile \u00e0 suivre est \u00e9galement disponible sur Etsy, Ravelry et Haked.","breadcrumb":{"@id":"https:\/\/craftygenesindonesia.com\/fr\/shop\/sacs\/pochette-a-fermoir-margaretha\/#breadcrumb"},"inLanguage":"fr-FR","potentialAction":[{"@type":"ReadAction","target":["https:\/\/craftygenesindonesia.com\/fr\/shop\/sacs\/pochette-a-fermoir-margaretha\/"]}]},{"@type":"ImageObject","inLanguage":"fr-FR","@id":"https:\/\/craftygenesindonesia.com\/fr\/shop\/sacs\/pochette-a-fermoir-margaretha\/#primaryimage","url":"https:\/\/craftygenesindonesia.com\/wp-content\/uploads\/2023\/04\/The-Margaretha-Clasp-Purse-3.jpg","contentUrl":"https:\/\/craftygenesindonesia.com\/wp-content\/uploads\/2023\/04\/The-Margaretha-Clasp-Purse-3.jpg","width":1080,"height":1080,"caption":"crocheted clasp purse"},{"@type":"BreadcrumbList","@id":"https:\/\/craftygenesindonesia.com\/fr\/shop\/sacs\/pochette-a-fermoir-margaretha\/#breadcrumb","itemListElement":[{"@type":"ListItem","position":1,"name":"Home","item":"https:\/\/craftygenesindonesia.com\/fr\/"},{"@type":"ListItem","position":2,"name":"Boutique de mod\u00e8les","item":"https:\/\/craftygenesindonesia.com\/fr\/boutique\/"},{"@type":"ListItem","position":3,"name":"Sac \u00e0 main Margaretha"}]},{"@type":"WebSite","@id":"https:\/\/craftygenesindonesia.com\/fr\/#website","url":"https:\/\/craftygenesindonesia.com\/fr\/","name":"Craftygenesindonesia","description":"","publisher":{"@id":"https:\/\/craftygenesindonesia.com\/fr\/#organization"},"potentialAction":[{"@type":"SearchAction","target":{"@type":"EntryPoint","urlTemplate":"https:\/\/craftygenesindonesia.com\/fr\/?s={search_term_string}"},"query-input":{"@type":"PropertyValueSpecification","valueRequired":true,"valueName":"search_term_string"}}],"inLanguage":"fr-FR"},{"@type":"Organization","@id":"https:\/\/craftygenesindonesia.com\/fr\/#organization","name":"Craftygenesindonesia","url":"https:\/\/craftygenesindonesia.com\/fr\/","logo":{"@type":"ImageObject","inLanguage":"fr-FR","@id":"https:\/\/craftygenesindonesia.com\/fr\/#\/schema\/logo\/image\/","url":"https:\/\/craftygenesindonesia.com\/wp-content\/uploads\/2025\/11\/cropped-Copy-of-Craftygenesindonesia.jpg","contentUrl":"https:\/\/craftygenesindonesia.com\/wp-content\/uploads\/2025\/11\/cropped-Copy-of-Craftygenesindonesia.jpg","width":180,"height":60,"caption":"Craftygenesindonesia"},"image":{"@id":"https:\/\/craftygenesindonesia.com\/fr\/#\/schema\/logo\/image\/"}}]}},"_links":{"self":[{"href":"https:\/\/craftygenesindonesia.com\/fr\/wp-json\/wp\/v2\/product\/19621","targetHints":{"allow":["GET"]}}],"collection":[{"href":"https:\/\/craftygenesindonesia.com\/fr\/wp-json\/wp\/v2\/product"}],"about":[{"href":"https:\/\/craftygenesindonesia.com\/fr\/wp-json\/wp\/v2\/types\/product"}],"replies":[{"embeddable":true,"href":"https:\/\/craftygenesindonesia.com\/fr\/wp-json\/wp\/v2\/comments?post=19621"}],"wp:featuredmedia":[{"embeddable":true,"href":"https:\/\/craftygenesindonesia.com\/fr\/wp-json\/wp\/v2\/media\/987527947"}],"wp:attachment":[{"href":"https:\/\/craftygenesindonesia.com\/fr\/wp-json\/wp\/v2\/media?parent=19621"}],"wp:term":[{"taxonomy":"product_brand","embeddable":true,"href":"https:\/\/craftygenesindonesia.com\/fr\/wp-json\/wp\/v2\/product_brand?post=19621"},{"taxonomy":"product_cat","embeddable":true,"href":"https:\/\/craftygenesindonesia.com\/fr\/wp-json\/wp\/v2\/product_cat?post=19621"},{"taxonomy":"product_tag","embeddable":true,"href":"https:\/\/craftygenesindonesia.com\/fr\/wp-json\/wp\/v2\/product_tag?post=19621"}],"curies":[{"name":"wp","href":"https:\/\/api.w.org\/{rel}","templated":true}]}}