{"id":19610,"date":"2023-03-17T05:54:57","date_gmt":"2023-03-16T21:54:57","guid":{"rendered":"https:\/\/craftygenesindonesia.com\/?post_type=product&#038;p=19610"},"modified":"2025-11-11T07:49:14","modified_gmt":"2025-11-10T23:49:14","slug":"vierge-mary-rosaire","status":"publish","type":"product","link":"https:\/\/craftygenesindonesia.com\/fr\/shop\/religieux\/vierge-mary-rosaire\/","title":{"rendered":"Rosaire de la Vierge Marie"},"content":{"rendered":"<p>Ce mod\u00e8le est r\u00e9alis\u00e9 avec un fil de poids \u201cFINGERING\u201d adapt\u00e9 aux amigurumi et un crochet de 2mm.<\/p>\n<p>Taille :<br \/>\n37cm\/14.5inch de diam\u00e8tre (sans la croix). La croix fait 22x15cm.<\/p>\n<p>Vous aurez besoin de ces couleurs : brun fonc\u00e9, rouge fonc\u00e9, rose clair, argent m\u00e9tallique, couleur de peau, blanc.<\/p>\n<p>Vous aurez \u00e9galement besoin de : Bourre &#8211; marqueurs de point &#8211; aiguille \u00e0 tapisserie &#8211; ciseaux &#8211; crayon &#8211; colle &#8211; pistolet \u00e0 colle &#8211; fil \u00e0 coudre (rouge fonc\u00e9) et aiguille &#8211; carton fort &#8211; perles blanches (3 et 7mm de diam\u00e8tre) &#8211; perles de couleur argent\u00e9e (5mm de diam\u00e8tre).<\/p>\n<p>Crochet : taille 2mm<\/p>\n<p>Ce mod\u00e8le est un mod\u00e8le \u00e9crit avec de nombreuses photos pour vous aider. Si vous avez encore des questions, n\u2019h\u00e9sitez pas \u00e0 m\u2019envoyer un message \u00e0 l\u2019adresse suivante :\u00a0<a href=\"mailto:craftygenesindonesia@gmail.com\">craftygenesindonesia@gmail.com<\/a><\/p>\n<p><strong>-Ce mod\u00e8le est destin\u00e9 \u00e0 un usage personnel uniquement et il est prot\u00e9g\u00e9 par un COPYRIGHT. Le mod\u00e8le ne peut donc PAS \u00eatre copi\u00e9, vendu, revendu, traduit, revendiqu\u00e9 comme votre mod\u00e8le, distribu\u00e9, partag\u00e9, publi\u00e9, mis en ligne\u2026 sous quelque forme que ce soit sans mon consentement. M\u00eame pas en partie !!!<\/strong><\/p>\n<p><strong>-Vous pouvez vendre l\u2019article fini en petites quantit\u00e9s MAIS PAS LE MODELE EN LUI-M\u00caME ! Veuillez mentionner que le mod\u00e8le est de Craftygenesindonesia et o\u00f9 il peut \u00eatre achet\u00e9.<\/strong><\/p>\n","protected":false},"excerpt":{"rendered":"<p>Vous aimez le crochet ?\u00a0 Vous aimez Notre Dame, la Vierge Marie ?\u00a0 Alors ce mod\u00e8le est fait pour vous.\u00a0 Un must absolu !<\/p>\n<p>&nbsp;<\/p>\n<p>&nbsp;<\/p>\n","protected":false},"featured_media":987518683,"comment_status":"open","ping_status":"closed","template":"","meta":{"_acf_changed":false},"product_brand":[],"product_cat":[3675],"product_tag":[12084,12067,12764,12068,12760,12083,12081,10077,12765,12758,11498,12082,12086],"class_list":{"0":"post-19610","1":"product","2":"type-product","3":"status-publish","4":"has-post-thumbnail","6":"product_cat-religieux","7":"product_tag-blessed-mary-fr","8":"product_tag-catholic-fr","9":"product_tag-catholic-saint-fr","10":"product_tag-christian-fr","11":"product_tag-cross-fr","12":"product_tag-holy-mary-fr","13":"product_tag-holy-saint-mary-fr","14":"product_tag-maria-fr","15":"product_tag-patron-saint-fr-2","16":"product_tag-rosary-fr","17":"product_tag-roses-fr","18":"product_tag-saint-mary-fr","19":"product_tag-virgin-mary-fr","20":"pa_available_on-craftygenesindonesia","21":"pa_available_on-etsy","22":"pa_available_on-haked-nl","23":"pa_available_on-payhip","24":"pa_available_on-ravelry","25":"pa_languages-americain","26":"pa_languages-espagnol","27":"pa_languages-francais","28":"pa_languages-neerlandais","30":"first","31":"instock","32":"downloadable","33":"virtual","34":"purchasable","35":"product-type-simple"},"acf":[],"yoast_head":"<!-- This site is optimized with the Yoast SEO plugin v27.3 - https:\/\/yoast.com\/product\/yoast-seo-wordpress\/ -->\n<title>Rosaire de la Vierge Marie mod\u00e8le de crochet - Craftygenesindonesia<\/title>\n<meta name=\"description\" content=\"Achetez ici mon mod\u00e8le de crochet &quot;Chapelet Vierge Marie&quot;. Le mod\u00e8le de crochet facile \u00e0 suivre est \u00e9galement disponible sur Etsy, Haked et Ravelry.\" \/>\n<meta name=\"robots\" content=\"index, follow, max-snippet:-1, max-image-preview:large, max-video-preview:-1\" \/>\n<link rel=\"canonical\" href=\"https:\/\/craftygenesindonesia.com\/fr\/shop\/religieux\/vierge-mary-rosaire\/\" \/>\n<meta property=\"og:locale\" content=\"fr_FR\" \/>\n<meta property=\"og:type\" content=\"article\" \/>\n<meta property=\"og:title\" content=\"Mod\u00e8le de crochet &quot;Chapelet Vierge Marie&quot;\" \/>\n<meta property=\"og:description\" content=\"Achetez ici mon mod\u00e8le de crochet &quot;Chapelet Vierge Marie&quot;. Le mod\u00e8le de crochet facile \u00e0 suivre est \u00e9galement disponible sur Etsy, Haked et Ravelry.\" \/>\n<meta property=\"og:url\" content=\"https:\/\/craftygenesindonesia.com\/fr\/shop\/religieux\/vierge-mary-rosaire\/\" \/>\n<meta property=\"og:site_name\" content=\"Craftygenesindonesia\" \/>\n<meta property=\"article:modified_time\" content=\"2025-11-10T23:49:14+00:00\" \/>\n<meta property=\"og:image\" content=\"https:\/\/craftygenesindonesia.com\/wp-content\/uploads\/2023\/03\/Virgin-Mary-Rosary.jpg\" \/>\n\t<meta property=\"og:image:width\" content=\"1080\" \/>\n\t<meta property=\"og:image:height\" content=\"1080\" \/>\n\t<meta property=\"og:image:type\" content=\"image\/jpeg\" \/>\n<meta name=\"twitter:card\" content=\"summary_large_image\" \/>\n<meta name=\"twitter:image\" content=\"https:\/\/craftygenesindonesia.com\/wp-content\/uploads\/2023\/03\/1678950486119-1024x1024.jpg\" \/>\n<meta name=\"twitter:label1\" content=\"Dur\u00e9e de lecture estim\u00e9e\" \/>\n\t<meta name=\"twitter:data1\" content=\"2 minutes\" \/>\n<script type=\"application\/ld+json\" class=\"yoast-schema-graph\">{\"@context\":\"https:\\\/\\\/schema.org\",\"@graph\":[{\"@type\":\"WebPage\",\"@id\":\"https:\\\/\\\/craftygenesindonesia.com\\\/fr\\\/shop\\\/religieux\\\/vierge-mary-rosaire\\\/\",\"url\":\"https:\\\/\\\/craftygenesindonesia.com\\\/fr\\\/shop\\\/religieux\\\/vierge-mary-rosaire\\\/\",\"name\":\"Rosaire de la Vierge Marie mod\u00e8le de crochet - Craftygenesindonesia\",\"isPartOf\":{\"@id\":\"https:\\\/\\\/craftygenesindonesia.com\\\/fr\\\/#website\"},\"primaryImageOfPage\":{\"@id\":\"https:\\\/\\\/craftygenesindonesia.com\\\/fr\\\/shop\\\/religieux\\\/vierge-mary-rosaire\\\/#primaryimage\"},\"image\":{\"@id\":\"https:\\\/\\\/craftygenesindonesia.com\\\/fr\\\/shop\\\/religieux\\\/vierge-mary-rosaire\\\/#primaryimage\"},\"thumbnailUrl\":\"https:\\\/\\\/craftygenesindonesia.com\\\/wp-content\\\/uploads\\\/2023\\\/03\\\/Virgin-Mary-Rosary.jpg\",\"datePublished\":\"2023-03-16T21:54:57+00:00\",\"dateModified\":\"2025-11-10T23:49:14+00:00\",\"description\":\"Achetez ici mon mod\u00e8le de crochet \\\"Chapelet Vierge Marie\\\". Le mod\u00e8le de crochet facile \u00e0 suivre est \u00e9galement disponible sur Etsy, Haked et Ravelry.\",\"breadcrumb\":{\"@id\":\"https:\\\/\\\/craftygenesindonesia.com\\\/fr\\\/shop\\\/religieux\\\/vierge-mary-rosaire\\\/#breadcrumb\"},\"inLanguage\":\"fr-FR\",\"potentialAction\":[{\"@type\":\"ReadAction\",\"target\":[\"https:\\\/\\\/craftygenesindonesia.com\\\/fr\\\/shop\\\/religieux\\\/vierge-mary-rosaire\\\/\"]}]},{\"@type\":\"ImageObject\",\"inLanguage\":\"fr-FR\",\"@id\":\"https:\\\/\\\/craftygenesindonesia.com\\\/fr\\\/shop\\\/religieux\\\/vierge-mary-rosaire\\\/#primaryimage\",\"url\":\"https:\\\/\\\/craftygenesindonesia.com\\\/wp-content\\\/uploads\\\/2023\\\/03\\\/Virgin-Mary-Rosary.jpg\",\"contentUrl\":\"https:\\\/\\\/craftygenesindonesia.com\\\/wp-content\\\/uploads\\\/2023\\\/03\\\/Virgin-Mary-Rosary.jpg\",\"width\":1080,\"height\":1080,\"caption\":\"crochet rosary with Virgin Mary bust and cross\"},{\"@type\":\"BreadcrumbList\",\"@id\":\"https:\\\/\\\/craftygenesindonesia.com\\\/fr\\\/shop\\\/religieux\\\/vierge-mary-rosaire\\\/#breadcrumb\",\"itemListElement\":[{\"@type\":\"ListItem\",\"position\":1,\"name\":\"Home\",\"item\":\"https:\\\/\\\/craftygenesindonesia.com\\\/fr\\\/\"},{\"@type\":\"ListItem\",\"position\":2,\"name\":\"Boutique de mod\u00e8les\",\"item\":\"https:\\\/\\\/craftygenesindonesia.com\\\/fr\\\/boutique\\\/\"},{\"@type\":\"ListItem\",\"position\":3,\"name\":\"Rosaire de la Vierge Marie\"}]},{\"@type\":\"WebSite\",\"@id\":\"https:\\\/\\\/craftygenesindonesia.com\\\/fr\\\/#website\",\"url\":\"https:\\\/\\\/craftygenesindonesia.com\\\/fr\\\/\",\"name\":\"Craftygenesindonesia\",\"description\":\"\",\"publisher\":{\"@id\":\"https:\\\/\\\/craftygenesindonesia.com\\\/fr\\\/#organization\"},\"potentialAction\":[{\"@type\":\"SearchAction\",\"target\":{\"@type\":\"EntryPoint\",\"urlTemplate\":\"https:\\\/\\\/craftygenesindonesia.com\\\/fr\\\/?s={search_term_string}\"},\"query-input\":{\"@type\":\"PropertyValueSpecification\",\"valueRequired\":true,\"valueName\":\"search_term_string\"}}],\"inLanguage\":\"fr-FR\"},{\"@type\":\"Organization\",\"@id\":\"https:\\\/\\\/craftygenesindonesia.com\\\/fr\\\/#organization\",\"name\":\"Craftygenesindonesia\",\"url\":\"https:\\\/\\\/craftygenesindonesia.com\\\/fr\\\/\",\"logo\":{\"@type\":\"ImageObject\",\"inLanguage\":\"fr-FR\",\"@id\":\"https:\\\/\\\/craftygenesindonesia.com\\\/fr\\\/#\\\/schema\\\/logo\\\/image\\\/\",\"url\":\"https:\\\/\\\/craftygenesindonesia.com\\\/wp-content\\\/uploads\\\/2025\\\/11\\\/cropped-Copy-of-Craftygenesindonesia.jpg\",\"contentUrl\":\"https:\\\/\\\/craftygenesindonesia.com\\\/wp-content\\\/uploads\\\/2025\\\/11\\\/cropped-Copy-of-Craftygenesindonesia.jpg\",\"width\":180,\"height\":60,\"caption\":\"Craftygenesindonesia\"},\"image\":{\"@id\":\"https:\\\/\\\/craftygenesindonesia.com\\\/fr\\\/#\\\/schema\\\/logo\\\/image\\\/\"}}]}<\/script>\n<!-- \/ Yoast SEO plugin. -->","yoast_head_json":{"title":"Rosaire de la Vierge Marie mod\u00e8le de crochet - Craftygenesindonesia","description":"Achetez ici mon mod\u00e8le de crochet \"Chapelet Vierge Marie\". Le mod\u00e8le de crochet facile \u00e0 suivre est \u00e9galement disponible sur Etsy, Haked et Ravelry.","robots":{"index":"index","follow":"follow","max-snippet":"max-snippet:-1","max-image-preview":"max-image-preview:large","max-video-preview":"max-video-preview:-1"},"canonical":"https:\/\/craftygenesindonesia.com\/fr\/shop\/religieux\/vierge-mary-rosaire\/","og_locale":"fr_FR","og_type":"article","og_title":"Mod\u00e8le de crochet \"Chapelet Vierge Marie\"","og_description":"Achetez ici mon mod\u00e8le de crochet \"Chapelet Vierge Marie\". Le mod\u00e8le de crochet facile \u00e0 suivre est \u00e9galement disponible sur Etsy, Haked et Ravelry.","og_url":"https:\/\/craftygenesindonesia.com\/fr\/shop\/religieux\/vierge-mary-rosaire\/","og_site_name":"Craftygenesindonesia","article_modified_time":"2025-11-10T23:49:14+00:00","og_image":[{"width":1080,"height":1080,"url":"https:\/\/craftygenesindonesia.com\/wp-content\/uploads\/2023\/03\/Virgin-Mary-Rosary.jpg","type":"image\/jpeg"}],"twitter_card":"summary_large_image","twitter_image":"https:\/\/craftygenesindonesia.com\/wp-content\/uploads\/2023\/03\/1678950486119-1024x1024.jpg","twitter_misc":{"Dur\u00e9e de lecture estim\u00e9e":"2 minutes"},"schema":{"@context":"https:\/\/schema.org","@graph":[{"@type":"WebPage","@id":"https:\/\/craftygenesindonesia.com\/fr\/shop\/religieux\/vierge-mary-rosaire\/","url":"https:\/\/craftygenesindonesia.com\/fr\/shop\/religieux\/vierge-mary-rosaire\/","name":"Rosaire de la Vierge Marie mod\u00e8le de crochet - Craftygenesindonesia","isPartOf":{"@id":"https:\/\/craftygenesindonesia.com\/fr\/#website"},"primaryImageOfPage":{"@id":"https:\/\/craftygenesindonesia.com\/fr\/shop\/religieux\/vierge-mary-rosaire\/#primaryimage"},"image":{"@id":"https:\/\/craftygenesindonesia.com\/fr\/shop\/religieux\/vierge-mary-rosaire\/#primaryimage"},"thumbnailUrl":"https:\/\/craftygenesindonesia.com\/wp-content\/uploads\/2023\/03\/Virgin-Mary-Rosary.jpg","datePublished":"2023-03-16T21:54:57+00:00","dateModified":"2025-11-10T23:49:14+00:00","description":"Achetez ici mon mod\u00e8le de crochet \"Chapelet Vierge Marie\". Le mod\u00e8le de crochet facile \u00e0 suivre est \u00e9galement disponible sur Etsy, Haked et Ravelry.","breadcrumb":{"@id":"https:\/\/craftygenesindonesia.com\/fr\/shop\/religieux\/vierge-mary-rosaire\/#breadcrumb"},"inLanguage":"fr-FR","potentialAction":[{"@type":"ReadAction","target":["https:\/\/craftygenesindonesia.com\/fr\/shop\/religieux\/vierge-mary-rosaire\/"]}]},{"@type":"ImageObject","inLanguage":"fr-FR","@id":"https:\/\/craftygenesindonesia.com\/fr\/shop\/religieux\/vierge-mary-rosaire\/#primaryimage","url":"https:\/\/craftygenesindonesia.com\/wp-content\/uploads\/2023\/03\/Virgin-Mary-Rosary.jpg","contentUrl":"https:\/\/craftygenesindonesia.com\/wp-content\/uploads\/2023\/03\/Virgin-Mary-Rosary.jpg","width":1080,"height":1080,"caption":"crochet rosary with Virgin Mary bust and cross"},{"@type":"BreadcrumbList","@id":"https:\/\/craftygenesindonesia.com\/fr\/shop\/religieux\/vierge-mary-rosaire\/#breadcrumb","itemListElement":[{"@type":"ListItem","position":1,"name":"Home","item":"https:\/\/craftygenesindonesia.com\/fr\/"},{"@type":"ListItem","position":2,"name":"Boutique de mod\u00e8les","item":"https:\/\/craftygenesindonesia.com\/fr\/boutique\/"},{"@type":"ListItem","position":3,"name":"Rosaire de la Vierge Marie"}]},{"@type":"WebSite","@id":"https:\/\/craftygenesindonesia.com\/fr\/#website","url":"https:\/\/craftygenesindonesia.com\/fr\/","name":"Craftygenesindonesia","description":"","publisher":{"@id":"https:\/\/craftygenesindonesia.com\/fr\/#organization"},"potentialAction":[{"@type":"SearchAction","target":{"@type":"EntryPoint","urlTemplate":"https:\/\/craftygenesindonesia.com\/fr\/?s={search_term_string}"},"query-input":{"@type":"PropertyValueSpecification","valueRequired":true,"valueName":"search_term_string"}}],"inLanguage":"fr-FR"},{"@type":"Organization","@id":"https:\/\/craftygenesindonesia.com\/fr\/#organization","name":"Craftygenesindonesia","url":"https:\/\/craftygenesindonesia.com\/fr\/","logo":{"@type":"ImageObject","inLanguage":"fr-FR","@id":"https:\/\/craftygenesindonesia.com\/fr\/#\/schema\/logo\/image\/","url":"https:\/\/craftygenesindonesia.com\/wp-content\/uploads\/2025\/11\/cropped-Copy-of-Craftygenesindonesia.jpg","contentUrl":"https:\/\/craftygenesindonesia.com\/wp-content\/uploads\/2025\/11\/cropped-Copy-of-Craftygenesindonesia.jpg","width":180,"height":60,"caption":"Craftygenesindonesia"},"image":{"@id":"https:\/\/craftygenesindonesia.com\/fr\/#\/schema\/logo\/image\/"}}]}},"_links":{"self":[{"href":"https:\/\/craftygenesindonesia.com\/fr\/wp-json\/wp\/v2\/product\/19610","targetHints":{"allow":["GET"]}}],"collection":[{"href":"https:\/\/craftygenesindonesia.com\/fr\/wp-json\/wp\/v2\/product"}],"about":[{"href":"https:\/\/craftygenesindonesia.com\/fr\/wp-json\/wp\/v2\/types\/product"}],"replies":[{"embeddable":true,"href":"https:\/\/craftygenesindonesia.com\/fr\/wp-json\/wp\/v2\/comments?post=19610"}],"wp:featuredmedia":[{"embeddable":true,"href":"https:\/\/craftygenesindonesia.com\/fr\/wp-json\/wp\/v2\/media\/987518683"}],"wp:attachment":[{"href":"https:\/\/craftygenesindonesia.com\/fr\/wp-json\/wp\/v2\/media?parent=19610"}],"wp:term":[{"taxonomy":"product_brand","embeddable":true,"href":"https:\/\/craftygenesindonesia.com\/fr\/wp-json\/wp\/v2\/product_brand?post=19610"},{"taxonomy":"product_cat","embeddable":true,"href":"https:\/\/craftygenesindonesia.com\/fr\/wp-json\/wp\/v2\/product_cat?post=19610"},{"taxonomy":"product_tag","embeddable":true,"href":"https:\/\/craftygenesindonesia.com\/fr\/wp-json\/wp\/v2\/product_tag?post=19610"}],"curies":[{"name":"wp","href":"https:\/\/api.w.org\/{rel}","templated":true}]}}