{"id":19600,"date":"2023-02-15T06:12:14","date_gmt":"2023-02-14T22:12:14","guid":{"rendered":"https:\/\/craftygenesindonesia.com\/?post_type=product&#038;p=19600"},"modified":"2025-11-11T07:59:10","modified_gmt":"2025-11-10T23:59:10","slug":"elias-isabella-les-lapins-de-paques-paquet","status":"publish","type":"product","link":"https:\/\/craftygenesindonesia.com\/fr\/shop\/animaux\/elias-isabella-les-lapins-de-paques-paquet\/","title":{"rendered":"Elias &#038; Isabella Les Lapins de P\u00e2ques ( Paquet )"},"content":{"rendered":"<p>Elias mesure 45 cm et Isabella 43 cm.\u00a0 Cela inclut leurs oreilles.\u00a0 Les deux sont r\u00e9alis\u00e9s avec un fil de taille 3 adapt\u00e9 \u00e0 l&#8217;amigurumi et un crochet de taille 2mm.<\/p>\n<p>&nbsp;<\/p>\n<p>Vous aurez besoin de ces couleurs pour Elias :<\/p>\n<p>Noir : 15-25m = m\u00e8tre\/20-30yd = yard<br \/>\nBlanc cass\u00e9 : 65-75m\/70-80yd<br \/>\nGris : 45-55m\/ 50-60yd<br \/>\nRose : 15-25m\/ 20-30yd<br \/>\nCr\u00e8me : 10-20m\/10-20yd<br \/>\nMarron clair : 75-85m\/80-90yd<br \/>\nVert : 130-140m\/145-155yd<br \/>\nViolet clair : 15-25m\/ 20-30yd<br \/>\nBleu : un peu de ce qui reste<\/p>\n<p>Vous aurez besoin de ces couleurs pour Isabella : Bleu : un reste<\/p>\n<p>Cr\u00e8me : 50-60m (m\u00e8tre)\/ 55-65yd (yard)<br \/>\nVert : 15-25m\/ 15-25yd<br \/>\nMarron clair : 80-90m\/ 90-100yd<br \/>\nViolet clair : 15-25m\/ 15-25yd<br \/>\nBlanc cass\u00e9 : 5-10m\/ 5-10yd<br \/>\nRose : 180-200m\/ 200-220yd<\/p>\n<p>&nbsp;<\/p>\n<p>Vous aurez \u00e9galement besoin de : rembourrage &#8211; marqueurs de points &#8211; aiguille \u00e0 tapisserie &#8211; ciseaux &#8211; crayon &#8211; colle &#8211; pistolet \u00e0 colle &#8211; cotons-tiges &#8211; carton &#8211; yeux de s\u00e9curit\u00e9 &#8211; baguette en bois<\/p>\n<p>&nbsp;<\/p>\n<p>Crochet : taille 2mm<\/p>\n<p>Ces mod\u00e8les de crochet sont accompagn\u00e9s de nombreuses photos pour vous aider.\u00a0 Si vous avez des questions, n&#8217;h\u00e9sitez pas \u00e0 me contacter \u00e0 : craftygenesindonesia@gmail.com<\/p>\n<p>&nbsp;<\/p>\n<p>Ces patrons sont des patrons PAY\u00c9S et il y a un COPYRIGHT sur ces patrons. Ces patrons sont donc r\u00e9serv\u00e9s \u00e0 un usage personnel et ne peuvent PAS \u00eatre copi\u00e9s, vendus, revendus, traduits, revendiqu\u00e9s comme votre mod\u00e8le, distribu\u00e9s, partag\u00e9s, publi\u00e9s, mis en ligne&#8230; sous quelque forme que ce soit sans mon consentement. Pas m\u00eame une partie !!!<\/p>\n<p>&nbsp;<\/p>\n<p>Vous pouvez vendre les poup\u00e9es finies Elias &amp; Isabella, The Easter Bunny en petites quantit\u00e9s MAIS PAS LES PATRONS EUX-M\u00caMES ! Veuillez mentionner que ces patrons ont \u00e9t\u00e9 cr\u00e9\u00e9s par Craftygenesindonesia et o\u00f9 ils peuvent \u00eatre achet\u00e9s.<\/p>\n","protected":false},"excerpt":{"rendered":"<p>Ce paquet de patrons de crochet pour mes Elias et Isabella est un must pour les amoureux de P\u00e2ques !!!!\u00a0 Les patrons sont faciles \u00e0 suivre et si agr\u00e9ables \u00e0 r\u00e9aliser !<\/p>\n<p>Vous pouvez aussi obtenir les patrons s\u00e9par\u00e9ment pour <a href=\"https:\/\/craftygenesindonesia.com\/fr\/produit\/isabella-le-lapin-de-paques\/\" target=\"_blank\" rel=\"noopener\">Elias Le Lapin de P\u00e2ques<\/a> et <a href=\"https:\/\/craftygenesindonesia.com\/fr\/produit\/isabella-le-lapin-de-paques\/\" target=\"_blank\" rel=\"noopener\">Isabella Le Lapin de P\u00e2ques<\/a> (cliquez sur les noms pour voir les patrons).<\/p>\n","protected":false},"featured_media":987525421,"comment_status":"open","ping_status":"closed","template":"","meta":{"_acf_changed":false},"product_brand":[],"product_cat":[3643,3661],"product_tag":[11665,10916,11642,10938,11476,9133,11113,12116],"class_list":{"0":"post-19600","1":"product","2":"type-product","3":"status-publish","4":"has-post-thumbnail","6":"product_cat-animaux","7":"product_cat-paques","8":"product_tag-baton-de-marche","9":"product_tag-chapeau-fr-2","10":"product_tag-chapeau-haut-de-forme","11":"product_tag-lapin-fr","12":"product_tag-lapin-fr-2","13":"product_tag-lapin-de-paques-fr","14":"product_tag-paques-fr","15":"product_tag-victorian-fr","16":"pa_available_on-craftygenesindonesia","17":"pa_available_on-etsy","18":"pa_available_on-haked-nl","19":"pa_available_on-payhip","20":"pa_available_on-ravelry","21":"pa_languages-allemand","22":"pa_languages-americain","23":"pa_languages-espagnol","24":"pa_languages-francais","25":"pa_languages-neerlandais","27":"first","28":"instock","29":"sale","30":"downloadable","31":"virtual","32":"purchasable","33":"product-type-simple"},"acf":[],"yoast_head":"<!-- This site is optimized with the Yoast SEO plugin v27.4 - https:\/\/yoast.com\/product\/yoast-seo-wordpress\/ -->\n<title>Elias &amp; Isabella Les Lapins de P\u00e2ques ( Paquet ) - Craftygenesindonesia<\/title>\n<meta name=\"description\" content=\"Achetez ici mon \u00ab Elias &amp; Isabella Les lapins de P\u00e2ques \u00bb. Le mod\u00e8le de crochet facile est \u00e9galement disponible sur Etsy, Haked, Ravelry, Payhip.\" \/>\n<meta name=\"robots\" content=\"index, follow, max-snippet:-1, max-image-preview:large, max-video-preview:-1\" \/>\n<link rel=\"canonical\" href=\"https:\/\/craftygenesindonesia.com\/fr\/shop\/animaux\/elias-isabella-les-lapins-de-paques-paquet\/\" \/>\n<meta property=\"og:locale\" content=\"fr_FR\" \/>\n<meta property=\"og:type\" content=\"article\" \/>\n<meta property=\"og:title\" content=\"\u00ab Elias &amp; Isabella Les lapins de P\u00e2ques \u00bb\" \/>\n<meta property=\"og:description\" content=\"Achetez ici mon \u00ab Elias &amp; Isabella Les lapins de P\u00e2ques \u00bb. Le mod\u00e8le de crochet facile est \u00e9galement disponible sur Etsy, Haked, Ravelry, Payhip.\" \/>\n<meta property=\"og:url\" content=\"https:\/\/craftygenesindonesia.com\/fr\/shop\/animaux\/elias-isabella-les-lapins-de-paques-paquet\/\" \/>\n<meta property=\"og:site_name\" content=\"Craftygenesindonesia\" \/>\n<meta property=\"article:modified_time\" content=\"2025-11-10T23:59:10+00:00\" \/>\n<meta property=\"og:image\" content=\"https:\/\/craftygenesindonesia.com\/wp-content\/uploads\/2023\/02\/Elias-Isabella-1.jpg\" \/>\n\t<meta property=\"og:image:width\" content=\"1080\" \/>\n\t<meta property=\"og:image:height\" content=\"1080\" \/>\n\t<meta property=\"og:image:type\" content=\"image\/jpeg\" \/>\n<meta name=\"twitter:card\" content=\"summary_large_image\" \/>\n<meta name=\"twitter:image\" content=\"https:\/\/craftygenesindonesia.com\/wp-content\/uploads\/2023\/02\/Picsart_23-02-14_12-24-00-036-1024x1024.jpg\" \/>\n<meta name=\"twitter:label1\" content=\"Dur\u00e9e de lecture estim\u00e9e\" \/>\n\t<meta name=\"twitter:data1\" content=\"2 minutes\" \/>\n<script type=\"application\/ld+json\" class=\"yoast-schema-graph\">{\"@context\":\"https:\\\/\\\/schema.org\",\"@graph\":[{\"@type\":\"WebPage\",\"@id\":\"https:\\\/\\\/craftygenesindonesia.com\\\/fr\\\/shop\\\/animaux\\\/elias-isabella-les-lapins-de-paques-paquet\\\/\",\"url\":\"https:\\\/\\\/craftygenesindonesia.com\\\/fr\\\/shop\\\/animaux\\\/elias-isabella-les-lapins-de-paques-paquet\\\/\",\"name\":\"Elias & Isabella Les Lapins de P\u00e2ques ( Paquet ) - Craftygenesindonesia\",\"isPartOf\":{\"@id\":\"https:\\\/\\\/craftygenesindonesia.com\\\/fr\\\/#website\"},\"primaryImageOfPage\":{\"@id\":\"https:\\\/\\\/craftygenesindonesia.com\\\/fr\\\/shop\\\/animaux\\\/elias-isabella-les-lapins-de-paques-paquet\\\/#primaryimage\"},\"image\":{\"@id\":\"https:\\\/\\\/craftygenesindonesia.com\\\/fr\\\/shop\\\/animaux\\\/elias-isabella-les-lapins-de-paques-paquet\\\/#primaryimage\"},\"thumbnailUrl\":\"https:\\\/\\\/craftygenesindonesia.com\\\/wp-content\\\/uploads\\\/2023\\\/02\\\/Elias-Isabella-1.jpg\",\"datePublished\":\"2023-02-14T22:12:14+00:00\",\"dateModified\":\"2025-11-10T23:59:10+00:00\",\"description\":\"Achetez ici mon \u00ab Elias & Isabella Les lapins de P\u00e2ques \u00bb. Le mod\u00e8le de crochet facile est \u00e9galement disponible sur Etsy, Haked, Ravelry, Payhip.\",\"breadcrumb\":{\"@id\":\"https:\\\/\\\/craftygenesindonesia.com\\\/fr\\\/shop\\\/animaux\\\/elias-isabella-les-lapins-de-paques-paquet\\\/#breadcrumb\"},\"inLanguage\":\"fr-FR\",\"potentialAction\":[{\"@type\":\"ReadAction\",\"target\":[\"https:\\\/\\\/craftygenesindonesia.com\\\/fr\\\/shop\\\/animaux\\\/elias-isabella-les-lapins-de-paques-paquet\\\/\"]}]},{\"@type\":\"ImageObject\",\"inLanguage\":\"fr-FR\",\"@id\":\"https:\\\/\\\/craftygenesindonesia.com\\\/fr\\\/shop\\\/animaux\\\/elias-isabella-les-lapins-de-paques-paquet\\\/#primaryimage\",\"url\":\"https:\\\/\\\/craftygenesindonesia.com\\\/wp-content\\\/uploads\\\/2023\\\/02\\\/Elias-Isabella-1.jpg\",\"contentUrl\":\"https:\\\/\\\/craftygenesindonesia.com\\\/wp-content\\\/uploads\\\/2023\\\/02\\\/Elias-Isabella-1.jpg\",\"width\":1080,\"height\":1080,\"caption\":\"Victorian Easter Bunnies\"},{\"@type\":\"BreadcrumbList\",\"@id\":\"https:\\\/\\\/craftygenesindonesia.com\\\/fr\\\/shop\\\/animaux\\\/elias-isabella-les-lapins-de-paques-paquet\\\/#breadcrumb\",\"itemListElement\":[{\"@type\":\"ListItem\",\"position\":1,\"name\":\"Home\",\"item\":\"https:\\\/\\\/craftygenesindonesia.com\\\/fr\\\/\"},{\"@type\":\"ListItem\",\"position\":2,\"name\":\"Boutique de mod\u00e8les\",\"item\":\"https:\\\/\\\/craftygenesindonesia.com\\\/fr\\\/boutique\\\/\"},{\"@type\":\"ListItem\",\"position\":3,\"name\":\"Elias &#038; Isabella Les Lapins de P\u00e2ques ( Paquet )\"}]},{\"@type\":\"WebSite\",\"@id\":\"https:\\\/\\\/craftygenesindonesia.com\\\/fr\\\/#website\",\"url\":\"https:\\\/\\\/craftygenesindonesia.com\\\/fr\\\/\",\"name\":\"Craftygenesindonesia\",\"description\":\"\",\"publisher\":{\"@id\":\"https:\\\/\\\/craftygenesindonesia.com\\\/fr\\\/#organization\"},\"potentialAction\":[{\"@type\":\"SearchAction\",\"target\":{\"@type\":\"EntryPoint\",\"urlTemplate\":\"https:\\\/\\\/craftygenesindonesia.com\\\/fr\\\/?s={search_term_string}\"},\"query-input\":{\"@type\":\"PropertyValueSpecification\",\"valueRequired\":true,\"valueName\":\"search_term_string\"}}],\"inLanguage\":\"fr-FR\"},{\"@type\":\"Organization\",\"@id\":\"https:\\\/\\\/craftygenesindonesia.com\\\/fr\\\/#organization\",\"name\":\"Craftygenesindonesia\",\"url\":\"https:\\\/\\\/craftygenesindonesia.com\\\/fr\\\/\",\"logo\":{\"@type\":\"ImageObject\",\"inLanguage\":\"fr-FR\",\"@id\":\"https:\\\/\\\/craftygenesindonesia.com\\\/fr\\\/#\\\/schema\\\/logo\\\/image\\\/\",\"url\":\"https:\\\/\\\/craftygenesindonesia.com\\\/wp-content\\\/uploads\\\/2025\\\/11\\\/cropped-Copy-of-Craftygenesindonesia.jpg\",\"contentUrl\":\"https:\\\/\\\/craftygenesindonesia.com\\\/wp-content\\\/uploads\\\/2025\\\/11\\\/cropped-Copy-of-Craftygenesindonesia.jpg\",\"width\":180,\"height\":60,\"caption\":\"Craftygenesindonesia\"},\"image\":{\"@id\":\"https:\\\/\\\/craftygenesindonesia.com\\\/fr\\\/#\\\/schema\\\/logo\\\/image\\\/\"}}]}<\/script>\n<!-- \/ Yoast SEO plugin. -->","yoast_head_json":{"title":"Elias & Isabella Les Lapins de P\u00e2ques ( Paquet ) - Craftygenesindonesia","description":"Achetez ici mon \u00ab Elias & Isabella Les lapins de P\u00e2ques \u00bb. Le mod\u00e8le de crochet facile est \u00e9galement disponible sur Etsy, Haked, Ravelry, Payhip.","robots":{"index":"index","follow":"follow","max-snippet":"max-snippet:-1","max-image-preview":"max-image-preview:large","max-video-preview":"max-video-preview:-1"},"canonical":"https:\/\/craftygenesindonesia.com\/fr\/shop\/animaux\/elias-isabella-les-lapins-de-paques-paquet\/","og_locale":"fr_FR","og_type":"article","og_title":"\u00ab Elias & Isabella Les lapins de P\u00e2ques \u00bb","og_description":"Achetez ici mon \u00ab Elias & Isabella Les lapins de P\u00e2ques \u00bb. Le mod\u00e8le de crochet facile est \u00e9galement disponible sur Etsy, Haked, Ravelry, Payhip.","og_url":"https:\/\/craftygenesindonesia.com\/fr\/shop\/animaux\/elias-isabella-les-lapins-de-paques-paquet\/","og_site_name":"Craftygenesindonesia","article_modified_time":"2025-11-10T23:59:10+00:00","og_image":[{"width":1080,"height":1080,"url":"https:\/\/craftygenesindonesia.com\/wp-content\/uploads\/2023\/02\/Elias-Isabella-1.jpg","type":"image\/jpeg"}],"twitter_card":"summary_large_image","twitter_image":"https:\/\/craftygenesindonesia.com\/wp-content\/uploads\/2023\/02\/Picsart_23-02-14_12-24-00-036-1024x1024.jpg","twitter_misc":{"Dur\u00e9e de lecture estim\u00e9e":"2 minutes"},"schema":{"@context":"https:\/\/schema.org","@graph":[{"@type":"WebPage","@id":"https:\/\/craftygenesindonesia.com\/fr\/shop\/animaux\/elias-isabella-les-lapins-de-paques-paquet\/","url":"https:\/\/craftygenesindonesia.com\/fr\/shop\/animaux\/elias-isabella-les-lapins-de-paques-paquet\/","name":"Elias & Isabella Les Lapins de P\u00e2ques ( Paquet ) - Craftygenesindonesia","isPartOf":{"@id":"https:\/\/craftygenesindonesia.com\/fr\/#website"},"primaryImageOfPage":{"@id":"https:\/\/craftygenesindonesia.com\/fr\/shop\/animaux\/elias-isabella-les-lapins-de-paques-paquet\/#primaryimage"},"image":{"@id":"https:\/\/craftygenesindonesia.com\/fr\/shop\/animaux\/elias-isabella-les-lapins-de-paques-paquet\/#primaryimage"},"thumbnailUrl":"https:\/\/craftygenesindonesia.com\/wp-content\/uploads\/2023\/02\/Elias-Isabella-1.jpg","datePublished":"2023-02-14T22:12:14+00:00","dateModified":"2025-11-10T23:59:10+00:00","description":"Achetez ici mon \u00ab Elias & Isabella Les lapins de P\u00e2ques \u00bb. Le mod\u00e8le de crochet facile est \u00e9galement disponible sur Etsy, Haked, Ravelry, Payhip.","breadcrumb":{"@id":"https:\/\/craftygenesindonesia.com\/fr\/shop\/animaux\/elias-isabella-les-lapins-de-paques-paquet\/#breadcrumb"},"inLanguage":"fr-FR","potentialAction":[{"@type":"ReadAction","target":["https:\/\/craftygenesindonesia.com\/fr\/shop\/animaux\/elias-isabella-les-lapins-de-paques-paquet\/"]}]},{"@type":"ImageObject","inLanguage":"fr-FR","@id":"https:\/\/craftygenesindonesia.com\/fr\/shop\/animaux\/elias-isabella-les-lapins-de-paques-paquet\/#primaryimage","url":"https:\/\/craftygenesindonesia.com\/wp-content\/uploads\/2023\/02\/Elias-Isabella-1.jpg","contentUrl":"https:\/\/craftygenesindonesia.com\/wp-content\/uploads\/2023\/02\/Elias-Isabella-1.jpg","width":1080,"height":1080,"caption":"Victorian Easter Bunnies"},{"@type":"BreadcrumbList","@id":"https:\/\/craftygenesindonesia.com\/fr\/shop\/animaux\/elias-isabella-les-lapins-de-paques-paquet\/#breadcrumb","itemListElement":[{"@type":"ListItem","position":1,"name":"Home","item":"https:\/\/craftygenesindonesia.com\/fr\/"},{"@type":"ListItem","position":2,"name":"Boutique de mod\u00e8les","item":"https:\/\/craftygenesindonesia.com\/fr\/boutique\/"},{"@type":"ListItem","position":3,"name":"Elias &#038; Isabella Les Lapins de P\u00e2ques ( Paquet )"}]},{"@type":"WebSite","@id":"https:\/\/craftygenesindonesia.com\/fr\/#website","url":"https:\/\/craftygenesindonesia.com\/fr\/","name":"Craftygenesindonesia","description":"","publisher":{"@id":"https:\/\/craftygenesindonesia.com\/fr\/#organization"},"potentialAction":[{"@type":"SearchAction","target":{"@type":"EntryPoint","urlTemplate":"https:\/\/craftygenesindonesia.com\/fr\/?s={search_term_string}"},"query-input":{"@type":"PropertyValueSpecification","valueRequired":true,"valueName":"search_term_string"}}],"inLanguage":"fr-FR"},{"@type":"Organization","@id":"https:\/\/craftygenesindonesia.com\/fr\/#organization","name":"Craftygenesindonesia","url":"https:\/\/craftygenesindonesia.com\/fr\/","logo":{"@type":"ImageObject","inLanguage":"fr-FR","@id":"https:\/\/craftygenesindonesia.com\/fr\/#\/schema\/logo\/image\/","url":"https:\/\/craftygenesindonesia.com\/wp-content\/uploads\/2025\/11\/cropped-Copy-of-Craftygenesindonesia.jpg","contentUrl":"https:\/\/craftygenesindonesia.com\/wp-content\/uploads\/2025\/11\/cropped-Copy-of-Craftygenesindonesia.jpg","width":180,"height":60,"caption":"Craftygenesindonesia"},"image":{"@id":"https:\/\/craftygenesindonesia.com\/fr\/#\/schema\/logo\/image\/"}}]}},"_links":{"self":[{"href":"https:\/\/craftygenesindonesia.com\/fr\/wp-json\/wp\/v2\/product\/19600","targetHints":{"allow":["GET"]}}],"collection":[{"href":"https:\/\/craftygenesindonesia.com\/fr\/wp-json\/wp\/v2\/product"}],"about":[{"href":"https:\/\/craftygenesindonesia.com\/fr\/wp-json\/wp\/v2\/types\/product"}],"replies":[{"embeddable":true,"href":"https:\/\/craftygenesindonesia.com\/fr\/wp-json\/wp\/v2\/comments?post=19600"}],"wp:featuredmedia":[{"embeddable":true,"href":"https:\/\/craftygenesindonesia.com\/fr\/wp-json\/wp\/v2\/media\/987525421"}],"wp:attachment":[{"href":"https:\/\/craftygenesindonesia.com\/fr\/wp-json\/wp\/v2\/media?parent=19600"}],"wp:term":[{"taxonomy":"product_brand","embeddable":true,"href":"https:\/\/craftygenesindonesia.com\/fr\/wp-json\/wp\/v2\/product_brand?post=19600"},{"taxonomy":"product_cat","embeddable":true,"href":"https:\/\/craftygenesindonesia.com\/fr\/wp-json\/wp\/v2\/product_cat?post=19600"},{"taxonomy":"product_tag","embeddable":true,"href":"https:\/\/craftygenesindonesia.com\/fr\/wp-json\/wp\/v2\/product_tag?post=19600"}],"curies":[{"name":"wp","href":"https:\/\/api.w.org\/{rel}","templated":true}]}}