{"id":19586,"date":"2023-01-30T08:41:39","date_gmt":"2023-01-30T00:41:39","guid":{"rendered":"https:\/\/craftygenesindonesia.com\/?post_type=product&#038;p=19586"},"modified":"2025-11-11T08:39:06","modified_gmt":"2025-11-11T00:39:06","slug":"pour-la-tombe-tout-en-1","status":"publish","type":"product","link":"https:\/\/craftygenesindonesia.com\/fr\/shop\/ensembles\/pour-la-tombe-tout-en-1\/","title":{"rendered":"Pour ceux qui sont tomb\u00e9s &#8211; Trois en 1"},"content":{"rendered":"<p>Dans ce paquet vous obtenez tous les patrons que vous voyez dans ma photo = les soldats, les plateformes, la croix, les ailes, les coquelicots, les chandeliers.<\/p>\n<p>Ils sont tous r\u00e9alis\u00e9s avec un fil de poids &#8220;FINGERING&#8221; adapt\u00e9 \u00e0 l&#8217;amigurumi et un crochet de taille 2mm.<\/p>\n<p>Vous aurez besoin des couleurs suivantes : couleur de la peau, blanc, noir, gris, gris fonc\u00e9, rouge, beige, marron uniforme, marron, (Brodie) vert casque, bleu, bleu marine, bleu-gris, bleu clair.<\/p>\n<p>Crochet : taille 2mm.<\/p>\n<p>Ce jeu de patrons comprend des patrons \u00e9crits et de nombreuses photos pour vous aider.<br \/>\nSi vous avez des difficult\u00e9s \u00e0 comprendre les mod\u00e8les, n&#8217;h\u00e9sitez pas \u00e0 m&#8217;envoyer un message \u00e0 l&#8217;adresse suivante : craftygenesindonesia@gmail.com<\/p>\n<p>Cet ensemble de patrons est destin\u00e9 \u00e0 un usage personnel et il est prot\u00e9g\u00e9 par un COPYRIGHT (droit d&#8217;auteur). Il ne peut donc \u00eatre copi\u00e9, vendu, revendu, traduit, revendiqu\u00e9 comme votre mod\u00e8le, distribu\u00e9, partag\u00e9, publi\u00e9, mis en ligne&#8230; sous quelque forme que ce soit sans mon consentement. M\u00eame pas en partie !<\/p>\n<p>Vous pouvez vendre les articles finis mais pas les patrons eux-m\u00eames !<\/p>\n","protected":false},"excerpt":{"rendered":"<p>Voici l&#8217;offre group\u00e9e parfaite pour les fans des patrons de crochet Pour ceux qui sont tomb\u00e9s de Craftygenesindonesia !!! Dans cet ensemble, vous recevrez tous mes mod\u00e8les de crochet Pour ceux qui sont tomb\u00e9s=<\/p>\n<p>&nbsp;<\/p>\n<ul>\n<li>Pour les forces arm\u00e9es tomb\u00e9es au combat<\/li>\n<li>Pour les gardien dechu<\/li>\n<li>Croix du gardien<\/li>\n<\/ul>\n","protected":false},"featured_media":987520528,"comment_status":"open","ping_status":"closed","template":"","meta":{"_acf_changed":false},"product_brand":[],"product_cat":[3649,3655,3669,10142],"product_tag":[10151,10152,10512,12760,10510,10508,10255,10506,10513,10509,9765,10153,11667,10511,10507],"class_list":{"0":"post-19586","1":"product","2":"type-product","3":"status-publish","4":"has-post-thumbnail","6":"product_cat-ensembles","7":"product_cat-mesdames-et-messieurs","8":"product_cat-memorial","9":"product_cat-militaire","10":"product_tag-armee-fr","11":"product_tag-armee-de-lair-fr","12":"product_tag-coquelicot-fr","13":"product_tag-cross-fr","14":"product_tag-dame-de-la-marine","15":"product_tag-jour-de-larmistice-fr","16":"product_tag-journee-de-larmistice-fr","17":"product_tag-journee-du-patrimoine-mondial","18":"product_tag-marin-fr","19":"product_tag-marine-fr","20":"product_tag-memorial-fr","21":"product_tag-militaire-fr","22":"product_tag-monument-aux-morts","23":"product_tag-pilote-fr","24":"product_tag-soldat-fr","25":"pa_available_on-craftygenesindonesia","26":"pa_available_on-etsy","27":"pa_available_on-haked-nl","28":"pa_available_on-payhip","29":"pa_available_on-ravelry","30":"pa_languages-americain","31":"pa_languages-espagnol","32":"pa_languages-francais","33":"pa_languages-neerlandais","35":"first","36":"instock","37":"downloadable","38":"virtual","39":"purchasable","40":"product-type-simple"},"acf":[],"yoast_head":"<!-- This site is optimized with the Yoast SEO plugin v27.3 - https:\/\/yoast.com\/product\/yoast-seo-wordpress\/ -->\n<title>Pour ceux qui sont tomb\u00e9s - Tout en 1 - Craftygenesindonesia<\/title>\n<meta name=\"description\" content=\"Achetez ici mon ensemble de patrons de crochet pour soldat &quot;For The Fallen&quot;. L&#039;ensemble de patrons est \u00e9galement disponible sur Etsy, Haked et Ravelry.\" \/>\n<meta name=\"robots\" content=\"index, follow, max-snippet:-1, max-image-preview:large, max-video-preview:-1\" \/>\n<link rel=\"canonical\" href=\"https:\/\/craftygenesindonesia.com\/fr\/shop\/ensembles\/pour-la-tombe-tout-en-1\/\" \/>\n<meta property=\"og:locale\" content=\"fr_FR\" \/>\n<meta property=\"og:type\" content=\"article\" \/>\n<meta property=\"og:title\" content=\"Ensemble de patrons de crochet pour soldat &quot;For The Fallen&quot;\" \/>\n<meta property=\"og:description\" content=\"Achetez ici mon ensemble de patrons de crochet pour soldat &quot;For The Fallen&quot;. L&#039;ensemble de patrons est \u00e9galement disponible sur Etsy, Haked et Ravelry.\" \/>\n<meta property=\"og:url\" content=\"https:\/\/craftygenesindonesia.com\/fr\/shop\/ensembles\/pour-la-tombe-tout-en-1\/\" \/>\n<meta property=\"og:site_name\" content=\"Craftygenesindonesia\" \/>\n<meta property=\"article:modified_time\" content=\"2025-11-11T00:39:06+00:00\" \/>\n<meta property=\"og:image\" content=\"https:\/\/craftygenesindonesia.com\/wp-content\/uploads\/2023\/01\/For-The-Fallen-All-in-1-2.jpg\" \/>\n\t<meta property=\"og:image:width\" content=\"1080\" \/>\n\t<meta property=\"og:image:height\" content=\"1080\" \/>\n\t<meta property=\"og:image:type\" content=\"image\/jpeg\" \/>\n<meta name=\"twitter:card\" content=\"summary_large_image\" \/>\n<meta name=\"twitter:image\" content=\"https:\/\/craftygenesindonesia.com\/wp-content\/uploads\/2023\/01\/For-The-Fallen.png\" \/>\n<meta name=\"twitter:label1\" content=\"Dur\u00e9e de lecture estim\u00e9e\" \/>\n\t<meta name=\"twitter:data1\" content=\"1 minute\" \/>\n<script type=\"application\/ld+json\" class=\"yoast-schema-graph\">{\"@context\":\"https:\\\/\\\/schema.org\",\"@graph\":[{\"@type\":\"WebPage\",\"@id\":\"https:\\\/\\\/craftygenesindonesia.com\\\/fr\\\/shop\\\/ensembles\\\/pour-la-tombe-tout-en-1\\\/\",\"url\":\"https:\\\/\\\/craftygenesindonesia.com\\\/fr\\\/shop\\\/ensembles\\\/pour-la-tombe-tout-en-1\\\/\",\"name\":\"Pour ceux qui sont tomb\u00e9s - Tout en 1 - Craftygenesindonesia\",\"isPartOf\":{\"@id\":\"https:\\\/\\\/craftygenesindonesia.com\\\/fr\\\/#website\"},\"primaryImageOfPage\":{\"@id\":\"https:\\\/\\\/craftygenesindonesia.com\\\/fr\\\/shop\\\/ensembles\\\/pour-la-tombe-tout-en-1\\\/#primaryimage\"},\"image\":{\"@id\":\"https:\\\/\\\/craftygenesindonesia.com\\\/fr\\\/shop\\\/ensembles\\\/pour-la-tombe-tout-en-1\\\/#primaryimage\"},\"thumbnailUrl\":\"https:\\\/\\\/craftygenesindonesia.com\\\/wp-content\\\/uploads\\\/2023\\\/01\\\/For-The-Fallen-All-in-1-2.jpg\",\"datePublished\":\"2023-01-30T00:41:39+00:00\",\"dateModified\":\"2025-11-11T00:39:06+00:00\",\"description\":\"Achetez ici mon ensemble de patrons de crochet pour soldat \\\"For The Fallen\\\". L'ensemble de patrons est \u00e9galement disponible sur Etsy, Haked et Ravelry.\",\"breadcrumb\":{\"@id\":\"https:\\\/\\\/craftygenesindonesia.com\\\/fr\\\/shop\\\/ensembles\\\/pour-la-tombe-tout-en-1\\\/#breadcrumb\"},\"inLanguage\":\"fr-FR\",\"potentialAction\":[{\"@type\":\"ReadAction\",\"target\":[\"https:\\\/\\\/craftygenesindonesia.com\\\/fr\\\/shop\\\/ensembles\\\/pour-la-tombe-tout-en-1\\\/\"]}]},{\"@type\":\"ImageObject\",\"inLanguage\":\"fr-FR\",\"@id\":\"https:\\\/\\\/craftygenesindonesia.com\\\/fr\\\/shop\\\/ensembles\\\/pour-la-tombe-tout-en-1\\\/#primaryimage\",\"url\":\"https:\\\/\\\/craftygenesindonesia.com\\\/wp-content\\\/uploads\\\/2023\\\/01\\\/For-The-Fallen-All-in-1-2.jpg\",\"contentUrl\":\"https:\\\/\\\/craftygenesindonesia.com\\\/wp-content\\\/uploads\\\/2023\\\/01\\\/For-The-Fallen-All-in-1-2.jpg\",\"width\":1080,\"height\":1080,\"caption\":\"crochet soldier, pilot and sailor with poppy and LED candle\"},{\"@type\":\"BreadcrumbList\",\"@id\":\"https:\\\/\\\/craftygenesindonesia.com\\\/fr\\\/shop\\\/ensembles\\\/pour-la-tombe-tout-en-1\\\/#breadcrumb\",\"itemListElement\":[{\"@type\":\"ListItem\",\"position\":1,\"name\":\"Home\",\"item\":\"https:\\\/\\\/craftygenesindonesia.com\\\/fr\\\/\"},{\"@type\":\"ListItem\",\"position\":2,\"name\":\"Boutique de mod\u00e8les\",\"item\":\"https:\\\/\\\/craftygenesindonesia.com\\\/fr\\\/boutique\\\/\"},{\"@type\":\"ListItem\",\"position\":3,\"name\":\"Pour ceux qui sont tomb\u00e9s &#8211; Trois en 1\"}]},{\"@type\":\"WebSite\",\"@id\":\"https:\\\/\\\/craftygenesindonesia.com\\\/fr\\\/#website\",\"url\":\"https:\\\/\\\/craftygenesindonesia.com\\\/fr\\\/\",\"name\":\"Craftygenesindonesia\",\"description\":\"\",\"publisher\":{\"@id\":\"https:\\\/\\\/craftygenesindonesia.com\\\/fr\\\/#organization\"},\"potentialAction\":[{\"@type\":\"SearchAction\",\"target\":{\"@type\":\"EntryPoint\",\"urlTemplate\":\"https:\\\/\\\/craftygenesindonesia.com\\\/fr\\\/?s={search_term_string}\"},\"query-input\":{\"@type\":\"PropertyValueSpecification\",\"valueRequired\":true,\"valueName\":\"search_term_string\"}}],\"inLanguage\":\"fr-FR\"},{\"@type\":\"Organization\",\"@id\":\"https:\\\/\\\/craftygenesindonesia.com\\\/fr\\\/#organization\",\"name\":\"Craftygenesindonesia\",\"url\":\"https:\\\/\\\/craftygenesindonesia.com\\\/fr\\\/\",\"logo\":{\"@type\":\"ImageObject\",\"inLanguage\":\"fr-FR\",\"@id\":\"https:\\\/\\\/craftygenesindonesia.com\\\/fr\\\/#\\\/schema\\\/logo\\\/image\\\/\",\"url\":\"https:\\\/\\\/craftygenesindonesia.com\\\/wp-content\\\/uploads\\\/2025\\\/11\\\/cropped-Copy-of-Craftygenesindonesia.jpg\",\"contentUrl\":\"https:\\\/\\\/craftygenesindonesia.com\\\/wp-content\\\/uploads\\\/2025\\\/11\\\/cropped-Copy-of-Craftygenesindonesia.jpg\",\"width\":180,\"height\":60,\"caption\":\"Craftygenesindonesia\"},\"image\":{\"@id\":\"https:\\\/\\\/craftygenesindonesia.com\\\/fr\\\/#\\\/schema\\\/logo\\\/image\\\/\"}}]}<\/script>\n<!-- \/ Yoast SEO plugin. -->","yoast_head_json":{"title":"Pour ceux qui sont tomb\u00e9s - Tout en 1 - Craftygenesindonesia","description":"Achetez ici mon ensemble de patrons de crochet pour soldat \"For The Fallen\". L'ensemble de patrons est \u00e9galement disponible sur Etsy, Haked et Ravelry.","robots":{"index":"index","follow":"follow","max-snippet":"max-snippet:-1","max-image-preview":"max-image-preview:large","max-video-preview":"max-video-preview:-1"},"canonical":"https:\/\/craftygenesindonesia.com\/fr\/shop\/ensembles\/pour-la-tombe-tout-en-1\/","og_locale":"fr_FR","og_type":"article","og_title":"Ensemble de patrons de crochet pour soldat \"For The Fallen\"","og_description":"Achetez ici mon ensemble de patrons de crochet pour soldat \"For The Fallen\". L'ensemble de patrons est \u00e9galement disponible sur Etsy, Haked et Ravelry.","og_url":"https:\/\/craftygenesindonesia.com\/fr\/shop\/ensembles\/pour-la-tombe-tout-en-1\/","og_site_name":"Craftygenesindonesia","article_modified_time":"2025-11-11T00:39:06+00:00","og_image":[{"width":1080,"height":1080,"url":"https:\/\/craftygenesindonesia.com\/wp-content\/uploads\/2023\/01\/For-The-Fallen-All-in-1-2.jpg","type":"image\/jpeg"}],"twitter_card":"summary_large_image","twitter_image":"https:\/\/craftygenesindonesia.com\/wp-content\/uploads\/2023\/01\/For-The-Fallen.png","twitter_misc":{"Dur\u00e9e de lecture estim\u00e9e":"1 minute"},"schema":{"@context":"https:\/\/schema.org","@graph":[{"@type":"WebPage","@id":"https:\/\/craftygenesindonesia.com\/fr\/shop\/ensembles\/pour-la-tombe-tout-en-1\/","url":"https:\/\/craftygenesindonesia.com\/fr\/shop\/ensembles\/pour-la-tombe-tout-en-1\/","name":"Pour ceux qui sont tomb\u00e9s - Tout en 1 - Craftygenesindonesia","isPartOf":{"@id":"https:\/\/craftygenesindonesia.com\/fr\/#website"},"primaryImageOfPage":{"@id":"https:\/\/craftygenesindonesia.com\/fr\/shop\/ensembles\/pour-la-tombe-tout-en-1\/#primaryimage"},"image":{"@id":"https:\/\/craftygenesindonesia.com\/fr\/shop\/ensembles\/pour-la-tombe-tout-en-1\/#primaryimage"},"thumbnailUrl":"https:\/\/craftygenesindonesia.com\/wp-content\/uploads\/2023\/01\/For-The-Fallen-All-in-1-2.jpg","datePublished":"2023-01-30T00:41:39+00:00","dateModified":"2025-11-11T00:39:06+00:00","description":"Achetez ici mon ensemble de patrons de crochet pour soldat \"For The Fallen\". L'ensemble de patrons est \u00e9galement disponible sur Etsy, Haked et Ravelry.","breadcrumb":{"@id":"https:\/\/craftygenesindonesia.com\/fr\/shop\/ensembles\/pour-la-tombe-tout-en-1\/#breadcrumb"},"inLanguage":"fr-FR","potentialAction":[{"@type":"ReadAction","target":["https:\/\/craftygenesindonesia.com\/fr\/shop\/ensembles\/pour-la-tombe-tout-en-1\/"]}]},{"@type":"ImageObject","inLanguage":"fr-FR","@id":"https:\/\/craftygenesindonesia.com\/fr\/shop\/ensembles\/pour-la-tombe-tout-en-1\/#primaryimage","url":"https:\/\/craftygenesindonesia.com\/wp-content\/uploads\/2023\/01\/For-The-Fallen-All-in-1-2.jpg","contentUrl":"https:\/\/craftygenesindonesia.com\/wp-content\/uploads\/2023\/01\/For-The-Fallen-All-in-1-2.jpg","width":1080,"height":1080,"caption":"crochet soldier, pilot and sailor with poppy and LED candle"},{"@type":"BreadcrumbList","@id":"https:\/\/craftygenesindonesia.com\/fr\/shop\/ensembles\/pour-la-tombe-tout-en-1\/#breadcrumb","itemListElement":[{"@type":"ListItem","position":1,"name":"Home","item":"https:\/\/craftygenesindonesia.com\/fr\/"},{"@type":"ListItem","position":2,"name":"Boutique de mod\u00e8les","item":"https:\/\/craftygenesindonesia.com\/fr\/boutique\/"},{"@type":"ListItem","position":3,"name":"Pour ceux qui sont tomb\u00e9s &#8211; Trois en 1"}]},{"@type":"WebSite","@id":"https:\/\/craftygenesindonesia.com\/fr\/#website","url":"https:\/\/craftygenesindonesia.com\/fr\/","name":"Craftygenesindonesia","description":"","publisher":{"@id":"https:\/\/craftygenesindonesia.com\/fr\/#organization"},"potentialAction":[{"@type":"SearchAction","target":{"@type":"EntryPoint","urlTemplate":"https:\/\/craftygenesindonesia.com\/fr\/?s={search_term_string}"},"query-input":{"@type":"PropertyValueSpecification","valueRequired":true,"valueName":"search_term_string"}}],"inLanguage":"fr-FR"},{"@type":"Organization","@id":"https:\/\/craftygenesindonesia.com\/fr\/#organization","name":"Craftygenesindonesia","url":"https:\/\/craftygenesindonesia.com\/fr\/","logo":{"@type":"ImageObject","inLanguage":"fr-FR","@id":"https:\/\/craftygenesindonesia.com\/fr\/#\/schema\/logo\/image\/","url":"https:\/\/craftygenesindonesia.com\/wp-content\/uploads\/2025\/11\/cropped-Copy-of-Craftygenesindonesia.jpg","contentUrl":"https:\/\/craftygenesindonesia.com\/wp-content\/uploads\/2025\/11\/cropped-Copy-of-Craftygenesindonesia.jpg","width":180,"height":60,"caption":"Craftygenesindonesia"},"image":{"@id":"https:\/\/craftygenesindonesia.com\/fr\/#\/schema\/logo\/image\/"}}]}},"_links":{"self":[{"href":"https:\/\/craftygenesindonesia.com\/fr\/wp-json\/wp\/v2\/product\/19586","targetHints":{"allow":["GET"]}}],"collection":[{"href":"https:\/\/craftygenesindonesia.com\/fr\/wp-json\/wp\/v2\/product"}],"about":[{"href":"https:\/\/craftygenesindonesia.com\/fr\/wp-json\/wp\/v2\/types\/product"}],"replies":[{"embeddable":true,"href":"https:\/\/craftygenesindonesia.com\/fr\/wp-json\/wp\/v2\/comments?post=19586"}],"wp:featuredmedia":[{"embeddable":true,"href":"https:\/\/craftygenesindonesia.com\/fr\/wp-json\/wp\/v2\/media\/987520528"}],"wp:attachment":[{"href":"https:\/\/craftygenesindonesia.com\/fr\/wp-json\/wp\/v2\/media?parent=19586"}],"wp:term":[{"taxonomy":"product_brand","embeddable":true,"href":"https:\/\/craftygenesindonesia.com\/fr\/wp-json\/wp\/v2\/product_brand?post=19586"},{"taxonomy":"product_cat","embeddable":true,"href":"https:\/\/craftygenesindonesia.com\/fr\/wp-json\/wp\/v2\/product_cat?post=19586"},{"taxonomy":"product_tag","embeddable":true,"href":"https:\/\/craftygenesindonesia.com\/fr\/wp-json\/wp\/v2\/product_tag?post=19586"}],"curies":[{"name":"wp","href":"https:\/\/api.w.org\/{rel}","templated":true}]}}