{"id":19583,"date":"2023-01-27T06:02:41","date_gmt":"2023-01-26T22:02:41","guid":{"rendered":"https:\/\/craftygenesindonesia.com\/?post_type=product&#038;p=19583"},"modified":"2025-11-11T09:05:56","modified_gmt":"2025-11-11T01:05:56","slug":"elias-le-lapin-de-paques","status":"publish","type":"product","link":"https:\/\/craftygenesindonesia.com\/fr\/shop\/animaux\/elias-le-lapin-de-paques\/","title":{"rendered":"Elias, le lapin de P\u00e2ques"},"content":{"rendered":"<p>Le lapin mesure 45 cm de haut.\u00a0 Cela inclut le chapeau et les oreilles.\u00a0 Il est r\u00e9alis\u00e9 avec un fil de taille 3 adapt\u00e9 \u00e0 l&#8217;amigurumi et un crochet de taille 2mm.<\/p>\n<p>Vous aurez besoin des couleurs suivantes :<\/p>\n<p>Noir : 15-25m = m\u00e8tre\/20-30yd = yard<br \/>\nBlanc cass\u00e9 : 65-75m\/70-80yd<br \/>\nGris : 45-55m\/ 50-60yd<br \/>\nRose : 15-25m\/ 20-30yd<br \/>\nCr\u00e8me : 10-20m\/10-20yd<br \/>\nMarron clair : 75-85m\/80-90yd<br \/>\nVert : 130-140m\/145-155yd<br \/>\nViolet clair : 15-25m\/ 20-30yd<br \/>\nBleu : partie restante<\/p>\n<p>Vous aurez \u00e9galement besoin de : rembourrage &#8211; marqueurs de points &#8211; aiguille \u00e0 tapisserie &#8211; ciseaux &#8211; crayon &#8211; colle &#8211; pistolet \u00e0 colle &#8211; cotons-tiges &#8211; carton &#8211; yeux de s\u00e9curit\u00e9 &#8211; baguette en bois<\/p>\n<p>&nbsp;<\/p>\n<p>Crochet : taille 2mm<\/p>\n<p>&nbsp;<\/p>\n<p>Si vous avez des questions, n&#8217;h\u00e9sitez pas \u00e0 me contacter \u00e0 : craftygenesindonesia@gmail.com<\/p>\n<p>&nbsp;<\/p>\n<p>Ce mod\u00e8le est un mod\u00e8le PAY\u00c9 et il est prot\u00e9g\u00e9 par un COPYRIGHT. Il est donc r\u00e9serv\u00e9 \u00e0 un usage personnel et ne peut \u00eatre copi\u00e9, vendu, revendu, traduit, revendiqu\u00e9 comme votre mod\u00e8le, distribu\u00e9, partag\u00e9, publi\u00e9, mis en ligne&#8230; sous quelque forme que ce soit sans mon consentement. M\u00eame pas en partie !!!<\/p>\n","protected":false},"excerpt":{"rendered":"<p>Le mod\u00e8le de crochet pour ce lapin de P\u00e2ques du 19\u00e8me si\u00e8cle est tr\u00e8s facile \u00e0 suivre et est un must pour les fans de lapins de P\u00e2ques qui aiment crocheter.<\/p>\n<p>Cliquez<strong><a href=\"https:\/\/craftygenesindonesia.com\/fr\/produit\/isabella-le-lapin-de-paques\/\" target=\"_blank\" rel=\"noopener\"> ici<\/a><\/strong> si vous cherchez un lapin de P\u00e2ques pour fille.<\/p>\n","protected":false},"featured_media":987525360,"comment_status":"open","ping_status":"closed","template":"","meta":{"_acf_changed":false},"product_brand":[],"product_cat":[3643,3661,3663],"product_tag":[11665,11172,11173,10938,9133,11113,12116],"class_list":{"0":"post-19583","1":"product","2":"type-product","3":"status-publish","4":"has-post-thumbnail","6":"product_cat-animaux","7":"product_cat-paques","8":"product_cat-poupees-pour-enfants","9":"product_tag-baton-de-marche","10":"product_tag-gentilhomme","11":"product_tag-georgien-fr","12":"product_tag-lapin-fr","13":"product_tag-lapin-de-paques-fr","14":"product_tag-paques-fr","15":"product_tag-victorian-fr","16":"pa_available_on-craftygenesindonesia","17":"pa_available_on-etsy","18":"pa_available_on-haked-nl","19":"pa_available_on-payhip","20":"pa_available_on-ravelry","21":"pa_languages-allemand","22":"pa_languages-americain","23":"pa_languages-espagnol","24":"pa_languages-francais","25":"pa_languages-neerlandais","27":"first","28":"instock","29":"downloadable","30":"virtual","31":"purchasable","32":"product-type-simple"},"acf":[],"yoast_head":"<!-- This site is optimized with the Yoast SEO plugin v27.3 - https:\/\/yoast.com\/product\/yoast-seo-wordpress\/ -->\n<title>Elias, le lapin de P\u00e2ques mod\u00e8le de crochet - Craftygenesindonesia<\/title>\n<meta name=\"description\" content=\"Achetez ici mon mod\u00e8le de crochet \u00ab Elias Le Lapin de P\u00e2ques \u00bb. Ce mod\u00e8le de crochet facile est \u00e9galement disponible sur Etsy, Haked, Ravelry, Payhip.\" \/>\n<meta name=\"robots\" content=\"index, follow, max-snippet:-1, max-image-preview:large, max-video-preview:-1\" \/>\n<link rel=\"canonical\" href=\"https:\/\/craftygenesindonesia.com\/fr\/shop\/animaux\/elias-le-lapin-de-paques\/\" \/>\n<meta property=\"og:locale\" content=\"fr_FR\" \/>\n<meta property=\"og:type\" content=\"article\" \/>\n<meta property=\"og:title\" content=\"Mod\u00e8le de crochet \u00ab Elias Le Lapin de P\u00e2ques \u00bb\" \/>\n<meta property=\"og:description\" content=\"Achetez ici mon mod\u00e8le de crochet \u00ab Elias Le Lapin de P\u00e2ques \u00bb. Ce mod\u00e8le de crochet facile est \u00e9galement disponible sur Etsy, Haked, Ravelry, Payhip.\" \/>\n<meta property=\"og:url\" content=\"https:\/\/craftygenesindonesia.com\/fr\/shop\/animaux\/elias-le-lapin-de-paques\/\" \/>\n<meta property=\"og:site_name\" content=\"Craftygenesindonesia\" \/>\n<meta property=\"article:modified_time\" content=\"2025-11-11T01:05:56+00:00\" \/>\n<meta property=\"og:image\" content=\"https:\/\/craftygenesindonesia.com\/wp-content\/uploads\/2023\/01\/Elias.jpg\" \/>\n\t<meta property=\"og:image:width\" content=\"1080\" \/>\n\t<meta property=\"og:image:height\" content=\"1080\" \/>\n\t<meta property=\"og:image:type\" content=\"image\/jpeg\" \/>\n<meta name=\"twitter:card\" content=\"summary_large_image\" \/>\n<meta name=\"twitter:title\" content=\"Elias The Easter Bunny crochet pattern\" \/>\n<meta name=\"twitter:description\" content=\"Purchase here my &quot;Elias The Easter Bunny&quot; crochet pattern in English &amp; Dutch. Here you&#039;ll also find links to the pattern on Etsy, Haked &amp; Ravelry\" \/>\n<meta name=\"twitter:image\" content=\"https:\/\/craftygenesindonesia.com\/wp-content\/uploads\/2023\/01\/Picsart_23-01-25_13-25-34-933-1024x1024.jpg\" \/>\n<meta name=\"twitter:label1\" content=\"Dur\u00e9e de lecture estim\u00e9e\" \/>\n\t<meta name=\"twitter:data1\" content=\"1 minute\" \/>\n<script type=\"application\/ld+json\" class=\"yoast-schema-graph\">{\"@context\":\"https:\\\/\\\/schema.org\",\"@graph\":[{\"@type\":\"WebPage\",\"@id\":\"https:\\\/\\\/craftygenesindonesia.com\\\/fr\\\/shop\\\/animaux\\\/elias-le-lapin-de-paques\\\/\",\"url\":\"https:\\\/\\\/craftygenesindonesia.com\\\/fr\\\/shop\\\/animaux\\\/elias-le-lapin-de-paques\\\/\",\"name\":\"Elias, le lapin de P\u00e2ques mod\u00e8le de crochet - Craftygenesindonesia\",\"isPartOf\":{\"@id\":\"https:\\\/\\\/craftygenesindonesia.com\\\/fr\\\/#website\"},\"primaryImageOfPage\":{\"@id\":\"https:\\\/\\\/craftygenesindonesia.com\\\/fr\\\/shop\\\/animaux\\\/elias-le-lapin-de-paques\\\/#primaryimage\"},\"image\":{\"@id\":\"https:\\\/\\\/craftygenesindonesia.com\\\/fr\\\/shop\\\/animaux\\\/elias-le-lapin-de-paques\\\/#primaryimage\"},\"thumbnailUrl\":\"https:\\\/\\\/craftygenesindonesia.com\\\/wp-content\\\/uploads\\\/2023\\\/01\\\/Elias.jpg\",\"datePublished\":\"2023-01-26T22:02:41+00:00\",\"dateModified\":\"2025-11-11T01:05:56+00:00\",\"description\":\"Achetez ici mon mod\u00e8le de crochet \u00ab Elias Le Lapin de P\u00e2ques \u00bb. Ce mod\u00e8le de crochet facile est \u00e9galement disponible sur Etsy, Haked, Ravelry, Payhip.\",\"breadcrumb\":{\"@id\":\"https:\\\/\\\/craftygenesindonesia.com\\\/fr\\\/shop\\\/animaux\\\/elias-le-lapin-de-paques\\\/#breadcrumb\"},\"inLanguage\":\"fr-FR\",\"potentialAction\":[{\"@type\":\"ReadAction\",\"target\":[\"https:\\\/\\\/craftygenesindonesia.com\\\/fr\\\/shop\\\/animaux\\\/elias-le-lapin-de-paques\\\/\"]}]},{\"@type\":\"ImageObject\",\"inLanguage\":\"fr-FR\",\"@id\":\"https:\\\/\\\/craftygenesindonesia.com\\\/fr\\\/shop\\\/animaux\\\/elias-le-lapin-de-paques\\\/#primaryimage\",\"url\":\"https:\\\/\\\/craftygenesindonesia.com\\\/wp-content\\\/uploads\\\/2023\\\/01\\\/Elias.jpg\",\"contentUrl\":\"https:\\\/\\\/craftygenesindonesia.com\\\/wp-content\\\/uploads\\\/2023\\\/01\\\/Elias.jpg\",\"width\":1080,\"height\":1080,\"caption\":\"crochet Victorian Eastern bunny\"},{\"@type\":\"BreadcrumbList\",\"@id\":\"https:\\\/\\\/craftygenesindonesia.com\\\/fr\\\/shop\\\/animaux\\\/elias-le-lapin-de-paques\\\/#breadcrumb\",\"itemListElement\":[{\"@type\":\"ListItem\",\"position\":1,\"name\":\"Home\",\"item\":\"https:\\\/\\\/craftygenesindonesia.com\\\/fr\\\/\"},{\"@type\":\"ListItem\",\"position\":2,\"name\":\"Boutique de mod\u00e8les\",\"item\":\"https:\\\/\\\/craftygenesindonesia.com\\\/fr\\\/boutique\\\/\"},{\"@type\":\"ListItem\",\"position\":3,\"name\":\"Elias, le lapin de P\u00e2ques\"}]},{\"@type\":\"WebSite\",\"@id\":\"https:\\\/\\\/craftygenesindonesia.com\\\/fr\\\/#website\",\"url\":\"https:\\\/\\\/craftygenesindonesia.com\\\/fr\\\/\",\"name\":\"Craftygenesindonesia\",\"description\":\"\",\"publisher\":{\"@id\":\"https:\\\/\\\/craftygenesindonesia.com\\\/fr\\\/#organization\"},\"potentialAction\":[{\"@type\":\"SearchAction\",\"target\":{\"@type\":\"EntryPoint\",\"urlTemplate\":\"https:\\\/\\\/craftygenesindonesia.com\\\/fr\\\/?s={search_term_string}\"},\"query-input\":{\"@type\":\"PropertyValueSpecification\",\"valueRequired\":true,\"valueName\":\"search_term_string\"}}],\"inLanguage\":\"fr-FR\"},{\"@type\":\"Organization\",\"@id\":\"https:\\\/\\\/craftygenesindonesia.com\\\/fr\\\/#organization\",\"name\":\"Craftygenesindonesia\",\"url\":\"https:\\\/\\\/craftygenesindonesia.com\\\/fr\\\/\",\"logo\":{\"@type\":\"ImageObject\",\"inLanguage\":\"fr-FR\",\"@id\":\"https:\\\/\\\/craftygenesindonesia.com\\\/fr\\\/#\\\/schema\\\/logo\\\/image\\\/\",\"url\":\"https:\\\/\\\/craftygenesindonesia.com\\\/wp-content\\\/uploads\\\/2025\\\/11\\\/cropped-Copy-of-Craftygenesindonesia.jpg\",\"contentUrl\":\"https:\\\/\\\/craftygenesindonesia.com\\\/wp-content\\\/uploads\\\/2025\\\/11\\\/cropped-Copy-of-Craftygenesindonesia.jpg\",\"width\":180,\"height\":60,\"caption\":\"Craftygenesindonesia\"},\"image\":{\"@id\":\"https:\\\/\\\/craftygenesindonesia.com\\\/fr\\\/#\\\/schema\\\/logo\\\/image\\\/\"}}]}<\/script>\n<!-- \/ Yoast SEO plugin. -->","yoast_head_json":{"title":"Elias, le lapin de P\u00e2ques mod\u00e8le de crochet - Craftygenesindonesia","description":"Achetez ici mon mod\u00e8le de crochet \u00ab Elias Le Lapin de P\u00e2ques \u00bb. Ce mod\u00e8le de crochet facile est \u00e9galement disponible sur Etsy, Haked, Ravelry, Payhip.","robots":{"index":"index","follow":"follow","max-snippet":"max-snippet:-1","max-image-preview":"max-image-preview:large","max-video-preview":"max-video-preview:-1"},"canonical":"https:\/\/craftygenesindonesia.com\/fr\/shop\/animaux\/elias-le-lapin-de-paques\/","og_locale":"fr_FR","og_type":"article","og_title":"Mod\u00e8le de crochet \u00ab Elias Le Lapin de P\u00e2ques \u00bb","og_description":"Achetez ici mon mod\u00e8le de crochet \u00ab Elias Le Lapin de P\u00e2ques \u00bb. Ce mod\u00e8le de crochet facile est \u00e9galement disponible sur Etsy, Haked, Ravelry, Payhip.","og_url":"https:\/\/craftygenesindonesia.com\/fr\/shop\/animaux\/elias-le-lapin-de-paques\/","og_site_name":"Craftygenesindonesia","article_modified_time":"2025-11-11T01:05:56+00:00","og_image":[{"width":1080,"height":1080,"url":"https:\/\/craftygenesindonesia.com\/wp-content\/uploads\/2023\/01\/Elias.jpg","type":"image\/jpeg"}],"twitter_card":"summary_large_image","twitter_title":"Elias The Easter Bunny crochet pattern","twitter_description":"Purchase here my \"Elias The Easter Bunny\" crochet pattern in English & Dutch. Here you'll also find links to the pattern on Etsy, Haked & Ravelry","twitter_image":"https:\/\/craftygenesindonesia.com\/wp-content\/uploads\/2023\/01\/Picsart_23-01-25_13-25-34-933-1024x1024.jpg","twitter_misc":{"Dur\u00e9e de lecture estim\u00e9e":"1 minute"},"schema":{"@context":"https:\/\/schema.org","@graph":[{"@type":"WebPage","@id":"https:\/\/craftygenesindonesia.com\/fr\/shop\/animaux\/elias-le-lapin-de-paques\/","url":"https:\/\/craftygenesindonesia.com\/fr\/shop\/animaux\/elias-le-lapin-de-paques\/","name":"Elias, le lapin de P\u00e2ques mod\u00e8le de crochet - Craftygenesindonesia","isPartOf":{"@id":"https:\/\/craftygenesindonesia.com\/fr\/#website"},"primaryImageOfPage":{"@id":"https:\/\/craftygenesindonesia.com\/fr\/shop\/animaux\/elias-le-lapin-de-paques\/#primaryimage"},"image":{"@id":"https:\/\/craftygenesindonesia.com\/fr\/shop\/animaux\/elias-le-lapin-de-paques\/#primaryimage"},"thumbnailUrl":"https:\/\/craftygenesindonesia.com\/wp-content\/uploads\/2023\/01\/Elias.jpg","datePublished":"2023-01-26T22:02:41+00:00","dateModified":"2025-11-11T01:05:56+00:00","description":"Achetez ici mon mod\u00e8le de crochet \u00ab Elias Le Lapin de P\u00e2ques \u00bb. Ce mod\u00e8le de crochet facile est \u00e9galement disponible sur Etsy, Haked, Ravelry, Payhip.","breadcrumb":{"@id":"https:\/\/craftygenesindonesia.com\/fr\/shop\/animaux\/elias-le-lapin-de-paques\/#breadcrumb"},"inLanguage":"fr-FR","potentialAction":[{"@type":"ReadAction","target":["https:\/\/craftygenesindonesia.com\/fr\/shop\/animaux\/elias-le-lapin-de-paques\/"]}]},{"@type":"ImageObject","inLanguage":"fr-FR","@id":"https:\/\/craftygenesindonesia.com\/fr\/shop\/animaux\/elias-le-lapin-de-paques\/#primaryimage","url":"https:\/\/craftygenesindonesia.com\/wp-content\/uploads\/2023\/01\/Elias.jpg","contentUrl":"https:\/\/craftygenesindonesia.com\/wp-content\/uploads\/2023\/01\/Elias.jpg","width":1080,"height":1080,"caption":"crochet Victorian Eastern bunny"},{"@type":"BreadcrumbList","@id":"https:\/\/craftygenesindonesia.com\/fr\/shop\/animaux\/elias-le-lapin-de-paques\/#breadcrumb","itemListElement":[{"@type":"ListItem","position":1,"name":"Home","item":"https:\/\/craftygenesindonesia.com\/fr\/"},{"@type":"ListItem","position":2,"name":"Boutique de mod\u00e8les","item":"https:\/\/craftygenesindonesia.com\/fr\/boutique\/"},{"@type":"ListItem","position":3,"name":"Elias, le lapin de P\u00e2ques"}]},{"@type":"WebSite","@id":"https:\/\/craftygenesindonesia.com\/fr\/#website","url":"https:\/\/craftygenesindonesia.com\/fr\/","name":"Craftygenesindonesia","description":"","publisher":{"@id":"https:\/\/craftygenesindonesia.com\/fr\/#organization"},"potentialAction":[{"@type":"SearchAction","target":{"@type":"EntryPoint","urlTemplate":"https:\/\/craftygenesindonesia.com\/fr\/?s={search_term_string}"},"query-input":{"@type":"PropertyValueSpecification","valueRequired":true,"valueName":"search_term_string"}}],"inLanguage":"fr-FR"},{"@type":"Organization","@id":"https:\/\/craftygenesindonesia.com\/fr\/#organization","name":"Craftygenesindonesia","url":"https:\/\/craftygenesindonesia.com\/fr\/","logo":{"@type":"ImageObject","inLanguage":"fr-FR","@id":"https:\/\/craftygenesindonesia.com\/fr\/#\/schema\/logo\/image\/","url":"https:\/\/craftygenesindonesia.com\/wp-content\/uploads\/2025\/11\/cropped-Copy-of-Craftygenesindonesia.jpg","contentUrl":"https:\/\/craftygenesindonesia.com\/wp-content\/uploads\/2025\/11\/cropped-Copy-of-Craftygenesindonesia.jpg","width":180,"height":60,"caption":"Craftygenesindonesia"},"image":{"@id":"https:\/\/craftygenesindonesia.com\/fr\/#\/schema\/logo\/image\/"}}]}},"_links":{"self":[{"href":"https:\/\/craftygenesindonesia.com\/fr\/wp-json\/wp\/v2\/product\/19583","targetHints":{"allow":["GET"]}}],"collection":[{"href":"https:\/\/craftygenesindonesia.com\/fr\/wp-json\/wp\/v2\/product"}],"about":[{"href":"https:\/\/craftygenesindonesia.com\/fr\/wp-json\/wp\/v2\/types\/product"}],"replies":[{"embeddable":true,"href":"https:\/\/craftygenesindonesia.com\/fr\/wp-json\/wp\/v2\/comments?post=19583"}],"wp:featuredmedia":[{"embeddable":true,"href":"https:\/\/craftygenesindonesia.com\/fr\/wp-json\/wp\/v2\/media\/987525360"}],"wp:attachment":[{"href":"https:\/\/craftygenesindonesia.com\/fr\/wp-json\/wp\/v2\/media?parent=19583"}],"wp:term":[{"taxonomy":"product_brand","embeddable":true,"href":"https:\/\/craftygenesindonesia.com\/fr\/wp-json\/wp\/v2\/product_brand?post=19583"},{"taxonomy":"product_cat","embeddable":true,"href":"https:\/\/craftygenesindonesia.com\/fr\/wp-json\/wp\/v2\/product_cat?post=19583"},{"taxonomy":"product_tag","embeddable":true,"href":"https:\/\/craftygenesindonesia.com\/fr\/wp-json\/wp\/v2\/product_tag?post=19583"}],"curies":[{"name":"wp","href":"https:\/\/api.w.org\/{rel}","templated":true}]}}