{"id":19575,"date":"2023-01-13T15:27:57","date_gmt":"2023-01-13T07:27:57","guid":{"rendered":"https:\/\/craftygenesindonesia.com\/?post_type=product&#038;p=19575"},"modified":"2025-11-11T09:31:40","modified_gmt":"2025-11-11T01:31:40","slug":"la-petite-hailey","status":"publish","type":"product","link":"https:\/\/craftygenesindonesia.com\/fr\/shop\/poupees-pour-enfants\/la-petite-hailey\/","title":{"rendered":"La petite Hailey"},"content":{"rendered":"<p>Elle mesure 42cm (16.5\u201d).<br \/>\nR\u00e9alis\u00e9 avec un fil de poids \u201cFINGERING\u201d et un crochet de taille 2mm.<\/p>\n<p>Vous aurez besoin des couleurs suivantes : couleur de la peau, blanc, rose, marron fonc\u00e9.<\/p>\n<p>Elle a une petite t\u00e9tine et porte un bonnet, une jolie petite robe, une culotte de cheval et des chaussures mary jane. Les patrons de tous ces articles sont inclus dans ce mod\u00e8le.<\/p>\n<p>Vous aurez besoin d\u2019un jeu d\u2019yeux de s\u00e9curit\u00e9 et de 4 pi\u00e8ces d\u2019articulation pour cette poup\u00e9e + fil, rembourrage, \u2026<\/p>\n<p>Crochet : taille 2mm.<\/p>\n<p>Ce patron comprend un mod\u00e8le \u00e9crit et de nombreuses photos pour vous aider.<br \/>\nSi vous avez des probl\u00e8mes de compr\u00e9hension, n\u2019h\u00e9sitez pas \u00e0 m\u2019envoyer un message \u00e0 l\u2019adresse suivante :\u00a0<a href=\"mailto:craftygenesindonesia@gmail.com\">craftygenesindonesia@gmail.com<\/a><\/p>\n<p><strong>Ce mod\u00e8le est destin\u00e9 \u00e0 un usage personnel et il est prot\u00e9g\u00e9 par un COPYRIGHT. Il ne peut donc \u00eatre copi\u00e9, vendu, revendu, traduit, revendiqu\u00e9 comme votre mod\u00e8le, distribu\u00e9, partag\u00e9, publi\u00e9, mis en ligne\u2026 sous quelque forme que ce soit sans mon consentement. M\u00eame pas en partie !<\/strong><\/p>\n<p><strong>Vous pouvez vendre l\u2019article fini mais pas le mod\u00e8le lui-m\u00eame !<\/strong><\/p>\n","protected":false},"excerpt":{"rendered":"<p>Ce patron de crochet facile \u00e0 suivre pour une magnifique poup\u00e9e au crochet est absolument parfait pour ceux qui cherchent le cadeau id\u00e9al.\u00a0 Toutes les petites filles l&#8217;adoreront !<\/p>\n","protected":false},"featured_media":987525721,"comment_status":"open","ping_status":"closed","template":"","meta":{"_acf_changed":false},"product_brand":[],"product_cat":[3663],"product_tag":[9766,11090,11041,10849,11093,11278],"class_list":{"0":"post-19575","1":"product","2":"type-product","3":"status-publish","4":"has-post-thumbnail","6":"product_cat-poupees-pour-enfants","7":"product_tag-baby-fr","8":"product_tag-poupee-fr","9":"product_tag-poupee-au-crochet","10":"product_tag-poupee-bebe","11":"product_tag-poupee-habillee-fr","12":"product_tag-poupees-pour-enfants","13":"pa_available_on-craftygenesindonesia","14":"pa_available_on-etsy","15":"pa_available_on-haked-nl","16":"pa_available_on-payhip","17":"pa_available_on-ravelry","18":"pa_languages-allemand","19":"pa_languages-americain","20":"pa_languages-espagnol","21":"pa_languages-francais","22":"pa_languages-neerlandais","24":"first","25":"instock","26":"downloadable","27":"virtual","28":"purchasable","29":"product-type-simple"},"acf":[],"yoast_head":"<!-- This site is optimized with the Yoast SEO plugin v27.3 - https:\/\/yoast.com\/product\/yoast-seo-wordpress\/ -->\n<title>La petite Hailey mod\u00e8le de crochet - Craftygenesindonesia<\/title>\n<meta name=\"description\" content=\"Achetez ici mon mod\u00e8le au crochet de poup\u00e9e b\u00e9b\u00e9 &quot;Petite Hailey&quot;. Le mod\u00e8le de crochet est \u00e9galement disponible sur Etsy, Haked, Ravelry, Payhip\" \/>\n<meta name=\"robots\" content=\"index, follow, max-snippet:-1, max-image-preview:large, max-video-preview:-1\" \/>\n<link rel=\"canonical\" href=\"https:\/\/craftygenesindonesia.com\/fr\/shop\/poupees-pour-enfants\/la-petite-hailey\/\" \/>\n<meta property=\"og:locale\" content=\"fr_FR\" \/>\n<meta property=\"og:type\" content=\"article\" \/>\n<meta property=\"og:title\" content=\"Mod\u00e8le au crochet de poup\u00e9e b\u00e9b\u00e9 &quot;Petite Hailey&quot;\" \/>\n<meta property=\"og:description\" content=\"Achetez ici mon mod\u00e8le au crochet de poup\u00e9e b\u00e9b\u00e9 &quot;Petite Hailey&quot;. Le mod\u00e8le de crochet est \u00e9galement disponible sur Etsy, Haked, Ravelry, Payhip\" \/>\n<meta property=\"og:url\" content=\"https:\/\/craftygenesindonesia.com\/fr\/shop\/poupees-pour-enfants\/la-petite-hailey\/\" \/>\n<meta property=\"og:site_name\" content=\"Craftygenesindonesia\" \/>\n<meta property=\"article:modified_time\" content=\"2025-11-11T01:31:40+00:00\" \/>\n<meta property=\"og:image\" content=\"https:\/\/craftygenesindonesia.com\/wp-content\/uploads\/2023\/01\/Little-Hailey-2.jpg\" \/>\n\t<meta property=\"og:image:width\" content=\"1215\" \/>\n\t<meta property=\"og:image:height\" content=\"1215\" \/>\n\t<meta property=\"og:image:type\" content=\"image\/jpeg\" \/>\n<meta name=\"twitter:card\" content=\"summary_large_image\" \/>\n<meta name=\"twitter:label1\" content=\"Dur\u00e9e de lecture estim\u00e9e\" \/>\n\t<meta name=\"twitter:data1\" content=\"1 minute\" \/>\n<script type=\"application\/ld+json\" class=\"yoast-schema-graph\">{\"@context\":\"https:\\\/\\\/schema.org\",\"@graph\":[{\"@type\":\"WebPage\",\"@id\":\"https:\\\/\\\/craftygenesindonesia.com\\\/fr\\\/shop\\\/poupees-pour-enfants\\\/la-petite-hailey\\\/\",\"url\":\"https:\\\/\\\/craftygenesindonesia.com\\\/fr\\\/shop\\\/poupees-pour-enfants\\\/la-petite-hailey\\\/\",\"name\":\"La petite Hailey mod\u00e8le de crochet - Craftygenesindonesia\",\"isPartOf\":{\"@id\":\"https:\\\/\\\/craftygenesindonesia.com\\\/fr\\\/#website\"},\"primaryImageOfPage\":{\"@id\":\"https:\\\/\\\/craftygenesindonesia.com\\\/fr\\\/shop\\\/poupees-pour-enfants\\\/la-petite-hailey\\\/#primaryimage\"},\"image\":{\"@id\":\"https:\\\/\\\/craftygenesindonesia.com\\\/fr\\\/shop\\\/poupees-pour-enfants\\\/la-petite-hailey\\\/#primaryimage\"},\"thumbnailUrl\":\"https:\\\/\\\/craftygenesindonesia.com\\\/wp-content\\\/uploads\\\/2023\\\/01\\\/Little-Hailey-2.jpg\",\"datePublished\":\"2023-01-13T07:27:57+00:00\",\"dateModified\":\"2025-11-11T01:31:40+00:00\",\"description\":\"Achetez ici mon mod\u00e8le au crochet de poup\u00e9e b\u00e9b\u00e9 \\\"Petite Hailey\\\". Le mod\u00e8le de crochet est \u00e9galement disponible sur Etsy, Haked, Ravelry, Payhip\",\"breadcrumb\":{\"@id\":\"https:\\\/\\\/craftygenesindonesia.com\\\/fr\\\/shop\\\/poupees-pour-enfants\\\/la-petite-hailey\\\/#breadcrumb\"},\"inLanguage\":\"fr-FR\",\"potentialAction\":[{\"@type\":\"ReadAction\",\"target\":[\"https:\\\/\\\/craftygenesindonesia.com\\\/fr\\\/shop\\\/poupees-pour-enfants\\\/la-petite-hailey\\\/\"]}]},{\"@type\":\"ImageObject\",\"inLanguage\":\"fr-FR\",\"@id\":\"https:\\\/\\\/craftygenesindonesia.com\\\/fr\\\/shop\\\/poupees-pour-enfants\\\/la-petite-hailey\\\/#primaryimage\",\"url\":\"https:\\\/\\\/craftygenesindonesia.com\\\/wp-content\\\/uploads\\\/2023\\\/01\\\/Little-Hailey-2.jpg\",\"contentUrl\":\"https:\\\/\\\/craftygenesindonesia.com\\\/wp-content\\\/uploads\\\/2023\\\/01\\\/Little-Hailey-2.jpg\",\"width\":1215,\"height\":1215,\"caption\":\"crochet baby doll\"},{\"@type\":\"BreadcrumbList\",\"@id\":\"https:\\\/\\\/craftygenesindonesia.com\\\/fr\\\/shop\\\/poupees-pour-enfants\\\/la-petite-hailey\\\/#breadcrumb\",\"itemListElement\":[{\"@type\":\"ListItem\",\"position\":1,\"name\":\"Home\",\"item\":\"https:\\\/\\\/craftygenesindonesia.com\\\/fr\\\/\"},{\"@type\":\"ListItem\",\"position\":2,\"name\":\"Boutique de mod\u00e8les\",\"item\":\"https:\\\/\\\/craftygenesindonesia.com\\\/fr\\\/boutique\\\/\"},{\"@type\":\"ListItem\",\"position\":3,\"name\":\"La petite Hailey\"}]},{\"@type\":\"WebSite\",\"@id\":\"https:\\\/\\\/craftygenesindonesia.com\\\/fr\\\/#website\",\"url\":\"https:\\\/\\\/craftygenesindonesia.com\\\/fr\\\/\",\"name\":\"Craftygenesindonesia\",\"description\":\"\",\"publisher\":{\"@id\":\"https:\\\/\\\/craftygenesindonesia.com\\\/fr\\\/#organization\"},\"potentialAction\":[{\"@type\":\"SearchAction\",\"target\":{\"@type\":\"EntryPoint\",\"urlTemplate\":\"https:\\\/\\\/craftygenesindonesia.com\\\/fr\\\/?s={search_term_string}\"},\"query-input\":{\"@type\":\"PropertyValueSpecification\",\"valueRequired\":true,\"valueName\":\"search_term_string\"}}],\"inLanguage\":\"fr-FR\"},{\"@type\":\"Organization\",\"@id\":\"https:\\\/\\\/craftygenesindonesia.com\\\/fr\\\/#organization\",\"name\":\"Craftygenesindonesia\",\"url\":\"https:\\\/\\\/craftygenesindonesia.com\\\/fr\\\/\",\"logo\":{\"@type\":\"ImageObject\",\"inLanguage\":\"fr-FR\",\"@id\":\"https:\\\/\\\/craftygenesindonesia.com\\\/fr\\\/#\\\/schema\\\/logo\\\/image\\\/\",\"url\":\"https:\\\/\\\/craftygenesindonesia.com\\\/wp-content\\\/uploads\\\/2025\\\/11\\\/cropped-Copy-of-Craftygenesindonesia.jpg\",\"contentUrl\":\"https:\\\/\\\/craftygenesindonesia.com\\\/wp-content\\\/uploads\\\/2025\\\/11\\\/cropped-Copy-of-Craftygenesindonesia.jpg\",\"width\":180,\"height\":60,\"caption\":\"Craftygenesindonesia\"},\"image\":{\"@id\":\"https:\\\/\\\/craftygenesindonesia.com\\\/fr\\\/#\\\/schema\\\/logo\\\/image\\\/\"}}]}<\/script>\n<!-- \/ Yoast SEO plugin. -->","yoast_head_json":{"title":"La petite Hailey mod\u00e8le de crochet - Craftygenesindonesia","description":"Achetez ici mon mod\u00e8le au crochet de poup\u00e9e b\u00e9b\u00e9 \"Petite Hailey\". Le mod\u00e8le de crochet est \u00e9galement disponible sur Etsy, Haked, Ravelry, Payhip","robots":{"index":"index","follow":"follow","max-snippet":"max-snippet:-1","max-image-preview":"max-image-preview:large","max-video-preview":"max-video-preview:-1"},"canonical":"https:\/\/craftygenesindonesia.com\/fr\/shop\/poupees-pour-enfants\/la-petite-hailey\/","og_locale":"fr_FR","og_type":"article","og_title":"Mod\u00e8le au crochet de poup\u00e9e b\u00e9b\u00e9 \"Petite Hailey\"","og_description":"Achetez ici mon mod\u00e8le au crochet de poup\u00e9e b\u00e9b\u00e9 \"Petite Hailey\". Le mod\u00e8le de crochet est \u00e9galement disponible sur Etsy, Haked, Ravelry, Payhip","og_url":"https:\/\/craftygenesindonesia.com\/fr\/shop\/poupees-pour-enfants\/la-petite-hailey\/","og_site_name":"Craftygenesindonesia","article_modified_time":"2025-11-11T01:31:40+00:00","og_image":[{"width":1215,"height":1215,"url":"https:\/\/craftygenesindonesia.com\/wp-content\/uploads\/2023\/01\/Little-Hailey-2.jpg","type":"image\/jpeg"}],"twitter_card":"summary_large_image","twitter_misc":{"Dur\u00e9e de lecture estim\u00e9e":"1 minute"},"schema":{"@context":"https:\/\/schema.org","@graph":[{"@type":"WebPage","@id":"https:\/\/craftygenesindonesia.com\/fr\/shop\/poupees-pour-enfants\/la-petite-hailey\/","url":"https:\/\/craftygenesindonesia.com\/fr\/shop\/poupees-pour-enfants\/la-petite-hailey\/","name":"La petite Hailey mod\u00e8le de crochet - Craftygenesindonesia","isPartOf":{"@id":"https:\/\/craftygenesindonesia.com\/fr\/#website"},"primaryImageOfPage":{"@id":"https:\/\/craftygenesindonesia.com\/fr\/shop\/poupees-pour-enfants\/la-petite-hailey\/#primaryimage"},"image":{"@id":"https:\/\/craftygenesindonesia.com\/fr\/shop\/poupees-pour-enfants\/la-petite-hailey\/#primaryimage"},"thumbnailUrl":"https:\/\/craftygenesindonesia.com\/wp-content\/uploads\/2023\/01\/Little-Hailey-2.jpg","datePublished":"2023-01-13T07:27:57+00:00","dateModified":"2025-11-11T01:31:40+00:00","description":"Achetez ici mon mod\u00e8le au crochet de poup\u00e9e b\u00e9b\u00e9 \"Petite Hailey\". Le mod\u00e8le de crochet est \u00e9galement disponible sur Etsy, Haked, Ravelry, Payhip","breadcrumb":{"@id":"https:\/\/craftygenesindonesia.com\/fr\/shop\/poupees-pour-enfants\/la-petite-hailey\/#breadcrumb"},"inLanguage":"fr-FR","potentialAction":[{"@type":"ReadAction","target":["https:\/\/craftygenesindonesia.com\/fr\/shop\/poupees-pour-enfants\/la-petite-hailey\/"]}]},{"@type":"ImageObject","inLanguage":"fr-FR","@id":"https:\/\/craftygenesindonesia.com\/fr\/shop\/poupees-pour-enfants\/la-petite-hailey\/#primaryimage","url":"https:\/\/craftygenesindonesia.com\/wp-content\/uploads\/2023\/01\/Little-Hailey-2.jpg","contentUrl":"https:\/\/craftygenesindonesia.com\/wp-content\/uploads\/2023\/01\/Little-Hailey-2.jpg","width":1215,"height":1215,"caption":"crochet baby doll"},{"@type":"BreadcrumbList","@id":"https:\/\/craftygenesindonesia.com\/fr\/shop\/poupees-pour-enfants\/la-petite-hailey\/#breadcrumb","itemListElement":[{"@type":"ListItem","position":1,"name":"Home","item":"https:\/\/craftygenesindonesia.com\/fr\/"},{"@type":"ListItem","position":2,"name":"Boutique de mod\u00e8les","item":"https:\/\/craftygenesindonesia.com\/fr\/boutique\/"},{"@type":"ListItem","position":3,"name":"La petite Hailey"}]},{"@type":"WebSite","@id":"https:\/\/craftygenesindonesia.com\/fr\/#website","url":"https:\/\/craftygenesindonesia.com\/fr\/","name":"Craftygenesindonesia","description":"","publisher":{"@id":"https:\/\/craftygenesindonesia.com\/fr\/#organization"},"potentialAction":[{"@type":"SearchAction","target":{"@type":"EntryPoint","urlTemplate":"https:\/\/craftygenesindonesia.com\/fr\/?s={search_term_string}"},"query-input":{"@type":"PropertyValueSpecification","valueRequired":true,"valueName":"search_term_string"}}],"inLanguage":"fr-FR"},{"@type":"Organization","@id":"https:\/\/craftygenesindonesia.com\/fr\/#organization","name":"Craftygenesindonesia","url":"https:\/\/craftygenesindonesia.com\/fr\/","logo":{"@type":"ImageObject","inLanguage":"fr-FR","@id":"https:\/\/craftygenesindonesia.com\/fr\/#\/schema\/logo\/image\/","url":"https:\/\/craftygenesindonesia.com\/wp-content\/uploads\/2025\/11\/cropped-Copy-of-Craftygenesindonesia.jpg","contentUrl":"https:\/\/craftygenesindonesia.com\/wp-content\/uploads\/2025\/11\/cropped-Copy-of-Craftygenesindonesia.jpg","width":180,"height":60,"caption":"Craftygenesindonesia"},"image":{"@id":"https:\/\/craftygenesindonesia.com\/fr\/#\/schema\/logo\/image\/"}}]}},"_links":{"self":[{"href":"https:\/\/craftygenesindonesia.com\/fr\/wp-json\/wp\/v2\/product\/19575","targetHints":{"allow":["GET"]}}],"collection":[{"href":"https:\/\/craftygenesindonesia.com\/fr\/wp-json\/wp\/v2\/product"}],"about":[{"href":"https:\/\/craftygenesindonesia.com\/fr\/wp-json\/wp\/v2\/types\/product"}],"replies":[{"embeddable":true,"href":"https:\/\/craftygenesindonesia.com\/fr\/wp-json\/wp\/v2\/comments?post=19575"}],"wp:featuredmedia":[{"embeddable":true,"href":"https:\/\/craftygenesindonesia.com\/fr\/wp-json\/wp\/v2\/media\/987525721"}],"wp:attachment":[{"href":"https:\/\/craftygenesindonesia.com\/fr\/wp-json\/wp\/v2\/media?parent=19575"}],"wp:term":[{"taxonomy":"product_brand","embeddable":true,"href":"https:\/\/craftygenesindonesia.com\/fr\/wp-json\/wp\/v2\/product_brand?post=19575"},{"taxonomy":"product_cat","embeddable":true,"href":"https:\/\/craftygenesindonesia.com\/fr\/wp-json\/wp\/v2\/product_cat?post=19575"},{"taxonomy":"product_tag","embeddable":true,"href":"https:\/\/craftygenesindonesia.com\/fr\/wp-json\/wp\/v2\/product_tag?post=19575"}],"curies":[{"name":"wp","href":"https:\/\/api.w.org\/{rel}","templated":true}]}}