{"id":19565,"date":"2023-01-11T15:37:41","date_gmt":"2023-01-11T07:37:41","guid":{"rendered":"https:\/\/craftygenesindonesia.com\/?post_type=product&#038;p=19565"},"modified":"2025-11-11T11:23:56","modified_gmt":"2025-11-11T03:23:56","slug":"dame-de-noel-paquet","status":"publish","type":"product","link":"https:\/\/craftygenesindonesia.com\/fr\/shop\/anges\/dame-de-noel-paquet\/","title":{"rendered":"Dames de No\u00ebl (paquet)"},"content":{"rendered":"<p>Dans ce paquet, vous obtiendrez les patrons suivants : Christmas Lady, Christmas Angel, Lady Victoria<\/p>\n<p>&nbsp;<\/p>\n<p>Les dames sont toutes r\u00e9alis\u00e9es avec un fil de poids &#8220;FINGERING&#8221; adapt\u00e9 aux amigurumi et un crochet de 2mm.<\/p>\n<p>Crochet : 2mm<\/p>\n<p>Ce mod\u00e8le est un mod\u00e8le \u00e9crit avec de nombreuses photos pour vous aider. Si vous avez encore des questions, envoyez-moi un message \u00e0 : craftygenesindonesia@gmail.com<\/p>\n<p>Ce mod\u00e8le est destin\u00e9 \u00e0 un usage personnel uniquement et il est prot\u00e9g\u00e9 par un COPYRIGHT. Le mod\u00e8le ne peut donc PAS \u00eatre copi\u00e9, vendu, revendu, traduit, revendiqu\u00e9 comme votre mod\u00e8le, distribu\u00e9, partag\u00e9, publi\u00e9, mis en ligne&#8230; sous quelque forme que ce soit sans mon consentement. M\u00eame pas en partie !!!*<\/p>\n<p>Vous pouvez vendre l&#8217;article fini en petites quantit\u00e9s MAIS PAS LE MODELE EN LUI-M\u00caME ! Veuillez mentionner que le mod\u00e8le est de Craftygenesindonesia et o\u00f9 il peut \u00eatre achet\u00e9**.<\/p>\n","protected":false},"excerpt":{"rendered":"<p>Ces dames de No\u00ebl au crochet sont indispensables !\u00a0 Elles le sont vraiment.\u00a0 Toutes les trois peuvent \u00eatre utilis\u00e9es comme figurines de No\u00ebl et aussi comme ornements de sapin.<\/p>\n<p>Ce paquet comprend : <a href=\"https:\/\/craftygenesindonesia.com\/fr\/produit\/dame-de-noel\/\" target=\"_blank\" rel=\"noopener\">La dame de No\u00ebl<\/a>, <a href=\"https:\/\/craftygenesindonesia.com\/fr\/produit\/dame-victoria\/\" target=\"_blank\" rel=\"noopener\">Dame Victoria<\/a> &amp;<a href=\"https:\/\/craftygenesindonesia.com\/fr\/produit\/ange-de-noel\/\" target=\"_blank\" rel=\"noopener\"> Ange de No\u00ebl<\/a> (cliquez sur les noms pour les acheter s\u00e9par\u00e9ment).<\/p>\n","protected":false},"featured_media":987520522,"comment_status":"open","ping_status":"closed","template":"","meta":{"_acf_changed":false},"product_brand":[],"product_cat":[3641,3649,3655,3653],"product_tag":[12779,12110,12078],"class_list":{"0":"post-19565","1":"product","2":"type-product","3":"status-publish","4":"has-post-thumbnail","6":"product_cat-anges","7":"product_cat-ensembles","8":"product_cat-mesdames-et-messieurs","9":"product_cat-noel","10":"product_tag-christmas-angel-fr","11":"product_tag-lady","12":"product_tag-xmas-fr","13":"pa_available_on-craftygenesindonesia","14":"pa_available_on-haked-nl","15":"pa_languages-americain","16":"pa_languages-espagnol","17":"pa_languages-francais","18":"pa_languages-neerlandais","20":"first","21":"instock","22":"downloadable","23":"virtual","24":"purchasable","25":"product-type-simple"},"acf":[],"yoast_head":"<!-- This site is optimized with the Yoast SEO plugin v27.4 - https:\/\/yoast.com\/product\/yoast-seo-wordpress\/ -->\n<title>Dames de No\u00ebl (paquet) mod\u00e8les de crochet - Craftygenesindonesia<\/title>\n<meta name=\"description\" content=\"Achetez ici mon &quot;Christmas Lady Bundle&quot;, des patrons de crochet pour dames de No\u00ebl. L&#039;ensemble est \u00e9galement disponible sur Haked.nl\" \/>\n<meta name=\"robots\" content=\"index, follow, max-snippet:-1, max-image-preview:large, max-video-preview:-1\" \/>\n<link rel=\"canonical\" href=\"https:\/\/craftygenesindonesia.com\/fr\/shop\/anges\/dame-de-noel-paquet\/\" \/>\n<meta property=\"og:locale\" content=\"fr_FR\" \/>\n<meta property=\"og:type\" content=\"article\" \/>\n<meta property=\"og:title\" content=\"&quot;Christmas Lady Bundle&quot;, des patrons de crochet pour dames de No\u00ebl\" \/>\n<meta property=\"og:description\" content=\"Achetez ici mon &quot;Christmas Lady Bundle&quot;, des patrons de crochet pour dames de No\u00ebl. L&#039;ensemble est \u00e9galement disponible sur Haked.nl\" \/>\n<meta property=\"og:url\" content=\"https:\/\/craftygenesindonesia.com\/fr\/shop\/anges\/dame-de-noel-paquet\/\" \/>\n<meta property=\"og:site_name\" content=\"Craftygenesindonesia\" \/>\n<meta property=\"article:modified_time\" content=\"2025-11-11T03:23:56+00:00\" \/>\n<meta property=\"og:image\" content=\"https:\/\/craftygenesindonesia.com\/wp-content\/uploads\/2023\/01\/Christmas-Ladies-Bundle-1.jpg\" \/>\n\t<meta property=\"og:image:width\" content=\"1080\" \/>\n\t<meta property=\"og:image:height\" content=\"1080\" \/>\n\t<meta property=\"og:image:type\" content=\"image\/jpeg\" \/>\n<meta name=\"twitter:card\" content=\"summary_large_image\" \/>\n<meta name=\"twitter:image\" content=\"https:\/\/craftygenesindonesia.com\/wp-content\/uploads\/2023\/01\/3-Kerstpopjes-voor-de-prijs-van-2-1024x1024.png\" \/>\n<meta name=\"twitter:label1\" content=\"Dur\u00e9e de lecture estim\u00e9e\" \/>\n\t<meta name=\"twitter:data1\" content=\"1 minute\" \/>\n<script type=\"application\/ld+json\" class=\"yoast-schema-graph\">{\"@context\":\"https:\\\/\\\/schema.org\",\"@graph\":[{\"@type\":\"WebPage\",\"@id\":\"https:\\\/\\\/craftygenesindonesia.com\\\/fr\\\/shop\\\/anges\\\/dame-de-noel-paquet\\\/\",\"url\":\"https:\\\/\\\/craftygenesindonesia.com\\\/fr\\\/shop\\\/anges\\\/dame-de-noel-paquet\\\/\",\"name\":\"Dames de No\u00ebl (paquet) mod\u00e8les de crochet - Craftygenesindonesia\",\"isPartOf\":{\"@id\":\"https:\\\/\\\/craftygenesindonesia.com\\\/fr\\\/#website\"},\"primaryImageOfPage\":{\"@id\":\"https:\\\/\\\/craftygenesindonesia.com\\\/fr\\\/shop\\\/anges\\\/dame-de-noel-paquet\\\/#primaryimage\"},\"image\":{\"@id\":\"https:\\\/\\\/craftygenesindonesia.com\\\/fr\\\/shop\\\/anges\\\/dame-de-noel-paquet\\\/#primaryimage\"},\"thumbnailUrl\":\"https:\\\/\\\/craftygenesindonesia.com\\\/wp-content\\\/uploads\\\/2023\\\/01\\\/Christmas-Ladies-Bundle-2.jpg\",\"datePublished\":\"2023-01-11T07:37:41+00:00\",\"dateModified\":\"2025-11-11T03:23:56+00:00\",\"description\":\"Achetez ici mon \\\"Christmas Lady Bundle\\\", des patrons de crochet pour dames de No\u00ebl. L'ensemble est \u00e9galement disponible sur Haked.nl\",\"breadcrumb\":{\"@id\":\"https:\\\/\\\/craftygenesindonesia.com\\\/fr\\\/shop\\\/anges\\\/dame-de-noel-paquet\\\/#breadcrumb\"},\"inLanguage\":\"fr-FR\",\"potentialAction\":[{\"@type\":\"ReadAction\",\"target\":[\"https:\\\/\\\/craftygenesindonesia.com\\\/fr\\\/shop\\\/anges\\\/dame-de-noel-paquet\\\/\"]}]},{\"@type\":\"ImageObject\",\"inLanguage\":\"fr-FR\",\"@id\":\"https:\\\/\\\/craftygenesindonesia.com\\\/fr\\\/shop\\\/anges\\\/dame-de-noel-paquet\\\/#primaryimage\",\"url\":\"https:\\\/\\\/craftygenesindonesia.com\\\/wp-content\\\/uploads\\\/2023\\\/01\\\/Christmas-Ladies-Bundle-2.jpg\",\"contentUrl\":\"https:\\\/\\\/craftygenesindonesia.com\\\/wp-content\\\/uploads\\\/2023\\\/01\\\/Christmas-Ladies-Bundle-2.jpg\",\"width\":1080,\"height\":1080,\"caption\":\"crochet Christmas lady, crochet Christmas angel, crochet Victorian Christmas lady\"},{\"@type\":\"BreadcrumbList\",\"@id\":\"https:\\\/\\\/craftygenesindonesia.com\\\/fr\\\/shop\\\/anges\\\/dame-de-noel-paquet\\\/#breadcrumb\",\"itemListElement\":[{\"@type\":\"ListItem\",\"position\":1,\"name\":\"Home\",\"item\":\"https:\\\/\\\/craftygenesindonesia.com\\\/fr\\\/\"},{\"@type\":\"ListItem\",\"position\":2,\"name\":\"Boutique de mod\u00e8les\",\"item\":\"https:\\\/\\\/craftygenesindonesia.com\\\/fr\\\/boutique\\\/\"},{\"@type\":\"ListItem\",\"position\":3,\"name\":\"Dames de No\u00ebl (paquet)\"}]},{\"@type\":\"WebSite\",\"@id\":\"https:\\\/\\\/craftygenesindonesia.com\\\/fr\\\/#website\",\"url\":\"https:\\\/\\\/craftygenesindonesia.com\\\/fr\\\/\",\"name\":\"Craftygenesindonesia\",\"description\":\"\",\"publisher\":{\"@id\":\"https:\\\/\\\/craftygenesindonesia.com\\\/fr\\\/#organization\"},\"potentialAction\":[{\"@type\":\"SearchAction\",\"target\":{\"@type\":\"EntryPoint\",\"urlTemplate\":\"https:\\\/\\\/craftygenesindonesia.com\\\/fr\\\/?s={search_term_string}\"},\"query-input\":{\"@type\":\"PropertyValueSpecification\",\"valueRequired\":true,\"valueName\":\"search_term_string\"}}],\"inLanguage\":\"fr-FR\"},{\"@type\":\"Organization\",\"@id\":\"https:\\\/\\\/craftygenesindonesia.com\\\/fr\\\/#organization\",\"name\":\"Craftygenesindonesia\",\"url\":\"https:\\\/\\\/craftygenesindonesia.com\\\/fr\\\/\",\"logo\":{\"@type\":\"ImageObject\",\"inLanguage\":\"fr-FR\",\"@id\":\"https:\\\/\\\/craftygenesindonesia.com\\\/fr\\\/#\\\/schema\\\/logo\\\/image\\\/\",\"url\":\"https:\\\/\\\/craftygenesindonesia.com\\\/wp-content\\\/uploads\\\/2025\\\/11\\\/cropped-Copy-of-Craftygenesindonesia.jpg\",\"contentUrl\":\"https:\\\/\\\/craftygenesindonesia.com\\\/wp-content\\\/uploads\\\/2025\\\/11\\\/cropped-Copy-of-Craftygenesindonesia.jpg\",\"width\":180,\"height\":60,\"caption\":\"Craftygenesindonesia\"},\"image\":{\"@id\":\"https:\\\/\\\/craftygenesindonesia.com\\\/fr\\\/#\\\/schema\\\/logo\\\/image\\\/\"}}]}<\/script>\n<!-- \/ Yoast SEO plugin. -->","yoast_head_json":{"title":"Dames de No\u00ebl (paquet) mod\u00e8les de crochet - Craftygenesindonesia","description":"Achetez ici mon \"Christmas Lady Bundle\", des patrons de crochet pour dames de No\u00ebl. L'ensemble est \u00e9galement disponible sur Haked.nl","robots":{"index":"index","follow":"follow","max-snippet":"max-snippet:-1","max-image-preview":"max-image-preview:large","max-video-preview":"max-video-preview:-1"},"canonical":"https:\/\/craftygenesindonesia.com\/fr\/shop\/anges\/dame-de-noel-paquet\/","og_locale":"fr_FR","og_type":"article","og_title":"\"Christmas Lady Bundle\", des patrons de crochet pour dames de No\u00ebl","og_description":"Achetez ici mon \"Christmas Lady Bundle\", des patrons de crochet pour dames de No\u00ebl. L'ensemble est \u00e9galement disponible sur Haked.nl","og_url":"https:\/\/craftygenesindonesia.com\/fr\/shop\/anges\/dame-de-noel-paquet\/","og_site_name":"Craftygenesindonesia","article_modified_time":"2025-11-11T03:23:56+00:00","og_image":[{"width":1080,"height":1080,"url":"https:\/\/craftygenesindonesia.com\/wp-content\/uploads\/2023\/01\/Christmas-Ladies-Bundle-1.jpg","type":"image\/jpeg"}],"twitter_card":"summary_large_image","twitter_image":"https:\/\/craftygenesindonesia.com\/wp-content\/uploads\/2023\/01\/3-Kerstpopjes-voor-de-prijs-van-2-1024x1024.png","twitter_misc":{"Dur\u00e9e de lecture estim\u00e9e":"1 minute"},"schema":{"@context":"https:\/\/schema.org","@graph":[{"@type":"WebPage","@id":"https:\/\/craftygenesindonesia.com\/fr\/shop\/anges\/dame-de-noel-paquet\/","url":"https:\/\/craftygenesindonesia.com\/fr\/shop\/anges\/dame-de-noel-paquet\/","name":"Dames de No\u00ebl (paquet) mod\u00e8les de crochet - Craftygenesindonesia","isPartOf":{"@id":"https:\/\/craftygenesindonesia.com\/fr\/#website"},"primaryImageOfPage":{"@id":"https:\/\/craftygenesindonesia.com\/fr\/shop\/anges\/dame-de-noel-paquet\/#primaryimage"},"image":{"@id":"https:\/\/craftygenesindonesia.com\/fr\/shop\/anges\/dame-de-noel-paquet\/#primaryimage"},"thumbnailUrl":"https:\/\/craftygenesindonesia.com\/wp-content\/uploads\/2023\/01\/Christmas-Ladies-Bundle-2.jpg","datePublished":"2023-01-11T07:37:41+00:00","dateModified":"2025-11-11T03:23:56+00:00","description":"Achetez ici mon \"Christmas Lady Bundle\", des patrons de crochet pour dames de No\u00ebl. L'ensemble est \u00e9galement disponible sur Haked.nl","breadcrumb":{"@id":"https:\/\/craftygenesindonesia.com\/fr\/shop\/anges\/dame-de-noel-paquet\/#breadcrumb"},"inLanguage":"fr-FR","potentialAction":[{"@type":"ReadAction","target":["https:\/\/craftygenesindonesia.com\/fr\/shop\/anges\/dame-de-noel-paquet\/"]}]},{"@type":"ImageObject","inLanguage":"fr-FR","@id":"https:\/\/craftygenesindonesia.com\/fr\/shop\/anges\/dame-de-noel-paquet\/#primaryimage","url":"https:\/\/craftygenesindonesia.com\/wp-content\/uploads\/2023\/01\/Christmas-Ladies-Bundle-2.jpg","contentUrl":"https:\/\/craftygenesindonesia.com\/wp-content\/uploads\/2023\/01\/Christmas-Ladies-Bundle-2.jpg","width":1080,"height":1080,"caption":"crochet Christmas lady, crochet Christmas angel, crochet Victorian Christmas lady"},{"@type":"BreadcrumbList","@id":"https:\/\/craftygenesindonesia.com\/fr\/shop\/anges\/dame-de-noel-paquet\/#breadcrumb","itemListElement":[{"@type":"ListItem","position":1,"name":"Home","item":"https:\/\/craftygenesindonesia.com\/fr\/"},{"@type":"ListItem","position":2,"name":"Boutique de mod\u00e8les","item":"https:\/\/craftygenesindonesia.com\/fr\/boutique\/"},{"@type":"ListItem","position":3,"name":"Dames de No\u00ebl (paquet)"}]},{"@type":"WebSite","@id":"https:\/\/craftygenesindonesia.com\/fr\/#website","url":"https:\/\/craftygenesindonesia.com\/fr\/","name":"Craftygenesindonesia","description":"","publisher":{"@id":"https:\/\/craftygenesindonesia.com\/fr\/#organization"},"potentialAction":[{"@type":"SearchAction","target":{"@type":"EntryPoint","urlTemplate":"https:\/\/craftygenesindonesia.com\/fr\/?s={search_term_string}"},"query-input":{"@type":"PropertyValueSpecification","valueRequired":true,"valueName":"search_term_string"}}],"inLanguage":"fr-FR"},{"@type":"Organization","@id":"https:\/\/craftygenesindonesia.com\/fr\/#organization","name":"Craftygenesindonesia","url":"https:\/\/craftygenesindonesia.com\/fr\/","logo":{"@type":"ImageObject","inLanguage":"fr-FR","@id":"https:\/\/craftygenesindonesia.com\/fr\/#\/schema\/logo\/image\/","url":"https:\/\/craftygenesindonesia.com\/wp-content\/uploads\/2025\/11\/cropped-Copy-of-Craftygenesindonesia.jpg","contentUrl":"https:\/\/craftygenesindonesia.com\/wp-content\/uploads\/2025\/11\/cropped-Copy-of-Craftygenesindonesia.jpg","width":180,"height":60,"caption":"Craftygenesindonesia"},"image":{"@id":"https:\/\/craftygenesindonesia.com\/fr\/#\/schema\/logo\/image\/"}}]}},"_links":{"self":[{"href":"https:\/\/craftygenesindonesia.com\/fr\/wp-json\/wp\/v2\/product\/19565","targetHints":{"allow":["GET"]}}],"collection":[{"href":"https:\/\/craftygenesindonesia.com\/fr\/wp-json\/wp\/v2\/product"}],"about":[{"href":"https:\/\/craftygenesindonesia.com\/fr\/wp-json\/wp\/v2\/types\/product"}],"replies":[{"embeddable":true,"href":"https:\/\/craftygenesindonesia.com\/fr\/wp-json\/wp\/v2\/comments?post=19565"}],"wp:featuredmedia":[{"embeddable":true,"href":"https:\/\/craftygenesindonesia.com\/fr\/wp-json\/wp\/v2\/media\/987520522"}],"wp:attachment":[{"href":"https:\/\/craftygenesindonesia.com\/fr\/wp-json\/wp\/v2\/media?parent=19565"}],"wp:term":[{"taxonomy":"product_brand","embeddable":true,"href":"https:\/\/craftygenesindonesia.com\/fr\/wp-json\/wp\/v2\/product_brand?post=19565"},{"taxonomy":"product_cat","embeddable":true,"href":"https:\/\/craftygenesindonesia.com\/fr\/wp-json\/wp\/v2\/product_cat?post=19565"},{"taxonomy":"product_tag","embeddable":true,"href":"https:\/\/craftygenesindonesia.com\/fr\/wp-json\/wp\/v2\/product_tag?post=19565"}],"curies":[{"name":"wp","href":"https:\/\/api.w.org\/{rel}","templated":true}]}}