{"id":19558,"date":"2022-12-30T12:55:30","date_gmt":"2022-12-30T04:55:30","guid":{"rendered":"https:\/\/craftygenesindonesia.com\/?post_type=product&#038;p=19558"},"modified":"2025-11-11T12:04:12","modified_gmt":"2025-11-11T04:04:12","slug":"lamour-eternel","status":"publish","type":"product","link":"https:\/\/craftygenesindonesia.com\/fr\/shop\/amour\/lamour-eternel\/","title":{"rendered":"L&#8217;amour \u00e9ternel"},"content":{"rendered":"<p>L&#8217;ensemble mesure 25 cm de haut et est r\u00e9alis\u00e9 avec un fil l\u00e9ger (3) adapt\u00e9 \u00e0 l&#8217;amigurumi et un crochet de taille 2 mm.<\/p>\n<p>Vous aurez besoin des couleurs suivantes :<\/p>\n<p>Noir : 55-65m\/ 60-70yd<br \/>\nMarron fonc\u00e9 : 65-75m\/ 70-80yd<br \/>\nRouge fonc\u00e9 : 5-10m\/ 5-10yd<br \/>\nGris : 1m\/1yd<br \/>\nBlanc cass\u00e9 : 170-180m\/ 185-195yd<br \/>\nCouleur de peau : 75-85m\/ 85-95yd<br \/>\nBlanc : 65-75m\/ 70-80yd<\/p>\n<p>Vous aurez \u00e9galement besoin de Rembourrage &#8211; marqueurs de points &#8211; aiguille \u00e0 tapisserie &#8211; crayon &#8211; ciseaux &#8211; colle &#8211; pistolet \u00e0 colle &#8211; aiguille et fil \u00e0 coudre &#8211; \u00e9pingles \u00e0 coudre &#8211; cotons-tiges &#8211; garniture en strass &#8211; carton<\/p>\n<p>&nbsp;<\/p>\n<p>Crochet : taille 2 mm<\/p>\n<p>&nbsp;<\/p>\n<p>Si vous avez des questions, n&#8217;h\u00e9sitez pas \u00e0 m&#8217;envoyer un message \u00e0 l&#8217;adresse suivante : craftygenesindonesia@gmail.com<\/p>\n<p>&nbsp;<\/p>\n<p>Ce mod\u00e8le est un mod\u00e8le PAY\u00c9 et il est prot\u00e9g\u00e9 par un COPYRIGHT.\u00a0 Le patron est donc r\u00e9serv\u00e9 \u00e0 un usage personnel et ne peut PAS \u00eatre copi\u00e9, vendu, revendu, traduit, revendiqu\u00e9 comme votre mod\u00e8le, distribu\u00e9, partag\u00e9, publi\u00e9, mis en ligne&#8230; sous quelque forme que ce soit sans mon consentement.\u00a0\u00a0 M\u00eame pas en partie !!!<\/p>\n<p>Vous pouvez vendre le set Forever Love fini en petites quantit\u00e9s MAIS PAS LE PATRON EN LUI-M\u00caME !\u00a0 Veuillez mentionner que le patron est de Craftygenesindonesia et o\u00f9 il peut \u00eatre achet\u00e9.<\/p>\n","protected":false},"excerpt":{"rendered":"<p>Voici un patron tr\u00e8s facile \u00e0 suivre pour un couple de mari\u00e9s au crochet, simple mais tellement beau.\u00a0 C&#8217;est absolument parfait si vous vous mariez ou si vous voulez l&#8217;utiliser comme cadeau de mariage.\u00a0 Vous pouvez m\u00eame l&#8217;utiliser comme d\u00e9coration de g\u00e2teau de mariage !<\/p>\n","protected":false},"featured_media":987527683,"comment_status":"open","ping_status":"closed","template":"","meta":{"_acf_changed":false},"product_brand":[],"product_cat":[3655,3639],"product_tag":[11344,11017,10796,11722,10433,11719,11669,10934,8918,11039,10779,10795],"class_list":{"0":"post-19558","1":"product","2":"type-product","3":"status-publish","4":"has-post-thumbnail","6":"product_cat-mesdames-et-messieurs","7":"product_cat-amour","8":"product_tag-amour-fr","9":"product_tag-couple-fr","10":"product_tag-couple-de-valentin","11":"product_tag-dessus-de-gateau-de-mariage","12":"product_tag-gateau","13":"product_tag-gateau-de-mariage","14":"product_tag-mariage","15":"product_tag-marie-fr","16":"product_tag-bride-fr","17":"product_tag-maries-au-crochet","18":"product_tag-saint-valentin-fr","19":"product_tag-valentin-fr","20":"pa_available_on-craftygenesindonesia","21":"pa_available_on-etsy","22":"pa_available_on-haked-nl","23":"pa_available_on-payhip","24":"pa_available_on-ravelry","25":"pa_languages-allemand","26":"pa_languages-americain","27":"pa_languages-espagnol","28":"pa_languages-francais","29":"pa_languages-neerlandais","31":"first","32":"instock","33":"sale","34":"downloadable","35":"virtual","36":"purchasable","37":"product-type-simple"},"acf":[],"yoast_head":"<!-- This site is optimized with the Yoast SEO plugin v27.3 - https:\/\/yoast.com\/product\/yoast-seo-wordpress\/ -->\n<title>L&#039;amour \u00e9ternel mod\u00e8le de crochet - Craftygenesindonesia<\/title>\n<meta name=\"description\" content=\"Achetez ici mon mod\u00e8le de crochet pour les mari\u00e9s \u00ab Forever Love \u00bb. Le mod\u00e8le de crochet est \u00e9galement disponible sur Etsy, Haked et Ravelry.\" \/>\n<meta name=\"robots\" content=\"index, follow, max-snippet:-1, max-image-preview:large, max-video-preview:-1\" \/>\n<link rel=\"canonical\" href=\"https:\/\/craftygenesindonesia.com\/fr\/shop\/amour\/lamour-eternel\/\" \/>\n<meta property=\"og:locale\" content=\"fr_FR\" \/>\n<meta property=\"og:type\" content=\"article\" \/>\n<meta property=\"og:title\" content=\"\u00ab Forever Love \u00bb mod\u00e8le de crochet pour les mari\u00e9s\" \/>\n<meta property=\"og:description\" content=\"Achetez ici mon mod\u00e8le de crochet pour les mari\u00e9s \u00ab Forever Love \u00bb. Le mod\u00e8le de crochet est \u00e9galement disponible sur Etsy, Haked et Ravelry.\" \/>\n<meta property=\"og:url\" content=\"https:\/\/craftygenesindonesia.com\/fr\/shop\/amour\/lamour-eternel\/\" \/>\n<meta property=\"og:site_name\" content=\"Craftygenesindonesia\" \/>\n<meta property=\"article:modified_time\" content=\"2025-11-11T04:04:12+00:00\" \/>\n<meta property=\"og:image\" content=\"https:\/\/craftygenesindonesia.com\/wp-content\/uploads\/2022\/12\/Forever-Love-1.jpg\" \/>\n\t<meta property=\"og:image:width\" content=\"1080\" \/>\n\t<meta property=\"og:image:height\" content=\"1080\" \/>\n\t<meta property=\"og:image:type\" content=\"image\/jpeg\" \/>\n<meta name=\"twitter:card\" content=\"summary_large_image\" \/>\n<meta name=\"twitter:image\" content=\"https:\/\/craftygenesindonesia.com\/wp-content\/uploads\/2022\/12\/image0-35-1024x1024.jpeg\" \/>\n<meta name=\"twitter:label1\" content=\"Dur\u00e9e de lecture estim\u00e9e\" \/>\n\t<meta name=\"twitter:data1\" content=\"2 minutes\" \/>\n<script type=\"application\/ld+json\" class=\"yoast-schema-graph\">{\"@context\":\"https:\\\/\\\/schema.org\",\"@graph\":[{\"@type\":\"WebPage\",\"@id\":\"https:\\\/\\\/craftygenesindonesia.com\\\/fr\\\/shop\\\/amour\\\/lamour-eternel\\\/\",\"url\":\"https:\\\/\\\/craftygenesindonesia.com\\\/fr\\\/shop\\\/amour\\\/lamour-eternel\\\/\",\"name\":\"L'amour \u00e9ternel mod\u00e8le de crochet - Craftygenesindonesia\",\"isPartOf\":{\"@id\":\"https:\\\/\\\/craftygenesindonesia.com\\\/fr\\\/#website\"},\"primaryImageOfPage\":{\"@id\":\"https:\\\/\\\/craftygenesindonesia.com\\\/fr\\\/shop\\\/amour\\\/lamour-eternel\\\/#primaryimage\"},\"image\":{\"@id\":\"https:\\\/\\\/craftygenesindonesia.com\\\/fr\\\/shop\\\/amour\\\/lamour-eternel\\\/#primaryimage\"},\"thumbnailUrl\":\"https:\\\/\\\/craftygenesindonesia.com\\\/wp-content\\\/uploads\\\/2022\\\/12\\\/Forever-Love-1.jpg\",\"datePublished\":\"2022-12-30T04:55:30+00:00\",\"dateModified\":\"2025-11-11T04:04:12+00:00\",\"description\":\"Achetez ici mon mod\u00e8le de crochet pour les mari\u00e9s \u00ab Forever Love \u00bb. Le mod\u00e8le de crochet est \u00e9galement disponible sur Etsy, Haked et Ravelry.\",\"breadcrumb\":{\"@id\":\"https:\\\/\\\/craftygenesindonesia.com\\\/fr\\\/shop\\\/amour\\\/lamour-eternel\\\/#breadcrumb\"},\"inLanguage\":\"fr-FR\",\"potentialAction\":[{\"@type\":\"ReadAction\",\"target\":[\"https:\\\/\\\/craftygenesindonesia.com\\\/fr\\\/shop\\\/amour\\\/lamour-eternel\\\/\"]}]},{\"@type\":\"ImageObject\",\"inLanguage\":\"fr-FR\",\"@id\":\"https:\\\/\\\/craftygenesindonesia.com\\\/fr\\\/shop\\\/amour\\\/lamour-eternel\\\/#primaryimage\",\"url\":\"https:\\\/\\\/craftygenesindonesia.com\\\/wp-content\\\/uploads\\\/2022\\\/12\\\/Forever-Love-1.jpg\",\"contentUrl\":\"https:\\\/\\\/craftygenesindonesia.com\\\/wp-content\\\/uploads\\\/2022\\\/12\\\/Forever-Love-1.jpg\",\"width\":1080,\"height\":1080,\"caption\":\"crochet bride and groom\"},{\"@type\":\"BreadcrumbList\",\"@id\":\"https:\\\/\\\/craftygenesindonesia.com\\\/fr\\\/shop\\\/amour\\\/lamour-eternel\\\/#breadcrumb\",\"itemListElement\":[{\"@type\":\"ListItem\",\"position\":1,\"name\":\"Home\",\"item\":\"https:\\\/\\\/craftygenesindonesia.com\\\/fr\\\/\"},{\"@type\":\"ListItem\",\"position\":2,\"name\":\"Boutique de mod\u00e8les\",\"item\":\"https:\\\/\\\/craftygenesindonesia.com\\\/fr\\\/boutique\\\/\"},{\"@type\":\"ListItem\",\"position\":3,\"name\":\"L&#8217;amour \u00e9ternel\"}]},{\"@type\":\"WebSite\",\"@id\":\"https:\\\/\\\/craftygenesindonesia.com\\\/fr\\\/#website\",\"url\":\"https:\\\/\\\/craftygenesindonesia.com\\\/fr\\\/\",\"name\":\"Craftygenesindonesia\",\"description\":\"\",\"publisher\":{\"@id\":\"https:\\\/\\\/craftygenesindonesia.com\\\/fr\\\/#organization\"},\"potentialAction\":[{\"@type\":\"SearchAction\",\"target\":{\"@type\":\"EntryPoint\",\"urlTemplate\":\"https:\\\/\\\/craftygenesindonesia.com\\\/fr\\\/?s={search_term_string}\"},\"query-input\":{\"@type\":\"PropertyValueSpecification\",\"valueRequired\":true,\"valueName\":\"search_term_string\"}}],\"inLanguage\":\"fr-FR\"},{\"@type\":\"Organization\",\"@id\":\"https:\\\/\\\/craftygenesindonesia.com\\\/fr\\\/#organization\",\"name\":\"Craftygenesindonesia\",\"url\":\"https:\\\/\\\/craftygenesindonesia.com\\\/fr\\\/\",\"logo\":{\"@type\":\"ImageObject\",\"inLanguage\":\"fr-FR\",\"@id\":\"https:\\\/\\\/craftygenesindonesia.com\\\/fr\\\/#\\\/schema\\\/logo\\\/image\\\/\",\"url\":\"https:\\\/\\\/craftygenesindonesia.com\\\/wp-content\\\/uploads\\\/2025\\\/11\\\/cropped-Copy-of-Craftygenesindonesia.jpg\",\"contentUrl\":\"https:\\\/\\\/craftygenesindonesia.com\\\/wp-content\\\/uploads\\\/2025\\\/11\\\/cropped-Copy-of-Craftygenesindonesia.jpg\",\"width\":180,\"height\":60,\"caption\":\"Craftygenesindonesia\"},\"image\":{\"@id\":\"https:\\\/\\\/craftygenesindonesia.com\\\/fr\\\/#\\\/schema\\\/logo\\\/image\\\/\"}}]}<\/script>\n<!-- \/ Yoast SEO plugin. -->","yoast_head_json":{"title":"L'amour \u00e9ternel mod\u00e8le de crochet - Craftygenesindonesia","description":"Achetez ici mon mod\u00e8le de crochet pour les mari\u00e9s \u00ab Forever Love \u00bb. Le mod\u00e8le de crochet est \u00e9galement disponible sur Etsy, Haked et Ravelry.","robots":{"index":"index","follow":"follow","max-snippet":"max-snippet:-1","max-image-preview":"max-image-preview:large","max-video-preview":"max-video-preview:-1"},"canonical":"https:\/\/craftygenesindonesia.com\/fr\/shop\/amour\/lamour-eternel\/","og_locale":"fr_FR","og_type":"article","og_title":"\u00ab Forever Love \u00bb mod\u00e8le de crochet pour les mari\u00e9s","og_description":"Achetez ici mon mod\u00e8le de crochet pour les mari\u00e9s \u00ab Forever Love \u00bb. Le mod\u00e8le de crochet est \u00e9galement disponible sur Etsy, Haked et Ravelry.","og_url":"https:\/\/craftygenesindonesia.com\/fr\/shop\/amour\/lamour-eternel\/","og_site_name":"Craftygenesindonesia","article_modified_time":"2025-11-11T04:04:12+00:00","og_image":[{"width":1080,"height":1080,"url":"https:\/\/craftygenesindonesia.com\/wp-content\/uploads\/2022\/12\/Forever-Love-1.jpg","type":"image\/jpeg"}],"twitter_card":"summary_large_image","twitter_image":"https:\/\/craftygenesindonesia.com\/wp-content\/uploads\/2022\/12\/image0-35-1024x1024.jpeg","twitter_misc":{"Dur\u00e9e de lecture estim\u00e9e":"2 minutes"},"schema":{"@context":"https:\/\/schema.org","@graph":[{"@type":"WebPage","@id":"https:\/\/craftygenesindonesia.com\/fr\/shop\/amour\/lamour-eternel\/","url":"https:\/\/craftygenesindonesia.com\/fr\/shop\/amour\/lamour-eternel\/","name":"L'amour \u00e9ternel mod\u00e8le de crochet - Craftygenesindonesia","isPartOf":{"@id":"https:\/\/craftygenesindonesia.com\/fr\/#website"},"primaryImageOfPage":{"@id":"https:\/\/craftygenesindonesia.com\/fr\/shop\/amour\/lamour-eternel\/#primaryimage"},"image":{"@id":"https:\/\/craftygenesindonesia.com\/fr\/shop\/amour\/lamour-eternel\/#primaryimage"},"thumbnailUrl":"https:\/\/craftygenesindonesia.com\/wp-content\/uploads\/2022\/12\/Forever-Love-1.jpg","datePublished":"2022-12-30T04:55:30+00:00","dateModified":"2025-11-11T04:04:12+00:00","description":"Achetez ici mon mod\u00e8le de crochet pour les mari\u00e9s \u00ab Forever Love \u00bb. Le mod\u00e8le de crochet est \u00e9galement disponible sur Etsy, Haked et Ravelry.","breadcrumb":{"@id":"https:\/\/craftygenesindonesia.com\/fr\/shop\/amour\/lamour-eternel\/#breadcrumb"},"inLanguage":"fr-FR","potentialAction":[{"@type":"ReadAction","target":["https:\/\/craftygenesindonesia.com\/fr\/shop\/amour\/lamour-eternel\/"]}]},{"@type":"ImageObject","inLanguage":"fr-FR","@id":"https:\/\/craftygenesindonesia.com\/fr\/shop\/amour\/lamour-eternel\/#primaryimage","url":"https:\/\/craftygenesindonesia.com\/wp-content\/uploads\/2022\/12\/Forever-Love-1.jpg","contentUrl":"https:\/\/craftygenesindonesia.com\/wp-content\/uploads\/2022\/12\/Forever-Love-1.jpg","width":1080,"height":1080,"caption":"crochet bride and groom"},{"@type":"BreadcrumbList","@id":"https:\/\/craftygenesindonesia.com\/fr\/shop\/amour\/lamour-eternel\/#breadcrumb","itemListElement":[{"@type":"ListItem","position":1,"name":"Home","item":"https:\/\/craftygenesindonesia.com\/fr\/"},{"@type":"ListItem","position":2,"name":"Boutique de mod\u00e8les","item":"https:\/\/craftygenesindonesia.com\/fr\/boutique\/"},{"@type":"ListItem","position":3,"name":"L&#8217;amour \u00e9ternel"}]},{"@type":"WebSite","@id":"https:\/\/craftygenesindonesia.com\/fr\/#website","url":"https:\/\/craftygenesindonesia.com\/fr\/","name":"Craftygenesindonesia","description":"","publisher":{"@id":"https:\/\/craftygenesindonesia.com\/fr\/#organization"},"potentialAction":[{"@type":"SearchAction","target":{"@type":"EntryPoint","urlTemplate":"https:\/\/craftygenesindonesia.com\/fr\/?s={search_term_string}"},"query-input":{"@type":"PropertyValueSpecification","valueRequired":true,"valueName":"search_term_string"}}],"inLanguage":"fr-FR"},{"@type":"Organization","@id":"https:\/\/craftygenesindonesia.com\/fr\/#organization","name":"Craftygenesindonesia","url":"https:\/\/craftygenesindonesia.com\/fr\/","logo":{"@type":"ImageObject","inLanguage":"fr-FR","@id":"https:\/\/craftygenesindonesia.com\/fr\/#\/schema\/logo\/image\/","url":"https:\/\/craftygenesindonesia.com\/wp-content\/uploads\/2025\/11\/cropped-Copy-of-Craftygenesindonesia.jpg","contentUrl":"https:\/\/craftygenesindonesia.com\/wp-content\/uploads\/2025\/11\/cropped-Copy-of-Craftygenesindonesia.jpg","width":180,"height":60,"caption":"Craftygenesindonesia"},"image":{"@id":"https:\/\/craftygenesindonesia.com\/fr\/#\/schema\/logo\/image\/"}}]}},"_links":{"self":[{"href":"https:\/\/craftygenesindonesia.com\/fr\/wp-json\/wp\/v2\/product\/19558","targetHints":{"allow":["GET"]}}],"collection":[{"href":"https:\/\/craftygenesindonesia.com\/fr\/wp-json\/wp\/v2\/product"}],"about":[{"href":"https:\/\/craftygenesindonesia.com\/fr\/wp-json\/wp\/v2\/types\/product"}],"replies":[{"embeddable":true,"href":"https:\/\/craftygenesindonesia.com\/fr\/wp-json\/wp\/v2\/comments?post=19558"}],"wp:featuredmedia":[{"embeddable":true,"href":"https:\/\/craftygenesindonesia.com\/fr\/wp-json\/wp\/v2\/media\/987527683"}],"wp:attachment":[{"href":"https:\/\/craftygenesindonesia.com\/fr\/wp-json\/wp\/v2\/media?parent=19558"}],"wp:term":[{"taxonomy":"product_brand","embeddable":true,"href":"https:\/\/craftygenesindonesia.com\/fr\/wp-json\/wp\/v2\/product_brand?post=19558"},{"taxonomy":"product_cat","embeddable":true,"href":"https:\/\/craftygenesindonesia.com\/fr\/wp-json\/wp\/v2\/product_cat?post=19558"},{"taxonomy":"product_tag","embeddable":true,"href":"https:\/\/craftygenesindonesia.com\/fr\/wp-json\/wp\/v2\/product_tag?post=19558"}],"curies":[{"name":"wp","href":"https:\/\/api.w.org\/{rel}","templated":true}]}}