{"id":19529,"date":"2022-11-23T08:59:48","date_gmt":"2022-11-23T00:59:48","guid":{"rendered":"https:\/\/craftygenesindonesia.com\/?post_type=product&#038;p=19529"},"modified":"2026-02-28T05:48:57","modified_gmt":"2026-02-27T21:48:57","slug":"mr-mrs-claus-couronne-de-noel","status":"publish","type":"product","link":"https:\/\/craftygenesindonesia.com\/fr\/shop\/noel\/mr-mrs-claus-couronne-de-noel\/","title":{"rendered":"Couronne de No\u00ebl M. et Mme No\u00ebl"},"content":{"rendered":"<p><strong>Couronne de No\u00ebl M. et Mme Claus<\/strong><\/p>\n<p>Type de fichier : patron au crochet &#8211; t\u00e9l\u00e9chargement num\u00e9rique, pas un objet physique<br \/>\n<strong>Langues disponibles : anglais (termes am\u00e9ricains et britanniques), n\u00e9erlandais, fran\u00e7ais, espagnol, allemand, italien, portugais<\/strong><\/p>\n<p>Taille de l&#8217;objet fini : 15 x 16 cm<\/p>\n<p>Type de fil : fil de type \u00ab fingering \u00bb<br \/>\nMarques recommand\u00e9es : Catona de Scheepjes, Durable Coral<br \/>\nCouleurs de fil n\u00e9cessaires : noir, vert, rouge, couleur peau, blanc<\/p>\n<p>Crochet : 2 mm<\/p>\n<p>Autres \u00e9l\u00e9ments n\u00e9cessaires : rembourrage, aiguille \u00e0 tapisserie, marqueurs de mailles, ciseaux, crayon, colle, pistolet \u00e0 colle, carton, perles, bougie LED<\/p>\n<p><strong>La bougie LED est une fausse bougie fonctionnant \u00e0 piles. CE N&#8217;EST PAS UNE VRAIE BOUGIE. N&#8217;UTILISEZ PAS DE VRAIE BOUGIE. Cela serait extr\u00eamement dangereux.<\/strong><\/p>\n<p><strong>Informations sur les droits d&#8217;auteur et l&#8217;aide :<\/strong><br \/>\nCe mod\u00e8le est un mod\u00e8le \u00e9crit (num\u00e9rique) accompagn\u00e9 de nombreuses photos pour vous aider. Si vous avez des questions sur le mod\u00e8le, envoyez-moi un e-mail \u00e0 craftygenesindonesia@gmail.com.<\/p>\n<p><strong>Ce mod\u00e8le de crochet num\u00e9rique est r\u00e9serv\u00e9 \u00e0 un usage personnel et est prot\u00e9g\u00e9 par des droits d&#8217;auteur. Par cons\u00e9quent, vous ne pouvez en aucun cas le copier, le vendre, le revendre, le traduire, le revendiquer comme votre propre cr\u00e9ation, le distribuer, le partager, le publier, le poster, etc. sans mon autorisation. M\u00eame pas une partie !<\/strong><\/p>\n<p><strong>Vous \u00eates autoris\u00e9 \u00e0 vendre le produit ou l&#8217;article fini, en petites quantit\u00e9s, mais vous n&#8217;\u00eates pas autoris\u00e9 \u00e0 vendre le mod\u00e8le de crochet lui-m\u00eame ! Veuillez mentionner que le mod\u00e8le de crochet est de moi, Craftygenesindonesia, et o\u00f9 il peut \u00eatre achet\u00e9.<\/strong><\/p>\n","protected":false},"excerpt":{"rendered":"<p>Voici un mod\u00e8le facile \u00e0 suivre pour une couronne de No\u00ebl au crochet avec le P\u00e8re No\u00ebl et sa femme autour d&#8217;une bougie (une bougie LED, pas une vraie !).\u00a0 C&#8217;est parfait pour ceux qui aiment crocheter des d\u00e9corations de No\u00ebl et des centres de table.<\/p>\n","protected":false},"featured_media":987531116,"comment_status":"open","ping_status":"closed","template":"","meta":{"_acf_changed":false},"product_brand":[],"product_cat":[3655,3653],"product_tag":[10957,10707,12111,10656,11254,11253,11811,10722,10723,8627,12078],"class_list":{"0":"post-19529","1":"product","2":"type-product","3":"status-publish","4":"has-post-thumbnail","6":"product_cat-mesdames-et-messieurs","7":"product_cat-noel","8":"product_tag-bougie-fr","9":"product_tag-bougie-led-fr","10":"product_tag-christmas-lady-fr","11":"product_tag-couronne-de-noel-fr","12":"product_tag-feuille-de-houx-fr","13":"product_tag-houx-fr","14":"product_tag-kerst-versiering-fr","15":"product_tag-madame-noel-fr","16":"product_tag-mrs-fr","17":"product_tag-santa-fr","18":"product_tag-xmas-fr","19":"pa_available_on-craftygenesindonesia","20":"pa_available_on-etsy","21":"pa_available_on-haked-nl","22":"pa_available_on-payhip","23":"pa_available_on-ravelry","24":"pa_languages-allemand","25":"pa_languages-americain","26":"pa_languages-anglais-britannique","27":"pa_languages-espagnol","28":"pa_languages-francais","29":"pa_languages-italien","30":"pa_languages-neerlandais","31":"pa_languages-portugais","33":"first","34":"instock","35":"downloadable","36":"virtual","37":"purchasable","38":"product-type-simple"},"acf":[],"yoast_head":"<!-- This site is optimized with the Yoast SEO plugin v27.4 - https:\/\/yoast.com\/product\/yoast-seo-wordpress\/ -->\n<title>Couronne de No\u00ebl M. et Mme No\u00ebl mod\u00e8le de crochet - Craftygenesindonesia<\/title>\n<meta name=\"description\" content=\"Achetez ici mon mod\u00e8le de crochet &quot;Couronne de No\u00ebl Mr &amp; Mrs Claus&quot;. Le mod\u00e8le est \u00e9galement disponible sur Etsy, Haked.nl, Ravelry, Payhip\" \/>\n<meta name=\"robots\" content=\"index, follow, max-snippet:-1, max-image-preview:large, max-video-preview:-1\" \/>\n<link rel=\"canonical\" href=\"https:\/\/craftygenesindonesia.com\/fr\/shop\/noel\/mr-mrs-claus-couronne-de-noel\/\" \/>\n<meta property=\"og:locale\" content=\"fr_FR\" \/>\n<meta property=\"og:type\" content=\"article\" \/>\n<meta property=\"og:title\" content=\"Mod\u00e8le de crochet &quot;Couronne de No\u00ebl Mr &amp; Mrs Claus&quot;\" \/>\n<meta property=\"og:description\" content=\"Achetez ici mon mod\u00e8le de crochet &quot;Couronne de No\u00ebl Mr &amp; Mrs Claus&quot;. Le mod\u00e8le est \u00e9galement disponible sur Etsy, Haked.nl, Ravelry, Payhip\" \/>\n<meta property=\"og:url\" content=\"https:\/\/craftygenesindonesia.com\/fr\/shop\/noel\/mr-mrs-claus-couronne-de-noel\/\" \/>\n<meta property=\"og:site_name\" content=\"Craftygenesindonesia\" \/>\n<meta property=\"article:modified_time\" content=\"2026-02-27T21:48:57+00:00\" \/>\n<meta property=\"og:image\" content=\"https:\/\/craftygenesindonesia.com\/wp-content\/uploads\/2022\/11\/Copy-of-Mr-Mrs-Claus-Christmas-Wreath.jpg\" \/>\n\t<meta property=\"og:image:width\" content=\"1080\" \/>\n\t<meta property=\"og:image:height\" content=\"1080\" \/>\n\t<meta property=\"og:image:type\" content=\"image\/jpeg\" \/>\n<meta name=\"twitter:card\" content=\"summary_large_image\" \/>\n<meta name=\"twitter:image\" content=\"https:\/\/craftygenesindonesia.com\/wp-content\/uploads\/2022\/11\/image0-11-1024x1024.jpeg\" \/>\n<meta name=\"twitter:label1\" content=\"Dur\u00e9e de lecture estim\u00e9e\" \/>\n\t<meta name=\"twitter:data1\" content=\"2 minutes\" \/>\n<script type=\"application\/ld+json\" class=\"yoast-schema-graph\">{\"@context\":\"https:\\\/\\\/schema.org\",\"@graph\":[{\"@type\":\"WebPage\",\"@id\":\"https:\\\/\\\/craftygenesindonesia.com\\\/fr\\\/shop\\\/noel\\\/mr-mrs-claus-couronne-de-noel\\\/\",\"url\":\"https:\\\/\\\/craftygenesindonesia.com\\\/fr\\\/shop\\\/noel\\\/mr-mrs-claus-couronne-de-noel\\\/\",\"name\":\"Couronne de No\u00ebl M. et Mme No\u00ebl mod\u00e8le de crochet - Craftygenesindonesia\",\"isPartOf\":{\"@id\":\"https:\\\/\\\/craftygenesindonesia.com\\\/fr\\\/#website\"},\"primaryImageOfPage\":{\"@id\":\"https:\\\/\\\/craftygenesindonesia.com\\\/fr\\\/shop\\\/noel\\\/mr-mrs-claus-couronne-de-noel\\\/#primaryimage\"},\"image\":{\"@id\":\"https:\\\/\\\/craftygenesindonesia.com\\\/fr\\\/shop\\\/noel\\\/mr-mrs-claus-couronne-de-noel\\\/#primaryimage\"},\"thumbnailUrl\":\"https:\\\/\\\/craftygenesindonesia.com\\\/wp-content\\\/uploads\\\/2022\\\/11\\\/Copy-of-Mr-Mrs-Claus-Christmas-Wreath.jpg\",\"datePublished\":\"2022-11-23T00:59:48+00:00\",\"dateModified\":\"2026-02-27T21:48:57+00:00\",\"description\":\"Achetez ici mon mod\u00e8le de crochet \\\"Couronne de No\u00ebl Mr & Mrs Claus\\\". Le mod\u00e8le est \u00e9galement disponible sur Etsy, Haked.nl, Ravelry, Payhip\",\"breadcrumb\":{\"@id\":\"https:\\\/\\\/craftygenesindonesia.com\\\/fr\\\/shop\\\/noel\\\/mr-mrs-claus-couronne-de-noel\\\/#breadcrumb\"},\"inLanguage\":\"fr-FR\",\"potentialAction\":[{\"@type\":\"ReadAction\",\"target\":[\"https:\\\/\\\/craftygenesindonesia.com\\\/fr\\\/shop\\\/noel\\\/mr-mrs-claus-couronne-de-noel\\\/\"]}]},{\"@type\":\"ImageObject\",\"inLanguage\":\"fr-FR\",\"@id\":\"https:\\\/\\\/craftygenesindonesia.com\\\/fr\\\/shop\\\/noel\\\/mr-mrs-claus-couronne-de-noel\\\/#primaryimage\",\"url\":\"https:\\\/\\\/craftygenesindonesia.com\\\/wp-content\\\/uploads\\\/2022\\\/11\\\/Copy-of-Mr-Mrs-Claus-Christmas-Wreath.jpg\",\"contentUrl\":\"https:\\\/\\\/craftygenesindonesia.com\\\/wp-content\\\/uploads\\\/2022\\\/11\\\/Copy-of-Mr-Mrs-Claus-Christmas-Wreath.jpg\",\"width\":1080,\"height\":1080,\"caption\":\"crochet Santa Claus with Mrs Claus, standing in a crochet Christmas wreath\"},{\"@type\":\"BreadcrumbList\",\"@id\":\"https:\\\/\\\/craftygenesindonesia.com\\\/fr\\\/shop\\\/noel\\\/mr-mrs-claus-couronne-de-noel\\\/#breadcrumb\",\"itemListElement\":[{\"@type\":\"ListItem\",\"position\":1,\"name\":\"Home\",\"item\":\"https:\\\/\\\/craftygenesindonesia.com\\\/fr\\\/\"},{\"@type\":\"ListItem\",\"position\":2,\"name\":\"Boutique de mod\u00e8les\",\"item\":\"https:\\\/\\\/craftygenesindonesia.com\\\/fr\\\/boutique\\\/\"},{\"@type\":\"ListItem\",\"position\":3,\"name\":\"Couronne de No\u00ebl M. et Mme No\u00ebl\"}]},{\"@type\":\"WebSite\",\"@id\":\"https:\\\/\\\/craftygenesindonesia.com\\\/fr\\\/#website\",\"url\":\"https:\\\/\\\/craftygenesindonesia.com\\\/fr\\\/\",\"name\":\"Craftygenesindonesia\",\"description\":\"\",\"publisher\":{\"@id\":\"https:\\\/\\\/craftygenesindonesia.com\\\/fr\\\/#organization\"},\"potentialAction\":[{\"@type\":\"SearchAction\",\"target\":{\"@type\":\"EntryPoint\",\"urlTemplate\":\"https:\\\/\\\/craftygenesindonesia.com\\\/fr\\\/?s={search_term_string}\"},\"query-input\":{\"@type\":\"PropertyValueSpecification\",\"valueRequired\":true,\"valueName\":\"search_term_string\"}}],\"inLanguage\":\"fr-FR\"},{\"@type\":\"Organization\",\"@id\":\"https:\\\/\\\/craftygenesindonesia.com\\\/fr\\\/#organization\",\"name\":\"Craftygenesindonesia\",\"url\":\"https:\\\/\\\/craftygenesindonesia.com\\\/fr\\\/\",\"logo\":{\"@type\":\"ImageObject\",\"inLanguage\":\"fr-FR\",\"@id\":\"https:\\\/\\\/craftygenesindonesia.com\\\/fr\\\/#\\\/schema\\\/logo\\\/image\\\/\",\"url\":\"https:\\\/\\\/craftygenesindonesia.com\\\/wp-content\\\/uploads\\\/2025\\\/11\\\/cropped-Copy-of-Craftygenesindonesia.jpg\",\"contentUrl\":\"https:\\\/\\\/craftygenesindonesia.com\\\/wp-content\\\/uploads\\\/2025\\\/11\\\/cropped-Copy-of-Craftygenesindonesia.jpg\",\"width\":180,\"height\":60,\"caption\":\"Craftygenesindonesia\"},\"image\":{\"@id\":\"https:\\\/\\\/craftygenesindonesia.com\\\/fr\\\/#\\\/schema\\\/logo\\\/image\\\/\"}}]}<\/script>\n<!-- \/ Yoast SEO plugin. -->","yoast_head_json":{"title":"Couronne de No\u00ebl M. et Mme No\u00ebl mod\u00e8le de crochet - Craftygenesindonesia","description":"Achetez ici mon mod\u00e8le de crochet \"Couronne de No\u00ebl Mr & Mrs Claus\". Le mod\u00e8le est \u00e9galement disponible sur Etsy, Haked.nl, Ravelry, Payhip","robots":{"index":"index","follow":"follow","max-snippet":"max-snippet:-1","max-image-preview":"max-image-preview:large","max-video-preview":"max-video-preview:-1"},"canonical":"https:\/\/craftygenesindonesia.com\/fr\/shop\/noel\/mr-mrs-claus-couronne-de-noel\/","og_locale":"fr_FR","og_type":"article","og_title":"Mod\u00e8le de crochet \"Couronne de No\u00ebl Mr & Mrs Claus\"","og_description":"Achetez ici mon mod\u00e8le de crochet \"Couronne de No\u00ebl Mr & Mrs Claus\". Le mod\u00e8le est \u00e9galement disponible sur Etsy, Haked.nl, Ravelry, Payhip","og_url":"https:\/\/craftygenesindonesia.com\/fr\/shop\/noel\/mr-mrs-claus-couronne-de-noel\/","og_site_name":"Craftygenesindonesia","article_modified_time":"2026-02-27T21:48:57+00:00","og_image":[{"width":1080,"height":1080,"url":"https:\/\/craftygenesindonesia.com\/wp-content\/uploads\/2022\/11\/Copy-of-Mr-Mrs-Claus-Christmas-Wreath.jpg","type":"image\/jpeg"}],"twitter_card":"summary_large_image","twitter_image":"https:\/\/craftygenesindonesia.com\/wp-content\/uploads\/2022\/11\/image0-11-1024x1024.jpeg","twitter_misc":{"Dur\u00e9e de lecture estim\u00e9e":"2 minutes"},"schema":{"@context":"https:\/\/schema.org","@graph":[{"@type":"WebPage","@id":"https:\/\/craftygenesindonesia.com\/fr\/shop\/noel\/mr-mrs-claus-couronne-de-noel\/","url":"https:\/\/craftygenesindonesia.com\/fr\/shop\/noel\/mr-mrs-claus-couronne-de-noel\/","name":"Couronne de No\u00ebl M. et Mme No\u00ebl mod\u00e8le de crochet - Craftygenesindonesia","isPartOf":{"@id":"https:\/\/craftygenesindonesia.com\/fr\/#website"},"primaryImageOfPage":{"@id":"https:\/\/craftygenesindonesia.com\/fr\/shop\/noel\/mr-mrs-claus-couronne-de-noel\/#primaryimage"},"image":{"@id":"https:\/\/craftygenesindonesia.com\/fr\/shop\/noel\/mr-mrs-claus-couronne-de-noel\/#primaryimage"},"thumbnailUrl":"https:\/\/craftygenesindonesia.com\/wp-content\/uploads\/2022\/11\/Copy-of-Mr-Mrs-Claus-Christmas-Wreath.jpg","datePublished":"2022-11-23T00:59:48+00:00","dateModified":"2026-02-27T21:48:57+00:00","description":"Achetez ici mon mod\u00e8le de crochet \"Couronne de No\u00ebl Mr & Mrs Claus\". Le mod\u00e8le est \u00e9galement disponible sur Etsy, Haked.nl, Ravelry, Payhip","breadcrumb":{"@id":"https:\/\/craftygenesindonesia.com\/fr\/shop\/noel\/mr-mrs-claus-couronne-de-noel\/#breadcrumb"},"inLanguage":"fr-FR","potentialAction":[{"@type":"ReadAction","target":["https:\/\/craftygenesindonesia.com\/fr\/shop\/noel\/mr-mrs-claus-couronne-de-noel\/"]}]},{"@type":"ImageObject","inLanguage":"fr-FR","@id":"https:\/\/craftygenesindonesia.com\/fr\/shop\/noel\/mr-mrs-claus-couronne-de-noel\/#primaryimage","url":"https:\/\/craftygenesindonesia.com\/wp-content\/uploads\/2022\/11\/Copy-of-Mr-Mrs-Claus-Christmas-Wreath.jpg","contentUrl":"https:\/\/craftygenesindonesia.com\/wp-content\/uploads\/2022\/11\/Copy-of-Mr-Mrs-Claus-Christmas-Wreath.jpg","width":1080,"height":1080,"caption":"crochet Santa Claus with Mrs Claus, standing in a crochet Christmas wreath"},{"@type":"BreadcrumbList","@id":"https:\/\/craftygenesindonesia.com\/fr\/shop\/noel\/mr-mrs-claus-couronne-de-noel\/#breadcrumb","itemListElement":[{"@type":"ListItem","position":1,"name":"Home","item":"https:\/\/craftygenesindonesia.com\/fr\/"},{"@type":"ListItem","position":2,"name":"Boutique de mod\u00e8les","item":"https:\/\/craftygenesindonesia.com\/fr\/boutique\/"},{"@type":"ListItem","position":3,"name":"Couronne de No\u00ebl M. et Mme No\u00ebl"}]},{"@type":"WebSite","@id":"https:\/\/craftygenesindonesia.com\/fr\/#website","url":"https:\/\/craftygenesindonesia.com\/fr\/","name":"Craftygenesindonesia","description":"","publisher":{"@id":"https:\/\/craftygenesindonesia.com\/fr\/#organization"},"potentialAction":[{"@type":"SearchAction","target":{"@type":"EntryPoint","urlTemplate":"https:\/\/craftygenesindonesia.com\/fr\/?s={search_term_string}"},"query-input":{"@type":"PropertyValueSpecification","valueRequired":true,"valueName":"search_term_string"}}],"inLanguage":"fr-FR"},{"@type":"Organization","@id":"https:\/\/craftygenesindonesia.com\/fr\/#organization","name":"Craftygenesindonesia","url":"https:\/\/craftygenesindonesia.com\/fr\/","logo":{"@type":"ImageObject","inLanguage":"fr-FR","@id":"https:\/\/craftygenesindonesia.com\/fr\/#\/schema\/logo\/image\/","url":"https:\/\/craftygenesindonesia.com\/wp-content\/uploads\/2025\/11\/cropped-Copy-of-Craftygenesindonesia.jpg","contentUrl":"https:\/\/craftygenesindonesia.com\/wp-content\/uploads\/2025\/11\/cropped-Copy-of-Craftygenesindonesia.jpg","width":180,"height":60,"caption":"Craftygenesindonesia"},"image":{"@id":"https:\/\/craftygenesindonesia.com\/fr\/#\/schema\/logo\/image\/"}}]}},"_links":{"self":[{"href":"https:\/\/craftygenesindonesia.com\/fr\/wp-json\/wp\/v2\/product\/19529","targetHints":{"allow":["GET"]}}],"collection":[{"href":"https:\/\/craftygenesindonesia.com\/fr\/wp-json\/wp\/v2\/product"}],"about":[{"href":"https:\/\/craftygenesindonesia.com\/fr\/wp-json\/wp\/v2\/types\/product"}],"replies":[{"embeddable":true,"href":"https:\/\/craftygenesindonesia.com\/fr\/wp-json\/wp\/v2\/comments?post=19529"}],"wp:featuredmedia":[{"embeddable":true,"href":"https:\/\/craftygenesindonesia.com\/fr\/wp-json\/wp\/v2\/media\/987531116"}],"wp:attachment":[{"href":"https:\/\/craftygenesindonesia.com\/fr\/wp-json\/wp\/v2\/media?parent=19529"}],"wp:term":[{"taxonomy":"product_brand","embeddable":true,"href":"https:\/\/craftygenesindonesia.com\/fr\/wp-json\/wp\/v2\/product_brand?post=19529"},{"taxonomy":"product_cat","embeddable":true,"href":"https:\/\/craftygenesindonesia.com\/fr\/wp-json\/wp\/v2\/product_cat?post=19529"},{"taxonomy":"product_tag","embeddable":true,"href":"https:\/\/craftygenesindonesia.com\/fr\/wp-json\/wp\/v2\/product_tag?post=19529"}],"curies":[{"name":"wp","href":"https:\/\/api.w.org\/{rel}","templated":true}]}}