{"id":19525,"date":"2022-11-19T07:26:42","date_gmt":"2022-11-18T23:26:42","guid":{"rendered":"https:\/\/craftygenesindonesia.com\/?post_type=product&#038;p=19525"},"modified":"2025-11-11T12:59:35","modified_gmt":"2025-11-11T04:59:35","slug":"pour-nos-gardiens-modele-de-tricot","status":"publish","type":"product","link":"https:\/\/craftygenesindonesia.com\/fr\/shop\/tricot\/pour-nos-gardiens-modele-de-tricot\/","title":{"rendered":"Mod\u00e8le de tricot pour nos gardiens"},"content":{"rendered":"<p>(il s\u2019agit de la version tricot\u00e9e de mon mod\u00e8le de soldat. Pour une version au crochet, jetez un coup d\u2019oeil \u00e0 mon mod\u00e8le au crochet \u2018<a href=\"https:\/\/craftygenesindonesia.com\/fr\/produit\/pour-ceux-qui-sont-tombes\/\" target=\"_blank\" rel=\"noopener\"><strong>For The Fallen<\/strong><\/a>\u2019)<br \/>\n<strong>Mise \u00e0 jour : Le 17 septembre 2023, j\u2019ai corrig\u00e9 une faute de frappe au rang 29. Cela devrait \u00eatre 16 et non 19<\/strong><\/p>\n<p>Ce soldat tricot\u00e9 mesure 23cm et est r\u00e9alis\u00e9 avec un fil de poids \u201cFINGERING\u201d adapt\u00e9 aux amigurumi et des aiguilles \u00e0 tricoter droites de taille 2mm.<\/p>\n<p>Vous aurez besoin des couleurs suivantes : beige &#8211; marron &#8211; gris &#8211; vert (une sorte de vert mousse) &#8211; couleur de peau &#8211; rouge &#8211; marron uniforme et une m\u00e8che de noir.<\/p>\n<p>Vous aurez \u00e9galement besoin de : rembourrage &#8211; aiguille \u00e0 tapisserie &#8211; ciseaux &#8211; crayon &#8211; colle &#8211; \u00e9pingle \u00e0 colle &#8211; \u00e9pingles \u00e0 coudre &#8211; carton &#8211; \u0153illet de s\u00e9curit\u00e9 de 14 mm\/pi\u00e8ce de feutre noir\/bouton noir.<\/p>\n<p>Aiguilles \u00e0 tricoter : aiguilles \u00e0 tricoter droites de 2 mm<\/p>\n<p>Ce mod\u00e8le comprend un sch\u00e9ma \u00e9crit et de nombreuses photos pour vous aider.<br \/>\nSi vous avez des probl\u00e8mes de compr\u00e9hension, n\u2019h\u00e9sitez pas \u00e0 m\u2019envoyer un message \u00e0 l\u2019adresse suivante :\u00a0<a href=\"mailto:craftygenesindonesia@gmail.com\">craftygenesindonesia@gmail.com<\/a><\/p>\n<p><strong>Ce mod\u00e8le est r\u00e9serv\u00e9 \u00e0 un usage personnel et il est prot\u00e9g\u00e9 par un COPYRIGHT. Il ne peut donc \u00eatre copi\u00e9, vendu, revendu, traduit, revendiqu\u00e9 comme votre mod\u00e8le, distribu\u00e9, partag\u00e9, publi\u00e9, mis en ligne\u2026 sous quelque forme que ce soit sans mon consentement. M\u00eame pas en partie !<\/strong><\/p>\n<p><strong>Vous pouvez vendre l\u2019article fini mais pas le mod\u00e8le lui-m\u00eame !<\/strong><\/p>\n","protected":false},"excerpt":{"rendered":"<p>La version tricot\u00e9e tant attendue de mon soldat au crochet &#8220;<a href=\"https:\/\/craftygenesindonesia.com\/fr\/produit\/pour-ceux-qui-sont-tombes\/\" target=\"_blank\" rel=\"noopener\">Pour ceux qui sont tomb\u00e9s au combat<\/a>&#8221; est arriv\u00e9e !\u00a0 Maintenant ceux qui tricotent peuvent aussi faire mon soldat.\u00a0 Amusez-vous bien \u00e0 tricoter ce petit bonhomme&#8230;<\/p>\n<p>Cliquez ici si vous voulez une version CROCHET de mon soldat.<\/p>\n","protected":false},"featured_media":987520734,"comment_status":"open","ping_status":"closed","template":"","meta":{"_acf_changed":false},"product_brand":[],"product_cat":[3651,10142],"product_tag":[10151,10512,10508,10255,10506,10153,11299,11667,10507,11297,11298],"class_list":{"0":"post-19525","1":"product","2":"type-product","3":"status-publish","4":"has-post-thumbnail","6":"product_cat-tricot","7":"product_cat-militaire","8":"product_tag-armee-fr","9":"product_tag-coquelicot-fr","10":"product_tag-jour-de-larmistice-fr","11":"product_tag-journee-de-larmistice-fr","12":"product_tag-journee-du-patrimoine-mondial","13":"product_tag-militaire-fr","14":"product_tag-modele-de-tricot","15":"product_tag-monument-aux-morts","16":"product_tag-soldat-fr","17":"product_tag-soldat-tricote","18":"product_tag-tricot-fr","19":"pa_available_on-craftygenesindonesia","20":"pa_available_on-etsy","21":"pa_available_on-haked-nl","22":"pa_available_on-payhip","23":"pa_available_on-ravelry","24":"pa_languages-americain","25":"pa_languages-espagnol","26":"pa_languages-francais","27":"pa_languages-neerlandais","29":"first","30":"instock","31":"downloadable","32":"virtual","33":"purchasable","34":"product-type-simple"},"acf":[],"yoast_head":"<!-- This site is optimized with the Yoast SEO plugin v27.3 - https:\/\/yoast.com\/product\/yoast-seo-wordpress\/ -->\n<title>Mod\u00e8le de tricot pour nos gardiens - Craftygenesindonesia<\/title>\n<meta name=\"description\" content=\"Achetez ici mon mod\u00e8le de tricot pour le soldat &quot;For Our Guardians&quot;. Le mod\u00e8le de tricot facile \u00e0 suivre est \u00e9galement disponible sur Etsy, Haked, Ravelry.\" \/>\n<meta name=\"robots\" content=\"index, follow, max-snippet:-1, max-image-preview:large, max-video-preview:-1\" \/>\n<link rel=\"canonical\" href=\"https:\/\/craftygenesindonesia.com\/fr\/shop\/tricot\/pour-nos-gardiens-modele-de-tricot\/\" \/>\n<meta property=\"og:locale\" content=\"fr_FR\" \/>\n<meta property=\"og:type\" content=\"article\" \/>\n<meta property=\"og:title\" content=\"Mod\u00e8le de tricot pour le soldat &quot;For Our Guardians&quot;\" \/>\n<meta property=\"og:description\" content=\"Achetez ici mon mod\u00e8le de tricot pour le soldat &quot;For Our Guardians&quot;. Le mod\u00e8le de tricot facile \u00e0 suivre est \u00e9galement disponible sur Etsy, Haked, Ravelry.\" \/>\n<meta property=\"og:url\" content=\"https:\/\/craftygenesindonesia.com\/fr\/shop\/tricot\/pour-nos-gardiens-modele-de-tricot\/\" \/>\n<meta property=\"og:site_name\" content=\"Craftygenesindonesia\" \/>\n<meta property=\"article:modified_time\" content=\"2025-11-11T04:59:35+00:00\" \/>\n<meta property=\"og:image\" content=\"https:\/\/craftygenesindonesia.com\/wp-content\/uploads\/2022\/11\/For-our-Guardians-1-1.jpg\" \/>\n\t<meta property=\"og:image:width\" content=\"1080\" \/>\n\t<meta property=\"og:image:height\" content=\"1080\" \/>\n\t<meta property=\"og:image:type\" content=\"image\/jpeg\" \/>\n<meta name=\"twitter:card\" content=\"summary_large_image\" \/>\n<meta name=\"twitter:image\" content=\"https:\/\/craftygenesindonesia.com\/wp-content\/uploads\/2022\/11\/image1-18-1024x1024.jpeg\" \/>\n<meta name=\"twitter:label1\" content=\"Dur\u00e9e de lecture estim\u00e9e\" \/>\n\t<meta name=\"twitter:data1\" content=\"2 minutes\" \/>\n<script type=\"application\/ld+json\" class=\"yoast-schema-graph\">{\"@context\":\"https:\\\/\\\/schema.org\",\"@graph\":[{\"@type\":\"WebPage\",\"@id\":\"https:\\\/\\\/craftygenesindonesia.com\\\/fr\\\/shop\\\/tricot\\\/pour-nos-gardiens-modele-de-tricot\\\/\",\"url\":\"https:\\\/\\\/craftygenesindonesia.com\\\/fr\\\/shop\\\/tricot\\\/pour-nos-gardiens-modele-de-tricot\\\/\",\"name\":\"Mod\u00e8le de tricot pour nos gardiens - Craftygenesindonesia\",\"isPartOf\":{\"@id\":\"https:\\\/\\\/craftygenesindonesia.com\\\/fr\\\/#website\"},\"primaryImageOfPage\":{\"@id\":\"https:\\\/\\\/craftygenesindonesia.com\\\/fr\\\/shop\\\/tricot\\\/pour-nos-gardiens-modele-de-tricot\\\/#primaryimage\"},\"image\":{\"@id\":\"https:\\\/\\\/craftygenesindonesia.com\\\/fr\\\/shop\\\/tricot\\\/pour-nos-gardiens-modele-de-tricot\\\/#primaryimage\"},\"thumbnailUrl\":\"https:\\\/\\\/craftygenesindonesia.com\\\/wp-content\\\/uploads\\\/2022\\\/11\\\/For-our-Guardians-1-1.jpg\",\"datePublished\":\"2022-11-18T23:26:42+00:00\",\"dateModified\":\"2025-11-11T04:59:35+00:00\",\"description\":\"Achetez ici mon mod\u00e8le de tricot pour le soldat \\\"For Our Guardians\\\". Le mod\u00e8le de tricot facile \u00e0 suivre est \u00e9galement disponible sur Etsy, Haked, Ravelry.\",\"breadcrumb\":{\"@id\":\"https:\\\/\\\/craftygenesindonesia.com\\\/fr\\\/shop\\\/tricot\\\/pour-nos-gardiens-modele-de-tricot\\\/#breadcrumb\"},\"inLanguage\":\"fr-FR\",\"potentialAction\":[{\"@type\":\"ReadAction\",\"target\":[\"https:\\\/\\\/craftygenesindonesia.com\\\/fr\\\/shop\\\/tricot\\\/pour-nos-gardiens-modele-de-tricot\\\/\"]}]},{\"@type\":\"ImageObject\",\"inLanguage\":\"fr-FR\",\"@id\":\"https:\\\/\\\/craftygenesindonesia.com\\\/fr\\\/shop\\\/tricot\\\/pour-nos-gardiens-modele-de-tricot\\\/#primaryimage\",\"url\":\"https:\\\/\\\/craftygenesindonesia.com\\\/wp-content\\\/uploads\\\/2022\\\/11\\\/For-our-Guardians-1-1.jpg\",\"contentUrl\":\"https:\\\/\\\/craftygenesindonesia.com\\\/wp-content\\\/uploads\\\/2022\\\/11\\\/For-our-Guardians-1-1.jpg\",\"width\":1080,\"height\":1080,\"caption\":\"knitted soldier\"},{\"@type\":\"BreadcrumbList\",\"@id\":\"https:\\\/\\\/craftygenesindonesia.com\\\/fr\\\/shop\\\/tricot\\\/pour-nos-gardiens-modele-de-tricot\\\/#breadcrumb\",\"itemListElement\":[{\"@type\":\"ListItem\",\"position\":1,\"name\":\"Home\",\"item\":\"https:\\\/\\\/craftygenesindonesia.com\\\/fr\\\/\"},{\"@type\":\"ListItem\",\"position\":2,\"name\":\"Boutique de mod\u00e8les\",\"item\":\"https:\\\/\\\/craftygenesindonesia.com\\\/fr\\\/boutique\\\/\"},{\"@type\":\"ListItem\",\"position\":3,\"name\":\"Mod\u00e8le de tricot pour nos gardiens\"}]},{\"@type\":\"WebSite\",\"@id\":\"https:\\\/\\\/craftygenesindonesia.com\\\/fr\\\/#website\",\"url\":\"https:\\\/\\\/craftygenesindonesia.com\\\/fr\\\/\",\"name\":\"Craftygenesindonesia\",\"description\":\"\",\"publisher\":{\"@id\":\"https:\\\/\\\/craftygenesindonesia.com\\\/fr\\\/#organization\"},\"potentialAction\":[{\"@type\":\"SearchAction\",\"target\":{\"@type\":\"EntryPoint\",\"urlTemplate\":\"https:\\\/\\\/craftygenesindonesia.com\\\/fr\\\/?s={search_term_string}\"},\"query-input\":{\"@type\":\"PropertyValueSpecification\",\"valueRequired\":true,\"valueName\":\"search_term_string\"}}],\"inLanguage\":\"fr-FR\"},{\"@type\":\"Organization\",\"@id\":\"https:\\\/\\\/craftygenesindonesia.com\\\/fr\\\/#organization\",\"name\":\"Craftygenesindonesia\",\"url\":\"https:\\\/\\\/craftygenesindonesia.com\\\/fr\\\/\",\"logo\":{\"@type\":\"ImageObject\",\"inLanguage\":\"fr-FR\",\"@id\":\"https:\\\/\\\/craftygenesindonesia.com\\\/fr\\\/#\\\/schema\\\/logo\\\/image\\\/\",\"url\":\"https:\\\/\\\/craftygenesindonesia.com\\\/wp-content\\\/uploads\\\/2025\\\/11\\\/cropped-Copy-of-Craftygenesindonesia.jpg\",\"contentUrl\":\"https:\\\/\\\/craftygenesindonesia.com\\\/wp-content\\\/uploads\\\/2025\\\/11\\\/cropped-Copy-of-Craftygenesindonesia.jpg\",\"width\":180,\"height\":60,\"caption\":\"Craftygenesindonesia\"},\"image\":{\"@id\":\"https:\\\/\\\/craftygenesindonesia.com\\\/fr\\\/#\\\/schema\\\/logo\\\/image\\\/\"}}]}<\/script>\n<!-- \/ Yoast SEO plugin. -->","yoast_head_json":{"title":"Mod\u00e8le de tricot pour nos gardiens - Craftygenesindonesia","description":"Achetez ici mon mod\u00e8le de tricot pour le soldat \"For Our Guardians\". Le mod\u00e8le de tricot facile \u00e0 suivre est \u00e9galement disponible sur Etsy, Haked, Ravelry.","robots":{"index":"index","follow":"follow","max-snippet":"max-snippet:-1","max-image-preview":"max-image-preview:large","max-video-preview":"max-video-preview:-1"},"canonical":"https:\/\/craftygenesindonesia.com\/fr\/shop\/tricot\/pour-nos-gardiens-modele-de-tricot\/","og_locale":"fr_FR","og_type":"article","og_title":"Mod\u00e8le de tricot pour le soldat \"For Our Guardians\"","og_description":"Achetez ici mon mod\u00e8le de tricot pour le soldat \"For Our Guardians\". Le mod\u00e8le de tricot facile \u00e0 suivre est \u00e9galement disponible sur Etsy, Haked, Ravelry.","og_url":"https:\/\/craftygenesindonesia.com\/fr\/shop\/tricot\/pour-nos-gardiens-modele-de-tricot\/","og_site_name":"Craftygenesindonesia","article_modified_time":"2025-11-11T04:59:35+00:00","og_image":[{"width":1080,"height":1080,"url":"https:\/\/craftygenesindonesia.com\/wp-content\/uploads\/2022\/11\/For-our-Guardians-1-1.jpg","type":"image\/jpeg"}],"twitter_card":"summary_large_image","twitter_image":"https:\/\/craftygenesindonesia.com\/wp-content\/uploads\/2022\/11\/image1-18-1024x1024.jpeg","twitter_misc":{"Dur\u00e9e de lecture estim\u00e9e":"2 minutes"},"schema":{"@context":"https:\/\/schema.org","@graph":[{"@type":"WebPage","@id":"https:\/\/craftygenesindonesia.com\/fr\/shop\/tricot\/pour-nos-gardiens-modele-de-tricot\/","url":"https:\/\/craftygenesindonesia.com\/fr\/shop\/tricot\/pour-nos-gardiens-modele-de-tricot\/","name":"Mod\u00e8le de tricot pour nos gardiens - Craftygenesindonesia","isPartOf":{"@id":"https:\/\/craftygenesindonesia.com\/fr\/#website"},"primaryImageOfPage":{"@id":"https:\/\/craftygenesindonesia.com\/fr\/shop\/tricot\/pour-nos-gardiens-modele-de-tricot\/#primaryimage"},"image":{"@id":"https:\/\/craftygenesindonesia.com\/fr\/shop\/tricot\/pour-nos-gardiens-modele-de-tricot\/#primaryimage"},"thumbnailUrl":"https:\/\/craftygenesindonesia.com\/wp-content\/uploads\/2022\/11\/For-our-Guardians-1-1.jpg","datePublished":"2022-11-18T23:26:42+00:00","dateModified":"2025-11-11T04:59:35+00:00","description":"Achetez ici mon mod\u00e8le de tricot pour le soldat \"For Our Guardians\". Le mod\u00e8le de tricot facile \u00e0 suivre est \u00e9galement disponible sur Etsy, Haked, Ravelry.","breadcrumb":{"@id":"https:\/\/craftygenesindonesia.com\/fr\/shop\/tricot\/pour-nos-gardiens-modele-de-tricot\/#breadcrumb"},"inLanguage":"fr-FR","potentialAction":[{"@type":"ReadAction","target":["https:\/\/craftygenesindonesia.com\/fr\/shop\/tricot\/pour-nos-gardiens-modele-de-tricot\/"]}]},{"@type":"ImageObject","inLanguage":"fr-FR","@id":"https:\/\/craftygenesindonesia.com\/fr\/shop\/tricot\/pour-nos-gardiens-modele-de-tricot\/#primaryimage","url":"https:\/\/craftygenesindonesia.com\/wp-content\/uploads\/2022\/11\/For-our-Guardians-1-1.jpg","contentUrl":"https:\/\/craftygenesindonesia.com\/wp-content\/uploads\/2022\/11\/For-our-Guardians-1-1.jpg","width":1080,"height":1080,"caption":"knitted soldier"},{"@type":"BreadcrumbList","@id":"https:\/\/craftygenesindonesia.com\/fr\/shop\/tricot\/pour-nos-gardiens-modele-de-tricot\/#breadcrumb","itemListElement":[{"@type":"ListItem","position":1,"name":"Home","item":"https:\/\/craftygenesindonesia.com\/fr\/"},{"@type":"ListItem","position":2,"name":"Boutique de mod\u00e8les","item":"https:\/\/craftygenesindonesia.com\/fr\/boutique\/"},{"@type":"ListItem","position":3,"name":"Mod\u00e8le de tricot pour nos gardiens"}]},{"@type":"WebSite","@id":"https:\/\/craftygenesindonesia.com\/fr\/#website","url":"https:\/\/craftygenesindonesia.com\/fr\/","name":"Craftygenesindonesia","description":"","publisher":{"@id":"https:\/\/craftygenesindonesia.com\/fr\/#organization"},"potentialAction":[{"@type":"SearchAction","target":{"@type":"EntryPoint","urlTemplate":"https:\/\/craftygenesindonesia.com\/fr\/?s={search_term_string}"},"query-input":{"@type":"PropertyValueSpecification","valueRequired":true,"valueName":"search_term_string"}}],"inLanguage":"fr-FR"},{"@type":"Organization","@id":"https:\/\/craftygenesindonesia.com\/fr\/#organization","name":"Craftygenesindonesia","url":"https:\/\/craftygenesindonesia.com\/fr\/","logo":{"@type":"ImageObject","inLanguage":"fr-FR","@id":"https:\/\/craftygenesindonesia.com\/fr\/#\/schema\/logo\/image\/","url":"https:\/\/craftygenesindonesia.com\/wp-content\/uploads\/2025\/11\/cropped-Copy-of-Craftygenesindonesia.jpg","contentUrl":"https:\/\/craftygenesindonesia.com\/wp-content\/uploads\/2025\/11\/cropped-Copy-of-Craftygenesindonesia.jpg","width":180,"height":60,"caption":"Craftygenesindonesia"},"image":{"@id":"https:\/\/craftygenesindonesia.com\/fr\/#\/schema\/logo\/image\/"}}]}},"_links":{"self":[{"href":"https:\/\/craftygenesindonesia.com\/fr\/wp-json\/wp\/v2\/product\/19525","targetHints":{"allow":["GET"]}}],"collection":[{"href":"https:\/\/craftygenesindonesia.com\/fr\/wp-json\/wp\/v2\/product"}],"about":[{"href":"https:\/\/craftygenesindonesia.com\/fr\/wp-json\/wp\/v2\/types\/product"}],"replies":[{"embeddable":true,"href":"https:\/\/craftygenesindonesia.com\/fr\/wp-json\/wp\/v2\/comments?post=19525"}],"wp:featuredmedia":[{"embeddable":true,"href":"https:\/\/craftygenesindonesia.com\/fr\/wp-json\/wp\/v2\/media\/987520734"}],"wp:attachment":[{"href":"https:\/\/craftygenesindonesia.com\/fr\/wp-json\/wp\/v2\/media?parent=19525"}],"wp:term":[{"taxonomy":"product_brand","embeddable":true,"href":"https:\/\/craftygenesindonesia.com\/fr\/wp-json\/wp\/v2\/product_brand?post=19525"},{"taxonomy":"product_cat","embeddable":true,"href":"https:\/\/craftygenesindonesia.com\/fr\/wp-json\/wp\/v2\/product_cat?post=19525"},{"taxonomy":"product_tag","embeddable":true,"href":"https:\/\/craftygenesindonesia.com\/fr\/wp-json\/wp\/v2\/product_tag?post=19525"}],"curies":[{"name":"wp","href":"https:\/\/api.w.org\/{rel}","templated":true}]}}