{"id":19508,"date":"2022-10-07T06:30:44","date_gmt":"2022-10-06T22:30:44","guid":{"rendered":"https:\/\/craftygenesindonesia.com\/?post_type=product&#038;p=19508"},"modified":"2025-11-11T14:31:08","modified_gmt":"2025-11-11T06:31:08","slug":"la-creche-natal","status":"publish","type":"product","link":"https:\/\/craftygenesindonesia.com\/fr\/shop\/creches\/la-creche-natal\/","title":{"rendered":"La cr\u00e8che Natal"},"content":{"rendered":"<p>Ce set est r\u00e9alis\u00e9 avec un fil de poids \u00ab FINGERING \u00bb adapt\u00e9 \u00e0 l\u2019amigurumi et un crochet de taille 2mm.<\/p>\n<ul>\n<li>La plate-forme avec la toile de fond et l\u2019\u00e9toile mesure 31cm\/12.2inch.<\/li>\n<li>Marie mesure 11cm (en position assise)<\/li>\n<li>Joseph mesure 20 cm.<\/li>\n<\/ul>\n<p>Vous aurez besoin des couleurs suivantes : blanc, blanc cass\u00e9, or m\u00e9tallique, marron et couleur de peau.<\/p>\n<p>Vous aurez \u00e9galement besoin de : rembourrage, marqueurs de points, aiguille \u00e0 tapisserie, ciseaux, crayon, r\u00e8gle, colle, pistolet \u00e0 colle, fil d\u2019aluminium, pince coupante, carton, \u00e9pingles \u00e0 coudre, coton-tige et ruban adh\u00e9sif.<\/p>\n<p>Crochet : 2 mm<\/p>\n<p>Ce mod\u00e8le est un mod\u00e8le \u00e9crit avec de nombreuses photos pour vous aider. Si vous avez des questions, envoyez-moi un message \u00e0 :\u00a0<a href=\"mailto:craftygenesindonesia@gmail.com\">craftygenesindonesia@gmail.com<\/a><\/p>\n<p><strong>-Ce mod\u00e8le est r\u00e9serv\u00e9 \u00e0 un usage personnel et est prot\u00e9g\u00e9 par un COPYRIGHT. Par cons\u00e9quent, le mod\u00e8le ne peut PAS \u00eatre copi\u00e9, vendu, revendu, traduit, revendiqu\u00e9 comme votre mod\u00e8le, distribu\u00e9, partag\u00e9, publi\u00e9, mis en ligne sous quelque forme que ce soit sans ma permission. M\u00eame pas en partie !!!<\/strong><\/p>\n<p><strong>-Vous pouvez vendre le produit fini en petites quantit\u00e9s, mais pas le mod\u00e8le lui-m\u00eame ! Mentionnez que le mod\u00e8le provient de Craftygenesindonesia et o\u00f9 il peut \u00eatre achet\u00e9<\/strong><\/p>\n","protected":false},"excerpt":{"rendered":"<p>Voici un patron facile \u00e0 suivre pour une magnifique cr\u00e8che blanche et dor\u00e9e.\u00a0 Un must absolu pour ceux qui aiment crocheter pour No\u00ebl et pour ceux qui aiment les cr\u00e8ches.<\/p>\n<p>Si vous pr\u00e9f\u00e9rez une grande cr\u00e8che compl\u00e8te avec les 3 rois mages, le berger et les moutons, un chameau, une mangeoire, &#8230;, jetez un coup d&#8217;\u0153il \u00e0 ma <a href=\"https:\/\/craftygenesindonesia.com\/fr\/produit\/la-creche-craftygenesindonesia\/\" target=\"_blank\" rel=\"noopener\">cr\u00e8che Craftygenesindonesia<\/a>.\u00a0 C&#8217;est peut-\u00eatre le mod\u00e8le que vous recherchez.<\/p>\n","protected":false},"featured_media":987520891,"comment_status":"open","ping_status":"closed","template":"","meta":{"_acf_changed":false},"product_brand":[],"product_cat":[3647,3653],"product_tag":[12084,12067,12764,12068,12076,12080,12083,12081,10065,10326,10066,12070,12082,12072,12086],"class_list":{"0":"post-19508","1":"product","2":"type-product","3":"status-publish","4":"has-post-thumbnail","6":"product_cat-creches","7":"product_cat-noel","8":"product_tag-blessed-mary-fr","9":"product_tag-catholic-fr","10":"product_tag-catholic-saint-fr","11":"product_tag-christian-fr","12":"product_tag-christmas-nativity-fr","13":"product_tag-holy-family-fr","14":"product_tag-holy-mary-fr","15":"product_tag-holy-saint-mary-fr","16":"product_tag-jesus-fr","17":"product_tag-joseph-fr","18":"product_tag-mary-fr","19":"product_tag-nativity-set-fr","20":"product_tag-saint-mary-fr","21":"product_tag-star-fr","22":"product_tag-virgin-mary-fr","23":"pa_available_on-craftygenesindonesia","24":"pa_available_on-etsy","25":"pa_available_on-haked-nl","26":"pa_available_on-payhip","27":"pa_available_on-ravelry","28":"pa_languages-allemand","29":"pa_languages-americain","30":"pa_languages-espagnol","31":"pa_languages-francais","32":"pa_languages-italien","33":"pa_languages-neerlandais","34":"pa_languages-portugais","36":"first","37":"instock","38":"downloadable","39":"virtual","40":"purchasable","41":"product-type-simple"},"acf":[],"yoast_head":"<!-- This site is optimized with the Yoast SEO plugin v27.4 - https:\/\/yoast.com\/product\/yoast-seo-wordpress\/ -->\n<title>La cr\u00e8che Natal mod\u00e8le de crochet - Craftygenesindonesia<\/title>\n<meta name=\"description\" content=\"Achetez ici mon mod\u00e8le de crochet de No\u00ebl \u00ab Cr\u00e8che Natale \u00bb. Le mod\u00e8le est \u00e9galement disponible sur Etsy, Haked, Ravelry.\" \/>\n<meta name=\"robots\" content=\"index, follow, max-snippet:-1, max-image-preview:large, max-video-preview:-1\" \/>\n<link rel=\"canonical\" href=\"https:\/\/craftygenesindonesia.com\/fr\/shop\/creches\/la-creche-natal\/\" \/>\n<meta property=\"og:locale\" content=\"fr_FR\" \/>\n<meta property=\"og:type\" content=\"article\" \/>\n<meta property=\"og:title\" content=\"Mod\u00e8le de crochet de No\u00ebl \u00ab Cr\u00e8che Natale \u00bb\" \/>\n<meta property=\"og:description\" content=\"Achetez ici mon mod\u00e8le de crochet de No\u00ebl \u00ab Cr\u00e8che Natale \u00bb. Le mod\u00e8le est \u00e9galement disponible sur Etsy, Haked, Ravelry.\" \/>\n<meta property=\"og:url\" content=\"https:\/\/craftygenesindonesia.com\/fr\/shop\/creches\/la-creche-natal\/\" \/>\n<meta property=\"og:site_name\" content=\"Craftygenesindonesia\" \/>\n<meta property=\"article:modified_time\" content=\"2025-11-11T06:31:08+00:00\" \/>\n<meta property=\"og:image\" content=\"https:\/\/craftygenesindonesia.com\/wp-content\/uploads\/2022\/10\/Natal-1.jpg\" \/>\n\t<meta property=\"og:image:width\" content=\"1080\" \/>\n\t<meta property=\"og:image:height\" content=\"1080\" \/>\n\t<meta property=\"og:image:type\" content=\"image\/jpeg\" \/>\n<meta name=\"twitter:card\" content=\"summary_large_image\" \/>\n<meta name=\"twitter:title\" content=\"la cr\u00e8che Natal\" \/>\n<meta name=\"twitter:description\" content=\"Achetez mon mod\u00e8le de crochet &quot; La cr\u00e8che Natal &quot; ici . Vous trouverez \u00e9galement des liens vers le mod\u00e8le sur Etsy, Haked et Ravelry.\" \/>\n<meta name=\"twitter:image\" content=\"https:\/\/craftygenesindonesia.com\/wp-content\/uploads\/2022\/10\/image0-44-1024x1024.jpeg\" \/>\n<meta name=\"twitter:label1\" content=\"Dur\u00e9e de lecture estim\u00e9e\" \/>\n\t<meta name=\"twitter:data1\" content=\"2 minutes\" \/>\n<script type=\"application\/ld+json\" class=\"yoast-schema-graph\">{\"@context\":\"https:\\\/\\\/schema.org\",\"@graph\":[{\"@type\":\"WebPage\",\"@id\":\"https:\\\/\\\/craftygenesindonesia.com\\\/fr\\\/shop\\\/creches\\\/la-creche-natal\\\/\",\"url\":\"https:\\\/\\\/craftygenesindonesia.com\\\/fr\\\/shop\\\/creches\\\/la-creche-natal\\\/\",\"name\":\"La cr\u00e8che Natal mod\u00e8le de crochet - Craftygenesindonesia\",\"isPartOf\":{\"@id\":\"https:\\\/\\\/craftygenesindonesia.com\\\/fr\\\/#website\"},\"primaryImageOfPage\":{\"@id\":\"https:\\\/\\\/craftygenesindonesia.com\\\/fr\\\/shop\\\/creches\\\/la-creche-natal\\\/#primaryimage\"},\"image\":{\"@id\":\"https:\\\/\\\/craftygenesindonesia.com\\\/fr\\\/shop\\\/creches\\\/la-creche-natal\\\/#primaryimage\"},\"thumbnailUrl\":\"https:\\\/\\\/craftygenesindonesia.com\\\/wp-content\\\/uploads\\\/2022\\\/10\\\/Natal-1.jpg\",\"datePublished\":\"2022-10-06T22:30:44+00:00\",\"dateModified\":\"2025-11-11T06:31:08+00:00\",\"description\":\"Achetez ici mon mod\u00e8le de crochet de No\u00ebl \u00ab Cr\u00e8che Natale \u00bb. Le mod\u00e8le est \u00e9galement disponible sur Etsy, Haked, Ravelry.\",\"breadcrumb\":{\"@id\":\"https:\\\/\\\/craftygenesindonesia.com\\\/fr\\\/shop\\\/creches\\\/la-creche-natal\\\/#breadcrumb\"},\"inLanguage\":\"fr-FR\",\"potentialAction\":[{\"@type\":\"ReadAction\",\"target\":[\"https:\\\/\\\/craftygenesindonesia.com\\\/fr\\\/shop\\\/creches\\\/la-creche-natal\\\/\"]}]},{\"@type\":\"ImageObject\",\"inLanguage\":\"fr-FR\",\"@id\":\"https:\\\/\\\/craftygenesindonesia.com\\\/fr\\\/shop\\\/creches\\\/la-creche-natal\\\/#primaryimage\",\"url\":\"https:\\\/\\\/craftygenesindonesia.com\\\/wp-content\\\/uploads\\\/2022\\\/10\\\/Natal-1.jpg\",\"contentUrl\":\"https:\\\/\\\/craftygenesindonesia.com\\\/wp-content\\\/uploads\\\/2022\\\/10\\\/Natal-1.jpg\",\"width\":1080,\"height\":1080,\"caption\":\"crochet nativity set in white and gold\"},{\"@type\":\"BreadcrumbList\",\"@id\":\"https:\\\/\\\/craftygenesindonesia.com\\\/fr\\\/shop\\\/creches\\\/la-creche-natal\\\/#breadcrumb\",\"itemListElement\":[{\"@type\":\"ListItem\",\"position\":1,\"name\":\"Home\",\"item\":\"https:\\\/\\\/craftygenesindonesia.com\\\/fr\\\/\"},{\"@type\":\"ListItem\",\"position\":2,\"name\":\"Boutique de mod\u00e8les\",\"item\":\"https:\\\/\\\/craftygenesindonesia.com\\\/fr\\\/boutique\\\/\"},{\"@type\":\"ListItem\",\"position\":3,\"name\":\"La cr\u00e8che Natal\"}]},{\"@type\":\"WebSite\",\"@id\":\"https:\\\/\\\/craftygenesindonesia.com\\\/fr\\\/#website\",\"url\":\"https:\\\/\\\/craftygenesindonesia.com\\\/fr\\\/\",\"name\":\"Craftygenesindonesia\",\"description\":\"\",\"publisher\":{\"@id\":\"https:\\\/\\\/craftygenesindonesia.com\\\/fr\\\/#organization\"},\"potentialAction\":[{\"@type\":\"SearchAction\",\"target\":{\"@type\":\"EntryPoint\",\"urlTemplate\":\"https:\\\/\\\/craftygenesindonesia.com\\\/fr\\\/?s={search_term_string}\"},\"query-input\":{\"@type\":\"PropertyValueSpecification\",\"valueRequired\":true,\"valueName\":\"search_term_string\"}}],\"inLanguage\":\"fr-FR\"},{\"@type\":\"Organization\",\"@id\":\"https:\\\/\\\/craftygenesindonesia.com\\\/fr\\\/#organization\",\"name\":\"Craftygenesindonesia\",\"url\":\"https:\\\/\\\/craftygenesindonesia.com\\\/fr\\\/\",\"logo\":{\"@type\":\"ImageObject\",\"inLanguage\":\"fr-FR\",\"@id\":\"https:\\\/\\\/craftygenesindonesia.com\\\/fr\\\/#\\\/schema\\\/logo\\\/image\\\/\",\"url\":\"https:\\\/\\\/craftygenesindonesia.com\\\/wp-content\\\/uploads\\\/2025\\\/11\\\/cropped-Copy-of-Craftygenesindonesia.jpg\",\"contentUrl\":\"https:\\\/\\\/craftygenesindonesia.com\\\/wp-content\\\/uploads\\\/2025\\\/11\\\/cropped-Copy-of-Craftygenesindonesia.jpg\",\"width\":180,\"height\":60,\"caption\":\"Craftygenesindonesia\"},\"image\":{\"@id\":\"https:\\\/\\\/craftygenesindonesia.com\\\/fr\\\/#\\\/schema\\\/logo\\\/image\\\/\"}}]}<\/script>\n<!-- \/ Yoast SEO plugin. -->","yoast_head_json":{"title":"La cr\u00e8che Natal mod\u00e8le de crochet - Craftygenesindonesia","description":"Achetez ici mon mod\u00e8le de crochet de No\u00ebl \u00ab Cr\u00e8che Natale \u00bb. Le mod\u00e8le est \u00e9galement disponible sur Etsy, Haked, Ravelry.","robots":{"index":"index","follow":"follow","max-snippet":"max-snippet:-1","max-image-preview":"max-image-preview:large","max-video-preview":"max-video-preview:-1"},"canonical":"https:\/\/craftygenesindonesia.com\/fr\/shop\/creches\/la-creche-natal\/","og_locale":"fr_FR","og_type":"article","og_title":"Mod\u00e8le de crochet de No\u00ebl \u00ab Cr\u00e8che Natale \u00bb","og_description":"Achetez ici mon mod\u00e8le de crochet de No\u00ebl \u00ab Cr\u00e8che Natale \u00bb. Le mod\u00e8le est \u00e9galement disponible sur Etsy, Haked, Ravelry.","og_url":"https:\/\/craftygenesindonesia.com\/fr\/shop\/creches\/la-creche-natal\/","og_site_name":"Craftygenesindonesia","article_modified_time":"2025-11-11T06:31:08+00:00","og_image":[{"width":1080,"height":1080,"url":"https:\/\/craftygenesindonesia.com\/wp-content\/uploads\/2022\/10\/Natal-1.jpg","type":"image\/jpeg"}],"twitter_card":"summary_large_image","twitter_title":"la cr\u00e8che Natal","twitter_description":"Achetez mon mod\u00e8le de crochet \" La cr\u00e8che Natal \" ici . Vous trouverez \u00e9galement des liens vers le mod\u00e8le sur Etsy, Haked et Ravelry.","twitter_image":"https:\/\/craftygenesindonesia.com\/wp-content\/uploads\/2022\/10\/image0-44-1024x1024.jpeg","twitter_misc":{"Dur\u00e9e de lecture estim\u00e9e":"2 minutes"},"schema":{"@context":"https:\/\/schema.org","@graph":[{"@type":"WebPage","@id":"https:\/\/craftygenesindonesia.com\/fr\/shop\/creches\/la-creche-natal\/","url":"https:\/\/craftygenesindonesia.com\/fr\/shop\/creches\/la-creche-natal\/","name":"La cr\u00e8che Natal mod\u00e8le de crochet - Craftygenesindonesia","isPartOf":{"@id":"https:\/\/craftygenesindonesia.com\/fr\/#website"},"primaryImageOfPage":{"@id":"https:\/\/craftygenesindonesia.com\/fr\/shop\/creches\/la-creche-natal\/#primaryimage"},"image":{"@id":"https:\/\/craftygenesindonesia.com\/fr\/shop\/creches\/la-creche-natal\/#primaryimage"},"thumbnailUrl":"https:\/\/craftygenesindonesia.com\/wp-content\/uploads\/2022\/10\/Natal-1.jpg","datePublished":"2022-10-06T22:30:44+00:00","dateModified":"2025-11-11T06:31:08+00:00","description":"Achetez ici mon mod\u00e8le de crochet de No\u00ebl \u00ab Cr\u00e8che Natale \u00bb. Le mod\u00e8le est \u00e9galement disponible sur Etsy, Haked, Ravelry.","breadcrumb":{"@id":"https:\/\/craftygenesindonesia.com\/fr\/shop\/creches\/la-creche-natal\/#breadcrumb"},"inLanguage":"fr-FR","potentialAction":[{"@type":"ReadAction","target":["https:\/\/craftygenesindonesia.com\/fr\/shop\/creches\/la-creche-natal\/"]}]},{"@type":"ImageObject","inLanguage":"fr-FR","@id":"https:\/\/craftygenesindonesia.com\/fr\/shop\/creches\/la-creche-natal\/#primaryimage","url":"https:\/\/craftygenesindonesia.com\/wp-content\/uploads\/2022\/10\/Natal-1.jpg","contentUrl":"https:\/\/craftygenesindonesia.com\/wp-content\/uploads\/2022\/10\/Natal-1.jpg","width":1080,"height":1080,"caption":"crochet nativity set in white and gold"},{"@type":"BreadcrumbList","@id":"https:\/\/craftygenesindonesia.com\/fr\/shop\/creches\/la-creche-natal\/#breadcrumb","itemListElement":[{"@type":"ListItem","position":1,"name":"Home","item":"https:\/\/craftygenesindonesia.com\/fr\/"},{"@type":"ListItem","position":2,"name":"Boutique de mod\u00e8les","item":"https:\/\/craftygenesindonesia.com\/fr\/boutique\/"},{"@type":"ListItem","position":3,"name":"La cr\u00e8che Natal"}]},{"@type":"WebSite","@id":"https:\/\/craftygenesindonesia.com\/fr\/#website","url":"https:\/\/craftygenesindonesia.com\/fr\/","name":"Craftygenesindonesia","description":"","publisher":{"@id":"https:\/\/craftygenesindonesia.com\/fr\/#organization"},"potentialAction":[{"@type":"SearchAction","target":{"@type":"EntryPoint","urlTemplate":"https:\/\/craftygenesindonesia.com\/fr\/?s={search_term_string}"},"query-input":{"@type":"PropertyValueSpecification","valueRequired":true,"valueName":"search_term_string"}}],"inLanguage":"fr-FR"},{"@type":"Organization","@id":"https:\/\/craftygenesindonesia.com\/fr\/#organization","name":"Craftygenesindonesia","url":"https:\/\/craftygenesindonesia.com\/fr\/","logo":{"@type":"ImageObject","inLanguage":"fr-FR","@id":"https:\/\/craftygenesindonesia.com\/fr\/#\/schema\/logo\/image\/","url":"https:\/\/craftygenesindonesia.com\/wp-content\/uploads\/2025\/11\/cropped-Copy-of-Craftygenesindonesia.jpg","contentUrl":"https:\/\/craftygenesindonesia.com\/wp-content\/uploads\/2025\/11\/cropped-Copy-of-Craftygenesindonesia.jpg","width":180,"height":60,"caption":"Craftygenesindonesia"},"image":{"@id":"https:\/\/craftygenesindonesia.com\/fr\/#\/schema\/logo\/image\/"}}]}},"_links":{"self":[{"href":"https:\/\/craftygenesindonesia.com\/fr\/wp-json\/wp\/v2\/product\/19508","targetHints":{"allow":["GET"]}}],"collection":[{"href":"https:\/\/craftygenesindonesia.com\/fr\/wp-json\/wp\/v2\/product"}],"about":[{"href":"https:\/\/craftygenesindonesia.com\/fr\/wp-json\/wp\/v2\/types\/product"}],"replies":[{"embeddable":true,"href":"https:\/\/craftygenesindonesia.com\/fr\/wp-json\/wp\/v2\/comments?post=19508"}],"wp:featuredmedia":[{"embeddable":true,"href":"https:\/\/craftygenesindonesia.com\/fr\/wp-json\/wp\/v2\/media\/987520891"}],"wp:attachment":[{"href":"https:\/\/craftygenesindonesia.com\/fr\/wp-json\/wp\/v2\/media?parent=19508"}],"wp:term":[{"taxonomy":"product_brand","embeddable":true,"href":"https:\/\/craftygenesindonesia.com\/fr\/wp-json\/wp\/v2\/product_brand?post=19508"},{"taxonomy":"product_cat","embeddable":true,"href":"https:\/\/craftygenesindonesia.com\/fr\/wp-json\/wp\/v2\/product_cat?post=19508"},{"taxonomy":"product_tag","embeddable":true,"href":"https:\/\/craftygenesindonesia.com\/fr\/wp-json\/wp\/v2\/product_tag?post=19508"}],"curies":[{"name":"wp","href":"https:\/\/api.w.org\/{rel}","templated":true}]}}