{"id":19475,"date":"2022-09-02T16:21:36","date_gmt":"2022-09-02T08:21:36","guid":{"rendered":"https:\/\/craftygenesindonesia.com\/?post_type=product&#038;p=19475"},"modified":"2025-11-11T19:01:39","modified_gmt":"2025-11-11T11:01:39","slug":"la-poupee-marie-louise","status":"publish","type":"product","link":"https:\/\/craftygenesindonesia.com\/fr\/shop\/poupees-pour-enfants\/la-poupee-marie-louise\/","title":{"rendered":"La poup\u00e9e Marie Louise"},"content":{"rendered":"<p>Taille : Cette belle poup\u00e9e mesure environ 35cm\/13.8 \u00bb.<\/p>\n<p>Fil : elle est r\u00e9alis\u00e9e avec un fil de poids \u00ab FINGERING \u00bb adapt\u00e9 aux amigurumi et un crochet de 2mm.<\/p>\n<p>Vous aurez besoin des couleurs suivantes : marron, fuchsia, jaune, couleur chair, bleu clair et une m\u00e8che de blanc et de noir.<br \/>\nVous aurez \u00e9galement besoin de : rembourrage &#8211; marqueurs de point &#8211; aiguille \u00e0 tapisserie &#8211; ciseaux &#8211; \u00e9pingles \u00e0 coudre &#8211; 2 yeux de s\u00e9curit\u00e9 noirs de 12 mm &#8211; 4 jeux de boutons pression (transparents si possible) &#8211; coton-tige.<\/p>\n<p>Crochet : taille 2mm<\/p>\n<p>Ce mod\u00e8le est un mod\u00e8le \u00e9crit avec de nombreuses photos pour vous aider. Si vous avez des questions, envoyez-moi un message \u00e0 :\u00a0<a href=\"mailto:craftygenesindonesia@gmail.com\">craftygenesindonesia@gmail.com<\/a><\/p>\n<p><strong>-Ce mod\u00e8le est r\u00e9serv\u00e9 \u00e0 un usage personnel et est prot\u00e9g\u00e9 par un COPYRIGHT. Par cons\u00e9quent, le mod\u00e8le ne peut PAS \u00eatre copi\u00e9, vendu, revendu, traduit, revendiqu\u00e9 comme votre mod\u00e8le, distribu\u00e9, partag\u00e9, publi\u00e9, mis en ligne sous quelque forme que ce soit sans ma permission. M\u00eame pas en partie !!!<\/strong><\/p>\n<p><strong>-Vous pouvez vendre le produit fini en petites quantit\u00e9s, MAIS PAS LE MODELE EN LUI-M\u00caME ! Mentionnez que le mod\u00e8le provient de Craftygenesindonesia et o\u00f9 il peut \u00eatre achet\u00e9<\/strong><\/p>\n","protected":false},"excerpt":{"rendered":"<p>Voici un patron de crochet facile \u00e0 suivre pour une magnifique poup\u00e9e habill\u00e9e.\u00a0 Elle fera un cadeau absolument merveilleux pour tout enfant qui aime les poup\u00e9es.<\/p>\n<p><a href=\"https:\/\/craftygenesindonesia.com\/fr\/contact\/\" target=\"_blank\" rel=\"noopener\">Contactez-moi ici<\/a> pour demander le patron gratuit de la robe d&#8217;Halloween\/du maillot de bain de Marie Louise.<\/p>\n<div id=\"attachment_20377\" style=\"width: 310px\" class=\"wp-caption alignnone\"><a href=\"https:\/\/craftygenesindonesia.com\/wp-content\/uploads\/2022\/09\/Untitled-design-33-300x300.jpg\"><img decoding=\"async\" aria-describedby=\"caption-attachment-20377\" class=\"size-medium wp-image-20377 lazyload\" data-src=\"https:\/\/craftygenesindonesia.com\/wp-content\/uploads\/2022\/09\/Untitled-design-33-300x300.jpg\" alt=\"crochet doll in bathing suit\" width=\"300\" height=\"300\" data-srcset=\"https:\/\/craftygenesindonesia.com\/wp-content\/uploads\/2022\/09\/Untitled-design-33-300x300.jpg 300w, https:\/\/craftygenesindonesia.com\/wp-content\/uploads\/2022\/09\/Untitled-design-33-150x150.jpg 150w, https:\/\/craftygenesindonesia.com\/wp-content\/uploads\/2022\/09\/Untitled-design-33-768x768.jpg 768w, https:\/\/craftygenesindonesia.com\/wp-content\/uploads\/2022\/09\/Untitled-design-33-600x600.jpg 600w, https:\/\/craftygenesindonesia.com\/wp-content\/uploads\/2022\/09\/Untitled-design-33-100x100.jpg 100w, https:\/\/craftygenesindonesia.com\/wp-content\/uploads\/2022\/09\/Untitled-design-33.jpg 1024w\" data-sizes=\"(max-width: 300px) 100vw, 300px\" src=\"data:image\/svg+xml;base64,PHN2ZyB3aWR0aD0iMSIgaGVpZ2h0PSIxIiB4bWxucz0iaHR0cDovL3d3dy53My5vcmcvMjAwMC9zdmciPjwvc3ZnPg==\" style=\"--smush-placeholder-width: 300px; --smush-placeholder-aspect-ratio: 300\/300;\" \/><\/a><p id=\"caption-attachment-20377\" class=\"wp-caption-text\">Maillot de bain Marie Louise<\/p><\/div>\n<div id=\"attachment_20418\" style=\"width: 310px\" class=\"wp-caption alignnone\"><a href=\"https:\/\/craftygenesindonesia.com\/wp-content\/uploads\/2022\/09\/Untitled-design-45-300x300.jpg\"><img decoding=\"async\" aria-describedby=\"caption-attachment-20418\" class=\"size-medium wp-image-20418 lazyload\" data-src=\"https:\/\/craftygenesindonesia.com\/wp-content\/uploads\/2022\/09\/Untitled-design-45-300x300.jpg\" alt=\"crochet doll\" width=\"300\" height=\"300\" data-srcset=\"https:\/\/craftygenesindonesia.com\/wp-content\/uploads\/2022\/09\/Untitled-design-45-300x300.jpg 300w, https:\/\/craftygenesindonesia.com\/wp-content\/uploads\/2022\/09\/Untitled-design-45-150x150.jpg 150w, https:\/\/craftygenesindonesia.com\/wp-content\/uploads\/2022\/09\/Untitled-design-45-768x768.jpg 768w, https:\/\/craftygenesindonesia.com\/wp-content\/uploads\/2022\/09\/Untitled-design-45-600x600.jpg 600w, https:\/\/craftygenesindonesia.com\/wp-content\/uploads\/2022\/09\/Untitled-design-45-100x100.jpg 100w, https:\/\/craftygenesindonesia.com\/wp-content\/uploads\/2022\/09\/Untitled-design-45.jpg 1024w\" data-sizes=\"(max-width: 300px) 100vw, 300px\" src=\"data:image\/svg+xml;base64,PHN2ZyB3aWR0aD0iMSIgaGVpZ2h0PSIxIiB4bWxucz0iaHR0cDovL3d3dy53My5vcmcvMjAwMC9zdmciPjwvc3ZnPg==\" style=\"--smush-placeholder-width: 300px; --smush-placeholder-aspect-ratio: 300\/300;\" \/><\/a><p id=\"caption-attachment-20418\" class=\"wp-caption-text\">Marie Louise Halloween<\/p><\/div>\n","protected":false},"featured_media":987525791,"comment_status":"open","ping_status":"closed","template":"","meta":{"_acf_changed":false},"product_brand":[],"product_cat":[3663],"product_tag":[10917,11518,11070,10701,11411,11090,11041,11093,11278,10852,11641],"class_list":{"0":"post-19475","1":"product","2":"type-product","3":"status-publish","4":"has-post-thumbnail","6":"product_cat-poupees-pour-enfants","7":"product_tag-arc","8":"product_tag-chaussures-fr","9":"product_tag-cheveux-frises","10":"product_tag-marie-louise-fr","11":"product_tag-pantalon-fr","12":"product_tag-poupee-fr","13":"product_tag-poupee-au-crochet","14":"product_tag-poupee-habillee-fr","15":"product_tag-poupees-pour-enfants","16":"product_tag-sac-a-dos-fr","17":"product_tag-sommet","18":"pa_available_on-craftygenesindonesia","19":"pa_available_on-etsy","20":"pa_available_on-haked-nl","21":"pa_available_on-payhip","22":"pa_available_on-ravelry","23":"pa_languages-allemand","24":"pa_languages-americain","25":"pa_languages-espagnol","26":"pa_languages-francais","27":"pa_languages-neerlandais","29":"first","30":"instock","31":"downloadable","32":"virtual","33":"purchasable","34":"product-type-simple"},"acf":[],"yoast_head":"<!-- This site is optimized with the Yoast SEO plugin v27.3 - https:\/\/yoast.com\/product\/yoast-seo-wordpress\/ -->\n<title>La poup\u00e9e Marie Louise mod\u00e8le de crochet - Craftygenesindonesia<\/title>\n<meta name=\"description\" content=\"Achetez mon mod\u00e8le de crochet &quot; La poup\u00e9e Marie Louise &quot; ici. Le mod\u00e8le de crochet est \u00e9galement disponible sur Haked.nl, Etsy, Ravelry, Payhip\" \/>\n<meta name=\"robots\" content=\"index, follow, max-snippet:-1, max-image-preview:large, max-video-preview:-1\" \/>\n<link rel=\"canonical\" href=\"https:\/\/craftygenesindonesia.com\/fr\/shop\/poupees-pour-enfants\/la-poupee-marie-louise\/\" \/>\n<meta property=\"og:locale\" content=\"fr_FR\" \/>\n<meta property=\"og:type\" content=\"article\" \/>\n<meta property=\"og:title\" content=\"La poup\u00e9e Marie Louise - mod\u00e8le de crochet\" \/>\n<meta property=\"og:description\" content=\"Achetez mon mod\u00e8le de crochet &quot; La poup\u00e9e Marie Louise &quot; ici. Le mod\u00e8le de crochet est \u00e9galement disponible sur Haked.nl, Etsy, Ravelry, Payhip\" \/>\n<meta property=\"og:url\" content=\"https:\/\/craftygenesindonesia.com\/fr\/shop\/poupees-pour-enfants\/la-poupee-marie-louise\/\" \/>\n<meta property=\"og:site_name\" content=\"Craftygenesindonesia\" \/>\n<meta property=\"article:modified_time\" content=\"2025-11-11T11:01:39+00:00\" \/>\n<meta property=\"og:image\" content=\"https:\/\/craftygenesindonesia.com\/wp-content\/uploads\/2022\/09\/Marie-Louise-1.jpg\" \/>\n\t<meta property=\"og:image:width\" content=\"1080\" \/>\n\t<meta property=\"og:image:height\" content=\"1080\" \/>\n\t<meta property=\"og:image:type\" content=\"image\/jpeg\" \/>\n<meta name=\"twitter:card\" content=\"summary_large_image\" \/>\n<meta name=\"twitter:label1\" content=\"Dur\u00e9e de lecture estim\u00e9e\" \/>\n\t<meta name=\"twitter:data1\" content=\"1 minute\" \/>\n<script type=\"application\/ld+json\" class=\"yoast-schema-graph\">{\"@context\":\"https:\\\/\\\/schema.org\",\"@graph\":[{\"@type\":\"WebPage\",\"@id\":\"https:\\\/\\\/craftygenesindonesia.com\\\/fr\\\/shop\\\/poupees-pour-enfants\\\/la-poupee-marie-louise\\\/\",\"url\":\"https:\\\/\\\/craftygenesindonesia.com\\\/fr\\\/shop\\\/poupees-pour-enfants\\\/la-poupee-marie-louise\\\/\",\"name\":\"La poup\u00e9e Marie Louise mod\u00e8le de crochet - Craftygenesindonesia\",\"isPartOf\":{\"@id\":\"https:\\\/\\\/craftygenesindonesia.com\\\/fr\\\/#website\"},\"primaryImageOfPage\":{\"@id\":\"https:\\\/\\\/craftygenesindonesia.com\\\/fr\\\/shop\\\/poupees-pour-enfants\\\/la-poupee-marie-louise\\\/#primaryimage\"},\"image\":{\"@id\":\"https:\\\/\\\/craftygenesindonesia.com\\\/fr\\\/shop\\\/poupees-pour-enfants\\\/la-poupee-marie-louise\\\/#primaryimage\"},\"thumbnailUrl\":\"https:\\\/\\\/craftygenesindonesia.com\\\/wp-content\\\/uploads\\\/2022\\\/09\\\/Marie-Louise-1.jpg\",\"datePublished\":\"2022-09-02T08:21:36+00:00\",\"dateModified\":\"2025-11-11T11:01:39+00:00\",\"description\":\"Achetez mon mod\u00e8le de crochet \\\" La poup\u00e9e Marie Louise \\\" ici. Le mod\u00e8le de crochet est \u00e9galement disponible sur Haked.nl, Etsy, Ravelry, Payhip\",\"breadcrumb\":{\"@id\":\"https:\\\/\\\/craftygenesindonesia.com\\\/fr\\\/shop\\\/poupees-pour-enfants\\\/la-poupee-marie-louise\\\/#breadcrumb\"},\"inLanguage\":\"fr-FR\",\"potentialAction\":[{\"@type\":\"ReadAction\",\"target\":[\"https:\\\/\\\/craftygenesindonesia.com\\\/fr\\\/shop\\\/poupees-pour-enfants\\\/la-poupee-marie-louise\\\/\"]}]},{\"@type\":\"ImageObject\",\"inLanguage\":\"fr-FR\",\"@id\":\"https:\\\/\\\/craftygenesindonesia.com\\\/fr\\\/shop\\\/poupees-pour-enfants\\\/la-poupee-marie-louise\\\/#primaryimage\",\"url\":\"https:\\\/\\\/craftygenesindonesia.com\\\/wp-content\\\/uploads\\\/2022\\\/09\\\/Marie-Louise-1.jpg\",\"contentUrl\":\"https:\\\/\\\/craftygenesindonesia.com\\\/wp-content\\\/uploads\\\/2022\\\/09\\\/Marie-Louise-1.jpg\",\"width\":1080,\"height\":1080,\"caption\":\"crochet dress-up doll\"},{\"@type\":\"BreadcrumbList\",\"@id\":\"https:\\\/\\\/craftygenesindonesia.com\\\/fr\\\/shop\\\/poupees-pour-enfants\\\/la-poupee-marie-louise\\\/#breadcrumb\",\"itemListElement\":[{\"@type\":\"ListItem\",\"position\":1,\"name\":\"Home\",\"item\":\"https:\\\/\\\/craftygenesindonesia.com\\\/fr\\\/\"},{\"@type\":\"ListItem\",\"position\":2,\"name\":\"Boutique de mod\u00e8les\",\"item\":\"https:\\\/\\\/craftygenesindonesia.com\\\/fr\\\/boutique\\\/\"},{\"@type\":\"ListItem\",\"position\":3,\"name\":\"La poup\u00e9e Marie Louise\"}]},{\"@type\":\"WebSite\",\"@id\":\"https:\\\/\\\/craftygenesindonesia.com\\\/fr\\\/#website\",\"url\":\"https:\\\/\\\/craftygenesindonesia.com\\\/fr\\\/\",\"name\":\"Craftygenesindonesia\",\"description\":\"\",\"publisher\":{\"@id\":\"https:\\\/\\\/craftygenesindonesia.com\\\/fr\\\/#organization\"},\"potentialAction\":[{\"@type\":\"SearchAction\",\"target\":{\"@type\":\"EntryPoint\",\"urlTemplate\":\"https:\\\/\\\/craftygenesindonesia.com\\\/fr\\\/?s={search_term_string}\"},\"query-input\":{\"@type\":\"PropertyValueSpecification\",\"valueRequired\":true,\"valueName\":\"search_term_string\"}}],\"inLanguage\":\"fr-FR\"},{\"@type\":\"Organization\",\"@id\":\"https:\\\/\\\/craftygenesindonesia.com\\\/fr\\\/#organization\",\"name\":\"Craftygenesindonesia\",\"url\":\"https:\\\/\\\/craftygenesindonesia.com\\\/fr\\\/\",\"logo\":{\"@type\":\"ImageObject\",\"inLanguage\":\"fr-FR\",\"@id\":\"https:\\\/\\\/craftygenesindonesia.com\\\/fr\\\/#\\\/schema\\\/logo\\\/image\\\/\",\"url\":\"https:\\\/\\\/craftygenesindonesia.com\\\/wp-content\\\/uploads\\\/2025\\\/11\\\/cropped-Copy-of-Craftygenesindonesia.jpg\",\"contentUrl\":\"https:\\\/\\\/craftygenesindonesia.com\\\/wp-content\\\/uploads\\\/2025\\\/11\\\/cropped-Copy-of-Craftygenesindonesia.jpg\",\"width\":180,\"height\":60,\"caption\":\"Craftygenesindonesia\"},\"image\":{\"@id\":\"https:\\\/\\\/craftygenesindonesia.com\\\/fr\\\/#\\\/schema\\\/logo\\\/image\\\/\"}}]}<\/script>\n<!-- \/ Yoast SEO plugin. -->","yoast_head_json":{"title":"La poup\u00e9e Marie Louise mod\u00e8le de crochet - Craftygenesindonesia","description":"Achetez mon mod\u00e8le de crochet \" La poup\u00e9e Marie Louise \" ici. Le mod\u00e8le de crochet est \u00e9galement disponible sur Haked.nl, Etsy, Ravelry, Payhip","robots":{"index":"index","follow":"follow","max-snippet":"max-snippet:-1","max-image-preview":"max-image-preview:large","max-video-preview":"max-video-preview:-1"},"canonical":"https:\/\/craftygenesindonesia.com\/fr\/shop\/poupees-pour-enfants\/la-poupee-marie-louise\/","og_locale":"fr_FR","og_type":"article","og_title":"La poup\u00e9e Marie Louise - mod\u00e8le de crochet","og_description":"Achetez mon mod\u00e8le de crochet \" La poup\u00e9e Marie Louise \" ici. Le mod\u00e8le de crochet est \u00e9galement disponible sur Haked.nl, Etsy, Ravelry, Payhip","og_url":"https:\/\/craftygenesindonesia.com\/fr\/shop\/poupees-pour-enfants\/la-poupee-marie-louise\/","og_site_name":"Craftygenesindonesia","article_modified_time":"2025-11-11T11:01:39+00:00","og_image":[{"width":1080,"height":1080,"url":"https:\/\/craftygenesindonesia.com\/wp-content\/uploads\/2022\/09\/Marie-Louise-1.jpg","type":"image\/jpeg"}],"twitter_card":"summary_large_image","twitter_misc":{"Dur\u00e9e de lecture estim\u00e9e":"1 minute"},"schema":{"@context":"https:\/\/schema.org","@graph":[{"@type":"WebPage","@id":"https:\/\/craftygenesindonesia.com\/fr\/shop\/poupees-pour-enfants\/la-poupee-marie-louise\/","url":"https:\/\/craftygenesindonesia.com\/fr\/shop\/poupees-pour-enfants\/la-poupee-marie-louise\/","name":"La poup\u00e9e Marie Louise mod\u00e8le de crochet - Craftygenesindonesia","isPartOf":{"@id":"https:\/\/craftygenesindonesia.com\/fr\/#website"},"primaryImageOfPage":{"@id":"https:\/\/craftygenesindonesia.com\/fr\/shop\/poupees-pour-enfants\/la-poupee-marie-louise\/#primaryimage"},"image":{"@id":"https:\/\/craftygenesindonesia.com\/fr\/shop\/poupees-pour-enfants\/la-poupee-marie-louise\/#primaryimage"},"thumbnailUrl":"https:\/\/craftygenesindonesia.com\/wp-content\/uploads\/2022\/09\/Marie-Louise-1.jpg","datePublished":"2022-09-02T08:21:36+00:00","dateModified":"2025-11-11T11:01:39+00:00","description":"Achetez mon mod\u00e8le de crochet \" La poup\u00e9e Marie Louise \" ici. Le mod\u00e8le de crochet est \u00e9galement disponible sur Haked.nl, Etsy, Ravelry, Payhip","breadcrumb":{"@id":"https:\/\/craftygenesindonesia.com\/fr\/shop\/poupees-pour-enfants\/la-poupee-marie-louise\/#breadcrumb"},"inLanguage":"fr-FR","potentialAction":[{"@type":"ReadAction","target":["https:\/\/craftygenesindonesia.com\/fr\/shop\/poupees-pour-enfants\/la-poupee-marie-louise\/"]}]},{"@type":"ImageObject","inLanguage":"fr-FR","@id":"https:\/\/craftygenesindonesia.com\/fr\/shop\/poupees-pour-enfants\/la-poupee-marie-louise\/#primaryimage","url":"https:\/\/craftygenesindonesia.com\/wp-content\/uploads\/2022\/09\/Marie-Louise-1.jpg","contentUrl":"https:\/\/craftygenesindonesia.com\/wp-content\/uploads\/2022\/09\/Marie-Louise-1.jpg","width":1080,"height":1080,"caption":"crochet dress-up doll"},{"@type":"BreadcrumbList","@id":"https:\/\/craftygenesindonesia.com\/fr\/shop\/poupees-pour-enfants\/la-poupee-marie-louise\/#breadcrumb","itemListElement":[{"@type":"ListItem","position":1,"name":"Home","item":"https:\/\/craftygenesindonesia.com\/fr\/"},{"@type":"ListItem","position":2,"name":"Boutique de mod\u00e8les","item":"https:\/\/craftygenesindonesia.com\/fr\/boutique\/"},{"@type":"ListItem","position":3,"name":"La poup\u00e9e Marie Louise"}]},{"@type":"WebSite","@id":"https:\/\/craftygenesindonesia.com\/fr\/#website","url":"https:\/\/craftygenesindonesia.com\/fr\/","name":"Craftygenesindonesia","description":"","publisher":{"@id":"https:\/\/craftygenesindonesia.com\/fr\/#organization"},"potentialAction":[{"@type":"SearchAction","target":{"@type":"EntryPoint","urlTemplate":"https:\/\/craftygenesindonesia.com\/fr\/?s={search_term_string}"},"query-input":{"@type":"PropertyValueSpecification","valueRequired":true,"valueName":"search_term_string"}}],"inLanguage":"fr-FR"},{"@type":"Organization","@id":"https:\/\/craftygenesindonesia.com\/fr\/#organization","name":"Craftygenesindonesia","url":"https:\/\/craftygenesindonesia.com\/fr\/","logo":{"@type":"ImageObject","inLanguage":"fr-FR","@id":"https:\/\/craftygenesindonesia.com\/fr\/#\/schema\/logo\/image\/","url":"https:\/\/craftygenesindonesia.com\/wp-content\/uploads\/2025\/11\/cropped-Copy-of-Craftygenesindonesia.jpg","contentUrl":"https:\/\/craftygenesindonesia.com\/wp-content\/uploads\/2025\/11\/cropped-Copy-of-Craftygenesindonesia.jpg","width":180,"height":60,"caption":"Craftygenesindonesia"},"image":{"@id":"https:\/\/craftygenesindonesia.com\/fr\/#\/schema\/logo\/image\/"}}]}},"_links":{"self":[{"href":"https:\/\/craftygenesindonesia.com\/fr\/wp-json\/wp\/v2\/product\/19475","targetHints":{"allow":["GET"]}}],"collection":[{"href":"https:\/\/craftygenesindonesia.com\/fr\/wp-json\/wp\/v2\/product"}],"about":[{"href":"https:\/\/craftygenesindonesia.com\/fr\/wp-json\/wp\/v2\/types\/product"}],"replies":[{"embeddable":true,"href":"https:\/\/craftygenesindonesia.com\/fr\/wp-json\/wp\/v2\/comments?post=19475"}],"wp:featuredmedia":[{"embeddable":true,"href":"https:\/\/craftygenesindonesia.com\/fr\/wp-json\/wp\/v2\/media\/987525791"}],"wp:attachment":[{"href":"https:\/\/craftygenesindonesia.com\/fr\/wp-json\/wp\/v2\/media?parent=19475"}],"wp:term":[{"taxonomy":"product_brand","embeddable":true,"href":"https:\/\/craftygenesindonesia.com\/fr\/wp-json\/wp\/v2\/product_brand?post=19475"},{"taxonomy":"product_cat","embeddable":true,"href":"https:\/\/craftygenesindonesia.com\/fr\/wp-json\/wp\/v2\/product_cat?post=19475"},{"taxonomy":"product_tag","embeddable":true,"href":"https:\/\/craftygenesindonesia.com\/fr\/wp-json\/wp\/v2\/product_tag?post=19475"}],"curies":[{"name":"wp","href":"https:\/\/api.w.org\/{rel}","templated":true}]}}