{"id":19439,"date":"2022-06-28T21:29:12","date_gmt":"2022-06-28T13:29:12","guid":{"rendered":"https:\/\/craftygenesindonesia.com\/?post_type=product&#038;p=19439"},"modified":"2025-11-11T19:38:38","modified_gmt":"2025-11-11T11:38:38","slug":"lamour-dun-pere","status":"publish","type":"product","link":"https:\/\/craftygenesindonesia.com\/fr\/shop\/amour\/lamour-dun-pere\/","title":{"rendered":"L&#8217;amour d&#8217;un p\u00e8re"},"content":{"rendered":"<p>Taille : L\u2019ensemble mesure environ 18.5cm\/ 7.2\u201d de haut.<\/p>\n<p>Fil : J\u2019ai r\u00e9alis\u00e9 l\u2019ensemble avec un fil de poids \u201cFINGERING\u201d adapt\u00e9 aux amigurumi et un crochet de taille 2mm.<\/p>\n<p>Vous aurez besoin des couleurs suivantes : beige, marron fonc\u00e9, vert fonc\u00e9, gris, vert, couleur chair, bleu clair, vert menthe, blanc et noir. Les quantit\u00e9s n\u00e9cessaires de chaque couleur sont indiqu\u00e9es \u00e0 la page 1 du patron.<\/p>\n<p>Crochet : taille 2mm<\/p>\n<p>Ce mod\u00e8le est un mod\u00e8le \u00e9crit avec de nombreuses photos pour vous aider. Si vous avez encore des questions, envoyez-moi un message \u00e0 :\u00a0<a href=\"mailto:craftygenesindonesia@gmail.com\">craftygenesindonesia@gmail.com<\/a><\/p>\n<p><strong>-Ce mod\u00e8le est destin\u00e9 \u00e0 un usage personnel uniquement et il est prot\u00e9g\u00e9 par un COPYRIGHT. Le mod\u00e8le ne peut donc PAS \u00eatre copi\u00e9, vendu, revendu, traduit, revendiqu\u00e9 comme votre mod\u00e8le, distribu\u00e9, partag\u00e9, publi\u00e9, mis en ligne\u2026 sous quelque forme que ce soit sans mon consentement. M\u00eame pas en partie !!!<\/strong><\/p>\n<p><strong>-Vous pouvez vendre l\u2019article fini en petites quantit\u00e9s MAIS PAS LE MODELE EN LUI-M\u00caME ! Veuillez mentionner que le mod\u00e8le est de Craftygenesindonesia et o\u00f9 il peut \u00eatre achet\u00e9<\/strong><\/p>\n","protected":false},"excerpt":{"rendered":"<p>Il s&#8217;agit d&#8217;un mod\u00e8le de crochet facile \u00e0 suivre repr\u00e9sentant un p\u00e8re et son enfant sur un banc.\u00a0 Il ferait un merveilleux cadeau pour la f\u00eate des p\u00e8res !<\/p>\n","protected":false},"featured_media":987520054,"comment_status":"open","ping_status":"closed","template":"","meta":{"_acf_changed":false},"product_brand":[],"product_cat":[3639,3669,3655],"product_tag":[11344,9766,10556,10897,10986,11119,10675,10591,9765,11072,11144],"class_list":{"0":"post-19439","1":"product","2":"type-product","3":"status-publish","4":"has-post-thumbnail","6":"product_cat-amour","7":"product_cat-memorial","8":"product_cat-mesdames-et-messieurs","9":"product_tag-amour-fr","10":"product_tag-baby-fr","11":"product_tag-banc-fr","12":"product_tag-couverture-fr","13":"product_tag-enfant-fr","14":"product_tag-famille-fr","15":"product_tag-fete-des-peres","16":"product_tag-lamour-dun-pere","17":"product_tag-memorial-fr","18":"product_tag-papa-fr","19":"product_tag-pere-fr","20":"pa_available_on-craftygenesindonesia","21":"pa_available_on-etsy","22":"pa_available_on-haked-nl","23":"pa_available_on-payhip","24":"pa_available_on-ravelry","25":"pa_languages-americain","26":"pa_languages-espagnol","27":"pa_languages-francais","28":"pa_languages-neerlandais","30":"first","31":"instock","32":"downloadable","33":"virtual","34":"purchasable","35":"product-type-simple"},"acf":[],"yoast_head":"<!-- This site is optimized with the Yoast SEO plugin v27.3 - https:\/\/yoast.com\/product\/yoast-seo-wordpress\/ -->\n<title>L&#039;amour d&#039;un p\u00e8re mod\u00e8le de crochet - Craftygenesindonesia<\/title>\n<meta name=\"description\" content=\"Achetez mon mod\u00e8le de crochet &quot; Un amour de p\u00e8re &quot; ici. Vous trouverez \u00e9galement des liens vers ce mod\u00e8le sur Haked.nl, Etsy et Ravelry.\" \/>\n<meta name=\"robots\" content=\"index, follow, max-snippet:-1, max-image-preview:large, max-video-preview:-1\" \/>\n<link rel=\"canonical\" href=\"https:\/\/craftygenesindonesia.com\/fr\/shop\/amour\/lamour-dun-pere\/\" \/>\n<meta property=\"og:locale\" content=\"fr_FR\" \/>\n<meta property=\"og:type\" content=\"article\" \/>\n<meta property=\"og:title\" content=\"Mod\u00e8le de crochet pour l&#039;amour d&#039;un p\u00e8re\" \/>\n<meta property=\"og:description\" content=\"Achetez mon mod\u00e8le de crochet &quot; Un amour de p\u00e8re &quot; ici. Vous trouverez \u00e9galement des liens vers ce mod\u00e8le sur Haked.nl, Etsy et Ravelry.\" \/>\n<meta property=\"og:url\" content=\"https:\/\/craftygenesindonesia.com\/fr\/shop\/amour\/lamour-dun-pere\/\" \/>\n<meta property=\"og:site_name\" content=\"Craftygenesindonesia\" \/>\n<meta property=\"article:modified_time\" content=\"2025-11-11T11:38:38+00:00\" \/>\n<meta property=\"og:image\" content=\"https:\/\/craftygenesindonesia.com\/wp-content\/uploads\/2022\/06\/A-Fathers-Love.jpg\" \/>\n\t<meta property=\"og:image:width\" content=\"1080\" \/>\n\t<meta property=\"og:image:height\" content=\"1080\" \/>\n\t<meta property=\"og:image:type\" content=\"image\/jpeg\" \/>\n<meta name=\"twitter:card\" content=\"summary_large_image\" \/>\n<meta name=\"twitter:label1\" content=\"Dur\u00e9e de lecture estim\u00e9e\" \/>\n\t<meta name=\"twitter:data1\" content=\"1 minute\" \/>\n<script type=\"application\/ld+json\" class=\"yoast-schema-graph\">{\"@context\":\"https:\\\/\\\/schema.org\",\"@graph\":[{\"@type\":\"WebPage\",\"@id\":\"https:\\\/\\\/craftygenesindonesia.com\\\/fr\\\/shop\\\/amour\\\/lamour-dun-pere\\\/\",\"url\":\"https:\\\/\\\/craftygenesindonesia.com\\\/fr\\\/shop\\\/amour\\\/lamour-dun-pere\\\/\",\"name\":\"L'amour d'un p\u00e8re mod\u00e8le de crochet - Craftygenesindonesia\",\"isPartOf\":{\"@id\":\"https:\\\/\\\/craftygenesindonesia.com\\\/fr\\\/#website\"},\"primaryImageOfPage\":{\"@id\":\"https:\\\/\\\/craftygenesindonesia.com\\\/fr\\\/shop\\\/amour\\\/lamour-dun-pere\\\/#primaryimage\"},\"image\":{\"@id\":\"https:\\\/\\\/craftygenesindonesia.com\\\/fr\\\/shop\\\/amour\\\/lamour-dun-pere\\\/#primaryimage\"},\"thumbnailUrl\":\"https:\\\/\\\/craftygenesindonesia.com\\\/wp-content\\\/uploads\\\/2022\\\/06\\\/A-Fathers-Love-2.jpg\",\"datePublished\":\"2022-06-28T13:29:12+00:00\",\"dateModified\":\"2025-11-11T11:38:38+00:00\",\"description\":\"Achetez mon mod\u00e8le de crochet \\\" Un amour de p\u00e8re \\\" ici. Vous trouverez \u00e9galement des liens vers ce mod\u00e8le sur Haked.nl, Etsy et Ravelry.\",\"breadcrumb\":{\"@id\":\"https:\\\/\\\/craftygenesindonesia.com\\\/fr\\\/shop\\\/amour\\\/lamour-dun-pere\\\/#breadcrumb\"},\"inLanguage\":\"fr-FR\",\"potentialAction\":[{\"@type\":\"ReadAction\",\"target\":[\"https:\\\/\\\/craftygenesindonesia.com\\\/fr\\\/shop\\\/amour\\\/lamour-dun-pere\\\/\"]}]},{\"@type\":\"ImageObject\",\"inLanguage\":\"fr-FR\",\"@id\":\"https:\\\/\\\/craftygenesindonesia.com\\\/fr\\\/shop\\\/amour\\\/lamour-dun-pere\\\/#primaryimage\",\"url\":\"https:\\\/\\\/craftygenesindonesia.com\\\/wp-content\\\/uploads\\\/2022\\\/06\\\/A-Fathers-Love-2.jpg\",\"contentUrl\":\"https:\\\/\\\/craftygenesindonesia.com\\\/wp-content\\\/uploads\\\/2022\\\/06\\\/A-Fathers-Love-2.jpg\",\"width\":1080,\"height\":1080,\"caption\":\"crochet father doll holding child and sitting on a crochet bench\"},{\"@type\":\"BreadcrumbList\",\"@id\":\"https:\\\/\\\/craftygenesindonesia.com\\\/fr\\\/shop\\\/amour\\\/lamour-dun-pere\\\/#breadcrumb\",\"itemListElement\":[{\"@type\":\"ListItem\",\"position\":1,\"name\":\"Home\",\"item\":\"https:\\\/\\\/craftygenesindonesia.com\\\/fr\\\/\"},{\"@type\":\"ListItem\",\"position\":2,\"name\":\"Boutique de mod\u00e8les\",\"item\":\"https:\\\/\\\/craftygenesindonesia.com\\\/fr\\\/boutique\\\/\"},{\"@type\":\"ListItem\",\"position\":3,\"name\":\"L&#8217;amour d&#8217;un p\u00e8re\"}]},{\"@type\":\"WebSite\",\"@id\":\"https:\\\/\\\/craftygenesindonesia.com\\\/fr\\\/#website\",\"url\":\"https:\\\/\\\/craftygenesindonesia.com\\\/fr\\\/\",\"name\":\"Craftygenesindonesia\",\"description\":\"\",\"publisher\":{\"@id\":\"https:\\\/\\\/craftygenesindonesia.com\\\/fr\\\/#organization\"},\"potentialAction\":[{\"@type\":\"SearchAction\",\"target\":{\"@type\":\"EntryPoint\",\"urlTemplate\":\"https:\\\/\\\/craftygenesindonesia.com\\\/fr\\\/?s={search_term_string}\"},\"query-input\":{\"@type\":\"PropertyValueSpecification\",\"valueRequired\":true,\"valueName\":\"search_term_string\"}}],\"inLanguage\":\"fr-FR\"},{\"@type\":\"Organization\",\"@id\":\"https:\\\/\\\/craftygenesindonesia.com\\\/fr\\\/#organization\",\"name\":\"Craftygenesindonesia\",\"url\":\"https:\\\/\\\/craftygenesindonesia.com\\\/fr\\\/\",\"logo\":{\"@type\":\"ImageObject\",\"inLanguage\":\"fr-FR\",\"@id\":\"https:\\\/\\\/craftygenesindonesia.com\\\/fr\\\/#\\\/schema\\\/logo\\\/image\\\/\",\"url\":\"https:\\\/\\\/craftygenesindonesia.com\\\/wp-content\\\/uploads\\\/2025\\\/11\\\/cropped-Copy-of-Craftygenesindonesia.jpg\",\"contentUrl\":\"https:\\\/\\\/craftygenesindonesia.com\\\/wp-content\\\/uploads\\\/2025\\\/11\\\/cropped-Copy-of-Craftygenesindonesia.jpg\",\"width\":180,\"height\":60,\"caption\":\"Craftygenesindonesia\"},\"image\":{\"@id\":\"https:\\\/\\\/craftygenesindonesia.com\\\/fr\\\/#\\\/schema\\\/logo\\\/image\\\/\"}}]}<\/script>\n<!-- \/ Yoast SEO plugin. -->","yoast_head_json":{"title":"L'amour d'un p\u00e8re mod\u00e8le de crochet - Craftygenesindonesia","description":"Achetez mon mod\u00e8le de crochet \" Un amour de p\u00e8re \" ici. Vous trouverez \u00e9galement des liens vers ce mod\u00e8le sur Haked.nl, Etsy et Ravelry.","robots":{"index":"index","follow":"follow","max-snippet":"max-snippet:-1","max-image-preview":"max-image-preview:large","max-video-preview":"max-video-preview:-1"},"canonical":"https:\/\/craftygenesindonesia.com\/fr\/shop\/amour\/lamour-dun-pere\/","og_locale":"fr_FR","og_type":"article","og_title":"Mod\u00e8le de crochet pour l'amour d'un p\u00e8re","og_description":"Achetez mon mod\u00e8le de crochet \" Un amour de p\u00e8re \" ici. Vous trouverez \u00e9galement des liens vers ce mod\u00e8le sur Haked.nl, Etsy et Ravelry.","og_url":"https:\/\/craftygenesindonesia.com\/fr\/shop\/amour\/lamour-dun-pere\/","og_site_name":"Craftygenesindonesia","article_modified_time":"2025-11-11T11:38:38+00:00","og_image":[{"width":1080,"height":1080,"url":"https:\/\/craftygenesindonesia.com\/wp-content\/uploads\/2022\/06\/A-Fathers-Love.jpg","type":"image\/jpeg"}],"twitter_card":"summary_large_image","twitter_misc":{"Dur\u00e9e de lecture estim\u00e9e":"1 minute"},"schema":{"@context":"https:\/\/schema.org","@graph":[{"@type":"WebPage","@id":"https:\/\/craftygenesindonesia.com\/fr\/shop\/amour\/lamour-dun-pere\/","url":"https:\/\/craftygenesindonesia.com\/fr\/shop\/amour\/lamour-dun-pere\/","name":"L'amour d'un p\u00e8re mod\u00e8le de crochet - Craftygenesindonesia","isPartOf":{"@id":"https:\/\/craftygenesindonesia.com\/fr\/#website"},"primaryImageOfPage":{"@id":"https:\/\/craftygenesindonesia.com\/fr\/shop\/amour\/lamour-dun-pere\/#primaryimage"},"image":{"@id":"https:\/\/craftygenesindonesia.com\/fr\/shop\/amour\/lamour-dun-pere\/#primaryimage"},"thumbnailUrl":"https:\/\/craftygenesindonesia.com\/wp-content\/uploads\/2022\/06\/A-Fathers-Love-2.jpg","datePublished":"2022-06-28T13:29:12+00:00","dateModified":"2025-11-11T11:38:38+00:00","description":"Achetez mon mod\u00e8le de crochet \" Un amour de p\u00e8re \" ici. Vous trouverez \u00e9galement des liens vers ce mod\u00e8le sur Haked.nl, Etsy et Ravelry.","breadcrumb":{"@id":"https:\/\/craftygenesindonesia.com\/fr\/shop\/amour\/lamour-dun-pere\/#breadcrumb"},"inLanguage":"fr-FR","potentialAction":[{"@type":"ReadAction","target":["https:\/\/craftygenesindonesia.com\/fr\/shop\/amour\/lamour-dun-pere\/"]}]},{"@type":"ImageObject","inLanguage":"fr-FR","@id":"https:\/\/craftygenesindonesia.com\/fr\/shop\/amour\/lamour-dun-pere\/#primaryimage","url":"https:\/\/craftygenesindonesia.com\/wp-content\/uploads\/2022\/06\/A-Fathers-Love-2.jpg","contentUrl":"https:\/\/craftygenesindonesia.com\/wp-content\/uploads\/2022\/06\/A-Fathers-Love-2.jpg","width":1080,"height":1080,"caption":"crochet father doll holding child and sitting on a crochet bench"},{"@type":"BreadcrumbList","@id":"https:\/\/craftygenesindonesia.com\/fr\/shop\/amour\/lamour-dun-pere\/#breadcrumb","itemListElement":[{"@type":"ListItem","position":1,"name":"Home","item":"https:\/\/craftygenesindonesia.com\/fr\/"},{"@type":"ListItem","position":2,"name":"Boutique de mod\u00e8les","item":"https:\/\/craftygenesindonesia.com\/fr\/boutique\/"},{"@type":"ListItem","position":3,"name":"L&#8217;amour d&#8217;un p\u00e8re"}]},{"@type":"WebSite","@id":"https:\/\/craftygenesindonesia.com\/fr\/#website","url":"https:\/\/craftygenesindonesia.com\/fr\/","name":"Craftygenesindonesia","description":"","publisher":{"@id":"https:\/\/craftygenesindonesia.com\/fr\/#organization"},"potentialAction":[{"@type":"SearchAction","target":{"@type":"EntryPoint","urlTemplate":"https:\/\/craftygenesindonesia.com\/fr\/?s={search_term_string}"},"query-input":{"@type":"PropertyValueSpecification","valueRequired":true,"valueName":"search_term_string"}}],"inLanguage":"fr-FR"},{"@type":"Organization","@id":"https:\/\/craftygenesindonesia.com\/fr\/#organization","name":"Craftygenesindonesia","url":"https:\/\/craftygenesindonesia.com\/fr\/","logo":{"@type":"ImageObject","inLanguage":"fr-FR","@id":"https:\/\/craftygenesindonesia.com\/fr\/#\/schema\/logo\/image\/","url":"https:\/\/craftygenesindonesia.com\/wp-content\/uploads\/2025\/11\/cropped-Copy-of-Craftygenesindonesia.jpg","contentUrl":"https:\/\/craftygenesindonesia.com\/wp-content\/uploads\/2025\/11\/cropped-Copy-of-Craftygenesindonesia.jpg","width":180,"height":60,"caption":"Craftygenesindonesia"},"image":{"@id":"https:\/\/craftygenesindonesia.com\/fr\/#\/schema\/logo\/image\/"}}]}},"_links":{"self":[{"href":"https:\/\/craftygenesindonesia.com\/fr\/wp-json\/wp\/v2\/product\/19439","targetHints":{"allow":["GET"]}}],"collection":[{"href":"https:\/\/craftygenesindonesia.com\/fr\/wp-json\/wp\/v2\/product"}],"about":[{"href":"https:\/\/craftygenesindonesia.com\/fr\/wp-json\/wp\/v2\/types\/product"}],"replies":[{"embeddable":true,"href":"https:\/\/craftygenesindonesia.com\/fr\/wp-json\/wp\/v2\/comments?post=19439"}],"wp:featuredmedia":[{"embeddable":true,"href":"https:\/\/craftygenesindonesia.com\/fr\/wp-json\/wp\/v2\/media\/987520054"}],"wp:attachment":[{"href":"https:\/\/craftygenesindonesia.com\/fr\/wp-json\/wp\/v2\/media?parent=19439"}],"wp:term":[{"taxonomy":"product_brand","embeddable":true,"href":"https:\/\/craftygenesindonesia.com\/fr\/wp-json\/wp\/v2\/product_brand?post=19439"},{"taxonomy":"product_cat","embeddable":true,"href":"https:\/\/craftygenesindonesia.com\/fr\/wp-json\/wp\/v2\/product_cat?post=19439"},{"taxonomy":"product_tag","embeddable":true,"href":"https:\/\/craftygenesindonesia.com\/fr\/wp-json\/wp\/v2\/product_tag?post=19439"}],"curies":[{"name":"wp","href":"https:\/\/api.w.org\/{rel}","templated":true}]}}