{"id":19401,"date":"2022-06-27T22:58:06","date_gmt":"2022-06-27T14:58:06","guid":{"rendered":"https:\/\/craftygenesindonesia.com\/?post_type=product&#038;p=19401"},"modified":"2025-11-11T19:58:45","modified_gmt":"2025-11-11T11:58:45","slug":"lucy-fait-une-sieste","status":"publish","type":"product","link":"https:\/\/craftygenesindonesia.com\/fr\/shop\/poupees-pour-enfants\/lucy-fait-une-sieste\/","title":{"rendered":"Lucy fait la sieste"},"content":{"rendered":"<p>Taille : cette petite fille, qui fait la sieste dans le fauteuil de sa grand-m\u00e8re, mesure 20cm\/ 7.8\u201d. Le fauteuil de grand-m\u00e8re mesure (en centim\u00e8tres) 21Hx11Wx16B\/ (en pouces) 8.2Hx4.3Dx5.1W.<\/p>\n<p>Fil : tout est fait avec un fil de poids \u201cFINGERING\u201d adapt\u00e9 aux amigurumi et un crochet de taille 2mm.<\/p>\n<p>Vous aurez besoin des couleurs suivantes : blanc cass\u00e9, rose clair, violet clair, fil multicolore (panach\u00e9), rose, couleur chair, bleu ciel et jaune.<\/p>\n<p>Crochet : taille 2mm<\/p>\n<p>Ce mod\u00e8le est un mod\u00e8le \u00e9crit avec de nombreuses photos pour vous aider. Si vous avez encore des questions, envoyez-moi un message \u00e0 :\u00a0<a href=\"mailto:craftygenesindonesia@gmail.com\">craftygenesindonesia@gmail.com<\/a><\/p>\n<p><strong>-Ce mod\u00e8le est destin\u00e9 \u00e0 un usage personnel et il est prot\u00e9g\u00e9 par un COPYRIGHT. Le mod\u00e8le ne peut donc PAS \u00eatre copi\u00e9, vendu, revendu, traduit, revendiqu\u00e9 comme votre mod\u00e8le, distribu\u00e9, partag\u00e9, publi\u00e9, mis en ligne\u2026 sous quelque forme que ce soit sans mon consentement. M\u00eame pas en partie !!!<\/strong><\/p>\n<p><strong>-Vous pouvez vendre l\u2019article fini en petites quantit\u00e9s MAIS PAS LE MODELE EN LUI-M\u00caME ! Veuillez mentionner que le mod\u00e8le est de Craftygenesindonesia et o\u00f9 il peut \u00eatre achet\u00e9<\/strong><\/p>\n","protected":false},"excerpt":{"rendered":"<p>Voici un mod\u00e8le de crochet facile \u00e0 suivre d&#8217;une petite fille tr\u00e8s mignonne nomm\u00e9e Lucy qui s&#8217;est endormie dans le fauteuil de sa grand-m\u00e8re.\u00a0 Elle est la premi\u00e8re de ma s\u00e9rie Lucy.<\/p>\n","protected":false},"featured_media":987527851,"comment_status":"open","ping_status":"closed","template":"","meta":{"_acf_changed":false},"product_brand":[],"product_cat":[3663,3667],"product_tag":[11016,9834,10826,11346],"class_list":{"0":"post-19401","1":"product","2":"type-product","3":"status-publish","4":"has-post-thumbnail","6":"product_cat-poupees-pour-enfants","7":"product_cat-poupees-lucy","8":"product_tag-canape-fr","9":"product_tag-sofa-fr","10":"product_tag-fauteuil","11":"product_tag-lovey-fr","12":"pa_available_on-craftygenesindonesia","13":"pa_available_on-etsy","14":"pa_available_on-haked-nl","15":"pa_available_on-payhip","16":"pa_available_on-ravelry","17":"pa_languages-allemand","18":"pa_languages-americain","19":"pa_languages-espagnol","20":"pa_languages-francais","21":"pa_languages-neerlandais","22":"pa_languages-portugais","24":"first","25":"instock","26":"downloadable","27":"virtual","28":"purchasable","29":"product-type-simple"},"acf":[],"yoast_head":"<!-- This site is optimized with the Yoast SEO plugin v27.4 - https:\/\/yoast.com\/product\/yoast-seo-wordpress\/ -->\n<title>Lucy fait la sieste mod\u00e8le de crochet - Craftygenesindonesia<\/title>\n<meta name=\"description\" content=\"Achetez mon mod\u00e8le de crochet &quot;Lucy fait la sieste&quot; ici. Le mod\u00e8le de crochet est \u00e9galement disponible sur Haked.nl &amp; Etsy et Ravelry &amp; Payhip\" \/>\n<meta name=\"robots\" content=\"index, follow, max-snippet:-1, max-image-preview:large, max-video-preview:-1\" \/>\n<link rel=\"canonical\" href=\"https:\/\/craftygenesindonesia.com\/fr\/shop\/poupees-pour-enfants\/lucy-fait-une-sieste\/\" \/>\n<meta property=\"og:locale\" content=\"fr_FR\" \/>\n<meta property=\"og:type\" content=\"article\" \/>\n<meta property=\"og:title\" content=\"Lucy fait une sieste - mod\u00e8le de crochet\" \/>\n<meta property=\"og:description\" content=\"Achetez mon mod\u00e8le de crochet &quot;Lucy fait la sieste&quot; ici. Le mod\u00e8le de crochet est \u00e9galement disponible sur Haked.nl &amp; Etsy et Ravelry &amp; Payhip\" \/>\n<meta property=\"og:url\" content=\"https:\/\/craftygenesindonesia.com\/fr\/shop\/poupees-pour-enfants\/lucy-fait-une-sieste\/\" \/>\n<meta property=\"og:site_name\" content=\"Craftygenesindonesia\" \/>\n<meta property=\"article:modified_time\" content=\"2025-11-11T11:58:45+00:00\" \/>\n<meta property=\"og:image\" content=\"https:\/\/craftygenesindonesia.com\/wp-content\/uploads\/2022\/06\/Lucy-Takes-a-Nap-1.jpg\" \/>\n\t<meta property=\"og:image:width\" content=\"1080\" \/>\n\t<meta property=\"og:image:height\" content=\"1080\" \/>\n\t<meta property=\"og:image:type\" content=\"image\/jpeg\" \/>\n<meta name=\"twitter:card\" content=\"summary_large_image\" \/>\n<meta name=\"twitter:label1\" content=\"Dur\u00e9e de lecture estim\u00e9e\" \/>\n\t<meta name=\"twitter:data1\" content=\"1 minute\" \/>\n<script type=\"application\/ld+json\" class=\"yoast-schema-graph\">{\"@context\":\"https:\\\/\\\/schema.org\",\"@graph\":[{\"@type\":\"WebPage\",\"@id\":\"https:\\\/\\\/craftygenesindonesia.com\\\/fr\\\/shop\\\/poupees-pour-enfants\\\/lucy-fait-une-sieste\\\/\",\"url\":\"https:\\\/\\\/craftygenesindonesia.com\\\/fr\\\/shop\\\/poupees-pour-enfants\\\/lucy-fait-une-sieste\\\/\",\"name\":\"Lucy fait la sieste mod\u00e8le de crochet - Craftygenesindonesia\",\"isPartOf\":{\"@id\":\"https:\\\/\\\/craftygenesindonesia.com\\\/fr\\\/#website\"},\"primaryImageOfPage\":{\"@id\":\"https:\\\/\\\/craftygenesindonesia.com\\\/fr\\\/shop\\\/poupees-pour-enfants\\\/lucy-fait-une-sieste\\\/#primaryimage\"},\"image\":{\"@id\":\"https:\\\/\\\/craftygenesindonesia.com\\\/fr\\\/shop\\\/poupees-pour-enfants\\\/lucy-fait-une-sieste\\\/#primaryimage\"},\"thumbnailUrl\":\"https:\\\/\\\/craftygenesindonesia.com\\\/wp-content\\\/uploads\\\/2022\\\/06\\\/Lucy-Takes-a-Nap-1.jpg\",\"datePublished\":\"2022-06-27T14:58:06+00:00\",\"dateModified\":\"2025-11-11T11:58:45+00:00\",\"description\":\"Achetez mon mod\u00e8le de crochet \\\"Lucy fait la sieste\\\" ici. Le mod\u00e8le de crochet est \u00e9galement disponible sur Haked.nl & Etsy et Ravelry & Payhip\",\"breadcrumb\":{\"@id\":\"https:\\\/\\\/craftygenesindonesia.com\\\/fr\\\/shop\\\/poupees-pour-enfants\\\/lucy-fait-une-sieste\\\/#breadcrumb\"},\"inLanguage\":\"fr-FR\",\"potentialAction\":[{\"@type\":\"ReadAction\",\"target\":[\"https:\\\/\\\/craftygenesindonesia.com\\\/fr\\\/shop\\\/poupees-pour-enfants\\\/lucy-fait-une-sieste\\\/\"]}]},{\"@type\":\"ImageObject\",\"inLanguage\":\"fr-FR\",\"@id\":\"https:\\\/\\\/craftygenesindonesia.com\\\/fr\\\/shop\\\/poupees-pour-enfants\\\/lucy-fait-une-sieste\\\/#primaryimage\",\"url\":\"https:\\\/\\\/craftygenesindonesia.com\\\/wp-content\\\/uploads\\\/2022\\\/06\\\/Lucy-Takes-a-Nap-1.jpg\",\"contentUrl\":\"https:\\\/\\\/craftygenesindonesia.com\\\/wp-content\\\/uploads\\\/2022\\\/06\\\/Lucy-Takes-a-Nap-1.jpg\",\"width\":1080,\"height\":1080,\"caption\":\"crochet doll napping in crochet sofa with blanket\"},{\"@type\":\"BreadcrumbList\",\"@id\":\"https:\\\/\\\/craftygenesindonesia.com\\\/fr\\\/shop\\\/poupees-pour-enfants\\\/lucy-fait-une-sieste\\\/#breadcrumb\",\"itemListElement\":[{\"@type\":\"ListItem\",\"position\":1,\"name\":\"Home\",\"item\":\"https:\\\/\\\/craftygenesindonesia.com\\\/fr\\\/\"},{\"@type\":\"ListItem\",\"position\":2,\"name\":\"Boutique de mod\u00e8les\",\"item\":\"https:\\\/\\\/craftygenesindonesia.com\\\/fr\\\/boutique\\\/\"},{\"@type\":\"ListItem\",\"position\":3,\"name\":\"Lucy fait la sieste\"}]},{\"@type\":\"WebSite\",\"@id\":\"https:\\\/\\\/craftygenesindonesia.com\\\/fr\\\/#website\",\"url\":\"https:\\\/\\\/craftygenesindonesia.com\\\/fr\\\/\",\"name\":\"Craftygenesindonesia\",\"description\":\"\",\"publisher\":{\"@id\":\"https:\\\/\\\/craftygenesindonesia.com\\\/fr\\\/#organization\"},\"potentialAction\":[{\"@type\":\"SearchAction\",\"target\":{\"@type\":\"EntryPoint\",\"urlTemplate\":\"https:\\\/\\\/craftygenesindonesia.com\\\/fr\\\/?s={search_term_string}\"},\"query-input\":{\"@type\":\"PropertyValueSpecification\",\"valueRequired\":true,\"valueName\":\"search_term_string\"}}],\"inLanguage\":\"fr-FR\"},{\"@type\":\"Organization\",\"@id\":\"https:\\\/\\\/craftygenesindonesia.com\\\/fr\\\/#organization\",\"name\":\"Craftygenesindonesia\",\"url\":\"https:\\\/\\\/craftygenesindonesia.com\\\/fr\\\/\",\"logo\":{\"@type\":\"ImageObject\",\"inLanguage\":\"fr-FR\",\"@id\":\"https:\\\/\\\/craftygenesindonesia.com\\\/fr\\\/#\\\/schema\\\/logo\\\/image\\\/\",\"url\":\"https:\\\/\\\/craftygenesindonesia.com\\\/wp-content\\\/uploads\\\/2025\\\/11\\\/cropped-Copy-of-Craftygenesindonesia.jpg\",\"contentUrl\":\"https:\\\/\\\/craftygenesindonesia.com\\\/wp-content\\\/uploads\\\/2025\\\/11\\\/cropped-Copy-of-Craftygenesindonesia.jpg\",\"width\":180,\"height\":60,\"caption\":\"Craftygenesindonesia\"},\"image\":{\"@id\":\"https:\\\/\\\/craftygenesindonesia.com\\\/fr\\\/#\\\/schema\\\/logo\\\/image\\\/\"}}]}<\/script>\n<!-- \/ Yoast SEO plugin. -->","yoast_head_json":{"title":"Lucy fait la sieste mod\u00e8le de crochet - Craftygenesindonesia","description":"Achetez mon mod\u00e8le de crochet \"Lucy fait la sieste\" ici. Le mod\u00e8le de crochet est \u00e9galement disponible sur Haked.nl & Etsy et Ravelry & Payhip","robots":{"index":"index","follow":"follow","max-snippet":"max-snippet:-1","max-image-preview":"max-image-preview:large","max-video-preview":"max-video-preview:-1"},"canonical":"https:\/\/craftygenesindonesia.com\/fr\/shop\/poupees-pour-enfants\/lucy-fait-une-sieste\/","og_locale":"fr_FR","og_type":"article","og_title":"Lucy fait une sieste - mod\u00e8le de crochet","og_description":"Achetez mon mod\u00e8le de crochet \"Lucy fait la sieste\" ici. Le mod\u00e8le de crochet est \u00e9galement disponible sur Haked.nl & Etsy et Ravelry & Payhip","og_url":"https:\/\/craftygenesindonesia.com\/fr\/shop\/poupees-pour-enfants\/lucy-fait-une-sieste\/","og_site_name":"Craftygenesindonesia","article_modified_time":"2025-11-11T11:58:45+00:00","og_image":[{"width":1080,"height":1080,"url":"https:\/\/craftygenesindonesia.com\/wp-content\/uploads\/2022\/06\/Lucy-Takes-a-Nap-1.jpg","type":"image\/jpeg"}],"twitter_card":"summary_large_image","twitter_misc":{"Dur\u00e9e de lecture estim\u00e9e":"1 minute"},"schema":{"@context":"https:\/\/schema.org","@graph":[{"@type":"WebPage","@id":"https:\/\/craftygenesindonesia.com\/fr\/shop\/poupees-pour-enfants\/lucy-fait-une-sieste\/","url":"https:\/\/craftygenesindonesia.com\/fr\/shop\/poupees-pour-enfants\/lucy-fait-une-sieste\/","name":"Lucy fait la sieste mod\u00e8le de crochet - Craftygenesindonesia","isPartOf":{"@id":"https:\/\/craftygenesindonesia.com\/fr\/#website"},"primaryImageOfPage":{"@id":"https:\/\/craftygenesindonesia.com\/fr\/shop\/poupees-pour-enfants\/lucy-fait-une-sieste\/#primaryimage"},"image":{"@id":"https:\/\/craftygenesindonesia.com\/fr\/shop\/poupees-pour-enfants\/lucy-fait-une-sieste\/#primaryimage"},"thumbnailUrl":"https:\/\/craftygenesindonesia.com\/wp-content\/uploads\/2022\/06\/Lucy-Takes-a-Nap-1.jpg","datePublished":"2022-06-27T14:58:06+00:00","dateModified":"2025-11-11T11:58:45+00:00","description":"Achetez mon mod\u00e8le de crochet \"Lucy fait la sieste\" ici. Le mod\u00e8le de crochet est \u00e9galement disponible sur Haked.nl & Etsy et Ravelry & Payhip","breadcrumb":{"@id":"https:\/\/craftygenesindonesia.com\/fr\/shop\/poupees-pour-enfants\/lucy-fait-une-sieste\/#breadcrumb"},"inLanguage":"fr-FR","potentialAction":[{"@type":"ReadAction","target":["https:\/\/craftygenesindonesia.com\/fr\/shop\/poupees-pour-enfants\/lucy-fait-une-sieste\/"]}]},{"@type":"ImageObject","inLanguage":"fr-FR","@id":"https:\/\/craftygenesindonesia.com\/fr\/shop\/poupees-pour-enfants\/lucy-fait-une-sieste\/#primaryimage","url":"https:\/\/craftygenesindonesia.com\/wp-content\/uploads\/2022\/06\/Lucy-Takes-a-Nap-1.jpg","contentUrl":"https:\/\/craftygenesindonesia.com\/wp-content\/uploads\/2022\/06\/Lucy-Takes-a-Nap-1.jpg","width":1080,"height":1080,"caption":"crochet doll napping in crochet sofa with blanket"},{"@type":"BreadcrumbList","@id":"https:\/\/craftygenesindonesia.com\/fr\/shop\/poupees-pour-enfants\/lucy-fait-une-sieste\/#breadcrumb","itemListElement":[{"@type":"ListItem","position":1,"name":"Home","item":"https:\/\/craftygenesindonesia.com\/fr\/"},{"@type":"ListItem","position":2,"name":"Boutique de mod\u00e8les","item":"https:\/\/craftygenesindonesia.com\/fr\/boutique\/"},{"@type":"ListItem","position":3,"name":"Lucy fait la sieste"}]},{"@type":"WebSite","@id":"https:\/\/craftygenesindonesia.com\/fr\/#website","url":"https:\/\/craftygenesindonesia.com\/fr\/","name":"Craftygenesindonesia","description":"","publisher":{"@id":"https:\/\/craftygenesindonesia.com\/fr\/#organization"},"potentialAction":[{"@type":"SearchAction","target":{"@type":"EntryPoint","urlTemplate":"https:\/\/craftygenesindonesia.com\/fr\/?s={search_term_string}"},"query-input":{"@type":"PropertyValueSpecification","valueRequired":true,"valueName":"search_term_string"}}],"inLanguage":"fr-FR"},{"@type":"Organization","@id":"https:\/\/craftygenesindonesia.com\/fr\/#organization","name":"Craftygenesindonesia","url":"https:\/\/craftygenesindonesia.com\/fr\/","logo":{"@type":"ImageObject","inLanguage":"fr-FR","@id":"https:\/\/craftygenesindonesia.com\/fr\/#\/schema\/logo\/image\/","url":"https:\/\/craftygenesindonesia.com\/wp-content\/uploads\/2025\/11\/cropped-Copy-of-Craftygenesindonesia.jpg","contentUrl":"https:\/\/craftygenesindonesia.com\/wp-content\/uploads\/2025\/11\/cropped-Copy-of-Craftygenesindonesia.jpg","width":180,"height":60,"caption":"Craftygenesindonesia"},"image":{"@id":"https:\/\/craftygenesindonesia.com\/fr\/#\/schema\/logo\/image\/"}}]}},"_links":{"self":[{"href":"https:\/\/craftygenesindonesia.com\/fr\/wp-json\/wp\/v2\/product\/19401","targetHints":{"allow":["GET"]}}],"collection":[{"href":"https:\/\/craftygenesindonesia.com\/fr\/wp-json\/wp\/v2\/product"}],"about":[{"href":"https:\/\/craftygenesindonesia.com\/fr\/wp-json\/wp\/v2\/types\/product"}],"replies":[{"embeddable":true,"href":"https:\/\/craftygenesindonesia.com\/fr\/wp-json\/wp\/v2\/comments?post=19401"}],"wp:featuredmedia":[{"embeddable":true,"href":"https:\/\/craftygenesindonesia.com\/fr\/wp-json\/wp\/v2\/media\/987527851"}],"wp:attachment":[{"href":"https:\/\/craftygenesindonesia.com\/fr\/wp-json\/wp\/v2\/media?parent=19401"}],"wp:term":[{"taxonomy":"product_brand","embeddable":true,"href":"https:\/\/craftygenesindonesia.com\/fr\/wp-json\/wp\/v2\/product_brand?post=19401"},{"taxonomy":"product_cat","embeddable":true,"href":"https:\/\/craftygenesindonesia.com\/fr\/wp-json\/wp\/v2\/product_cat?post=19401"},{"taxonomy":"product_tag","embeddable":true,"href":"https:\/\/craftygenesindonesia.com\/fr\/wp-json\/wp\/v2\/product_tag?post=19401"}],"curies":[{"name":"wp","href":"https:\/\/api.w.org\/{rel}","templated":true}]}}