{"id":19366,"date":"2022-06-27T05:57:57","date_gmt":"2022-06-26T21:57:57","guid":{"rendered":"https:\/\/craftygenesindonesia.com\/?post_type=product&#038;p=19366"},"modified":"2025-11-11T20:09:22","modified_gmt":"2025-11-11T12:09:22","slug":"for-the-fallen-armed-forces","status":"publish","type":"product","link":"https:\/\/craftygenesindonesia.com\/fr\/shop\/mesdames-et-messieurs\/for-the-fallen-armed-forces\/","title":{"rendered":"For the Fallen Armed Forces"},"content":{"rendered":"<p><strong>For the fallen armed forces<\/strong><\/p>\n<p>Type de fichier : patron au crochet &#8211; t\u00e9l\u00e9chargement num\u00e9rique, pas un objet physique<br \/>\n<strong>Langues disponibles : anglais (termes am\u00e9ricains et britanniques), n\u00e9erlandais, fran\u00e7ais, espagnol, allemand<\/strong><\/p>\n<p>Taille de l&#8217;objet fini : 22,5 cm ou 8,8 pouces de haut<\/p>\n<p>Type de fil : fil de type \u00ab fingering \u00bb = taille 3<br \/>\nMarques recommand\u00e9es : Catona de Scheepjes, Durable Coral<br \/>\nCouleurs de fil n\u00e9cessaires : couleur peau, beige, marron, marron uniforme (marron de votre choix), vert casque Brodie, rouge, noir, blanc, bleu marine, bleu, bleu-gris, bleu clair, gris<\/p>\n<p>Crochet : 2 mm<\/p>\n<p><strong>Informations sur les droits d&#8217;auteur et l&#8217;aide :<\/strong><br \/>\nCe patron est un patron \u00e9crit (num\u00e9rique) accompagn\u00e9 de nombreuses photos pour vous aider. Si vous avez des questions sur le patron, envoyez-moi un e-mail \u00e0 craftygenesindonesia@gmail.com.<\/p>\n<p><strong>Ce patron de crochet num\u00e9rique est r\u00e9serv\u00e9 \u00e0 un usage personnel et est prot\u00e9g\u00e9 par le droit d&#8217;auteur. Par cons\u00e9quent, vous ne pouvez en aucun cas le copier, le vendre, le revendre, le traduire, le revendiquer comme votre propre cr\u00e9ation, le distribuer, le partager, le publier, le poster, etc. sans mon autorisation. M\u00eame en partie !<\/strong><\/p>\n<p><strong>Vous \u00eates autoris\u00e9 \u00e0 vendre le produit ou l&#8217;article fini, en petites quantit\u00e9s, mais vous n&#8217;\u00eates pas autoris\u00e9 \u00e0 vendre le patron de crochet lui-m\u00eame ! Veuillez mentionner que le patron de crochet est de moi, Craftygenesindonesia, et o\u00f9 il peut \u00eatre achet\u00e9.<\/strong><\/p>\n","protected":false},"excerpt":{"rendered":"<p>Il s&#8217;agit d&#8217;un mod\u00e8le de crochet facile \u00e0 suivre de mon tr\u00e8s populaire mod\u00e8le de crochet &#8221; Pour les forces arm\u00e9es tomb\u00e9es au champ d&#8217;honneur &#8220;.\u00a0 En l&#8217;honneur de tous les hommes et femmes courageux qui servent ou ont servi !<\/p>\n<p>Les patrons pour chaque homme sont \u00e9galement disponibles s\u00e9par\u00e9ment sous les noms &#8220;<a href=\"https:\/\/craftygenesindonesia.com\/fr\/produit\/pour-ceux-qui-sont-tombes\/\" target=\"_blank\" rel=\"noopener\">Pour ceux qui sont tomb\u00e9s au combat&#8221;<\/a>, &#8220;<a href=\"https:\/\/craftygenesindonesia.com\/fr\/produit\/pour-larmee-de-lair-tombee-au-combat\/\" target=\"_blank\" rel=\"noopener\">Pour ceux qui sont tomb\u00e9s dans l&#8217;arm\u00e9e de l&#8217;air<\/a>&#8221; et &#8220;<a href=\"https:\/\/craftygenesindonesia.com\/fr\/produit\/pour-la-marine-tombee-au-combat\/\" target=\"_blank\" rel=\"noopener\">Pour ceux qui sont tomb\u00e9s dans la marine<\/a>&#8220;.<\/p>\n","protected":false},"featured_media":987530718,"comment_status":"open","ping_status":"closed","template":"","meta":{"_acf_changed":false},"product_brand":[],"product_cat":[3669,3655,10142],"product_tag":[10151,10152,10957,10512,10510,10508,10255,10153,11667,10507],"class_list":{"0":"post-19366","1":"product","2":"type-product","3":"status-publish","4":"has-post-thumbnail","6":"product_cat-memorial","7":"product_cat-mesdames-et-messieurs","8":"product_cat-militaire","9":"product_tag-armee-fr","10":"product_tag-armee-de-lair-fr","11":"product_tag-bougie-fr","12":"product_tag-coquelicot-fr","13":"product_tag-dame-de-la-marine","14":"product_tag-jour-de-larmistice-fr","15":"product_tag-journee-de-larmistice-fr","16":"product_tag-militaire-fr","17":"product_tag-monument-aux-morts","18":"product_tag-soldat-fr","19":"pa_available_on-craftygenesindonesia","20":"pa_available_on-etsy","21":"pa_available_on-haked-nl","22":"pa_available_on-payhip","23":"pa_available_on-ravelry","24":"pa_languages-allemand","25":"pa_languages-americain","26":"pa_languages-anglais-britannique","27":"pa_languages-espagnol","28":"pa_languages-francais","29":"pa_languages-neerlandais","31":"first","32":"instock","33":"downloadable","34":"virtual","35":"purchasable","36":"product-type-simple"},"acf":[],"yoast_head":"<!-- This site is optimized with the Yoast SEO plugin v27.5 - https:\/\/yoast.com\/product\/yoast-seo-wordpress\/ -->\n<title>For the Fallen Armed Forces mod\u00e8le de crochet - Craftygenesindonesia<\/title>\n<meta name=\"description\" content=\"Achetez ici mon patron de crochet \u00ab For the fallen armed forces \u00bb. Le patron de crochet est \u00e9galement disponible sur Etsy, Haked.nl, Ravelry, Payhip\" \/>\n<meta name=\"robots\" content=\"index, follow, max-snippet:-1, max-image-preview:large, max-video-preview:-1\" \/>\n<link rel=\"canonical\" href=\"https:\/\/craftygenesindonesia.com\/fr\/shop\/mesdames-et-messieurs\/for-the-fallen-armed-forces\/\" \/>\n<meta property=\"og:locale\" content=\"fr_FR\" \/>\n<meta property=\"og:type\" content=\"article\" \/>\n<meta property=\"og:title\" content=\"Mod\u00e8le de crochet pour soldat &quot;For the Fallen Armed Forces&quot;\" \/>\n<meta property=\"og:description\" content=\"Achetez ici mon patron de crochet \u00ab For the fallen armed forces \u00bb. Le patron de crochet est \u00e9galement disponible sur Etsy, Haked.nl, Ravelry, Payhip\" \/>\n<meta property=\"og:url\" content=\"https:\/\/craftygenesindonesia.com\/fr\/shop\/mesdames-et-messieurs\/for-the-fallen-armed-forces\/\" \/>\n<meta property=\"og:site_name\" content=\"Craftygenesindonesia\" \/>\n<meta property=\"article:modified_time\" content=\"2025-11-11T12:09:22+00:00\" \/>\n<meta property=\"og:image\" content=\"https:\/\/craftygenesindonesia.com\/wp-content\/uploads\/2022\/06\/For-The-Fallen-Armed-Forces-3.jpg\" \/>\n\t<meta property=\"og:image:width\" content=\"1080\" \/>\n\t<meta property=\"og:image:height\" content=\"1080\" \/>\n\t<meta property=\"og:image:type\" content=\"image\/jpeg\" \/>\n<meta name=\"twitter:card\" content=\"summary_large_image\" \/>\n<meta name=\"twitter:label1\" content=\"Dur\u00e9e de lecture estim\u00e9e\" \/>\n\t<meta name=\"twitter:data1\" content=\"2 minutes\" \/>\n<script type=\"application\/ld+json\" class=\"yoast-schema-graph\">{\"@context\":\"https:\\\/\\\/schema.org\",\"@graph\":[{\"@type\":\"WebPage\",\"@id\":\"https:\\\/\\\/craftygenesindonesia.com\\\/fr\\\/shop\\\/mesdames-et-messieurs\\\/for-the-fallen-armed-forces\\\/\",\"url\":\"https:\\\/\\\/craftygenesindonesia.com\\\/fr\\\/shop\\\/mesdames-et-messieurs\\\/for-the-fallen-armed-forces\\\/\",\"name\":\"For the Fallen Armed Forces mod\u00e8le de crochet - Craftygenesindonesia\",\"isPartOf\":{\"@id\":\"https:\\\/\\\/craftygenesindonesia.com\\\/fr\\\/#website\"},\"primaryImageOfPage\":{\"@id\":\"https:\\\/\\\/craftygenesindonesia.com\\\/fr\\\/shop\\\/mesdames-et-messieurs\\\/for-the-fallen-armed-forces\\\/#primaryimage\"},\"image\":{\"@id\":\"https:\\\/\\\/craftygenesindonesia.com\\\/fr\\\/shop\\\/mesdames-et-messieurs\\\/for-the-fallen-armed-forces\\\/#primaryimage\"},\"thumbnailUrl\":\"https:\\\/\\\/craftygenesindonesia.com\\\/wp-content\\\/uploads\\\/2022\\\/06\\\/For-The-Fallen-Armed-Forces-4.jpg\",\"datePublished\":\"2022-06-26T21:57:57+00:00\",\"dateModified\":\"2025-11-11T12:09:22+00:00\",\"description\":\"Achetez ici mon patron de crochet \u00ab For the fallen armed forces \u00bb. Le patron de crochet est \u00e9galement disponible sur Etsy, Haked.nl, Ravelry, Payhip\",\"breadcrumb\":{\"@id\":\"https:\\\/\\\/craftygenesindonesia.com\\\/fr\\\/shop\\\/mesdames-et-messieurs\\\/for-the-fallen-armed-forces\\\/#breadcrumb\"},\"inLanguage\":\"fr-FR\",\"potentialAction\":[{\"@type\":\"ReadAction\",\"target\":[\"https:\\\/\\\/craftygenesindonesia.com\\\/fr\\\/shop\\\/mesdames-et-messieurs\\\/for-the-fallen-armed-forces\\\/\"]}]},{\"@type\":\"ImageObject\",\"inLanguage\":\"fr-FR\",\"@id\":\"https:\\\/\\\/craftygenesindonesia.com\\\/fr\\\/shop\\\/mesdames-et-messieurs\\\/for-the-fallen-armed-forces\\\/#primaryimage\",\"url\":\"https:\\\/\\\/craftygenesindonesia.com\\\/wp-content\\\/uploads\\\/2022\\\/06\\\/For-The-Fallen-Armed-Forces-4.jpg\",\"contentUrl\":\"https:\\\/\\\/craftygenesindonesia.com\\\/wp-content\\\/uploads\\\/2022\\\/06\\\/For-The-Fallen-Armed-Forces-4.jpg\",\"width\":1080,\"height\":1080,\"caption\":\"crochet pilot, soldier and sailor with crochet candle holder and poppy\"},{\"@type\":\"BreadcrumbList\",\"@id\":\"https:\\\/\\\/craftygenesindonesia.com\\\/fr\\\/shop\\\/mesdames-et-messieurs\\\/for-the-fallen-armed-forces\\\/#breadcrumb\",\"itemListElement\":[{\"@type\":\"ListItem\",\"position\":1,\"name\":\"Home\",\"item\":\"https:\\\/\\\/craftygenesindonesia.com\\\/fr\\\/\"},{\"@type\":\"ListItem\",\"position\":2,\"name\":\"Boutique de mod\u00e8les\",\"item\":\"https:\\\/\\\/craftygenesindonesia.com\\\/fr\\\/boutique\\\/\"},{\"@type\":\"ListItem\",\"position\":3,\"name\":\"For the Fallen Armed Forces\"}]},{\"@type\":\"WebSite\",\"@id\":\"https:\\\/\\\/craftygenesindonesia.com\\\/fr\\\/#website\",\"url\":\"https:\\\/\\\/craftygenesindonesia.com\\\/fr\\\/\",\"name\":\"Craftygenesindonesia\",\"description\":\"\",\"publisher\":{\"@id\":\"https:\\\/\\\/craftygenesindonesia.com\\\/fr\\\/#organization\"},\"potentialAction\":[{\"@type\":\"SearchAction\",\"target\":{\"@type\":\"EntryPoint\",\"urlTemplate\":\"https:\\\/\\\/craftygenesindonesia.com\\\/fr\\\/?s={search_term_string}\"},\"query-input\":{\"@type\":\"PropertyValueSpecification\",\"valueRequired\":true,\"valueName\":\"search_term_string\"}}],\"inLanguage\":\"fr-FR\"},{\"@type\":\"Organization\",\"@id\":\"https:\\\/\\\/craftygenesindonesia.com\\\/fr\\\/#organization\",\"name\":\"Craftygenesindonesia\",\"url\":\"https:\\\/\\\/craftygenesindonesia.com\\\/fr\\\/\",\"logo\":{\"@type\":\"ImageObject\",\"inLanguage\":\"fr-FR\",\"@id\":\"https:\\\/\\\/craftygenesindonesia.com\\\/fr\\\/#\\\/schema\\\/logo\\\/image\\\/\",\"url\":\"https:\\\/\\\/craftygenesindonesia.com\\\/wp-content\\\/uploads\\\/2025\\\/11\\\/cropped-Copy-of-Craftygenesindonesia.jpg\",\"contentUrl\":\"https:\\\/\\\/craftygenesindonesia.com\\\/wp-content\\\/uploads\\\/2025\\\/11\\\/cropped-Copy-of-Craftygenesindonesia.jpg\",\"width\":180,\"height\":60,\"caption\":\"Craftygenesindonesia\"},\"image\":{\"@id\":\"https:\\\/\\\/craftygenesindonesia.com\\\/fr\\\/#\\\/schema\\\/logo\\\/image\\\/\"}}]}<\/script>\n<!-- \/ Yoast SEO plugin. -->","yoast_head_json":{"title":"For the Fallen Armed Forces mod\u00e8le de crochet - Craftygenesindonesia","description":"Achetez ici mon patron de crochet \u00ab For the fallen armed forces \u00bb. Le patron de crochet est \u00e9galement disponible sur Etsy, Haked.nl, Ravelry, Payhip","robots":{"index":"index","follow":"follow","max-snippet":"max-snippet:-1","max-image-preview":"max-image-preview:large","max-video-preview":"max-video-preview:-1"},"canonical":"https:\/\/craftygenesindonesia.com\/fr\/shop\/mesdames-et-messieurs\/for-the-fallen-armed-forces\/","og_locale":"fr_FR","og_type":"article","og_title":"Mod\u00e8le de crochet pour soldat \"For the Fallen Armed Forces\"","og_description":"Achetez ici mon patron de crochet \u00ab For the fallen armed forces \u00bb. Le patron de crochet est \u00e9galement disponible sur Etsy, Haked.nl, Ravelry, Payhip","og_url":"https:\/\/craftygenesindonesia.com\/fr\/shop\/mesdames-et-messieurs\/for-the-fallen-armed-forces\/","og_site_name":"Craftygenesindonesia","article_modified_time":"2025-11-11T12:09:22+00:00","og_image":[{"width":1080,"height":1080,"url":"https:\/\/craftygenesindonesia.com\/wp-content\/uploads\/2022\/06\/For-The-Fallen-Armed-Forces-3.jpg","type":"image\/jpeg"}],"twitter_card":"summary_large_image","twitter_misc":{"Dur\u00e9e de lecture estim\u00e9e":"2 minutes"},"schema":{"@context":"https:\/\/schema.org","@graph":[{"@type":"WebPage","@id":"https:\/\/craftygenesindonesia.com\/fr\/shop\/mesdames-et-messieurs\/for-the-fallen-armed-forces\/","url":"https:\/\/craftygenesindonesia.com\/fr\/shop\/mesdames-et-messieurs\/for-the-fallen-armed-forces\/","name":"For the Fallen Armed Forces mod\u00e8le de crochet - Craftygenesindonesia","isPartOf":{"@id":"https:\/\/craftygenesindonesia.com\/fr\/#website"},"primaryImageOfPage":{"@id":"https:\/\/craftygenesindonesia.com\/fr\/shop\/mesdames-et-messieurs\/for-the-fallen-armed-forces\/#primaryimage"},"image":{"@id":"https:\/\/craftygenesindonesia.com\/fr\/shop\/mesdames-et-messieurs\/for-the-fallen-armed-forces\/#primaryimage"},"thumbnailUrl":"https:\/\/craftygenesindonesia.com\/wp-content\/uploads\/2022\/06\/For-The-Fallen-Armed-Forces-4.jpg","datePublished":"2022-06-26T21:57:57+00:00","dateModified":"2025-11-11T12:09:22+00:00","description":"Achetez ici mon patron de crochet \u00ab For the fallen armed forces \u00bb. Le patron de crochet est \u00e9galement disponible sur Etsy, Haked.nl, Ravelry, Payhip","breadcrumb":{"@id":"https:\/\/craftygenesindonesia.com\/fr\/shop\/mesdames-et-messieurs\/for-the-fallen-armed-forces\/#breadcrumb"},"inLanguage":"fr-FR","potentialAction":[{"@type":"ReadAction","target":["https:\/\/craftygenesindonesia.com\/fr\/shop\/mesdames-et-messieurs\/for-the-fallen-armed-forces\/"]}]},{"@type":"ImageObject","inLanguage":"fr-FR","@id":"https:\/\/craftygenesindonesia.com\/fr\/shop\/mesdames-et-messieurs\/for-the-fallen-armed-forces\/#primaryimage","url":"https:\/\/craftygenesindonesia.com\/wp-content\/uploads\/2022\/06\/For-The-Fallen-Armed-Forces-4.jpg","contentUrl":"https:\/\/craftygenesindonesia.com\/wp-content\/uploads\/2022\/06\/For-The-Fallen-Armed-Forces-4.jpg","width":1080,"height":1080,"caption":"crochet pilot, soldier and sailor with crochet candle holder and poppy"},{"@type":"BreadcrumbList","@id":"https:\/\/craftygenesindonesia.com\/fr\/shop\/mesdames-et-messieurs\/for-the-fallen-armed-forces\/#breadcrumb","itemListElement":[{"@type":"ListItem","position":1,"name":"Home","item":"https:\/\/craftygenesindonesia.com\/fr\/"},{"@type":"ListItem","position":2,"name":"Boutique de mod\u00e8les","item":"https:\/\/craftygenesindonesia.com\/fr\/boutique\/"},{"@type":"ListItem","position":3,"name":"For the Fallen Armed Forces"}]},{"@type":"WebSite","@id":"https:\/\/craftygenesindonesia.com\/fr\/#website","url":"https:\/\/craftygenesindonesia.com\/fr\/","name":"Craftygenesindonesia","description":"","publisher":{"@id":"https:\/\/craftygenesindonesia.com\/fr\/#organization"},"potentialAction":[{"@type":"SearchAction","target":{"@type":"EntryPoint","urlTemplate":"https:\/\/craftygenesindonesia.com\/fr\/?s={search_term_string}"},"query-input":{"@type":"PropertyValueSpecification","valueRequired":true,"valueName":"search_term_string"}}],"inLanguage":"fr-FR"},{"@type":"Organization","@id":"https:\/\/craftygenesindonesia.com\/fr\/#organization","name":"Craftygenesindonesia","url":"https:\/\/craftygenesindonesia.com\/fr\/","logo":{"@type":"ImageObject","inLanguage":"fr-FR","@id":"https:\/\/craftygenesindonesia.com\/fr\/#\/schema\/logo\/image\/","url":"https:\/\/craftygenesindonesia.com\/wp-content\/uploads\/2025\/11\/cropped-Copy-of-Craftygenesindonesia.jpg","contentUrl":"https:\/\/craftygenesindonesia.com\/wp-content\/uploads\/2025\/11\/cropped-Copy-of-Craftygenesindonesia.jpg","width":180,"height":60,"caption":"Craftygenesindonesia"},"image":{"@id":"https:\/\/craftygenesindonesia.com\/fr\/#\/schema\/logo\/image\/"}}]}},"_links":{"self":[{"href":"https:\/\/craftygenesindonesia.com\/fr\/wp-json\/wp\/v2\/product\/19366","targetHints":{"allow":["GET"]}}],"collection":[{"href":"https:\/\/craftygenesindonesia.com\/fr\/wp-json\/wp\/v2\/product"}],"about":[{"href":"https:\/\/craftygenesindonesia.com\/fr\/wp-json\/wp\/v2\/types\/product"}],"replies":[{"embeddable":true,"href":"https:\/\/craftygenesindonesia.com\/fr\/wp-json\/wp\/v2\/comments?post=19366"}],"wp:featuredmedia":[{"embeddable":true,"href":"https:\/\/craftygenesindonesia.com\/fr\/wp-json\/wp\/v2\/media\/987530718"}],"wp:attachment":[{"href":"https:\/\/craftygenesindonesia.com\/fr\/wp-json\/wp\/v2\/media?parent=19366"}],"wp:term":[{"taxonomy":"product_brand","embeddable":true,"href":"https:\/\/craftygenesindonesia.com\/fr\/wp-json\/wp\/v2\/product_brand?post=19366"},{"taxonomy":"product_cat","embeddable":true,"href":"https:\/\/craftygenesindonesia.com\/fr\/wp-json\/wp\/v2\/product_cat?post=19366"},{"taxonomy":"product_tag","embeddable":true,"href":"https:\/\/craftygenesindonesia.com\/fr\/wp-json\/wp\/v2\/product_tag?post=19366"}],"curies":[{"name":"wp","href":"https:\/\/api.w.org\/{rel}","templated":true}]}}