{"id":19359,"date":"2022-06-26T22:35:15","date_gmt":"2022-06-26T14:35:15","guid":{"rendered":"https:\/\/craftygenesindonesia.com\/?post_type=product&#038;p=19359"},"modified":"2025-11-11T20:11:52","modified_gmt":"2025-11-11T12:11:52","slug":"pour-larmee-de-lair-tombee-au-combat","status":"publish","type":"product","link":"https:\/\/craftygenesindonesia.com\/fr\/shop\/mesdames-et-messieurs\/pour-larmee-de-lair-tombee-au-combat\/","title":{"rendered":"For the Fallen Arm\u00e9e de l&#8217;air"},"content":{"rendered":"<p>Il mesure 22.5cm ou 8.8\u201d et est r\u00e9alis\u00e9 avec un fil de poids \u201cFINGERING\u201d adapt\u00e9 \u00e0 l\u2019amigurumi et un crochet de taille 2mm.<\/p>\n<p>Vous aurez besoin des couleurs suivantes : rouge, couleur chair, noir, bleu-gris, bleu clair, gris, blanc, bleu marine.<\/p>\n<p>Crochet : taille 2mm<\/p>\n<p>Ce mod\u00e8le est un mod\u00e8le \u00e9crit avec de nombreuses photos pour vous aider. Si vous avez encore des questions, envoyez-moi un message \u00e0 :\u00a0<a href=\"mailto:craftygenesindonesia@gmail.com\">craftygenesindonesia@gmail.com<\/a><\/p>\n<p><strong>Ce mod\u00e8le est destin\u00e9 \u00e0 un usage personnel uniquement et il est prot\u00e9g\u00e9 par un COPYRIGHT. Le mod\u00e8le ne peut donc PAS \u00eatre copi\u00e9, vendu, revendu, traduit, revendiqu\u00e9 comme votre mod\u00e8le, distribu\u00e9, partag\u00e9, publi\u00e9, mis en ligne\u2026 sous quelque forme que ce soit sans mon consentement. M\u00eame pas en partie !!!<\/strong>*<\/p>\n<p><strong>Vous pouvez vendre l\u2019article fini en petites quantit\u00e9s MAIS PAS LE MODELE EN LUI-M\u00caME ! Veuillez mentionner que le mod\u00e8le est de Craftygenesindonesia et o\u00f9 il peut \u00eatre achet\u00e9.<\/strong><\/p>\n","protected":false},"excerpt":{"rendered":"<p>Il s&#8217;agit d&#8217;un mod\u00e8le de crochet facile \u00e0 suivre pour un pilote qui fait partie de mon mod\u00e8le de crochet Pour les forces arm\u00e9es tomb\u00e9es au champ d&#8217;honneur.<\/p>\n","protected":false},"featured_media":987520538,"comment_status":"open","ping_status":"closed","template":"","meta":{"_acf_changed":false},"product_brand":[],"product_cat":[3669,3655,10142],"product_tag":[10152,10153],"class_list":{"0":"post-19359","1":"product","2":"type-product","3":"status-publish","4":"has-post-thumbnail","6":"product_cat-memorial","7":"product_cat-mesdames-et-messieurs","8":"product_cat-militaire","9":"product_tag-armee-de-lair-fr","10":"product_tag-militaire-fr","11":"pa_available_on-craftygenesindonesia","12":"pa_available_on-etsy","13":"pa_available_on-haked-nl","14":"pa_available_on-ravelry","15":"pa_languages-americain","16":"pa_languages-espagnol","17":"pa_languages-francais","18":"pa_languages-neerlandais","20":"first","21":"instock","22":"downloadable","23":"virtual","24":"purchasable","25":"product-type-simple"},"acf":[],"yoast_head":"<!-- This site is optimized with the Yoast SEO plugin v27.3 - https:\/\/yoast.com\/product\/yoast-seo-wordpress\/ -->\n<title>For the Fallen Arm\u00e9e de l&#039;air mod\u00e8le de crochet - Craftygenesindonesia<\/title>\n<meta name=\"description\" content=\"Achetez ici mon mod\u00e8le de crochet pour pilote &quot;For The Fallen Arm\u00e9e de l&#039;air&quot;. Le mod\u00e8le est \u00e9galement disponible sur Haked.nl, Etsy et Ravelry.\" \/>\n<meta name=\"robots\" content=\"index, follow, max-snippet:-1, max-image-preview:large, max-video-preview:-1\" \/>\n<link rel=\"canonical\" href=\"https:\/\/craftygenesindonesia.com\/fr\/shop\/mesdames-et-messieurs\/pour-larmee-de-lair-tombee-au-combat\/\" \/>\n<meta property=\"og:locale\" content=\"fr_FR\" \/>\n<meta property=\"og:type\" content=\"article\" \/>\n<meta property=\"og:title\" content=\"Mod\u00e8le de crochet pour pilote &quot;For The Fallen Arm\u00e9e de l&#039;air&quot;\" \/>\n<meta property=\"og:description\" content=\"Achetez ici mon mod\u00e8le de crochet pour pilote &quot;For The Fallen Arm\u00e9e de l&#039;air&quot;. Le mod\u00e8le est \u00e9galement disponible sur Haked.nl, Etsy et Ravelry.\" \/>\n<meta property=\"og:url\" content=\"https:\/\/craftygenesindonesia.com\/fr\/shop\/mesdames-et-messieurs\/pour-larmee-de-lair-tombee-au-combat\/\" \/>\n<meta property=\"og:site_name\" content=\"Craftygenesindonesia\" \/>\n<meta property=\"article:modified_time\" content=\"2025-11-11T12:11:52+00:00\" \/>\n<meta property=\"og:image\" content=\"https:\/\/craftygenesindonesia.com\/wp-content\/uploads\/2022\/06\/For-The-Fallen-Air-Force-2.jpg\" \/>\n\t<meta property=\"og:image:width\" content=\"1080\" \/>\n\t<meta property=\"og:image:height\" content=\"1080\" \/>\n\t<meta property=\"og:image:type\" content=\"image\/jpeg\" \/>\n<meta name=\"twitter:card\" content=\"summary_large_image\" \/>\n<meta name=\"twitter:label1\" content=\"Dur\u00e9e de lecture estim\u00e9e\" \/>\n\t<meta name=\"twitter:data1\" content=\"1 minute\" \/>\n<script type=\"application\/ld+json\" class=\"yoast-schema-graph\">{\"@context\":\"https:\\\/\\\/schema.org\",\"@graph\":[{\"@type\":\"WebPage\",\"@id\":\"https:\\\/\\\/craftygenesindonesia.com\\\/fr\\\/shop\\\/mesdames-et-messieurs\\\/pour-larmee-de-lair-tombee-au-combat\\\/\",\"url\":\"https:\\\/\\\/craftygenesindonesia.com\\\/fr\\\/shop\\\/mesdames-et-messieurs\\\/pour-larmee-de-lair-tombee-au-combat\\\/\",\"name\":\"For the Fallen Arm\u00e9e de l'air mod\u00e8le de crochet - Craftygenesindonesia\",\"isPartOf\":{\"@id\":\"https:\\\/\\\/craftygenesindonesia.com\\\/fr\\\/#website\"},\"primaryImageOfPage\":{\"@id\":\"https:\\\/\\\/craftygenesindonesia.com\\\/fr\\\/shop\\\/mesdames-et-messieurs\\\/pour-larmee-de-lair-tombee-au-combat\\\/#primaryimage\"},\"image\":{\"@id\":\"https:\\\/\\\/craftygenesindonesia.com\\\/fr\\\/shop\\\/mesdames-et-messieurs\\\/pour-larmee-de-lair-tombee-au-combat\\\/#primaryimage\"},\"thumbnailUrl\":\"https:\\\/\\\/craftygenesindonesia.com\\\/wp-content\\\/uploads\\\/2022\\\/06\\\/For-The-Fallen-Air-Force-2.jpg\",\"datePublished\":\"2022-06-26T14:35:15+00:00\",\"dateModified\":\"2025-11-11T12:11:52+00:00\",\"description\":\"Achetez ici mon mod\u00e8le de crochet pour pilote \\\"For The Fallen Arm\u00e9e de l'air\\\". Le mod\u00e8le est \u00e9galement disponible sur Haked.nl, Etsy et Ravelry.\",\"breadcrumb\":{\"@id\":\"https:\\\/\\\/craftygenesindonesia.com\\\/fr\\\/shop\\\/mesdames-et-messieurs\\\/pour-larmee-de-lair-tombee-au-combat\\\/#breadcrumb\"},\"inLanguage\":\"fr-FR\",\"potentialAction\":[{\"@type\":\"ReadAction\",\"target\":[\"https:\\\/\\\/craftygenesindonesia.com\\\/fr\\\/shop\\\/mesdames-et-messieurs\\\/pour-larmee-de-lair-tombee-au-combat\\\/\"]}]},{\"@type\":\"ImageObject\",\"inLanguage\":\"fr-FR\",\"@id\":\"https:\\\/\\\/craftygenesindonesia.com\\\/fr\\\/shop\\\/mesdames-et-messieurs\\\/pour-larmee-de-lair-tombee-au-combat\\\/#primaryimage\",\"url\":\"https:\\\/\\\/craftygenesindonesia.com\\\/wp-content\\\/uploads\\\/2022\\\/06\\\/For-The-Fallen-Air-Force-2.jpg\",\"contentUrl\":\"https:\\\/\\\/craftygenesindonesia.com\\\/wp-content\\\/uploads\\\/2022\\\/06\\\/For-The-Fallen-Air-Force-2.jpg\",\"width\":1080,\"height\":1080,\"caption\":\"crochet pilot\"},{\"@type\":\"BreadcrumbList\",\"@id\":\"https:\\\/\\\/craftygenesindonesia.com\\\/fr\\\/shop\\\/mesdames-et-messieurs\\\/pour-larmee-de-lair-tombee-au-combat\\\/#breadcrumb\",\"itemListElement\":[{\"@type\":\"ListItem\",\"position\":1,\"name\":\"Home\",\"item\":\"https:\\\/\\\/craftygenesindonesia.com\\\/fr\\\/\"},{\"@type\":\"ListItem\",\"position\":2,\"name\":\"Boutique de mod\u00e8les\",\"item\":\"https:\\\/\\\/craftygenesindonesia.com\\\/fr\\\/boutique\\\/\"},{\"@type\":\"ListItem\",\"position\":3,\"name\":\"For the Fallen Arm\u00e9e de l&#8217;air\"}]},{\"@type\":\"WebSite\",\"@id\":\"https:\\\/\\\/craftygenesindonesia.com\\\/fr\\\/#website\",\"url\":\"https:\\\/\\\/craftygenesindonesia.com\\\/fr\\\/\",\"name\":\"Craftygenesindonesia\",\"description\":\"\",\"publisher\":{\"@id\":\"https:\\\/\\\/craftygenesindonesia.com\\\/fr\\\/#organization\"},\"potentialAction\":[{\"@type\":\"SearchAction\",\"target\":{\"@type\":\"EntryPoint\",\"urlTemplate\":\"https:\\\/\\\/craftygenesindonesia.com\\\/fr\\\/?s={search_term_string}\"},\"query-input\":{\"@type\":\"PropertyValueSpecification\",\"valueRequired\":true,\"valueName\":\"search_term_string\"}}],\"inLanguage\":\"fr-FR\"},{\"@type\":\"Organization\",\"@id\":\"https:\\\/\\\/craftygenesindonesia.com\\\/fr\\\/#organization\",\"name\":\"Craftygenesindonesia\",\"url\":\"https:\\\/\\\/craftygenesindonesia.com\\\/fr\\\/\",\"logo\":{\"@type\":\"ImageObject\",\"inLanguage\":\"fr-FR\",\"@id\":\"https:\\\/\\\/craftygenesindonesia.com\\\/fr\\\/#\\\/schema\\\/logo\\\/image\\\/\",\"url\":\"https:\\\/\\\/craftygenesindonesia.com\\\/wp-content\\\/uploads\\\/2025\\\/11\\\/cropped-Copy-of-Craftygenesindonesia.jpg\",\"contentUrl\":\"https:\\\/\\\/craftygenesindonesia.com\\\/wp-content\\\/uploads\\\/2025\\\/11\\\/cropped-Copy-of-Craftygenesindonesia.jpg\",\"width\":180,\"height\":60,\"caption\":\"Craftygenesindonesia\"},\"image\":{\"@id\":\"https:\\\/\\\/craftygenesindonesia.com\\\/fr\\\/#\\\/schema\\\/logo\\\/image\\\/\"}}]}<\/script>\n<!-- \/ Yoast SEO plugin. -->","yoast_head_json":{"title":"For the Fallen Arm\u00e9e de l'air mod\u00e8le de crochet - Craftygenesindonesia","description":"Achetez ici mon mod\u00e8le de crochet pour pilote \"For The Fallen Arm\u00e9e de l'air\". Le mod\u00e8le est \u00e9galement disponible sur Haked.nl, Etsy et Ravelry.","robots":{"index":"index","follow":"follow","max-snippet":"max-snippet:-1","max-image-preview":"max-image-preview:large","max-video-preview":"max-video-preview:-1"},"canonical":"https:\/\/craftygenesindonesia.com\/fr\/shop\/mesdames-et-messieurs\/pour-larmee-de-lair-tombee-au-combat\/","og_locale":"fr_FR","og_type":"article","og_title":"Mod\u00e8le de crochet pour pilote \"For The Fallen Arm\u00e9e de l'air\"","og_description":"Achetez ici mon mod\u00e8le de crochet pour pilote \"For The Fallen Arm\u00e9e de l'air\". Le mod\u00e8le est \u00e9galement disponible sur Haked.nl, Etsy et Ravelry.","og_url":"https:\/\/craftygenesindonesia.com\/fr\/shop\/mesdames-et-messieurs\/pour-larmee-de-lair-tombee-au-combat\/","og_site_name":"Craftygenesindonesia","article_modified_time":"2025-11-11T12:11:52+00:00","og_image":[{"width":1080,"height":1080,"url":"https:\/\/craftygenesindonesia.com\/wp-content\/uploads\/2022\/06\/For-The-Fallen-Air-Force-2.jpg","type":"image\/jpeg"}],"twitter_card":"summary_large_image","twitter_misc":{"Dur\u00e9e de lecture estim\u00e9e":"1 minute"},"schema":{"@context":"https:\/\/schema.org","@graph":[{"@type":"WebPage","@id":"https:\/\/craftygenesindonesia.com\/fr\/shop\/mesdames-et-messieurs\/pour-larmee-de-lair-tombee-au-combat\/","url":"https:\/\/craftygenesindonesia.com\/fr\/shop\/mesdames-et-messieurs\/pour-larmee-de-lair-tombee-au-combat\/","name":"For the Fallen Arm\u00e9e de l'air mod\u00e8le de crochet - Craftygenesindonesia","isPartOf":{"@id":"https:\/\/craftygenesindonesia.com\/fr\/#website"},"primaryImageOfPage":{"@id":"https:\/\/craftygenesindonesia.com\/fr\/shop\/mesdames-et-messieurs\/pour-larmee-de-lair-tombee-au-combat\/#primaryimage"},"image":{"@id":"https:\/\/craftygenesindonesia.com\/fr\/shop\/mesdames-et-messieurs\/pour-larmee-de-lair-tombee-au-combat\/#primaryimage"},"thumbnailUrl":"https:\/\/craftygenesindonesia.com\/wp-content\/uploads\/2022\/06\/For-The-Fallen-Air-Force-2.jpg","datePublished":"2022-06-26T14:35:15+00:00","dateModified":"2025-11-11T12:11:52+00:00","description":"Achetez ici mon mod\u00e8le de crochet pour pilote \"For The Fallen Arm\u00e9e de l'air\". Le mod\u00e8le est \u00e9galement disponible sur Haked.nl, Etsy et Ravelry.","breadcrumb":{"@id":"https:\/\/craftygenesindonesia.com\/fr\/shop\/mesdames-et-messieurs\/pour-larmee-de-lair-tombee-au-combat\/#breadcrumb"},"inLanguage":"fr-FR","potentialAction":[{"@type":"ReadAction","target":["https:\/\/craftygenesindonesia.com\/fr\/shop\/mesdames-et-messieurs\/pour-larmee-de-lair-tombee-au-combat\/"]}]},{"@type":"ImageObject","inLanguage":"fr-FR","@id":"https:\/\/craftygenesindonesia.com\/fr\/shop\/mesdames-et-messieurs\/pour-larmee-de-lair-tombee-au-combat\/#primaryimage","url":"https:\/\/craftygenesindonesia.com\/wp-content\/uploads\/2022\/06\/For-The-Fallen-Air-Force-2.jpg","contentUrl":"https:\/\/craftygenesindonesia.com\/wp-content\/uploads\/2022\/06\/For-The-Fallen-Air-Force-2.jpg","width":1080,"height":1080,"caption":"crochet pilot"},{"@type":"BreadcrumbList","@id":"https:\/\/craftygenesindonesia.com\/fr\/shop\/mesdames-et-messieurs\/pour-larmee-de-lair-tombee-au-combat\/#breadcrumb","itemListElement":[{"@type":"ListItem","position":1,"name":"Home","item":"https:\/\/craftygenesindonesia.com\/fr\/"},{"@type":"ListItem","position":2,"name":"Boutique de mod\u00e8les","item":"https:\/\/craftygenesindonesia.com\/fr\/boutique\/"},{"@type":"ListItem","position":3,"name":"For the Fallen Arm\u00e9e de l&#8217;air"}]},{"@type":"WebSite","@id":"https:\/\/craftygenesindonesia.com\/fr\/#website","url":"https:\/\/craftygenesindonesia.com\/fr\/","name":"Craftygenesindonesia","description":"","publisher":{"@id":"https:\/\/craftygenesindonesia.com\/fr\/#organization"},"potentialAction":[{"@type":"SearchAction","target":{"@type":"EntryPoint","urlTemplate":"https:\/\/craftygenesindonesia.com\/fr\/?s={search_term_string}"},"query-input":{"@type":"PropertyValueSpecification","valueRequired":true,"valueName":"search_term_string"}}],"inLanguage":"fr-FR"},{"@type":"Organization","@id":"https:\/\/craftygenesindonesia.com\/fr\/#organization","name":"Craftygenesindonesia","url":"https:\/\/craftygenesindonesia.com\/fr\/","logo":{"@type":"ImageObject","inLanguage":"fr-FR","@id":"https:\/\/craftygenesindonesia.com\/fr\/#\/schema\/logo\/image\/","url":"https:\/\/craftygenesindonesia.com\/wp-content\/uploads\/2025\/11\/cropped-Copy-of-Craftygenesindonesia.jpg","contentUrl":"https:\/\/craftygenesindonesia.com\/wp-content\/uploads\/2025\/11\/cropped-Copy-of-Craftygenesindonesia.jpg","width":180,"height":60,"caption":"Craftygenesindonesia"},"image":{"@id":"https:\/\/craftygenesindonesia.com\/fr\/#\/schema\/logo\/image\/"}}]}},"_links":{"self":[{"href":"https:\/\/craftygenesindonesia.com\/fr\/wp-json\/wp\/v2\/product\/19359","targetHints":{"allow":["GET"]}}],"collection":[{"href":"https:\/\/craftygenesindonesia.com\/fr\/wp-json\/wp\/v2\/product"}],"about":[{"href":"https:\/\/craftygenesindonesia.com\/fr\/wp-json\/wp\/v2\/types\/product"}],"replies":[{"embeddable":true,"href":"https:\/\/craftygenesindonesia.com\/fr\/wp-json\/wp\/v2\/comments?post=19359"}],"wp:featuredmedia":[{"embeddable":true,"href":"https:\/\/craftygenesindonesia.com\/fr\/wp-json\/wp\/v2\/media\/987520538"}],"wp:attachment":[{"href":"https:\/\/craftygenesindonesia.com\/fr\/wp-json\/wp\/v2\/media?parent=19359"}],"wp:term":[{"taxonomy":"product_brand","embeddable":true,"href":"https:\/\/craftygenesindonesia.com\/fr\/wp-json\/wp\/v2\/product_brand?post=19359"},{"taxonomy":"product_cat","embeddable":true,"href":"https:\/\/craftygenesindonesia.com\/fr\/wp-json\/wp\/v2\/product_cat?post=19359"},{"taxonomy":"product_tag","embeddable":true,"href":"https:\/\/craftygenesindonesia.com\/fr\/wp-json\/wp\/v2\/product_tag?post=19359"}],"curies":[{"name":"wp","href":"https:\/\/api.w.org\/{rel}","templated":true}]}}