{"id":19350,"date":"2022-06-26T21:34:42","date_gmt":"2022-06-26T13:34:42","guid":{"rendered":"https:\/\/craftygenesindonesia.com\/?post_type=product&#038;p=19350"},"modified":"2025-11-11T20:14:19","modified_gmt":"2025-11-11T12:14:19","slug":"la-duchesse-hollande-edition","status":"publish","type":"product","link":"https:\/\/craftygenesindonesia.com\/fr\/shop\/mesdames-et-messieurs\/la-duchesse-hollande-edition\/","title":{"rendered":"La duchesse, \u00e9dition hollandaise"},"content":{"rendered":"<p>La duchesse est r\u00e9alis\u00e9e avec un fil de poids \u201cFINGERING\u201d et un crochet de taille 2mm.<\/p>\n<p>Vous aurez besoin des couleurs suivantes : blanc, rouge, couleur de peau, bleu cobalt, jaune, noir et un peu de marron fonc\u00e9.<\/p>\n<p>Taille de la poup\u00e9e : 21cm\/ 8.2\u201d<\/p>\n<p>Crochet : taille 2mm<\/p>\n<p>Ce mod\u00e8le est un mod\u00e8le \u00e9crit avec de nombreuses photos pour vous aider. Si vous avez encore des questions, n\u2019h\u00e9sitez pas \u00e0 m\u2019envoyer un message \u00e0 l\u2019adresse suivante :\u00a0<a href=\"mailto:craftygenesindonesia@gmail.com\">craftygenesindonesia@gmail.com<\/a><\/p>\n<p><strong>-Ce mod\u00e8le est destin\u00e9 \u00e0 un usage personnel uniquement et il est prot\u00e9g\u00e9 par un COPYRIGHT. Le mod\u00e8le ne peut donc PAS \u00eatre copi\u00e9, vendu, revendu, traduit, revendiqu\u00e9 comme votre mod\u00e8le, distribu\u00e9, partag\u00e9, publi\u00e9, mis en ligne\u2026 sous quelque forme que ce soit sans mon consentement. M\u00eame pas en partie !!!<\/strong><\/p>\n<p><strong>-Vous pouvez vendre l\u2019article fini en petites quantit\u00e9s MAIS PAS LE MODELE EN LUI-M\u00caME ! Veuillez mentionner que le mod\u00e8le est de Craftygenesindonesia et o\u00f9 il peut \u00eatre achet\u00e9.<\/strong><\/p>\n","protected":false},"excerpt":{"rendered":"<p>Voici un patron de crochet facile \u00e0 suivre pour une belle fille hollandaise = la Duchesse, \u00e9dition hollandaise.\u00a0 C&#8217;est la troisi\u00e8me \u00e9dition de ma s\u00e9rie <a href=\"https:\/\/craftygenesindonesia.com\/fr\/cat%C3%A9gorie-de-produit\/la-duchesse\/\" target=\"_blank\" rel=\"noopener\">La Duchesse<\/a><\/p>\n","protected":false},"featured_media":987526034,"comment_status":"open","ping_status":"closed","template":"","meta":{"_acf_changed":false},"product_brand":[],"product_cat":[3657,3655],"product_tag":[10658,12113,11249,11619,12110,10724],"class_list":{"0":"post-19350","1":"product","2":"type-product","3":"status-publish","4":"has-post-thumbnail","6":"product_cat-la-duchesse","7":"product_cat-mesdames-et-messieurs","8":"product_tag-fille-hollandaise","9":"product_tag-historic-lady-fr","10":"product_tag-historique-fr","11":"product_tag-la-duchesse","12":"product_tag-lady","13":"product_tag-pays-bas","14":"pa_available_on-craftygenesindonesia","15":"pa_available_on-etsy","16":"pa_available_on-haked-nl","17":"pa_available_on-payhip","18":"pa_available_on-ravelry","19":"pa_languages-allemand","20":"pa_languages-americain","21":"pa_languages-espagnol","22":"pa_languages-francais","23":"pa_languages-neerlandais","25":"first","26":"instock","27":"downloadable","28":"virtual","29":"purchasable","30":"product-type-simple"},"acf":[],"yoast_head":"<!-- This site is optimized with the Yoast SEO plugin v27.4 - https:\/\/yoast.com\/product\/yoast-seo-wordpress\/ -->\n<title>La duchesse, \u00e9dition hollandaise mod\u00e8le de crochet - Craftygenesindonesia<\/title>\n<meta name=\"description\" content=\"Achetez mon mod\u00e8le de crochet pour fille hollandaise \u00ab Duchess, Holland Edition \u00bb ici, \u00e9galement disponible sur Etsy, Haked.nl, Ravelry, Payhip\" \/>\n<meta name=\"robots\" content=\"index, follow, max-snippet:-1, max-image-preview:large, max-video-preview:-1\" \/>\n<link rel=\"canonical\" href=\"https:\/\/craftygenesindonesia.com\/fr\/shop\/mesdames-et-messieurs\/la-duchesse-hollande-edition\/\" \/>\n<meta property=\"og:locale\" content=\"fr_FR\" \/>\n<meta property=\"og:type\" content=\"article\" \/>\n<meta property=\"og:title\" content=\"Mod\u00e8le de crochet pour fille hollandaise &quot; Duchesse, \u00c9dition Hollande&quot;\" \/>\n<meta property=\"og:description\" content=\"Achetez mon mod\u00e8le de crochet pour fille hollandaise \u00ab Duchess, Holland Edition \u00bb ici, \u00e9galement disponible sur Etsy, Haked.nl, Ravelry, Payhip\" \/>\n<meta property=\"og:url\" content=\"https:\/\/craftygenesindonesia.com\/fr\/shop\/mesdames-et-messieurs\/la-duchesse-hollande-edition\/\" \/>\n<meta property=\"og:site_name\" content=\"Craftygenesindonesia\" \/>\n<meta property=\"article:modified_time\" content=\"2025-11-11T12:14:19+00:00\" \/>\n<meta property=\"og:image\" content=\"https:\/\/craftygenesindonesia.com\/wp-content\/uploads\/2022\/06\/The-Duchess-Holland-Edition-2.jpg\" \/>\n\t<meta property=\"og:image:width\" content=\"1080\" \/>\n\t<meta property=\"og:image:height\" content=\"1080\" \/>\n\t<meta property=\"og:image:type\" content=\"image\/jpeg\" \/>\n<meta name=\"twitter:card\" content=\"summary_large_image\" \/>\n<meta name=\"twitter:label1\" content=\"Dur\u00e9e de lecture estim\u00e9e\" \/>\n\t<meta name=\"twitter:data1\" content=\"1 minute\" \/>\n<script type=\"application\/ld+json\" class=\"yoast-schema-graph\">{\"@context\":\"https:\\\/\\\/schema.org\",\"@graph\":[{\"@type\":\"WebPage\",\"@id\":\"https:\\\/\\\/craftygenesindonesia.com\\\/fr\\\/shop\\\/mesdames-et-messieurs\\\/la-duchesse-hollande-edition\\\/\",\"url\":\"https:\\\/\\\/craftygenesindonesia.com\\\/fr\\\/shop\\\/mesdames-et-messieurs\\\/la-duchesse-hollande-edition\\\/\",\"name\":\"La duchesse, \u00e9dition hollandaise mod\u00e8le de crochet - Craftygenesindonesia\",\"isPartOf\":{\"@id\":\"https:\\\/\\\/craftygenesindonesia.com\\\/fr\\\/#website\"},\"primaryImageOfPage\":{\"@id\":\"https:\\\/\\\/craftygenesindonesia.com\\\/fr\\\/shop\\\/mesdames-et-messieurs\\\/la-duchesse-hollande-edition\\\/#primaryimage\"},\"image\":{\"@id\":\"https:\\\/\\\/craftygenesindonesia.com\\\/fr\\\/shop\\\/mesdames-et-messieurs\\\/la-duchesse-hollande-edition\\\/#primaryimage\"},\"thumbnailUrl\":\"https:\\\/\\\/craftygenesindonesia.com\\\/wp-content\\\/uploads\\\/2022\\\/06\\\/The-Duchess-Holland-Edition-2.jpg\",\"datePublished\":\"2022-06-26T13:34:42+00:00\",\"dateModified\":\"2025-11-11T12:14:19+00:00\",\"description\":\"Achetez mon mod\u00e8le de crochet pour fille hollandaise \u00ab Duchess, Holland Edition \u00bb ici, \u00e9galement disponible sur Etsy, Haked.nl, Ravelry, Payhip\",\"breadcrumb\":{\"@id\":\"https:\\\/\\\/craftygenesindonesia.com\\\/fr\\\/shop\\\/mesdames-et-messieurs\\\/la-duchesse-hollande-edition\\\/#breadcrumb\"},\"inLanguage\":\"fr-FR\",\"potentialAction\":[{\"@type\":\"ReadAction\",\"target\":[\"https:\\\/\\\/craftygenesindonesia.com\\\/fr\\\/shop\\\/mesdames-et-messieurs\\\/la-duchesse-hollande-edition\\\/\"]}]},{\"@type\":\"ImageObject\",\"inLanguage\":\"fr-FR\",\"@id\":\"https:\\\/\\\/craftygenesindonesia.com\\\/fr\\\/shop\\\/mesdames-et-messieurs\\\/la-duchesse-hollande-edition\\\/#primaryimage\",\"url\":\"https:\\\/\\\/craftygenesindonesia.com\\\/wp-content\\\/uploads\\\/2022\\\/06\\\/The-Duchess-Holland-Edition-2.jpg\",\"contentUrl\":\"https:\\\/\\\/craftygenesindonesia.com\\\/wp-content\\\/uploads\\\/2022\\\/06\\\/The-Duchess-Holland-Edition-2.jpg\",\"width\":1080,\"height\":1080,\"caption\":\"crochet Dutch Holland girl doll\"},{\"@type\":\"BreadcrumbList\",\"@id\":\"https:\\\/\\\/craftygenesindonesia.com\\\/fr\\\/shop\\\/mesdames-et-messieurs\\\/la-duchesse-hollande-edition\\\/#breadcrumb\",\"itemListElement\":[{\"@type\":\"ListItem\",\"position\":1,\"name\":\"Home\",\"item\":\"https:\\\/\\\/craftygenesindonesia.com\\\/fr\\\/\"},{\"@type\":\"ListItem\",\"position\":2,\"name\":\"Boutique de mod\u00e8les\",\"item\":\"https:\\\/\\\/craftygenesindonesia.com\\\/fr\\\/boutique\\\/\"},{\"@type\":\"ListItem\",\"position\":3,\"name\":\"La duchesse, \u00e9dition hollandaise\"}]},{\"@type\":\"WebSite\",\"@id\":\"https:\\\/\\\/craftygenesindonesia.com\\\/fr\\\/#website\",\"url\":\"https:\\\/\\\/craftygenesindonesia.com\\\/fr\\\/\",\"name\":\"Craftygenesindonesia\",\"description\":\"\",\"publisher\":{\"@id\":\"https:\\\/\\\/craftygenesindonesia.com\\\/fr\\\/#organization\"},\"potentialAction\":[{\"@type\":\"SearchAction\",\"target\":{\"@type\":\"EntryPoint\",\"urlTemplate\":\"https:\\\/\\\/craftygenesindonesia.com\\\/fr\\\/?s={search_term_string}\"},\"query-input\":{\"@type\":\"PropertyValueSpecification\",\"valueRequired\":true,\"valueName\":\"search_term_string\"}}],\"inLanguage\":\"fr-FR\"},{\"@type\":\"Organization\",\"@id\":\"https:\\\/\\\/craftygenesindonesia.com\\\/fr\\\/#organization\",\"name\":\"Craftygenesindonesia\",\"url\":\"https:\\\/\\\/craftygenesindonesia.com\\\/fr\\\/\",\"logo\":{\"@type\":\"ImageObject\",\"inLanguage\":\"fr-FR\",\"@id\":\"https:\\\/\\\/craftygenesindonesia.com\\\/fr\\\/#\\\/schema\\\/logo\\\/image\\\/\",\"url\":\"https:\\\/\\\/craftygenesindonesia.com\\\/wp-content\\\/uploads\\\/2025\\\/11\\\/cropped-Copy-of-Craftygenesindonesia.jpg\",\"contentUrl\":\"https:\\\/\\\/craftygenesindonesia.com\\\/wp-content\\\/uploads\\\/2025\\\/11\\\/cropped-Copy-of-Craftygenesindonesia.jpg\",\"width\":180,\"height\":60,\"caption\":\"Craftygenesindonesia\"},\"image\":{\"@id\":\"https:\\\/\\\/craftygenesindonesia.com\\\/fr\\\/#\\\/schema\\\/logo\\\/image\\\/\"}}]}<\/script>\n<!-- \/ Yoast SEO plugin. -->","yoast_head_json":{"title":"La duchesse, \u00e9dition hollandaise mod\u00e8le de crochet - Craftygenesindonesia","description":"Achetez mon mod\u00e8le de crochet pour fille hollandaise \u00ab Duchess, Holland Edition \u00bb ici, \u00e9galement disponible sur Etsy, Haked.nl, Ravelry, Payhip","robots":{"index":"index","follow":"follow","max-snippet":"max-snippet:-1","max-image-preview":"max-image-preview:large","max-video-preview":"max-video-preview:-1"},"canonical":"https:\/\/craftygenesindonesia.com\/fr\/shop\/mesdames-et-messieurs\/la-duchesse-hollande-edition\/","og_locale":"fr_FR","og_type":"article","og_title":"Mod\u00e8le de crochet pour fille hollandaise \" Duchesse, \u00c9dition Hollande\"","og_description":"Achetez mon mod\u00e8le de crochet pour fille hollandaise \u00ab Duchess, Holland Edition \u00bb ici, \u00e9galement disponible sur Etsy, Haked.nl, Ravelry, Payhip","og_url":"https:\/\/craftygenesindonesia.com\/fr\/shop\/mesdames-et-messieurs\/la-duchesse-hollande-edition\/","og_site_name":"Craftygenesindonesia","article_modified_time":"2025-11-11T12:14:19+00:00","og_image":[{"width":1080,"height":1080,"url":"https:\/\/craftygenesindonesia.com\/wp-content\/uploads\/2022\/06\/The-Duchess-Holland-Edition-2.jpg","type":"image\/jpeg"}],"twitter_card":"summary_large_image","twitter_misc":{"Dur\u00e9e de lecture estim\u00e9e":"1 minute"},"schema":{"@context":"https:\/\/schema.org","@graph":[{"@type":"WebPage","@id":"https:\/\/craftygenesindonesia.com\/fr\/shop\/mesdames-et-messieurs\/la-duchesse-hollande-edition\/","url":"https:\/\/craftygenesindonesia.com\/fr\/shop\/mesdames-et-messieurs\/la-duchesse-hollande-edition\/","name":"La duchesse, \u00e9dition hollandaise mod\u00e8le de crochet - Craftygenesindonesia","isPartOf":{"@id":"https:\/\/craftygenesindonesia.com\/fr\/#website"},"primaryImageOfPage":{"@id":"https:\/\/craftygenesindonesia.com\/fr\/shop\/mesdames-et-messieurs\/la-duchesse-hollande-edition\/#primaryimage"},"image":{"@id":"https:\/\/craftygenesindonesia.com\/fr\/shop\/mesdames-et-messieurs\/la-duchesse-hollande-edition\/#primaryimage"},"thumbnailUrl":"https:\/\/craftygenesindonesia.com\/wp-content\/uploads\/2022\/06\/The-Duchess-Holland-Edition-2.jpg","datePublished":"2022-06-26T13:34:42+00:00","dateModified":"2025-11-11T12:14:19+00:00","description":"Achetez mon mod\u00e8le de crochet pour fille hollandaise \u00ab Duchess, Holland Edition \u00bb ici, \u00e9galement disponible sur Etsy, Haked.nl, Ravelry, Payhip","breadcrumb":{"@id":"https:\/\/craftygenesindonesia.com\/fr\/shop\/mesdames-et-messieurs\/la-duchesse-hollande-edition\/#breadcrumb"},"inLanguage":"fr-FR","potentialAction":[{"@type":"ReadAction","target":["https:\/\/craftygenesindonesia.com\/fr\/shop\/mesdames-et-messieurs\/la-duchesse-hollande-edition\/"]}]},{"@type":"ImageObject","inLanguage":"fr-FR","@id":"https:\/\/craftygenesindonesia.com\/fr\/shop\/mesdames-et-messieurs\/la-duchesse-hollande-edition\/#primaryimage","url":"https:\/\/craftygenesindonesia.com\/wp-content\/uploads\/2022\/06\/The-Duchess-Holland-Edition-2.jpg","contentUrl":"https:\/\/craftygenesindonesia.com\/wp-content\/uploads\/2022\/06\/The-Duchess-Holland-Edition-2.jpg","width":1080,"height":1080,"caption":"crochet Dutch Holland girl doll"},{"@type":"BreadcrumbList","@id":"https:\/\/craftygenesindonesia.com\/fr\/shop\/mesdames-et-messieurs\/la-duchesse-hollande-edition\/#breadcrumb","itemListElement":[{"@type":"ListItem","position":1,"name":"Home","item":"https:\/\/craftygenesindonesia.com\/fr\/"},{"@type":"ListItem","position":2,"name":"Boutique de mod\u00e8les","item":"https:\/\/craftygenesindonesia.com\/fr\/boutique\/"},{"@type":"ListItem","position":3,"name":"La duchesse, \u00e9dition hollandaise"}]},{"@type":"WebSite","@id":"https:\/\/craftygenesindonesia.com\/fr\/#website","url":"https:\/\/craftygenesindonesia.com\/fr\/","name":"Craftygenesindonesia","description":"","publisher":{"@id":"https:\/\/craftygenesindonesia.com\/fr\/#organization"},"potentialAction":[{"@type":"SearchAction","target":{"@type":"EntryPoint","urlTemplate":"https:\/\/craftygenesindonesia.com\/fr\/?s={search_term_string}"},"query-input":{"@type":"PropertyValueSpecification","valueRequired":true,"valueName":"search_term_string"}}],"inLanguage":"fr-FR"},{"@type":"Organization","@id":"https:\/\/craftygenesindonesia.com\/fr\/#organization","name":"Craftygenesindonesia","url":"https:\/\/craftygenesindonesia.com\/fr\/","logo":{"@type":"ImageObject","inLanguage":"fr-FR","@id":"https:\/\/craftygenesindonesia.com\/fr\/#\/schema\/logo\/image\/","url":"https:\/\/craftygenesindonesia.com\/wp-content\/uploads\/2025\/11\/cropped-Copy-of-Craftygenesindonesia.jpg","contentUrl":"https:\/\/craftygenesindonesia.com\/wp-content\/uploads\/2025\/11\/cropped-Copy-of-Craftygenesindonesia.jpg","width":180,"height":60,"caption":"Craftygenesindonesia"},"image":{"@id":"https:\/\/craftygenesindonesia.com\/fr\/#\/schema\/logo\/image\/"}}]}},"_links":{"self":[{"href":"https:\/\/craftygenesindonesia.com\/fr\/wp-json\/wp\/v2\/product\/19350","targetHints":{"allow":["GET"]}}],"collection":[{"href":"https:\/\/craftygenesindonesia.com\/fr\/wp-json\/wp\/v2\/product"}],"about":[{"href":"https:\/\/craftygenesindonesia.com\/fr\/wp-json\/wp\/v2\/types\/product"}],"replies":[{"embeddable":true,"href":"https:\/\/craftygenesindonesia.com\/fr\/wp-json\/wp\/v2\/comments?post=19350"}],"wp:featuredmedia":[{"embeddable":true,"href":"https:\/\/craftygenesindonesia.com\/fr\/wp-json\/wp\/v2\/media\/987526034"}],"wp:attachment":[{"href":"https:\/\/craftygenesindonesia.com\/fr\/wp-json\/wp\/v2\/media?parent=19350"}],"wp:term":[{"taxonomy":"product_brand","embeddable":true,"href":"https:\/\/craftygenesindonesia.com\/fr\/wp-json\/wp\/v2\/product_brand?post=19350"},{"taxonomy":"product_cat","embeddable":true,"href":"https:\/\/craftygenesindonesia.com\/fr\/wp-json\/wp\/v2\/product_cat?post=19350"},{"taxonomy":"product_tag","embeddable":true,"href":"https:\/\/craftygenesindonesia.com\/fr\/wp-json\/wp\/v2\/product_tag?post=19350"}],"curies":[{"name":"wp","href":"https:\/\/api.w.org\/{rel}","templated":true}]}}