{"id":19310,"date":"2022-06-25T08:54:44","date_gmt":"2022-06-25T00:54:44","guid":{"rendered":"https:\/\/craftygenesindonesia.com\/?post_type=product&#038;p=19310"},"modified":"2025-11-11T20:34:03","modified_gmt":"2025-11-11T12:34:03","slug":"la-duchesse-edition-de-noel","status":"publish","type":"product","link":"https:\/\/craftygenesindonesia.com\/fr\/shop\/noel\/la-duchesse-edition-de-noel\/","title":{"rendered":"La duchesse, \u00e9dition de No\u00ebl"},"content":{"rendered":"<p>Elle mesure 21cm ou 8.2\u201d et est r\u00e9alis\u00e9e avec un fil de poids \u201cFINGERING\u201d adapt\u00e9 aux amigurumi et un crochet de taille 2mm.<\/p>\n<p>Vous aurez besoin des couleurs suivantes : rouge, blanc, couleur chair, marron fonc\u00e9, or m\u00e9tallique.<\/p>\n<p>Vous aurez \u00e9galement besoin de perles, de fil de fer et d\u2019une breloque \u00e9toile de 10 mm.<\/p>\n<p>Crochet : taille 2mm.<\/p>\n<p>Ce mod\u00e8le comprend un sch\u00e9ma \u00e9crit et de nombreuses photos pour vous aider.<br \/>\nSi vous avez des probl\u00e8mes de compr\u00e9hension, n\u2019h\u00e9sitez pas \u00e0 m\u2019envoyer un message \u00e0 l\u2019adresse suivante :\u00a0<a href=\"mailto:craftygenesindonesia@gmail.com\">craftygenesindonesia@gmail.com<\/a><\/p>\n<p><strong>-Ce mod\u00e8le est destin\u00e9 \u00e0 un usage personnel et il est prot\u00e9g\u00e9 par un COPYRIGHT. Il ne peut donc \u00eatre copi\u00e9, vendu, revendu, traduit, revendiqu\u00e9 comme votre mod\u00e8le, distribu\u00e9, partag\u00e9, publi\u00e9, mis en ligne\u2026 sous quelque forme que ce soit sans mon consentement. M\u00eame pas en partie !<\/strong><\/p>\n<p><strong>Vous pouvez vendre l\u2019article fini mais pas le mod\u00e8le lui-m\u00eame !<\/strong><\/p>\n","protected":false},"excerpt":{"rendered":"<p>Voici un mod\u00e8le de crochet facile \u00e0 suivre pour une magnifique poup\u00e9e de No\u00ebl.\u00a0 C&#8217;est la toute premi\u00e8re \u00e9dition de ma s\u00e9rie <a href=\"https:\/\/craftygenesindonesia.com\/fr\/cat%C3%A9gorie-de-produit\/la-duchesse\/\" target=\"_blank\" rel=\"noopener\">La Duchesse.<\/a><\/p>\n","protected":false},"featured_media":987525684,"comment_status":"open","ping_status":"closed","template":"","meta":{"_acf_changed":false},"product_brand":[],"product_cat":[3653,3655,3657],"product_tag":[11094,12110,12112,11090,10752,12116,12114],"class_list":{"0":"post-19310","1":"product","2":"type-product","3":"status-publish","4":"has-post-thumbnail","6":"product_cat-noel","7":"product_cat-mesdames-et-messieurs","8":"product_cat-la-duchesse","9":"product_tag-duchesse-fr","10":"product_tag-lady","11":"product_tag-lady-in-red-fr","12":"product_tag-poupee-fr","13":"product_tag-rouge-fr","14":"product_tag-victorian-fr","15":"product_tag-victorian-lady-fr","16":"pa_available_on-craftygenesindonesia","17":"pa_available_on-etsy","18":"pa_available_on-haked-nl","19":"pa_available_on-payhip","20":"pa_available_on-ravelry","21":"pa_languages-allemand","22":"pa_languages-americain","23":"pa_languages-espagnol","24":"pa_languages-francais","25":"pa_languages-neerlandais","26":"pa_languages-portugais","28":"first","29":"instock","30":"downloadable","31":"virtual","32":"purchasable","33":"product-type-simple"},"acf":[],"yoast_head":"<!-- This site is optimized with the Yoast SEO plugin v27.3 - https:\/\/yoast.com\/product\/yoast-seo-wordpress\/ -->\n<title>La duchesse, \u00e9dition de No\u00ebl mod\u00e8le de crochet - Craftygenesindonesia<\/title>\n<meta name=\"description\" content=\"Achetez ici mon patron de crochet &quot;Duchesse, \u00e9dition de No\u00ebl&quot;. Le mod\u00e8le est \u00e9galement disponible sur Haked.nl, Etsy, Ravelry, Payhip\" \/>\n<meta name=\"robots\" content=\"index, follow, max-snippet:-1, max-image-preview:large, max-video-preview:-1\" \/>\n<link rel=\"canonical\" href=\"https:\/\/craftygenesindonesia.com\/fr\/shop\/noel\/la-duchesse-edition-de-noel\/\" \/>\n<meta property=\"og:locale\" content=\"fr_FR\" \/>\n<meta property=\"og:type\" content=\"article\" \/>\n<meta property=\"og:title\" content=\"Patron de crochet &quot;Duchesse, \u00e9dition de No\u00ebl&quot;\" \/>\n<meta property=\"og:description\" content=\"Achetez ici mon patron de crochet &quot;Duchesse, \u00e9dition de No\u00ebl&quot;. Le mod\u00e8le est \u00e9galement disponible sur Haked.nl, Etsy, Ravelry, Payhip\" \/>\n<meta property=\"og:url\" content=\"https:\/\/craftygenesindonesia.com\/fr\/shop\/noel\/la-duchesse-edition-de-noel\/\" \/>\n<meta property=\"og:site_name\" content=\"Craftygenesindonesia\" \/>\n<meta property=\"article:modified_time\" content=\"2025-11-11T12:34:03+00:00\" \/>\n<meta property=\"og:image\" content=\"https:\/\/craftygenesindonesia.com\/wp-content\/uploads\/2022\/06\/The-Duchess-Christmas-Edition-1.jpg\" \/>\n\t<meta property=\"og:image:width\" content=\"1080\" \/>\n\t<meta property=\"og:image:height\" content=\"1080\" \/>\n\t<meta property=\"og:image:type\" content=\"image\/jpeg\" \/>\n<meta name=\"twitter:card\" content=\"summary_large_image\" \/>\n<meta name=\"twitter:label1\" content=\"Dur\u00e9e de lecture estim\u00e9e\" \/>\n\t<meta name=\"twitter:data1\" content=\"1 minute\" \/>\n<script type=\"application\/ld+json\" class=\"yoast-schema-graph\">{\"@context\":\"https:\\\/\\\/schema.org\",\"@graph\":[{\"@type\":\"WebPage\",\"@id\":\"https:\\\/\\\/craftygenesindonesia.com\\\/fr\\\/shop\\\/noel\\\/la-duchesse-edition-de-noel\\\/\",\"url\":\"https:\\\/\\\/craftygenesindonesia.com\\\/fr\\\/shop\\\/noel\\\/la-duchesse-edition-de-noel\\\/\",\"name\":\"La duchesse, \u00e9dition de No\u00ebl mod\u00e8le de crochet - Craftygenesindonesia\",\"isPartOf\":{\"@id\":\"https:\\\/\\\/craftygenesindonesia.com\\\/fr\\\/#website\"},\"primaryImageOfPage\":{\"@id\":\"https:\\\/\\\/craftygenesindonesia.com\\\/fr\\\/shop\\\/noel\\\/la-duchesse-edition-de-noel\\\/#primaryimage\"},\"image\":{\"@id\":\"https:\\\/\\\/craftygenesindonesia.com\\\/fr\\\/shop\\\/noel\\\/la-duchesse-edition-de-noel\\\/#primaryimage\"},\"thumbnailUrl\":\"https:\\\/\\\/craftygenesindonesia.com\\\/wp-content\\\/uploads\\\/2022\\\/06\\\/The-Duchess-Christmas-Edition-1.jpg\",\"datePublished\":\"2022-06-25T00:54:44+00:00\",\"dateModified\":\"2025-11-11T12:34:03+00:00\",\"description\":\"Achetez ici mon patron de crochet \\\"Duchesse, \u00e9dition de No\u00ebl\\\". Le mod\u00e8le est \u00e9galement disponible sur Haked.nl, Etsy, Ravelry, Payhip\",\"breadcrumb\":{\"@id\":\"https:\\\/\\\/craftygenesindonesia.com\\\/fr\\\/shop\\\/noel\\\/la-duchesse-edition-de-noel\\\/#breadcrumb\"},\"inLanguage\":\"fr-FR\",\"potentialAction\":[{\"@type\":\"ReadAction\",\"target\":[\"https:\\\/\\\/craftygenesindonesia.com\\\/fr\\\/shop\\\/noel\\\/la-duchesse-edition-de-noel\\\/\"]}]},{\"@type\":\"ImageObject\",\"inLanguage\":\"fr-FR\",\"@id\":\"https:\\\/\\\/craftygenesindonesia.com\\\/fr\\\/shop\\\/noel\\\/la-duchesse-edition-de-noel\\\/#primaryimage\",\"url\":\"https:\\\/\\\/craftygenesindonesia.com\\\/wp-content\\\/uploads\\\/2022\\\/06\\\/The-Duchess-Christmas-Edition-1.jpg\",\"contentUrl\":\"https:\\\/\\\/craftygenesindonesia.com\\\/wp-content\\\/uploads\\\/2022\\\/06\\\/The-Duchess-Christmas-Edition-1.jpg\",\"width\":1080,\"height\":1080,\"caption\":\"crochet Christmas lady\"},{\"@type\":\"BreadcrumbList\",\"@id\":\"https:\\\/\\\/craftygenesindonesia.com\\\/fr\\\/shop\\\/noel\\\/la-duchesse-edition-de-noel\\\/#breadcrumb\",\"itemListElement\":[{\"@type\":\"ListItem\",\"position\":1,\"name\":\"Home\",\"item\":\"https:\\\/\\\/craftygenesindonesia.com\\\/fr\\\/\"},{\"@type\":\"ListItem\",\"position\":2,\"name\":\"Boutique de mod\u00e8les\",\"item\":\"https:\\\/\\\/craftygenesindonesia.com\\\/fr\\\/boutique\\\/\"},{\"@type\":\"ListItem\",\"position\":3,\"name\":\"La duchesse, \u00e9dition de No\u00ebl\"}]},{\"@type\":\"WebSite\",\"@id\":\"https:\\\/\\\/craftygenesindonesia.com\\\/fr\\\/#website\",\"url\":\"https:\\\/\\\/craftygenesindonesia.com\\\/fr\\\/\",\"name\":\"Craftygenesindonesia\",\"description\":\"\",\"publisher\":{\"@id\":\"https:\\\/\\\/craftygenesindonesia.com\\\/fr\\\/#organization\"},\"potentialAction\":[{\"@type\":\"SearchAction\",\"target\":{\"@type\":\"EntryPoint\",\"urlTemplate\":\"https:\\\/\\\/craftygenesindonesia.com\\\/fr\\\/?s={search_term_string}\"},\"query-input\":{\"@type\":\"PropertyValueSpecification\",\"valueRequired\":true,\"valueName\":\"search_term_string\"}}],\"inLanguage\":\"fr-FR\"},{\"@type\":\"Organization\",\"@id\":\"https:\\\/\\\/craftygenesindonesia.com\\\/fr\\\/#organization\",\"name\":\"Craftygenesindonesia\",\"url\":\"https:\\\/\\\/craftygenesindonesia.com\\\/fr\\\/\",\"logo\":{\"@type\":\"ImageObject\",\"inLanguage\":\"fr-FR\",\"@id\":\"https:\\\/\\\/craftygenesindonesia.com\\\/fr\\\/#\\\/schema\\\/logo\\\/image\\\/\",\"url\":\"https:\\\/\\\/craftygenesindonesia.com\\\/wp-content\\\/uploads\\\/2025\\\/11\\\/cropped-Copy-of-Craftygenesindonesia.jpg\",\"contentUrl\":\"https:\\\/\\\/craftygenesindonesia.com\\\/wp-content\\\/uploads\\\/2025\\\/11\\\/cropped-Copy-of-Craftygenesindonesia.jpg\",\"width\":180,\"height\":60,\"caption\":\"Craftygenesindonesia\"},\"image\":{\"@id\":\"https:\\\/\\\/craftygenesindonesia.com\\\/fr\\\/#\\\/schema\\\/logo\\\/image\\\/\"}}]}<\/script>\n<!-- \/ Yoast SEO plugin. -->","yoast_head_json":{"title":"La duchesse, \u00e9dition de No\u00ebl mod\u00e8le de crochet - Craftygenesindonesia","description":"Achetez ici mon patron de crochet \"Duchesse, \u00e9dition de No\u00ebl\". Le mod\u00e8le est \u00e9galement disponible sur Haked.nl, Etsy, Ravelry, Payhip","robots":{"index":"index","follow":"follow","max-snippet":"max-snippet:-1","max-image-preview":"max-image-preview:large","max-video-preview":"max-video-preview:-1"},"canonical":"https:\/\/craftygenesindonesia.com\/fr\/shop\/noel\/la-duchesse-edition-de-noel\/","og_locale":"fr_FR","og_type":"article","og_title":"Patron de crochet \"Duchesse, \u00e9dition de No\u00ebl\"","og_description":"Achetez ici mon patron de crochet \"Duchesse, \u00e9dition de No\u00ebl\". Le mod\u00e8le est \u00e9galement disponible sur Haked.nl, Etsy, Ravelry, Payhip","og_url":"https:\/\/craftygenesindonesia.com\/fr\/shop\/noel\/la-duchesse-edition-de-noel\/","og_site_name":"Craftygenesindonesia","article_modified_time":"2025-11-11T12:34:03+00:00","og_image":[{"width":1080,"height":1080,"url":"https:\/\/craftygenesindonesia.com\/wp-content\/uploads\/2022\/06\/The-Duchess-Christmas-Edition-1.jpg","type":"image\/jpeg"}],"twitter_card":"summary_large_image","twitter_misc":{"Dur\u00e9e de lecture estim\u00e9e":"1 minute"},"schema":{"@context":"https:\/\/schema.org","@graph":[{"@type":"WebPage","@id":"https:\/\/craftygenesindonesia.com\/fr\/shop\/noel\/la-duchesse-edition-de-noel\/","url":"https:\/\/craftygenesindonesia.com\/fr\/shop\/noel\/la-duchesse-edition-de-noel\/","name":"La duchesse, \u00e9dition de No\u00ebl mod\u00e8le de crochet - Craftygenesindonesia","isPartOf":{"@id":"https:\/\/craftygenesindonesia.com\/fr\/#website"},"primaryImageOfPage":{"@id":"https:\/\/craftygenesindonesia.com\/fr\/shop\/noel\/la-duchesse-edition-de-noel\/#primaryimage"},"image":{"@id":"https:\/\/craftygenesindonesia.com\/fr\/shop\/noel\/la-duchesse-edition-de-noel\/#primaryimage"},"thumbnailUrl":"https:\/\/craftygenesindonesia.com\/wp-content\/uploads\/2022\/06\/The-Duchess-Christmas-Edition-1.jpg","datePublished":"2022-06-25T00:54:44+00:00","dateModified":"2025-11-11T12:34:03+00:00","description":"Achetez ici mon patron de crochet \"Duchesse, \u00e9dition de No\u00ebl\". Le mod\u00e8le est \u00e9galement disponible sur Haked.nl, Etsy, Ravelry, Payhip","breadcrumb":{"@id":"https:\/\/craftygenesindonesia.com\/fr\/shop\/noel\/la-duchesse-edition-de-noel\/#breadcrumb"},"inLanguage":"fr-FR","potentialAction":[{"@type":"ReadAction","target":["https:\/\/craftygenesindonesia.com\/fr\/shop\/noel\/la-duchesse-edition-de-noel\/"]}]},{"@type":"ImageObject","inLanguage":"fr-FR","@id":"https:\/\/craftygenesindonesia.com\/fr\/shop\/noel\/la-duchesse-edition-de-noel\/#primaryimage","url":"https:\/\/craftygenesindonesia.com\/wp-content\/uploads\/2022\/06\/The-Duchess-Christmas-Edition-1.jpg","contentUrl":"https:\/\/craftygenesindonesia.com\/wp-content\/uploads\/2022\/06\/The-Duchess-Christmas-Edition-1.jpg","width":1080,"height":1080,"caption":"crochet Christmas lady"},{"@type":"BreadcrumbList","@id":"https:\/\/craftygenesindonesia.com\/fr\/shop\/noel\/la-duchesse-edition-de-noel\/#breadcrumb","itemListElement":[{"@type":"ListItem","position":1,"name":"Home","item":"https:\/\/craftygenesindonesia.com\/fr\/"},{"@type":"ListItem","position":2,"name":"Boutique de mod\u00e8les","item":"https:\/\/craftygenesindonesia.com\/fr\/boutique\/"},{"@type":"ListItem","position":3,"name":"La duchesse, \u00e9dition de No\u00ebl"}]},{"@type":"WebSite","@id":"https:\/\/craftygenesindonesia.com\/fr\/#website","url":"https:\/\/craftygenesindonesia.com\/fr\/","name":"Craftygenesindonesia","description":"","publisher":{"@id":"https:\/\/craftygenesindonesia.com\/fr\/#organization"},"potentialAction":[{"@type":"SearchAction","target":{"@type":"EntryPoint","urlTemplate":"https:\/\/craftygenesindonesia.com\/fr\/?s={search_term_string}"},"query-input":{"@type":"PropertyValueSpecification","valueRequired":true,"valueName":"search_term_string"}}],"inLanguage":"fr-FR"},{"@type":"Organization","@id":"https:\/\/craftygenesindonesia.com\/fr\/#organization","name":"Craftygenesindonesia","url":"https:\/\/craftygenesindonesia.com\/fr\/","logo":{"@type":"ImageObject","inLanguage":"fr-FR","@id":"https:\/\/craftygenesindonesia.com\/fr\/#\/schema\/logo\/image\/","url":"https:\/\/craftygenesindonesia.com\/wp-content\/uploads\/2025\/11\/cropped-Copy-of-Craftygenesindonesia.jpg","contentUrl":"https:\/\/craftygenesindonesia.com\/wp-content\/uploads\/2025\/11\/cropped-Copy-of-Craftygenesindonesia.jpg","width":180,"height":60,"caption":"Craftygenesindonesia"},"image":{"@id":"https:\/\/craftygenesindonesia.com\/fr\/#\/schema\/logo\/image\/"}}]}},"_links":{"self":[{"href":"https:\/\/craftygenesindonesia.com\/fr\/wp-json\/wp\/v2\/product\/19310","targetHints":{"allow":["GET"]}}],"collection":[{"href":"https:\/\/craftygenesindonesia.com\/fr\/wp-json\/wp\/v2\/product"}],"about":[{"href":"https:\/\/craftygenesindonesia.com\/fr\/wp-json\/wp\/v2\/types\/product"}],"replies":[{"embeddable":true,"href":"https:\/\/craftygenesindonesia.com\/fr\/wp-json\/wp\/v2\/comments?post=19310"}],"wp:featuredmedia":[{"embeddable":true,"href":"https:\/\/craftygenesindonesia.com\/fr\/wp-json\/wp\/v2\/media\/987525684"}],"wp:attachment":[{"href":"https:\/\/craftygenesindonesia.com\/fr\/wp-json\/wp\/v2\/media?parent=19310"}],"wp:term":[{"taxonomy":"product_brand","embeddable":true,"href":"https:\/\/craftygenesindonesia.com\/fr\/wp-json\/wp\/v2\/product_brand?post=19310"},{"taxonomy":"product_cat","embeddable":true,"href":"https:\/\/craftygenesindonesia.com\/fr\/wp-json\/wp\/v2\/product_cat?post=19310"},{"taxonomy":"product_tag","embeddable":true,"href":"https:\/\/craftygenesindonesia.com\/fr\/wp-json\/wp\/v2\/product_tag?post=19310"}],"curies":[{"name":"wp","href":"https:\/\/api.w.org\/{rel}","templated":true}]}}