{"id":19305,"date":"2022-06-25T06:33:01","date_gmt":"2022-06-24T22:33:01","guid":{"rendered":"https:\/\/craftygenesindonesia.com\/?post_type=product&#038;p=19305"},"modified":"2025-11-11T20:35:22","modified_gmt":"2025-11-11T12:35:22","slug":"lange-de-noel-chenice","status":"publish","type":"product","link":"https:\/\/craftygenesindonesia.com\/fr\/shop\/anges\/lange-de-noel-chenice\/","title":{"rendered":"L&#8217;ange de No\u00ebl de Chenice"},"content":{"rendered":"<p>*La bougie est une BOUGIE LED FONCTIONNANT SUR BATTERIE !\u00a0 Ce n&#8217;est pas une vraie bougie !\u00a0 N&#8217;UTILISEZ PAS UNE VRAIE BOUGIE !!!<\/p>\n<p>Ce bel ange mesure 20cm ou 7.8&#8243; de haut.\u00a0 Il est r\u00e9alis\u00e9 avec un fil l\u00e9ger (3) adapt\u00e9 \u00e0 l&#8217;amigurumi et un crochet de taille 2mm.<\/p>\n<p>Vous aurez besoin des couleurs suivantes : blanc et or m\u00e9tallique.<\/p>\n<p>Vous aurez \u00e9galement besoin de : rembourrage, aiguille \u00e0 tapisserie, marqueurs de points, carton, crayon, ciseaux, fil \u00e0 coudre blanc et aiguille, colle, pistolet \u00e0 colle, fil d&#8217;aluminium, pince coupante, coton-tige et une bougie LED (bougie \u00e0 piles, PAS UNE VRAIE BOUGIE).<\/p>\n<p>Crochet : taille 2mm.<\/p>\n<p>&nbsp;<\/p>\n<p>**Vous pouvez utiliser un fil plus ou moins \u00e9pais avec un crochet adapt\u00e9.\u00a0 Le r\u00e9sultat final sera alors l\u00e9g\u00e8rement plus grand\/petit que le mien.<\/p>\n","protected":false},"excerpt":{"rendered":"<p>Il s&#8217;agit d&#8217;un mod\u00e8le de crochet facile \u00e0 suivre pour un tr\u00e8s populaire et tr\u00e8s beau ange de No\u00ebl et de comm\u00e9moration au crochet.\u00a0 Un mod\u00e8le absolument indispensable pour ceux qui aiment les anges.<\/p>\n<p>**La bougie est une BOUGIE LED FONCTIONNANT SUR BATTERIE.\u00a0 Ce n&#8217;est pas une vraie bougie.\u00a0 N&#8217;UTILISEZ PAS UNE VRAIE BOUGIE !<\/p>\n","protected":false},"featured_media":987520058,"comment_status":"open","ping_status":"closed","template":"","meta":{"_acf_changed":false},"product_brand":[],"product_cat":[3641,3653,3669],"product_tag":[10957,10707,10631,12779,12778],"class_list":{"0":"post-19305","1":"product","2":"type-product","3":"status-publish","4":"has-post-thumbnail","6":"product_cat-anges","7":"product_cat-noel","8":"product_cat-memorial","9":"product_tag-bougie-fr","10":"product_tag-bougie-led-fr","11":"product_tag-bougies-de-noel-fr","12":"product_tag-christmas-angel-fr","13":"product_tag-memorial-angel-fr","14":"pa_available_on-craftygenesindonesia","15":"pa_available_on-etsy","16":"pa_available_on-haked-nl","17":"pa_available_on-payhip","18":"pa_available_on-ravelry","19":"pa_languages-allemand","20":"pa_languages-americain","21":"pa_languages-espagnol","22":"pa_languages-francais","23":"pa_languages-italien","24":"pa_languages-neerlandais","25":"pa_languages-portugais","27":"first","28":"instock","29":"downloadable","30":"virtual","31":"purchasable","32":"product-type-simple"},"acf":[],"yoast_head":"<!-- This site is optimized with the Yoast SEO plugin v27.4 - https:\/\/yoast.com\/product\/yoast-seo-wordpress\/ -->\n<title>L&#039;ange de No\u00ebl de Chenice mod\u00e8le de crochet - Craftygenesindonesia<\/title>\n<meta name=\"description\" content=\"Achetez mon mod\u00e8le de crochet &quot; L&#039;ange de No\u00ebl du Chenice . Vous trouverez \u00e9galement des liens vers le mod\u00e8le sur Haked.nl, Etsy et Ravelry.\" \/>\n<meta name=\"robots\" content=\"index, follow, max-snippet:-1, max-image-preview:large, max-video-preview:-1\" \/>\n<link rel=\"canonical\" href=\"https:\/\/craftygenesindonesia.com\/fr\/shop\/anges\/lange-de-noel-chenice\/\" \/>\n<meta property=\"og:locale\" content=\"fr_FR\" \/>\n<meta property=\"og:type\" content=\"article\" \/>\n<meta property=\"og:title\" content=\"Le mod\u00e8le de crochet de l&#039;Ange de No\u00ebl de Chenice\" \/>\n<meta property=\"og:description\" content=\"Achetez mon mod\u00e8le de crochet &quot; L&#039;ange de No\u00ebl du Chenice . Vous trouverez \u00e9galement des liens vers le mod\u00e8le sur Haked.nl, Etsy et Ravelry.\" \/>\n<meta property=\"og:url\" content=\"https:\/\/craftygenesindonesia.com\/fr\/shop\/anges\/lange-de-noel-chenice\/\" \/>\n<meta property=\"og:site_name\" content=\"Craftygenesindonesia\" \/>\n<meta property=\"article:modified_time\" content=\"2025-11-11T12:35:22+00:00\" \/>\n<meta property=\"og:image\" content=\"https:\/\/craftygenesindonesia.com\/wp-content\/uploads\/2022\/06\/Untitled-design-5-300x300.png\" \/>\n<meta name=\"twitter:card\" content=\"summary_large_image\" \/>\n<meta name=\"twitter:title\" content=\"Le mod\u00e8le de crochet de l&#039;Ange de No\u00ebl de Chenice\" \/>\n<meta name=\"twitter:description\" content=\"Achetez mon mod\u00e8le de crochet &quot; L&#039;ange de No\u00ebl du Chenice &quot; en anglais, n\u00e9erlandais, fran\u00e7ais et espagnol. Vous trouverez \u00e9galement des liens vers le mod\u00e8le sur Haked.nl, Etsy et Ravelry.\" \/>\n<meta name=\"twitter:image\" content=\"https:\/\/craftygenesindonesia.com\/wp-content\/uploads\/2022\/06\/Untitled-design-5.png\" \/>\n<meta name=\"twitter:label1\" content=\"Dur\u00e9e de lecture estim\u00e9e\" \/>\n\t<meta name=\"twitter:data1\" content=\"1 minute\" \/>\n<script type=\"application\/ld+json\" class=\"yoast-schema-graph\">{\"@context\":\"https:\\\/\\\/schema.org\",\"@graph\":[{\"@type\":\"WebPage\",\"@id\":\"https:\\\/\\\/craftygenesindonesia.com\\\/fr\\\/shop\\\/anges\\\/lange-de-noel-chenice\\\/\",\"url\":\"https:\\\/\\\/craftygenesindonesia.com\\\/fr\\\/shop\\\/anges\\\/lange-de-noel-chenice\\\/\",\"name\":\"L'ange de No\u00ebl de Chenice mod\u00e8le de crochet - Craftygenesindonesia\",\"isPartOf\":{\"@id\":\"https:\\\/\\\/craftygenesindonesia.com\\\/fr\\\/#website\"},\"primaryImageOfPage\":{\"@id\":\"https:\\\/\\\/craftygenesindonesia.com\\\/fr\\\/shop\\\/anges\\\/lange-de-noel-chenice\\\/#primaryimage\"},\"image\":{\"@id\":\"https:\\\/\\\/craftygenesindonesia.com\\\/fr\\\/shop\\\/anges\\\/lange-de-noel-chenice\\\/#primaryimage\"},\"thumbnailUrl\":\"https:\\\/\\\/craftygenesindonesia.com\\\/wp-content\\\/uploads\\\/2022\\\/06\\\/Chenice.jpg\",\"datePublished\":\"2022-06-24T22:33:01+00:00\",\"dateModified\":\"2025-11-11T12:35:22+00:00\",\"description\":\"Achetez mon mod\u00e8le de crochet \\\" L'ange de No\u00ebl du Chenice . Vous trouverez \u00e9galement des liens vers le mod\u00e8le sur Haked.nl, Etsy et Ravelry.\",\"breadcrumb\":{\"@id\":\"https:\\\/\\\/craftygenesindonesia.com\\\/fr\\\/shop\\\/anges\\\/lange-de-noel-chenice\\\/#breadcrumb\"},\"inLanguage\":\"fr-FR\",\"potentialAction\":[{\"@type\":\"ReadAction\",\"target\":[\"https:\\\/\\\/craftygenesindonesia.com\\\/fr\\\/shop\\\/anges\\\/lange-de-noel-chenice\\\/\"]}]},{\"@type\":\"ImageObject\",\"inLanguage\":\"fr-FR\",\"@id\":\"https:\\\/\\\/craftygenesindonesia.com\\\/fr\\\/shop\\\/anges\\\/lange-de-noel-chenice\\\/#primaryimage\",\"url\":\"https:\\\/\\\/craftygenesindonesia.com\\\/wp-content\\\/uploads\\\/2022\\\/06\\\/Chenice.jpg\",\"contentUrl\":\"https:\\\/\\\/craftygenesindonesia.com\\\/wp-content\\\/uploads\\\/2022\\\/06\\\/Chenice.jpg\",\"width\":1080,\"height\":1080,\"caption\":\"Crochet angel with LED light, crochet memorial angel, crochet Christmas angel\"},{\"@type\":\"BreadcrumbList\",\"@id\":\"https:\\\/\\\/craftygenesindonesia.com\\\/fr\\\/shop\\\/anges\\\/lange-de-noel-chenice\\\/#breadcrumb\",\"itemListElement\":[{\"@type\":\"ListItem\",\"position\":1,\"name\":\"Home\",\"item\":\"https:\\\/\\\/craftygenesindonesia.com\\\/fr\\\/\"},{\"@type\":\"ListItem\",\"position\":2,\"name\":\"Boutique de mod\u00e8les\",\"item\":\"https:\\\/\\\/craftygenesindonesia.com\\\/fr\\\/boutique\\\/\"},{\"@type\":\"ListItem\",\"position\":3,\"name\":\"L&#8217;ange de No\u00ebl de Chenice\"}]},{\"@type\":\"WebSite\",\"@id\":\"https:\\\/\\\/craftygenesindonesia.com\\\/fr\\\/#website\",\"url\":\"https:\\\/\\\/craftygenesindonesia.com\\\/fr\\\/\",\"name\":\"Craftygenesindonesia\",\"description\":\"\",\"publisher\":{\"@id\":\"https:\\\/\\\/craftygenesindonesia.com\\\/fr\\\/#organization\"},\"potentialAction\":[{\"@type\":\"SearchAction\",\"target\":{\"@type\":\"EntryPoint\",\"urlTemplate\":\"https:\\\/\\\/craftygenesindonesia.com\\\/fr\\\/?s={search_term_string}\"},\"query-input\":{\"@type\":\"PropertyValueSpecification\",\"valueRequired\":true,\"valueName\":\"search_term_string\"}}],\"inLanguage\":\"fr-FR\"},{\"@type\":\"Organization\",\"@id\":\"https:\\\/\\\/craftygenesindonesia.com\\\/fr\\\/#organization\",\"name\":\"Craftygenesindonesia\",\"url\":\"https:\\\/\\\/craftygenesindonesia.com\\\/fr\\\/\",\"logo\":{\"@type\":\"ImageObject\",\"inLanguage\":\"fr-FR\",\"@id\":\"https:\\\/\\\/craftygenesindonesia.com\\\/fr\\\/#\\\/schema\\\/logo\\\/image\\\/\",\"url\":\"https:\\\/\\\/craftygenesindonesia.com\\\/wp-content\\\/uploads\\\/2025\\\/11\\\/cropped-Copy-of-Craftygenesindonesia.jpg\",\"contentUrl\":\"https:\\\/\\\/craftygenesindonesia.com\\\/wp-content\\\/uploads\\\/2025\\\/11\\\/cropped-Copy-of-Craftygenesindonesia.jpg\",\"width\":180,\"height\":60,\"caption\":\"Craftygenesindonesia\"},\"image\":{\"@id\":\"https:\\\/\\\/craftygenesindonesia.com\\\/fr\\\/#\\\/schema\\\/logo\\\/image\\\/\"}}]}<\/script>\n<!-- \/ Yoast SEO plugin. -->","yoast_head_json":{"title":"L'ange de No\u00ebl de Chenice mod\u00e8le de crochet - Craftygenesindonesia","description":"Achetez mon mod\u00e8le de crochet \" L'ange de No\u00ebl du Chenice . Vous trouverez \u00e9galement des liens vers le mod\u00e8le sur Haked.nl, Etsy et Ravelry.","robots":{"index":"index","follow":"follow","max-snippet":"max-snippet:-1","max-image-preview":"max-image-preview:large","max-video-preview":"max-video-preview:-1"},"canonical":"https:\/\/craftygenesindonesia.com\/fr\/shop\/anges\/lange-de-noel-chenice\/","og_locale":"fr_FR","og_type":"article","og_title":"Le mod\u00e8le de crochet de l'Ange de No\u00ebl de Chenice","og_description":"Achetez mon mod\u00e8le de crochet \" L'ange de No\u00ebl du Chenice . Vous trouverez \u00e9galement des liens vers le mod\u00e8le sur Haked.nl, Etsy et Ravelry.","og_url":"https:\/\/craftygenesindonesia.com\/fr\/shop\/anges\/lange-de-noel-chenice\/","og_site_name":"Craftygenesindonesia","article_modified_time":"2025-11-11T12:35:22+00:00","og_image":[{"url":"https:\/\/craftygenesindonesia.com\/wp-content\/uploads\/2022\/06\/Untitled-design-5-300x300.png","type":"","width":"","height":""}],"twitter_card":"summary_large_image","twitter_title":"Le mod\u00e8le de crochet de l'Ange de No\u00ebl de Chenice","twitter_description":"Achetez mon mod\u00e8le de crochet \" L'ange de No\u00ebl du Chenice \" en anglais, n\u00e9erlandais, fran\u00e7ais et espagnol. Vous trouverez \u00e9galement des liens vers le mod\u00e8le sur Haked.nl, Etsy et Ravelry.","twitter_image":"https:\/\/craftygenesindonesia.com\/wp-content\/uploads\/2022\/06\/Untitled-design-5.png","twitter_misc":{"Dur\u00e9e de lecture estim\u00e9e":"1 minute"},"schema":{"@context":"https:\/\/schema.org","@graph":[{"@type":"WebPage","@id":"https:\/\/craftygenesindonesia.com\/fr\/shop\/anges\/lange-de-noel-chenice\/","url":"https:\/\/craftygenesindonesia.com\/fr\/shop\/anges\/lange-de-noel-chenice\/","name":"L'ange de No\u00ebl de Chenice mod\u00e8le de crochet - Craftygenesindonesia","isPartOf":{"@id":"https:\/\/craftygenesindonesia.com\/fr\/#website"},"primaryImageOfPage":{"@id":"https:\/\/craftygenesindonesia.com\/fr\/shop\/anges\/lange-de-noel-chenice\/#primaryimage"},"image":{"@id":"https:\/\/craftygenesindonesia.com\/fr\/shop\/anges\/lange-de-noel-chenice\/#primaryimage"},"thumbnailUrl":"https:\/\/craftygenesindonesia.com\/wp-content\/uploads\/2022\/06\/Chenice.jpg","datePublished":"2022-06-24T22:33:01+00:00","dateModified":"2025-11-11T12:35:22+00:00","description":"Achetez mon mod\u00e8le de crochet \" L'ange de No\u00ebl du Chenice . Vous trouverez \u00e9galement des liens vers le mod\u00e8le sur Haked.nl, Etsy et Ravelry.","breadcrumb":{"@id":"https:\/\/craftygenesindonesia.com\/fr\/shop\/anges\/lange-de-noel-chenice\/#breadcrumb"},"inLanguage":"fr-FR","potentialAction":[{"@type":"ReadAction","target":["https:\/\/craftygenesindonesia.com\/fr\/shop\/anges\/lange-de-noel-chenice\/"]}]},{"@type":"ImageObject","inLanguage":"fr-FR","@id":"https:\/\/craftygenesindonesia.com\/fr\/shop\/anges\/lange-de-noel-chenice\/#primaryimage","url":"https:\/\/craftygenesindonesia.com\/wp-content\/uploads\/2022\/06\/Chenice.jpg","contentUrl":"https:\/\/craftygenesindonesia.com\/wp-content\/uploads\/2022\/06\/Chenice.jpg","width":1080,"height":1080,"caption":"Crochet angel with LED light, crochet memorial angel, crochet Christmas angel"},{"@type":"BreadcrumbList","@id":"https:\/\/craftygenesindonesia.com\/fr\/shop\/anges\/lange-de-noel-chenice\/#breadcrumb","itemListElement":[{"@type":"ListItem","position":1,"name":"Home","item":"https:\/\/craftygenesindonesia.com\/fr\/"},{"@type":"ListItem","position":2,"name":"Boutique de mod\u00e8les","item":"https:\/\/craftygenesindonesia.com\/fr\/boutique\/"},{"@type":"ListItem","position":3,"name":"L&#8217;ange de No\u00ebl de Chenice"}]},{"@type":"WebSite","@id":"https:\/\/craftygenesindonesia.com\/fr\/#website","url":"https:\/\/craftygenesindonesia.com\/fr\/","name":"Craftygenesindonesia","description":"","publisher":{"@id":"https:\/\/craftygenesindonesia.com\/fr\/#organization"},"potentialAction":[{"@type":"SearchAction","target":{"@type":"EntryPoint","urlTemplate":"https:\/\/craftygenesindonesia.com\/fr\/?s={search_term_string}"},"query-input":{"@type":"PropertyValueSpecification","valueRequired":true,"valueName":"search_term_string"}}],"inLanguage":"fr-FR"},{"@type":"Organization","@id":"https:\/\/craftygenesindonesia.com\/fr\/#organization","name":"Craftygenesindonesia","url":"https:\/\/craftygenesindonesia.com\/fr\/","logo":{"@type":"ImageObject","inLanguage":"fr-FR","@id":"https:\/\/craftygenesindonesia.com\/fr\/#\/schema\/logo\/image\/","url":"https:\/\/craftygenesindonesia.com\/wp-content\/uploads\/2025\/11\/cropped-Copy-of-Craftygenesindonesia.jpg","contentUrl":"https:\/\/craftygenesindonesia.com\/wp-content\/uploads\/2025\/11\/cropped-Copy-of-Craftygenesindonesia.jpg","width":180,"height":60,"caption":"Craftygenesindonesia"},"image":{"@id":"https:\/\/craftygenesindonesia.com\/fr\/#\/schema\/logo\/image\/"}}]}},"_links":{"self":[{"href":"https:\/\/craftygenesindonesia.com\/fr\/wp-json\/wp\/v2\/product\/19305","targetHints":{"allow":["GET"]}}],"collection":[{"href":"https:\/\/craftygenesindonesia.com\/fr\/wp-json\/wp\/v2\/product"}],"about":[{"href":"https:\/\/craftygenesindonesia.com\/fr\/wp-json\/wp\/v2\/types\/product"}],"replies":[{"embeddable":true,"href":"https:\/\/craftygenesindonesia.com\/fr\/wp-json\/wp\/v2\/comments?post=19305"}],"wp:featuredmedia":[{"embeddable":true,"href":"https:\/\/craftygenesindonesia.com\/fr\/wp-json\/wp\/v2\/media\/987520058"}],"wp:attachment":[{"href":"https:\/\/craftygenesindonesia.com\/fr\/wp-json\/wp\/v2\/media?parent=19305"}],"wp:term":[{"taxonomy":"product_brand","embeddable":true,"href":"https:\/\/craftygenesindonesia.com\/fr\/wp-json\/wp\/v2\/product_brand?post=19305"},{"taxonomy":"product_cat","embeddable":true,"href":"https:\/\/craftygenesindonesia.com\/fr\/wp-json\/wp\/v2\/product_cat?post=19305"},{"taxonomy":"product_tag","embeddable":true,"href":"https:\/\/craftygenesindonesia.com\/fr\/wp-json\/wp\/v2\/product_tag?post=19305"}],"curies":[{"name":"wp","href":"https:\/\/api.w.org\/{rel}","templated":true}]}}