{"id":19282,"date":"2022-06-24T20:34:49","date_gmt":"2022-06-24T12:34:49","guid":{"rendered":"https:\/\/craftygenesindonesia.com\/?post_type=product&#038;p=19282"},"modified":"2025-11-11T20:43:31","modified_gmt":"2025-11-11T12:43:31","slug":"le-trio-de-noel","status":"publish","type":"product","link":"https:\/\/craftygenesindonesia.com\/fr\/shop\/ensembles\/le-trio-de-noel\/","title":{"rendered":"Le trio de No\u00ebl"},"content":{"rendered":"<p>Tailles :<\/p>\n<ul>\n<li>P\u00e8re No\u00ebl= 26cm (10.2\u201d) de haut.<\/li>\n<li>Bonhomme de neige= 22cm (8.7\u201d) de haut.<\/li>\n<li>Renne= 26cm (10.2\u201d) de haut.<\/li>\n<\/ul>\n<p>Fil : Les 3 poup\u00e9es sont r\u00e9alis\u00e9es avec un fil de poids \u00ab FINGERING \u00bb et un crochet de 2 mm.<\/p>\n<p>Vous aurez besoin des couleurs suivantes : blanc, couleur chair, noir, marron, marron fonc\u00e9, vert, rouge, orange.<\/p>\n<p>Vous aurez \u00e9galement besoin de fil chenille blanc, d\u2019\u00e9pingles \u00e0 paupi\u00e8res, d\u2019anneaux, d\u2019yeux et de nez de s\u00e9curit\u00e9, de rembourrage, de ciseaux, d\u2019une aiguille \u00e0 tapisserie, de marqueurs de points.<\/p>\n<p>Crochet : taille 2mm<\/p>\n<p>Ce mod\u00e8le est un mod\u00e8le \u00e9crit avec de nombreuses photos pour vous aider. Si vous avez des questions, envoyez-moi un message \u00e0 :\u00a0<a href=\"mailto:craftygenesindonesia@gmail.com\">craftygenesindonesia@gmail.com<\/a><\/p>\n<p><strong>-Ce mod\u00e8le est r\u00e9serv\u00e9 \u00e0 un usage personnel et est prot\u00e9g\u00e9 par un COPYRIGHT. Par cons\u00e9quent, le mod\u00e8le ne peut PAS \u00eatre copi\u00e9, vendu, revendu, traduit, revendiqu\u00e9 comme votre mod\u00e8le, distribu\u00e9, partag\u00e9, publi\u00e9, mis en ligne sous quelque forme que ce soit sans ma permission. M\u00eame pas en partie !!!<\/strong><\/p>\n<p><strong>-Vous pouvez vendre le produit fini en petites quantit\u00e9s, MAIS PAS LE MODELE EN LUI-M\u00caME ! Mentionnez que le mod\u00e8le provient de Craftygenesindonesia et o\u00f9 il peut \u00eatre achet\u00e9.<\/strong><\/p>\n","protected":false},"excerpt":{"rendered":"<p>Voici un patron au crochet facile \u00e0 suivre pour un joli trio de No\u00ebl = le P\u00e8re No\u00ebl, le bonhomme de neige et le renne.\u00a0 Ils feraient un tr\u00e8s joli cadeau de No\u00ebl pour les enfants !<\/p>\n<p>Ces poup\u00e9es sont \u00e9galement disponibles s\u00e9par\u00e9ment en tant que <a href=\"https:\/\/craftygenesindonesia.com\/fr\/produit\/pere-noel\/\" target=\"_blank\" rel=\"noopener\">P\u00e8re No\u00ebl<\/a>, <a href=\"https:\/\/craftygenesindonesia.com\/fr\/produit\/bonhomme-de-neige\/\" target=\"_blank\" rel=\"noopener\">Bonhomme de neige<\/a> et <a href=\"https:\/\/craftygenesindonesia.com\/fr\/produit\/renne\/\" target=\"_blank\" rel=\"noopener\">Renne<\/a>.\u00a0 Ces 3 poup\u00e9es font \u00e9galement partie de mon mod\u00e8le de <a href=\"https:\/\/craftygenesindonesia.com\/fr\/produit\/le-quartet-de-noel\/\" target=\"_blank\" rel=\"noopener\">quartet de No\u00ebl.<\/a><\/p>\n","protected":false},"featured_media":987521103,"comment_status":"open","ping_status":"closed","template":"","meta":{"_acf_changed":false},"product_brand":[],"product_cat":[3649,3653,3663],"product_tag":[12699,11196,11494,8627,11808],"class_list":{"0":"post-19282","1":"product","2":"type-product","3":"status-publish","4":"has-post-thumbnail","6":"product_cat-ensembles","7":"product_cat-noel","8":"product_cat-poupees-pour-enfants","9":"product_tag-hoed","10":"product_tag-lunettes-fr","11":"product_tag-reindeer-fr","12":"product_tag-santa-fr","13":"product_tag-sneeuwman-fr","14":"pa_available_on-craftygenesindonesia","15":"pa_available_on-etsy","16":"pa_available_on-haked-nl","17":"pa_available_on-payhip","18":"pa_available_on-ravelry","19":"pa_languages-americain","20":"pa_languages-espagnol","21":"pa_languages-francais","22":"pa_languages-neerlandais","23":"pa_languages-portugais","25":"first","26":"instock","27":"downloadable","28":"virtual","29":"purchasable","30":"product-type-simple"},"acf":[],"yoast_head":"<!-- This site is optimized with the Yoast SEO plugin v27.3 - https:\/\/yoast.com\/product\/yoast-seo-wordpress\/ -->\n<title>Le trio de No\u00ebl mod\u00e8le de crochet - Craftygenesindonesia<\/title>\n<meta name=\"description\" content=\"Commandez mon mod\u00e8le de crochet &quot;Le trio de No\u00ebl&quot; ici. Le mod\u00e8le de crochet facile \u00e0 suivre est \u00e9galement disponible sur Haked.nl, Etsy et Ravelry.\" \/>\n<meta name=\"robots\" content=\"index, follow, max-snippet:-1, max-image-preview:large, max-video-preview:-1\" \/>\n<link rel=\"canonical\" href=\"https:\/\/craftygenesindonesia.com\/fr\/shop\/ensembles\/le-trio-de-noel\/\" \/>\n<meta property=\"og:locale\" content=\"fr_FR\" \/>\n<meta property=\"og:type\" content=\"article\" \/>\n<meta property=\"og:title\" content=\"Mod\u00e8le de crochet &quot;Le trio de No\u00ebl&quot;\" \/>\n<meta property=\"og:description\" content=\"Commandez mon mod\u00e8le de crochet &quot;Le trio de No\u00ebl&quot; ici. Le mod\u00e8le de crochet facile \u00e0 suivre est \u00e9galement disponible sur Haked.nl, Etsy et Ravelry.\" \/>\n<meta property=\"og:url\" content=\"https:\/\/craftygenesindonesia.com\/fr\/shop\/ensembles\/le-trio-de-noel\/\" \/>\n<meta property=\"og:site_name\" content=\"Craftygenesindonesia\" \/>\n<meta property=\"article:modified_time\" content=\"2025-11-11T12:43:31+00:00\" \/>\n<meta property=\"og:image\" content=\"https:\/\/craftygenesindonesia.com\/wp-content\/uploads\/2022\/06\/Christmas-Trio-3.jpg\" \/>\n\t<meta property=\"og:image:width\" content=\"1080\" \/>\n\t<meta property=\"og:image:height\" content=\"1080\" \/>\n\t<meta property=\"og:image:type\" content=\"image\/jpeg\" \/>\n<meta name=\"twitter:card\" content=\"summary_large_image\" \/>\n<meta name=\"twitter:label1\" content=\"Dur\u00e9e de lecture estim\u00e9e\" \/>\n\t<meta name=\"twitter:data1\" content=\"2 minutes\" \/>\n<script type=\"application\/ld+json\" class=\"yoast-schema-graph\">{\"@context\":\"https:\\\/\\\/schema.org\",\"@graph\":[{\"@type\":\"WebPage\",\"@id\":\"https:\\\/\\\/craftygenesindonesia.com\\\/fr\\\/shop\\\/ensembles\\\/le-trio-de-noel\\\/\",\"url\":\"https:\\\/\\\/craftygenesindonesia.com\\\/fr\\\/shop\\\/ensembles\\\/le-trio-de-noel\\\/\",\"name\":\"Le trio de No\u00ebl mod\u00e8le de crochet - Craftygenesindonesia\",\"isPartOf\":{\"@id\":\"https:\\\/\\\/craftygenesindonesia.com\\\/fr\\\/#website\"},\"primaryImageOfPage\":{\"@id\":\"https:\\\/\\\/craftygenesindonesia.com\\\/fr\\\/shop\\\/ensembles\\\/le-trio-de-noel\\\/#primaryimage\"},\"image\":{\"@id\":\"https:\\\/\\\/craftygenesindonesia.com\\\/fr\\\/shop\\\/ensembles\\\/le-trio-de-noel\\\/#primaryimage\"},\"thumbnailUrl\":\"https:\\\/\\\/craftygenesindonesia.com\\\/wp-content\\\/uploads\\\/2022\\\/06\\\/Christmas-Trio-3.jpg\",\"datePublished\":\"2022-06-24T12:34:49+00:00\",\"dateModified\":\"2025-11-11T12:43:31+00:00\",\"description\":\"Commandez mon mod\u00e8le de crochet \\\"Le trio de No\u00ebl\\\" ici. Le mod\u00e8le de crochet facile \u00e0 suivre est \u00e9galement disponible sur Haked.nl, Etsy et Ravelry.\",\"breadcrumb\":{\"@id\":\"https:\\\/\\\/craftygenesindonesia.com\\\/fr\\\/shop\\\/ensembles\\\/le-trio-de-noel\\\/#breadcrumb\"},\"inLanguage\":\"fr-FR\",\"potentialAction\":[{\"@type\":\"ReadAction\",\"target\":[\"https:\\\/\\\/craftygenesindonesia.com\\\/fr\\\/shop\\\/ensembles\\\/le-trio-de-noel\\\/\"]}]},{\"@type\":\"ImageObject\",\"inLanguage\":\"fr-FR\",\"@id\":\"https:\\\/\\\/craftygenesindonesia.com\\\/fr\\\/shop\\\/ensembles\\\/le-trio-de-noel\\\/#primaryimage\",\"url\":\"https:\\\/\\\/craftygenesindonesia.com\\\/wp-content\\\/uploads\\\/2022\\\/06\\\/Christmas-Trio-3.jpg\",\"contentUrl\":\"https:\\\/\\\/craftygenesindonesia.com\\\/wp-content\\\/uploads\\\/2022\\\/06\\\/Christmas-Trio-3.jpg\",\"width\":1080,\"height\":1080,\"caption\":\"crochet Santa, reindeer and snowman\"},{\"@type\":\"BreadcrumbList\",\"@id\":\"https:\\\/\\\/craftygenesindonesia.com\\\/fr\\\/shop\\\/ensembles\\\/le-trio-de-noel\\\/#breadcrumb\",\"itemListElement\":[{\"@type\":\"ListItem\",\"position\":1,\"name\":\"Home\",\"item\":\"https:\\\/\\\/craftygenesindonesia.com\\\/fr\\\/\"},{\"@type\":\"ListItem\",\"position\":2,\"name\":\"Boutique de mod\u00e8les\",\"item\":\"https:\\\/\\\/craftygenesindonesia.com\\\/fr\\\/boutique\\\/\"},{\"@type\":\"ListItem\",\"position\":3,\"name\":\"Le trio de No\u00ebl\"}]},{\"@type\":\"WebSite\",\"@id\":\"https:\\\/\\\/craftygenesindonesia.com\\\/fr\\\/#website\",\"url\":\"https:\\\/\\\/craftygenesindonesia.com\\\/fr\\\/\",\"name\":\"Craftygenesindonesia\",\"description\":\"\",\"publisher\":{\"@id\":\"https:\\\/\\\/craftygenesindonesia.com\\\/fr\\\/#organization\"},\"potentialAction\":[{\"@type\":\"SearchAction\",\"target\":{\"@type\":\"EntryPoint\",\"urlTemplate\":\"https:\\\/\\\/craftygenesindonesia.com\\\/fr\\\/?s={search_term_string}\"},\"query-input\":{\"@type\":\"PropertyValueSpecification\",\"valueRequired\":true,\"valueName\":\"search_term_string\"}}],\"inLanguage\":\"fr-FR\"},{\"@type\":\"Organization\",\"@id\":\"https:\\\/\\\/craftygenesindonesia.com\\\/fr\\\/#organization\",\"name\":\"Craftygenesindonesia\",\"url\":\"https:\\\/\\\/craftygenesindonesia.com\\\/fr\\\/\",\"logo\":{\"@type\":\"ImageObject\",\"inLanguage\":\"fr-FR\",\"@id\":\"https:\\\/\\\/craftygenesindonesia.com\\\/fr\\\/#\\\/schema\\\/logo\\\/image\\\/\",\"url\":\"https:\\\/\\\/craftygenesindonesia.com\\\/wp-content\\\/uploads\\\/2025\\\/11\\\/cropped-Copy-of-Craftygenesindonesia.jpg\",\"contentUrl\":\"https:\\\/\\\/craftygenesindonesia.com\\\/wp-content\\\/uploads\\\/2025\\\/11\\\/cropped-Copy-of-Craftygenesindonesia.jpg\",\"width\":180,\"height\":60,\"caption\":\"Craftygenesindonesia\"},\"image\":{\"@id\":\"https:\\\/\\\/craftygenesindonesia.com\\\/fr\\\/#\\\/schema\\\/logo\\\/image\\\/\"}}]}<\/script>\n<!-- \/ Yoast SEO plugin. -->","yoast_head_json":{"title":"Le trio de No\u00ebl mod\u00e8le de crochet - Craftygenesindonesia","description":"Commandez mon mod\u00e8le de crochet \"Le trio de No\u00ebl\" ici. Le mod\u00e8le de crochet facile \u00e0 suivre est \u00e9galement disponible sur Haked.nl, Etsy et Ravelry.","robots":{"index":"index","follow":"follow","max-snippet":"max-snippet:-1","max-image-preview":"max-image-preview:large","max-video-preview":"max-video-preview:-1"},"canonical":"https:\/\/craftygenesindonesia.com\/fr\/shop\/ensembles\/le-trio-de-noel\/","og_locale":"fr_FR","og_type":"article","og_title":"Mod\u00e8le de crochet \"Le trio de No\u00ebl\"","og_description":"Commandez mon mod\u00e8le de crochet \"Le trio de No\u00ebl\" ici. Le mod\u00e8le de crochet facile \u00e0 suivre est \u00e9galement disponible sur Haked.nl, Etsy et Ravelry.","og_url":"https:\/\/craftygenesindonesia.com\/fr\/shop\/ensembles\/le-trio-de-noel\/","og_site_name":"Craftygenesindonesia","article_modified_time":"2025-11-11T12:43:31+00:00","og_image":[{"width":1080,"height":1080,"url":"https:\/\/craftygenesindonesia.com\/wp-content\/uploads\/2022\/06\/Christmas-Trio-3.jpg","type":"image\/jpeg"}],"twitter_card":"summary_large_image","twitter_misc":{"Dur\u00e9e de lecture estim\u00e9e":"2 minutes"},"schema":{"@context":"https:\/\/schema.org","@graph":[{"@type":"WebPage","@id":"https:\/\/craftygenesindonesia.com\/fr\/shop\/ensembles\/le-trio-de-noel\/","url":"https:\/\/craftygenesindonesia.com\/fr\/shop\/ensembles\/le-trio-de-noel\/","name":"Le trio de No\u00ebl mod\u00e8le de crochet - Craftygenesindonesia","isPartOf":{"@id":"https:\/\/craftygenesindonesia.com\/fr\/#website"},"primaryImageOfPage":{"@id":"https:\/\/craftygenesindonesia.com\/fr\/shop\/ensembles\/le-trio-de-noel\/#primaryimage"},"image":{"@id":"https:\/\/craftygenesindonesia.com\/fr\/shop\/ensembles\/le-trio-de-noel\/#primaryimage"},"thumbnailUrl":"https:\/\/craftygenesindonesia.com\/wp-content\/uploads\/2022\/06\/Christmas-Trio-3.jpg","datePublished":"2022-06-24T12:34:49+00:00","dateModified":"2025-11-11T12:43:31+00:00","description":"Commandez mon mod\u00e8le de crochet \"Le trio de No\u00ebl\" ici. Le mod\u00e8le de crochet facile \u00e0 suivre est \u00e9galement disponible sur Haked.nl, Etsy et Ravelry.","breadcrumb":{"@id":"https:\/\/craftygenesindonesia.com\/fr\/shop\/ensembles\/le-trio-de-noel\/#breadcrumb"},"inLanguage":"fr-FR","potentialAction":[{"@type":"ReadAction","target":["https:\/\/craftygenesindonesia.com\/fr\/shop\/ensembles\/le-trio-de-noel\/"]}]},{"@type":"ImageObject","inLanguage":"fr-FR","@id":"https:\/\/craftygenesindonesia.com\/fr\/shop\/ensembles\/le-trio-de-noel\/#primaryimage","url":"https:\/\/craftygenesindonesia.com\/wp-content\/uploads\/2022\/06\/Christmas-Trio-3.jpg","contentUrl":"https:\/\/craftygenesindonesia.com\/wp-content\/uploads\/2022\/06\/Christmas-Trio-3.jpg","width":1080,"height":1080,"caption":"crochet Santa, reindeer and snowman"},{"@type":"BreadcrumbList","@id":"https:\/\/craftygenesindonesia.com\/fr\/shop\/ensembles\/le-trio-de-noel\/#breadcrumb","itemListElement":[{"@type":"ListItem","position":1,"name":"Home","item":"https:\/\/craftygenesindonesia.com\/fr\/"},{"@type":"ListItem","position":2,"name":"Boutique de mod\u00e8les","item":"https:\/\/craftygenesindonesia.com\/fr\/boutique\/"},{"@type":"ListItem","position":3,"name":"Le trio de No\u00ebl"}]},{"@type":"WebSite","@id":"https:\/\/craftygenesindonesia.com\/fr\/#website","url":"https:\/\/craftygenesindonesia.com\/fr\/","name":"Craftygenesindonesia","description":"","publisher":{"@id":"https:\/\/craftygenesindonesia.com\/fr\/#organization"},"potentialAction":[{"@type":"SearchAction","target":{"@type":"EntryPoint","urlTemplate":"https:\/\/craftygenesindonesia.com\/fr\/?s={search_term_string}"},"query-input":{"@type":"PropertyValueSpecification","valueRequired":true,"valueName":"search_term_string"}}],"inLanguage":"fr-FR"},{"@type":"Organization","@id":"https:\/\/craftygenesindonesia.com\/fr\/#organization","name":"Craftygenesindonesia","url":"https:\/\/craftygenesindonesia.com\/fr\/","logo":{"@type":"ImageObject","inLanguage":"fr-FR","@id":"https:\/\/craftygenesindonesia.com\/fr\/#\/schema\/logo\/image\/","url":"https:\/\/craftygenesindonesia.com\/wp-content\/uploads\/2025\/11\/cropped-Copy-of-Craftygenesindonesia.jpg","contentUrl":"https:\/\/craftygenesindonesia.com\/wp-content\/uploads\/2025\/11\/cropped-Copy-of-Craftygenesindonesia.jpg","width":180,"height":60,"caption":"Craftygenesindonesia"},"image":{"@id":"https:\/\/craftygenesindonesia.com\/fr\/#\/schema\/logo\/image\/"}}]}},"_links":{"self":[{"href":"https:\/\/craftygenesindonesia.com\/fr\/wp-json\/wp\/v2\/product\/19282","targetHints":{"allow":["GET"]}}],"collection":[{"href":"https:\/\/craftygenesindonesia.com\/fr\/wp-json\/wp\/v2\/product"}],"about":[{"href":"https:\/\/craftygenesindonesia.com\/fr\/wp-json\/wp\/v2\/types\/product"}],"replies":[{"embeddable":true,"href":"https:\/\/craftygenesindonesia.com\/fr\/wp-json\/wp\/v2\/comments?post=19282"}],"wp:featuredmedia":[{"embeddable":true,"href":"https:\/\/craftygenesindonesia.com\/fr\/wp-json\/wp\/v2\/media\/987521103"}],"wp:attachment":[{"href":"https:\/\/craftygenesindonesia.com\/fr\/wp-json\/wp\/v2\/media?parent=19282"}],"wp:term":[{"taxonomy":"product_brand","embeddable":true,"href":"https:\/\/craftygenesindonesia.com\/fr\/wp-json\/wp\/v2\/product_brand?post=19282"},{"taxonomy":"product_cat","embeddable":true,"href":"https:\/\/craftygenesindonesia.com\/fr\/wp-json\/wp\/v2\/product_cat?post=19282"},{"taxonomy":"product_tag","embeddable":true,"href":"https:\/\/craftygenesindonesia.com\/fr\/wp-json\/wp\/v2\/product_tag?post=19282"}],"curies":[{"name":"wp","href":"https:\/\/api.w.org\/{rel}","templated":true}]}}