{"id":19279,"date":"2022-06-24T20:14:07","date_gmt":"2022-06-24T12:14:07","guid":{"rendered":"https:\/\/craftygenesindonesia.com\/?post_type=product&#038;p=19279"},"modified":"2025-11-27T07:01:32","modified_gmt":"2025-11-26T23:01:32","slug":"mme-mrs-claus","status":"publish","type":"product","link":"https:\/\/craftygenesindonesia.com\/fr\/shop\/ensembles\/mme-mrs-claus\/","title":{"rendered":"M et Mme No\u00ebl"},"content":{"rendered":"<p><strong>Monsieur et Madame Claus<\/strong><\/p>\n<p>Type de fichier : patron au crochet &#8211; t\u00e9l\u00e9chargement num\u00e9rique, pas un objet physique<br \/>\n<strong>Langues disponibles : anglais, n\u00e9erlandais, fran\u00e7ais, espagnol, italien, portugais<\/strong><\/p>\n<p>&nbsp;<\/p>\n<p>Taille de l&#8217;objet fini : 26 cm et 23 cm de haut (10,4&#8243; et 9,2&#8243;)<\/p>\n<p>Type de fil : fil de type \u00ab fingering \u00bb (taille 3)<br \/>\nMarques recommand\u00e9es : Catona de Scheepjes, Durable Coral, &#8230;<br \/>\nCouleurs de fil n\u00e9cessaires : couleur peau, blanc, noir, rouge, vert<\/p>\n<p>Crochet : 2 mm<\/p>\n<p>&nbsp;<\/p>\n<p><strong>Informations sur les droits d&#8217;auteur et aide :<\/strong><br \/>\nCe patron est un patron \u00e9crit (num\u00e9rique) accompagn\u00e9 de nombreuses photos pour vous aider. Si vous avez des questions sur le patron, envoyez-moi un e-mail \u00e0 craftygenesindonesia@gmail.com<\/p>\n<p><strong>Ce patron de crochet num\u00e9rique est r\u00e9serv\u00e9 \u00e0 un usage personnel et est prot\u00e9g\u00e9 par le droit d&#8217;auteur. Par cons\u00e9quent, vous ne pouvez en aucun cas le copier, le vendre, le revendre, le traduire, le revendiquer comme votre propre cr\u00e9ation, le distribuer, le partager, le publier, le poster, &#8230; sans mon autorisation. M\u00eame pas une partie !<\/strong><\/p>\n<p><strong>Vous \u00eates autoris\u00e9 \u00e0 vendre le produit ou l&#8217;article fini, en petites quantit\u00e9s, mais vous n&#8217;\u00eates pas autoris\u00e9 \u00e0 vendre le patron de crochet lui-m\u00eame ! Veuillez mentionner que le patron de crochet est de moi, Craftygenesindonesia, et o\u00f9 il peut \u00eatre achet\u00e9.<\/strong><\/p>\n","protected":false},"excerpt":{"rendered":"<p>Voici un mod\u00e8le de crochet facile \u00e0 suivre pour le P\u00e8re No\u00ebl et sa charmante dame Mme No\u00ebl.\u00a0 Ils font partie de mon <a href=\"https:\/\/craftygenesindonesia.com\/fr\/produit\/le-quartet-de-noel\/\" target=\"_blank\" rel=\"noopener\">quartet de No\u00ebl<\/a> et sont \u00e9galement disponibles s\u00e9par\u00e9ment en tant que <a href=\"https:\/\/craftygenesindonesia.com\/fr\/produit\/pere-noel\/\" target=\"_blank\" rel=\"noopener\">P\u00e8re<\/a> et <a href=\"https:\/\/craftygenesindonesia.com\/fr\/produit\/madame-noel\/\" target=\"_blank\" rel=\"noopener\">Madame No\u00ebl<\/a>.<\/p>\n","protected":false},"featured_media":987535533,"comment_status":"open","ping_status":"closed","template":"","meta":{"_acf_changed":false},"product_brand":[],"product_cat":[3649,3653,3663],"product_tag":[12699,11196,10722,11145,8627,10825],"class_list":{"0":"post-19279","1":"product","2":"type-product","3":"status-publish","4":"has-post-thumbnail","6":"product_cat-ensembles","7":"product_cat-noel","8":"product_cat-poupees-pour-enfants","9":"product_tag-hoed","10":"product_tag-lunettes-fr","11":"product_tag-madame-noel-fr","12":"product_tag-pere-noel-fr","13":"product_tag-santa-fr","14":"product_tag-tablier-fr","15":"pa_available_on-craftygenesindonesia","16":"pa_available_on-etsy","17":"pa_available_on-haked-nl","18":"pa_available_on-payhip","19":"pa_available_on-ravelry","20":"pa_languages-americain","21":"pa_languages-espagnol","22":"pa_languages-francais","23":"pa_languages-italien","24":"pa_languages-neerlandais","25":"pa_languages-portugais","27":"first","28":"instock","29":"downloadable","30":"virtual","31":"purchasable","32":"product-type-simple"},"acf":[],"yoast_head":"<!-- This site is optimized with the Yoast SEO plugin v27.4 - https:\/\/yoast.com\/product\/yoast-seo-wordpress\/ -->\n<title>M et Mme No\u00ebl mod\u00e8le de crochet - Craftygenesindonesia<\/title>\n<meta name=\"description\" content=\"Achetez mon mod\u00e8le de crochet &quot;M et Mme No\u00ebl&quot; ici. Le mod\u00e8le du P\u00e8re No\u00ebl et de sa femme, facile \u00e0 suivre, est \u00e9galement disponible sur Haked.nl et Etsy.\" \/>\n<meta name=\"robots\" content=\"index, follow, max-snippet:-1, max-image-preview:large, max-video-preview:-1\" \/>\n<link rel=\"canonical\" href=\"https:\/\/craftygenesindonesia.com\/fr\/shop\/ensembles\/mme-mrs-claus\/\" \/>\n<meta property=\"og:locale\" content=\"fr_FR\" \/>\n<meta property=\"og:type\" content=\"article\" \/>\n<meta property=\"og:title\" content=\"Mod\u00e8le de crochet &quot;M et Mme No\u00ebl&quot;\" \/>\n<meta property=\"og:description\" content=\"Achetez mon mod\u00e8le de crochet &quot;M et Mme No\u00ebl&quot; ici. Le mod\u00e8le du P\u00e8re No\u00ebl et de sa femme, facile \u00e0 suivre, est \u00e9galement disponible sur Haked.nl et Etsy.\" \/>\n<meta property=\"og:url\" content=\"https:\/\/craftygenesindonesia.com\/fr\/shop\/ensembles\/mme-mrs-claus\/\" \/>\n<meta property=\"og:site_name\" content=\"Craftygenesindonesia\" \/>\n<meta property=\"article:modified_time\" content=\"2025-11-26T23:01:32+00:00\" \/>\n<meta property=\"og:image\" content=\"https:\/\/craftygenesindonesia.com\/wp-content\/uploads\/2022\/06\/Mr-Mrs-Claus-1.jpg\" \/>\n\t<meta property=\"og:image:width\" content=\"1080\" \/>\n\t<meta property=\"og:image:height\" content=\"1080\" \/>\n\t<meta property=\"og:image:type\" content=\"image\/jpeg\" \/>\n<meta name=\"twitter:card\" content=\"summary_large_image\" \/>\n<meta name=\"twitter:label1\" content=\"Dur\u00e9e de lecture estim\u00e9e\" \/>\n\t<meta name=\"twitter:data1\" content=\"2 minutes\" \/>\n<script type=\"application\/ld+json\" class=\"yoast-schema-graph\">{\"@context\":\"https:\\\/\\\/schema.org\",\"@graph\":[{\"@type\":\"WebPage\",\"@id\":\"https:\\\/\\\/craftygenesindonesia.com\\\/fr\\\/shop\\\/ensembles\\\/mme-mrs-claus\\\/\",\"url\":\"https:\\\/\\\/craftygenesindonesia.com\\\/fr\\\/shop\\\/ensembles\\\/mme-mrs-claus\\\/\",\"name\":\"M et Mme No\u00ebl mod\u00e8le de crochet - Craftygenesindonesia\",\"isPartOf\":{\"@id\":\"https:\\\/\\\/craftygenesindonesia.com\\\/fr\\\/#website\"},\"primaryImageOfPage\":{\"@id\":\"https:\\\/\\\/craftygenesindonesia.com\\\/fr\\\/shop\\\/ensembles\\\/mme-mrs-claus\\\/#primaryimage\"},\"image\":{\"@id\":\"https:\\\/\\\/craftygenesindonesia.com\\\/fr\\\/shop\\\/ensembles\\\/mme-mrs-claus\\\/#primaryimage\"},\"thumbnailUrl\":\"https:\\\/\\\/craftygenesindonesia.com\\\/wp-content\\\/uploads\\\/2022\\\/06\\\/Mr-Mrs-Claus-1.jpg\",\"datePublished\":\"2022-06-24T12:14:07+00:00\",\"dateModified\":\"2025-11-26T23:01:32+00:00\",\"description\":\"Achetez mon mod\u00e8le de crochet \\\"M et Mme No\u00ebl\\\" ici. Le mod\u00e8le du P\u00e8re No\u00ebl et de sa femme, facile \u00e0 suivre, est \u00e9galement disponible sur Haked.nl et Etsy.\",\"breadcrumb\":{\"@id\":\"https:\\\/\\\/craftygenesindonesia.com\\\/fr\\\/shop\\\/ensembles\\\/mme-mrs-claus\\\/#breadcrumb\"},\"inLanguage\":\"fr-FR\",\"potentialAction\":[{\"@type\":\"ReadAction\",\"target\":[\"https:\\\/\\\/craftygenesindonesia.com\\\/fr\\\/shop\\\/ensembles\\\/mme-mrs-claus\\\/\"]}]},{\"@type\":\"ImageObject\",\"inLanguage\":\"fr-FR\",\"@id\":\"https:\\\/\\\/craftygenesindonesia.com\\\/fr\\\/shop\\\/ensembles\\\/mme-mrs-claus\\\/#primaryimage\",\"url\":\"https:\\\/\\\/craftygenesindonesia.com\\\/wp-content\\\/uploads\\\/2022\\\/06\\\/Mr-Mrs-Claus-1.jpg\",\"contentUrl\":\"https:\\\/\\\/craftygenesindonesia.com\\\/wp-content\\\/uploads\\\/2022\\\/06\\\/Mr-Mrs-Claus-1.jpg\",\"width\":1080,\"height\":1080,\"caption\":\"crochet Santa & Mrs Claus dolls\"},{\"@type\":\"BreadcrumbList\",\"@id\":\"https:\\\/\\\/craftygenesindonesia.com\\\/fr\\\/shop\\\/ensembles\\\/mme-mrs-claus\\\/#breadcrumb\",\"itemListElement\":[{\"@type\":\"ListItem\",\"position\":1,\"name\":\"Home\",\"item\":\"https:\\\/\\\/craftygenesindonesia.com\\\/fr\\\/\"},{\"@type\":\"ListItem\",\"position\":2,\"name\":\"Boutique de mod\u00e8les\",\"item\":\"https:\\\/\\\/craftygenesindonesia.com\\\/fr\\\/boutique\\\/\"},{\"@type\":\"ListItem\",\"position\":3,\"name\":\"M et Mme No\u00ebl\"}]},{\"@type\":\"WebSite\",\"@id\":\"https:\\\/\\\/craftygenesindonesia.com\\\/fr\\\/#website\",\"url\":\"https:\\\/\\\/craftygenesindonesia.com\\\/fr\\\/\",\"name\":\"Craftygenesindonesia\",\"description\":\"\",\"publisher\":{\"@id\":\"https:\\\/\\\/craftygenesindonesia.com\\\/fr\\\/#organization\"},\"potentialAction\":[{\"@type\":\"SearchAction\",\"target\":{\"@type\":\"EntryPoint\",\"urlTemplate\":\"https:\\\/\\\/craftygenesindonesia.com\\\/fr\\\/?s={search_term_string}\"},\"query-input\":{\"@type\":\"PropertyValueSpecification\",\"valueRequired\":true,\"valueName\":\"search_term_string\"}}],\"inLanguage\":\"fr-FR\"},{\"@type\":\"Organization\",\"@id\":\"https:\\\/\\\/craftygenesindonesia.com\\\/fr\\\/#organization\",\"name\":\"Craftygenesindonesia\",\"url\":\"https:\\\/\\\/craftygenesindonesia.com\\\/fr\\\/\",\"logo\":{\"@type\":\"ImageObject\",\"inLanguage\":\"fr-FR\",\"@id\":\"https:\\\/\\\/craftygenesindonesia.com\\\/fr\\\/#\\\/schema\\\/logo\\\/image\\\/\",\"url\":\"https:\\\/\\\/craftygenesindonesia.com\\\/wp-content\\\/uploads\\\/2025\\\/11\\\/cropped-Copy-of-Craftygenesindonesia.jpg\",\"contentUrl\":\"https:\\\/\\\/craftygenesindonesia.com\\\/wp-content\\\/uploads\\\/2025\\\/11\\\/cropped-Copy-of-Craftygenesindonesia.jpg\",\"width\":180,\"height\":60,\"caption\":\"Craftygenesindonesia\"},\"image\":{\"@id\":\"https:\\\/\\\/craftygenesindonesia.com\\\/fr\\\/#\\\/schema\\\/logo\\\/image\\\/\"}}]}<\/script>\n<!-- \/ Yoast SEO plugin. -->","yoast_head_json":{"title":"M et Mme No\u00ebl mod\u00e8le de crochet - Craftygenesindonesia","description":"Achetez mon mod\u00e8le de crochet \"M et Mme No\u00ebl\" ici. Le mod\u00e8le du P\u00e8re No\u00ebl et de sa femme, facile \u00e0 suivre, est \u00e9galement disponible sur Haked.nl et Etsy.","robots":{"index":"index","follow":"follow","max-snippet":"max-snippet:-1","max-image-preview":"max-image-preview:large","max-video-preview":"max-video-preview:-1"},"canonical":"https:\/\/craftygenesindonesia.com\/fr\/shop\/ensembles\/mme-mrs-claus\/","og_locale":"fr_FR","og_type":"article","og_title":"Mod\u00e8le de crochet \"M et Mme No\u00ebl\"","og_description":"Achetez mon mod\u00e8le de crochet \"M et Mme No\u00ebl\" ici. Le mod\u00e8le du P\u00e8re No\u00ebl et de sa femme, facile \u00e0 suivre, est \u00e9galement disponible sur Haked.nl et Etsy.","og_url":"https:\/\/craftygenesindonesia.com\/fr\/shop\/ensembles\/mme-mrs-claus\/","og_site_name":"Craftygenesindonesia","article_modified_time":"2025-11-26T23:01:32+00:00","og_image":[{"width":1080,"height":1080,"url":"https:\/\/craftygenesindonesia.com\/wp-content\/uploads\/2022\/06\/Mr-Mrs-Claus-1.jpg","type":"image\/jpeg"}],"twitter_card":"summary_large_image","twitter_misc":{"Dur\u00e9e de lecture estim\u00e9e":"2 minutes"},"schema":{"@context":"https:\/\/schema.org","@graph":[{"@type":"WebPage","@id":"https:\/\/craftygenesindonesia.com\/fr\/shop\/ensembles\/mme-mrs-claus\/","url":"https:\/\/craftygenesindonesia.com\/fr\/shop\/ensembles\/mme-mrs-claus\/","name":"M et Mme No\u00ebl mod\u00e8le de crochet - Craftygenesindonesia","isPartOf":{"@id":"https:\/\/craftygenesindonesia.com\/fr\/#website"},"primaryImageOfPage":{"@id":"https:\/\/craftygenesindonesia.com\/fr\/shop\/ensembles\/mme-mrs-claus\/#primaryimage"},"image":{"@id":"https:\/\/craftygenesindonesia.com\/fr\/shop\/ensembles\/mme-mrs-claus\/#primaryimage"},"thumbnailUrl":"https:\/\/craftygenesindonesia.com\/wp-content\/uploads\/2022\/06\/Mr-Mrs-Claus-1.jpg","datePublished":"2022-06-24T12:14:07+00:00","dateModified":"2025-11-26T23:01:32+00:00","description":"Achetez mon mod\u00e8le de crochet \"M et Mme No\u00ebl\" ici. Le mod\u00e8le du P\u00e8re No\u00ebl et de sa femme, facile \u00e0 suivre, est \u00e9galement disponible sur Haked.nl et Etsy.","breadcrumb":{"@id":"https:\/\/craftygenesindonesia.com\/fr\/shop\/ensembles\/mme-mrs-claus\/#breadcrumb"},"inLanguage":"fr-FR","potentialAction":[{"@type":"ReadAction","target":["https:\/\/craftygenesindonesia.com\/fr\/shop\/ensembles\/mme-mrs-claus\/"]}]},{"@type":"ImageObject","inLanguage":"fr-FR","@id":"https:\/\/craftygenesindonesia.com\/fr\/shop\/ensembles\/mme-mrs-claus\/#primaryimage","url":"https:\/\/craftygenesindonesia.com\/wp-content\/uploads\/2022\/06\/Mr-Mrs-Claus-1.jpg","contentUrl":"https:\/\/craftygenesindonesia.com\/wp-content\/uploads\/2022\/06\/Mr-Mrs-Claus-1.jpg","width":1080,"height":1080,"caption":"crochet Santa & Mrs Claus dolls"},{"@type":"BreadcrumbList","@id":"https:\/\/craftygenesindonesia.com\/fr\/shop\/ensembles\/mme-mrs-claus\/#breadcrumb","itemListElement":[{"@type":"ListItem","position":1,"name":"Home","item":"https:\/\/craftygenesindonesia.com\/fr\/"},{"@type":"ListItem","position":2,"name":"Boutique de mod\u00e8les","item":"https:\/\/craftygenesindonesia.com\/fr\/boutique\/"},{"@type":"ListItem","position":3,"name":"M et Mme No\u00ebl"}]},{"@type":"WebSite","@id":"https:\/\/craftygenesindonesia.com\/fr\/#website","url":"https:\/\/craftygenesindonesia.com\/fr\/","name":"Craftygenesindonesia","description":"","publisher":{"@id":"https:\/\/craftygenesindonesia.com\/fr\/#organization"},"potentialAction":[{"@type":"SearchAction","target":{"@type":"EntryPoint","urlTemplate":"https:\/\/craftygenesindonesia.com\/fr\/?s={search_term_string}"},"query-input":{"@type":"PropertyValueSpecification","valueRequired":true,"valueName":"search_term_string"}}],"inLanguage":"fr-FR"},{"@type":"Organization","@id":"https:\/\/craftygenesindonesia.com\/fr\/#organization","name":"Craftygenesindonesia","url":"https:\/\/craftygenesindonesia.com\/fr\/","logo":{"@type":"ImageObject","inLanguage":"fr-FR","@id":"https:\/\/craftygenesindonesia.com\/fr\/#\/schema\/logo\/image\/","url":"https:\/\/craftygenesindonesia.com\/wp-content\/uploads\/2025\/11\/cropped-Copy-of-Craftygenesindonesia.jpg","contentUrl":"https:\/\/craftygenesindonesia.com\/wp-content\/uploads\/2025\/11\/cropped-Copy-of-Craftygenesindonesia.jpg","width":180,"height":60,"caption":"Craftygenesindonesia"},"image":{"@id":"https:\/\/craftygenesindonesia.com\/fr\/#\/schema\/logo\/image\/"}}]}},"_links":{"self":[{"href":"https:\/\/craftygenesindonesia.com\/fr\/wp-json\/wp\/v2\/product\/19279","targetHints":{"allow":["GET"]}}],"collection":[{"href":"https:\/\/craftygenesindonesia.com\/fr\/wp-json\/wp\/v2\/product"}],"about":[{"href":"https:\/\/craftygenesindonesia.com\/fr\/wp-json\/wp\/v2\/types\/product"}],"replies":[{"embeddable":true,"href":"https:\/\/craftygenesindonesia.com\/fr\/wp-json\/wp\/v2\/comments?post=19279"}],"wp:featuredmedia":[{"embeddable":true,"href":"https:\/\/craftygenesindonesia.com\/fr\/wp-json\/wp\/v2\/media\/987535533"}],"wp:attachment":[{"href":"https:\/\/craftygenesindonesia.com\/fr\/wp-json\/wp\/v2\/media?parent=19279"}],"wp:term":[{"taxonomy":"product_brand","embeddable":true,"href":"https:\/\/craftygenesindonesia.com\/fr\/wp-json\/wp\/v2\/product_brand?post=19279"},{"taxonomy":"product_cat","embeddable":true,"href":"https:\/\/craftygenesindonesia.com\/fr\/wp-json\/wp\/v2\/product_cat?post=19279"},{"taxonomy":"product_tag","embeddable":true,"href":"https:\/\/craftygenesindonesia.com\/fr\/wp-json\/wp\/v2\/product_tag?post=19279"}],"curies":[{"name":"wp","href":"https:\/\/api.w.org\/{rel}","templated":true}]}}