{"id":19227,"date":"2022-06-24T09:14:31","date_gmt":"2022-06-24T01:14:31","guid":{"rendered":"https:\/\/craftygenesindonesia.com\/?post_type=product&#038;p=19227"},"modified":"2025-12-05T08:20:15","modified_gmt":"2025-12-05T00:20:15","slug":"le-chameau","status":"publish","type":"product","link":"https:\/\/craftygenesindonesia.com\/fr\/shop\/animaux\/le-chameau\/","title":{"rendered":"Le chameau"},"content":{"rendered":"<p><strong>Chameau de la Nativit\u00e9<\/strong><\/p>\n<p>Type de fichier : patron au crochet &#8211; t\u00e9l\u00e9chargement num\u00e9rique, pas un objet physique<br \/>\n<strong>Langues disponibles : anglais, n\u00e9erlandais, fran\u00e7ais, espagnol, portugais, allemand, italien<\/strong><\/p>\n<p>Taille de l&#8217;objet fini : 19 cm (7,5 pouces) de haut<\/p>\n<p>Type de fil : fil de type \u00ab fingering \u00bb = taille 3<br \/>\nMarques recommand\u00e9es : Catona de Scheepjes, Durable Coral<br \/>\nCouleurs de fil n\u00e9cessaires : brun pain d&#8217;\u00e9pice, violet, orange, rouge, bleu, or m\u00e9tallique, brun fonc\u00e9.<\/p>\n<p>Crochet : 2 mm.<\/p>\n<p>&nbsp;<\/p>\n<p><strong>Informations sur les droits d&#8217;auteur et aide :<\/strong><br \/>\nCe patron est un patron \u00e9crit (num\u00e9rique) accompagn\u00e9 de nombreuses photos pour vous aider. Si vous avez des questions sur le patron, envoyez-moi un e-mail \u00e0 craftygenesindonesia@gmail.com.<\/p>\n<p><strong>Ce patron de crochet num\u00e9rique est r\u00e9serv\u00e9 \u00e0 un usage personnel et est prot\u00e9g\u00e9 par des droits d&#8217;auteur. Par cons\u00e9quent, vous ne pouvez en aucun cas le copier, le vendre, le revendre, le traduire, le revendiquer comme votre propre cr\u00e9ation, le distribuer, le partager, le publier, le poster, etc. sans mon autorisation. M\u00eame partiellement !<\/strong><\/p>\n<p><strong>Vous \u00eates autoris\u00e9 \u00e0 vendre le produit ou l&#8217;article fini, en petites quantit\u00e9s, mais vous n&#8217;\u00eates pas autoris\u00e9 \u00e0 vendre le patron de crochet lui-m\u00eame ! Veuillez mentionner que le patron de crochet est de moi, Craftygenesindonesia, et indiquer o\u00f9 il peut \u00eatre achet\u00e9.<\/strong><\/p>\n","protected":false},"excerpt":{"rendered":"<p>Voici un patron de crochet facile \u00e0 suivre pour mon chameau de la nativit\u00e9.\u00a0 Il fait partie de ma <a href=\"https:\/\/craftygenesindonesia.com\/fr\/produit\/la-creche-craftygenesindonesia\/\" target=\"_blank\" rel=\"noopener\">cr\u00e8che Craftygenesindonesia.<\/a><\/p>\n","protected":false},"featured_media":987535618,"comment_status":"open","ping_status":"closed","template":"","meta":{"_acf_changed":false},"product_brand":[],"product_cat":[3643,3653,3647],"product_tag":[11075,10331,12075,12070],"class_list":{"0":"post-19227","1":"product","2":"type-product","3":"status-publish","4":"has-post-thumbnail","6":"product_cat-animaux","7":"product_cat-noel","8":"product_cat-creches","9":"product_tag-animal-du-desert","10":"product_tag-chameau-fr","11":"product_tag-nativity-fr","12":"product_tag-nativity-set-fr","13":"pa_available_on-craftygenesindonesia","14":"pa_available_on-etsy","15":"pa_available_on-haked-nl","16":"pa_available_on-payhip","17":"pa_available_on-ravelry","18":"pa_languages-allemand","19":"pa_languages-americain","20":"pa_languages-espagnol","21":"pa_languages-francais","22":"pa_languages-italien","23":"pa_languages-neerlandais","24":"pa_languages-portugais","26":"first","27":"instock","28":"downloadable","29":"virtual","30":"purchasable","31":"product-type-simple"},"acf":[],"yoast_head":"<!-- This site is optimized with the Yoast SEO plugin v27.3 - https:\/\/yoast.com\/product\/yoast-seo-wordpress\/ -->\n<title>Le chameau mod\u00e8le de crochet - Craftygenesindonesia<\/title>\n<meta name=\"description\" content=\"Achetez mon mod\u00e8le de crochet pour la cr\u00e8che &quot;Le chameau&quot; ici. Le mod\u00e8le de crochet est \u00e9galement disponible sur Etsy, Haked.nl, Ravelry, Payhip\" \/>\n<meta name=\"robots\" content=\"index, follow, max-snippet:-1, max-image-preview:large, max-video-preview:-1\" \/>\n<link rel=\"canonical\" href=\"https:\/\/craftygenesindonesia.com\/fr\/shop\/animaux\/le-chameau\/\" \/>\n<meta property=\"og:locale\" content=\"fr_FR\" \/>\n<meta property=\"og:type\" content=\"article\" \/>\n<meta property=\"og:title\" content=\"&quot;Le chameau&quot; - Mod\u00e8le de crochet pour la cr\u00e8che\" \/>\n<meta property=\"og:description\" content=\"Achetez mon mod\u00e8le de crochet pour la cr\u00e8che &quot;Le chameau&quot; ici. Le mod\u00e8le de crochet est \u00e9galement disponible sur Etsy, Haked.nl, Ravelry, Payhip\" \/>\n<meta property=\"og:url\" content=\"https:\/\/craftygenesindonesia.com\/fr\/shop\/animaux\/le-chameau\/\" \/>\n<meta property=\"og:site_name\" content=\"Craftygenesindonesia\" \/>\n<meta property=\"article:modified_time\" content=\"2025-12-05T00:20:15+00:00\" \/>\n<meta property=\"og:image\" content=\"https:\/\/craftygenesindonesia.com\/wp-content\/uploads\/2022\/06\/2-4.jpg\" \/>\n\t<meta property=\"og:image:width\" content=\"1080\" \/>\n\t<meta property=\"og:image:height\" content=\"1080\" \/>\n\t<meta property=\"og:image:type\" content=\"image\/jpeg\" \/>\n<meta name=\"twitter:card\" content=\"summary_large_image\" \/>\n<meta name=\"twitter:label1\" content=\"Dur\u00e9e de lecture estim\u00e9e\" \/>\n\t<meta name=\"twitter:data1\" content=\"2 minutes\" \/>\n<script type=\"application\/ld+json\" class=\"yoast-schema-graph\">{\"@context\":\"https:\\\/\\\/schema.org\",\"@graph\":[{\"@type\":\"WebPage\",\"@id\":\"https:\\\/\\\/craftygenesindonesia.com\\\/fr\\\/shop\\\/animaux\\\/le-chameau\\\/\",\"url\":\"https:\\\/\\\/craftygenesindonesia.com\\\/fr\\\/shop\\\/animaux\\\/le-chameau\\\/\",\"name\":\"Le chameau mod\u00e8le de crochet - Craftygenesindonesia\",\"isPartOf\":{\"@id\":\"https:\\\/\\\/craftygenesindonesia.com\\\/fr\\\/#website\"},\"primaryImageOfPage\":{\"@id\":\"https:\\\/\\\/craftygenesindonesia.com\\\/fr\\\/shop\\\/animaux\\\/le-chameau\\\/#primaryimage\"},\"image\":{\"@id\":\"https:\\\/\\\/craftygenesindonesia.com\\\/fr\\\/shop\\\/animaux\\\/le-chameau\\\/#primaryimage\"},\"thumbnailUrl\":\"https:\\\/\\\/craftygenesindonesia.com\\\/wp-content\\\/uploads\\\/2022\\\/06\\\/1-4.jpg\",\"datePublished\":\"2022-06-24T01:14:31+00:00\",\"dateModified\":\"2025-12-05T00:20:15+00:00\",\"description\":\"Achetez mon mod\u00e8le de crochet pour la cr\u00e8che \\\"Le chameau\\\" ici. Le mod\u00e8le de crochet est \u00e9galement disponible sur Etsy, Haked.nl, Ravelry, Payhip\",\"breadcrumb\":{\"@id\":\"https:\\\/\\\/craftygenesindonesia.com\\\/fr\\\/shop\\\/animaux\\\/le-chameau\\\/#breadcrumb\"},\"inLanguage\":\"fr-FR\",\"potentialAction\":[{\"@type\":\"ReadAction\",\"target\":[\"https:\\\/\\\/craftygenesindonesia.com\\\/fr\\\/shop\\\/animaux\\\/le-chameau\\\/\"]}]},{\"@type\":\"ImageObject\",\"inLanguage\":\"fr-FR\",\"@id\":\"https:\\\/\\\/craftygenesindonesia.com\\\/fr\\\/shop\\\/animaux\\\/le-chameau\\\/#primaryimage\",\"url\":\"https:\\\/\\\/craftygenesindonesia.com\\\/wp-content\\\/uploads\\\/2022\\\/06\\\/1-4.jpg\",\"contentUrl\":\"https:\\\/\\\/craftygenesindonesia.com\\\/wp-content\\\/uploads\\\/2022\\\/06\\\/1-4.jpg\",\"width\":1080,\"height\":1080,\"caption\":\"crochet camel doll\"},{\"@type\":\"BreadcrumbList\",\"@id\":\"https:\\\/\\\/craftygenesindonesia.com\\\/fr\\\/shop\\\/animaux\\\/le-chameau\\\/#breadcrumb\",\"itemListElement\":[{\"@type\":\"ListItem\",\"position\":1,\"name\":\"Home\",\"item\":\"https:\\\/\\\/craftygenesindonesia.com\\\/fr\\\/\"},{\"@type\":\"ListItem\",\"position\":2,\"name\":\"Boutique de mod\u00e8les\",\"item\":\"https:\\\/\\\/craftygenesindonesia.com\\\/fr\\\/boutique\\\/\"},{\"@type\":\"ListItem\",\"position\":3,\"name\":\"Le chameau\"}]},{\"@type\":\"WebSite\",\"@id\":\"https:\\\/\\\/craftygenesindonesia.com\\\/fr\\\/#website\",\"url\":\"https:\\\/\\\/craftygenesindonesia.com\\\/fr\\\/\",\"name\":\"Craftygenesindonesia\",\"description\":\"\",\"publisher\":{\"@id\":\"https:\\\/\\\/craftygenesindonesia.com\\\/fr\\\/#organization\"},\"potentialAction\":[{\"@type\":\"SearchAction\",\"target\":{\"@type\":\"EntryPoint\",\"urlTemplate\":\"https:\\\/\\\/craftygenesindonesia.com\\\/fr\\\/?s={search_term_string}\"},\"query-input\":{\"@type\":\"PropertyValueSpecification\",\"valueRequired\":true,\"valueName\":\"search_term_string\"}}],\"inLanguage\":\"fr-FR\"},{\"@type\":\"Organization\",\"@id\":\"https:\\\/\\\/craftygenesindonesia.com\\\/fr\\\/#organization\",\"name\":\"Craftygenesindonesia\",\"url\":\"https:\\\/\\\/craftygenesindonesia.com\\\/fr\\\/\",\"logo\":{\"@type\":\"ImageObject\",\"inLanguage\":\"fr-FR\",\"@id\":\"https:\\\/\\\/craftygenesindonesia.com\\\/fr\\\/#\\\/schema\\\/logo\\\/image\\\/\",\"url\":\"https:\\\/\\\/craftygenesindonesia.com\\\/wp-content\\\/uploads\\\/2025\\\/11\\\/cropped-Copy-of-Craftygenesindonesia.jpg\",\"contentUrl\":\"https:\\\/\\\/craftygenesindonesia.com\\\/wp-content\\\/uploads\\\/2025\\\/11\\\/cropped-Copy-of-Craftygenesindonesia.jpg\",\"width\":180,\"height\":60,\"caption\":\"Craftygenesindonesia\"},\"image\":{\"@id\":\"https:\\\/\\\/craftygenesindonesia.com\\\/fr\\\/#\\\/schema\\\/logo\\\/image\\\/\"}}]}<\/script>\n<!-- \/ Yoast SEO plugin. -->","yoast_head_json":{"title":"Le chameau mod\u00e8le de crochet - Craftygenesindonesia","description":"Achetez mon mod\u00e8le de crochet pour la cr\u00e8che \"Le chameau\" ici. Le mod\u00e8le de crochet est \u00e9galement disponible sur Etsy, Haked.nl, Ravelry, Payhip","robots":{"index":"index","follow":"follow","max-snippet":"max-snippet:-1","max-image-preview":"max-image-preview:large","max-video-preview":"max-video-preview:-1"},"canonical":"https:\/\/craftygenesindonesia.com\/fr\/shop\/animaux\/le-chameau\/","og_locale":"fr_FR","og_type":"article","og_title":"\"Le chameau\" - Mod\u00e8le de crochet pour la cr\u00e8che","og_description":"Achetez mon mod\u00e8le de crochet pour la cr\u00e8che \"Le chameau\" ici. Le mod\u00e8le de crochet est \u00e9galement disponible sur Etsy, Haked.nl, Ravelry, Payhip","og_url":"https:\/\/craftygenesindonesia.com\/fr\/shop\/animaux\/le-chameau\/","og_site_name":"Craftygenesindonesia","article_modified_time":"2025-12-05T00:20:15+00:00","og_image":[{"width":1080,"height":1080,"url":"https:\/\/craftygenesindonesia.com\/wp-content\/uploads\/2022\/06\/2-4.jpg","type":"image\/jpeg"}],"twitter_card":"summary_large_image","twitter_misc":{"Dur\u00e9e de lecture estim\u00e9e":"2 minutes"},"schema":{"@context":"https:\/\/schema.org","@graph":[{"@type":"WebPage","@id":"https:\/\/craftygenesindonesia.com\/fr\/shop\/animaux\/le-chameau\/","url":"https:\/\/craftygenesindonesia.com\/fr\/shop\/animaux\/le-chameau\/","name":"Le chameau mod\u00e8le de crochet - Craftygenesindonesia","isPartOf":{"@id":"https:\/\/craftygenesindonesia.com\/fr\/#website"},"primaryImageOfPage":{"@id":"https:\/\/craftygenesindonesia.com\/fr\/shop\/animaux\/le-chameau\/#primaryimage"},"image":{"@id":"https:\/\/craftygenesindonesia.com\/fr\/shop\/animaux\/le-chameau\/#primaryimage"},"thumbnailUrl":"https:\/\/craftygenesindonesia.com\/wp-content\/uploads\/2022\/06\/1-4.jpg","datePublished":"2022-06-24T01:14:31+00:00","dateModified":"2025-12-05T00:20:15+00:00","description":"Achetez mon mod\u00e8le de crochet pour la cr\u00e8che \"Le chameau\" ici. Le mod\u00e8le de crochet est \u00e9galement disponible sur Etsy, Haked.nl, Ravelry, Payhip","breadcrumb":{"@id":"https:\/\/craftygenesindonesia.com\/fr\/shop\/animaux\/le-chameau\/#breadcrumb"},"inLanguage":"fr-FR","potentialAction":[{"@type":"ReadAction","target":["https:\/\/craftygenesindonesia.com\/fr\/shop\/animaux\/le-chameau\/"]}]},{"@type":"ImageObject","inLanguage":"fr-FR","@id":"https:\/\/craftygenesindonesia.com\/fr\/shop\/animaux\/le-chameau\/#primaryimage","url":"https:\/\/craftygenesindonesia.com\/wp-content\/uploads\/2022\/06\/1-4.jpg","contentUrl":"https:\/\/craftygenesindonesia.com\/wp-content\/uploads\/2022\/06\/1-4.jpg","width":1080,"height":1080,"caption":"crochet camel doll"},{"@type":"BreadcrumbList","@id":"https:\/\/craftygenesindonesia.com\/fr\/shop\/animaux\/le-chameau\/#breadcrumb","itemListElement":[{"@type":"ListItem","position":1,"name":"Home","item":"https:\/\/craftygenesindonesia.com\/fr\/"},{"@type":"ListItem","position":2,"name":"Boutique de mod\u00e8les","item":"https:\/\/craftygenesindonesia.com\/fr\/boutique\/"},{"@type":"ListItem","position":3,"name":"Le chameau"}]},{"@type":"WebSite","@id":"https:\/\/craftygenesindonesia.com\/fr\/#website","url":"https:\/\/craftygenesindonesia.com\/fr\/","name":"Craftygenesindonesia","description":"","publisher":{"@id":"https:\/\/craftygenesindonesia.com\/fr\/#organization"},"potentialAction":[{"@type":"SearchAction","target":{"@type":"EntryPoint","urlTemplate":"https:\/\/craftygenesindonesia.com\/fr\/?s={search_term_string}"},"query-input":{"@type":"PropertyValueSpecification","valueRequired":true,"valueName":"search_term_string"}}],"inLanguage":"fr-FR"},{"@type":"Organization","@id":"https:\/\/craftygenesindonesia.com\/fr\/#organization","name":"Craftygenesindonesia","url":"https:\/\/craftygenesindonesia.com\/fr\/","logo":{"@type":"ImageObject","inLanguage":"fr-FR","@id":"https:\/\/craftygenesindonesia.com\/fr\/#\/schema\/logo\/image\/","url":"https:\/\/craftygenesindonesia.com\/wp-content\/uploads\/2025\/11\/cropped-Copy-of-Craftygenesindonesia.jpg","contentUrl":"https:\/\/craftygenesindonesia.com\/wp-content\/uploads\/2025\/11\/cropped-Copy-of-Craftygenesindonesia.jpg","width":180,"height":60,"caption":"Craftygenesindonesia"},"image":{"@id":"https:\/\/craftygenesindonesia.com\/fr\/#\/schema\/logo\/image\/"}}]}},"_links":{"self":[{"href":"https:\/\/craftygenesindonesia.com\/fr\/wp-json\/wp\/v2\/product\/19227","targetHints":{"allow":["GET"]}}],"collection":[{"href":"https:\/\/craftygenesindonesia.com\/fr\/wp-json\/wp\/v2\/product"}],"about":[{"href":"https:\/\/craftygenesindonesia.com\/fr\/wp-json\/wp\/v2\/types\/product"}],"replies":[{"embeddable":true,"href":"https:\/\/craftygenesindonesia.com\/fr\/wp-json\/wp\/v2\/comments?post=19227"}],"wp:featuredmedia":[{"embeddable":true,"href":"https:\/\/craftygenesindonesia.com\/fr\/wp-json\/wp\/v2\/media\/987535618"}],"wp:attachment":[{"href":"https:\/\/craftygenesindonesia.com\/fr\/wp-json\/wp\/v2\/media?parent=19227"}],"wp:term":[{"taxonomy":"product_brand","embeddable":true,"href":"https:\/\/craftygenesindonesia.com\/fr\/wp-json\/wp\/v2\/product_brand?post=19227"},{"taxonomy":"product_cat","embeddable":true,"href":"https:\/\/craftygenesindonesia.com\/fr\/wp-json\/wp\/v2\/product_cat?post=19227"},{"taxonomy":"product_tag","embeddable":true,"href":"https:\/\/craftygenesindonesia.com\/fr\/wp-json\/wp\/v2\/product_tag?post=19227"}],"curies":[{"name":"wp","href":"https:\/\/api.w.org\/{rel}","templated":true}]}}